{"id":20872,"date":"2025-11-12T15:41:43","date_gmt":"2025-11-12T15:41:43","guid":{"rendered":"https:\/\/veloaxe.com\/?post_type=product&#038;p=20872"},"modified":"2025-11-12T15:49:19","modified_gmt":"2025-11-12T15:49:19","slug":"ruedas-deda-sl5db-disc-50mm","status":"publish","type":"product","link":"https:\/\/veloaxe.com\/fr\/producto\/ruedas-deda-sl5db-disc-50mm\/","title":{"rendered":"RUEDAS DEDA SL5DB DISC 50mm"},"content":{"rendered":"<p>Las ruedas de carbono DEDA SL5DB ofrecen el equilibrio perfecto entre eficiencia aerodin\u00e1mica y practicidad para el uso diario. Con una altura de llanta de 50 mm y un ancho interno de 23 mm, las DEDA SL5DB brindan una sujeci\u00f3n y estabilidad excepcionales para los neum\u00e1ticos, tanto para cubiertas convencionales como tubeless. Fabricadas con fibra de carbono UD y 3K de alto m\u00f3dulo, las SL5 garantizan una rigidez sobresaliente y una transmisi\u00f3n de potencia reactiva, manteniendo un peso ligero de tan solo 1390 grs el par. Equipadas con los nuevos bujes &#8220;Allroad&#8221;, rodamientos de acero y un robusto sistema de doble trinquete de 40 dientes, las SL5 garantizan un rodamiento suave y una transmisi\u00f3n de potencia eficiente.<\/p>\n<p>Materiales: CARBONO<\/p>\n<p>Peso: 1390 gramos<\/p>\n<p>Frenado: CenterLock<\/p>\n<p>Cuerpo del casete: SRAM XD \/ SHIMANO HG 11\/12v<\/p>\n<p>EJE delantero: 12 mm<\/p>\n<p>EJE trasero: 12 mm<\/p>","protected":false},"excerpt":{"rendered":"<p>Las ruedas de carbono DEDA SL5DB ofrecen el equilibrio perfecto entre eficiencia aerodin\u00e1mica y practicidad para el uso diario. Con una altura de llanta de 50 mm y un ancho interno de 23 mm, las DEDA SL5DB brindan una sujeci\u00f3n y estabilidad excepcionales para los neum\u00e1ticos, tanto para cubiertas convencionales como tubeless. Fabricadas con fibra [&hellip;]<\/p>\n","protected":false},"featured_media":20875,"comment_status":"closed","ping_status":"closed","template":"","meta":[],"product_brand":[],"product_cat":[16,38,133],"product_tag":[],"class_list":{"0":"post-20872","1":"product","2":"type-product","3":"status-publish","4":"has-post-thumbnail","6":"product_cat-carretera-gravel-bicicletas","7":"product_cat-ruedas-neumatico-tubular","8":"product_cat-ruedas-carbono-carretera","9":"product_shipping_class-no-bicicletas","11":"first","12":"instock","13":"sale","14":"shipping-taxable","15":"purchasable","16":"product-type-variable"},"yoast_head":"<!-- This site is optimized with the Yoast SEO plugin v27.6 - https:\/\/yoast.com\/product\/yoast-seo-wordpress\/ -->\n<title>RUEDAS DEDA SL5DB DISC 50mm - Tienda de bicicletas | VELOAXE<\/title>\n<meta name=\"description\" content=\"Ruedas DEDA SL5DB DISC 50 mm TBL - la opci\u00f3n perfecta para mejorar el rendimiento de tu bicicleta de carretera o Triatlon de disco.\" \/>\n<meta name=\"robots\" content=\"index, follow, max-snippet:-1, max-image-preview:large, max-video-preview:-1\" \/>\n<link rel=\"canonical\" href=\"https:\/\/veloaxe.com\/fr\/produit\/ruedas-deda-sl5db-disc-50mm\/\" \/>\n<meta property=\"og:locale\" content=\"fr_FR\" \/>\n<meta property=\"og:type\" content=\"article\" \/>\n<meta property=\"og:title\" content=\"RUEDAS DEDA SL5DB DISC 50mm - Tienda de bicicletas | VELOAXE\" \/>\n<meta property=\"og:description\" content=\"Ruedas DEDA SL5DB DISC 50 mm TBL - la opci\u00f3n perfecta para mejorar el rendimiento de tu bicicleta de carretera o Triatlon de disco.\" \/>\n<meta property=\"og:url\" content=\"https:\/\/veloaxe.com\/fr\/produit\/ruedas-deda-sl5db-disc-50mm\/\" \/>\n<meta property=\"og:site_name\" content=\"Tienda de bicicletas | VELOAXE\" \/>\n<meta property=\"article:publisher\" content=\"https:\/\/www.facebook.com\/veloaxe\" \/>\n<meta property=\"article:modified_time\" content=\"2025-11-12T15:49:19+00:00\" \/>\n<meta property=\"og:image\" content=\"https:\/\/veloaxe.com\/wp-content\/uploads\/2025\/11\/Ruedas-deda-sl5db-disco.jpg\" \/>\n\t<meta property=\"og:image:width\" content=\"800\" \/>\n\t<meta property=\"og:image:height\" content=\"800\" \/>\n\t<meta property=\"og:image:type\" content=\"image\/jpeg\" \/>\n<meta name=\"twitter:card\" content=\"summary_large_image\" \/>\n<meta name=\"twitter:label1\" content=\"Dur\u00e9e de lecture estim\u00e9e\" \/>\n\t<meta name=\"twitter:data1\" content=\"1 minute\" \/>\n<script type=\"application\/ld+json\" class=\"yoast-schema-graph\">{\"@context\":\"https:\\\/\\\/schema.org\",\"@graph\":[{\"@type\":\"WebPage\",\"@id\":\"https:\\\/\\\/veloaxe.com\\\/producto\\\/ruedas-deda-sl5db-disc-50mm\\\/\",\"url\":\"https:\\\/\\\/veloaxe.com\\\/producto\\\/ruedas-deda-sl5db-disc-50mm\\\/\",\"name\":\"RUEDAS DEDA SL5DB DISC 50mm - Tienda de bicicletas | VELOAXE\",\"isPartOf\":{\"@id\":\"https:\\\/\\\/veloaxe.com\\\/#website\"},\"primaryImageOfPage\":{\"@id\":\"https:\\\/\\\/veloaxe.com\\\/producto\\\/ruedas-deda-sl5db-disc-50mm\\\/#primaryimage\"},\"image\":{\"@id\":\"https:\\\/\\\/veloaxe.com\\\/producto\\\/ruedas-deda-sl5db-disc-50mm\\\/#primaryimage\"},\"thumbnailUrl\":\"https:\\\/\\\/veloaxe.com\\\/wp-content\\\/uploads\\\/2025\\\/11\\\/Ruedas-deda-sl5db-disco.jpg\",\"datePublished\":\"2025-11-12T15:41:43+00:00\",\"dateModified\":\"2025-11-12T15:49:19+00:00\",\"description\":\"Ruedas DEDA SL5DB DISC 50 mm TBL - la opci\u00f3n perfecta para mejorar el rendimiento de tu bicicleta de carretera o Triatlon de disco.\",\"breadcrumb\":{\"@id\":\"https:\\\/\\\/veloaxe.com\\\/producto\\\/ruedas-deda-sl5db-disc-50mm\\\/#breadcrumb\"},\"inLanguage\":\"fr-FR\",\"potentialAction\":[{\"@type\":\"ReadAction\",\"target\":[\"https:\\\/\\\/veloaxe.com\\\/producto\\\/ruedas-deda-sl5db-disc-50mm\\\/\"]}]},{\"@type\":\"ImageObject\",\"inLanguage\":\"fr-FR\",\"@id\":\"https:\\\/\\\/veloaxe.com\\\/producto\\\/ruedas-deda-sl5db-disc-50mm\\\/#primaryimage\",\"url\":\"https:\\\/\\\/veloaxe.com\\\/wp-content\\\/uploads\\\/2025\\\/11\\\/Ruedas-deda-sl5db-disco.jpg\",\"contentUrl\":\"https:\\\/\\\/veloaxe.com\\\/wp-content\\\/uploads\\\/2025\\\/11\\\/Ruedas-deda-sl5db-disco.jpg\",\"width\":800,\"height\":800,\"caption\":\"Ruedas-deda-sl5db-disco\"},{\"@type\":\"BreadcrumbList\",\"@id\":\"https:\\\/\\\/veloaxe.com\\\/producto\\\/ruedas-deda-sl5db-disc-50mm\\\/#breadcrumb\",\"itemListElement\":[{\"@type\":\"ListItem\",\"position\":1,\"name\":\"Portada\",\"item\":\"https:\\\/\\\/veloaxe.com\\\/\"},{\"@type\":\"ListItem\",\"position\":2,\"name\":\"Shop\",\"item\":\"https:\\\/\\\/paleturquoise-herring-271034.hostingersite.com\\\/shop\\\/\"},{\"@type\":\"ListItem\",\"position\":3,\"name\":\"RUEDAS DEDA SL5DB DISC 50mm\"}]},{\"@type\":\"WebSite\",\"@id\":\"https:\\\/\\\/veloaxe.com\\\/#website\",\"url\":\"https:\\\/\\\/veloaxe.com\\\/\",\"name\":\"Tienda de bicicletas | VELOAXE\",\"description\":\"Descubre una amplia selecci\u00f3n de bicicletas de alta calidad, desde modelos urbanos y de monta\u00f1a hasta bicicletas de carretera de \u00faltima generaci\u00f3n. Con un servicio experto y accesorios especializados, estamos comprometidos a brindarte la mejor experiencia ciclista.\",\"publisher\":{\"@id\":\"https:\\\/\\\/veloaxe.com\\\/#organization\"},\"potentialAction\":[{\"@type\":\"SearchAction\",\"target\":{\"@type\":\"EntryPoint\",\"urlTemplate\":\"https:\\\/\\\/veloaxe.com\\\/?s={search_term_string}\"},\"query-input\":{\"@type\":\"PropertyValueSpecification\",\"valueRequired\":true,\"valueName\":\"search_term_string\"}}],\"inLanguage\":\"fr-FR\"},{\"@type\":\"Organization\",\"@id\":\"https:\\\/\\\/veloaxe.com\\\/#organization\",\"name\":\"Tienda de bicicletas | VELOAXE\",\"url\":\"https:\\\/\\\/veloaxe.com\\\/\",\"logo\":{\"@type\":\"ImageObject\",\"inLanguage\":\"fr-FR\",\"@id\":\"https:\\\/\\\/veloaxe.com\\\/#\\\/schema\\\/logo\\\/image\\\/\",\"url\":\"https:\\\/\\\/veloaxe.com\\\/wp-content\\\/uploads\\\/2026\\\/01\\\/cropped-logo-1.jpg\",\"contentUrl\":\"https:\\\/\\\/veloaxe.com\\\/wp-content\\\/uploads\\\/2026\\\/01\\\/cropped-logo-1.jpg\",\"width\":1273,\"height\":363,\"caption\":\"Tienda de bicicletas | VELOAXE\"},\"image\":{\"@id\":\"https:\\\/\\\/veloaxe.com\\\/#\\\/schema\\\/logo\\\/image\\\/\"},\"sameAs\":[\"https:\\\/\\\/www.facebook.com\\\/veloaxe\"]}]}<\/script>\n<!-- \/ Yoast SEO plugin. -->","yoast_head_json":{"title":"RUEDAS DEDA SL5DB DISC 50mm - Tienda de bicicletas | VELOAXE","description":"Ruedas DEDA SL5DB DISC 50 mm TBL - la opci\u00f3n perfecta para mejorar el rendimiento de tu bicicleta de carretera o Triatlon de disco.","robots":{"index":"index","follow":"follow","max-snippet":"max-snippet:-1","max-image-preview":"max-image-preview:large","max-video-preview":"max-video-preview:-1"},"canonical":"https:\/\/veloaxe.com\/fr\/produit\/ruedas-deda-sl5db-disc-50mm\/","og_locale":"fr_FR","og_type":"article","og_title":"RUEDAS DEDA SL5DB DISC 50mm - Tienda de bicicletas | VELOAXE","og_description":"Ruedas DEDA SL5DB DISC 50 mm TBL - la opci\u00f3n perfecta para mejorar el rendimiento de tu bicicleta de carretera o Triatlon de disco.","og_url":"https:\/\/veloaxe.com\/fr\/produit\/ruedas-deda-sl5db-disc-50mm\/","og_site_name":"Tienda de bicicletas | VELOAXE","article_publisher":"https:\/\/www.facebook.com\/veloaxe","article_modified_time":"2025-11-12T15:49:19+00:00","og_image":[{"width":800,"height":800,"url":"https:\/\/veloaxe.com\/wp-content\/uploads\/2025\/11\/Ruedas-deda-sl5db-disco.jpg","type":"image\/jpeg"}],"twitter_card":"summary_large_image","twitter_misc":{"Dur\u00e9e de lecture estim\u00e9e":"1 minute"},"schema":{"@context":"https:\/\/schema.org","@graph":[{"@type":"WebPage","@id":"https:\/\/veloaxe.com\/producto\/ruedas-deda-sl5db-disc-50mm\/","url":"https:\/\/veloaxe.com\/producto\/ruedas-deda-sl5db-disc-50mm\/","name":"RUEDAS DEDA SL5DB DISC 50mm - Tienda de bicicletas | VELOAXE","isPartOf":{"@id":"https:\/\/veloaxe.com\/#website"},"primaryImageOfPage":{"@id":"https:\/\/veloaxe.com\/producto\/ruedas-deda-sl5db-disc-50mm\/#primaryimage"},"image":{"@id":"https:\/\/veloaxe.com\/producto\/ruedas-deda-sl5db-disc-50mm\/#primaryimage"},"thumbnailUrl":"https:\/\/veloaxe.com\/wp-content\/uploads\/2025\/11\/Ruedas-deda-sl5db-disco.jpg","datePublished":"2025-11-12T15:41:43+00:00","dateModified":"2025-11-12T15:49:19+00:00","description":"Ruedas DEDA SL5DB DISC 50 mm TBL - la opci\u00f3n perfecta para mejorar el rendimiento de tu bicicleta de carretera o Triatlon de disco.","breadcrumb":{"@id":"https:\/\/veloaxe.com\/producto\/ruedas-deda-sl5db-disc-50mm\/#breadcrumb"},"inLanguage":"fr-FR","potentialAction":[{"@type":"ReadAction","target":["https:\/\/veloaxe.com\/producto\/ruedas-deda-sl5db-disc-50mm\/"]}]},{"@type":"ImageObject","inLanguage":"fr-FR","@id":"https:\/\/veloaxe.com\/producto\/ruedas-deda-sl5db-disc-50mm\/#primaryimage","url":"https:\/\/veloaxe.com\/wp-content\/uploads\/2025\/11\/Ruedas-deda-sl5db-disco.jpg","contentUrl":"https:\/\/veloaxe.com\/wp-content\/uploads\/2025\/11\/Ruedas-deda-sl5db-disco.jpg","width":800,"height":800,"caption":"Ruedas-deda-sl5db-disco"},{"@type":"BreadcrumbList","@id":"https:\/\/veloaxe.com\/producto\/ruedas-deda-sl5db-disc-50mm\/#breadcrumb","itemListElement":[{"@type":"ListItem","position":1,"name":"Portada","item":"https:\/\/veloaxe.com\/"},{"@type":"ListItem","position":2,"name":"Shop","item":"https:\/\/paleturquoise-herring-271034.hostingersite.com\/shop\/"},{"@type":"ListItem","position":3,"name":"RUEDAS DEDA SL5DB DISC 50mm"}]},{"@type":"WebSite","@id":"https:\/\/veloaxe.com\/#website","url":"https:\/\/veloaxe.com\/","name":"Boutique de v\u00e9lo en ligne | VELOAXE","description":"D\u00e9couvrez une large s\u00e9lection de v\u00e9los de haute qualit\u00e9, des mod\u00e8les urbains et de montagne aux v\u00e9los de route de pointe. Avec un service d'experts et des accessoires sp\u00e9cialis\u00e9s, nous nous engageons \u00e0 vous offrir la meilleure exp\u00e9rience de cyclisme.","publisher":{"@id":"https:\/\/veloaxe.com\/#organization"},"potentialAction":[{"@type":"SearchAction","target":{"@type":"EntryPoint","urlTemplate":"https:\/\/veloaxe.com\/?s={search_term_string}"},"query-input":{"@type":"PropertyValueSpecification","valueRequired":true,"valueName":"search_term_string"}}],"inLanguage":"fr-FR"},{"@type":"Organization","@id":"https:\/\/veloaxe.com\/#organization","name":"Boutique de v\u00e9lo en ligne | VELOAXE","url":"https:\/\/veloaxe.com\/","logo":{"@type":"ImageObject","inLanguage":"fr-FR","@id":"https:\/\/veloaxe.com\/#\/schema\/logo\/image\/","url":"https:\/\/veloaxe.com\/wp-content\/uploads\/2026\/01\/cropped-logo-1.jpg","contentUrl":"https:\/\/veloaxe.com\/wp-content\/uploads\/2026\/01\/cropped-logo-1.jpg","width":1273,"height":363,"caption":"Tienda de bicicletas | VELOAXE"},"image":{"@id":"https:\/\/veloaxe.com\/#\/schema\/logo\/image\/"},"sameAs":["https:\/\/www.facebook.com\/veloaxe"]}]}},"_links":{"self":[{"href":"https:\/\/veloaxe.com\/fr\/wp-json\/wp\/v2\/product\/20872","targetHints":{"allow":["GET"]}}],"collection":[{"href":"https:\/\/veloaxe.com\/fr\/wp-json\/wp\/v2\/product"}],"about":[{"href":"https:\/\/veloaxe.com\/fr\/wp-json\/wp\/v2\/types\/product"}],"replies":[{"embeddable":true,"href":"https:\/\/veloaxe.com\/fr\/wp-json\/wp\/v2\/comments?post=20872"}],"wp:featuredmedia":[{"embeddable":true,"href":"https:\/\/veloaxe.com\/fr\/wp-json\/wp\/v2\/media\/20875"}],"wp:attachment":[{"href":"https:\/\/veloaxe.com\/fr\/wp-json\/wp\/v2\/media?parent=20872"}],"wp:term":[{"taxonomy":"product_brand","embeddable":true,"href":"https:\/\/veloaxe.com\/fr\/wp-json\/wp\/v2\/product_brand?post=20872"},{"taxonomy":"product_cat","embeddable":true,"href":"https:\/\/veloaxe.com\/fr\/wp-json\/wp\/v2\/product_cat?post=20872"},{"taxonomy":"product_tag","embeddable":true,"href":"https:\/\/veloaxe.com\/fr\/wp-json\/wp\/v2\/product_tag?post=20872"}],"curies":[{"name":"wp","href":"https:\/\/api.w.org\/{rel}","templated":true}]}}