{"id":20877,"date":"2025-11-12T15:53:08","date_gmt":"2025-11-12T15:53:08","guid":{"rendered":"https:\/\/veloaxe.com\/?post_type=product&#038;p=20877"},"modified":"2025-11-14T11:23:12","modified_gmt":"2025-11-14T11:23:12","slug":"ruedas-deda-rs3db-disc-30mm","status":"publish","type":"product","link":"https:\/\/veloaxe.com\/fr\/producto\/ruedas-deda-rs3db-disc-30mm\/","title":{"rendered":"RUEDAS DEDA RS3DB DISC 30mm"},"content":{"rendered":"<p>Las nuevas ruedas <strong>DEDA RS3DB<\/strong> son m\u00e1s ligeras y ofrecen un mejor rendimiento gracias a la mejora de los bujes RS. Desarrolladas con equipos profesionales y triatletas de alto rendimiento, estas ruedas son perfectas tanto para competici\u00f3n como para entrenamiento. La llanta soldada de 30 mm incorpora la tecnolog\u00eda tubeless ready, lo que la hace compatible con cubiertas convencionales y tubeless. Los bujes RS, equipados con rodamientos de acero, mejoran notablemente la suavidad de la rueda y garantizan una mejor transmisi\u00f3n de la fuerza de pedaleo. Disponibles en acabado POB (pulido sobre negro).<\/p>\n<p>Materiales: Aluminio<\/p>\n<p>Peso: 1620 gramos<\/p>\n<p>Frenado: CenterLock<\/p>\n<p>Cuerpo del casete: SRAM XD<\/p>\n<p>EJE delantero: 12 mm<\/p>\n<p>EJE trasero: 12 mm<\/p>","protected":false},"excerpt":{"rendered":"<p>Las nuevas ruedas DEDA RS3DB son m\u00e1s ligeras y ofrecen un mejor rendimiento gracias a la mejora de los bujes RS. Desarrolladas con equipos profesionales y triatletas de alto rendimiento, estas ruedas son perfectas tanto para competici\u00f3n como para entrenamiento. La llanta soldada de 30 mm incorpora la tecnolog\u00eda tubeless ready, lo que la hace [&hellip;]<\/p>\n","protected":false},"featured_media":20880,"comment_status":"closed","ping_status":"closed","template":"","meta":[],"product_brand":[],"product_cat":[16,38,45],"product_tag":[],"class_list":{"0":"post-20877","1":"product","2":"type-product","3":"status-publish","4":"has-post-thumbnail","6":"product_cat-carretera-gravel-bicicletas","7":"product_cat-ruedas-neumatico-tubular","8":"product_cat-ruedas-aluminio-carretera","9":"product_shipping_class-no-bicicletas","11":"first","12":"instock","13":"sale","14":"shipping-taxable","15":"purchasable","16":"product-type-variable"},"yoast_head":"<!-- This site is optimized with the Yoast SEO plugin v27.6 - https:\/\/yoast.com\/product\/yoast-seo-wordpress\/ -->\n<title>RUEDAS DEDA RS3DB DISC 30mm - Tienda de bicicletas | VELOAXE<\/title>\n<meta name=\"description\" content=\"Ruedas DEDA RS3DB DISC 30 mm TBL - la opci\u00f3n perfecta para mejorar el rendimiento de tu bicicleta de carretera o Triatlon de disco.\" \/>\n<meta name=\"robots\" content=\"index, follow, max-snippet:-1, max-image-preview:large, max-video-preview:-1\" \/>\n<link rel=\"canonical\" href=\"https:\/\/veloaxe.com\/fr\/produit\/ruedas-deda-rs3db-disc-30mm\/\" \/>\n<meta property=\"og:locale\" content=\"fr_FR\" \/>\n<meta property=\"og:type\" content=\"article\" \/>\n<meta property=\"og:title\" content=\"RUEDAS DEDA RS3DB DISC 30mm - Tienda de bicicletas | VELOAXE\" \/>\n<meta property=\"og:description\" content=\"Ruedas DEDA RS3DB DISC 30 mm TBL - la opci\u00f3n perfecta para mejorar el rendimiento de tu bicicleta de carretera o Triatlon de disco.\" \/>\n<meta property=\"og:url\" content=\"https:\/\/veloaxe.com\/fr\/produit\/ruedas-deda-rs3db-disc-30mm\/\" \/>\n<meta property=\"og:site_name\" content=\"Tienda de bicicletas | VELOAXE\" \/>\n<meta property=\"article:publisher\" content=\"https:\/\/www.facebook.com\/veloaxe\" \/>\n<meta property=\"article:modified_time\" content=\"2025-11-14T11:23:12+00:00\" \/>\n<meta property=\"og:image\" content=\"https:\/\/veloaxe.com\/wp-content\/uploads\/2025\/11\/Deda-rs3db-disc-aluminio.jpg\" \/>\n\t<meta property=\"og:image:width\" content=\"800\" \/>\n\t<meta property=\"og:image:height\" content=\"800\" \/>\n\t<meta property=\"og:image:type\" content=\"image\/jpeg\" \/>\n<meta name=\"twitter:card\" content=\"summary_large_image\" \/>\n<meta name=\"twitter:label1\" content=\"Dur\u00e9e de lecture estim\u00e9e\" \/>\n\t<meta name=\"twitter:data1\" content=\"1 minute\" \/>\n<script type=\"application\/ld+json\" class=\"yoast-schema-graph\">{\"@context\":\"https:\\\/\\\/schema.org\",\"@graph\":[{\"@type\":\"WebPage\",\"@id\":\"https:\\\/\\\/veloaxe.com\\\/producto\\\/ruedas-deda-rs3db-disc-30mm\\\/\",\"url\":\"https:\\\/\\\/veloaxe.com\\\/producto\\\/ruedas-deda-rs3db-disc-30mm\\\/\",\"name\":\"RUEDAS DEDA RS3DB DISC 30mm - Tienda de bicicletas | VELOAXE\",\"isPartOf\":{\"@id\":\"https:\\\/\\\/veloaxe.com\\\/#website\"},\"primaryImageOfPage\":{\"@id\":\"https:\\\/\\\/veloaxe.com\\\/producto\\\/ruedas-deda-rs3db-disc-30mm\\\/#primaryimage\"},\"image\":{\"@id\":\"https:\\\/\\\/veloaxe.com\\\/producto\\\/ruedas-deda-rs3db-disc-30mm\\\/#primaryimage\"},\"thumbnailUrl\":\"https:\\\/\\\/veloaxe.com\\\/wp-content\\\/uploads\\\/2025\\\/11\\\/Deda-rs3db-disc-aluminio.jpg\",\"datePublished\":\"2025-11-12T15:53:08+00:00\",\"dateModified\":\"2025-11-14T11:23:12+00:00\",\"description\":\"Ruedas DEDA RS3DB DISC 30 mm TBL - la opci\u00f3n perfecta para mejorar el rendimiento de tu bicicleta de carretera o Triatlon de disco.\",\"breadcrumb\":{\"@id\":\"https:\\\/\\\/veloaxe.com\\\/producto\\\/ruedas-deda-rs3db-disc-30mm\\\/#breadcrumb\"},\"inLanguage\":\"fr-FR\",\"potentialAction\":[{\"@type\":\"ReadAction\",\"target\":[\"https:\\\/\\\/veloaxe.com\\\/producto\\\/ruedas-deda-rs3db-disc-30mm\\\/\"]}]},{\"@type\":\"ImageObject\",\"inLanguage\":\"fr-FR\",\"@id\":\"https:\\\/\\\/veloaxe.com\\\/producto\\\/ruedas-deda-rs3db-disc-30mm\\\/#primaryimage\",\"url\":\"https:\\\/\\\/veloaxe.com\\\/wp-content\\\/uploads\\\/2025\\\/11\\\/Deda-rs3db-disc-aluminio.jpg\",\"contentUrl\":\"https:\\\/\\\/veloaxe.com\\\/wp-content\\\/uploads\\\/2025\\\/11\\\/Deda-rs3db-disc-aluminio.jpg\",\"width\":800,\"height\":800,\"caption\":\"Deda-rs3db-disc-aluminio\"},{\"@type\":\"BreadcrumbList\",\"@id\":\"https:\\\/\\\/veloaxe.com\\\/producto\\\/ruedas-deda-rs3db-disc-30mm\\\/#breadcrumb\",\"itemListElement\":[{\"@type\":\"ListItem\",\"position\":1,\"name\":\"Portada\",\"item\":\"https:\\\/\\\/veloaxe.com\\\/\"},{\"@type\":\"ListItem\",\"position\":2,\"name\":\"Shop\",\"item\":\"https:\\\/\\\/paleturquoise-herring-271034.hostingersite.com\\\/shop\\\/\"},{\"@type\":\"ListItem\",\"position\":3,\"name\":\"RUEDAS DEDA RS3DB DISC 30mm\"}]},{\"@type\":\"WebSite\",\"@id\":\"https:\\\/\\\/veloaxe.com\\\/#website\",\"url\":\"https:\\\/\\\/veloaxe.com\\\/\",\"name\":\"Tienda de bicicletas | VELOAXE\",\"description\":\"Descubre una amplia selecci\u00f3n de bicicletas de alta calidad, desde modelos urbanos y de monta\u00f1a hasta bicicletas de carretera de \u00faltima generaci\u00f3n. Con un servicio experto y accesorios especializados, estamos comprometidos a brindarte la mejor experiencia ciclista.\",\"publisher\":{\"@id\":\"https:\\\/\\\/veloaxe.com\\\/#organization\"},\"potentialAction\":[{\"@type\":\"SearchAction\",\"target\":{\"@type\":\"EntryPoint\",\"urlTemplate\":\"https:\\\/\\\/veloaxe.com\\\/?s={search_term_string}\"},\"query-input\":{\"@type\":\"PropertyValueSpecification\",\"valueRequired\":true,\"valueName\":\"search_term_string\"}}],\"inLanguage\":\"fr-FR\"},{\"@type\":\"Organization\",\"@id\":\"https:\\\/\\\/veloaxe.com\\\/#organization\",\"name\":\"Tienda de bicicletas | VELOAXE\",\"url\":\"https:\\\/\\\/veloaxe.com\\\/\",\"logo\":{\"@type\":\"ImageObject\",\"inLanguage\":\"fr-FR\",\"@id\":\"https:\\\/\\\/veloaxe.com\\\/#\\\/schema\\\/logo\\\/image\\\/\",\"url\":\"https:\\\/\\\/veloaxe.com\\\/wp-content\\\/uploads\\\/2026\\\/01\\\/cropped-logo-1.jpg\",\"contentUrl\":\"https:\\\/\\\/veloaxe.com\\\/wp-content\\\/uploads\\\/2026\\\/01\\\/cropped-logo-1.jpg\",\"width\":1273,\"height\":363,\"caption\":\"Tienda de bicicletas | VELOAXE\"},\"image\":{\"@id\":\"https:\\\/\\\/veloaxe.com\\\/#\\\/schema\\\/logo\\\/image\\\/\"},\"sameAs\":[\"https:\\\/\\\/www.facebook.com\\\/veloaxe\"]}]}<\/script>\n<!-- \/ Yoast SEO plugin. -->","yoast_head_json":{"title":"RUEDAS DEDA RS3DB DISC 30mm - Tienda de bicicletas | VELOAXE","description":"Ruedas DEDA RS3DB DISC 30 mm TBL - la opci\u00f3n perfecta para mejorar el rendimiento de tu bicicleta de carretera o Triatlon de disco.","robots":{"index":"index","follow":"follow","max-snippet":"max-snippet:-1","max-image-preview":"max-image-preview:large","max-video-preview":"max-video-preview:-1"},"canonical":"https:\/\/veloaxe.com\/fr\/produit\/ruedas-deda-rs3db-disc-30mm\/","og_locale":"fr_FR","og_type":"article","og_title":"RUEDAS DEDA RS3DB DISC 30mm - Tienda de bicicletas | VELOAXE","og_description":"Ruedas DEDA RS3DB DISC 30 mm TBL - la opci\u00f3n perfecta para mejorar el rendimiento de tu bicicleta de carretera o Triatlon de disco.","og_url":"https:\/\/veloaxe.com\/fr\/produit\/ruedas-deda-rs3db-disc-30mm\/","og_site_name":"Tienda de bicicletas | VELOAXE","article_publisher":"https:\/\/www.facebook.com\/veloaxe","article_modified_time":"2025-11-14T11:23:12+00:00","og_image":[{"width":800,"height":800,"url":"https:\/\/veloaxe.com\/wp-content\/uploads\/2025\/11\/Deda-rs3db-disc-aluminio.jpg","type":"image\/jpeg"}],"twitter_card":"summary_large_image","twitter_misc":{"Dur\u00e9e de lecture estim\u00e9e":"1 minute"},"schema":{"@context":"https:\/\/schema.org","@graph":[{"@type":"WebPage","@id":"https:\/\/veloaxe.com\/producto\/ruedas-deda-rs3db-disc-30mm\/","url":"https:\/\/veloaxe.com\/producto\/ruedas-deda-rs3db-disc-30mm\/","name":"RUEDAS DEDA RS3DB DISC 30mm - Tienda de bicicletas | VELOAXE","isPartOf":{"@id":"https:\/\/veloaxe.com\/#website"},"primaryImageOfPage":{"@id":"https:\/\/veloaxe.com\/producto\/ruedas-deda-rs3db-disc-30mm\/#primaryimage"},"image":{"@id":"https:\/\/veloaxe.com\/producto\/ruedas-deda-rs3db-disc-30mm\/#primaryimage"},"thumbnailUrl":"https:\/\/veloaxe.com\/wp-content\/uploads\/2025\/11\/Deda-rs3db-disc-aluminio.jpg","datePublished":"2025-11-12T15:53:08+00:00","dateModified":"2025-11-14T11:23:12+00:00","description":"Ruedas DEDA RS3DB DISC 30 mm TBL - la opci\u00f3n perfecta para mejorar el rendimiento de tu bicicleta de carretera o Triatlon de disco.","breadcrumb":{"@id":"https:\/\/veloaxe.com\/producto\/ruedas-deda-rs3db-disc-30mm\/#breadcrumb"},"inLanguage":"fr-FR","potentialAction":[{"@type":"ReadAction","target":["https:\/\/veloaxe.com\/producto\/ruedas-deda-rs3db-disc-30mm\/"]}]},{"@type":"ImageObject","inLanguage":"fr-FR","@id":"https:\/\/veloaxe.com\/producto\/ruedas-deda-rs3db-disc-30mm\/#primaryimage","url":"https:\/\/veloaxe.com\/wp-content\/uploads\/2025\/11\/Deda-rs3db-disc-aluminio.jpg","contentUrl":"https:\/\/veloaxe.com\/wp-content\/uploads\/2025\/11\/Deda-rs3db-disc-aluminio.jpg","width":800,"height":800,"caption":"Deda-rs3db-disc-aluminio"},{"@type":"BreadcrumbList","@id":"https:\/\/veloaxe.com\/producto\/ruedas-deda-rs3db-disc-30mm\/#breadcrumb","itemListElement":[{"@type":"ListItem","position":1,"name":"Portada","item":"https:\/\/veloaxe.com\/"},{"@type":"ListItem","position":2,"name":"Shop","item":"https:\/\/paleturquoise-herring-271034.hostingersite.com\/shop\/"},{"@type":"ListItem","position":3,"name":"RUEDAS DEDA RS3DB DISC 30mm"}]},{"@type":"WebSite","@id":"https:\/\/veloaxe.com\/#website","url":"https:\/\/veloaxe.com\/","name":"Boutique de v\u00e9lo en ligne | VELOAXE","description":"D\u00e9couvrez une large s\u00e9lection de v\u00e9los de haute qualit\u00e9, des mod\u00e8les urbains et de montagne aux v\u00e9los de route de pointe. Avec un service d'experts et des accessoires sp\u00e9cialis\u00e9s, nous nous engageons \u00e0 vous offrir la meilleure exp\u00e9rience de cyclisme.","publisher":{"@id":"https:\/\/veloaxe.com\/#organization"},"potentialAction":[{"@type":"SearchAction","target":{"@type":"EntryPoint","urlTemplate":"https:\/\/veloaxe.com\/?s={search_term_string}"},"query-input":{"@type":"PropertyValueSpecification","valueRequired":true,"valueName":"search_term_string"}}],"inLanguage":"fr-FR"},{"@type":"Organization","@id":"https:\/\/veloaxe.com\/#organization","name":"Boutique de v\u00e9lo en ligne | VELOAXE","url":"https:\/\/veloaxe.com\/","logo":{"@type":"ImageObject","inLanguage":"fr-FR","@id":"https:\/\/veloaxe.com\/#\/schema\/logo\/image\/","url":"https:\/\/veloaxe.com\/wp-content\/uploads\/2026\/01\/cropped-logo-1.jpg","contentUrl":"https:\/\/veloaxe.com\/wp-content\/uploads\/2026\/01\/cropped-logo-1.jpg","width":1273,"height":363,"caption":"Tienda de bicicletas | VELOAXE"},"image":{"@id":"https:\/\/veloaxe.com\/#\/schema\/logo\/image\/"},"sameAs":["https:\/\/www.facebook.com\/veloaxe"]}]}},"_links":{"self":[{"href":"https:\/\/veloaxe.com\/fr\/wp-json\/wp\/v2\/product\/20877","targetHints":{"allow":["GET"]}}],"collection":[{"href":"https:\/\/veloaxe.com\/fr\/wp-json\/wp\/v2\/product"}],"about":[{"href":"https:\/\/veloaxe.com\/fr\/wp-json\/wp\/v2\/types\/product"}],"replies":[{"embeddable":true,"href":"https:\/\/veloaxe.com\/fr\/wp-json\/wp\/v2\/comments?post=20877"}],"wp:featuredmedia":[{"embeddable":true,"href":"https:\/\/veloaxe.com\/fr\/wp-json\/wp\/v2\/media\/20880"}],"wp:attachment":[{"href":"https:\/\/veloaxe.com\/fr\/wp-json\/wp\/v2\/media?parent=20877"}],"wp:term":[{"taxonomy":"product_brand","embeddable":true,"href":"https:\/\/veloaxe.com\/fr\/wp-json\/wp\/v2\/product_brand?post=20877"},{"taxonomy":"product_cat","embeddable":true,"href":"https:\/\/veloaxe.com\/fr\/wp-json\/wp\/v2\/product_cat?post=20877"},{"taxonomy":"product_tag","embeddable":true,"href":"https:\/\/veloaxe.com\/fr\/wp-json\/wp\/v2\/product_tag?post=20877"}],"curies":[{"name":"wp","href":"https:\/\/api.w.org\/{rel}","templated":true}]}}