{"id":20919,"date":"2025-11-14T09:44:38","date_gmt":"2025-11-14T09:44:38","guid":{"rendered":"https:\/\/veloaxe.com\/?post_type=product&#038;p=20919"},"modified":"2025-11-14T10:18:23","modified_gmt":"2025-11-14T10:18:23","slug":"ruedas-miche-aero-syntium-disc","status":"publish","type":"product","link":"https:\/\/veloaxe.com\/fr\/producto\/ruedas-miche-aero-syntium-disc\/","title":{"rendered":"RUEDAS MICHE SYNTIUM AERO DISC"},"content":{"rendered":"<p>Las ruedas <strong>Miche Syntium Aero<\/strong>, un nombre ic\u00f3nico en la gama Miche, sin\u00f3nimo de ruedas de aluminio de alto rendimiento. Ligereza y fiabilidad se unen a la aerodin\u00e1mica. La nueva <strong>Miche Syntium<\/strong> DX WR se vuelve aerodin\u00e1mica gracias a su llanta asim\u00e9trica, cuyo perfil aumenta de 25 a 29 mm, y a un dise\u00f1o optimizado a partir de la experiencia adquirida en los estudios realizados para los modelos de gama alta. Los bujes de la serie WR incorporan un cuerpo y un rotor mecanizados por CNC en Ergal 7075 T6 y est\u00e1n montados con radios aerodin\u00e1micos de doble grosor. Nueva llanta de secci\u00f3n 19C con perfil asim\u00e9trico de 29 mm, Tubeless Ready, con tratamiento superficial arenado y un patr\u00f3n de radios 16+8 que garantiza la m\u00e1xima rigidez y reactividad de la rueda. Opcionalmente, se ofrece un kit tubeless montado y con garant\u00eda de control de calidad de Miche.<\/p>\n<p>Cuerpo del buje fabricado en aluminio 7075 T6, aligerado mediante CNC, con un dise\u00f1o innovador y un patr\u00f3n de radios 16+8 para una mayor rigidez torsional y capacidad de respuesta de la rueda. El ajuste de la suavidad de los bujes delantero y trasero se realiza mediante una tuerca anular especial. Para fijar el disco de freno, utilice \u00fanicamente una contratuerca para eje pasante con orificio de 27 mm.<\/p>\n<p>Materiales: ALUMINIO<\/p>\n<p>Peso: 1746 gramos<\/p>\n<p>Corps de cassette : SHIMANO 11\/12 vitesses \u2013 SRAM XDR<\/p>\n<p>Disco Center Lock<\/p>\n<p>&nbsp;<\/p>","protected":false},"excerpt":{"rendered":"<p>Las ruedas Miche Syntium Aero, un nombre ic\u00f3nico en la gama Miche, sin\u00f3nimo de ruedas de aluminio de alto rendimiento. Ligereza y fiabilidad se unen a la aerodin\u00e1mica. La nueva Miche Syntium DX WR se vuelve aerodin\u00e1mica gracias a su llanta asim\u00e9trica, cuyo perfil aumenta de 25 a 29 mm, y a un dise\u00f1o optimizado [&hellip;]<\/p>\n","protected":false},"featured_media":20924,"comment_status":"closed","ping_status":"closed","template":"","meta":[],"product_brand":[],"product_cat":[16,38,45],"product_tag":[],"class_list":{"0":"post-20919","1":"product","2":"type-product","3":"status-publish","4":"has-post-thumbnail","6":"product_cat-carretera-gravel-bicicletas","7":"product_cat-ruedas-neumatico-tubular","8":"product_cat-ruedas-aluminio-carretera","9":"product_shipping_class-no-bicicletas","11":"first","12":"instock","13":"sale","14":"shipping-taxable","15":"purchasable","16":"product-type-variable","17":"has-default-attributes"},"yoast_head":"<!-- This site is optimized with the Yoast SEO plugin v27.6 - https:\/\/yoast.com\/product\/yoast-seo-wordpress\/ -->\n<title>RUEDAS MICHE SYNTIUM AERO DISC - Tienda de bicicletas | VELOAXE<\/title>\n<meta name=\"description\" content=\"Ruedas MICHE SYNTIUM AERO DISC - la opci\u00f3n perfecta para mejorar el rendimiento de tu bicicleta de carretera.\" \/>\n<meta name=\"robots\" content=\"index, follow, max-snippet:-1, max-image-preview:large, max-video-preview:-1\" \/>\n<link rel=\"canonical\" href=\"https:\/\/veloaxe.com\/fr\/produit\/ruedas-miche-aero-syntium-disc\/\" \/>\n<meta property=\"og:locale\" content=\"fr_FR\" \/>\n<meta property=\"og:type\" content=\"article\" \/>\n<meta property=\"og:title\" content=\"RUEDAS MICHE SYNTIUM AERO DISC - Tienda de bicicletas | VELOAXE\" \/>\n<meta property=\"og:description\" content=\"Ruedas MICHE SYNTIUM AERO DISC - la opci\u00f3n perfecta para mejorar el rendimiento de tu bicicleta de carretera.\" \/>\n<meta property=\"og:url\" content=\"https:\/\/veloaxe.com\/fr\/produit\/ruedas-miche-aero-syntium-disc\/\" \/>\n<meta property=\"og:site_name\" content=\"Tienda de bicicletas | VELOAXE\" \/>\n<meta property=\"article:publisher\" content=\"https:\/\/www.facebook.com\/veloaxe\" \/>\n<meta property=\"article:modified_time\" content=\"2025-11-14T10:18:23+00:00\" \/>\n<meta property=\"og:image\" content=\"https:\/\/veloaxe.com\/wp-content\/uploads\/2025\/11\/Ruedas-miche-syntium-aero.jpg\" \/>\n\t<meta property=\"og:image:width\" content=\"800\" \/>\n\t<meta property=\"og:image:height\" content=\"800\" \/>\n\t<meta property=\"og:image:type\" content=\"image\/jpeg\" \/>\n<meta name=\"twitter:card\" content=\"summary_large_image\" \/>\n<meta name=\"twitter:label1\" content=\"Dur\u00e9e de lecture estim\u00e9e\" \/>\n\t<meta name=\"twitter:data1\" content=\"2 minutes\" \/>\n<script type=\"application\/ld+json\" class=\"yoast-schema-graph\">{\"@context\":\"https:\\\/\\\/schema.org\",\"@graph\":[{\"@type\":\"WebPage\",\"@id\":\"https:\\\/\\\/veloaxe.com\\\/producto\\\/ruedas-miche-aero-syntium-disc\\\/\",\"url\":\"https:\\\/\\\/veloaxe.com\\\/producto\\\/ruedas-miche-aero-syntium-disc\\\/\",\"name\":\"RUEDAS MICHE SYNTIUM AERO DISC - Tienda de bicicletas | VELOAXE\",\"isPartOf\":{\"@id\":\"https:\\\/\\\/veloaxe.com\\\/#website\"},\"primaryImageOfPage\":{\"@id\":\"https:\\\/\\\/veloaxe.com\\\/producto\\\/ruedas-miche-aero-syntium-disc\\\/#primaryimage\"},\"image\":{\"@id\":\"https:\\\/\\\/veloaxe.com\\\/producto\\\/ruedas-miche-aero-syntium-disc\\\/#primaryimage\"},\"thumbnailUrl\":\"https:\\\/\\\/veloaxe.com\\\/wp-content\\\/uploads\\\/2025\\\/11\\\/Ruedas-miche-syntium-aero.jpg\",\"datePublished\":\"2025-11-14T09:44:38+00:00\",\"dateModified\":\"2025-11-14T10:18:23+00:00\",\"description\":\"Ruedas MICHE SYNTIUM AERO DISC - la opci\u00f3n perfecta para mejorar el rendimiento de tu bicicleta de carretera.\",\"breadcrumb\":{\"@id\":\"https:\\\/\\\/veloaxe.com\\\/producto\\\/ruedas-miche-aero-syntium-disc\\\/#breadcrumb\"},\"inLanguage\":\"fr-FR\",\"potentialAction\":[{\"@type\":\"ReadAction\",\"target\":[\"https:\\\/\\\/veloaxe.com\\\/producto\\\/ruedas-miche-aero-syntium-disc\\\/\"]}]},{\"@type\":\"ImageObject\",\"inLanguage\":\"fr-FR\",\"@id\":\"https:\\\/\\\/veloaxe.com\\\/producto\\\/ruedas-miche-aero-syntium-disc\\\/#primaryimage\",\"url\":\"https:\\\/\\\/veloaxe.com\\\/wp-content\\\/uploads\\\/2025\\\/11\\\/Ruedas-miche-syntium-aero.jpg\",\"contentUrl\":\"https:\\\/\\\/veloaxe.com\\\/wp-content\\\/uploads\\\/2025\\\/11\\\/Ruedas-miche-syntium-aero.jpg\",\"width\":800,\"height\":800,\"caption\":\"Ruedas-miche-syntium-aero\"},{\"@type\":\"BreadcrumbList\",\"@id\":\"https:\\\/\\\/veloaxe.com\\\/producto\\\/ruedas-miche-aero-syntium-disc\\\/#breadcrumb\",\"itemListElement\":[{\"@type\":\"ListItem\",\"position\":1,\"name\":\"Portada\",\"item\":\"https:\\\/\\\/veloaxe.com\\\/\"},{\"@type\":\"ListItem\",\"position\":2,\"name\":\"Shop\",\"item\":\"https:\\\/\\\/paleturquoise-herring-271034.hostingersite.com\\\/shop\\\/\"},{\"@type\":\"ListItem\",\"position\":3,\"name\":\"RUEDAS MICHE SYNTIUM AERO DISC\"}]},{\"@type\":\"WebSite\",\"@id\":\"https:\\\/\\\/veloaxe.com\\\/#website\",\"url\":\"https:\\\/\\\/veloaxe.com\\\/\",\"name\":\"Tienda de bicicletas | VELOAXE\",\"description\":\"Descubre una amplia selecci\u00f3n de bicicletas de alta calidad, desde modelos urbanos y de monta\u00f1a hasta bicicletas de carretera de \u00faltima generaci\u00f3n. Con un servicio experto y accesorios especializados, estamos comprometidos a brindarte la mejor experiencia ciclista.\",\"publisher\":{\"@id\":\"https:\\\/\\\/veloaxe.com\\\/#organization\"},\"potentialAction\":[{\"@type\":\"SearchAction\",\"target\":{\"@type\":\"EntryPoint\",\"urlTemplate\":\"https:\\\/\\\/veloaxe.com\\\/?s={search_term_string}\"},\"query-input\":{\"@type\":\"PropertyValueSpecification\",\"valueRequired\":true,\"valueName\":\"search_term_string\"}}],\"inLanguage\":\"fr-FR\"},{\"@type\":\"Organization\",\"@id\":\"https:\\\/\\\/veloaxe.com\\\/#organization\",\"name\":\"Tienda de bicicletas | VELOAXE\",\"url\":\"https:\\\/\\\/veloaxe.com\\\/\",\"logo\":{\"@type\":\"ImageObject\",\"inLanguage\":\"fr-FR\",\"@id\":\"https:\\\/\\\/veloaxe.com\\\/#\\\/schema\\\/logo\\\/image\\\/\",\"url\":\"https:\\\/\\\/veloaxe.com\\\/wp-content\\\/uploads\\\/2026\\\/01\\\/cropped-logo-1.jpg\",\"contentUrl\":\"https:\\\/\\\/veloaxe.com\\\/wp-content\\\/uploads\\\/2026\\\/01\\\/cropped-logo-1.jpg\",\"width\":1273,\"height\":363,\"caption\":\"Tienda de bicicletas | VELOAXE\"},\"image\":{\"@id\":\"https:\\\/\\\/veloaxe.com\\\/#\\\/schema\\\/logo\\\/image\\\/\"},\"sameAs\":[\"https:\\\/\\\/www.facebook.com\\\/veloaxe\"]}]}<\/script>\n<!-- \/ Yoast SEO plugin. -->","yoast_head_json":{"title":"RUEDAS MICHE SYNTIUM AERO DISC - Tienda de bicicletas | VELOAXE","description":"Ruedas MICHE SYNTIUM AERO DISC - la opci\u00f3n perfecta para mejorar el rendimiento de tu bicicleta de carretera.","robots":{"index":"index","follow":"follow","max-snippet":"max-snippet:-1","max-image-preview":"max-image-preview:large","max-video-preview":"max-video-preview:-1"},"canonical":"https:\/\/veloaxe.com\/fr\/produit\/ruedas-miche-aero-syntium-disc\/","og_locale":"fr_FR","og_type":"article","og_title":"RUEDAS MICHE SYNTIUM AERO DISC - Tienda de bicicletas | VELOAXE","og_description":"Ruedas MICHE SYNTIUM AERO DISC - la opci\u00f3n perfecta para mejorar el rendimiento de tu bicicleta de carretera.","og_url":"https:\/\/veloaxe.com\/fr\/produit\/ruedas-miche-aero-syntium-disc\/","og_site_name":"Tienda de bicicletas | VELOAXE","article_publisher":"https:\/\/www.facebook.com\/veloaxe","article_modified_time":"2025-11-14T10:18:23+00:00","og_image":[{"width":800,"height":800,"url":"https:\/\/veloaxe.com\/wp-content\/uploads\/2025\/11\/Ruedas-miche-syntium-aero.jpg","type":"image\/jpeg"}],"twitter_card":"summary_large_image","twitter_misc":{"Dur\u00e9e de lecture estim\u00e9e":"2 minutes"},"schema":{"@context":"https:\/\/schema.org","@graph":[{"@type":"WebPage","@id":"https:\/\/veloaxe.com\/producto\/ruedas-miche-aero-syntium-disc\/","url":"https:\/\/veloaxe.com\/producto\/ruedas-miche-aero-syntium-disc\/","name":"RUEDAS MICHE SYNTIUM AERO DISC - Tienda de bicicletas | VELOAXE","isPartOf":{"@id":"https:\/\/veloaxe.com\/#website"},"primaryImageOfPage":{"@id":"https:\/\/veloaxe.com\/producto\/ruedas-miche-aero-syntium-disc\/#primaryimage"},"image":{"@id":"https:\/\/veloaxe.com\/producto\/ruedas-miche-aero-syntium-disc\/#primaryimage"},"thumbnailUrl":"https:\/\/veloaxe.com\/wp-content\/uploads\/2025\/11\/Ruedas-miche-syntium-aero.jpg","datePublished":"2025-11-14T09:44:38+00:00","dateModified":"2025-11-14T10:18:23+00:00","description":"Ruedas MICHE SYNTIUM AERO DISC - la opci\u00f3n perfecta para mejorar el rendimiento de tu bicicleta de carretera.","breadcrumb":{"@id":"https:\/\/veloaxe.com\/producto\/ruedas-miche-aero-syntium-disc\/#breadcrumb"},"inLanguage":"fr-FR","potentialAction":[{"@type":"ReadAction","target":["https:\/\/veloaxe.com\/producto\/ruedas-miche-aero-syntium-disc\/"]}]},{"@type":"ImageObject","inLanguage":"fr-FR","@id":"https:\/\/veloaxe.com\/producto\/ruedas-miche-aero-syntium-disc\/#primaryimage","url":"https:\/\/veloaxe.com\/wp-content\/uploads\/2025\/11\/Ruedas-miche-syntium-aero.jpg","contentUrl":"https:\/\/veloaxe.com\/wp-content\/uploads\/2025\/11\/Ruedas-miche-syntium-aero.jpg","width":800,"height":800,"caption":"Ruedas-miche-syntium-aero"},{"@type":"BreadcrumbList","@id":"https:\/\/veloaxe.com\/producto\/ruedas-miche-aero-syntium-disc\/#breadcrumb","itemListElement":[{"@type":"ListItem","position":1,"name":"Portada","item":"https:\/\/veloaxe.com\/"},{"@type":"ListItem","position":2,"name":"Shop","item":"https:\/\/paleturquoise-herring-271034.hostingersite.com\/shop\/"},{"@type":"ListItem","position":3,"name":"RUEDAS MICHE SYNTIUM AERO DISC"}]},{"@type":"WebSite","@id":"https:\/\/veloaxe.com\/#website","url":"https:\/\/veloaxe.com\/","name":"Boutique de v\u00e9lo en ligne | VELOAXE","description":"D\u00e9couvrez une large s\u00e9lection de v\u00e9los de haute qualit\u00e9, des mod\u00e8les urbains et de montagne aux v\u00e9los de route de pointe. Avec un service d'experts et des accessoires sp\u00e9cialis\u00e9s, nous nous engageons \u00e0 vous offrir la meilleure exp\u00e9rience de cyclisme.","publisher":{"@id":"https:\/\/veloaxe.com\/#organization"},"potentialAction":[{"@type":"SearchAction","target":{"@type":"EntryPoint","urlTemplate":"https:\/\/veloaxe.com\/?s={search_term_string}"},"query-input":{"@type":"PropertyValueSpecification","valueRequired":true,"valueName":"search_term_string"}}],"inLanguage":"fr-FR"},{"@type":"Organization","@id":"https:\/\/veloaxe.com\/#organization","name":"Boutique de v\u00e9lo en ligne | VELOAXE","url":"https:\/\/veloaxe.com\/","logo":{"@type":"ImageObject","inLanguage":"fr-FR","@id":"https:\/\/veloaxe.com\/#\/schema\/logo\/image\/","url":"https:\/\/veloaxe.com\/wp-content\/uploads\/2026\/01\/cropped-logo-1.jpg","contentUrl":"https:\/\/veloaxe.com\/wp-content\/uploads\/2026\/01\/cropped-logo-1.jpg","width":1273,"height":363,"caption":"Tienda de bicicletas | VELOAXE"},"image":{"@id":"https:\/\/veloaxe.com\/#\/schema\/logo\/image\/"},"sameAs":["https:\/\/www.facebook.com\/veloaxe"]}]}},"_links":{"self":[{"href":"https:\/\/veloaxe.com\/fr\/wp-json\/wp\/v2\/product\/20919","targetHints":{"allow":["GET"]}}],"collection":[{"href":"https:\/\/veloaxe.com\/fr\/wp-json\/wp\/v2\/product"}],"about":[{"href":"https:\/\/veloaxe.com\/fr\/wp-json\/wp\/v2\/types\/product"}],"replies":[{"embeddable":true,"href":"https:\/\/veloaxe.com\/fr\/wp-json\/wp\/v2\/comments?post=20919"}],"wp:featuredmedia":[{"embeddable":true,"href":"https:\/\/veloaxe.com\/fr\/wp-json\/wp\/v2\/media\/20924"}],"wp:attachment":[{"href":"https:\/\/veloaxe.com\/fr\/wp-json\/wp\/v2\/media?parent=20919"}],"wp:term":[{"taxonomy":"product_brand","embeddable":true,"href":"https:\/\/veloaxe.com\/fr\/wp-json\/wp\/v2\/product_brand?post=20919"},{"taxonomy":"product_cat","embeddable":true,"href":"https:\/\/veloaxe.com\/fr\/wp-json\/wp\/v2\/product_cat?post=20919"},{"taxonomy":"product_tag","embeddable":true,"href":"https:\/\/veloaxe.com\/fr\/wp-json\/wp\/v2\/product_tag?post=20919"}],"curies":[{"name":"wp","href":"https:\/\/api.w.org\/{rel}","templated":true}]}}