{"id":20943,"date":"2025-11-14T11:09:36","date_gmt":"2025-11-14T11:09:36","guid":{"rendered":"https:\/\/veloaxe.com\/?post_type=product&#038;p=20943"},"modified":"2025-11-14T11:19:58","modified_gmt":"2025-11-14T11:19:58","slug":"roues-a-disque-miche-kleos-rd-50","status":"publish","type":"product","link":"https:\/\/veloaxe.com\/fr\/producto\/ruedas-miche-kleos-rd-50-disc\/","title":{"rendered":"ROUES \u00c0 DISQUE MICHE KLEOS RD 50"},"content":{"rendered":"<p>Rythme effr\u00e9n\u00e9. Mont\u00e9es et descentes. Acc\u00e9l\u00e9rations soudaines. Priorit\u00e9 \u00e0 l&#039;a\u00e9rodynamisme. Les roues <strong>MICHE Kleos RD 50<\/strong> Con\u00e7ues pour affronter toutes les conditions de course, les jantes en fibre de carbone Toray T1000\/T700 pr\u00e9sentent des structures \u00e0 sections diff\u00e9renci\u00e9es et un profil interne de 21 mm (roues avant et arri\u00e8re). Elles garantissent s\u00e9curit\u00e9 et fiabilit\u00e9 maximales avec tous les pneus tubeless et \u00e0 chambre \u00e0 air disponibles sur le march\u00e9.<\/p>\n<p>Les moyeux Ergal 7075 T6 int\u00e8grent la technologie Miche RR-C (Racing Replica Ceramic). Gr\u00e2ce \u00e0 la collaboration avec<strong> CeramicSpeed<\/strong>, Miche a mis au point des roulements en c\u00e9ramique \u00e0 double blindage, en tenant compte de chaque param\u00e8tre\u00a0: de la lubrification et du blindage au rapport roulement axial\/billes, afin d\u2019obtenir la solution optimale en termes de fluidit\u00e9 et de durabilit\u00e9. Les \u00e9crous de r\u00e9glage sur les deux moyeux permettent un ajustement pr\u00e9cis si n\u00e9cessaire.<\/p>\n<p>Le car\u00e9nage Aero Blade, situ\u00e9 sur la bride gauche de la roue avant, r\u00e9duit les turbulences et am\u00e9liore l&#039;a\u00e9rodynamisme. Les rayons en acier inoxydable \u00e0 double \u00e9paisseur, de conception crois\u00e9e\/radiale 16+8, pr\u00e9sentent des profils a\u00e9rodynamiques distincts pour les roues avant et arri\u00e8re. Cette innovation, ainsi que le car\u00e9nage Aero Blade, ont \u00e9t\u00e9 d\u00e9velopp\u00e9es \u00e0 partir de donn\u00e9es recueillies en soufflerie.<\/p>\n<p>Miche Kleos RD 50\u00a0: con\u00e7ue et fabriqu\u00e9e dans l\u2019usine Miche de San Vendemiamo. Fi\u00e8rement fabriqu\u00e9e en Italie.<\/p>\n<p>Mat\u00e9riaux : Carbone<\/p>\n<p>Poids : 1455 grammes<\/p>\n<p>Corps de cassette : SHIMANO 11\/12 vitesses \u2013 SRAM XDR<\/p>\n<p>Disco Center Lock<\/p>\n<p>Roulement : C\u00e9ramique CERAMICSPEED<\/p>\n<p>&nbsp;<\/p>","protected":false},"excerpt":{"rendered":"<p>Ritmo vertiginoso. Subidas y bajadas. Aceleraci\u00f3n repentina. \u00c9nfasis en la aerodin\u00e1mica. Las ruedas MICHE Kleos RD 50 han sido dise\u00f1adas para afrontar cualquier condici\u00f3n de carrera. La llanta de fibra de carbono Toray T1000\/T700 presenta estructuras de secci\u00f3n diferenciadas y un perfil interno de 21 mm (rueda delantera y trasera). Seguridad y m\u00e1xima fiabilidad con [&hellip;]<\/p>\n","protected":false},"featured_media":20946,"comment_status":"closed","ping_status":"closed","template":"","meta":[],"product_brand":[],"product_cat":[16,38,133],"product_tag":[],"class_list":{"0":"post-20943","1":"product","2":"type-product","3":"status-publish","4":"has-post-thumbnail","6":"product_cat-carretera-gravel-bicicletas","7":"product_cat-ruedas-neumatico-tubular","8":"product_cat-ruedas-carbono-carretera","9":"product_shipping_class-no-bicicletas","11":"first","12":"instock","13":"sale","14":"shipping-taxable","15":"purchasable","16":"product-type-variable","17":"has-default-attributes"},"yoast_head":"<!-- This site is optimized with the Yoast SEO plugin v27.6 - https:\/\/yoast.com\/product\/yoast-seo-wordpress\/ -->\n<title>RUEDAS MICHE KLEOS RD 50 DISC - Tienda de bicicletas | VELOAXE<\/title>\n<meta name=\"description\" content=\"Ruedas MICHE KLEOS RD 50 DISC CARBONO - la opci\u00f3n perfecta para mejorar el rendimiento de tu bicicleta de carretera.\" \/>\n<meta name=\"robots\" content=\"index, follow, max-snippet:-1, max-image-preview:large, max-video-preview:-1\" \/>\n<link rel=\"canonical\" href=\"https:\/\/veloaxe.com\/fr\/produit\/roues-a-disque-miche-kleos-rd-50\/\" \/>\n<meta property=\"og:locale\" content=\"fr_FR\" \/>\n<meta property=\"og:type\" content=\"article\" \/>\n<meta property=\"og:title\" content=\"RUEDAS MICHE KLEOS RD 50 DISC - Tienda de bicicletas | VELOAXE\" \/>\n<meta property=\"og:description\" content=\"Ruedas MICHE KLEOS RD 50 DISC CARBONO - la opci\u00f3n perfecta para mejorar el rendimiento de tu bicicleta de carretera.\" \/>\n<meta property=\"og:url\" content=\"https:\/\/veloaxe.com\/fr\/produit\/roues-a-disque-miche-kleos-rd-50\/\" \/>\n<meta property=\"og:site_name\" content=\"Tienda de bicicletas | VELOAXE\" \/>\n<meta property=\"article:publisher\" content=\"https:\/\/www.facebook.com\/veloaxe\" \/>\n<meta property=\"article:modified_time\" content=\"2025-11-14T11:19:58+00:00\" \/>\n<meta property=\"og:image\" content=\"https:\/\/veloaxe.com\/wp-content\/uploads\/2025\/11\/ruedas-miche-kleos-rd-50-carbono.jpg\" \/>\n\t<meta property=\"og:image:width\" content=\"800\" \/>\n\t<meta property=\"og:image:height\" content=\"800\" \/>\n\t<meta property=\"og:image:type\" content=\"image\/jpeg\" \/>\n<meta name=\"twitter:card\" content=\"summary_large_image\" \/>\n<meta name=\"twitter:label1\" content=\"Dur\u00e9e de lecture estim\u00e9e\" \/>\n\t<meta name=\"twitter:data1\" content=\"2 minutes\" \/>\n<script type=\"application\/ld+json\" class=\"yoast-schema-graph\">{\"@context\":\"https:\\\/\\\/schema.org\",\"@graph\":[{\"@type\":\"WebPage\",\"@id\":\"https:\\\/\\\/veloaxe.com\\\/producto\\\/ruedas-miche-kleos-rd-50-disc\\\/\",\"url\":\"https:\\\/\\\/veloaxe.com\\\/producto\\\/ruedas-miche-kleos-rd-50-disc\\\/\",\"name\":\"RUEDAS MICHE KLEOS RD 50 DISC - Tienda de bicicletas | VELOAXE\",\"isPartOf\":{\"@id\":\"https:\\\/\\\/veloaxe.com\\\/#website\"},\"primaryImageOfPage\":{\"@id\":\"https:\\\/\\\/veloaxe.com\\\/producto\\\/ruedas-miche-kleos-rd-50-disc\\\/#primaryimage\"},\"image\":{\"@id\":\"https:\\\/\\\/veloaxe.com\\\/producto\\\/ruedas-miche-kleos-rd-50-disc\\\/#primaryimage\"},\"thumbnailUrl\":\"https:\\\/\\\/veloaxe.com\\\/wp-content\\\/uploads\\\/2025\\\/11\\\/ruedas-miche-kleos-rd-50-carbono.jpg\",\"datePublished\":\"2025-11-14T11:09:36+00:00\",\"dateModified\":\"2025-11-14T11:19:58+00:00\",\"description\":\"Ruedas MICHE KLEOS RD 50 DISC CARBONO - la opci\u00f3n perfecta para mejorar el rendimiento de tu bicicleta de carretera.\",\"breadcrumb\":{\"@id\":\"https:\\\/\\\/veloaxe.com\\\/producto\\\/ruedas-miche-kleos-rd-50-disc\\\/#breadcrumb\"},\"inLanguage\":\"fr-FR\",\"potentialAction\":[{\"@type\":\"ReadAction\",\"target\":[\"https:\\\/\\\/veloaxe.com\\\/producto\\\/ruedas-miche-kleos-rd-50-disc\\\/\"]}]},{\"@type\":\"ImageObject\",\"inLanguage\":\"fr-FR\",\"@id\":\"https:\\\/\\\/veloaxe.com\\\/producto\\\/ruedas-miche-kleos-rd-50-disc\\\/#primaryimage\",\"url\":\"https:\\\/\\\/veloaxe.com\\\/wp-content\\\/uploads\\\/2025\\\/11\\\/ruedas-miche-kleos-rd-50-carbono.jpg\",\"contentUrl\":\"https:\\\/\\\/veloaxe.com\\\/wp-content\\\/uploads\\\/2025\\\/11\\\/ruedas-miche-kleos-rd-50-carbono.jpg\",\"width\":800,\"height\":800,\"caption\":\"ruedas-miche-kleos-rd-50-carbono\"},{\"@type\":\"BreadcrumbList\",\"@id\":\"https:\\\/\\\/veloaxe.com\\\/producto\\\/ruedas-miche-kleos-rd-50-disc\\\/#breadcrumb\",\"itemListElement\":[{\"@type\":\"ListItem\",\"position\":1,\"name\":\"Portada\",\"item\":\"https:\\\/\\\/veloaxe.com\\\/\"},{\"@type\":\"ListItem\",\"position\":2,\"name\":\"Shop\",\"item\":\"https:\\\/\\\/paleturquoise-herring-271034.hostingersite.com\\\/shop\\\/\"},{\"@type\":\"ListItem\",\"position\":3,\"name\":\"RUEDAS MICHE KLEOS RD 50 DISC\"}]},{\"@type\":\"WebSite\",\"@id\":\"https:\\\/\\\/veloaxe.com\\\/#website\",\"url\":\"https:\\\/\\\/veloaxe.com\\\/\",\"name\":\"Tienda de bicicletas | VELOAXE\",\"description\":\"Descubre una amplia selecci\u00f3n de bicicletas de alta calidad, desde modelos urbanos y de monta\u00f1a hasta bicicletas de carretera de \u00faltima generaci\u00f3n. Con un servicio experto y accesorios especializados, estamos comprometidos a brindarte la mejor experiencia ciclista.\",\"publisher\":{\"@id\":\"https:\\\/\\\/veloaxe.com\\\/#organization\"},\"potentialAction\":[{\"@type\":\"SearchAction\",\"target\":{\"@type\":\"EntryPoint\",\"urlTemplate\":\"https:\\\/\\\/veloaxe.com\\\/?s={search_term_string}\"},\"query-input\":{\"@type\":\"PropertyValueSpecification\",\"valueRequired\":true,\"valueName\":\"search_term_string\"}}],\"inLanguage\":\"fr-FR\"},{\"@type\":\"Organization\",\"@id\":\"https:\\\/\\\/veloaxe.com\\\/#organization\",\"name\":\"Tienda de bicicletas | VELOAXE\",\"url\":\"https:\\\/\\\/veloaxe.com\\\/\",\"logo\":{\"@type\":\"ImageObject\",\"inLanguage\":\"fr-FR\",\"@id\":\"https:\\\/\\\/veloaxe.com\\\/#\\\/schema\\\/logo\\\/image\\\/\",\"url\":\"https:\\\/\\\/veloaxe.com\\\/wp-content\\\/uploads\\\/2026\\\/01\\\/cropped-logo-1.jpg\",\"contentUrl\":\"https:\\\/\\\/veloaxe.com\\\/wp-content\\\/uploads\\\/2026\\\/01\\\/cropped-logo-1.jpg\",\"width\":1273,\"height\":363,\"caption\":\"Tienda de bicicletas | VELOAXE\"},\"image\":{\"@id\":\"https:\\\/\\\/veloaxe.com\\\/#\\\/schema\\\/logo\\\/image\\\/\"},\"sameAs\":[\"https:\\\/\\\/www.facebook.com\\\/veloaxe\"]}]}<\/script>\n<!-- \/ Yoast SEO plugin. -->","yoast_head_json":{"title":"Roues \u00e0 disque MICHE KLEOS RD 50 - Magasin de v\u00e9los | VELOAXE","description":"Roues MICHE KLEOS RD 50 DISC CARBON - le choix id\u00e9al pour am\u00e9liorer les performances de votre v\u00e9lo de route.","robots":{"index":"index","follow":"follow","max-snippet":"max-snippet:-1","max-image-preview":"max-image-preview:large","max-video-preview":"max-video-preview:-1"},"canonical":"https:\/\/veloaxe.com\/fr\/produit\/roues-a-disque-miche-kleos-rd-50\/","og_locale":"fr_FR","og_type":"article","og_title":"RUEDAS MICHE KLEOS RD 50 DISC - Tienda de bicicletas | VELOAXE","og_description":"Ruedas MICHE KLEOS RD 50 DISC CARBONO - la opci\u00f3n perfecta para mejorar el rendimiento de tu bicicleta de carretera.","og_url":"https:\/\/veloaxe.com\/fr\/produit\/roues-a-disque-miche-kleos-rd-50\/","og_site_name":"Tienda de bicicletas | VELOAXE","article_publisher":"https:\/\/www.facebook.com\/veloaxe","article_modified_time":"2025-11-14T11:19:58+00:00","og_image":[{"width":800,"height":800,"url":"https:\/\/veloaxe.com\/wp-content\/uploads\/2025\/11\/ruedas-miche-kleos-rd-50-carbono.jpg","type":"image\/jpeg"}],"twitter_card":"summary_large_image","twitter_misc":{"Dur\u00e9e de lecture estim\u00e9e":"2 minutes"},"schema":{"@context":"https:\/\/schema.org","@graph":[{"@type":"WebPage","@id":"https:\/\/veloaxe.com\/producto\/ruedas-miche-kleos-rd-50-disc\/","url":"https:\/\/veloaxe.com\/producto\/ruedas-miche-kleos-rd-50-disc\/","name":"Roues \u00e0 disque MICHE KLEOS RD 50 - Magasin de v\u00e9los | VELOAXE","isPartOf":{"@id":"https:\/\/veloaxe.com\/#website"},"primaryImageOfPage":{"@id":"https:\/\/veloaxe.com\/producto\/ruedas-miche-kleos-rd-50-disc\/#primaryimage"},"image":{"@id":"https:\/\/veloaxe.com\/producto\/ruedas-miche-kleos-rd-50-disc\/#primaryimage"},"thumbnailUrl":"https:\/\/veloaxe.com\/wp-content\/uploads\/2025\/11\/ruedas-miche-kleos-rd-50-carbono.jpg","datePublished":"2025-11-14T11:09:36+00:00","dateModified":"2025-11-14T11:19:58+00:00","description":"Roues MICHE KLEOS RD 50 DISC CARBON - le choix id\u00e9al pour am\u00e9liorer les performances de votre v\u00e9lo de route.","breadcrumb":{"@id":"https:\/\/veloaxe.com\/producto\/ruedas-miche-kleos-rd-50-disc\/#breadcrumb"},"inLanguage":"fr-FR","potentialAction":[{"@type":"ReadAction","target":["https:\/\/veloaxe.com\/producto\/ruedas-miche-kleos-rd-50-disc\/"]}]},{"@type":"ImageObject","inLanguage":"fr-FR","@id":"https:\/\/veloaxe.com\/producto\/ruedas-miche-kleos-rd-50-disc\/#primaryimage","url":"https:\/\/veloaxe.com\/wp-content\/uploads\/2025\/11\/ruedas-miche-kleos-rd-50-carbono.jpg","contentUrl":"https:\/\/veloaxe.com\/wp-content\/uploads\/2025\/11\/ruedas-miche-kleos-rd-50-carbono.jpg","width":800,"height":800,"caption":"ruedas-miche-kleos-rd-50-carbono"},{"@type":"BreadcrumbList","@id":"https:\/\/veloaxe.com\/producto\/ruedas-miche-kleos-rd-50-disc\/#breadcrumb","itemListElement":[{"@type":"ListItem","position":1,"name":"Portada","item":"https:\/\/veloaxe.com\/"},{"@type":"ListItem","position":2,"name":"Shop","item":"https:\/\/paleturquoise-herring-271034.hostingersite.com\/shop\/"},{"@type":"ListItem","position":3,"name":"RUEDAS MICHE KLEOS RD 50 DISC"}]},{"@type":"WebSite","@id":"https:\/\/veloaxe.com\/#website","url":"https:\/\/veloaxe.com\/","name":"Boutique de v\u00e9lo en ligne | VELOAXE","description":"D\u00e9couvrez une large s\u00e9lection de v\u00e9los de haute qualit\u00e9, des mod\u00e8les urbains et de montagne aux v\u00e9los de route de pointe. Avec un service d'experts et des accessoires sp\u00e9cialis\u00e9s, nous nous engageons \u00e0 vous offrir la meilleure exp\u00e9rience de cyclisme.","publisher":{"@id":"https:\/\/veloaxe.com\/#organization"},"potentialAction":[{"@type":"SearchAction","target":{"@type":"EntryPoint","urlTemplate":"https:\/\/veloaxe.com\/?s={search_term_string}"},"query-input":{"@type":"PropertyValueSpecification","valueRequired":true,"valueName":"search_term_string"}}],"inLanguage":"fr-FR"},{"@type":"Organization","@id":"https:\/\/veloaxe.com\/#organization","name":"Boutique de v\u00e9lo en ligne | VELOAXE","url":"https:\/\/veloaxe.com\/","logo":{"@type":"ImageObject","inLanguage":"fr-FR","@id":"https:\/\/veloaxe.com\/#\/schema\/logo\/image\/","url":"https:\/\/veloaxe.com\/wp-content\/uploads\/2026\/01\/cropped-logo-1.jpg","contentUrl":"https:\/\/veloaxe.com\/wp-content\/uploads\/2026\/01\/cropped-logo-1.jpg","width":1273,"height":363,"caption":"Tienda de bicicletas | VELOAXE"},"image":{"@id":"https:\/\/veloaxe.com\/#\/schema\/logo\/image\/"},"sameAs":["https:\/\/www.facebook.com\/veloaxe"]}]}},"_links":{"self":[{"href":"https:\/\/veloaxe.com\/fr\/wp-json\/wp\/v2\/product\/20943","targetHints":{"allow":["GET"]}}],"collection":[{"href":"https:\/\/veloaxe.com\/fr\/wp-json\/wp\/v2\/product"}],"about":[{"href":"https:\/\/veloaxe.com\/fr\/wp-json\/wp\/v2\/types\/product"}],"replies":[{"embeddable":true,"href":"https:\/\/veloaxe.com\/fr\/wp-json\/wp\/v2\/comments?post=20943"}],"wp:featuredmedia":[{"embeddable":true,"href":"https:\/\/veloaxe.com\/fr\/wp-json\/wp\/v2\/media\/20946"}],"wp:attachment":[{"href":"https:\/\/veloaxe.com\/fr\/wp-json\/wp\/v2\/media?parent=20943"}],"wp:term":[{"taxonomy":"product_brand","embeddable":true,"href":"https:\/\/veloaxe.com\/fr\/wp-json\/wp\/v2\/product_brand?post=20943"},{"taxonomy":"product_cat","embeddable":true,"href":"https:\/\/veloaxe.com\/fr\/wp-json\/wp\/v2\/product_cat?post=20943"},{"taxonomy":"product_tag","embeddable":true,"href":"https:\/\/veloaxe.com\/fr\/wp-json\/wp\/v2\/product_tag?post=20943"}],"curies":[{"name":"wp","href":"https:\/\/api.w.org\/{rel}","templated":true}]}}