{"id":20997,"date":"2025-11-20T08:07:47","date_gmt":"2025-11-20T08:07:47","guid":{"rendered":"https:\/\/veloaxe.com\/?post_type=product&#038;p=20997"},"modified":"2025-11-20T08:34:32","modified_gmt":"2025-11-20T08:34:32","slug":"ruedas-vision-trimax-35-disco","status":"publish","type":"product","link":"https:\/\/veloaxe.com\/fr\/producto\/ruedas-vision-trimax-35-disco\/","title":{"rendered":"RUEDAS VISION TRIMAX 35 Disco"},"content":{"rendered":"<p>Las nuevas ruedas <strong>VISION Trimax 35<\/strong> es perfecta para ir r\u00e1pido en asfalto, tierra o para carreras de ciclocross. Las ruedas incorporan bujes para frenos de disco disponibles con montaje de 6 tornillos.<\/p>\n<p>Materiales: Aluminio<\/p>\n<p>Peso: 1680 gramos<\/p>\n<p>Cuerpo del cassette: SHIMANO HG 11v\/12v &#8211; SRAM XDR<\/p>\n<p>Tubeless Ready<\/p>\n<p>Montaje de disco con 6 tornillos<\/p>\n<p>Eje 12mm<\/p>\n<p>&nbsp;<\/p>\n<p>&nbsp;<\/p>","protected":false},"excerpt":{"rendered":"<p>Las nuevas ruedas VISION Trimax 35 es perfecta para ir r\u00e1pido en asfalto, tierra o para carreras de ciclocross. Las ruedas incorporan bujes para frenos de disco disponibles con montaje de 6 tornillos. Materiales: Aluminio Peso: 1680 gramos Cuerpo del cassette: SHIMANO HG 11v\/12v &#8211; SRAM XDR Tubeless Ready Montaje de disco con 6 tornillos [&hellip;]<\/p>\n","protected":false},"featured_media":21000,"comment_status":"closed","ping_status":"closed","template":"","meta":[],"product_brand":[],"product_cat":[16,38,45],"product_tag":[],"class_list":{"0":"post-20997","1":"product","2":"type-product","3":"status-publish","4":"has-post-thumbnail","6":"product_cat-carretera-gravel-bicicletas","7":"product_cat-ruedas-neumatico-tubular","8":"product_cat-ruedas-aluminio-carretera","9":"product_shipping_class-no-bicicletas","11":"first","12":"instock","13":"sale","14":"shipping-taxable","15":"purchasable","16":"product-type-variable"},"yoast_head":"<!-- This site is optimized with the Yoast SEO plugin v27.6 - https:\/\/yoast.com\/product\/yoast-seo-wordpress\/ -->\n<title>RUEDAS VISION TRIMAX 35 Disco - Tienda de bicicletas | VELOAXE<\/title>\n<meta name=\"description\" content=\"Ruedas carbono VISION TRIMAX 35 DISCO - la opci\u00f3n perfecta para mejorar el rendimiento de tu bicicleta de carretera o Gravel.\" \/>\n<meta name=\"robots\" content=\"index, follow, max-snippet:-1, max-image-preview:large, max-video-preview:-1\" \/>\n<link rel=\"canonical\" href=\"https:\/\/veloaxe.com\/fr\/produit\/ruedas-vision-trimax-35-disco\/\" \/>\n<meta property=\"og:locale\" content=\"fr_FR\" \/>\n<meta property=\"og:type\" content=\"article\" \/>\n<meta property=\"og:title\" content=\"RUEDAS VISION TRIMAX 35 Disco - Tienda de bicicletas | VELOAXE\" \/>\n<meta property=\"og:description\" content=\"Ruedas carbono VISION TRIMAX 35 DISCO - la opci\u00f3n perfecta para mejorar el rendimiento de tu bicicleta de carretera o Gravel.\" \/>\n<meta property=\"og:url\" content=\"https:\/\/veloaxe.com\/fr\/produit\/ruedas-vision-trimax-35-disco\/\" \/>\n<meta property=\"og:site_name\" content=\"Tienda de bicicletas | VELOAXE\" \/>\n<meta property=\"article:publisher\" content=\"https:\/\/www.facebook.com\/veloaxe\" \/>\n<meta property=\"article:modified_time\" content=\"2025-11-20T08:34:32+00:00\" \/>\n<meta property=\"og:image\" content=\"https:\/\/veloaxe.com\/wp-content\/uploads\/2025\/11\/ruedas-vision-trimax-35.jpg\" \/>\n\t<meta property=\"og:image:width\" content=\"2000\" \/>\n\t<meta property=\"og:image:height\" content=\"2000\" \/>\n\t<meta property=\"og:image:type\" content=\"image\/jpeg\" \/>\n<meta name=\"twitter:card\" content=\"summary_large_image\" \/>\n<meta name=\"twitter:label1\" content=\"Dur\u00e9e de lecture estim\u00e9e\" \/>\n\t<meta name=\"twitter:data1\" content=\"1 minute\" \/>\n<script type=\"application\/ld+json\" class=\"yoast-schema-graph\">{\"@context\":\"https:\\\/\\\/schema.org\",\"@graph\":[{\"@type\":\"WebPage\",\"@id\":\"https:\\\/\\\/veloaxe.com\\\/producto\\\/ruedas-vision-trimax-35-disco\\\/\",\"url\":\"https:\\\/\\\/veloaxe.com\\\/producto\\\/ruedas-vision-trimax-35-disco\\\/\",\"name\":\"RUEDAS VISION TRIMAX 35 Disco - Tienda de bicicletas | VELOAXE\",\"isPartOf\":{\"@id\":\"https:\\\/\\\/veloaxe.com\\\/#website\"},\"primaryImageOfPage\":{\"@id\":\"https:\\\/\\\/veloaxe.com\\\/producto\\\/ruedas-vision-trimax-35-disco\\\/#primaryimage\"},\"image\":{\"@id\":\"https:\\\/\\\/veloaxe.com\\\/producto\\\/ruedas-vision-trimax-35-disco\\\/#primaryimage\"},\"thumbnailUrl\":\"https:\\\/\\\/veloaxe.com\\\/wp-content\\\/uploads\\\/2025\\\/11\\\/ruedas-vision-trimax-35.jpg\",\"datePublished\":\"2025-11-20T08:07:47+00:00\",\"dateModified\":\"2025-11-20T08:34:32+00:00\",\"description\":\"Ruedas carbono VISION TRIMAX 35 DISCO - la opci\u00f3n perfecta para mejorar el rendimiento de tu bicicleta de carretera o Gravel.\",\"breadcrumb\":{\"@id\":\"https:\\\/\\\/veloaxe.com\\\/producto\\\/ruedas-vision-trimax-35-disco\\\/#breadcrumb\"},\"inLanguage\":\"fr-FR\",\"potentialAction\":[{\"@type\":\"ReadAction\",\"target\":[\"https:\\\/\\\/veloaxe.com\\\/producto\\\/ruedas-vision-trimax-35-disco\\\/\"]}]},{\"@type\":\"ImageObject\",\"inLanguage\":\"fr-FR\",\"@id\":\"https:\\\/\\\/veloaxe.com\\\/producto\\\/ruedas-vision-trimax-35-disco\\\/#primaryimage\",\"url\":\"https:\\\/\\\/veloaxe.com\\\/wp-content\\\/uploads\\\/2025\\\/11\\\/ruedas-vision-trimax-35.jpg\",\"contentUrl\":\"https:\\\/\\\/veloaxe.com\\\/wp-content\\\/uploads\\\/2025\\\/11\\\/ruedas-vision-trimax-35.jpg\",\"width\":2000,\"height\":2000,\"caption\":\"ruedas-vision-trimax-35\"},{\"@type\":\"BreadcrumbList\",\"@id\":\"https:\\\/\\\/veloaxe.com\\\/producto\\\/ruedas-vision-trimax-35-disco\\\/#breadcrumb\",\"itemListElement\":[{\"@type\":\"ListItem\",\"position\":1,\"name\":\"Portada\",\"item\":\"https:\\\/\\\/veloaxe.com\\\/\"},{\"@type\":\"ListItem\",\"position\":2,\"name\":\"Shop\",\"item\":\"https:\\\/\\\/paleturquoise-herring-271034.hostingersite.com\\\/shop\\\/\"},{\"@type\":\"ListItem\",\"position\":3,\"name\":\"RUEDAS VISION TRIMAX 35 Disco\"}]},{\"@type\":\"WebSite\",\"@id\":\"https:\\\/\\\/veloaxe.com\\\/#website\",\"url\":\"https:\\\/\\\/veloaxe.com\\\/\",\"name\":\"Tienda de bicicletas | VELOAXE\",\"description\":\"Descubre una amplia selecci\u00f3n de bicicletas de alta calidad, desde modelos urbanos y de monta\u00f1a hasta bicicletas de carretera de \u00faltima generaci\u00f3n. Con un servicio experto y accesorios especializados, estamos comprometidos a brindarte la mejor experiencia ciclista.\",\"publisher\":{\"@id\":\"https:\\\/\\\/veloaxe.com\\\/#organization\"},\"potentialAction\":[{\"@type\":\"SearchAction\",\"target\":{\"@type\":\"EntryPoint\",\"urlTemplate\":\"https:\\\/\\\/veloaxe.com\\\/?s={search_term_string}\"},\"query-input\":{\"@type\":\"PropertyValueSpecification\",\"valueRequired\":true,\"valueName\":\"search_term_string\"}}],\"inLanguage\":\"fr-FR\"},{\"@type\":\"Organization\",\"@id\":\"https:\\\/\\\/veloaxe.com\\\/#organization\",\"name\":\"Tienda de bicicletas | VELOAXE\",\"url\":\"https:\\\/\\\/veloaxe.com\\\/\",\"logo\":{\"@type\":\"ImageObject\",\"inLanguage\":\"fr-FR\",\"@id\":\"https:\\\/\\\/veloaxe.com\\\/#\\\/schema\\\/logo\\\/image\\\/\",\"url\":\"https:\\\/\\\/veloaxe.com\\\/wp-content\\\/uploads\\\/2026\\\/01\\\/cropped-logo-1.jpg\",\"contentUrl\":\"https:\\\/\\\/veloaxe.com\\\/wp-content\\\/uploads\\\/2026\\\/01\\\/cropped-logo-1.jpg\",\"width\":1273,\"height\":363,\"caption\":\"Tienda de bicicletas | VELOAXE\"},\"image\":{\"@id\":\"https:\\\/\\\/veloaxe.com\\\/#\\\/schema\\\/logo\\\/image\\\/\"},\"sameAs\":[\"https:\\\/\\\/www.facebook.com\\\/veloaxe\"]}]}<\/script>\n<!-- \/ Yoast SEO plugin. -->","yoast_head_json":{"title":"RUEDAS VISION TRIMAX 35 Disco - Tienda de bicicletas | VELOAXE","description":"Ruedas carbono VISION TRIMAX 35 DISCO - la opci\u00f3n perfecta para mejorar el rendimiento de tu bicicleta de carretera o Gravel.","robots":{"index":"index","follow":"follow","max-snippet":"max-snippet:-1","max-image-preview":"max-image-preview:large","max-video-preview":"max-video-preview:-1"},"canonical":"https:\/\/veloaxe.com\/fr\/produit\/ruedas-vision-trimax-35-disco\/","og_locale":"fr_FR","og_type":"article","og_title":"RUEDAS VISION TRIMAX 35 Disco - Tienda de bicicletas | VELOAXE","og_description":"Ruedas carbono VISION TRIMAX 35 DISCO - la opci\u00f3n perfecta para mejorar el rendimiento de tu bicicleta de carretera o Gravel.","og_url":"https:\/\/veloaxe.com\/fr\/produit\/ruedas-vision-trimax-35-disco\/","og_site_name":"Tienda de bicicletas | VELOAXE","article_publisher":"https:\/\/www.facebook.com\/veloaxe","article_modified_time":"2025-11-20T08:34:32+00:00","og_image":[{"width":2000,"height":2000,"url":"https:\/\/veloaxe.com\/wp-content\/uploads\/2025\/11\/ruedas-vision-trimax-35.jpg","type":"image\/jpeg"}],"twitter_card":"summary_large_image","twitter_misc":{"Dur\u00e9e de lecture estim\u00e9e":"1 minute"},"schema":{"@context":"https:\/\/schema.org","@graph":[{"@type":"WebPage","@id":"https:\/\/veloaxe.com\/producto\/ruedas-vision-trimax-35-disco\/","url":"https:\/\/veloaxe.com\/producto\/ruedas-vision-trimax-35-disco\/","name":"RUEDAS VISION TRIMAX 35 Disco - Tienda de bicicletas | VELOAXE","isPartOf":{"@id":"https:\/\/veloaxe.com\/#website"},"primaryImageOfPage":{"@id":"https:\/\/veloaxe.com\/producto\/ruedas-vision-trimax-35-disco\/#primaryimage"},"image":{"@id":"https:\/\/veloaxe.com\/producto\/ruedas-vision-trimax-35-disco\/#primaryimage"},"thumbnailUrl":"https:\/\/veloaxe.com\/wp-content\/uploads\/2025\/11\/ruedas-vision-trimax-35.jpg","datePublished":"2025-11-20T08:07:47+00:00","dateModified":"2025-11-20T08:34:32+00:00","description":"Ruedas carbono VISION TRIMAX 35 DISCO - la opci\u00f3n perfecta para mejorar el rendimiento de tu bicicleta de carretera o Gravel.","breadcrumb":{"@id":"https:\/\/veloaxe.com\/producto\/ruedas-vision-trimax-35-disco\/#breadcrumb"},"inLanguage":"fr-FR","potentialAction":[{"@type":"ReadAction","target":["https:\/\/veloaxe.com\/producto\/ruedas-vision-trimax-35-disco\/"]}]},{"@type":"ImageObject","inLanguage":"fr-FR","@id":"https:\/\/veloaxe.com\/producto\/ruedas-vision-trimax-35-disco\/#primaryimage","url":"https:\/\/veloaxe.com\/wp-content\/uploads\/2025\/11\/ruedas-vision-trimax-35.jpg","contentUrl":"https:\/\/veloaxe.com\/wp-content\/uploads\/2025\/11\/ruedas-vision-trimax-35.jpg","width":2000,"height":2000,"caption":"ruedas-vision-trimax-35"},{"@type":"BreadcrumbList","@id":"https:\/\/veloaxe.com\/producto\/ruedas-vision-trimax-35-disco\/#breadcrumb","itemListElement":[{"@type":"ListItem","position":1,"name":"Portada","item":"https:\/\/veloaxe.com\/"},{"@type":"ListItem","position":2,"name":"Shop","item":"https:\/\/paleturquoise-herring-271034.hostingersite.com\/shop\/"},{"@type":"ListItem","position":3,"name":"RUEDAS VISION TRIMAX 35 Disco"}]},{"@type":"WebSite","@id":"https:\/\/veloaxe.com\/#website","url":"https:\/\/veloaxe.com\/","name":"Boutique de v\u00e9lo en ligne | VELOAXE","description":"D\u00e9couvrez une large s\u00e9lection de v\u00e9los de haute qualit\u00e9, des mod\u00e8les urbains et de montagne aux v\u00e9los de route de pointe. Avec un service d'experts et des accessoires sp\u00e9cialis\u00e9s, nous nous engageons \u00e0 vous offrir la meilleure exp\u00e9rience de cyclisme.","publisher":{"@id":"https:\/\/veloaxe.com\/#organization"},"potentialAction":[{"@type":"SearchAction","target":{"@type":"EntryPoint","urlTemplate":"https:\/\/veloaxe.com\/?s={search_term_string}"},"query-input":{"@type":"PropertyValueSpecification","valueRequired":true,"valueName":"search_term_string"}}],"inLanguage":"fr-FR"},{"@type":"Organization","@id":"https:\/\/veloaxe.com\/#organization","name":"Boutique de v\u00e9lo en ligne | VELOAXE","url":"https:\/\/veloaxe.com\/","logo":{"@type":"ImageObject","inLanguage":"fr-FR","@id":"https:\/\/veloaxe.com\/#\/schema\/logo\/image\/","url":"https:\/\/veloaxe.com\/wp-content\/uploads\/2026\/01\/cropped-logo-1.jpg","contentUrl":"https:\/\/veloaxe.com\/wp-content\/uploads\/2026\/01\/cropped-logo-1.jpg","width":1273,"height":363,"caption":"Tienda de bicicletas | VELOAXE"},"image":{"@id":"https:\/\/veloaxe.com\/#\/schema\/logo\/image\/"},"sameAs":["https:\/\/www.facebook.com\/veloaxe"]}]}},"_links":{"self":[{"href":"https:\/\/veloaxe.com\/fr\/wp-json\/wp\/v2\/product\/20997","targetHints":{"allow":["GET"]}}],"collection":[{"href":"https:\/\/veloaxe.com\/fr\/wp-json\/wp\/v2\/product"}],"about":[{"href":"https:\/\/veloaxe.com\/fr\/wp-json\/wp\/v2\/types\/product"}],"replies":[{"embeddable":true,"href":"https:\/\/veloaxe.com\/fr\/wp-json\/wp\/v2\/comments?post=20997"}],"wp:featuredmedia":[{"embeddable":true,"href":"https:\/\/veloaxe.com\/fr\/wp-json\/wp\/v2\/media\/21000"}],"wp:attachment":[{"href":"https:\/\/veloaxe.com\/fr\/wp-json\/wp\/v2\/media?parent=20997"}],"wp:term":[{"taxonomy":"product_brand","embeddable":true,"href":"https:\/\/veloaxe.com\/fr\/wp-json\/wp\/v2\/product_brand?post=20997"},{"taxonomy":"product_cat","embeddable":true,"href":"https:\/\/veloaxe.com\/fr\/wp-json\/wp\/v2\/product_cat?post=20997"},{"taxonomy":"product_tag","embeddable":true,"href":"https:\/\/veloaxe.com\/fr\/wp-json\/wp\/v2\/product_tag?post=20997"}],"curies":[{"name":"wp","href":"https:\/\/api.w.org\/{rel}","templated":true}]}}