{"id":21,"date":"2022-08-25T17:28:54","date_gmt":"2022-08-25T17:28:54","guid":{"rendered":"https:\/\/veloaxe.com\/?post_type=product&#038;p=21"},"modified":"2025-11-07T13:41:08","modified_gmt":"2025-11-07T13:41:08","slug":"kit-espaciadores-fsa-1-1-8","status":"publish","type":"product","link":"https:\/\/veloaxe.com\/fr\/produit\/kit-espaciadores-fsa-1-1-8\/","title":{"rendered":"KIT ESPACIADORES FSA &#8211; 1-1.8&#8243;"},"content":{"rendered":"<p>Espaciador de direcci\u00f3n, para ajustar el juego de la direcci\u00f3n para que la tapa del volante no golpee el marco cuando est\u00e1 en movimiento. El espaciador de direcci\u00f3n proporciona una direcci\u00f3n flexible y precisa.<\/p>\n<p>Espesor: 0,26 mm<\/p>\n<p>Tim\u00f3n: 1-1\/8<\/p>\n<p>Vendido Individualmente.<\/p>","protected":false},"excerpt":{"rendered":"<p>Espaciador de direcci\u00f3n, para ajustar el juego de la direcci\u00f3n para que la tapa del volante no golpee el marco cuando est\u00e1 en movimiento. El espaciador de direcci\u00f3n proporciona una direcci\u00f3n flexible y precisa. Espesor: 0,26 mm Tim\u00f3n: 1-1\/8 Vendido Individualmente.<\/p>","protected":false},"featured_media":44,"comment_status":"open","ping_status":"closed","template":"","meta":[],"product_brand":[],"product_cat":[16,19,20],"product_tag":[],"class_list":{"0":"post-21","1":"product","2":"type-product","3":"status-publish","4":"has-post-thumbnail","6":"product_cat-carretera-gravel-bicicletas","7":"product_cat-componentes-de-bicicletas","8":"product_cat-direcciones-bicicletas","9":"product_shipping_class-no-bicicletas","11":"first","12":"instock","13":"shipping-taxable","14":"purchasable","15":"product-type-simple"},"yoast_head":"<!-- This site is optimized with the Yoast SEO plugin v27.6 - https:\/\/yoast.com\/product\/yoast-seo-wordpress\/ -->\n<title>KIT ESPACIADORES FSA - 1-1.8&quot; - Tienda de bicicletas | VELOAXE<\/title>\n<meta name=\"description\" content=\"KIT ESPACIADORES DE DIRECCION FSA en VELOAXE.COM por so\u0301lo 9,95 \u20ac. Gastos de env\u00edo desde 4,49 euros . Facilidad de pago disponible.\" \/>\n<meta name=\"robots\" content=\"index, follow, max-snippet:-1, max-image-preview:large, max-video-preview:-1\" \/>\n<link rel=\"canonical\" href=\"https:\/\/veloaxe.com\/fr\/produit\/kit-espaciadores-fsa-1-1-8\/\" \/>\n<meta property=\"og:locale\" content=\"fr_FR\" \/>\n<meta property=\"og:type\" content=\"article\" \/>\n<meta property=\"og:title\" content=\"KIT ESPACIADORES FSA - 1-1.8&quot; - Tienda de bicicletas | VELOAXE\" \/>\n<meta property=\"og:description\" content=\"KIT ESPACIADORES DE DIRECCION FSA en VELOAXE.COM por so\u0301lo 9,95 \u20ac. Gastos de env\u00edo desde 4,49 euros . Facilidad de pago disponible.\" \/>\n<meta property=\"og:url\" content=\"https:\/\/veloaxe.com\/fr\/produit\/kit-espaciadores-fsa-1-1-8\/\" \/>\n<meta property=\"og:site_name\" content=\"Tienda de bicicletas | VELOAXE\" \/>\n<meta property=\"article:publisher\" content=\"https:\/\/www.facebook.com\/veloaxe\" \/>\n<meta property=\"article:modified_time\" content=\"2025-11-07T13:41:08+00:00\" \/>\n<meta property=\"og:image\" content=\"https:\/\/veloaxe.com\/wp-content\/uploads\/2022\/08\/1200_1500_50____1__entretoise-de-direction_6534-e1667637464249.jpg\" \/>\n\t<meta property=\"og:image:width\" content=\"978\" \/>\n\t<meta property=\"og:image:height\" content=\"543\" \/>\n\t<meta property=\"og:image:type\" content=\"image\/jpeg\" \/>\n<meta name=\"twitter:card\" content=\"summary_large_image\" \/>\n<meta name=\"twitter:label1\" content=\"Dur\u00e9e de lecture estim\u00e9e\" \/>\n\t<meta name=\"twitter:data1\" content=\"1 minute\" \/>\n<script type=\"application\/ld+json\" class=\"yoast-schema-graph\">{\"@context\":\"https:\\\/\\\/schema.org\",\"@graph\":[{\"@type\":\"WebPage\",\"@id\":\"https:\\\/\\\/veloaxe.com\\\/producto\\\/kit-espaciadores-fsa-1-1-8\\\/\",\"url\":\"https:\\\/\\\/veloaxe.com\\\/producto\\\/kit-espaciadores-fsa-1-1-8\\\/\",\"name\":\"KIT ESPACIADORES FSA - 1-1.8\\\" - Tienda de bicicletas | VELOAXE\",\"isPartOf\":{\"@id\":\"https:\\\/\\\/veloaxe.com\\\/#website\"},\"primaryImageOfPage\":{\"@id\":\"https:\\\/\\\/veloaxe.com\\\/producto\\\/kit-espaciadores-fsa-1-1-8\\\/#primaryimage\"},\"image\":{\"@id\":\"https:\\\/\\\/veloaxe.com\\\/producto\\\/kit-espaciadores-fsa-1-1-8\\\/#primaryimage\"},\"thumbnailUrl\":\"https:\\\/\\\/veloaxe.com\\\/wp-content\\\/uploads\\\/2022\\\/08\\\/1200_1500_50____1__entretoise-de-direction_6534-e1667637464249.jpg\",\"datePublished\":\"2022-08-25T17:28:54+00:00\",\"dateModified\":\"2025-11-07T13:41:08+00:00\",\"description\":\"KIT ESPACIADORES DE DIRECCION FSA en VELOAXE.COM por so\u0301lo 9,95 \u20ac. Gastos de env\u00edo desde 4,49 euros . Facilidad de pago disponible.\",\"breadcrumb\":{\"@id\":\"https:\\\/\\\/veloaxe.com\\\/producto\\\/kit-espaciadores-fsa-1-1-8\\\/#breadcrumb\"},\"inLanguage\":\"fr-FR\",\"potentialAction\":[{\"@type\":\"ReadAction\",\"target\":[\"https:\\\/\\\/veloaxe.com\\\/producto\\\/kit-espaciadores-fsa-1-1-8\\\/\"]}]},{\"@type\":\"ImageObject\",\"inLanguage\":\"fr-FR\",\"@id\":\"https:\\\/\\\/veloaxe.com\\\/producto\\\/kit-espaciadores-fsa-1-1-8\\\/#primaryimage\",\"url\":\"https:\\\/\\\/veloaxe.com\\\/wp-content\\\/uploads\\\/2022\\\/08\\\/1200_1500_50____1__entretoise-de-direction_6534-e1667637464249.jpg\",\"contentUrl\":\"https:\\\/\\\/veloaxe.com\\\/wp-content\\\/uploads\\\/2022\\\/08\\\/1200_1500_50____1__entretoise-de-direction_6534-e1667637464249.jpg\",\"width\":978,\"height\":543,\"caption\":\"kit-espaciadores-de-direccion-fsa\"},{\"@type\":\"BreadcrumbList\",\"@id\":\"https:\\\/\\\/veloaxe.com\\\/producto\\\/kit-espaciadores-fsa-1-1-8\\\/#breadcrumb\",\"itemListElement\":[{\"@type\":\"ListItem\",\"position\":1,\"name\":\"Portada\",\"item\":\"https:\\\/\\\/paleturquoise-herring-271034.hostingersite.com\\\/\"},{\"@type\":\"ListItem\",\"position\":2,\"name\":\"Shop\",\"item\":\"https:\\\/\\\/paleturquoise-herring-271034.hostingersite.com\\\/shop\\\/\"},{\"@type\":\"ListItem\",\"position\":3,\"name\":\"KIT ESPACIADORES FSA &#8211; 1-1.8&#8243;\"}]},{\"@type\":\"WebSite\",\"@id\":\"https:\\\/\\\/veloaxe.com\\\/#website\",\"url\":\"https:\\\/\\\/veloaxe.com\\\/\",\"name\":\"Tienda de bicicletas | VELOAXE\",\"description\":\"Descubre una amplia selecci\u00f3n de bicicletas de alta calidad, desde modelos urbanos y de monta\u00f1a hasta bicicletas de carretera de \u00faltima generaci\u00f3n. Con un servicio experto y accesorios especializados, estamos comprometidos a brindarte la mejor experiencia ciclista.\",\"publisher\":{\"@id\":\"https:\\\/\\\/veloaxe.com\\\/#organization\"},\"potentialAction\":[{\"@type\":\"SearchAction\",\"target\":{\"@type\":\"EntryPoint\",\"urlTemplate\":\"https:\\\/\\\/veloaxe.com\\\/?s={search_term_string}\"},\"query-input\":{\"@type\":\"PropertyValueSpecification\",\"valueRequired\":true,\"valueName\":\"search_term_string\"}}],\"inLanguage\":\"fr-FR\"},{\"@type\":\"Organization\",\"@id\":\"https:\\\/\\\/veloaxe.com\\\/#organization\",\"name\":\"Tienda de bicicletas | VELOAXE\",\"url\":\"https:\\\/\\\/veloaxe.com\\\/\",\"logo\":{\"@type\":\"ImageObject\",\"inLanguage\":\"fr-FR\",\"@id\":\"https:\\\/\\\/veloaxe.com\\\/#\\\/schema\\\/logo\\\/image\\\/\",\"url\":\"https:\\\/\\\/veloaxe.com\\\/wp-content\\\/uploads\\\/2026\\\/01\\\/cropped-logo-1.jpg\",\"contentUrl\":\"https:\\\/\\\/veloaxe.com\\\/wp-content\\\/uploads\\\/2026\\\/01\\\/cropped-logo-1.jpg\",\"width\":1273,\"height\":363,\"caption\":\"Tienda de bicicletas | VELOAXE\"},\"image\":{\"@id\":\"https:\\\/\\\/veloaxe.com\\\/#\\\/schema\\\/logo\\\/image\\\/\"},\"sameAs\":[\"https:\\\/\\\/www.facebook.com\\\/veloaxe\"]}]}<\/script>\n<!-- \/ Yoast SEO plugin. -->","yoast_head_json":{"title":"KIT ESPACIADORES FSA - 1-1.8\" - Tienda de bicicletas | VELOAXE","description":"KIT ESPACIADORES DE DIRECCION FSA en VELOAXE.COM por so\u0301lo 9,95 \u20ac. Gastos de env\u00edo desde 4,49 euros . Facilidad de pago disponible.","robots":{"index":"index","follow":"follow","max-snippet":"max-snippet:-1","max-image-preview":"max-image-preview:large","max-video-preview":"max-video-preview:-1"},"canonical":"https:\/\/veloaxe.com\/fr\/produit\/kit-espaciadores-fsa-1-1-8\/","og_locale":"fr_FR","og_type":"article","og_title":"KIT ESPACIADORES FSA - 1-1.8\" - Tienda de bicicletas | VELOAXE","og_description":"KIT ESPACIADORES DE DIRECCION FSA en VELOAXE.COM por so\u0301lo 9,95 \u20ac. Gastos de env\u00edo desde 4,49 euros . Facilidad de pago disponible.","og_url":"https:\/\/veloaxe.com\/fr\/produit\/kit-espaciadores-fsa-1-1-8\/","og_site_name":"Tienda de bicicletas | VELOAXE","article_publisher":"https:\/\/www.facebook.com\/veloaxe","article_modified_time":"2025-11-07T13:41:08+00:00","og_image":[{"width":978,"height":543,"url":"https:\/\/veloaxe.com\/wp-content\/uploads\/2022\/08\/1200_1500_50____1__entretoise-de-direction_6534-e1667637464249.jpg","type":"image\/jpeg"}],"twitter_card":"summary_large_image","twitter_misc":{"Dur\u00e9e de lecture estim\u00e9e":"1 minute"},"schema":{"@context":"https:\/\/schema.org","@graph":[{"@type":"WebPage","@id":"https:\/\/veloaxe.com\/producto\/kit-espaciadores-fsa-1-1-8\/","url":"https:\/\/veloaxe.com\/producto\/kit-espaciadores-fsa-1-1-8\/","name":"KIT ESPACIADORES FSA - 1-1.8\" - Tienda de bicicletas | VELOAXE","isPartOf":{"@id":"https:\/\/veloaxe.com\/#website"},"primaryImageOfPage":{"@id":"https:\/\/veloaxe.com\/producto\/kit-espaciadores-fsa-1-1-8\/#primaryimage"},"image":{"@id":"https:\/\/veloaxe.com\/producto\/kit-espaciadores-fsa-1-1-8\/#primaryimage"},"thumbnailUrl":"https:\/\/veloaxe.com\/wp-content\/uploads\/2022\/08\/1200_1500_50____1__entretoise-de-direction_6534-e1667637464249.jpg","datePublished":"2022-08-25T17:28:54+00:00","dateModified":"2025-11-07T13:41:08+00:00","description":"KIT ESPACIADORES DE DIRECCION FSA en VELOAXE.COM por so\u0301lo 9,95 \u20ac. Gastos de env\u00edo desde 4,49 euros . Facilidad de pago disponible.","breadcrumb":{"@id":"https:\/\/veloaxe.com\/producto\/kit-espaciadores-fsa-1-1-8\/#breadcrumb"},"inLanguage":"fr-FR","potentialAction":[{"@type":"ReadAction","target":["https:\/\/veloaxe.com\/producto\/kit-espaciadores-fsa-1-1-8\/"]}]},{"@type":"ImageObject","inLanguage":"fr-FR","@id":"https:\/\/veloaxe.com\/producto\/kit-espaciadores-fsa-1-1-8\/#primaryimage","url":"https:\/\/veloaxe.com\/wp-content\/uploads\/2022\/08\/1200_1500_50____1__entretoise-de-direction_6534-e1667637464249.jpg","contentUrl":"https:\/\/veloaxe.com\/wp-content\/uploads\/2022\/08\/1200_1500_50____1__entretoise-de-direction_6534-e1667637464249.jpg","width":978,"height":543,"caption":"kit-espaciadores-de-direccion-fsa"},{"@type":"BreadcrumbList","@id":"https:\/\/veloaxe.com\/producto\/kit-espaciadores-fsa-1-1-8\/#breadcrumb","itemListElement":[{"@type":"ListItem","position":1,"name":"Portada","item":"https:\/\/paleturquoise-herring-271034.hostingersite.com\/"},{"@type":"ListItem","position":2,"name":"Shop","item":"https:\/\/paleturquoise-herring-271034.hostingersite.com\/shop\/"},{"@type":"ListItem","position":3,"name":"KIT ESPACIADORES FSA &#8211; 1-1.8&#8243;"}]},{"@type":"WebSite","@id":"https:\/\/veloaxe.com\/#website","url":"https:\/\/veloaxe.com\/","name":"Boutique de v\u00e9lo en ligne | VELOAXE","description":"Descubre una amplia selecci\u00f3n de bicicletas de alta calidad, desde modelos urbanos y de monta\u00f1a hasta bicicletas de carretera de \u00faltima generaci\u00f3n. Con un servicio experto y accesorios especializados, estamos comprometidos a brindarte la mejor experiencia ciclista.","publisher":{"@id":"https:\/\/veloaxe.com\/#organization"},"potentialAction":[{"@type":"SearchAction","target":{"@type":"EntryPoint","urlTemplate":"https:\/\/veloaxe.com\/?s={search_term_string}"},"query-input":{"@type":"PropertyValueSpecification","valueRequired":true,"valueName":"search_term_string"}}],"inLanguage":"fr-FR"},{"@type":"Organization","@id":"https:\/\/veloaxe.com\/#organization","name":"Boutique de v\u00e9lo en ligne | VELOAXE","url":"https:\/\/veloaxe.com\/","logo":{"@type":"ImageObject","inLanguage":"fr-FR","@id":"https:\/\/veloaxe.com\/#\/schema\/logo\/image\/","url":"https:\/\/veloaxe.com\/wp-content\/uploads\/2026\/01\/cropped-logo-1.jpg","contentUrl":"https:\/\/veloaxe.com\/wp-content\/uploads\/2026\/01\/cropped-logo-1.jpg","width":1273,"height":363,"caption":"Tienda de bicicletas | VELOAXE"},"image":{"@id":"https:\/\/veloaxe.com\/#\/schema\/logo\/image\/"},"sameAs":["https:\/\/www.facebook.com\/veloaxe"]}]}},"_links":{"self":[{"href":"https:\/\/veloaxe.com\/fr\/wp-json\/wp\/v2\/product\/21","targetHints":{"allow":["GET"]}}],"collection":[{"href":"https:\/\/veloaxe.com\/fr\/wp-json\/wp\/v2\/product"}],"about":[{"href":"https:\/\/veloaxe.com\/fr\/wp-json\/wp\/v2\/types\/product"}],"replies":[{"embeddable":true,"href":"https:\/\/veloaxe.com\/fr\/wp-json\/wp\/v2\/comments?post=21"}],"wp:featuredmedia":[{"embeddable":true,"href":"https:\/\/veloaxe.com\/fr\/wp-json\/wp\/v2\/media\/44"}],"wp:attachment":[{"href":"https:\/\/veloaxe.com\/fr\/wp-json\/wp\/v2\/media?parent=21"}],"wp:term":[{"taxonomy":"product_brand","embeddable":true,"href":"https:\/\/veloaxe.com\/fr\/wp-json\/wp\/v2\/product_brand?post=21"},{"taxonomy":"product_cat","embeddable":true,"href":"https:\/\/veloaxe.com\/fr\/wp-json\/wp\/v2\/product_cat?post=21"},{"taxonomy":"product_tag","embeddable":true,"href":"https:\/\/veloaxe.com\/fr\/wp-json\/wp\/v2\/product_tag?post=21"}],"curies":[{"name":"wp","href":"https:\/\/api.w.org\/{rel}","templated":true}]}}