{"id":21006,"date":"2025-11-20T09:02:25","date_gmt":"2025-11-20T09:02:25","guid":{"rendered":"https:\/\/veloaxe.com\/?post_type=product&#038;p=21006"},"modified":"2025-11-20T09:17:40","modified_gmt":"2025-11-20T09:17:40","slug":"ruedas-vision-sc-45-i25-disco","status":"publish","type":"product","link":"https:\/\/veloaxe.com\/fr\/producto\/ruedas-vision-sc-45-i25-disco\/","title":{"rendered":"RUEDAS VISION SC 45 I25 Disco"},"content":{"rendered":"<p>El nuevo juego de ruedas<strong> VISION SC 48 i25<\/strong> cuenta con una llanta de carbono de perfil aerodin\u00e1mico de 48 mm y un canal interno de 25 mm optimizado para neum\u00e1ticos anchos, lo que la convierte en una rueda h\u00edbrida, ideal tanto para carretera como para gravel. Sus 24 radios aerodin\u00e1micos con patr\u00f3n de cruce 2:1 est\u00e1n montados sobre bujes de tiro recto. El n\u00facleo trasero, montado sobre el popular buje V-200 Vision, incorpora un sistema de trinquetes mejorado y un dise\u00f1o actualizado sin ajuste de precarga de rodamientos, pero con tapas de extremo a presi\u00f3n, para mayor fiabilidad y un mantenimiento m\u00e1s sencillo.<\/p>\n<ul>\n<li><strong>ELECCI\u00d3N AERO-GRAVEL<\/strong> : El nuevo juego de ruedas <strong>VISION SC 48 i25<\/strong> cuenta con una llanta de carbono, caracterizada por un perfil aerodin\u00e1mico de 48 mm y un canal interno en forma de gancho de 25 mm optimizado para neum\u00e1ticos anchos, lo que convierte a esta rueda en un producto h\u00edbrido, id\u00f3neo tanto para carretera como para gravel.<\/li>\n<li><strong>BUJE VISION V-200, EL M\u00c1S VENDIDO<\/strong> : Los 24 radios aerodin\u00e1micos con patr\u00f3n de cruce 2:1 est\u00e1n montados sobre bujes de tiro recto. El n\u00facleo trasero, incluido en el popular buje Vision V-200, cuenta con un sistema de trinquetes mejorado, un dise\u00f1o actualizado sin ajuste de precarga de rodamientos pero con tapas de extremo a presi\u00f3n, para mayor fiabilidad y un mantenimiento m\u00e1s sencillo.<\/li>\n<\/ul>\n<p>Mat\u00e9riaux : Carbone<\/p>\n<p>Peso: 1594 gramos<\/p>\n<p>Cuerpo del cassette: SHIMANO HG 11v\/12v &#8211; SRAM XDR<\/p>\n<p>Tubeless Ready<\/p>\n<p>Center lock<\/p>\n<p>&nbsp;<\/p>\n<p>&nbsp;<\/p>","protected":false},"excerpt":{"rendered":"<p>El nuevo juego de ruedas VISION SC 48 i25 cuenta con una llanta de carbono de perfil aerodin\u00e1mico de 48 mm y un canal interno de 25 mm optimizado para neum\u00e1ticos anchos, lo que la convierte en una rueda h\u00edbrida, ideal tanto para carretera como para gravel. Sus 24 radios aerodin\u00e1micos con patr\u00f3n de cruce [&hellip;]<\/p>\n","protected":false},"featured_media":21009,"comment_status":"closed","ping_status":"closed","template":"","meta":[],"product_brand":[],"product_cat":[16,38,133],"product_tag":[],"class_list":{"0":"post-21006","1":"product","2":"type-product","3":"status-publish","4":"has-post-thumbnail","6":"product_cat-carretera-gravel-bicicletas","7":"product_cat-ruedas-neumatico-tubular","8":"product_cat-ruedas-carbono-carretera","9":"product_shipping_class-no-bicicletas","11":"first","12":"instock","13":"sale","14":"shipping-taxable","15":"purchasable","16":"product-type-variable"},"yoast_head":"<!-- This site is optimized with the Yoast SEO plugin v27.6 - https:\/\/yoast.com\/product\/yoast-seo-wordpress\/ -->\n<title>RUEDAS VISION SC 45 I25 Disco - Tienda de bicicletas | VELOAXE<\/title>\n<meta name=\"description\" content=\"Ruedas VISION SC 48 I25 TBL Edicion Plata- la opci\u00f3n perfecta para mejorar el rendimiento de tu bicicleta de carretera o gravel.\" \/>\n<meta name=\"robots\" content=\"index, follow, max-snippet:-1, max-image-preview:large, max-video-preview:-1\" \/>\n<link rel=\"canonical\" href=\"https:\/\/veloaxe.com\/fr\/produit\/ruedas-vision-sc-45-i25-disco\/\" \/>\n<meta property=\"og:locale\" content=\"fr_FR\" \/>\n<meta property=\"og:type\" content=\"article\" \/>\n<meta property=\"og:title\" content=\"RUEDAS VISION SC 45 I25 Disco - Tienda de bicicletas | VELOAXE\" \/>\n<meta property=\"og:description\" content=\"Ruedas VISION SC 48 I25 TBL Edicion Plata- la opci\u00f3n perfecta para mejorar el rendimiento de tu bicicleta de carretera o gravel.\" \/>\n<meta property=\"og:url\" content=\"https:\/\/veloaxe.com\/fr\/produit\/ruedas-vision-sc-45-i25-disco\/\" \/>\n<meta property=\"og:site_name\" content=\"Tienda de bicicletas | VELOAXE\" \/>\n<meta property=\"article:publisher\" content=\"https:\/\/www.facebook.com\/veloaxe\" \/>\n<meta property=\"article:modified_time\" content=\"2025-11-20T09:17:40+00:00\" \/>\n<meta property=\"og:image\" content=\"https:\/\/veloaxe.com\/wp-content\/uploads\/2025\/11\/ruedas-vision-sc-48-i25-carbono.png\" \/>\n\t<meta property=\"og:image:width\" content=\"2000\" \/>\n\t<meta property=\"og:image:height\" content=\"2000\" \/>\n\t<meta property=\"og:image:type\" content=\"image\/png\" \/>\n<meta name=\"twitter:card\" content=\"summary_large_image\" \/>\n<meta name=\"twitter:label1\" content=\"Dur\u00e9e de lecture estim\u00e9e\" \/>\n\t<meta name=\"twitter:data1\" content=\"2 minutes\" \/>\n<script type=\"application\/ld+json\" class=\"yoast-schema-graph\">{\"@context\":\"https:\\\/\\\/schema.org\",\"@graph\":[{\"@type\":\"WebPage\",\"@id\":\"https:\\\/\\\/veloaxe.com\\\/producto\\\/ruedas-vision-sc-45-i25-disco\\\/\",\"url\":\"https:\\\/\\\/veloaxe.com\\\/producto\\\/ruedas-vision-sc-45-i25-disco\\\/\",\"name\":\"RUEDAS VISION SC 45 I25 Disco - Tienda de bicicletas | VELOAXE\",\"isPartOf\":{\"@id\":\"https:\\\/\\\/veloaxe.com\\\/#website\"},\"primaryImageOfPage\":{\"@id\":\"https:\\\/\\\/veloaxe.com\\\/producto\\\/ruedas-vision-sc-45-i25-disco\\\/#primaryimage\"},\"image\":{\"@id\":\"https:\\\/\\\/veloaxe.com\\\/producto\\\/ruedas-vision-sc-45-i25-disco\\\/#primaryimage\"},\"thumbnailUrl\":\"https:\\\/\\\/veloaxe.com\\\/wp-content\\\/uploads\\\/2025\\\/11\\\/ruedas-vision-sc-48-i25-carbono.png\",\"datePublished\":\"2025-11-20T09:02:25+00:00\",\"dateModified\":\"2025-11-20T09:17:40+00:00\",\"description\":\"Ruedas VISION SC 48 I25 TBL Edicion Plata- la opci\u00f3n perfecta para mejorar el rendimiento de tu bicicleta de carretera o gravel.\",\"breadcrumb\":{\"@id\":\"https:\\\/\\\/veloaxe.com\\\/producto\\\/ruedas-vision-sc-45-i25-disco\\\/#breadcrumb\"},\"inLanguage\":\"fr-FR\",\"potentialAction\":[{\"@type\":\"ReadAction\",\"target\":[\"https:\\\/\\\/veloaxe.com\\\/producto\\\/ruedas-vision-sc-45-i25-disco\\\/\"]}]},{\"@type\":\"ImageObject\",\"inLanguage\":\"fr-FR\",\"@id\":\"https:\\\/\\\/veloaxe.com\\\/producto\\\/ruedas-vision-sc-45-i25-disco\\\/#primaryimage\",\"url\":\"https:\\\/\\\/veloaxe.com\\\/wp-content\\\/uploads\\\/2025\\\/11\\\/ruedas-vision-sc-48-i25-carbono.png\",\"contentUrl\":\"https:\\\/\\\/veloaxe.com\\\/wp-content\\\/uploads\\\/2025\\\/11\\\/ruedas-vision-sc-48-i25-carbono.png\",\"width\":2000,\"height\":2000,\"caption\":\"ruedas-vision-sc-48-i25-carbono\"},{\"@type\":\"BreadcrumbList\",\"@id\":\"https:\\\/\\\/veloaxe.com\\\/producto\\\/ruedas-vision-sc-45-i25-disco\\\/#breadcrumb\",\"itemListElement\":[{\"@type\":\"ListItem\",\"position\":1,\"name\":\"Portada\",\"item\":\"https:\\\/\\\/veloaxe.com\\\/\"},{\"@type\":\"ListItem\",\"position\":2,\"name\":\"Shop\",\"item\":\"https:\\\/\\\/paleturquoise-herring-271034.hostingersite.com\\\/shop\\\/\"},{\"@type\":\"ListItem\",\"position\":3,\"name\":\"RUEDAS VISION SC 45 I25 Disco\"}]},{\"@type\":\"WebSite\",\"@id\":\"https:\\\/\\\/veloaxe.com\\\/#website\",\"url\":\"https:\\\/\\\/veloaxe.com\\\/\",\"name\":\"Tienda de bicicletas | VELOAXE\",\"description\":\"Descubre una amplia selecci\u00f3n de bicicletas de alta calidad, desde modelos urbanos y de monta\u00f1a hasta bicicletas de carretera de \u00faltima generaci\u00f3n. Con un servicio experto y accesorios especializados, estamos comprometidos a brindarte la mejor experiencia ciclista.\",\"publisher\":{\"@id\":\"https:\\\/\\\/veloaxe.com\\\/#organization\"},\"potentialAction\":[{\"@type\":\"SearchAction\",\"target\":{\"@type\":\"EntryPoint\",\"urlTemplate\":\"https:\\\/\\\/veloaxe.com\\\/?s={search_term_string}\"},\"query-input\":{\"@type\":\"PropertyValueSpecification\",\"valueRequired\":true,\"valueName\":\"search_term_string\"}}],\"inLanguage\":\"fr-FR\"},{\"@type\":\"Organization\",\"@id\":\"https:\\\/\\\/veloaxe.com\\\/#organization\",\"name\":\"Tienda de bicicletas | VELOAXE\",\"url\":\"https:\\\/\\\/veloaxe.com\\\/\",\"logo\":{\"@type\":\"ImageObject\",\"inLanguage\":\"fr-FR\",\"@id\":\"https:\\\/\\\/veloaxe.com\\\/#\\\/schema\\\/logo\\\/image\\\/\",\"url\":\"https:\\\/\\\/veloaxe.com\\\/wp-content\\\/uploads\\\/2026\\\/01\\\/cropped-logo-1.jpg\",\"contentUrl\":\"https:\\\/\\\/veloaxe.com\\\/wp-content\\\/uploads\\\/2026\\\/01\\\/cropped-logo-1.jpg\",\"width\":1273,\"height\":363,\"caption\":\"Tienda de bicicletas | VELOAXE\"},\"image\":{\"@id\":\"https:\\\/\\\/veloaxe.com\\\/#\\\/schema\\\/logo\\\/image\\\/\"},\"sameAs\":[\"https:\\\/\\\/www.facebook.com\\\/veloaxe\"]}]}<\/script>\n<!-- \/ Yoast SEO plugin. -->","yoast_head_json":{"title":"RUEDAS VISION SC 45 I25 Disco - Tienda de bicicletas | VELOAXE","description":"Ruedas VISION SC 48 I25 TBL Edicion Plata- la opci\u00f3n perfecta para mejorar el rendimiento de tu bicicleta de carretera o gravel.","robots":{"index":"index","follow":"follow","max-snippet":"max-snippet:-1","max-image-preview":"max-image-preview:large","max-video-preview":"max-video-preview:-1"},"canonical":"https:\/\/veloaxe.com\/fr\/produit\/ruedas-vision-sc-45-i25-disco\/","og_locale":"fr_FR","og_type":"article","og_title":"RUEDAS VISION SC 45 I25 Disco - Tienda de bicicletas | VELOAXE","og_description":"Ruedas VISION SC 48 I25 TBL Edicion Plata- la opci\u00f3n perfecta para mejorar el rendimiento de tu bicicleta de carretera o gravel.","og_url":"https:\/\/veloaxe.com\/fr\/produit\/ruedas-vision-sc-45-i25-disco\/","og_site_name":"Tienda de bicicletas | VELOAXE","article_publisher":"https:\/\/www.facebook.com\/veloaxe","article_modified_time":"2025-11-20T09:17:40+00:00","og_image":[{"width":2000,"height":2000,"url":"https:\/\/veloaxe.com\/wp-content\/uploads\/2025\/11\/ruedas-vision-sc-48-i25-carbono.png","type":"image\/png"}],"twitter_card":"summary_large_image","twitter_misc":{"Dur\u00e9e de lecture estim\u00e9e":"2 minutes"},"schema":{"@context":"https:\/\/schema.org","@graph":[{"@type":"WebPage","@id":"https:\/\/veloaxe.com\/producto\/ruedas-vision-sc-45-i25-disco\/","url":"https:\/\/veloaxe.com\/producto\/ruedas-vision-sc-45-i25-disco\/","name":"RUEDAS VISION SC 45 I25 Disco - Tienda de bicicletas | VELOAXE","isPartOf":{"@id":"https:\/\/veloaxe.com\/#website"},"primaryImageOfPage":{"@id":"https:\/\/veloaxe.com\/producto\/ruedas-vision-sc-45-i25-disco\/#primaryimage"},"image":{"@id":"https:\/\/veloaxe.com\/producto\/ruedas-vision-sc-45-i25-disco\/#primaryimage"},"thumbnailUrl":"https:\/\/veloaxe.com\/wp-content\/uploads\/2025\/11\/ruedas-vision-sc-48-i25-carbono.png","datePublished":"2025-11-20T09:02:25+00:00","dateModified":"2025-11-20T09:17:40+00:00","description":"Ruedas VISION SC 48 I25 TBL Edicion Plata- la opci\u00f3n perfecta para mejorar el rendimiento de tu bicicleta de carretera o gravel.","breadcrumb":{"@id":"https:\/\/veloaxe.com\/producto\/ruedas-vision-sc-45-i25-disco\/#breadcrumb"},"inLanguage":"fr-FR","potentialAction":[{"@type":"ReadAction","target":["https:\/\/veloaxe.com\/producto\/ruedas-vision-sc-45-i25-disco\/"]}]},{"@type":"ImageObject","inLanguage":"fr-FR","@id":"https:\/\/veloaxe.com\/producto\/ruedas-vision-sc-45-i25-disco\/#primaryimage","url":"https:\/\/veloaxe.com\/wp-content\/uploads\/2025\/11\/ruedas-vision-sc-48-i25-carbono.png","contentUrl":"https:\/\/veloaxe.com\/wp-content\/uploads\/2025\/11\/ruedas-vision-sc-48-i25-carbono.png","width":2000,"height":2000,"caption":"ruedas-vision-sc-48-i25-carbono"},{"@type":"BreadcrumbList","@id":"https:\/\/veloaxe.com\/producto\/ruedas-vision-sc-45-i25-disco\/#breadcrumb","itemListElement":[{"@type":"ListItem","position":1,"name":"Portada","item":"https:\/\/veloaxe.com\/"},{"@type":"ListItem","position":2,"name":"Shop","item":"https:\/\/paleturquoise-herring-271034.hostingersite.com\/shop\/"},{"@type":"ListItem","position":3,"name":"RUEDAS VISION SC 45 I25 Disco"}]},{"@type":"WebSite","@id":"https:\/\/veloaxe.com\/#website","url":"https:\/\/veloaxe.com\/","name":"Boutique de v\u00e9lo en ligne | VELOAXE","description":"D\u00e9couvrez une large s\u00e9lection de v\u00e9los de haute qualit\u00e9, des mod\u00e8les urbains et de montagne aux v\u00e9los de route de pointe. Avec un service d'experts et des accessoires sp\u00e9cialis\u00e9s, nous nous engageons \u00e0 vous offrir la meilleure exp\u00e9rience de cyclisme.","publisher":{"@id":"https:\/\/veloaxe.com\/#organization"},"potentialAction":[{"@type":"SearchAction","target":{"@type":"EntryPoint","urlTemplate":"https:\/\/veloaxe.com\/?s={search_term_string}"},"query-input":{"@type":"PropertyValueSpecification","valueRequired":true,"valueName":"search_term_string"}}],"inLanguage":"fr-FR"},{"@type":"Organization","@id":"https:\/\/veloaxe.com\/#organization","name":"Boutique de v\u00e9lo en ligne | VELOAXE","url":"https:\/\/veloaxe.com\/","logo":{"@type":"ImageObject","inLanguage":"fr-FR","@id":"https:\/\/veloaxe.com\/#\/schema\/logo\/image\/","url":"https:\/\/veloaxe.com\/wp-content\/uploads\/2026\/01\/cropped-logo-1.jpg","contentUrl":"https:\/\/veloaxe.com\/wp-content\/uploads\/2026\/01\/cropped-logo-1.jpg","width":1273,"height":363,"caption":"Tienda de bicicletas | VELOAXE"},"image":{"@id":"https:\/\/veloaxe.com\/#\/schema\/logo\/image\/"},"sameAs":["https:\/\/www.facebook.com\/veloaxe"]}]}},"_links":{"self":[{"href":"https:\/\/veloaxe.com\/fr\/wp-json\/wp\/v2\/product\/21006","targetHints":{"allow":["GET"]}}],"collection":[{"href":"https:\/\/veloaxe.com\/fr\/wp-json\/wp\/v2\/product"}],"about":[{"href":"https:\/\/veloaxe.com\/fr\/wp-json\/wp\/v2\/types\/product"}],"replies":[{"embeddable":true,"href":"https:\/\/veloaxe.com\/fr\/wp-json\/wp\/v2\/comments?post=21006"}],"wp:featuredmedia":[{"embeddable":true,"href":"https:\/\/veloaxe.com\/fr\/wp-json\/wp\/v2\/media\/21009"}],"wp:attachment":[{"href":"https:\/\/veloaxe.com\/fr\/wp-json\/wp\/v2\/media?parent=21006"}],"wp:term":[{"taxonomy":"product_brand","embeddable":true,"href":"https:\/\/veloaxe.com\/fr\/wp-json\/wp\/v2\/product_brand?post=21006"},{"taxonomy":"product_cat","embeddable":true,"href":"https:\/\/veloaxe.com\/fr\/wp-json\/wp\/v2\/product_cat?post=21006"},{"taxonomy":"product_tag","embeddable":true,"href":"https:\/\/veloaxe.com\/fr\/wp-json\/wp\/v2\/product_tag?post=21006"}],"curies":[{"name":"wp","href":"https:\/\/api.w.org\/{rel}","templated":true}]}}