{"id":21011,"date":"2025-11-20T09:23:48","date_gmt":"2025-11-20T09:23:48","guid":{"rendered":"https:\/\/veloaxe.com\/?post_type=product&#038;p=21011"},"modified":"2025-11-20T09:42:36","modified_gmt":"2025-11-20T09:42:36","slug":"ruedas-vision-metron-ttw-lenticular-tubeless","status":"publish","type":"product","link":"https:\/\/veloaxe.com\/fr\/producto\/ruedas-vision-metron-ttw-lenticular-tubeless\/","title":{"rendered":"RUEDAS VISION METRON TTW LENTICULAR TUBELESS"},"content":{"rendered":"<p><strong>Ruedas de disco Vision Metron TTW DB : M\u00e1xima eficiencia aerodin\u00e1mica &#8211;<\/strong> La rueda <strong>Vision Metron TTW<\/strong> DB Disco utilizan una construcci\u00f3n de carbono unidireccional para la llanta y las placas de cubierta, logrando as\u00ed la m\u00e1xima rigidez con un peso reducido. Su enfoque principal es la velocidad. Su ligereza garantiza una aceleraci\u00f3n r\u00e1pida, mientras que su dise\u00f1o aerodin\u00e1mico reduce la resistencia al viento y ayuda a los atletas a cortar el viento con facilidad.<\/p>\n<p><em><strong>Caracter\u00edsticas principales :<\/strong><\/em><\/p>\n<ul>\n<li>Rueda de disco de carbono basada en la METRON SL<\/li>\n<li>M\u00e1xima velocidad lograda mediante an\u00e1lisis CFD exhaustivo y pruebas en t\u00fanel de viento<\/li>\n<li>Fabricada artesanalmente con las \u00faltimas tecnolog\u00edas de carbono y procesos de fabricaci\u00f3n de precisi\u00f3n<\/li>\n<li>Montaje de disco de freno Centerlock<\/li>\n<li>Bujes con sistema Power Ratchet<\/li>\n<li>Rodamientos sellados de Cr-Mo<\/li>\n<li>Tubeless ready<\/li>\n<li>Mat\u00e9riaux : Carbone<\/li>\n<li>Peso: 1008 gramos<\/li>\n<li>Cuerpo del cassette: SHIMANO HG 11v\/12v &#8211; SRAM XDR<\/li>\n<\/ul>\n<p>&nbsp;<\/p>\n<p>&nbsp;<\/p>","protected":false},"excerpt":{"rendered":"<p>Ruedas de disco Vision Metron TTW DB : M\u00e1xima eficiencia aerodin\u00e1mica &#8211; La rueda Vision Metron TTW DB Disco utilizan una construcci\u00f3n de carbono unidireccional para la llanta y las placas de cubierta, logrando as\u00ed la m\u00e1xima rigidez con un peso reducido. Su enfoque principal es la velocidad. Su ligereza garantiza una aceleraci\u00f3n r\u00e1pida, mientras [&hellip;]<\/p>\n","protected":false},"featured_media":21014,"comment_status":"closed","ping_status":"closed","template":"","meta":[],"product_brand":[],"product_cat":[16,38,133],"product_tag":[],"class_list":{"0":"post-21011","1":"product","2":"type-product","3":"status-publish","4":"has-post-thumbnail","6":"product_cat-carretera-gravel-bicicletas","7":"product_cat-ruedas-neumatico-tubular","8":"product_cat-ruedas-carbono-carretera","9":"product_shipping_class-no-bicicletas","11":"first","12":"instock","13":"sale","14":"shipping-taxable","15":"purchasable","16":"product-type-variable"},"yoast_head":"<!-- This site is optimized with the Yoast SEO plugin v27.6 - https:\/\/yoast.com\/product\/yoast-seo-wordpress\/ -->\n<title>RUEDAS VISION METRON TTW LENTICULAR TUBELESS - Tienda de bicicletas | VELOAXE<\/title>\n<meta name=\"description\" content=\"Ruedas VISION METRON TTW LENTICULAR TBL Edicion Plata- la opci\u00f3n perfecta para mejorar el rendimiento de tu bicicleta de triatlon.\" \/>\n<meta name=\"robots\" content=\"index, follow, max-snippet:-1, max-image-preview:large, max-video-preview:-1\" \/>\n<link rel=\"canonical\" href=\"https:\/\/veloaxe.com\/fr\/produit\/ruedas-vision-metron-ttw-lenticular-tubeless\/\" \/>\n<meta property=\"og:locale\" content=\"fr_FR\" \/>\n<meta property=\"og:type\" content=\"article\" \/>\n<meta property=\"og:title\" content=\"RUEDAS VISION METRON TTW LENTICULAR TUBELESS - Tienda de bicicletas | VELOAXE\" \/>\n<meta property=\"og:description\" content=\"Ruedas VISION METRON TTW LENTICULAR TBL Edicion Plata- la opci\u00f3n perfecta para mejorar el rendimiento de tu bicicleta de triatlon.\" \/>\n<meta property=\"og:url\" content=\"https:\/\/veloaxe.com\/fr\/produit\/ruedas-vision-metron-ttw-lenticular-tubeless\/\" \/>\n<meta property=\"og:site_name\" content=\"Tienda de bicicletas | VELOAXE\" \/>\n<meta property=\"article:publisher\" content=\"https:\/\/www.facebook.com\/veloaxe\" \/>\n<meta property=\"article:modified_time\" content=\"2025-11-20T09:42:36+00:00\" \/>\n<meta property=\"og:image\" content=\"https:\/\/veloaxe.com\/wp-content\/uploads\/2025\/11\/ruedas-vision-metron-ttw-tubeless.png\" \/>\n\t<meta property=\"og:image:width\" content=\"2000\" \/>\n\t<meta property=\"og:image:height\" content=\"2000\" \/>\n\t<meta property=\"og:image:type\" content=\"image\/png\" \/>\n<meta name=\"twitter:card\" content=\"summary_large_image\" \/>\n<meta name=\"twitter:label1\" content=\"Dur\u00e9e de lecture estim\u00e9e\" \/>\n\t<meta name=\"twitter:data1\" content=\"1 minute\" \/>\n<script type=\"application\/ld+json\" class=\"yoast-schema-graph\">{\"@context\":\"https:\\\/\\\/schema.org\",\"@graph\":[{\"@type\":\"WebPage\",\"@id\":\"https:\\\/\\\/veloaxe.com\\\/producto\\\/ruedas-vision-metron-ttw-lenticular-tubeless\\\/\",\"url\":\"https:\\\/\\\/veloaxe.com\\\/producto\\\/ruedas-vision-metron-ttw-lenticular-tubeless\\\/\",\"name\":\"RUEDAS VISION METRON TTW LENTICULAR TUBELESS - Tienda de bicicletas | VELOAXE\",\"isPartOf\":{\"@id\":\"https:\\\/\\\/veloaxe.com\\\/#website\"},\"primaryImageOfPage\":{\"@id\":\"https:\\\/\\\/veloaxe.com\\\/producto\\\/ruedas-vision-metron-ttw-lenticular-tubeless\\\/#primaryimage\"},\"image\":{\"@id\":\"https:\\\/\\\/veloaxe.com\\\/producto\\\/ruedas-vision-metron-ttw-lenticular-tubeless\\\/#primaryimage\"},\"thumbnailUrl\":\"https:\\\/\\\/veloaxe.com\\\/wp-content\\\/uploads\\\/2025\\\/11\\\/ruedas-vision-metron-ttw-tubeless.png\",\"datePublished\":\"2025-11-20T09:23:48+00:00\",\"dateModified\":\"2025-11-20T09:42:36+00:00\",\"description\":\"Ruedas VISION METRON TTW LENTICULAR TBL Edicion Plata- la opci\u00f3n perfecta para mejorar el rendimiento de tu bicicleta de triatlon.\",\"breadcrumb\":{\"@id\":\"https:\\\/\\\/veloaxe.com\\\/producto\\\/ruedas-vision-metron-ttw-lenticular-tubeless\\\/#breadcrumb\"},\"inLanguage\":\"fr-FR\",\"potentialAction\":[{\"@type\":\"ReadAction\",\"target\":[\"https:\\\/\\\/veloaxe.com\\\/producto\\\/ruedas-vision-metron-ttw-lenticular-tubeless\\\/\"]}]},{\"@type\":\"ImageObject\",\"inLanguage\":\"fr-FR\",\"@id\":\"https:\\\/\\\/veloaxe.com\\\/producto\\\/ruedas-vision-metron-ttw-lenticular-tubeless\\\/#primaryimage\",\"url\":\"https:\\\/\\\/veloaxe.com\\\/wp-content\\\/uploads\\\/2025\\\/11\\\/ruedas-vision-metron-ttw-tubeless.png\",\"contentUrl\":\"https:\\\/\\\/veloaxe.com\\\/wp-content\\\/uploads\\\/2025\\\/11\\\/ruedas-vision-metron-ttw-tubeless.png\",\"width\":2000,\"height\":2000,\"caption\":\"ruedas-vision-metron-ttw-tubeless\"},{\"@type\":\"BreadcrumbList\",\"@id\":\"https:\\\/\\\/veloaxe.com\\\/producto\\\/ruedas-vision-metron-ttw-lenticular-tubeless\\\/#breadcrumb\",\"itemListElement\":[{\"@type\":\"ListItem\",\"position\":1,\"name\":\"Portada\",\"item\":\"https:\\\/\\\/veloaxe.com\\\/\"},{\"@type\":\"ListItem\",\"position\":2,\"name\":\"Shop\",\"item\":\"https:\\\/\\\/paleturquoise-herring-271034.hostingersite.com\\\/shop\\\/\"},{\"@type\":\"ListItem\",\"position\":3,\"name\":\"RUEDAS VISION METRON TTW LENTICULAR TUBELESS\"}]},{\"@type\":\"WebSite\",\"@id\":\"https:\\\/\\\/veloaxe.com\\\/#website\",\"url\":\"https:\\\/\\\/veloaxe.com\\\/\",\"name\":\"Tienda de bicicletas | VELOAXE\",\"description\":\"Descubre una amplia selecci\u00f3n de bicicletas de alta calidad, desde modelos urbanos y de monta\u00f1a hasta bicicletas de carretera de \u00faltima generaci\u00f3n. Con un servicio experto y accesorios especializados, estamos comprometidos a brindarte la mejor experiencia ciclista.\",\"publisher\":{\"@id\":\"https:\\\/\\\/veloaxe.com\\\/#organization\"},\"potentialAction\":[{\"@type\":\"SearchAction\",\"target\":{\"@type\":\"EntryPoint\",\"urlTemplate\":\"https:\\\/\\\/veloaxe.com\\\/?s={search_term_string}\"},\"query-input\":{\"@type\":\"PropertyValueSpecification\",\"valueRequired\":true,\"valueName\":\"search_term_string\"}}],\"inLanguage\":\"fr-FR\"},{\"@type\":\"Organization\",\"@id\":\"https:\\\/\\\/veloaxe.com\\\/#organization\",\"name\":\"Tienda de bicicletas | VELOAXE\",\"url\":\"https:\\\/\\\/veloaxe.com\\\/\",\"logo\":{\"@type\":\"ImageObject\",\"inLanguage\":\"fr-FR\",\"@id\":\"https:\\\/\\\/veloaxe.com\\\/#\\\/schema\\\/logo\\\/image\\\/\",\"url\":\"https:\\\/\\\/veloaxe.com\\\/wp-content\\\/uploads\\\/2026\\\/01\\\/cropped-logo-1.jpg\",\"contentUrl\":\"https:\\\/\\\/veloaxe.com\\\/wp-content\\\/uploads\\\/2026\\\/01\\\/cropped-logo-1.jpg\",\"width\":1273,\"height\":363,\"caption\":\"Tienda de bicicletas | VELOAXE\"},\"image\":{\"@id\":\"https:\\\/\\\/veloaxe.com\\\/#\\\/schema\\\/logo\\\/image\\\/\"},\"sameAs\":[\"https:\\\/\\\/www.facebook.com\\\/veloaxe\"]}]}<\/script>\n<!-- \/ Yoast SEO plugin. -->","yoast_head_json":{"title":"RUEDAS VISION METRON TTW LENTICULAR TUBELESS - Tienda de bicicletas | VELOAXE","description":"Ruedas VISION METRON TTW LENTICULAR TBL Edicion Plata- la opci\u00f3n perfecta para mejorar el rendimiento de tu bicicleta de triatlon.","robots":{"index":"index","follow":"follow","max-snippet":"max-snippet:-1","max-image-preview":"max-image-preview:large","max-video-preview":"max-video-preview:-1"},"canonical":"https:\/\/veloaxe.com\/fr\/produit\/ruedas-vision-metron-ttw-lenticular-tubeless\/","og_locale":"fr_FR","og_type":"article","og_title":"RUEDAS VISION METRON TTW LENTICULAR TUBELESS - Tienda de bicicletas | VELOAXE","og_description":"Ruedas VISION METRON TTW LENTICULAR TBL Edicion Plata- la opci\u00f3n perfecta para mejorar el rendimiento de tu bicicleta de triatlon.","og_url":"https:\/\/veloaxe.com\/fr\/produit\/ruedas-vision-metron-ttw-lenticular-tubeless\/","og_site_name":"Tienda de bicicletas | VELOAXE","article_publisher":"https:\/\/www.facebook.com\/veloaxe","article_modified_time":"2025-11-20T09:42:36+00:00","og_image":[{"width":2000,"height":2000,"url":"https:\/\/veloaxe.com\/wp-content\/uploads\/2025\/11\/ruedas-vision-metron-ttw-tubeless.png","type":"image\/png"}],"twitter_card":"summary_large_image","twitter_misc":{"Dur\u00e9e de lecture estim\u00e9e":"1 minute"},"schema":{"@context":"https:\/\/schema.org","@graph":[{"@type":"WebPage","@id":"https:\/\/veloaxe.com\/producto\/ruedas-vision-metron-ttw-lenticular-tubeless\/","url":"https:\/\/veloaxe.com\/producto\/ruedas-vision-metron-ttw-lenticular-tubeless\/","name":"RUEDAS VISION METRON TTW LENTICULAR TUBELESS - Tienda de bicicletas | VELOAXE","isPartOf":{"@id":"https:\/\/veloaxe.com\/#website"},"primaryImageOfPage":{"@id":"https:\/\/veloaxe.com\/producto\/ruedas-vision-metron-ttw-lenticular-tubeless\/#primaryimage"},"image":{"@id":"https:\/\/veloaxe.com\/producto\/ruedas-vision-metron-ttw-lenticular-tubeless\/#primaryimage"},"thumbnailUrl":"https:\/\/veloaxe.com\/wp-content\/uploads\/2025\/11\/ruedas-vision-metron-ttw-tubeless.png","datePublished":"2025-11-20T09:23:48+00:00","dateModified":"2025-11-20T09:42:36+00:00","description":"Ruedas VISION METRON TTW LENTICULAR TBL Edicion Plata- la opci\u00f3n perfecta para mejorar el rendimiento de tu bicicleta de triatlon.","breadcrumb":{"@id":"https:\/\/veloaxe.com\/producto\/ruedas-vision-metron-ttw-lenticular-tubeless\/#breadcrumb"},"inLanguage":"fr-FR","potentialAction":[{"@type":"ReadAction","target":["https:\/\/veloaxe.com\/producto\/ruedas-vision-metron-ttw-lenticular-tubeless\/"]}]},{"@type":"ImageObject","inLanguage":"fr-FR","@id":"https:\/\/veloaxe.com\/producto\/ruedas-vision-metron-ttw-lenticular-tubeless\/#primaryimage","url":"https:\/\/veloaxe.com\/wp-content\/uploads\/2025\/11\/ruedas-vision-metron-ttw-tubeless.png","contentUrl":"https:\/\/veloaxe.com\/wp-content\/uploads\/2025\/11\/ruedas-vision-metron-ttw-tubeless.png","width":2000,"height":2000,"caption":"ruedas-vision-metron-ttw-tubeless"},{"@type":"BreadcrumbList","@id":"https:\/\/veloaxe.com\/producto\/ruedas-vision-metron-ttw-lenticular-tubeless\/#breadcrumb","itemListElement":[{"@type":"ListItem","position":1,"name":"Portada","item":"https:\/\/veloaxe.com\/"},{"@type":"ListItem","position":2,"name":"Shop","item":"https:\/\/paleturquoise-herring-271034.hostingersite.com\/shop\/"},{"@type":"ListItem","position":3,"name":"RUEDAS VISION METRON TTW LENTICULAR TUBELESS"}]},{"@type":"WebSite","@id":"https:\/\/veloaxe.com\/#website","url":"https:\/\/veloaxe.com\/","name":"Boutique de v\u00e9lo en ligne | VELOAXE","description":"D\u00e9couvrez une large s\u00e9lection de v\u00e9los de haute qualit\u00e9, des mod\u00e8les urbains et de montagne aux v\u00e9los de route de pointe. Avec un service d'experts et des accessoires sp\u00e9cialis\u00e9s, nous nous engageons \u00e0 vous offrir la meilleure exp\u00e9rience de cyclisme.","publisher":{"@id":"https:\/\/veloaxe.com\/#organization"},"potentialAction":[{"@type":"SearchAction","target":{"@type":"EntryPoint","urlTemplate":"https:\/\/veloaxe.com\/?s={search_term_string}"},"query-input":{"@type":"PropertyValueSpecification","valueRequired":true,"valueName":"search_term_string"}}],"inLanguage":"fr-FR"},{"@type":"Organization","@id":"https:\/\/veloaxe.com\/#organization","name":"Boutique de v\u00e9lo en ligne | VELOAXE","url":"https:\/\/veloaxe.com\/","logo":{"@type":"ImageObject","inLanguage":"fr-FR","@id":"https:\/\/veloaxe.com\/#\/schema\/logo\/image\/","url":"https:\/\/veloaxe.com\/wp-content\/uploads\/2026\/01\/cropped-logo-1.jpg","contentUrl":"https:\/\/veloaxe.com\/wp-content\/uploads\/2026\/01\/cropped-logo-1.jpg","width":1273,"height":363,"caption":"Tienda de bicicletas | VELOAXE"},"image":{"@id":"https:\/\/veloaxe.com\/#\/schema\/logo\/image\/"},"sameAs":["https:\/\/www.facebook.com\/veloaxe"]}]}},"_links":{"self":[{"href":"https:\/\/veloaxe.com\/fr\/wp-json\/wp\/v2\/product\/21011","targetHints":{"allow":["GET"]}}],"collection":[{"href":"https:\/\/veloaxe.com\/fr\/wp-json\/wp\/v2\/product"}],"about":[{"href":"https:\/\/veloaxe.com\/fr\/wp-json\/wp\/v2\/types\/product"}],"replies":[{"embeddable":true,"href":"https:\/\/veloaxe.com\/fr\/wp-json\/wp\/v2\/comments?post=21011"}],"wp:featuredmedia":[{"embeddable":true,"href":"https:\/\/veloaxe.com\/fr\/wp-json\/wp\/v2\/media\/21014"}],"wp:attachment":[{"href":"https:\/\/veloaxe.com\/fr\/wp-json\/wp\/v2\/media?parent=21011"}],"wp:term":[{"taxonomy":"product_brand","embeddable":true,"href":"https:\/\/veloaxe.com\/fr\/wp-json\/wp\/v2\/product_brand?post=21011"},{"taxonomy":"product_cat","embeddable":true,"href":"https:\/\/veloaxe.com\/fr\/wp-json\/wp\/v2\/product_cat?post=21011"},{"taxonomy":"product_tag","embeddable":true,"href":"https:\/\/veloaxe.com\/fr\/wp-json\/wp\/v2\/product_tag?post=21011"}],"curies":[{"name":"wp","href":"https:\/\/api.w.org\/{rel}","templated":true}]}}