{"id":21043,"date":"2025-11-20T16:56:14","date_gmt":"2025-11-20T16:56:14","guid":{"rendered":"https:\/\/veloaxe.com\/?post_type=product&#038;p=21043"},"modified":"2025-11-20T17:04:41","modified_gmt":"2025-11-20T17:04:41","slug":"ruedas-vision-sc-60-sl-i23-disco","status":"publish","type":"product","link":"https:\/\/veloaxe.com\/fr\/producto\/ruedas-vision-sc-60-sl-i23-disco\/","title":{"rendered":"RUEDAS VISION SC 60 SL I23 DISCO"},"content":{"rendered":"<p>La nueva <strong>VISION SC 60 SL<\/strong> es una evoluci\u00f3n de los modelos SC anteriores, que ahora cuenta con un ancho de llanta interno de 23 mm para una mejor compatibilidad con neum\u00e1ticos m\u00e1s anchos y una mayor estabilidad, junto con un buje PRS completamente nuevo con un sistema de trinquete de 54 dientes para una transferencia de potencia m\u00e1s r\u00e1pida y eficiente derivada de nuestra tecnolog\u00eda Metron de primera l\u00ednea.<\/p>\n<ul>\n<li><strong>LA ELECCI\u00d3N PERFECTA : <\/strong>Nuestra gama de ruedas SC es un pilar fundamental de la l\u00ednea de productos de VISION: ruedas de carbono premium inspiradas en la serie Metron de nivel profesional, ofrecidas a un precio incre\u00edblemente competitivo. La nueva SC 60 SL encarna a la perfecci\u00f3n esta filosof\u00eda. Una evoluci\u00f3n de los modelos SC anteriores, ahora con un ancho interno de llanta de 23 mm para una mayor compatibilidad con neum\u00e1ticos m\u00e1s anchos y una estabilidad superior, junto con un nuevo buje P.R.S. con un sistema de trinquete de 54 dientes para una transmisi\u00f3n de potencia m\u00e1s r\u00e1pida y eficiente, derivado de nuestra tecnolog\u00eda Metron de vanguardia. Rendimiento, fiabilidad y valor: todo en una elecci\u00f3n perfecta.<\/li>\n<li><strong>ANCHO DE LLANTA INTERNA DE 23 MM : <\/strong>Las SC 60 SL cuentan con un ancho de llanta interna de 23 mm para una mejor compatibilidad con neum\u00e1ticos m\u00e1s anchos y una mayor estabilidad.<\/li>\n<li><strong>SISTEMA DE BUJE P.R.S.<\/strong> : El buje Vision V-600 P.R.S. con un sistema de trinquete de 54 dientes para una transmisi\u00f3n de potencia m\u00e1s r\u00e1pida, permite una transferencia de potencia m\u00e1s eficiente y precisa gracias a nuestra tecnolog\u00eda Metron de vanguardia.<\/li>\n<\/ul>\n<p>Mat\u00e9riaux : Carbone<\/p>\n<p>Peso: 1642 gramos<\/p>\n<p>Cuerpo del cassette: SHIMANO HG 11v\/12v &#8211; SRAM XDR<\/p>\n<p>Tubeless Ready<\/p>\n<p>Center lock<\/p>\n<p>&nbsp;<\/p>\n<p>&nbsp;<\/p>","protected":false},"excerpt":{"rendered":"<p>La nueva VISION SC 60 SL es una evoluci\u00f3n de los modelos SC anteriores, que ahora cuenta con un ancho de llanta interno de 23 mm para una mejor compatibilidad con neum\u00e1ticos m\u00e1s anchos y una mayor estabilidad, junto con un buje PRS completamente nuevo con un sistema de trinquete de 54 dientes para una [&hellip;]<\/p>\n","protected":false},"featured_media":21046,"comment_status":"closed","ping_status":"closed","template":"","meta":[],"product_brand":[],"product_cat":[16,38,133],"product_tag":[],"class_list":{"0":"post-21043","1":"product","2":"type-product","3":"status-publish","4":"has-post-thumbnail","6":"product_cat-carretera-gravel-bicicletas","7":"product_cat-ruedas-neumatico-tubular","8":"product_cat-ruedas-carbono-carretera","9":"product_shipping_class-no-bicicletas","11":"first","12":"instock","13":"sale","14":"shipping-taxable","15":"purchasable","16":"product-type-variable"},"yoast_head":"<!-- This site is optimized with the Yoast SEO plugin v27.6 - https:\/\/yoast.com\/product\/yoast-seo-wordpress\/ -->\n<title>RUEDAS VISION SC 60 SL I23 DISCO - Tienda de bicicletas | VELOAXE<\/title>\n<meta name=\"description\" content=\"Ruedas carbono VISION SC 60 SL i23 DISCO - la opci\u00f3n perfecta para mejorar el rendimiento de tu bicicleta de carretera.\" \/>\n<meta name=\"robots\" content=\"index, follow, max-snippet:-1, max-image-preview:large, max-video-preview:-1\" \/>\n<link rel=\"canonical\" href=\"https:\/\/veloaxe.com\/fr\/produit\/ruedas-vision-sc-60-sl-i23-disco\/\" \/>\n<meta property=\"og:locale\" content=\"fr_FR\" \/>\n<meta property=\"og:type\" content=\"article\" \/>\n<meta property=\"og:title\" content=\"RUEDAS VISION SC 60 SL I23 DISCO - Tienda de bicicletas | VELOAXE\" \/>\n<meta property=\"og:description\" content=\"Ruedas carbono VISION SC 60 SL i23 DISCO - la opci\u00f3n perfecta para mejorar el rendimiento de tu bicicleta de carretera.\" \/>\n<meta property=\"og:url\" content=\"https:\/\/veloaxe.com\/fr\/produit\/ruedas-vision-sc-60-sl-i23-disco\/\" \/>\n<meta property=\"og:site_name\" content=\"Tienda de bicicletas | VELOAXE\" \/>\n<meta property=\"article:publisher\" content=\"https:\/\/www.facebook.com\/veloaxe\" \/>\n<meta property=\"article:modified_time\" content=\"2025-11-20T17:04:41+00:00\" \/>\n<meta property=\"og:image\" content=\"https:\/\/veloaxe.com\/wp-content\/uploads\/2025\/11\/ruedas-vision-sc-60-sl-i23.png\" \/>\n\t<meta property=\"og:image:width\" content=\"2000\" \/>\n\t<meta property=\"og:image:height\" content=\"2000\" \/>\n\t<meta property=\"og:image:type\" content=\"image\/png\" \/>\n<meta name=\"twitter:card\" content=\"summary_large_image\" \/>\n<meta name=\"twitter:label1\" content=\"Dur\u00e9e de lecture estim\u00e9e\" \/>\n\t<meta name=\"twitter:data1\" content=\"2 minutes\" \/>\n<script type=\"application\/ld+json\" class=\"yoast-schema-graph\">{\"@context\":\"https:\\\/\\\/schema.org\",\"@graph\":[{\"@type\":\"WebPage\",\"@id\":\"https:\\\/\\\/veloaxe.com\\\/producto\\\/ruedas-vision-sc-60-sl-i23-disco\\\/\",\"url\":\"https:\\\/\\\/veloaxe.com\\\/producto\\\/ruedas-vision-sc-60-sl-i23-disco\\\/\",\"name\":\"RUEDAS VISION SC 60 SL I23 DISCO - Tienda de bicicletas | VELOAXE\",\"isPartOf\":{\"@id\":\"https:\\\/\\\/veloaxe.com\\\/#website\"},\"primaryImageOfPage\":{\"@id\":\"https:\\\/\\\/veloaxe.com\\\/producto\\\/ruedas-vision-sc-60-sl-i23-disco\\\/#primaryimage\"},\"image\":{\"@id\":\"https:\\\/\\\/veloaxe.com\\\/producto\\\/ruedas-vision-sc-60-sl-i23-disco\\\/#primaryimage\"},\"thumbnailUrl\":\"https:\\\/\\\/veloaxe.com\\\/wp-content\\\/uploads\\\/2025\\\/11\\\/ruedas-vision-sc-60-sl-i23.png\",\"datePublished\":\"2025-11-20T16:56:14+00:00\",\"dateModified\":\"2025-11-20T17:04:41+00:00\",\"description\":\"Ruedas carbono VISION SC 60 SL i23 DISCO - la opci\u00f3n perfecta para mejorar el rendimiento de tu bicicleta de carretera.\",\"breadcrumb\":{\"@id\":\"https:\\\/\\\/veloaxe.com\\\/producto\\\/ruedas-vision-sc-60-sl-i23-disco\\\/#breadcrumb\"},\"inLanguage\":\"fr-FR\",\"potentialAction\":[{\"@type\":\"ReadAction\",\"target\":[\"https:\\\/\\\/veloaxe.com\\\/producto\\\/ruedas-vision-sc-60-sl-i23-disco\\\/\"]}]},{\"@type\":\"ImageObject\",\"inLanguage\":\"fr-FR\",\"@id\":\"https:\\\/\\\/veloaxe.com\\\/producto\\\/ruedas-vision-sc-60-sl-i23-disco\\\/#primaryimage\",\"url\":\"https:\\\/\\\/veloaxe.com\\\/wp-content\\\/uploads\\\/2025\\\/11\\\/ruedas-vision-sc-60-sl-i23.png\",\"contentUrl\":\"https:\\\/\\\/veloaxe.com\\\/wp-content\\\/uploads\\\/2025\\\/11\\\/ruedas-vision-sc-60-sl-i23.png\",\"width\":2000,\"height\":2000,\"caption\":\"ruedas-vision-sc-60-sl-i23\"},{\"@type\":\"BreadcrumbList\",\"@id\":\"https:\\\/\\\/veloaxe.com\\\/producto\\\/ruedas-vision-sc-60-sl-i23-disco\\\/#breadcrumb\",\"itemListElement\":[{\"@type\":\"ListItem\",\"position\":1,\"name\":\"Portada\",\"item\":\"https:\\\/\\\/veloaxe.com\\\/\"},{\"@type\":\"ListItem\",\"position\":2,\"name\":\"Shop\",\"item\":\"https:\\\/\\\/paleturquoise-herring-271034.hostingersite.com\\\/shop\\\/\"},{\"@type\":\"ListItem\",\"position\":3,\"name\":\"RUEDAS VISION SC 60 SL I23 DISCO\"}]},{\"@type\":\"WebSite\",\"@id\":\"https:\\\/\\\/veloaxe.com\\\/#website\",\"url\":\"https:\\\/\\\/veloaxe.com\\\/\",\"name\":\"Tienda de bicicletas | VELOAXE\",\"description\":\"Descubre una amplia selecci\u00f3n de bicicletas de alta calidad, desde modelos urbanos y de monta\u00f1a hasta bicicletas de carretera de \u00faltima generaci\u00f3n. Con un servicio experto y accesorios especializados, estamos comprometidos a brindarte la mejor experiencia ciclista.\",\"publisher\":{\"@id\":\"https:\\\/\\\/veloaxe.com\\\/#organization\"},\"potentialAction\":[{\"@type\":\"SearchAction\",\"target\":{\"@type\":\"EntryPoint\",\"urlTemplate\":\"https:\\\/\\\/veloaxe.com\\\/?s={search_term_string}\"},\"query-input\":{\"@type\":\"PropertyValueSpecification\",\"valueRequired\":true,\"valueName\":\"search_term_string\"}}],\"inLanguage\":\"fr-FR\"},{\"@type\":\"Organization\",\"@id\":\"https:\\\/\\\/veloaxe.com\\\/#organization\",\"name\":\"Tienda de bicicletas | VELOAXE\",\"url\":\"https:\\\/\\\/veloaxe.com\\\/\",\"logo\":{\"@type\":\"ImageObject\",\"inLanguage\":\"fr-FR\",\"@id\":\"https:\\\/\\\/veloaxe.com\\\/#\\\/schema\\\/logo\\\/image\\\/\",\"url\":\"https:\\\/\\\/veloaxe.com\\\/wp-content\\\/uploads\\\/2026\\\/01\\\/cropped-logo-1.jpg\",\"contentUrl\":\"https:\\\/\\\/veloaxe.com\\\/wp-content\\\/uploads\\\/2026\\\/01\\\/cropped-logo-1.jpg\",\"width\":1273,\"height\":363,\"caption\":\"Tienda de bicicletas | VELOAXE\"},\"image\":{\"@id\":\"https:\\\/\\\/veloaxe.com\\\/#\\\/schema\\\/logo\\\/image\\\/\"},\"sameAs\":[\"https:\\\/\\\/www.facebook.com\\\/veloaxe\"]}]}<\/script>\n<!-- \/ Yoast SEO plugin. -->","yoast_head_json":{"title":"RUEDAS VISION SC 60 SL I23 DISCO - Tienda de bicicletas | VELOAXE","description":"Ruedas carbono VISION SC 60 SL i23 DISCO - la opci\u00f3n perfecta para mejorar el rendimiento de tu bicicleta de carretera.","robots":{"index":"index","follow":"follow","max-snippet":"max-snippet:-1","max-image-preview":"max-image-preview:large","max-video-preview":"max-video-preview:-1"},"canonical":"https:\/\/veloaxe.com\/fr\/produit\/ruedas-vision-sc-60-sl-i23-disco\/","og_locale":"fr_FR","og_type":"article","og_title":"RUEDAS VISION SC 60 SL I23 DISCO - Tienda de bicicletas | VELOAXE","og_description":"Ruedas carbono VISION SC 60 SL i23 DISCO - la opci\u00f3n perfecta para mejorar el rendimiento de tu bicicleta de carretera.","og_url":"https:\/\/veloaxe.com\/fr\/produit\/ruedas-vision-sc-60-sl-i23-disco\/","og_site_name":"Tienda de bicicletas | VELOAXE","article_publisher":"https:\/\/www.facebook.com\/veloaxe","article_modified_time":"2025-11-20T17:04:41+00:00","og_image":[{"width":2000,"height":2000,"url":"https:\/\/veloaxe.com\/wp-content\/uploads\/2025\/11\/ruedas-vision-sc-60-sl-i23.png","type":"image\/png"}],"twitter_card":"summary_large_image","twitter_misc":{"Dur\u00e9e de lecture estim\u00e9e":"2 minutes"},"schema":{"@context":"https:\/\/schema.org","@graph":[{"@type":"WebPage","@id":"https:\/\/veloaxe.com\/producto\/ruedas-vision-sc-60-sl-i23-disco\/","url":"https:\/\/veloaxe.com\/producto\/ruedas-vision-sc-60-sl-i23-disco\/","name":"RUEDAS VISION SC 60 SL I23 DISCO - Tienda de bicicletas | VELOAXE","isPartOf":{"@id":"https:\/\/veloaxe.com\/#website"},"primaryImageOfPage":{"@id":"https:\/\/veloaxe.com\/producto\/ruedas-vision-sc-60-sl-i23-disco\/#primaryimage"},"image":{"@id":"https:\/\/veloaxe.com\/producto\/ruedas-vision-sc-60-sl-i23-disco\/#primaryimage"},"thumbnailUrl":"https:\/\/veloaxe.com\/wp-content\/uploads\/2025\/11\/ruedas-vision-sc-60-sl-i23.png","datePublished":"2025-11-20T16:56:14+00:00","dateModified":"2025-11-20T17:04:41+00:00","description":"Ruedas carbono VISION SC 60 SL i23 DISCO - la opci\u00f3n perfecta para mejorar el rendimiento de tu bicicleta de carretera.","breadcrumb":{"@id":"https:\/\/veloaxe.com\/producto\/ruedas-vision-sc-60-sl-i23-disco\/#breadcrumb"},"inLanguage":"fr-FR","potentialAction":[{"@type":"ReadAction","target":["https:\/\/veloaxe.com\/producto\/ruedas-vision-sc-60-sl-i23-disco\/"]}]},{"@type":"ImageObject","inLanguage":"fr-FR","@id":"https:\/\/veloaxe.com\/producto\/ruedas-vision-sc-60-sl-i23-disco\/#primaryimage","url":"https:\/\/veloaxe.com\/wp-content\/uploads\/2025\/11\/ruedas-vision-sc-60-sl-i23.png","contentUrl":"https:\/\/veloaxe.com\/wp-content\/uploads\/2025\/11\/ruedas-vision-sc-60-sl-i23.png","width":2000,"height":2000,"caption":"ruedas-vision-sc-60-sl-i23"},{"@type":"BreadcrumbList","@id":"https:\/\/veloaxe.com\/producto\/ruedas-vision-sc-60-sl-i23-disco\/#breadcrumb","itemListElement":[{"@type":"ListItem","position":1,"name":"Portada","item":"https:\/\/veloaxe.com\/"},{"@type":"ListItem","position":2,"name":"Shop","item":"https:\/\/paleturquoise-herring-271034.hostingersite.com\/shop\/"},{"@type":"ListItem","position":3,"name":"RUEDAS VISION SC 60 SL I23 DISCO"}]},{"@type":"WebSite","@id":"https:\/\/veloaxe.com\/#website","url":"https:\/\/veloaxe.com\/","name":"Boutique de v\u00e9lo en ligne | VELOAXE","description":"D\u00e9couvrez une large s\u00e9lection de v\u00e9los de haute qualit\u00e9, des mod\u00e8les urbains et de montagne aux v\u00e9los de route de pointe. Avec un service d'experts et des accessoires sp\u00e9cialis\u00e9s, nous nous engageons \u00e0 vous offrir la meilleure exp\u00e9rience de cyclisme.","publisher":{"@id":"https:\/\/veloaxe.com\/#organization"},"potentialAction":[{"@type":"SearchAction","target":{"@type":"EntryPoint","urlTemplate":"https:\/\/veloaxe.com\/?s={search_term_string}"},"query-input":{"@type":"PropertyValueSpecification","valueRequired":true,"valueName":"search_term_string"}}],"inLanguage":"fr-FR"},{"@type":"Organization","@id":"https:\/\/veloaxe.com\/#organization","name":"Boutique de v\u00e9lo en ligne | VELOAXE","url":"https:\/\/veloaxe.com\/","logo":{"@type":"ImageObject","inLanguage":"fr-FR","@id":"https:\/\/veloaxe.com\/#\/schema\/logo\/image\/","url":"https:\/\/veloaxe.com\/wp-content\/uploads\/2026\/01\/cropped-logo-1.jpg","contentUrl":"https:\/\/veloaxe.com\/wp-content\/uploads\/2026\/01\/cropped-logo-1.jpg","width":1273,"height":363,"caption":"Tienda de bicicletas | VELOAXE"},"image":{"@id":"https:\/\/veloaxe.com\/#\/schema\/logo\/image\/"},"sameAs":["https:\/\/www.facebook.com\/veloaxe"]}]}},"_links":{"self":[{"href":"https:\/\/veloaxe.com\/fr\/wp-json\/wp\/v2\/product\/21043","targetHints":{"allow":["GET"]}}],"collection":[{"href":"https:\/\/veloaxe.com\/fr\/wp-json\/wp\/v2\/product"}],"about":[{"href":"https:\/\/veloaxe.com\/fr\/wp-json\/wp\/v2\/types\/product"}],"replies":[{"embeddable":true,"href":"https:\/\/veloaxe.com\/fr\/wp-json\/wp\/v2\/comments?post=21043"}],"wp:featuredmedia":[{"embeddable":true,"href":"https:\/\/veloaxe.com\/fr\/wp-json\/wp\/v2\/media\/21046"}],"wp:attachment":[{"href":"https:\/\/veloaxe.com\/fr\/wp-json\/wp\/v2\/media?parent=21043"}],"wp:term":[{"taxonomy":"product_brand","embeddable":true,"href":"https:\/\/veloaxe.com\/fr\/wp-json\/wp\/v2\/product_brand?post=21043"},{"taxonomy":"product_cat","embeddable":true,"href":"https:\/\/veloaxe.com\/fr\/wp-json\/wp\/v2\/product_cat?post=21043"},{"taxonomy":"product_tag","embeddable":true,"href":"https:\/\/veloaxe.com\/fr\/wp-json\/wp\/v2\/product_tag?post=21043"}],"curies":[{"name":"wp","href":"https:\/\/api.w.org\/{rel}","templated":true}]}}