{"id":21105,"date":"2025-11-25T08:27:59","date_gmt":"2025-11-25T08:27:59","guid":{"rendered":"https:\/\/veloaxe.com\/?post_type=product&#038;p=21105"},"modified":"2025-11-25T08:32:46","modified_gmt":"2025-11-25T08:32:46","slug":"nucleo-zipp-zr1-shimano-sram-11v","status":"publish","type":"product","link":"https:\/\/veloaxe.com\/fr\/producto\/nucleo-zipp-zr1-shimano-sram-11v\/","title":{"rendered":"NUCLEO ZIPP ZR1 &#8211; SHIMANO \/ SRAM 11v"},"content":{"rendered":"<p>Nucleo <strong>ZIPP<\/strong> para bujes ZR1. El <strong>nucleo ZIPP<\/strong> permite montar un cassette SHIMANO \/ SRAM de 11 velocidades en su buje <strong>ZIPP ZR1<\/strong>.<\/p>","protected":false},"excerpt":{"rendered":"<p>Nucleo ZIPP para bujes ZR1. El nucleo ZIPP permite montar un cassette SHIMANO \/ SRAM de 11 velocidades en su buje ZIPP ZR1.<\/p>","protected":false},"featured_media":21106,"comment_status":"closed","ping_status":"closed","template":"","meta":[],"product_brand":[],"product_cat":[234,16,38],"product_tag":[],"class_list":{"0":"post-21105","1":"product","2":"type-product","3":"status-publish","4":"has-post-thumbnail","6":"product_cat-accesorios-de-ruedas","7":"product_cat-carretera-gravel-bicicletas","8":"product_cat-ruedas-neumatico-tubular","9":"product_shipping_class-no-bicicletas","11":"first","12":"instock","13":"sale","14":"shipping-taxable","15":"purchasable","16":"product-type-simple"},"yoast_head":"<!-- This site is optimized with the Yoast SEO plugin v27.6 - https:\/\/yoast.com\/product\/yoast-seo-wordpress\/ -->\n<title>NUCLEO ZIPP ZR1 SHIMANO\/SRAM 11v | VELOAXE.COM<\/title>\n<meta name=\"description\" content=\"NUCLEO ZIPP ZR1 SHIMANO\/SRAM 11v - El nucleo ZIPP permite montar un cassette SHIMANO\/SRAM de 11 velocidades en su buje ZIPP ZR1.\" \/>\n<meta name=\"robots\" content=\"index, follow, max-snippet:-1, max-image-preview:large, max-video-preview:-1\" \/>\n<link rel=\"canonical\" href=\"https:\/\/veloaxe.com\/fr\/produit\/nucleo-zipp-zr1-shimano-sram-11v\/\" \/>\n<meta property=\"og:locale\" content=\"fr_FR\" \/>\n<meta property=\"og:type\" content=\"article\" \/>\n<meta property=\"og:title\" content=\"NUCLEO ZIPP ZR1 SHIMANO\/SRAM 11v | VELOAXE.COM\" \/>\n<meta property=\"og:description\" content=\"NUCLEO ZIPP ZR1 SHIMANO\/SRAM 11v - El nucleo ZIPP permite montar un cassette SHIMANO\/SRAM de 11 velocidades en su buje ZIPP ZR1.\" \/>\n<meta property=\"og:url\" content=\"https:\/\/veloaxe.com\/fr\/produit\/nucleo-zipp-zr1-shimano-sram-11v\/\" \/>\n<meta property=\"og:site_name\" content=\"Tienda de bicicletas | VELOAXE\" \/>\n<meta property=\"article:publisher\" content=\"https:\/\/www.facebook.com\/veloaxe\" \/>\n<meta property=\"article:modified_time\" content=\"2025-11-25T08:32:46+00:00\" \/>\n<meta property=\"og:image\" content=\"https:\/\/veloaxe.com\/wp-content\/uploads\/2025\/11\/nucleo-zipp-zr1-shimano-11v.jpg\" \/>\n\t<meta property=\"og:image:width\" content=\"800\" \/>\n\t<meta property=\"og:image:height\" content=\"800\" \/>\n\t<meta property=\"og:image:type\" content=\"image\/jpeg\" \/>\n<meta name=\"twitter:card\" content=\"summary_large_image\" \/>\n<meta name=\"twitter:label1\" content=\"Dur\u00e9e de lecture estim\u00e9e\" \/>\n\t<meta name=\"twitter:data1\" content=\"1 minute\" \/>\n<script type=\"application\/ld+json\" class=\"yoast-schema-graph\">{\"@context\":\"https:\\\/\\\/schema.org\",\"@graph\":[{\"@type\":\"WebPage\",\"@id\":\"https:\\\/\\\/veloaxe.com\\\/producto\\\/nucleo-zipp-zr1-shimano-sram-11v\\\/\",\"url\":\"https:\\\/\\\/veloaxe.com\\\/producto\\\/nucleo-zipp-zr1-shimano-sram-11v\\\/\",\"name\":\"NUCLEO ZIPP ZR1 SHIMANO\\\/SRAM 11v | VELOAXE.COM\",\"isPartOf\":{\"@id\":\"https:\\\/\\\/veloaxe.com\\\/#website\"},\"primaryImageOfPage\":{\"@id\":\"https:\\\/\\\/veloaxe.com\\\/producto\\\/nucleo-zipp-zr1-shimano-sram-11v\\\/#primaryimage\"},\"image\":{\"@id\":\"https:\\\/\\\/veloaxe.com\\\/producto\\\/nucleo-zipp-zr1-shimano-sram-11v\\\/#primaryimage\"},\"thumbnailUrl\":\"https:\\\/\\\/veloaxe.com\\\/wp-content\\\/uploads\\\/2025\\\/11\\\/nucleo-zipp-zr1-shimano-11v.jpg\",\"datePublished\":\"2025-11-25T08:27:59+00:00\",\"dateModified\":\"2025-11-25T08:32:46+00:00\",\"description\":\"NUCLEO ZIPP ZR1 SHIMANO\\\/SRAM 11v - El nucleo ZIPP permite montar un cassette SHIMANO\\\/SRAM de 11 velocidades en su buje ZIPP ZR1.\",\"breadcrumb\":{\"@id\":\"https:\\\/\\\/veloaxe.com\\\/producto\\\/nucleo-zipp-zr1-shimano-sram-11v\\\/#breadcrumb\"},\"inLanguage\":\"fr-FR\",\"potentialAction\":[{\"@type\":\"ReadAction\",\"target\":[\"https:\\\/\\\/veloaxe.com\\\/producto\\\/nucleo-zipp-zr1-shimano-sram-11v\\\/\"]}]},{\"@type\":\"ImageObject\",\"inLanguage\":\"fr-FR\",\"@id\":\"https:\\\/\\\/veloaxe.com\\\/producto\\\/nucleo-zipp-zr1-shimano-sram-11v\\\/#primaryimage\",\"url\":\"https:\\\/\\\/veloaxe.com\\\/wp-content\\\/uploads\\\/2025\\\/11\\\/nucleo-zipp-zr1-shimano-11v.jpg\",\"contentUrl\":\"https:\\\/\\\/veloaxe.com\\\/wp-content\\\/uploads\\\/2025\\\/11\\\/nucleo-zipp-zr1-shimano-11v.jpg\",\"width\":800,\"height\":800,\"caption\":\"nucleo-zipp-zr1-shimano-11v\"},{\"@type\":\"BreadcrumbList\",\"@id\":\"https:\\\/\\\/veloaxe.com\\\/producto\\\/nucleo-zipp-zr1-shimano-sram-11v\\\/#breadcrumb\",\"itemListElement\":[{\"@type\":\"ListItem\",\"position\":1,\"name\":\"Portada\",\"item\":\"https:\\\/\\\/veloaxe.com\\\/\"},{\"@type\":\"ListItem\",\"position\":2,\"name\":\"Shop\",\"item\":\"https:\\\/\\\/paleturquoise-herring-271034.hostingersite.com\\\/shop\\\/\"},{\"@type\":\"ListItem\",\"position\":3,\"name\":\"NUCLEO ZIPP ZR1 &#8211; SHIMANO \\\/ SRAM 11v\"}]},{\"@type\":\"WebSite\",\"@id\":\"https:\\\/\\\/veloaxe.com\\\/#website\",\"url\":\"https:\\\/\\\/veloaxe.com\\\/\",\"name\":\"Tienda de bicicletas | VELOAXE\",\"description\":\"Descubre una amplia selecci\u00f3n de bicicletas de alta calidad, desde modelos urbanos y de monta\u00f1a hasta bicicletas de carretera de \u00faltima generaci\u00f3n. Con un servicio experto y accesorios especializados, estamos comprometidos a brindarte la mejor experiencia ciclista.\",\"publisher\":{\"@id\":\"https:\\\/\\\/veloaxe.com\\\/#organization\"},\"potentialAction\":[{\"@type\":\"SearchAction\",\"target\":{\"@type\":\"EntryPoint\",\"urlTemplate\":\"https:\\\/\\\/veloaxe.com\\\/?s={search_term_string}\"},\"query-input\":{\"@type\":\"PropertyValueSpecification\",\"valueRequired\":true,\"valueName\":\"search_term_string\"}}],\"inLanguage\":\"fr-FR\"},{\"@type\":\"Organization\",\"@id\":\"https:\\\/\\\/veloaxe.com\\\/#organization\",\"name\":\"Tienda de bicicletas | VELOAXE\",\"url\":\"https:\\\/\\\/veloaxe.com\\\/\",\"logo\":{\"@type\":\"ImageObject\",\"inLanguage\":\"fr-FR\",\"@id\":\"https:\\\/\\\/veloaxe.com\\\/#\\\/schema\\\/logo\\\/image\\\/\",\"url\":\"https:\\\/\\\/veloaxe.com\\\/wp-content\\\/uploads\\\/2026\\\/01\\\/cropped-logo-1.jpg\",\"contentUrl\":\"https:\\\/\\\/veloaxe.com\\\/wp-content\\\/uploads\\\/2026\\\/01\\\/cropped-logo-1.jpg\",\"width\":1273,\"height\":363,\"caption\":\"Tienda de bicicletas | VELOAXE\"},\"image\":{\"@id\":\"https:\\\/\\\/veloaxe.com\\\/#\\\/schema\\\/logo\\\/image\\\/\"},\"sameAs\":[\"https:\\\/\\\/www.facebook.com\\\/veloaxe\"]}]}<\/script>\n<!-- \/ Yoast SEO plugin. -->","yoast_head_json":{"title":"NUCLEO ZIPP ZR1 SHIMANO\/SRAM 11v | VELOAXE.COM","description":"NUCLEO ZIPP ZR1 SHIMANO\/SRAM 11v - El nucleo ZIPP permite montar un cassette SHIMANO\/SRAM de 11 velocidades en su buje ZIPP ZR1.","robots":{"index":"index","follow":"follow","max-snippet":"max-snippet:-1","max-image-preview":"max-image-preview:large","max-video-preview":"max-video-preview:-1"},"canonical":"https:\/\/veloaxe.com\/fr\/produit\/nucleo-zipp-zr1-shimano-sram-11v\/","og_locale":"fr_FR","og_type":"article","og_title":"NUCLEO ZIPP ZR1 SHIMANO\/SRAM 11v | VELOAXE.COM","og_description":"NUCLEO ZIPP ZR1 SHIMANO\/SRAM 11v - El nucleo ZIPP permite montar un cassette SHIMANO\/SRAM de 11 velocidades en su buje ZIPP ZR1.","og_url":"https:\/\/veloaxe.com\/fr\/produit\/nucleo-zipp-zr1-shimano-sram-11v\/","og_site_name":"Tienda de bicicletas | VELOAXE","article_publisher":"https:\/\/www.facebook.com\/veloaxe","article_modified_time":"2025-11-25T08:32:46+00:00","og_image":[{"width":800,"height":800,"url":"https:\/\/veloaxe.com\/wp-content\/uploads\/2025\/11\/nucleo-zipp-zr1-shimano-11v.jpg","type":"image\/jpeg"}],"twitter_card":"summary_large_image","twitter_misc":{"Dur\u00e9e de lecture estim\u00e9e":"1 minute"},"schema":{"@context":"https:\/\/schema.org","@graph":[{"@type":"WebPage","@id":"https:\/\/veloaxe.com\/producto\/nucleo-zipp-zr1-shimano-sram-11v\/","url":"https:\/\/veloaxe.com\/producto\/nucleo-zipp-zr1-shimano-sram-11v\/","name":"NUCLEO ZIPP ZR1 SHIMANO\/SRAM 11v | VELOAXE.COM","isPartOf":{"@id":"https:\/\/veloaxe.com\/#website"},"primaryImageOfPage":{"@id":"https:\/\/veloaxe.com\/producto\/nucleo-zipp-zr1-shimano-sram-11v\/#primaryimage"},"image":{"@id":"https:\/\/veloaxe.com\/producto\/nucleo-zipp-zr1-shimano-sram-11v\/#primaryimage"},"thumbnailUrl":"https:\/\/veloaxe.com\/wp-content\/uploads\/2025\/11\/nucleo-zipp-zr1-shimano-11v.jpg","datePublished":"2025-11-25T08:27:59+00:00","dateModified":"2025-11-25T08:32:46+00:00","description":"NUCLEO ZIPP ZR1 SHIMANO\/SRAM 11v - El nucleo ZIPP permite montar un cassette SHIMANO\/SRAM de 11 velocidades en su buje ZIPP ZR1.","breadcrumb":{"@id":"https:\/\/veloaxe.com\/producto\/nucleo-zipp-zr1-shimano-sram-11v\/#breadcrumb"},"inLanguage":"fr-FR","potentialAction":[{"@type":"ReadAction","target":["https:\/\/veloaxe.com\/producto\/nucleo-zipp-zr1-shimano-sram-11v\/"]}]},{"@type":"ImageObject","inLanguage":"fr-FR","@id":"https:\/\/veloaxe.com\/producto\/nucleo-zipp-zr1-shimano-sram-11v\/#primaryimage","url":"https:\/\/veloaxe.com\/wp-content\/uploads\/2025\/11\/nucleo-zipp-zr1-shimano-11v.jpg","contentUrl":"https:\/\/veloaxe.com\/wp-content\/uploads\/2025\/11\/nucleo-zipp-zr1-shimano-11v.jpg","width":800,"height":800,"caption":"nucleo-zipp-zr1-shimano-11v"},{"@type":"BreadcrumbList","@id":"https:\/\/veloaxe.com\/producto\/nucleo-zipp-zr1-shimano-sram-11v\/#breadcrumb","itemListElement":[{"@type":"ListItem","position":1,"name":"Portada","item":"https:\/\/veloaxe.com\/"},{"@type":"ListItem","position":2,"name":"Shop","item":"https:\/\/paleturquoise-herring-271034.hostingersite.com\/shop\/"},{"@type":"ListItem","position":3,"name":"NUCLEO ZIPP ZR1 &#8211; SHIMANO \/ SRAM 11v"}]},{"@type":"WebSite","@id":"https:\/\/veloaxe.com\/#website","url":"https:\/\/veloaxe.com\/","name":"Boutique de v\u00e9lo en ligne | VELOAXE","description":"D\u00e9couvrez une large s\u00e9lection de v\u00e9los de haute qualit\u00e9, des mod\u00e8les urbains et de montagne aux v\u00e9los de route de pointe. Avec un service d'experts et des accessoires sp\u00e9cialis\u00e9s, nous nous engageons \u00e0 vous offrir la meilleure exp\u00e9rience de cyclisme.","publisher":{"@id":"https:\/\/veloaxe.com\/#organization"},"potentialAction":[{"@type":"SearchAction","target":{"@type":"EntryPoint","urlTemplate":"https:\/\/veloaxe.com\/?s={search_term_string}"},"query-input":{"@type":"PropertyValueSpecification","valueRequired":true,"valueName":"search_term_string"}}],"inLanguage":"fr-FR"},{"@type":"Organization","@id":"https:\/\/veloaxe.com\/#organization","name":"Boutique de v\u00e9lo en ligne | VELOAXE","url":"https:\/\/veloaxe.com\/","logo":{"@type":"ImageObject","inLanguage":"fr-FR","@id":"https:\/\/veloaxe.com\/#\/schema\/logo\/image\/","url":"https:\/\/veloaxe.com\/wp-content\/uploads\/2026\/01\/cropped-logo-1.jpg","contentUrl":"https:\/\/veloaxe.com\/wp-content\/uploads\/2026\/01\/cropped-logo-1.jpg","width":1273,"height":363,"caption":"Tienda de bicicletas | VELOAXE"},"image":{"@id":"https:\/\/veloaxe.com\/#\/schema\/logo\/image\/"},"sameAs":["https:\/\/www.facebook.com\/veloaxe"]}]}},"_links":{"self":[{"href":"https:\/\/veloaxe.com\/fr\/wp-json\/wp\/v2\/product\/21105","targetHints":{"allow":["GET"]}}],"collection":[{"href":"https:\/\/veloaxe.com\/fr\/wp-json\/wp\/v2\/product"}],"about":[{"href":"https:\/\/veloaxe.com\/fr\/wp-json\/wp\/v2\/types\/product"}],"replies":[{"embeddable":true,"href":"https:\/\/veloaxe.com\/fr\/wp-json\/wp\/v2\/comments?post=21105"}],"wp:featuredmedia":[{"embeddable":true,"href":"https:\/\/veloaxe.com\/fr\/wp-json\/wp\/v2\/media\/21106"}],"wp:attachment":[{"href":"https:\/\/veloaxe.com\/fr\/wp-json\/wp\/v2\/media?parent=21105"}],"wp:term":[{"taxonomy":"product_brand","embeddable":true,"href":"https:\/\/veloaxe.com\/fr\/wp-json\/wp\/v2\/product_brand?post=21105"},{"taxonomy":"product_cat","embeddable":true,"href":"https:\/\/veloaxe.com\/fr\/wp-json\/wp\/v2\/product_cat?post=21105"},{"taxonomy":"product_tag","embeddable":true,"href":"https:\/\/veloaxe.com\/fr\/wp-json\/wp\/v2\/product_tag?post=21105"}],"curies":[{"name":"wp","href":"https:\/\/api.w.org\/{rel}","templated":true}]}}