{"id":21161,"date":"2025-12-08T17:24:05","date_gmt":"2025-12-08T17:24:05","guid":{"rendered":"https:\/\/veloaxe.com\/?post_type=product&#038;p=21161"},"modified":"2025-12-08T17:37:49","modified_gmt":"2025-12-08T17:37:49","slug":"par-cubierta-goodyear-eagle-sport-copia","status":"publish","type":"product","link":"https:\/\/veloaxe.com\/fr\/produit\/par-cubierta-goodyear-eagle-sport-copia\/","title":{"rendered":"PAR CUBIERTA GOODYEAR EAGLE SPORT"},"content":{"rendered":"<p>El cubierta <strong>GOODYEAR Eagle Sport<\/strong> es un neum\u00e1tico deportivo de alto rendimiento, dise\u00f1ado para ofrecer una conducci\u00f3n precisa, segura y din\u00e1mica en todo tipo de carreteras. Gracias a su estructura avanzada y a sus compuestos de \u00faltima generaci\u00f3n, este neum\u00e1tico garantiza un agarre superior, una excelente estabilidad en curvas y un control \u00f3ptimo tanto en seco como en mojado.<\/p>\n<p>Pensado para conductores que buscan una experiencia deportiva sin sacrificar durabilidad, el Eagle Sport proporciona una respuesta r\u00e1pida y confiable, mejorando la maniobrabilidad del veh\u00edculo y ofreciendo un desgaste uniforme. Su dise\u00f1o optimizado permite disfrutar de trayectos m\u00e1s silenciosos y confortables, manteniendo al mismo tiempo un comportamiento robusto en diversas condiciones.<\/p>\n<p>Ideal para quienes desean un neum\u00e1tico vers\u00e1til, resistente y con una excelente relaci\u00f3n calidad-precio, el cubierta <strong>GOODYEAR Eagle Sport<\/strong> cumple su funci\u00f3n con total eficacia, convirti\u00e9ndose en una elecci\u00f3n inteligente para una conducci\u00f3n diaria segura y de alto rendimiento.<\/p>\n<p dir=\"ltr\" tabindex=\"-1\" role=\"text\" data-placeholder=\"Traducci\u00f3n\" data-ved=\"2ahUKEwjAwrbjra6RAxXhAfsDHZlcIwYQ3ewLegQIDRAV\" aria-label=\"Texto traducido: El Eagle Sport es tu neum\u00e1tico deportivo de carretera de alto rendimiento y vers\u00e1til, ideal para todo tipo de terrenos, con una construcci\u00f3n, materiales y una respuesta de nivel deportivo. Dise\u00f1ado para equilibrar el agarre en m\u00faltiples condiciones y una robusta capacidad de manejo, el Eagle Sport ofrece gran precisi\u00f3n y control en cada curva, d\u00eda tras d\u00eda, en un paquete econ\u00f3mico. A veces, los mejores componentes son los que pasan desapercibidos porque simplemente cumplen su funci\u00f3n. Neum\u00e1tico deportivo de carretera de alto rendimiento. Categor\u00eda: Carretera Terreno recomendado: Neum\u00e1tico deportivo todoterreno Bicicleta recomendada: Bicicleta de carretera de resistencia para uso diario Detalles del producto Tallas (700) x 25 mm - 32 mm Opciones Alambre de alambre Alambre plegable Peso 250 g - 410 g PVP US$ 43 Compuesto Dynamic HP Color del flanco Negro Marr\u00f3n claro Clasificaci\u00f3n de bicicletas el\u00e9ctricas E25 C\u00f3mo comprar Tienda en el Reino Unido Reino Unido Global Buscador de distribuidores M\u00e1s informaci\u00f3n sobre la Eagle S\">Dimension : 700&#215;25<\/p>\n<p dir=\"ltr\" tabindex=\"-1\" role=\"text\" data-placeholder=\"Traducci\u00f3n\" data-ved=\"2ahUKEwjAwrbjra6RAxXhAfsDHZlcIwYQ3ewLegQIDRAV\" aria-label=\"Texto traducido: El Eagle Sport es tu neum\u00e1tico deportivo de carretera de alto rendimiento y vers\u00e1til, ideal para todo tipo de terrenos, con una construcci\u00f3n, materiales y una respuesta de nivel deportivo. Dise\u00f1ado para equilibrar el agarre en m\u00faltiples condiciones y una robusta capacidad de manejo, el Eagle Sport ofrece gran precisi\u00f3n y control en cada curva, d\u00eda tras d\u00eda, en un paquete econ\u00f3mico. A veces, los mejores componentes son los que pasan desapercibidos porque simplemente cumplen su funci\u00f3n. Neum\u00e1tico deportivo de carretera de alto rendimiento. Categor\u00eda: Carretera Terreno recomendado: Neum\u00e1tico deportivo todoterreno Bicicleta recomendada: Bicicleta de carretera de resistencia para uso diario Detalles del producto Tallas (700) x 25 mm - 32 mm Opciones Alambre de alambre Alambre plegable Peso 250 g - 410 g PVP US$ 43 Compuesto Dynamic HP Color del flanco Negro Marr\u00f3n claro Clasificaci\u00f3n de bicicletas el\u00e9ctricas E25 C\u00f3mo comprar Tienda en el Reino Unido Reino Unido Global Buscador de distribuidores M\u00e1s informaci\u00f3n sobre la Eagle S\">Peso : 250 grs<\/p>\n<p dir=\"ltr\" tabindex=\"-1\" role=\"text\" data-placeholder=\"Traducci\u00f3n\" data-ved=\"2ahUKEwjAwrbjra6RAxXhAfsDHZlcIwYQ3ewLegQIDRAV\" aria-label=\"Texto traducido: El Eagle Sport es tu neum\u00e1tico deportivo de carretera de alto rendimiento y vers\u00e1til, ideal para todo tipo de terrenos, con una construcci\u00f3n, materiales y una respuesta de nivel deportivo. Dise\u00f1ado para equilibrar el agarre en m\u00faltiples condiciones y una robusta capacidad de manejo, el Eagle Sport ofrece gran precisi\u00f3n y control en cada curva, d\u00eda tras d\u00eda, en un paquete econ\u00f3mico. A veces, los mejores componentes son los que pasan desapercibidos porque simplemente cumplen su funci\u00f3n. Neum\u00e1tico deportivo de carretera de alto rendimiento. Categor\u00eda: Carretera Terreno recomendado: Neum\u00e1tico deportivo todoterreno Bicicleta recomendada: Bicicleta de carretera de resistencia para uso diario Detalles del producto Tallas (700) x 25 mm - 32 mm Opciones Alambre de alambre Alambre plegable Peso 250 g - 410 g PVP US$ 43 Compuesto Dynamic HP Color del flanco Negro Marr\u00f3n claro Clasificaci\u00f3n de bicicletas el\u00e9ctricas E25 C\u00f3mo comprar Tienda en el Reino Unido Reino Unido Global Buscador de distribuidores M\u00e1s informaci\u00f3n sobre la Eagle S\">Color : Negro o Marron<\/p>\n<p dir=\"ltr\" tabindex=\"-1\" role=\"text\" data-placeholder=\"Traducci\u00f3n\" data-ved=\"2ahUKEwjAwrbjra6RAxXhAfsDHZlcIwYQ3ewLegQIDRAV\" aria-label=\"Texto traducido: El Eagle Sport es tu neum\u00e1tico deportivo de carretera de alto rendimiento y vers\u00e1til, ideal para todo tipo de terrenos, con una construcci\u00f3n, materiales y una respuesta de nivel deportivo. Dise\u00f1ado para equilibrar el agarre en m\u00faltiples condiciones y una robusta capacidad de manejo, el Eagle Sport ofrece gran precisi\u00f3n y control en cada curva, d\u00eda tras d\u00eda, en un paquete econ\u00f3mico. A veces, los mejores componentes son los que pasan desapercibidos porque simplemente cumplen su funci\u00f3n. Neum\u00e1tico deportivo de carretera de alto rendimiento. Categor\u00eda: Carretera Terreno recomendado: Neum\u00e1tico deportivo todoterreno Bicicleta recomendada: Bicicleta de carretera de resistencia para uso diario Detalles del producto Tallas (700) x 25 mm - 32 mm Opciones Alambre de alambre Alambre plegable Peso 250 g - 410 g PVP US$ 43 Compuesto Dynamic HP Color del flanco Negro Marr\u00f3n claro Clasificaci\u00f3n de bicicletas el\u00e9ctricas E25 C\u00f3mo comprar Tienda en el Reino Unido Reino Unido Global Buscador de distribuidores M\u00e1s informaci\u00f3n sobre la Eagle S\">Plegable : Si<\/p>","protected":false},"excerpt":{"rendered":"<p>El cubierta GOODYEAR Eagle Sport es un neum\u00e1tico deportivo de alto rendimiento, dise\u00f1ado para ofrecer una conducci\u00f3n precisa, segura y din\u00e1mica en todo tipo de carreteras. Gracias a su estructura avanzada y a sus compuestos de \u00faltima generaci\u00f3n, este neum\u00e1tico garantiza un agarre superior, una excelente estabilidad en curvas y un control \u00f3ptimo tanto en [&hellip;]<\/p>\n","protected":false},"featured_media":21158,"comment_status":"closed","ping_status":"closed","template":"","meta":[],"product_brand":[],"product_cat":[16,221,38],"product_tag":[],"class_list":{"0":"post-21161","1":"product","2":"type-product","3":"status-publish","4":"has-post-thumbnail","6":"product_cat-carretera-gravel-bicicletas","7":"product_cat-cubiertas","8":"product_cat-ruedas-neumatico-tubular","10":"first","11":"instock","12":"sale","13":"shipping-taxable","14":"purchasable","15":"product-type-variable"},"yoast_head":"<!-- This site is optimized with the Yoast SEO plugin v27.6 - https:\/\/yoast.com\/product\/yoast-seo-wordpress\/ -->\n<title>PAR CUBIERTA GOODYEAR Eagle Sport \u2013 Cubierta deportivo de alto rendimiento<\/title>\n<meta name=\"description\" content=\"PAR Cubierta GOODYEAR Eagle Sport: rendimiento deportivo, agarre superior y control en todo tipo de terrenos. Calidad, precisi\u00f3n y durabilidad al mejor precio.\" \/>\n<meta name=\"robots\" content=\"index, follow, max-snippet:-1, max-image-preview:large, max-video-preview:-1\" \/>\n<link rel=\"canonical\" href=\"https:\/\/veloaxe.com\/fr\/produit\/par-cubierta-goodyear-eagle-sport-copia\/\" \/>\n<meta property=\"og:locale\" content=\"fr_FR\" \/>\n<meta property=\"og:type\" content=\"article\" \/>\n<meta property=\"og:title\" content=\"PAR CUBIERTA GOODYEAR Eagle Sport \u2013 Cubierta deportivo de alto rendimiento\" \/>\n<meta property=\"og:description\" content=\"PAR Cubierta GOODYEAR Eagle Sport: rendimiento deportivo, agarre superior y control en todo tipo de terrenos. Calidad, precisi\u00f3n y durabilidad al mejor precio.\" \/>\n<meta property=\"og:url\" content=\"https:\/\/veloaxe.com\/fr\/produit\/par-cubierta-goodyear-eagle-sport-copia\/\" \/>\n<meta property=\"og:site_name\" content=\"Tienda de bicicletas | VELOAXE\" \/>\n<meta property=\"article:publisher\" content=\"https:\/\/www.facebook.com\/veloaxe\" \/>\n<meta property=\"article:modified_time\" content=\"2025-12-08T17:37:49+00:00\" \/>\n<meta property=\"og:image\" content=\"https:\/\/veloaxe.com\/wp-content\/uploads\/2025\/12\/cubierta-goodyear-eagle-sport-marron.jpg\" \/>\n\t<meta property=\"og:image:width\" content=\"888\" \/>\n\t<meta property=\"og:image:height\" content=\"615\" \/>\n\t<meta property=\"og:image:type\" content=\"image\/jpeg\" \/>\n<meta name=\"twitter:card\" content=\"summary_large_image\" \/>\n<meta name=\"twitter:label1\" content=\"Dur\u00e9e de lecture estim\u00e9e\" \/>\n\t<meta name=\"twitter:data1\" content=\"1 minute\" \/>\n<script type=\"application\/ld+json\" class=\"yoast-schema-graph\">{\"@context\":\"https:\\\/\\\/schema.org\",\"@graph\":[{\"@type\":\"WebPage\",\"@id\":\"https:\\\/\\\/veloaxe.com\\\/producto\\\/par-cubierta-goodyear-eagle-sport-copia\\\/\",\"url\":\"https:\\\/\\\/veloaxe.com\\\/producto\\\/par-cubierta-goodyear-eagle-sport-copia\\\/\",\"name\":\"PAR CUBIERTA GOODYEAR Eagle Sport \u2013 Cubierta deportivo de alto rendimiento\",\"isPartOf\":{\"@id\":\"https:\\\/\\\/veloaxe.com\\\/#website\"},\"primaryImageOfPage\":{\"@id\":\"https:\\\/\\\/veloaxe.com\\\/producto\\\/par-cubierta-goodyear-eagle-sport-copia\\\/#primaryimage\"},\"image\":{\"@id\":\"https:\\\/\\\/veloaxe.com\\\/producto\\\/par-cubierta-goodyear-eagle-sport-copia\\\/#primaryimage\"},\"thumbnailUrl\":\"https:\\\/\\\/veloaxe.com\\\/wp-content\\\/uploads\\\/2025\\\/12\\\/cubierta-goodyear-eagle-sport-marron.jpg\",\"datePublished\":\"2025-12-08T17:24:05+00:00\",\"dateModified\":\"2025-12-08T17:37:49+00:00\",\"description\":\"PAR Cubierta GOODYEAR Eagle Sport: rendimiento deportivo, agarre superior y control en todo tipo de terrenos. Calidad, precisi\u00f3n y durabilidad al mejor precio.\",\"breadcrumb\":{\"@id\":\"https:\\\/\\\/veloaxe.com\\\/producto\\\/par-cubierta-goodyear-eagle-sport-copia\\\/#breadcrumb\"},\"inLanguage\":\"fr-FR\",\"potentialAction\":[{\"@type\":\"ReadAction\",\"target\":[\"https:\\\/\\\/veloaxe.com\\\/producto\\\/par-cubierta-goodyear-eagle-sport-copia\\\/\"]}]},{\"@type\":\"ImageObject\",\"inLanguage\":\"fr-FR\",\"@id\":\"https:\\\/\\\/veloaxe.com\\\/producto\\\/par-cubierta-goodyear-eagle-sport-copia\\\/#primaryimage\",\"url\":\"https:\\\/\\\/veloaxe.com\\\/wp-content\\\/uploads\\\/2025\\\/12\\\/cubierta-goodyear-eagle-sport-marron.jpg\",\"contentUrl\":\"https:\\\/\\\/veloaxe.com\\\/wp-content\\\/uploads\\\/2025\\\/12\\\/cubierta-goodyear-eagle-sport-marron.jpg\",\"width\":888,\"height\":615,\"caption\":\"Cubierta GOODYEAR Eagle Sport de alto rendimiento con agarre superior y dise\u00f1o deportivo\"},{\"@type\":\"BreadcrumbList\",\"@id\":\"https:\\\/\\\/veloaxe.com\\\/producto\\\/par-cubierta-goodyear-eagle-sport-copia\\\/#breadcrumb\",\"itemListElement\":[{\"@type\":\"ListItem\",\"position\":1,\"name\":\"Portada\",\"item\":\"https:\\\/\\\/paleturquoise-herring-271034.hostingersite.com\\\/\"},{\"@type\":\"ListItem\",\"position\":2,\"name\":\"Shop\",\"item\":\"https:\\\/\\\/paleturquoise-herring-271034.hostingersite.com\\\/shop\\\/\"},{\"@type\":\"ListItem\",\"position\":3,\"name\":\"PAR CUBIERTA GOODYEAR EAGLE SPORT\"}]},{\"@type\":\"WebSite\",\"@id\":\"https:\\\/\\\/veloaxe.com\\\/#website\",\"url\":\"https:\\\/\\\/veloaxe.com\\\/\",\"name\":\"Tienda de bicicletas | VELOAXE\",\"description\":\"Descubre una amplia selecci\u00f3n de bicicletas de alta calidad, desde modelos urbanos y de monta\u00f1a hasta bicicletas de carretera de \u00faltima generaci\u00f3n. Con un servicio experto y accesorios especializados, estamos comprometidos a brindarte la mejor experiencia ciclista.\",\"publisher\":{\"@id\":\"https:\\\/\\\/veloaxe.com\\\/#organization\"},\"potentialAction\":[{\"@type\":\"SearchAction\",\"target\":{\"@type\":\"EntryPoint\",\"urlTemplate\":\"https:\\\/\\\/veloaxe.com\\\/?s={search_term_string}\"},\"query-input\":{\"@type\":\"PropertyValueSpecification\",\"valueRequired\":true,\"valueName\":\"search_term_string\"}}],\"inLanguage\":\"fr-FR\"},{\"@type\":\"Organization\",\"@id\":\"https:\\\/\\\/veloaxe.com\\\/#organization\",\"name\":\"Tienda de bicicletas | VELOAXE\",\"url\":\"https:\\\/\\\/veloaxe.com\\\/\",\"logo\":{\"@type\":\"ImageObject\",\"inLanguage\":\"fr-FR\",\"@id\":\"https:\\\/\\\/veloaxe.com\\\/#\\\/schema\\\/logo\\\/image\\\/\",\"url\":\"https:\\\/\\\/veloaxe.com\\\/wp-content\\\/uploads\\\/2026\\\/01\\\/cropped-logo-1.jpg\",\"contentUrl\":\"https:\\\/\\\/veloaxe.com\\\/wp-content\\\/uploads\\\/2026\\\/01\\\/cropped-logo-1.jpg\",\"width\":1273,\"height\":363,\"caption\":\"Tienda de bicicletas | VELOAXE\"},\"image\":{\"@id\":\"https:\\\/\\\/veloaxe.com\\\/#\\\/schema\\\/logo\\\/image\\\/\"},\"sameAs\":[\"https:\\\/\\\/www.facebook.com\\\/veloaxe\"]}]}<\/script>\n<!-- \/ Yoast SEO plugin. -->","yoast_head_json":{"title":"PAR CUBIERTA GOODYEAR Eagle Sport \u2013 Cubierta deportivo de alto rendimiento","description":"PAR Cubierta GOODYEAR Eagle Sport: rendimiento deportivo, agarre superior y control en todo tipo de terrenos. Calidad, precisi\u00f3n y durabilidad al mejor precio.","robots":{"index":"index","follow":"follow","max-snippet":"max-snippet:-1","max-image-preview":"max-image-preview:large","max-video-preview":"max-video-preview:-1"},"canonical":"https:\/\/veloaxe.com\/fr\/produit\/par-cubierta-goodyear-eagle-sport-copia\/","og_locale":"fr_FR","og_type":"article","og_title":"PAR CUBIERTA GOODYEAR Eagle Sport \u2013 Cubierta deportivo de alto rendimiento","og_description":"PAR Cubierta GOODYEAR Eagle Sport: rendimiento deportivo, agarre superior y control en todo tipo de terrenos. Calidad, precisi\u00f3n y durabilidad al mejor precio.","og_url":"https:\/\/veloaxe.com\/fr\/produit\/par-cubierta-goodyear-eagle-sport-copia\/","og_site_name":"Tienda de bicicletas | VELOAXE","article_publisher":"https:\/\/www.facebook.com\/veloaxe","article_modified_time":"2025-12-08T17:37:49+00:00","og_image":[{"width":888,"height":615,"url":"https:\/\/veloaxe.com\/wp-content\/uploads\/2025\/12\/cubierta-goodyear-eagle-sport-marron.jpg","type":"image\/jpeg"}],"twitter_card":"summary_large_image","twitter_misc":{"Dur\u00e9e de lecture estim\u00e9e":"1 minute"},"schema":{"@context":"https:\/\/schema.org","@graph":[{"@type":"WebPage","@id":"https:\/\/veloaxe.com\/producto\/par-cubierta-goodyear-eagle-sport-copia\/","url":"https:\/\/veloaxe.com\/producto\/par-cubierta-goodyear-eagle-sport-copia\/","name":"PAR CUBIERTA GOODYEAR Eagle Sport \u2013 Cubierta deportivo de alto rendimiento","isPartOf":{"@id":"https:\/\/veloaxe.com\/#website"},"primaryImageOfPage":{"@id":"https:\/\/veloaxe.com\/producto\/par-cubierta-goodyear-eagle-sport-copia\/#primaryimage"},"image":{"@id":"https:\/\/veloaxe.com\/producto\/par-cubierta-goodyear-eagle-sport-copia\/#primaryimage"},"thumbnailUrl":"https:\/\/veloaxe.com\/wp-content\/uploads\/2025\/12\/cubierta-goodyear-eagle-sport-marron.jpg","datePublished":"2025-12-08T17:24:05+00:00","dateModified":"2025-12-08T17:37:49+00:00","description":"PAR Cubierta GOODYEAR Eagle Sport: rendimiento deportivo, agarre superior y control en todo tipo de terrenos. Calidad, precisi\u00f3n y durabilidad al mejor precio.","breadcrumb":{"@id":"https:\/\/veloaxe.com\/producto\/par-cubierta-goodyear-eagle-sport-copia\/#breadcrumb"},"inLanguage":"fr-FR","potentialAction":[{"@type":"ReadAction","target":["https:\/\/veloaxe.com\/producto\/par-cubierta-goodyear-eagle-sport-copia\/"]}]},{"@type":"ImageObject","inLanguage":"fr-FR","@id":"https:\/\/veloaxe.com\/producto\/par-cubierta-goodyear-eagle-sport-copia\/#primaryimage","url":"https:\/\/veloaxe.com\/wp-content\/uploads\/2025\/12\/cubierta-goodyear-eagle-sport-marron.jpg","contentUrl":"https:\/\/veloaxe.com\/wp-content\/uploads\/2025\/12\/cubierta-goodyear-eagle-sport-marron.jpg","width":888,"height":615,"caption":"Cubierta GOODYEAR Eagle Sport de alto rendimiento con agarre superior y dise\u00f1o deportivo"},{"@type":"BreadcrumbList","@id":"https:\/\/veloaxe.com\/producto\/par-cubierta-goodyear-eagle-sport-copia\/#breadcrumb","itemListElement":[{"@type":"ListItem","position":1,"name":"Portada","item":"https:\/\/paleturquoise-herring-271034.hostingersite.com\/"},{"@type":"ListItem","position":2,"name":"Shop","item":"https:\/\/paleturquoise-herring-271034.hostingersite.com\/shop\/"},{"@type":"ListItem","position":3,"name":"PAR CUBIERTA GOODYEAR EAGLE SPORT"}]},{"@type":"WebSite","@id":"https:\/\/veloaxe.com\/#website","url":"https:\/\/veloaxe.com\/","name":"Boutique de v\u00e9lo en ligne | VELOAXE","description":"Descubre una amplia selecci\u00f3n de bicicletas de alta calidad, desde modelos urbanos y de monta\u00f1a hasta bicicletas de carretera de \u00faltima generaci\u00f3n. Con un servicio experto y accesorios especializados, estamos comprometidos a brindarte la mejor experiencia ciclista.","publisher":{"@id":"https:\/\/veloaxe.com\/#organization"},"potentialAction":[{"@type":"SearchAction","target":{"@type":"EntryPoint","urlTemplate":"https:\/\/veloaxe.com\/?s={search_term_string}"},"query-input":{"@type":"PropertyValueSpecification","valueRequired":true,"valueName":"search_term_string"}}],"inLanguage":"fr-FR"},{"@type":"Organization","@id":"https:\/\/veloaxe.com\/#organization","name":"Boutique de v\u00e9lo en ligne | VELOAXE","url":"https:\/\/veloaxe.com\/","logo":{"@type":"ImageObject","inLanguage":"fr-FR","@id":"https:\/\/veloaxe.com\/#\/schema\/logo\/image\/","url":"https:\/\/veloaxe.com\/wp-content\/uploads\/2026\/01\/cropped-logo-1.jpg","contentUrl":"https:\/\/veloaxe.com\/wp-content\/uploads\/2026\/01\/cropped-logo-1.jpg","width":1273,"height":363,"caption":"Tienda de bicicletas | VELOAXE"},"image":{"@id":"https:\/\/veloaxe.com\/#\/schema\/logo\/image\/"},"sameAs":["https:\/\/www.facebook.com\/veloaxe"]}]}},"_links":{"self":[{"href":"https:\/\/veloaxe.com\/fr\/wp-json\/wp\/v2\/product\/21161","targetHints":{"allow":["GET"]}}],"collection":[{"href":"https:\/\/veloaxe.com\/fr\/wp-json\/wp\/v2\/product"}],"about":[{"href":"https:\/\/veloaxe.com\/fr\/wp-json\/wp\/v2\/types\/product"}],"replies":[{"embeddable":true,"href":"https:\/\/veloaxe.com\/fr\/wp-json\/wp\/v2\/comments?post=21161"}],"wp:featuredmedia":[{"embeddable":true,"href":"https:\/\/veloaxe.com\/fr\/wp-json\/wp\/v2\/media\/21158"}],"wp:attachment":[{"href":"https:\/\/veloaxe.com\/fr\/wp-json\/wp\/v2\/media?parent=21161"}],"wp:term":[{"taxonomy":"product_brand","embeddable":true,"href":"https:\/\/veloaxe.com\/fr\/wp-json\/wp\/v2\/product_brand?post=21161"},{"taxonomy":"product_cat","embeddable":true,"href":"https:\/\/veloaxe.com\/fr\/wp-json\/wp\/v2\/product_cat?post=21161"},{"taxonomy":"product_tag","embeddable":true,"href":"https:\/\/veloaxe.com\/fr\/wp-json\/wp\/v2\/product_tag?post=21161"}],"curies":[{"name":"wp","href":"https:\/\/api.w.org\/{rel}","templated":true}]}}