{"id":21320,"date":"2025-12-26T09:04:56","date_gmt":"2025-12-26T09:04:56","guid":{"rendered":"https:\/\/veloaxe.com\/?post_type=product&#038;p=21320"},"modified":"2025-12-26T09:06:37","modified_gmt":"2025-12-26T09:06:37","slug":"conor-wrc-volcano-gf-shimano-105-di2-12v-blanco","status":"publish","type":"product","link":"https:\/\/veloaxe.com\/fr\/producto\/conor-wrc-volcano-gf-shimano-105-di2-12v-blanco\/","title":{"rendered":"CONOR WRC VOLCANO GF &#8211; SHIMANO 105 DI2 12v &#8211; Blanco"},"content":{"rendered":"<p><span style=\"color: #000000;\"><strong>CONOR BIKE<\/strong> pega duro con el <strong>CONOR WRC VOLCANO GF<\/strong>\u00a0con grupo <strong>SHIMANO 105 DI2 12v<\/strong>. Su cuadro completamente revolucionario permite obtener una bicicleta c\u00f3moda, r\u00edgida y reactiva con tubos <strong>GRAND FONDO<\/strong>. El tri\u00e1ngulo trasero es el m\u00e1s c\u00f3modo jam\u00e1s estudiado por la marca. Te permite montar sin ninguna dificultad tanto si est\u00e1s en los adoquines del norte de <strong>ESPANA<\/strong> como en las monta\u00f1as de los <strong>SIERRA NEVADA<\/strong>. <\/span><\/p>\n<p><span style=\"color: #000000;\">La bicicleta <strong>CONOR WRC VOLCANO GF <\/strong>est\u00e1 claramente hecha para ciclistas que quieren una bicicleta para todo tipo de rutas <strong>PLANA\/HILLY\/MONTA\u00d1A<\/strong>. Su tubo de direcci\u00f3n es m\u00e1s importante para aportar rigidez a la parte delantera de la bici, esto permite obtener un pilotaje preciso en descenso y a alta velocidad. Gracias a su pedalier sobredimensionado, esta bicicleta es completamente revolucionaria y te permite circular a gran velocidad con una potencia que se transmite directamente a la rueda trasera con cada pedalada. El marco permite el montaje de neum\u00e1ticos de hasta 30 mm, las mangueras de freno est\u00e1n integradas en el marco. El cuadro <strong>CONOR VOLCANO GF DISCO<\/strong> tiene tecnolog\u00edas <strong>ACC<\/strong> y fibra de <strong>CARBONO 30T\/T800<\/strong>.<\/span><\/p>\n<p>Cuadro : Carbono UD Toray 30T\/T800 WRC Grand Fondo Volcano Disc 142x12mm<\/p>\n<p>Horquilla : Carbon Road WRC Grand Fondo Volcano disc, tubo de direcci\u00f3n asim\u00e9trico, 100x12mm<\/p>\n<p>Manetas : Shimano 105 di2 12v<\/p>\n<p>Cambio : Shimano 105 di2 12v<\/p>\n<p>Desviador : Shimano 105 di2 2v<\/p>\n<p>Pi\u00f1\u00f3n : Shimano 105 12v 11\/34<\/p>\n<p>Cadena : Shimano 105 12v<\/p>\n<p>Plato : Shimano 105 12v 50*34<\/p>\n<p>Ruedas : WRC carbono 42mm Disc 12v<\/p>\n<p>Cubiertas :Vittoria Rubino Pro 25-622 Fold Brown<\/p>\n<p>Sill\u00edn : Selle Italia<\/p>\n<p>Tija sill\u00edn : WRC volcano Carbono<\/p>\n<p>Manillar : WRC Carbono<\/p>\n<p>Potencia : WRC Alu cable integred<\/p>\n<p>Direcci\u00f3n : WRC 1,5 ACR<\/p>\n<p>Las ruedas y el grupo de la foto pueden no ser contractuales<\/p>\n<p>Para m\u00e1s informaci\u00f3n, cont\u00e1ctenos: +33 06 24 22 72 58 o veloaxe@gmail.com<\/p>","protected":false},"excerpt":{"rendered":"<p>CONOR BIKE pega duro con el CONOR WRC VOLCANO GF\u00a0con grupo SHIMANO 105 DI2 12v. Su cuadro completamente revolucionario permite obtener una bicicleta c\u00f3moda, r\u00edgida y reactiva con tubos GRAND FONDO. El tri\u00e1ngulo trasero es el m\u00e1s c\u00f3modo jam\u00e1s estudiado por la marca. Te permite montar sin ninguna dificultad tanto si est\u00e1s en los adoquines [&hellip;]<\/p>\n","protected":false},"featured_media":21300,"comment_status":"closed","ping_status":"closed","template":"","meta":[],"product_brand":[],"product_cat":[126,17,16],"product_tag":[],"class_list":{"0":"post-21320","1":"product","2":"type-product","3":"status-publish","4":"has-post-thumbnail","6":"product_cat-bicicleta-de-carbono","7":"product_cat-bicicletas-completas-de-carretera","8":"product_cat-carretera-gravel-bicicletas","9":"product_shipping_class-bicicletas","11":"first","12":"instock","13":"sale","14":"shipping-taxable","15":"purchasable","16":"product-type-variable"},"yoast_head":"<!-- This site is optimized with the Yoast SEO plugin v27.6 - https:\/\/yoast.com\/product\/yoast-seo-wordpress\/ -->\n<title>CONOR WRC VOLCANO GF SHIMANO 105 DI2 | VELOAXE<\/title>\n<meta name=\"description\" content=\"CONOR WRC VOLCANO GF - SHIMANO 105 DI2 12v - Bicicleta Conor wrc volcano gf con grupo SHIMANO 105 DI2 - Desde 4499 euros - Facilidad de pago x12.\" \/>\n<meta name=\"robots\" content=\"index, follow, max-snippet:-1, max-image-preview:large, max-video-preview:-1\" \/>\n<link rel=\"canonical\" href=\"https:\/\/veloaxe.com\/fr\/produit\/conor-wrc-volcano-gf-shimano-105-di2-12v-blanco\/\" \/>\n<meta property=\"og:locale\" content=\"fr_FR\" \/>\n<meta property=\"og:type\" content=\"article\" \/>\n<meta property=\"og:title\" content=\"CONOR WRC VOLCANO GF SHIMANO 105 DI2 | VELOAXE\" \/>\n<meta property=\"og:description\" content=\"CONOR WRC VOLCANO GF - SHIMANO 105 DI2 12v - Bicicleta Conor wrc volcano gf con grupo SHIMANO 105 DI2 - Desde 4499 euros - Facilidad de pago x12.\" \/>\n<meta property=\"og:url\" content=\"https:\/\/veloaxe.com\/fr\/produit\/conor-wrc-volcano-gf-shimano-105-di2-12v-blanco\/\" \/>\n<meta property=\"og:site_name\" content=\"Tienda de bicicletas | VELOAXE\" \/>\n<meta property=\"article:publisher\" content=\"https:\/\/www.facebook.com\/veloaxe\" \/>\n<meta property=\"article:modified_time\" content=\"2025-12-26T09:06:37+00:00\" \/>\n<meta property=\"og:image\" content=\"https:\/\/veloaxe.com\/wp-content\/uploads\/2025\/12\/bicicleta-conor-volcano-gf-blanco.jpg\" \/>\n\t<meta property=\"og:image:width\" content=\"1300\" \/>\n\t<meta property=\"og:image:height\" content=\"850\" \/>\n\t<meta property=\"og:image:type\" content=\"image\/jpeg\" \/>\n<meta name=\"twitter:card\" content=\"summary_large_image\" \/>\n<meta name=\"twitter:label1\" content=\"Dur\u00e9e de lecture estim\u00e9e\" \/>\n\t<meta name=\"twitter:data1\" content=\"2 minutes\" \/>\n<script type=\"application\/ld+json\" class=\"yoast-schema-graph\">{\"@context\":\"https:\\\/\\\/schema.org\",\"@graph\":[{\"@type\":\"WebPage\",\"@id\":\"https:\\\/\\\/veloaxe.com\\\/producto\\\/conor-wrc-volcano-gf-shimano-105-di2-12v-blanco\\\/\",\"url\":\"https:\\\/\\\/veloaxe.com\\\/producto\\\/conor-wrc-volcano-gf-shimano-105-di2-12v-blanco\\\/\",\"name\":\"CONOR WRC VOLCANO GF SHIMANO 105 DI2 | VELOAXE\",\"isPartOf\":{\"@id\":\"https:\\\/\\\/veloaxe.com\\\/#website\"},\"primaryImageOfPage\":{\"@id\":\"https:\\\/\\\/veloaxe.com\\\/producto\\\/conor-wrc-volcano-gf-shimano-105-di2-12v-blanco\\\/#primaryimage\"},\"image\":{\"@id\":\"https:\\\/\\\/veloaxe.com\\\/producto\\\/conor-wrc-volcano-gf-shimano-105-di2-12v-blanco\\\/#primaryimage\"},\"thumbnailUrl\":\"https:\\\/\\\/veloaxe.com\\\/wp-content\\\/uploads\\\/2025\\\/12\\\/bicicleta-conor-volcano-gf-blanco.jpg\",\"datePublished\":\"2025-12-26T09:04:56+00:00\",\"dateModified\":\"2025-12-26T09:06:37+00:00\",\"description\":\"CONOR WRC VOLCANO GF - SHIMANO 105 DI2 12v - Bicicleta Conor wrc volcano gf con grupo SHIMANO 105 DI2 - Desde 4499 euros - Facilidad de pago x12.\",\"breadcrumb\":{\"@id\":\"https:\\\/\\\/veloaxe.com\\\/producto\\\/conor-wrc-volcano-gf-shimano-105-di2-12v-blanco\\\/#breadcrumb\"},\"inLanguage\":\"fr-FR\",\"potentialAction\":[{\"@type\":\"ReadAction\",\"target\":[\"https:\\\/\\\/veloaxe.com\\\/producto\\\/conor-wrc-volcano-gf-shimano-105-di2-12v-blanco\\\/\"]}]},{\"@type\":\"ImageObject\",\"inLanguage\":\"fr-FR\",\"@id\":\"https:\\\/\\\/veloaxe.com\\\/producto\\\/conor-wrc-volcano-gf-shimano-105-di2-12v-blanco\\\/#primaryimage\",\"url\":\"https:\\\/\\\/veloaxe.com\\\/wp-content\\\/uploads\\\/2025\\\/12\\\/bicicleta-conor-volcano-gf-blanco.jpg\",\"contentUrl\":\"https:\\\/\\\/veloaxe.com\\\/wp-content\\\/uploads\\\/2025\\\/12\\\/bicicleta-conor-volcano-gf-blanco.jpg\",\"width\":1300,\"height\":850,\"caption\":\"bicicleta-conor-volcano-gf-blanco\"},{\"@type\":\"BreadcrumbList\",\"@id\":\"https:\\\/\\\/veloaxe.com\\\/producto\\\/conor-wrc-volcano-gf-shimano-105-di2-12v-blanco\\\/#breadcrumb\",\"itemListElement\":[{\"@type\":\"ListItem\",\"position\":1,\"name\":\"Portada\",\"item\":\"https:\\\/\\\/veloaxe.com\\\/\"},{\"@type\":\"ListItem\",\"position\":2,\"name\":\"Shop\",\"item\":\"https:\\\/\\\/paleturquoise-herring-271034.hostingersite.com\\\/shop\\\/\"},{\"@type\":\"ListItem\",\"position\":3,\"name\":\"CONOR WRC VOLCANO GF &#8211; SHIMANO 105 DI2 12v &#8211; Blanco\"}]},{\"@type\":\"WebSite\",\"@id\":\"https:\\\/\\\/veloaxe.com\\\/#website\",\"url\":\"https:\\\/\\\/veloaxe.com\\\/\",\"name\":\"Tienda de bicicletas | VELOAXE\",\"description\":\"Descubre una amplia selecci\u00f3n de bicicletas de alta calidad, desde modelos urbanos y de monta\u00f1a hasta bicicletas de carretera de \u00faltima generaci\u00f3n. Con un servicio experto y accesorios especializados, estamos comprometidos a brindarte la mejor experiencia ciclista.\",\"publisher\":{\"@id\":\"https:\\\/\\\/veloaxe.com\\\/#organization\"},\"potentialAction\":[{\"@type\":\"SearchAction\",\"target\":{\"@type\":\"EntryPoint\",\"urlTemplate\":\"https:\\\/\\\/veloaxe.com\\\/?s={search_term_string}\"},\"query-input\":{\"@type\":\"PropertyValueSpecification\",\"valueRequired\":true,\"valueName\":\"search_term_string\"}}],\"inLanguage\":\"fr-FR\"},{\"@type\":\"Organization\",\"@id\":\"https:\\\/\\\/veloaxe.com\\\/#organization\",\"name\":\"Tienda de bicicletas | VELOAXE\",\"url\":\"https:\\\/\\\/veloaxe.com\\\/\",\"logo\":{\"@type\":\"ImageObject\",\"inLanguage\":\"fr-FR\",\"@id\":\"https:\\\/\\\/veloaxe.com\\\/#\\\/schema\\\/logo\\\/image\\\/\",\"url\":\"https:\\\/\\\/veloaxe.com\\\/wp-content\\\/uploads\\\/2026\\\/01\\\/cropped-logo-1.jpg\",\"contentUrl\":\"https:\\\/\\\/veloaxe.com\\\/wp-content\\\/uploads\\\/2026\\\/01\\\/cropped-logo-1.jpg\",\"width\":1273,\"height\":363,\"caption\":\"Tienda de bicicletas | VELOAXE\"},\"image\":{\"@id\":\"https:\\\/\\\/veloaxe.com\\\/#\\\/schema\\\/logo\\\/image\\\/\"},\"sameAs\":[\"https:\\\/\\\/www.facebook.com\\\/veloaxe\"]}]}<\/script>\n<!-- \/ Yoast SEO plugin. -->","yoast_head_json":{"title":"CONOR WRC VOLCANO GF SHIMANO 105 DI2 | VELOAXE","description":"CONOR WRC VOLCANO GF - SHIMANO 105 DI2 12v - Bicicleta Conor wrc volcano gf con grupo SHIMANO 105 DI2 - Desde 4499 euros - Facilidad de pago x12.","robots":{"index":"index","follow":"follow","max-snippet":"max-snippet:-1","max-image-preview":"max-image-preview:large","max-video-preview":"max-video-preview:-1"},"canonical":"https:\/\/veloaxe.com\/fr\/produit\/conor-wrc-volcano-gf-shimano-105-di2-12v-blanco\/","og_locale":"fr_FR","og_type":"article","og_title":"CONOR WRC VOLCANO GF SHIMANO 105 DI2 | VELOAXE","og_description":"CONOR WRC VOLCANO GF - SHIMANO 105 DI2 12v - Bicicleta Conor wrc volcano gf con grupo SHIMANO 105 DI2 - Desde 4499 euros - Facilidad de pago x12.","og_url":"https:\/\/veloaxe.com\/fr\/produit\/conor-wrc-volcano-gf-shimano-105-di2-12v-blanco\/","og_site_name":"Tienda de bicicletas | VELOAXE","article_publisher":"https:\/\/www.facebook.com\/veloaxe","article_modified_time":"2025-12-26T09:06:37+00:00","og_image":[{"width":1300,"height":850,"url":"https:\/\/veloaxe.com\/wp-content\/uploads\/2025\/12\/bicicleta-conor-volcano-gf-blanco.jpg","type":"image\/jpeg"}],"twitter_card":"summary_large_image","twitter_misc":{"Dur\u00e9e de lecture estim\u00e9e":"2 minutes"},"schema":{"@context":"https:\/\/schema.org","@graph":[{"@type":"WebPage","@id":"https:\/\/veloaxe.com\/producto\/conor-wrc-volcano-gf-shimano-105-di2-12v-blanco\/","url":"https:\/\/veloaxe.com\/producto\/conor-wrc-volcano-gf-shimano-105-di2-12v-blanco\/","name":"CONOR WRC VOLCANO GF SHIMANO 105 DI2 | VELOAXE","isPartOf":{"@id":"https:\/\/veloaxe.com\/#website"},"primaryImageOfPage":{"@id":"https:\/\/veloaxe.com\/producto\/conor-wrc-volcano-gf-shimano-105-di2-12v-blanco\/#primaryimage"},"image":{"@id":"https:\/\/veloaxe.com\/producto\/conor-wrc-volcano-gf-shimano-105-di2-12v-blanco\/#primaryimage"},"thumbnailUrl":"https:\/\/veloaxe.com\/wp-content\/uploads\/2025\/12\/bicicleta-conor-volcano-gf-blanco.jpg","datePublished":"2025-12-26T09:04:56+00:00","dateModified":"2025-12-26T09:06:37+00:00","description":"CONOR WRC VOLCANO GF - SHIMANO 105 DI2 12v - Bicicleta Conor wrc volcano gf con grupo SHIMANO 105 DI2 - Desde 4499 euros - Facilidad de pago x12.","breadcrumb":{"@id":"https:\/\/veloaxe.com\/producto\/conor-wrc-volcano-gf-shimano-105-di2-12v-blanco\/#breadcrumb"},"inLanguage":"fr-FR","potentialAction":[{"@type":"ReadAction","target":["https:\/\/veloaxe.com\/producto\/conor-wrc-volcano-gf-shimano-105-di2-12v-blanco\/"]}]},{"@type":"ImageObject","inLanguage":"fr-FR","@id":"https:\/\/veloaxe.com\/producto\/conor-wrc-volcano-gf-shimano-105-di2-12v-blanco\/#primaryimage","url":"https:\/\/veloaxe.com\/wp-content\/uploads\/2025\/12\/bicicleta-conor-volcano-gf-blanco.jpg","contentUrl":"https:\/\/veloaxe.com\/wp-content\/uploads\/2025\/12\/bicicleta-conor-volcano-gf-blanco.jpg","width":1300,"height":850,"caption":"bicicleta-conor-volcano-gf-blanco"},{"@type":"BreadcrumbList","@id":"https:\/\/veloaxe.com\/producto\/conor-wrc-volcano-gf-shimano-105-di2-12v-blanco\/#breadcrumb","itemListElement":[{"@type":"ListItem","position":1,"name":"Portada","item":"https:\/\/veloaxe.com\/"},{"@type":"ListItem","position":2,"name":"Shop","item":"https:\/\/paleturquoise-herring-271034.hostingersite.com\/shop\/"},{"@type":"ListItem","position":3,"name":"CONOR WRC VOLCANO GF &#8211; SHIMANO 105 DI2 12v &#8211; Blanco"}]},{"@type":"WebSite","@id":"https:\/\/veloaxe.com\/#website","url":"https:\/\/veloaxe.com\/","name":"Boutique de v\u00e9lo en ligne | VELOAXE","description":"Descubre una amplia selecci\u00f3n de bicicletas de alta calidad, desde modelos urbanos y de monta\u00f1a hasta bicicletas de carretera de \u00faltima generaci\u00f3n. Con un servicio experto y accesorios especializados, estamos comprometidos a brindarte la mejor experiencia ciclista.","publisher":{"@id":"https:\/\/veloaxe.com\/#organization"},"potentialAction":[{"@type":"SearchAction","target":{"@type":"EntryPoint","urlTemplate":"https:\/\/veloaxe.com\/?s={search_term_string}"},"query-input":{"@type":"PropertyValueSpecification","valueRequired":true,"valueName":"search_term_string"}}],"inLanguage":"fr-FR"},{"@type":"Organization","@id":"https:\/\/veloaxe.com\/#organization","name":"Boutique de v\u00e9lo en ligne | VELOAXE","url":"https:\/\/veloaxe.com\/","logo":{"@type":"ImageObject","inLanguage":"fr-FR","@id":"https:\/\/veloaxe.com\/#\/schema\/logo\/image\/","url":"https:\/\/veloaxe.com\/wp-content\/uploads\/2026\/01\/cropped-logo-1.jpg","contentUrl":"https:\/\/veloaxe.com\/wp-content\/uploads\/2026\/01\/cropped-logo-1.jpg","width":1273,"height":363,"caption":"Tienda de bicicletas | VELOAXE"},"image":{"@id":"https:\/\/veloaxe.com\/#\/schema\/logo\/image\/"},"sameAs":["https:\/\/www.facebook.com\/veloaxe"]}]}},"_links":{"self":[{"href":"https:\/\/veloaxe.com\/fr\/wp-json\/wp\/v2\/product\/21320","targetHints":{"allow":["GET"]}}],"collection":[{"href":"https:\/\/veloaxe.com\/fr\/wp-json\/wp\/v2\/product"}],"about":[{"href":"https:\/\/veloaxe.com\/fr\/wp-json\/wp\/v2\/types\/product"}],"replies":[{"embeddable":true,"href":"https:\/\/veloaxe.com\/fr\/wp-json\/wp\/v2\/comments?post=21320"}],"wp:featuredmedia":[{"embeddable":true,"href":"https:\/\/veloaxe.com\/fr\/wp-json\/wp\/v2\/media\/21300"}],"wp:attachment":[{"href":"https:\/\/veloaxe.com\/fr\/wp-json\/wp\/v2\/media?parent=21320"}],"wp:term":[{"taxonomy":"product_brand","embeddable":true,"href":"https:\/\/veloaxe.com\/fr\/wp-json\/wp\/v2\/product_brand?post=21320"},{"taxonomy":"product_cat","embeddable":true,"href":"https:\/\/veloaxe.com\/fr\/wp-json\/wp\/v2\/product_cat?post=21320"},{"taxonomy":"product_tag","embeddable":true,"href":"https:\/\/veloaxe.com\/fr\/wp-json\/wp\/v2\/product_tag?post=21320"}],"curies":[{"name":"wp","href":"https:\/\/api.w.org\/{rel}","templated":true}]}}