{"id":21400,"date":"2025-12-27T10:53:24","date_gmt":"2025-12-27T10:53:24","guid":{"rendered":"https:\/\/veloaxe.com\/?post_type=product&#038;p=21400"},"modified":"2025-12-27T10:55:02","modified_gmt":"2025-12-27T10:55:02","slug":"conor-wrc-volcano-aero-shimano-dura-ace-di2-12v-gris","status":"publish","type":"product","link":"https:\/\/veloaxe.com\/fr\/produit\/conor-wrc-volcano-aero-shimano-dura-ace-di2-12v-gris\/","title":{"rendered":"CONOR WRC VOLCANO AERO &#8211; SHIMANO DURA-ACE DI2 12v &#8211; Gris"},"content":{"rendered":"<p><span style=\"color: #000000;\">La bicicleta de carretera <strong>CONOR WRC VOLCANO AERO<\/strong> Disc es el modelo tope de gama de la marca y la favorita de los ciclistas <em><strong>puncher\/sprinter<\/strong><\/em>. Tiene un marco <strong>AERO EVO<\/strong> que es r\u00edgido y aerodin\u00e1mico. Esta bicicleta fue claramente creada para desarrollar potencia y andar a alta velocidad sin penalizarte en los baches. El <strong>CONOR WRC VOLCANO AERO<\/strong> es Responsive y Eficiente, cada golpe de pedal se transfiere de manera eficiente para impulsarte r\u00e1pidamente a crear ataques o hacer un sprint. Su frenado de disco hace que esta bicicleta sea muy segura en las bajadas. El cuadro tiene tecnolog\u00eda <strong>ACC<\/strong>, una fibra de carbono <strong>UD TORAY 30T\/T800<\/strong>. Enrutamiento de cables interno, manillar de carbono integrado, montaje con grupo <strong>SHIMANO<\/strong> DI2 posible, tija de sill\u00edn no integrada.<\/span><\/p>\n<p><span style=\"color: #000000;\">Cuadro : Carbono UD Toray 30T\/T800 WRC Aero Volcano Disc 142x12mm<\/span><\/p>\n<p><span style=\"color: #000000;\">Horquilla : Carbon Road WRC Volcano, tubo de direcci\u00f3n asim\u00e9trico, 100x12mm<\/span><\/p>\n<p><span style=\"color: #000000;\">Manetas : Shimano DURA-ACE DI2 R9270<\/span><\/p>\n<p><span style=\"color: #000000;\">Cambio : Shimano DURA-ACE DI2 R9270 12v<\/span><\/p>\n<p><span style=\"color: #000000;\">Desviador : Shimano DURA-ACE DI2 R9270 2v<\/span><\/p>\n<p><span style=\"color: #000000;\">Pi\u00f1\u00f3n : Shimano DURA-ACE 12v 11\/30<\/span><\/p>\n<p><span style=\"color: #000000;\">Cadena : Shimano M6100 12v<\/span><\/p>\n<p><span style=\"color: #000000;\">Bielas : Shimano DURA-ACE R9200P 52\/36<\/span><\/p>\n<p><span style=\"color: #000000;\">Ruedas : WRC carbono 40mm Disc 12v\u00a0<\/span><\/p>\n<p><span style=\"color: #000000;\">Cubiertas :Vittoria Rubino Pro 30-622\u00a0<\/span><\/p>\n<p><span style=\"color: #000000;\">Sill\u00edn : Selle Italia<\/span><\/p>\n<p><span style=\"color: #000000;\">Tija sill\u00edn : WRC Volcano<\/span><\/p>\n<p><span style=\"color: #000000;\">Manillar : WRC Carbono cockpit<\/span><\/p>\n<p><span style=\"color: #000000;\">Potencia : WRC Carbono cockpit<\/span><\/p>\n<p><span style=\"color: #000000;\">Direcci\u00f3n : WRC 1,5 ACR<\/span><\/p>\n<p><span style=\"color: #000000;\">Las ruedas y el grupo de la foto pueden no ser contractuales<\/span><\/p>","protected":false},"excerpt":{"rendered":"<p>La bicicleta de carretera CONOR WRC VOLCANO AERO Disc es el modelo tope de gama de la marca y la favorita de los ciclistas puncher\/sprinter. Tiene un marco AERO EVO que es r\u00edgido y aerodin\u00e1mico. Esta bicicleta fue claramente creada para desarrollar potencia y andar a alta velocidad sin penalizarte en los baches. El CONOR [&hellip;]<\/p>\n","protected":false},"featured_media":21382,"comment_status":"closed","ping_status":"closed","template":"","meta":[],"product_brand":[],"product_cat":[126,17,16],"product_tag":[],"class_list":{"0":"post-21400","1":"product","2":"type-product","3":"status-publish","4":"has-post-thumbnail","6":"product_cat-bicicleta-de-carbono","7":"product_cat-bicicletas-completas-de-carretera","8":"product_cat-carretera-gravel-bicicletas","9":"product_shipping_class-bicicletas","11":"first","12":"instock","13":"sale","14":"shipping-taxable","15":"purchasable","16":"product-type-variable"},"yoast_head":"<!-- This site is optimized with the Yoast SEO plugin v27.6 - https:\/\/yoast.com\/product\/yoast-seo-wordpress\/ -->\n<title>CONOR WRC VOLCANO AERO DURA-ACE DI2 | VELOAXE<\/title>\n<meta name=\"description\" content=\"CONOR WRC VOLCANO AERO SHIMANO DURA-ACE DI2 12v - Encuentra las bicicletas de carretera conor volcano con grupo shimano dura-ace DI2 12v desde 6799\u20ac.\" \/>\n<meta name=\"robots\" content=\"index, follow, max-snippet:-1, max-image-preview:large, max-video-preview:-1\" \/>\n<link rel=\"canonical\" href=\"https:\/\/veloaxe.com\/fr\/produit\/conor-wrc-volcano-aero-shimano-dura-ace-di2-12v-gris\/\" \/>\n<meta property=\"og:locale\" content=\"fr_FR\" \/>\n<meta property=\"og:type\" content=\"article\" \/>\n<meta property=\"og:title\" content=\"CONOR WRC VOLCANO AERO DURA-ACE DI2 | VELOAXE\" \/>\n<meta property=\"og:description\" content=\"CONOR WRC VOLCANO AERO SHIMANO DURA-ACE DI2 12v - Encuentra las bicicletas de carretera conor volcano con grupo shimano dura-ace DI2 12v desde 6799\u20ac.\" \/>\n<meta property=\"og:url\" content=\"https:\/\/veloaxe.com\/fr\/produit\/conor-wrc-volcano-aero-shimano-dura-ace-di2-12v-gris\/\" \/>\n<meta property=\"og:site_name\" content=\"Tienda de bicicletas | VELOAXE\" \/>\n<meta property=\"article:publisher\" content=\"https:\/\/www.facebook.com\/veloaxe\" \/>\n<meta property=\"article:modified_time\" content=\"2025-12-27T10:55:02+00:00\" \/>\n<meta property=\"og:image\" content=\"https:\/\/veloaxe.com\/wp-content\/uploads\/2025\/12\/conor-volcano-aero-gris.jpg\" \/>\n\t<meta property=\"og:image:width\" content=\"1300\" \/>\n\t<meta property=\"og:image:height\" content=\"850\" \/>\n\t<meta property=\"og:image:type\" content=\"image\/jpeg\" \/>\n<meta name=\"twitter:card\" content=\"summary_large_image\" \/>\n<meta name=\"twitter:label1\" content=\"Dur\u00e9e de lecture estim\u00e9e\" \/>\n\t<meta name=\"twitter:data1\" content=\"2 minutes\" \/>\n<script type=\"application\/ld+json\" class=\"yoast-schema-graph\">{\"@context\":\"https:\\\/\\\/schema.org\",\"@graph\":[{\"@type\":\"WebPage\",\"@id\":\"https:\\\/\\\/veloaxe.com\\\/producto\\\/conor-wrc-volcano-aero-shimano-dura-ace-di2-12v-gris\\\/\",\"url\":\"https:\\\/\\\/veloaxe.com\\\/producto\\\/conor-wrc-volcano-aero-shimano-dura-ace-di2-12v-gris\\\/\",\"name\":\"CONOR WRC VOLCANO AERO DURA-ACE DI2 | VELOAXE\",\"isPartOf\":{\"@id\":\"https:\\\/\\\/veloaxe.com\\\/#website\"},\"primaryImageOfPage\":{\"@id\":\"https:\\\/\\\/veloaxe.com\\\/producto\\\/conor-wrc-volcano-aero-shimano-dura-ace-di2-12v-gris\\\/#primaryimage\"},\"image\":{\"@id\":\"https:\\\/\\\/veloaxe.com\\\/producto\\\/conor-wrc-volcano-aero-shimano-dura-ace-di2-12v-gris\\\/#primaryimage\"},\"thumbnailUrl\":\"https:\\\/\\\/veloaxe.com\\\/wp-content\\\/uploads\\\/2025\\\/12\\\/conor-volcano-aero-gris.jpg\",\"datePublished\":\"2025-12-27T10:53:24+00:00\",\"dateModified\":\"2025-12-27T10:55:02+00:00\",\"description\":\"CONOR WRC VOLCANO AERO SHIMANO DURA-ACE DI2 12v - Encuentra las bicicletas de carretera conor volcano con grupo shimano dura-ace DI2 12v desde 6799\u20ac.\",\"breadcrumb\":{\"@id\":\"https:\\\/\\\/veloaxe.com\\\/producto\\\/conor-wrc-volcano-aero-shimano-dura-ace-di2-12v-gris\\\/#breadcrumb\"},\"inLanguage\":\"fr-FR\",\"potentialAction\":[{\"@type\":\"ReadAction\",\"target\":[\"https:\\\/\\\/veloaxe.com\\\/producto\\\/conor-wrc-volcano-aero-shimano-dura-ace-di2-12v-gris\\\/\"]}]},{\"@type\":\"ImageObject\",\"inLanguage\":\"fr-FR\",\"@id\":\"https:\\\/\\\/veloaxe.com\\\/producto\\\/conor-wrc-volcano-aero-shimano-dura-ace-di2-12v-gris\\\/#primaryimage\",\"url\":\"https:\\\/\\\/veloaxe.com\\\/wp-content\\\/uploads\\\/2025\\\/12\\\/conor-volcano-aero-gris.jpg\",\"contentUrl\":\"https:\\\/\\\/veloaxe.com\\\/wp-content\\\/uploads\\\/2025\\\/12\\\/conor-volcano-aero-gris.jpg\",\"width\":1300,\"height\":850,\"caption\":\"conor-volcano-aero-gris\"},{\"@type\":\"BreadcrumbList\",\"@id\":\"https:\\\/\\\/veloaxe.com\\\/producto\\\/conor-wrc-volcano-aero-shimano-dura-ace-di2-12v-gris\\\/#breadcrumb\",\"itemListElement\":[{\"@type\":\"ListItem\",\"position\":1,\"name\":\"Portada\",\"item\":\"https:\\\/\\\/paleturquoise-herring-271034.hostingersite.com\\\/\"},{\"@type\":\"ListItem\",\"position\":2,\"name\":\"Shop\",\"item\":\"https:\\\/\\\/paleturquoise-herring-271034.hostingersite.com\\\/shop\\\/\"},{\"@type\":\"ListItem\",\"position\":3,\"name\":\"CONOR WRC VOLCANO AERO &#8211; SHIMANO DURA-ACE DI2 12v &#8211; Gris\"}]},{\"@type\":\"WebSite\",\"@id\":\"https:\\\/\\\/veloaxe.com\\\/#website\",\"url\":\"https:\\\/\\\/veloaxe.com\\\/\",\"name\":\"Tienda de bicicletas | VELOAXE\",\"description\":\"Descubre una amplia selecci\u00f3n de bicicletas de alta calidad, desde modelos urbanos y de monta\u00f1a hasta bicicletas de carretera de \u00faltima generaci\u00f3n. Con un servicio experto y accesorios especializados, estamos comprometidos a brindarte la mejor experiencia ciclista.\",\"publisher\":{\"@id\":\"https:\\\/\\\/veloaxe.com\\\/#organization\"},\"potentialAction\":[{\"@type\":\"SearchAction\",\"target\":{\"@type\":\"EntryPoint\",\"urlTemplate\":\"https:\\\/\\\/veloaxe.com\\\/?s={search_term_string}\"},\"query-input\":{\"@type\":\"PropertyValueSpecification\",\"valueRequired\":true,\"valueName\":\"search_term_string\"}}],\"inLanguage\":\"fr-FR\"},{\"@type\":\"Organization\",\"@id\":\"https:\\\/\\\/veloaxe.com\\\/#organization\",\"name\":\"Tienda de bicicletas | VELOAXE\",\"url\":\"https:\\\/\\\/veloaxe.com\\\/\",\"logo\":{\"@type\":\"ImageObject\",\"inLanguage\":\"fr-FR\",\"@id\":\"https:\\\/\\\/veloaxe.com\\\/#\\\/schema\\\/logo\\\/image\\\/\",\"url\":\"https:\\\/\\\/veloaxe.com\\\/wp-content\\\/uploads\\\/2026\\\/01\\\/cropped-logo-1.jpg\",\"contentUrl\":\"https:\\\/\\\/veloaxe.com\\\/wp-content\\\/uploads\\\/2026\\\/01\\\/cropped-logo-1.jpg\",\"width\":1273,\"height\":363,\"caption\":\"Tienda de bicicletas | VELOAXE\"},\"image\":{\"@id\":\"https:\\\/\\\/veloaxe.com\\\/#\\\/schema\\\/logo\\\/image\\\/\"},\"sameAs\":[\"https:\\\/\\\/www.facebook.com\\\/veloaxe\"]}]}<\/script>\n<!-- \/ Yoast SEO plugin. -->","yoast_head_json":{"title":"CONOR WRC VOLCANO AERO DURA-ACE DI2 | VELOAXE","description":"CONOR WRC VOLCANO AERO SHIMANO DURA-ACE DI2 12v - Encuentra las bicicletas de carretera conor volcano con grupo shimano dura-ace DI2 12v desde 6799\u20ac.","robots":{"index":"index","follow":"follow","max-snippet":"max-snippet:-1","max-image-preview":"max-image-preview:large","max-video-preview":"max-video-preview:-1"},"canonical":"https:\/\/veloaxe.com\/fr\/produit\/conor-wrc-volcano-aero-shimano-dura-ace-di2-12v-gris\/","og_locale":"fr_FR","og_type":"article","og_title":"CONOR WRC VOLCANO AERO DURA-ACE DI2 | VELOAXE","og_description":"CONOR WRC VOLCANO AERO SHIMANO DURA-ACE DI2 12v - Encuentra las bicicletas de carretera conor volcano con grupo shimano dura-ace DI2 12v desde 6799\u20ac.","og_url":"https:\/\/veloaxe.com\/fr\/produit\/conor-wrc-volcano-aero-shimano-dura-ace-di2-12v-gris\/","og_site_name":"Tienda de bicicletas | VELOAXE","article_publisher":"https:\/\/www.facebook.com\/veloaxe","article_modified_time":"2025-12-27T10:55:02+00:00","og_image":[{"width":1300,"height":850,"url":"https:\/\/veloaxe.com\/wp-content\/uploads\/2025\/12\/conor-volcano-aero-gris.jpg","type":"image\/jpeg"}],"twitter_card":"summary_large_image","twitter_misc":{"Dur\u00e9e de lecture estim\u00e9e":"2 minutes"},"schema":{"@context":"https:\/\/schema.org","@graph":[{"@type":"WebPage","@id":"https:\/\/veloaxe.com\/producto\/conor-wrc-volcano-aero-shimano-dura-ace-di2-12v-gris\/","url":"https:\/\/veloaxe.com\/producto\/conor-wrc-volcano-aero-shimano-dura-ace-di2-12v-gris\/","name":"CONOR WRC VOLCANO AERO DURA-ACE DI2 | VELOAXE","isPartOf":{"@id":"https:\/\/veloaxe.com\/#website"},"primaryImageOfPage":{"@id":"https:\/\/veloaxe.com\/producto\/conor-wrc-volcano-aero-shimano-dura-ace-di2-12v-gris\/#primaryimage"},"image":{"@id":"https:\/\/veloaxe.com\/producto\/conor-wrc-volcano-aero-shimano-dura-ace-di2-12v-gris\/#primaryimage"},"thumbnailUrl":"https:\/\/veloaxe.com\/wp-content\/uploads\/2025\/12\/conor-volcano-aero-gris.jpg","datePublished":"2025-12-27T10:53:24+00:00","dateModified":"2025-12-27T10:55:02+00:00","description":"CONOR WRC VOLCANO AERO SHIMANO DURA-ACE DI2 12v - Encuentra las bicicletas de carretera conor volcano con grupo shimano dura-ace DI2 12v desde 6799\u20ac.","breadcrumb":{"@id":"https:\/\/veloaxe.com\/producto\/conor-wrc-volcano-aero-shimano-dura-ace-di2-12v-gris\/#breadcrumb"},"inLanguage":"fr-FR","potentialAction":[{"@type":"ReadAction","target":["https:\/\/veloaxe.com\/producto\/conor-wrc-volcano-aero-shimano-dura-ace-di2-12v-gris\/"]}]},{"@type":"ImageObject","inLanguage":"fr-FR","@id":"https:\/\/veloaxe.com\/producto\/conor-wrc-volcano-aero-shimano-dura-ace-di2-12v-gris\/#primaryimage","url":"https:\/\/veloaxe.com\/wp-content\/uploads\/2025\/12\/conor-volcano-aero-gris.jpg","contentUrl":"https:\/\/veloaxe.com\/wp-content\/uploads\/2025\/12\/conor-volcano-aero-gris.jpg","width":1300,"height":850,"caption":"conor-volcano-aero-gris"},{"@type":"BreadcrumbList","@id":"https:\/\/veloaxe.com\/producto\/conor-wrc-volcano-aero-shimano-dura-ace-di2-12v-gris\/#breadcrumb","itemListElement":[{"@type":"ListItem","position":1,"name":"Portada","item":"https:\/\/paleturquoise-herring-271034.hostingersite.com\/"},{"@type":"ListItem","position":2,"name":"Shop","item":"https:\/\/paleturquoise-herring-271034.hostingersite.com\/shop\/"},{"@type":"ListItem","position":3,"name":"CONOR WRC VOLCANO AERO &#8211; SHIMANO DURA-ACE DI2 12v &#8211; Gris"}]},{"@type":"WebSite","@id":"https:\/\/veloaxe.com\/#website","url":"https:\/\/veloaxe.com\/","name":"Boutique de v\u00e9lo en ligne | VELOAXE","description":"Descubre una amplia selecci\u00f3n de bicicletas de alta calidad, desde modelos urbanos y de monta\u00f1a hasta bicicletas de carretera de \u00faltima generaci\u00f3n. Con un servicio experto y accesorios especializados, estamos comprometidos a brindarte la mejor experiencia ciclista.","publisher":{"@id":"https:\/\/veloaxe.com\/#organization"},"potentialAction":[{"@type":"SearchAction","target":{"@type":"EntryPoint","urlTemplate":"https:\/\/veloaxe.com\/?s={search_term_string}"},"query-input":{"@type":"PropertyValueSpecification","valueRequired":true,"valueName":"search_term_string"}}],"inLanguage":"fr-FR"},{"@type":"Organization","@id":"https:\/\/veloaxe.com\/#organization","name":"Boutique de v\u00e9lo en ligne | VELOAXE","url":"https:\/\/veloaxe.com\/","logo":{"@type":"ImageObject","inLanguage":"fr-FR","@id":"https:\/\/veloaxe.com\/#\/schema\/logo\/image\/","url":"https:\/\/veloaxe.com\/wp-content\/uploads\/2026\/01\/cropped-logo-1.jpg","contentUrl":"https:\/\/veloaxe.com\/wp-content\/uploads\/2026\/01\/cropped-logo-1.jpg","width":1273,"height":363,"caption":"Tienda de bicicletas | VELOAXE"},"image":{"@id":"https:\/\/veloaxe.com\/#\/schema\/logo\/image\/"},"sameAs":["https:\/\/www.facebook.com\/veloaxe"]}]}},"_links":{"self":[{"href":"https:\/\/veloaxe.com\/fr\/wp-json\/wp\/v2\/product\/21400","targetHints":{"allow":["GET"]}}],"collection":[{"href":"https:\/\/veloaxe.com\/fr\/wp-json\/wp\/v2\/product"}],"about":[{"href":"https:\/\/veloaxe.com\/fr\/wp-json\/wp\/v2\/types\/product"}],"replies":[{"embeddable":true,"href":"https:\/\/veloaxe.com\/fr\/wp-json\/wp\/v2\/comments?post=21400"}],"wp:featuredmedia":[{"embeddable":true,"href":"https:\/\/veloaxe.com\/fr\/wp-json\/wp\/v2\/media\/21382"}],"wp:attachment":[{"href":"https:\/\/veloaxe.com\/fr\/wp-json\/wp\/v2\/media?parent=21400"}],"wp:term":[{"taxonomy":"product_brand","embeddable":true,"href":"https:\/\/veloaxe.com\/fr\/wp-json\/wp\/v2\/product_brand?post=21400"},{"taxonomy":"product_cat","embeddable":true,"href":"https:\/\/veloaxe.com\/fr\/wp-json\/wp\/v2\/product_cat?post=21400"},{"taxonomy":"product_tag","embeddable":true,"href":"https:\/\/veloaxe.com\/fr\/wp-json\/wp\/v2\/product_tag?post=21400"}],"curies":[{"name":"wp","href":"https:\/\/api.w.org\/{rel}","templated":true}]}}