{"id":21432,"date":"2026-01-08T10:46:50","date_gmt":"2026-01-08T10:46:50","guid":{"rendered":"https:\/\/veloaxe.com\/?post_type=product&#038;p=21432"},"modified":"2026-01-08T10:51:38","modified_gmt":"2026-01-08T10:51:38","slug":"conor-e-rush-shimano-105-12v","status":"publish","type":"product","link":"https:\/\/veloaxe.com\/fr\/produit\/conor-e-rush-shimano-105-12v\/","title":{"rendered":"CONOR E-RUSH &#8211; SHIMANO 105 12v"},"content":{"rendered":"<p><span style=\"color: #000000;\">El <strong>CONOR E-RUSH<\/strong>\u00a0con grupo <strong>SHIMANO 105 12v<\/strong>. Su cuadro completamente revolucionario permite obtener una bicicleta c\u00f3moda, r\u00edgida y reactiva con tubos <strong>AERO<\/strong>. El tri\u00e1ngulo trasero es el m\u00e1s c\u00f3modo jam\u00e1s estudiado por la marca. Te permite montar sin ninguna dificultad tanto si est\u00e1s en los adoquines del norte de <strong>ESPANA<\/strong> como en las monta\u00f1as de los <strong>SIERRA NEVADA<\/strong>. <\/span><\/p>\n<p><span style=\"color: #000000;\">El <strong>CONOR E-RUSH <\/strong>est\u00e1 claramente hecha para ciclistas que quieren una bicicleta para todo tipo de rutas <strong>PLANA\/HILLY\/MONTA\u00d1A<\/strong>. Su tubo de direcci\u00f3n es m\u00e1s importante para aportar rigidez a la parte delantera de la bici, esto permite obtener un pilotaje preciso en descenso y a alta velocidad. Gracias a su pedalier sobredimensionado, esta bicicleta es completamente revolucionaria y te permite circular a gran velocidad con una potencia que se transmite directamente a la rueda trasera con cada pedalada. El marco permite el montaje de neum\u00e1ticos de hasta 32 mm, las mangueras de freno est\u00e1n integradas en el marco.<\/span><\/p>\n<p><span style=\"color: #000000;\">Cuadro : Aluminio ICR &#8211; 700*35 cubierta max<\/span><\/p>\n<p><span style=\"color: #000000;\">Horquilla : Carbon Road E-Rush<\/span><\/p>\n<p><span style=\"color: #000000;\">Manetas : Shimano 105 R7150<\/span><\/p>\n<p><span style=\"color: #000000;\">Cambio : Shimano 105 R7150 12v<\/span><\/p>\n<p><span style=\"color: #000000;\">Desviador : Shimano 105 R7150 2v<\/span><\/p>\n<p><span style=\"color: #000000;\">Pi\u00f1\u00f3n : Shimano 105 12v 11\/34<\/span><\/p>\n<p><span style=\"color: #000000;\">Cadena : Shimano M6100 12v<\/span><\/p>\n<p><span style=\"color: #000000;\">Plato : Shimano 105 R7150 50\/34<\/span><\/p>\n<p><span style=\"color: #000000;\">Ruedas : PROTOTYPE ROAD X-type<\/span><\/p>\n<p><span style=\"color: #000000;\">Cubiertas :Vittoria Rubino Pro 30*700<\/span><\/p>\n<p><span style=\"color: #000000;\">Sill\u00edn : Selle Italia\u00a0<\/span><\/p>\n<p><span style=\"color: #000000;\">Tija sill\u00edn : WRC Aluminio<\/span><\/p>\n<p><span style=\"color: #000000;\">Manillar : WRC Aluminio<\/span><\/p>\n<p><span style=\"color: #000000;\">Potencia : WRC Aluminio<\/span><\/p>\n<p><span style=\"color: #000000;\">Direcci\u00f3n : WRC 1,5 ACR<\/span><\/p>\n<p>Bateria : Mahle X2 Battery Pack 36v, 250Wh<\/p>\n<p>Cargador : Mahle Active Charger 4A<\/p>\n<p>Motor : Mahle motor hub X30, 45Nm<\/p>\n<p>&nbsp;<\/p>\n<p><span style=\"color: #000000;\">Para m\u00e1s informaci\u00f3n, cont\u00e1ctenos: +33 06 24 22 72 58 o veloaxe@gmail.com<\/span><\/p>","protected":false},"excerpt":{"rendered":"<p>El CONOR E-RUSH\u00a0con grupo SHIMANO 105 12v. Su cuadro completamente revolucionario permite obtener una bicicleta c\u00f3moda, r\u00edgida y reactiva con tubos AERO. El tri\u00e1ngulo trasero es el m\u00e1s c\u00f3modo jam\u00e1s estudiado por la marca. Te permite montar sin ninguna dificultad tanto si est\u00e1s en los adoquines del norte de ESPANA como en las monta\u00f1as de [&hellip;]<\/p>\n","protected":false},"featured_media":21423,"comment_status":"closed","ping_status":"closed","template":"","meta":[],"product_brand":[],"product_cat":[213,17,16],"product_tag":[],"class_list":{"0":"post-21432","1":"product","2":"type-product","3":"status-publish","4":"has-post-thumbnail","6":"product_cat-bicicleta-electrica-bicicletas-completas-de-carretera","7":"product_cat-bicicletas-completas-de-carretera","8":"product_cat-carretera-gravel-bicicletas","9":"product_shipping_class-bicicletas","11":"first","12":"instock","13":"sale","14":"shipping-taxable","15":"purchasable","16":"product-type-variable"},"yoast_head":"<!-- This site is optimized with the Yoast SEO plugin v27.6 - https:\/\/yoast.com\/product\/yoast-seo-wordpress\/ -->\n<title>CONOR E-RUSH - 105 12v | VELOAXE.COM<\/title>\n<meta name=\"description\" content=\"CONOR E-RUSH - SHIMANO 105 12v - Bicicleta electrica Conor e-volcano con grupo shimano 105 12v - Desde 2999 \u20ac - Facilidad de pago x12.\" \/>\n<meta name=\"robots\" content=\"index, follow, max-snippet:-1, max-image-preview:large, max-video-preview:-1\" \/>\n<link rel=\"canonical\" href=\"https:\/\/veloaxe.com\/fr\/produit\/conor-e-rush-shimano-105-12v\/\" \/>\n<meta property=\"og:locale\" content=\"fr_FR\" \/>\n<meta property=\"og:type\" content=\"article\" \/>\n<meta property=\"og:title\" content=\"CONOR E-RUSH - 105 12v | VELOAXE.COM\" \/>\n<meta property=\"og:description\" content=\"CONOR E-RUSH - SHIMANO 105 12v - Bicicleta electrica Conor e-volcano con grupo shimano 105 12v - Desde 2999 \u20ac - Facilidad de pago x12.\" \/>\n<meta property=\"og:url\" content=\"https:\/\/veloaxe.com\/fr\/produit\/conor-e-rush-shimano-105-12v\/\" \/>\n<meta property=\"og:site_name\" content=\"Tienda de bicicletas | VELOAXE\" \/>\n<meta property=\"article:publisher\" content=\"https:\/\/www.facebook.com\/veloaxe\" \/>\n<meta property=\"article:modified_time\" content=\"2026-01-08T10:51:38+00:00\" \/>\n<meta property=\"og:image\" content=\"https:\/\/veloaxe.com\/wp-content\/uploads\/2026\/01\/bicicleta-conor-e-rush.jpg\" \/>\n\t<meta property=\"og:image:width\" content=\"1300\" \/>\n\t<meta property=\"og:image:height\" content=\"850\" \/>\n\t<meta property=\"og:image:type\" content=\"image\/jpeg\" \/>\n<meta name=\"twitter:card\" content=\"summary_large_image\" \/>\n<meta name=\"twitter:label1\" content=\"Dur\u00e9e de lecture estim\u00e9e\" \/>\n\t<meta name=\"twitter:data1\" content=\"2 minutes\" \/>\n<script type=\"application\/ld+json\" class=\"yoast-schema-graph\">{\"@context\":\"https:\\\/\\\/schema.org\",\"@graph\":[{\"@type\":\"WebPage\",\"@id\":\"https:\\\/\\\/veloaxe.com\\\/producto\\\/conor-e-rush-shimano-105-12v\\\/\",\"url\":\"https:\\\/\\\/veloaxe.com\\\/producto\\\/conor-e-rush-shimano-105-12v\\\/\",\"name\":\"CONOR E-RUSH - 105 12v | VELOAXE.COM\",\"isPartOf\":{\"@id\":\"https:\\\/\\\/veloaxe.com\\\/#website\"},\"primaryImageOfPage\":{\"@id\":\"https:\\\/\\\/veloaxe.com\\\/producto\\\/conor-e-rush-shimano-105-12v\\\/#primaryimage\"},\"image\":{\"@id\":\"https:\\\/\\\/veloaxe.com\\\/producto\\\/conor-e-rush-shimano-105-12v\\\/#primaryimage\"},\"thumbnailUrl\":\"https:\\\/\\\/veloaxe.com\\\/wp-content\\\/uploads\\\/2026\\\/01\\\/bicicleta-conor-e-rush.jpg\",\"datePublished\":\"2026-01-08T10:46:50+00:00\",\"dateModified\":\"2026-01-08T10:51:38+00:00\",\"description\":\"CONOR E-RUSH - SHIMANO 105 12v - Bicicleta electrica Conor e-volcano con grupo shimano 105 12v - Desde 2999 \u20ac - Facilidad de pago x12.\",\"breadcrumb\":{\"@id\":\"https:\\\/\\\/veloaxe.com\\\/producto\\\/conor-e-rush-shimano-105-12v\\\/#breadcrumb\"},\"inLanguage\":\"fr-FR\",\"potentialAction\":[{\"@type\":\"ReadAction\",\"target\":[\"https:\\\/\\\/veloaxe.com\\\/producto\\\/conor-e-rush-shimano-105-12v\\\/\"]}]},{\"@type\":\"ImageObject\",\"inLanguage\":\"fr-FR\",\"@id\":\"https:\\\/\\\/veloaxe.com\\\/producto\\\/conor-e-rush-shimano-105-12v\\\/#primaryimage\",\"url\":\"https:\\\/\\\/veloaxe.com\\\/wp-content\\\/uploads\\\/2026\\\/01\\\/bicicleta-conor-e-rush.jpg\",\"contentUrl\":\"https:\\\/\\\/veloaxe.com\\\/wp-content\\\/uploads\\\/2026\\\/01\\\/bicicleta-conor-e-rush.jpg\",\"width\":1300,\"height\":850,\"caption\":\"bicicleta-conor-e-rush\"},{\"@type\":\"BreadcrumbList\",\"@id\":\"https:\\\/\\\/veloaxe.com\\\/producto\\\/conor-e-rush-shimano-105-12v\\\/#breadcrumb\",\"itemListElement\":[{\"@type\":\"ListItem\",\"position\":1,\"name\":\"Portada\",\"item\":\"https:\\\/\\\/paleturquoise-herring-271034.hostingersite.com\\\/\"},{\"@type\":\"ListItem\",\"position\":2,\"name\":\"Shop\",\"item\":\"https:\\\/\\\/paleturquoise-herring-271034.hostingersite.com\\\/shop\\\/\"},{\"@type\":\"ListItem\",\"position\":3,\"name\":\"CONOR E-RUSH &#8211; SHIMANO 105 12v\"}]},{\"@type\":\"WebSite\",\"@id\":\"https:\\\/\\\/veloaxe.com\\\/#website\",\"url\":\"https:\\\/\\\/veloaxe.com\\\/\",\"name\":\"Tienda de bicicletas | VELOAXE\",\"description\":\"Descubre una amplia selecci\u00f3n de bicicletas de alta calidad, desde modelos urbanos y de monta\u00f1a hasta bicicletas de carretera de \u00faltima generaci\u00f3n. Con un servicio experto y accesorios especializados, estamos comprometidos a brindarte la mejor experiencia ciclista.\",\"publisher\":{\"@id\":\"https:\\\/\\\/veloaxe.com\\\/#organization\"},\"potentialAction\":[{\"@type\":\"SearchAction\",\"target\":{\"@type\":\"EntryPoint\",\"urlTemplate\":\"https:\\\/\\\/veloaxe.com\\\/?s={search_term_string}\"},\"query-input\":{\"@type\":\"PropertyValueSpecification\",\"valueRequired\":true,\"valueName\":\"search_term_string\"}}],\"inLanguage\":\"fr-FR\"},{\"@type\":\"Organization\",\"@id\":\"https:\\\/\\\/veloaxe.com\\\/#organization\",\"name\":\"Tienda de bicicletas | VELOAXE\",\"url\":\"https:\\\/\\\/veloaxe.com\\\/\",\"logo\":{\"@type\":\"ImageObject\",\"inLanguage\":\"fr-FR\",\"@id\":\"https:\\\/\\\/veloaxe.com\\\/#\\\/schema\\\/logo\\\/image\\\/\",\"url\":\"https:\\\/\\\/veloaxe.com\\\/wp-content\\\/uploads\\\/2026\\\/01\\\/cropped-logo-1.jpg\",\"contentUrl\":\"https:\\\/\\\/veloaxe.com\\\/wp-content\\\/uploads\\\/2026\\\/01\\\/cropped-logo-1.jpg\",\"width\":1273,\"height\":363,\"caption\":\"Tienda de bicicletas | VELOAXE\"},\"image\":{\"@id\":\"https:\\\/\\\/veloaxe.com\\\/#\\\/schema\\\/logo\\\/image\\\/\"},\"sameAs\":[\"https:\\\/\\\/www.facebook.com\\\/veloaxe\"]}]}<\/script>\n<!-- \/ Yoast SEO plugin. -->","yoast_head_json":{"title":"CONOR E-RUSH - 105 12v | VELOAXE.COM","description":"CONOR E-RUSH - SHIMANO 105 12v - Bicicleta electrica Conor e-volcano con grupo shimano 105 12v - Desde 2999 \u20ac - Facilidad de pago x12.","robots":{"index":"index","follow":"follow","max-snippet":"max-snippet:-1","max-image-preview":"max-image-preview:large","max-video-preview":"max-video-preview:-1"},"canonical":"https:\/\/veloaxe.com\/fr\/produit\/conor-e-rush-shimano-105-12v\/","og_locale":"fr_FR","og_type":"article","og_title":"CONOR E-RUSH - 105 12v | VELOAXE.COM","og_description":"CONOR E-RUSH - SHIMANO 105 12v - Bicicleta electrica Conor e-volcano con grupo shimano 105 12v - Desde 2999 \u20ac - Facilidad de pago x12.","og_url":"https:\/\/veloaxe.com\/fr\/produit\/conor-e-rush-shimano-105-12v\/","og_site_name":"Tienda de bicicletas | VELOAXE","article_publisher":"https:\/\/www.facebook.com\/veloaxe","article_modified_time":"2026-01-08T10:51:38+00:00","og_image":[{"width":1300,"height":850,"url":"https:\/\/veloaxe.com\/wp-content\/uploads\/2026\/01\/bicicleta-conor-e-rush.jpg","type":"image\/jpeg"}],"twitter_card":"summary_large_image","twitter_misc":{"Dur\u00e9e de lecture estim\u00e9e":"2 minutes"},"schema":{"@context":"https:\/\/schema.org","@graph":[{"@type":"WebPage","@id":"https:\/\/veloaxe.com\/producto\/conor-e-rush-shimano-105-12v\/","url":"https:\/\/veloaxe.com\/producto\/conor-e-rush-shimano-105-12v\/","name":"CONOR E-RUSH - 105 12v | VELOAXE.COM","isPartOf":{"@id":"https:\/\/veloaxe.com\/#website"},"primaryImageOfPage":{"@id":"https:\/\/veloaxe.com\/producto\/conor-e-rush-shimano-105-12v\/#primaryimage"},"image":{"@id":"https:\/\/veloaxe.com\/producto\/conor-e-rush-shimano-105-12v\/#primaryimage"},"thumbnailUrl":"https:\/\/veloaxe.com\/wp-content\/uploads\/2026\/01\/bicicleta-conor-e-rush.jpg","datePublished":"2026-01-08T10:46:50+00:00","dateModified":"2026-01-08T10:51:38+00:00","description":"CONOR E-RUSH - SHIMANO 105 12v - Bicicleta electrica Conor e-volcano con grupo shimano 105 12v - Desde 2999 \u20ac - Facilidad de pago x12.","breadcrumb":{"@id":"https:\/\/veloaxe.com\/producto\/conor-e-rush-shimano-105-12v\/#breadcrumb"},"inLanguage":"fr-FR","potentialAction":[{"@type":"ReadAction","target":["https:\/\/veloaxe.com\/producto\/conor-e-rush-shimano-105-12v\/"]}]},{"@type":"ImageObject","inLanguage":"fr-FR","@id":"https:\/\/veloaxe.com\/producto\/conor-e-rush-shimano-105-12v\/#primaryimage","url":"https:\/\/veloaxe.com\/wp-content\/uploads\/2026\/01\/bicicleta-conor-e-rush.jpg","contentUrl":"https:\/\/veloaxe.com\/wp-content\/uploads\/2026\/01\/bicicleta-conor-e-rush.jpg","width":1300,"height":850,"caption":"bicicleta-conor-e-rush"},{"@type":"BreadcrumbList","@id":"https:\/\/veloaxe.com\/producto\/conor-e-rush-shimano-105-12v\/#breadcrumb","itemListElement":[{"@type":"ListItem","position":1,"name":"Portada","item":"https:\/\/paleturquoise-herring-271034.hostingersite.com\/"},{"@type":"ListItem","position":2,"name":"Shop","item":"https:\/\/paleturquoise-herring-271034.hostingersite.com\/shop\/"},{"@type":"ListItem","position":3,"name":"CONOR E-RUSH &#8211; SHIMANO 105 12v"}]},{"@type":"WebSite","@id":"https:\/\/veloaxe.com\/#website","url":"https:\/\/veloaxe.com\/","name":"Boutique de v\u00e9lo en ligne | VELOAXE","description":"Descubre una amplia selecci\u00f3n de bicicletas de alta calidad, desde modelos urbanos y de monta\u00f1a hasta bicicletas de carretera de \u00faltima generaci\u00f3n. Con un servicio experto y accesorios especializados, estamos comprometidos a brindarte la mejor experiencia ciclista.","publisher":{"@id":"https:\/\/veloaxe.com\/#organization"},"potentialAction":[{"@type":"SearchAction","target":{"@type":"EntryPoint","urlTemplate":"https:\/\/veloaxe.com\/?s={search_term_string}"},"query-input":{"@type":"PropertyValueSpecification","valueRequired":true,"valueName":"search_term_string"}}],"inLanguage":"fr-FR"},{"@type":"Organization","@id":"https:\/\/veloaxe.com\/#organization","name":"Boutique de v\u00e9lo en ligne | VELOAXE","url":"https:\/\/veloaxe.com\/","logo":{"@type":"ImageObject","inLanguage":"fr-FR","@id":"https:\/\/veloaxe.com\/#\/schema\/logo\/image\/","url":"https:\/\/veloaxe.com\/wp-content\/uploads\/2026\/01\/cropped-logo-1.jpg","contentUrl":"https:\/\/veloaxe.com\/wp-content\/uploads\/2026\/01\/cropped-logo-1.jpg","width":1273,"height":363,"caption":"Tienda de bicicletas | VELOAXE"},"image":{"@id":"https:\/\/veloaxe.com\/#\/schema\/logo\/image\/"},"sameAs":["https:\/\/www.facebook.com\/veloaxe"]}]}},"_links":{"self":[{"href":"https:\/\/veloaxe.com\/fr\/wp-json\/wp\/v2\/product\/21432","targetHints":{"allow":["GET"]}}],"collection":[{"href":"https:\/\/veloaxe.com\/fr\/wp-json\/wp\/v2\/product"}],"about":[{"href":"https:\/\/veloaxe.com\/fr\/wp-json\/wp\/v2\/types\/product"}],"replies":[{"embeddable":true,"href":"https:\/\/veloaxe.com\/fr\/wp-json\/wp\/v2\/comments?post=21432"}],"wp:featuredmedia":[{"embeddable":true,"href":"https:\/\/veloaxe.com\/fr\/wp-json\/wp\/v2\/media\/21423"}],"wp:attachment":[{"href":"https:\/\/veloaxe.com\/fr\/wp-json\/wp\/v2\/media?parent=21432"}],"wp:term":[{"taxonomy":"product_brand","embeddable":true,"href":"https:\/\/veloaxe.com\/fr\/wp-json\/wp\/v2\/product_brand?post=21432"},{"taxonomy":"product_cat","embeddable":true,"href":"https:\/\/veloaxe.com\/fr\/wp-json\/wp\/v2\/product_cat?post=21432"},{"taxonomy":"product_tag","embeddable":true,"href":"https:\/\/veloaxe.com\/fr\/wp-json\/wp\/v2\/product_tag?post=21432"}],"curies":[{"name":"wp","href":"https:\/\/api.w.org\/{rel}","templated":true}]}}