{"id":240,"date":"2022-08-25T17:29:54","date_gmt":"2022-08-25T17:29:54","guid":{"rendered":"https:\/\/veloaxe.com\/?post_type=product&#038;p=240"},"modified":"2025-11-06T10:45:21","modified_gmt":"2025-11-06T10:45:21","slug":"extensiones-aero-bar-deda-metal-blast-noir","status":"publish","type":"product","link":"https:\/\/veloaxe.com\/fr\/producto\/extensiones-aero-bar-deda-metal-blast-noir\/","title":{"rendered":"EXTENSIONES AERO BAR DEDA METAL BLAST"},"content":{"rendered":"<p><span style=\"color: #000000;\">Las extensiones <strong>DEDA METAL BLAST<\/strong> son 25 mm m\u00e1s largas que la versi\u00f3n anterior con nuevas coderas para una m\u00e1xima comodidad. Las <strong>AERO BAR<\/strong> est\u00e1n especialmente dise\u00f1adas para triatl\u00f3n, sprint o distancia ol\u00edmpica. Cumple con el est\u00e1ndar UCI. Aqu\u00ed est\u00e1 el accesorio perfecto para cualquier carrera de bicicletas.<\/span><\/p>\n<p><span style=\"color: #000000;\">PESO: 266 gramos<\/span><\/p>","protected":false},"excerpt":{"rendered":"<p>Las extensiones DEDA METAL BLAST son 25 mm m\u00e1s largas que la versi\u00f3n anterior con nuevas coderas para una m\u00e1xima comodidad. Las AERO BAR est\u00e1n especialmente dise\u00f1adas para triatl\u00f3n, sprint o distancia ol\u00edmpica. Cumple con el est\u00e1ndar UCI. Aqu\u00ed est\u00e1 el accesorio perfecto para cualquier carrera de bicicletas. PESO: 266 gramos<\/p>","protected":false},"featured_media":199,"comment_status":"open","ping_status":"closed","template":"","meta":[],"product_brand":[],"product_cat":[16,19,24],"product_tag":[],"class_list":{"0":"post-240","1":"product","2":"type-product","3":"status-publish","4":"has-post-thumbnail","6":"product_cat-carretera-gravel-bicicletas","7":"product_cat-componentes-de-bicicletas","8":"product_cat-manillar-aero-extensiones","9":"product_shipping_class-no-bicicletas","11":"first","12":"instock","13":"sale","14":"shipping-taxable","15":"purchasable","16":"product-type-simple"},"yoast_head":"<!-- This site is optimized with the Yoast SEO plugin v27.6 - https:\/\/yoast.com\/product\/yoast-seo-wordpress\/ -->\n<title>EXTENSIONES DEDA METAL BLAST BLACK | VELOAXE.COM<\/title>\n<meta name=\"description\" content=\"EXTENSIONES DEDA METAL BLAST BLACK - Prolongador para manillar de bicicleta de carretera o gravel. Disponible al mejor precio con facilidad de pago.\" \/>\n<meta name=\"robots\" content=\"index, follow, max-snippet:-1, max-image-preview:large, max-video-preview:-1\" \/>\n<link rel=\"canonical\" href=\"https:\/\/veloaxe.com\/fr\/produit\/extensiones-aero-bar-deda-metal-blast-noir\/\" \/>\n<meta property=\"og:locale\" content=\"fr_FR\" \/>\n<meta property=\"og:type\" content=\"article\" \/>\n<meta property=\"og:title\" content=\"EXTENSIONES DEDA METAL BLAST BLACK | VELOAXE.COM\" \/>\n<meta property=\"og:description\" content=\"EXTENSIONES DEDA METAL BLAST BLACK - Prolongador para manillar de bicicleta de carretera o gravel. Disponible al mejor precio con facilidad de pago.\" \/>\n<meta property=\"og:url\" content=\"https:\/\/veloaxe.com\/fr\/produit\/extensiones-aero-bar-deda-metal-blast-noir\/\" \/>\n<meta property=\"og:site_name\" content=\"Tienda de bicicletas | VELOAXE\" \/>\n<meta property=\"article:publisher\" content=\"https:\/\/www.facebook.com\/veloaxe\" \/>\n<meta property=\"article:modified_time\" content=\"2025-11-06T10:45:21+00:00\" \/>\n<meta property=\"og:image\" content=\"https:\/\/veloaxe.com\/wp-content\/uploads\/2022\/08\/1200_1500_28____1__crono-metalblast-black-550x550_3344-e1667022279361.jpg\" \/>\n\t<meta property=\"og:image:width\" content=\"656\" \/>\n\t<meta property=\"og:image:height\" content=\"412\" \/>\n\t<meta property=\"og:image:type\" content=\"image\/jpeg\" \/>\n<meta name=\"twitter:card\" content=\"summary_large_image\" \/>\n<meta name=\"twitter:label1\" content=\"Dur\u00e9e de lecture estim\u00e9e\" \/>\n\t<meta name=\"twitter:data1\" content=\"1 minute\" \/>\n<script type=\"application\/ld+json\" class=\"yoast-schema-graph\">{\"@context\":\"https:\\\/\\\/schema.org\",\"@graph\":[{\"@type\":\"WebPage\",\"@id\":\"https:\\\/\\\/veloaxe.com\\\/producto\\\/extensiones-aero-bar-deda-metal-blast-noir\\\/\",\"url\":\"https:\\\/\\\/veloaxe.com\\\/producto\\\/extensiones-aero-bar-deda-metal-blast-noir\\\/\",\"name\":\"EXTENSIONES DEDA METAL BLAST BLACK | VELOAXE.COM\",\"isPartOf\":{\"@id\":\"https:\\\/\\\/veloaxe.com\\\/#website\"},\"primaryImageOfPage\":{\"@id\":\"https:\\\/\\\/veloaxe.com\\\/producto\\\/extensiones-aero-bar-deda-metal-blast-noir\\\/#primaryimage\"},\"image\":{\"@id\":\"https:\\\/\\\/veloaxe.com\\\/producto\\\/extensiones-aero-bar-deda-metal-blast-noir\\\/#primaryimage\"},\"thumbnailUrl\":\"https:\\\/\\\/veloaxe.com\\\/wp-content\\\/uploads\\\/2022\\\/08\\\/1200_1500_28____1__crono-metalblast-black-550x550_3344-e1667022279361.jpg\",\"datePublished\":\"2022-08-25T17:29:54+00:00\",\"dateModified\":\"2025-11-06T10:45:21+00:00\",\"description\":\"EXTENSIONES DEDA METAL BLAST BLACK - Prolongador para manillar de bicicleta de carretera o gravel. Disponible al mejor precio con facilidad de pago.\",\"breadcrumb\":{\"@id\":\"https:\\\/\\\/veloaxe.com\\\/producto\\\/extensiones-aero-bar-deda-metal-blast-noir\\\/#breadcrumb\"},\"inLanguage\":\"fr-FR\",\"potentialAction\":[{\"@type\":\"ReadAction\",\"target\":[\"https:\\\/\\\/veloaxe.com\\\/producto\\\/extensiones-aero-bar-deda-metal-blast-noir\\\/\"]}]},{\"@type\":\"ImageObject\",\"inLanguage\":\"fr-FR\",\"@id\":\"https:\\\/\\\/veloaxe.com\\\/producto\\\/extensiones-aero-bar-deda-metal-blast-noir\\\/#primaryimage\",\"url\":\"https:\\\/\\\/veloaxe.com\\\/wp-content\\\/uploads\\\/2022\\\/08\\\/1200_1500_28____1__crono-metalblast-black-550x550_3344-e1667022279361.jpg\",\"contentUrl\":\"https:\\\/\\\/veloaxe.com\\\/wp-content\\\/uploads\\\/2022\\\/08\\\/1200_1500_28____1__crono-metalblast-black-550x550_3344-e1667022279361.jpg\",\"width\":656,\"height\":412,\"caption\":\"Extensiones DEDA METAL BLAST BLACK para bicicleta de carretera o gravel.\"},{\"@type\":\"BreadcrumbList\",\"@id\":\"https:\\\/\\\/veloaxe.com\\\/producto\\\/extensiones-aero-bar-deda-metal-blast-noir\\\/#breadcrumb\",\"itemListElement\":[{\"@type\":\"ListItem\",\"position\":1,\"name\":\"Portada\",\"item\":\"https:\\\/\\\/veloaxe.com\\\/\"},{\"@type\":\"ListItem\",\"position\":2,\"name\":\"Shop\",\"item\":\"https:\\\/\\\/paleturquoise-herring-271034.hostingersite.com\\\/shop\\\/\"},{\"@type\":\"ListItem\",\"position\":3,\"name\":\"EXTENSIONES AERO BAR DEDA METAL BLAST\"}]},{\"@type\":\"WebSite\",\"@id\":\"https:\\\/\\\/veloaxe.com\\\/#website\",\"url\":\"https:\\\/\\\/veloaxe.com\\\/\",\"name\":\"Tienda de bicicletas | VELOAXE\",\"description\":\"Descubre una amplia selecci\u00f3n de bicicletas de alta calidad, desde modelos urbanos y de monta\u00f1a hasta bicicletas de carretera de \u00faltima generaci\u00f3n. Con un servicio experto y accesorios especializados, estamos comprometidos a brindarte la mejor experiencia ciclista.\",\"publisher\":{\"@id\":\"https:\\\/\\\/veloaxe.com\\\/#organization\"},\"potentialAction\":[{\"@type\":\"SearchAction\",\"target\":{\"@type\":\"EntryPoint\",\"urlTemplate\":\"https:\\\/\\\/veloaxe.com\\\/?s={search_term_string}\"},\"query-input\":{\"@type\":\"PropertyValueSpecification\",\"valueRequired\":true,\"valueName\":\"search_term_string\"}}],\"inLanguage\":\"fr-FR\"},{\"@type\":\"Organization\",\"@id\":\"https:\\\/\\\/veloaxe.com\\\/#organization\",\"name\":\"Tienda de bicicletas | VELOAXE\",\"url\":\"https:\\\/\\\/veloaxe.com\\\/\",\"logo\":{\"@type\":\"ImageObject\",\"inLanguage\":\"fr-FR\",\"@id\":\"https:\\\/\\\/veloaxe.com\\\/#\\\/schema\\\/logo\\\/image\\\/\",\"url\":\"https:\\\/\\\/veloaxe.com\\\/wp-content\\\/uploads\\\/2026\\\/01\\\/cropped-logo-1.jpg\",\"contentUrl\":\"https:\\\/\\\/veloaxe.com\\\/wp-content\\\/uploads\\\/2026\\\/01\\\/cropped-logo-1.jpg\",\"width\":1273,\"height\":363,\"caption\":\"Tienda de bicicletas | VELOAXE\"},\"image\":{\"@id\":\"https:\\\/\\\/veloaxe.com\\\/#\\\/schema\\\/logo\\\/image\\\/\"},\"sameAs\":[\"https:\\\/\\\/www.facebook.com\\\/veloaxe\"]}]}<\/script>\n<!-- \/ Yoast SEO plugin. -->","yoast_head_json":{"title":"EXTENSIONES DEDA METAL BLAST BLACK | VELOAXE.COM","description":"EXTENSIONES DEDA METAL BLAST BLACK - Prolongador para manillar de bicicleta de carretera o gravel. Disponible al mejor precio con facilidad de pago.","robots":{"index":"index","follow":"follow","max-snippet":"max-snippet:-1","max-image-preview":"max-image-preview:large","max-video-preview":"max-video-preview:-1"},"canonical":"https:\/\/veloaxe.com\/fr\/produit\/extensiones-aero-bar-deda-metal-blast-noir\/","og_locale":"fr_FR","og_type":"article","og_title":"EXTENSIONES DEDA METAL BLAST BLACK | VELOAXE.COM","og_description":"EXTENSIONES DEDA METAL BLAST BLACK - Prolongador para manillar de bicicleta de carretera o gravel. Disponible al mejor precio con facilidad de pago.","og_url":"https:\/\/veloaxe.com\/fr\/produit\/extensiones-aero-bar-deda-metal-blast-noir\/","og_site_name":"Tienda de bicicletas | VELOAXE","article_publisher":"https:\/\/www.facebook.com\/veloaxe","article_modified_time":"2025-11-06T10:45:21+00:00","og_image":[{"width":656,"height":412,"url":"https:\/\/veloaxe.com\/wp-content\/uploads\/2022\/08\/1200_1500_28____1__crono-metalblast-black-550x550_3344-e1667022279361.jpg","type":"image\/jpeg"}],"twitter_card":"summary_large_image","twitter_misc":{"Dur\u00e9e de lecture estim\u00e9e":"1 minute"},"schema":{"@context":"https:\/\/schema.org","@graph":[{"@type":"WebPage","@id":"https:\/\/veloaxe.com\/producto\/extensiones-aero-bar-deda-metal-blast-noir\/","url":"https:\/\/veloaxe.com\/producto\/extensiones-aero-bar-deda-metal-blast-noir\/","name":"EXTENSIONES DEDA METAL BLAST BLACK | VELOAXE.COM","isPartOf":{"@id":"https:\/\/veloaxe.com\/#website"},"primaryImageOfPage":{"@id":"https:\/\/veloaxe.com\/producto\/extensiones-aero-bar-deda-metal-blast-noir\/#primaryimage"},"image":{"@id":"https:\/\/veloaxe.com\/producto\/extensiones-aero-bar-deda-metal-blast-noir\/#primaryimage"},"thumbnailUrl":"https:\/\/veloaxe.com\/wp-content\/uploads\/2022\/08\/1200_1500_28____1__crono-metalblast-black-550x550_3344-e1667022279361.jpg","datePublished":"2022-08-25T17:29:54+00:00","dateModified":"2025-11-06T10:45:21+00:00","description":"EXTENSIONES DEDA METAL BLAST BLACK - Prolongador para manillar de bicicleta de carretera o gravel. Disponible al mejor precio con facilidad de pago.","breadcrumb":{"@id":"https:\/\/veloaxe.com\/producto\/extensiones-aero-bar-deda-metal-blast-noir\/#breadcrumb"},"inLanguage":"fr-FR","potentialAction":[{"@type":"ReadAction","target":["https:\/\/veloaxe.com\/producto\/extensiones-aero-bar-deda-metal-blast-noir\/"]}]},{"@type":"ImageObject","inLanguage":"fr-FR","@id":"https:\/\/veloaxe.com\/producto\/extensiones-aero-bar-deda-metal-blast-noir\/#primaryimage","url":"https:\/\/veloaxe.com\/wp-content\/uploads\/2022\/08\/1200_1500_28____1__crono-metalblast-black-550x550_3344-e1667022279361.jpg","contentUrl":"https:\/\/veloaxe.com\/wp-content\/uploads\/2022\/08\/1200_1500_28____1__crono-metalblast-black-550x550_3344-e1667022279361.jpg","width":656,"height":412,"caption":"Extensiones DEDA METAL BLAST BLACK para bicicleta de carretera o gravel."},{"@type":"BreadcrumbList","@id":"https:\/\/veloaxe.com\/producto\/extensiones-aero-bar-deda-metal-blast-noir\/#breadcrumb","itemListElement":[{"@type":"ListItem","position":1,"name":"Portada","item":"https:\/\/veloaxe.com\/"},{"@type":"ListItem","position":2,"name":"Shop","item":"https:\/\/paleturquoise-herring-271034.hostingersite.com\/shop\/"},{"@type":"ListItem","position":3,"name":"EXTENSIONES AERO BAR DEDA METAL BLAST"}]},{"@type":"WebSite","@id":"https:\/\/veloaxe.com\/#website","url":"https:\/\/veloaxe.com\/","name":"Boutique de v\u00e9lo en ligne | VELOAXE","description":"D\u00e9couvrez une large s\u00e9lection de v\u00e9los de haute qualit\u00e9, des mod\u00e8les urbains et de montagne aux v\u00e9los de route de pointe. Avec un service d'experts et des accessoires sp\u00e9cialis\u00e9s, nous nous engageons \u00e0 vous offrir la meilleure exp\u00e9rience de cyclisme.","publisher":{"@id":"https:\/\/veloaxe.com\/#organization"},"potentialAction":[{"@type":"SearchAction","target":{"@type":"EntryPoint","urlTemplate":"https:\/\/veloaxe.com\/?s={search_term_string}"},"query-input":{"@type":"PropertyValueSpecification","valueRequired":true,"valueName":"search_term_string"}}],"inLanguage":"fr-FR"},{"@type":"Organization","@id":"https:\/\/veloaxe.com\/#organization","name":"Boutique de v\u00e9lo en ligne | VELOAXE","url":"https:\/\/veloaxe.com\/","logo":{"@type":"ImageObject","inLanguage":"fr-FR","@id":"https:\/\/veloaxe.com\/#\/schema\/logo\/image\/","url":"https:\/\/veloaxe.com\/wp-content\/uploads\/2026\/01\/cropped-logo-1.jpg","contentUrl":"https:\/\/veloaxe.com\/wp-content\/uploads\/2026\/01\/cropped-logo-1.jpg","width":1273,"height":363,"caption":"Tienda de bicicletas | VELOAXE"},"image":{"@id":"https:\/\/veloaxe.com\/#\/schema\/logo\/image\/"},"sameAs":["https:\/\/www.facebook.com\/veloaxe"]}]}},"_links":{"self":[{"href":"https:\/\/veloaxe.com\/fr\/wp-json\/wp\/v2\/product\/240","targetHints":{"allow":["GET"]}}],"collection":[{"href":"https:\/\/veloaxe.com\/fr\/wp-json\/wp\/v2\/product"}],"about":[{"href":"https:\/\/veloaxe.com\/fr\/wp-json\/wp\/v2\/types\/product"}],"replies":[{"embeddable":true,"href":"https:\/\/veloaxe.com\/fr\/wp-json\/wp\/v2\/comments?post=240"}],"wp:featuredmedia":[{"embeddable":true,"href":"https:\/\/veloaxe.com\/fr\/wp-json\/wp\/v2\/media\/199"}],"wp:attachment":[{"href":"https:\/\/veloaxe.com\/fr\/wp-json\/wp\/v2\/media?parent=240"}],"wp:term":[{"taxonomy":"product_brand","embeddable":true,"href":"https:\/\/veloaxe.com\/fr\/wp-json\/wp\/v2\/product_brand?post=240"},{"taxonomy":"product_cat","embeddable":true,"href":"https:\/\/veloaxe.com\/fr\/wp-json\/wp\/v2\/product_cat?post=240"},{"taxonomy":"product_tag","embeddable":true,"href":"https:\/\/veloaxe.com\/fr\/wp-json\/wp\/v2\/product_tag?post=240"}],"curies":[{"name":"wp","href":"https:\/\/api.w.org\/{rel}","templated":true}]}}