{"id":241,"date":"2022-08-25T17:29:54","date_gmt":"2022-08-25T17:29:54","guid":{"rendered":"https:\/\/veloaxe.com\/?post_type=product&#038;p=241"},"modified":"2025-11-06T10:48:13","modified_gmt":"2025-11-06T10:48:13","slug":"extensiones-zipp-vuka-alumina-evo-70-vuka-clip","status":"publish","type":"product","link":"https:\/\/veloaxe.com\/fr\/producto\/extensiones-zipp-vuka-alumina-evo-70-vuka-clip\/","title":{"rendered":"EXTENSIONES ZIPP VUKA ALUMINA EVO 70 + VUKA CLIP"},"content":{"rendered":"<p><span style=\"color: #000000;\">Los extensores <strong>ZIPP VUKA ALUMINA EVO 70<\/strong> brindan el ajuste perfecto para los corredores que buscan <strong>AERODIN\u00c1MICA<\/strong> independientemente del tama\u00f1o o la posici\u00f3n del ciclista. La <strong>VUKA ALUMINA EVO<\/strong> est\u00e1 hecha para corredores de triatl\u00f3n o corredores que quieren hacer una carrera de prueba. La <strong>VUKA ALUMINA EVO<\/strong> ofrece una posici\u00f3n de ciclista natural para optimizar la aerodin\u00e1mica y el rendimiento. El nuevo <strong>VUKA CLIP<\/strong> permite el ajuste de la almohadilla hasta 50 mm por detr\u00e1s o por delante del centro del manillar.<\/span><\/p>\n<p><span style=\"color: #000000;\">Di\u00e1metro de la extensi\u00f3n: 22,2 mm<\/span><\/p>\n<p><span style=\"color: #000000;\">Longitud de extensi\u00f3n: 380 mm<\/span><\/p>\n<p><span style=\"color: #000000;\">Di\u00e1metro de fijaci\u00f3n en el manillar: 31,8 mm<\/span><\/p>\n<p><span style=\"color: #000000;\">Altura: 70 mm<\/span><\/p>\n<p><span style=\"color: #000000;\">Se venden solo las 2 extensiones con apoyacodos.<\/span><\/p>","protected":false},"excerpt":{"rendered":"<p>Los extensores ZIPP VUKA ALUMINA EVO 70 brindan el ajuste perfecto para los corredores que buscan AERODIN\u00c1MICA independientemente del tama\u00f1o o la posici\u00f3n del ciclista. La VUKA ALUMINA EVO est\u00e1 hecha para corredores de triatl\u00f3n o corredores que quieren hacer una carrera de prueba. La VUKA ALUMINA EVO ofrece una posici\u00f3n de ciclista natural para [&hellip;]<\/p>\n","protected":false},"featured_media":5082,"comment_status":"open","ping_status":"closed","template":"","meta":[],"product_brand":[],"product_cat":[16,19,24],"product_tag":[],"class_list":{"0":"post-241","1":"product","2":"type-product","3":"status-publish","4":"has-post-thumbnail","6":"product_cat-carretera-gravel-bicicletas","7":"product_cat-componentes-de-bicicletas","8":"product_cat-manillar-aero-extensiones","9":"product_shipping_class-no-bicicletas","11":"first","12":"instock","13":"sale","14":"shipping-taxable","15":"purchasable","16":"product-type-simple"},"yoast_head":"<!-- This site is optimized with the Yoast SEO plugin v27.6 - https:\/\/yoast.com\/product\/yoast-seo-wordpress\/ -->\n<title>EXTENSIONES ZIPP VUKA ALUMINO EVO 70 | VELOAXE.COM<\/title>\n<meta name=\"description\" content=\"EXTENSIONES ZIPP VUKA ALUMINIO EVO 70 + VUKA CLIP - Extensi\u00f3n de manillar Zipp triathlon\/chrono. Ideal para tener una posici\u00f3n aerodin\u00e1mica.\" \/>\n<meta name=\"robots\" content=\"index, follow, max-snippet:-1, max-image-preview:large, max-video-preview:-1\" \/>\n<link rel=\"canonical\" href=\"https:\/\/veloaxe.com\/fr\/produit\/extensiones-zipp-vuka-alumina-evo-70-vuka-clip\/\" \/>\n<meta property=\"og:locale\" content=\"fr_FR\" \/>\n<meta property=\"og:type\" content=\"article\" \/>\n<meta property=\"og:title\" content=\"EXTENSIONES ZIPP VUKA ALUMINO EVO 70 | VELOAXE.COM\" \/>\n<meta property=\"og:description\" content=\"EXTENSIONES ZIPP VUKA ALUMINIO EVO 70 + VUKA CLIP - Extensi\u00f3n de manillar Zipp triathlon\/chrono. Ideal para tener una posici\u00f3n aerodin\u00e1mica.\" \/>\n<meta property=\"og:url\" content=\"https:\/\/veloaxe.com\/fr\/produit\/extensiones-zipp-vuka-alumina-evo-70-vuka-clip\/\" \/>\n<meta property=\"og:site_name\" content=\"Tienda de bicicletas | VELOAXE\" \/>\n<meta property=\"article:publisher\" content=\"https:\/\/www.facebook.com\/veloaxe\" \/>\n<meta property=\"article:modified_time\" content=\"2025-11-06T10:48:13+00:00\" \/>\n<meta property=\"og:image\" content=\"https:\/\/veloaxe.com\/wp-content\/uploads\/2022\/08\/prolongateur_vuka_zipp-e1667022967363.jpg\" \/>\n\t<meta property=\"og:image:width\" content=\"648\" \/>\n\t<meta property=\"og:image:height\" content=\"470\" \/>\n\t<meta property=\"og:image:type\" content=\"image\/jpeg\" \/>\n<meta name=\"twitter:card\" content=\"summary_large_image\" \/>\n<meta name=\"twitter:label1\" content=\"Dur\u00e9e de lecture estim\u00e9e\" \/>\n\t<meta name=\"twitter:data1\" content=\"1 minute\" \/>\n<script type=\"application\/ld+json\" class=\"yoast-schema-graph\">{\"@context\":\"https:\\\/\\\/schema.org\",\"@graph\":[{\"@type\":\"WebPage\",\"@id\":\"https:\\\/\\\/veloaxe.com\\\/producto\\\/extensiones-zipp-vuka-alumina-evo-70-vuka-clip\\\/\",\"url\":\"https:\\\/\\\/veloaxe.com\\\/producto\\\/extensiones-zipp-vuka-alumina-evo-70-vuka-clip\\\/\",\"name\":\"EXTENSIONES ZIPP VUKA ALUMINO EVO 70 | VELOAXE.COM\",\"isPartOf\":{\"@id\":\"https:\\\/\\\/veloaxe.com\\\/#website\"},\"primaryImageOfPage\":{\"@id\":\"https:\\\/\\\/veloaxe.com\\\/producto\\\/extensiones-zipp-vuka-alumina-evo-70-vuka-clip\\\/#primaryimage\"},\"image\":{\"@id\":\"https:\\\/\\\/veloaxe.com\\\/producto\\\/extensiones-zipp-vuka-alumina-evo-70-vuka-clip\\\/#primaryimage\"},\"thumbnailUrl\":\"https:\\\/\\\/veloaxe.com\\\/wp-content\\\/uploads\\\/2022\\\/08\\\/prolongateur_vuka_zipp-e1667022967363.jpg\",\"datePublished\":\"2022-08-25T17:29:54+00:00\",\"dateModified\":\"2025-11-06T10:48:13+00:00\",\"description\":\"EXTENSIONES ZIPP VUKA ALUMINIO EVO 70 + VUKA CLIP - Extensi\u00f3n de manillar Zipp triathlon\\\/chrono. Ideal para tener una posici\u00f3n aerodin\u00e1mica.\",\"breadcrumb\":{\"@id\":\"https:\\\/\\\/veloaxe.com\\\/producto\\\/extensiones-zipp-vuka-alumina-evo-70-vuka-clip\\\/#breadcrumb\"},\"inLanguage\":\"fr-FR\",\"potentialAction\":[{\"@type\":\"ReadAction\",\"target\":[\"https:\\\/\\\/veloaxe.com\\\/producto\\\/extensiones-zipp-vuka-alumina-evo-70-vuka-clip\\\/\"]}]},{\"@type\":\"ImageObject\",\"inLanguage\":\"fr-FR\",\"@id\":\"https:\\\/\\\/veloaxe.com\\\/producto\\\/extensiones-zipp-vuka-alumina-evo-70-vuka-clip\\\/#primaryimage\",\"url\":\"https:\\\/\\\/veloaxe.com\\\/wp-content\\\/uploads\\\/2022\\\/08\\\/prolongateur_vuka_zipp-e1667022967363.jpg\",\"contentUrl\":\"https:\\\/\\\/veloaxe.com\\\/wp-content\\\/uploads\\\/2022\\\/08\\\/prolongateur_vuka_zipp-e1667022967363.jpg\",\"width\":648,\"height\":470,\"caption\":\"Extensiones ZIPP VUKA aluminio para manillar ZIPP VUKA.\"},{\"@type\":\"BreadcrumbList\",\"@id\":\"https:\\\/\\\/veloaxe.com\\\/producto\\\/extensiones-zipp-vuka-alumina-evo-70-vuka-clip\\\/#breadcrumb\",\"itemListElement\":[{\"@type\":\"ListItem\",\"position\":1,\"name\":\"Portada\",\"item\":\"https:\\\/\\\/veloaxe.com\\\/\"},{\"@type\":\"ListItem\",\"position\":2,\"name\":\"Shop\",\"item\":\"https:\\\/\\\/paleturquoise-herring-271034.hostingersite.com\\\/shop\\\/\"},{\"@type\":\"ListItem\",\"position\":3,\"name\":\"EXTENSIONES ZIPP VUKA ALUMINA EVO 70 + VUKA CLIP\"}]},{\"@type\":\"WebSite\",\"@id\":\"https:\\\/\\\/veloaxe.com\\\/#website\",\"url\":\"https:\\\/\\\/veloaxe.com\\\/\",\"name\":\"Tienda de bicicletas | VELOAXE\",\"description\":\"Descubre una amplia selecci\u00f3n de bicicletas de alta calidad, desde modelos urbanos y de monta\u00f1a hasta bicicletas de carretera de \u00faltima generaci\u00f3n. Con un servicio experto y accesorios especializados, estamos comprometidos a brindarte la mejor experiencia ciclista.\",\"publisher\":{\"@id\":\"https:\\\/\\\/veloaxe.com\\\/#organization\"},\"potentialAction\":[{\"@type\":\"SearchAction\",\"target\":{\"@type\":\"EntryPoint\",\"urlTemplate\":\"https:\\\/\\\/veloaxe.com\\\/?s={search_term_string}\"},\"query-input\":{\"@type\":\"PropertyValueSpecification\",\"valueRequired\":true,\"valueName\":\"search_term_string\"}}],\"inLanguage\":\"fr-FR\"},{\"@type\":\"Organization\",\"@id\":\"https:\\\/\\\/veloaxe.com\\\/#organization\",\"name\":\"Tienda de bicicletas | VELOAXE\",\"url\":\"https:\\\/\\\/veloaxe.com\\\/\",\"logo\":{\"@type\":\"ImageObject\",\"inLanguage\":\"fr-FR\",\"@id\":\"https:\\\/\\\/veloaxe.com\\\/#\\\/schema\\\/logo\\\/image\\\/\",\"url\":\"https:\\\/\\\/veloaxe.com\\\/wp-content\\\/uploads\\\/2026\\\/01\\\/cropped-logo-1.jpg\",\"contentUrl\":\"https:\\\/\\\/veloaxe.com\\\/wp-content\\\/uploads\\\/2026\\\/01\\\/cropped-logo-1.jpg\",\"width\":1273,\"height\":363,\"caption\":\"Tienda de bicicletas | VELOAXE\"},\"image\":{\"@id\":\"https:\\\/\\\/veloaxe.com\\\/#\\\/schema\\\/logo\\\/image\\\/\"},\"sameAs\":[\"https:\\\/\\\/www.facebook.com\\\/veloaxe\"]}]}<\/script>\n<!-- \/ Yoast SEO plugin. -->","yoast_head_json":{"title":"EXTENSIONES ZIPP VUKA ALUMINO EVO 70 | VELOAXE.COM","description":"EXTENSIONES ZIPP VUKA ALUMINIO EVO 70 + VUKA CLIP - Extensi\u00f3n de manillar Zipp triathlon\/chrono. Ideal para tener una posici\u00f3n aerodin\u00e1mica.","robots":{"index":"index","follow":"follow","max-snippet":"max-snippet:-1","max-image-preview":"max-image-preview:large","max-video-preview":"max-video-preview:-1"},"canonical":"https:\/\/veloaxe.com\/fr\/produit\/extensiones-zipp-vuka-alumina-evo-70-vuka-clip\/","og_locale":"fr_FR","og_type":"article","og_title":"EXTENSIONES ZIPP VUKA ALUMINO EVO 70 | VELOAXE.COM","og_description":"EXTENSIONES ZIPP VUKA ALUMINIO EVO 70 + VUKA CLIP - Extensi\u00f3n de manillar Zipp triathlon\/chrono. Ideal para tener una posici\u00f3n aerodin\u00e1mica.","og_url":"https:\/\/veloaxe.com\/fr\/produit\/extensiones-zipp-vuka-alumina-evo-70-vuka-clip\/","og_site_name":"Tienda de bicicletas | VELOAXE","article_publisher":"https:\/\/www.facebook.com\/veloaxe","article_modified_time":"2025-11-06T10:48:13+00:00","og_image":[{"width":648,"height":470,"url":"https:\/\/veloaxe.com\/wp-content\/uploads\/2022\/08\/prolongateur_vuka_zipp-e1667022967363.jpg","type":"image\/jpeg"}],"twitter_card":"summary_large_image","twitter_misc":{"Dur\u00e9e de lecture estim\u00e9e":"1 minute"},"schema":{"@context":"https:\/\/schema.org","@graph":[{"@type":"WebPage","@id":"https:\/\/veloaxe.com\/producto\/extensiones-zipp-vuka-alumina-evo-70-vuka-clip\/","url":"https:\/\/veloaxe.com\/producto\/extensiones-zipp-vuka-alumina-evo-70-vuka-clip\/","name":"EXTENSIONES ZIPP VUKA ALUMINO EVO 70 | VELOAXE.COM","isPartOf":{"@id":"https:\/\/veloaxe.com\/#website"},"primaryImageOfPage":{"@id":"https:\/\/veloaxe.com\/producto\/extensiones-zipp-vuka-alumina-evo-70-vuka-clip\/#primaryimage"},"image":{"@id":"https:\/\/veloaxe.com\/producto\/extensiones-zipp-vuka-alumina-evo-70-vuka-clip\/#primaryimage"},"thumbnailUrl":"https:\/\/veloaxe.com\/wp-content\/uploads\/2022\/08\/prolongateur_vuka_zipp-e1667022967363.jpg","datePublished":"2022-08-25T17:29:54+00:00","dateModified":"2025-11-06T10:48:13+00:00","description":"EXTENSIONES ZIPP VUKA ALUMINIO EVO 70 + VUKA CLIP - Extensi\u00f3n de manillar Zipp triathlon\/chrono. Ideal para tener una posici\u00f3n aerodin\u00e1mica.","breadcrumb":{"@id":"https:\/\/veloaxe.com\/producto\/extensiones-zipp-vuka-alumina-evo-70-vuka-clip\/#breadcrumb"},"inLanguage":"fr-FR","potentialAction":[{"@type":"ReadAction","target":["https:\/\/veloaxe.com\/producto\/extensiones-zipp-vuka-alumina-evo-70-vuka-clip\/"]}]},{"@type":"ImageObject","inLanguage":"fr-FR","@id":"https:\/\/veloaxe.com\/producto\/extensiones-zipp-vuka-alumina-evo-70-vuka-clip\/#primaryimage","url":"https:\/\/veloaxe.com\/wp-content\/uploads\/2022\/08\/prolongateur_vuka_zipp-e1667022967363.jpg","contentUrl":"https:\/\/veloaxe.com\/wp-content\/uploads\/2022\/08\/prolongateur_vuka_zipp-e1667022967363.jpg","width":648,"height":470,"caption":"Extensiones ZIPP VUKA aluminio para manillar ZIPP VUKA."},{"@type":"BreadcrumbList","@id":"https:\/\/veloaxe.com\/producto\/extensiones-zipp-vuka-alumina-evo-70-vuka-clip\/#breadcrumb","itemListElement":[{"@type":"ListItem","position":1,"name":"Portada","item":"https:\/\/veloaxe.com\/"},{"@type":"ListItem","position":2,"name":"Shop","item":"https:\/\/paleturquoise-herring-271034.hostingersite.com\/shop\/"},{"@type":"ListItem","position":3,"name":"EXTENSIONES ZIPP VUKA ALUMINA EVO 70 + VUKA CLIP"}]},{"@type":"WebSite","@id":"https:\/\/veloaxe.com\/#website","url":"https:\/\/veloaxe.com\/","name":"Boutique de v\u00e9lo en ligne | VELOAXE","description":"D\u00e9couvrez une large s\u00e9lection de v\u00e9los de haute qualit\u00e9, des mod\u00e8les urbains et de montagne aux v\u00e9los de route de pointe. Avec un service d'experts et des accessoires sp\u00e9cialis\u00e9s, nous nous engageons \u00e0 vous offrir la meilleure exp\u00e9rience de cyclisme.","publisher":{"@id":"https:\/\/veloaxe.com\/#organization"},"potentialAction":[{"@type":"SearchAction","target":{"@type":"EntryPoint","urlTemplate":"https:\/\/veloaxe.com\/?s={search_term_string}"},"query-input":{"@type":"PropertyValueSpecification","valueRequired":true,"valueName":"search_term_string"}}],"inLanguage":"fr-FR"},{"@type":"Organization","@id":"https:\/\/veloaxe.com\/#organization","name":"Boutique de v\u00e9lo en ligne | VELOAXE","url":"https:\/\/veloaxe.com\/","logo":{"@type":"ImageObject","inLanguage":"fr-FR","@id":"https:\/\/veloaxe.com\/#\/schema\/logo\/image\/","url":"https:\/\/veloaxe.com\/wp-content\/uploads\/2026\/01\/cropped-logo-1.jpg","contentUrl":"https:\/\/veloaxe.com\/wp-content\/uploads\/2026\/01\/cropped-logo-1.jpg","width":1273,"height":363,"caption":"Tienda de bicicletas | VELOAXE"},"image":{"@id":"https:\/\/veloaxe.com\/#\/schema\/logo\/image\/"},"sameAs":["https:\/\/www.facebook.com\/veloaxe"]}]}},"_links":{"self":[{"href":"https:\/\/veloaxe.com\/fr\/wp-json\/wp\/v2\/product\/241","targetHints":{"allow":["GET"]}}],"collection":[{"href":"https:\/\/veloaxe.com\/fr\/wp-json\/wp\/v2\/product"}],"about":[{"href":"https:\/\/veloaxe.com\/fr\/wp-json\/wp\/v2\/types\/product"}],"replies":[{"embeddable":true,"href":"https:\/\/veloaxe.com\/fr\/wp-json\/wp\/v2\/comments?post=241"}],"wp:featuredmedia":[{"embeddable":true,"href":"https:\/\/veloaxe.com\/fr\/wp-json\/wp\/v2\/media\/5082"}],"wp:attachment":[{"href":"https:\/\/veloaxe.com\/fr\/wp-json\/wp\/v2\/media?parent=241"}],"wp:term":[{"taxonomy":"product_brand","embeddable":true,"href":"https:\/\/veloaxe.com\/fr\/wp-json\/wp\/v2\/product_brand?post=241"},{"taxonomy":"product_cat","embeddable":true,"href":"https:\/\/veloaxe.com\/fr\/wp-json\/wp\/v2\/product_cat?post=241"},{"taxonomy":"product_tag","embeddable":true,"href":"https:\/\/veloaxe.com\/fr\/wp-json\/wp\/v2\/product_tag?post=241"}],"curies":[{"name":"wp","href":"https:\/\/api.w.org\/{rel}","templated":true}]}}