{"id":25,"date":"2022-08-25T17:28:55","date_gmt":"2022-08-25T17:28:55","guid":{"rendered":"https:\/\/veloaxe.com\/?post_type=product&#038;p=25"},"modified":"2025-11-07T13:03:27","modified_gmt":"2025-11-07T13:03:27","slug":"calas-roto-para-pedales-look-keo-gris-4-5-2","status":"publish","type":"product","link":"https:\/\/veloaxe.com\/fr\/produit\/calas-roto-para-pedales-look-keo-gris-4-5-2\/","title":{"rendered":"CALAS ROTO PARA PEDALES LOOK KEO &#8211; Gris 4.5\u00b0"},"content":{"rendered":"<p><span style=\"color: #000000;\">Calas <strong>ROTO<\/strong> para pedales <strong>LOOK KEO<\/strong> en color gris (4.5\u00b0). Los calzos autom\u00e1ticos <strong>ROTO<\/strong> ofrecen una gran superficie de apoyo y un desbloqueo seguro. <strong>SE VENDE POR PAR<\/strong>.<\/span><\/p>","protected":false},"excerpt":{"rendered":"<p>Calas ROTO para pedales LOOK KEO en color gris (4.5\u00b0). Los calzos autom\u00e1ticos ROTO ofrecen una gran superficie de apoyo y un desbloqueo seguro. SE VENDE POR PAR.<\/p>","protected":false},"featured_media":64,"comment_status":"open","ping_status":"closed","template":"","meta":[],"product_brand":[],"product_cat":[16,19,21],"product_tag":[],"class_list":{"0":"post-25","1":"product","2":"type-product","3":"status-publish","4":"has-post-thumbnail","6":"product_cat-carretera-gravel-bicicletas","7":"product_cat-componentes-de-bicicletas","8":"product_cat-pedales-automatico","9":"product_shipping_class-no-bicicletas","11":"first","12":"instock","13":"shipping-taxable","14":"purchasable","15":"product-type-simple"},"yoast_head":"<!-- This site is optimized with the Yoast SEO plugin v27.6 - https:\/\/yoast.com\/product\/yoast-seo-wordpress\/ -->\n<title>CALAS ROTO GRIS PARA PEDALES LOOK - VELOAXE.COM<\/title>\n<meta name=\"description\" content=\"CALAS ROTO GRIS PARA PEDALES LOOK en VELOAXE.COM por so\u0301lo 6,99 \u20ac. Gastos de envi\u0301o GRATIS para compras superiores a 200\u20ac. Facilidad de pago disponible.\" \/>\n<meta name=\"robots\" content=\"index, follow, max-snippet:-1, max-image-preview:large, max-video-preview:-1\" \/>\n<link rel=\"canonical\" href=\"https:\/\/veloaxe.com\/fr\/produit\/calas-roto-para-pedales-look-keo-gris-4-5-2\/\" \/>\n<meta property=\"og:locale\" content=\"fr_FR\" \/>\n<meta property=\"og:type\" content=\"article\" \/>\n<meta property=\"og:title\" content=\"CALAS ROTO GRIS PARA PEDALES LOOK - VELOAXE.COM\" \/>\n<meta property=\"og:description\" content=\"CALAS ROTO GRIS PARA PEDALES LOOK en VELOAXE.COM por so\u0301lo 6,99 \u20ac. Gastos de envi\u0301o GRATIS para compras superiores a 200\u20ac. Facilidad de pago disponible.\" \/>\n<meta property=\"og:url\" content=\"https:\/\/veloaxe.com\/fr\/produit\/calas-roto-para-pedales-look-keo-gris-4-5-2\/\" \/>\n<meta property=\"og:site_name\" content=\"Tienda de bicicletas | VELOAXE\" \/>\n<meta property=\"article:publisher\" content=\"https:\/\/www.facebook.com\/veloaxe\" \/>\n<meta property=\"article:modified_time\" content=\"2025-11-07T13:03:27+00:00\" \/>\n<meta property=\"og:image\" content=\"https:\/\/veloaxe.com\/wp-content\/uploads\/2022\/08\/1200_1500_50____1__cales-roto-pour-pedales-look-keo-grise_6568-e1667635619702.jpg\" \/>\n\t<meta property=\"og:image:width\" content=\"450\" \/>\n\t<meta property=\"og:image:height\" content=\"446\" \/>\n\t<meta property=\"og:image:type\" content=\"image\/jpeg\" \/>\n<meta name=\"twitter:card\" content=\"summary_large_image\" \/>\n<meta name=\"twitter:label1\" content=\"Dur\u00e9e de lecture estim\u00e9e\" \/>\n\t<meta name=\"twitter:data1\" content=\"1 minute\" \/>\n<script type=\"application\/ld+json\" class=\"yoast-schema-graph\">{\"@context\":\"https:\\\/\\\/schema.org\",\"@graph\":[{\"@type\":\"WebPage\",\"@id\":\"https:\\\/\\\/veloaxe.com\\\/producto\\\/calas-roto-para-pedales-look-keo-gris-4-5-2\\\/\",\"url\":\"https:\\\/\\\/veloaxe.com\\\/producto\\\/calas-roto-para-pedales-look-keo-gris-4-5-2\\\/\",\"name\":\"CALAS ROTO GRIS PARA PEDALES LOOK - VELOAXE.COM\",\"isPartOf\":{\"@id\":\"https:\\\/\\\/veloaxe.com\\\/#website\"},\"primaryImageOfPage\":{\"@id\":\"https:\\\/\\\/veloaxe.com\\\/producto\\\/calas-roto-para-pedales-look-keo-gris-4-5-2\\\/#primaryimage\"},\"image\":{\"@id\":\"https:\\\/\\\/veloaxe.com\\\/producto\\\/calas-roto-para-pedales-look-keo-gris-4-5-2\\\/#primaryimage\"},\"thumbnailUrl\":\"https:\\\/\\\/veloaxe.com\\\/wp-content\\\/uploads\\\/2022\\\/08\\\/1200_1500_50____1__cales-roto-pour-pedales-look-keo-grise_6568-e1667635619702.jpg\",\"datePublished\":\"2022-08-25T17:28:55+00:00\",\"dateModified\":\"2025-11-07T13:03:27+00:00\",\"description\":\"CALAS ROTO GRIS PARA PEDALES LOOK en VELOAXE.COM por so\u0301lo 6,99 \u20ac. Gastos de envi\u0301o GRATIS para compras superiores a 200\u20ac. Facilidad de pago disponible.\",\"breadcrumb\":{\"@id\":\"https:\\\/\\\/veloaxe.com\\\/producto\\\/calas-roto-para-pedales-look-keo-gris-4-5-2\\\/#breadcrumb\"},\"inLanguage\":\"fr-FR\",\"potentialAction\":[{\"@type\":\"ReadAction\",\"target\":[\"https:\\\/\\\/veloaxe.com\\\/producto\\\/calas-roto-para-pedales-look-keo-gris-4-5-2\\\/\"]}]},{\"@type\":\"ImageObject\",\"inLanguage\":\"fr-FR\",\"@id\":\"https:\\\/\\\/veloaxe.com\\\/producto\\\/calas-roto-para-pedales-look-keo-gris-4-5-2\\\/#primaryimage\",\"url\":\"https:\\\/\\\/veloaxe.com\\\/wp-content\\\/uploads\\\/2022\\\/08\\\/1200_1500_50____1__cales-roto-pour-pedales-look-keo-grise_6568-e1667635619702.jpg\",\"contentUrl\":\"https:\\\/\\\/veloaxe.com\\\/wp-content\\\/uploads\\\/2022\\\/08\\\/1200_1500_50____1__cales-roto-pour-pedales-look-keo-grise_6568-e1667635619702.jpg\",\"width\":450,\"height\":446,\"caption\":\"calas-gris-roto-para-pedales-look\"},{\"@type\":\"BreadcrumbList\",\"@id\":\"https:\\\/\\\/veloaxe.com\\\/producto\\\/calas-roto-para-pedales-look-keo-gris-4-5-2\\\/#breadcrumb\",\"itemListElement\":[{\"@type\":\"ListItem\",\"position\":1,\"name\":\"Portada\",\"item\":\"https:\\\/\\\/paleturquoise-herring-271034.hostingersite.com\\\/\"},{\"@type\":\"ListItem\",\"position\":2,\"name\":\"Shop\",\"item\":\"https:\\\/\\\/paleturquoise-herring-271034.hostingersite.com\\\/shop\\\/\"},{\"@type\":\"ListItem\",\"position\":3,\"name\":\"CALAS ROTO PARA PEDALES LOOK KEO &#8211; Gris 4.5\u00b0\"}]},{\"@type\":\"WebSite\",\"@id\":\"https:\\\/\\\/veloaxe.com\\\/#website\",\"url\":\"https:\\\/\\\/veloaxe.com\\\/\",\"name\":\"Tienda de bicicletas | VELOAXE\",\"description\":\"Descubre una amplia selecci\u00f3n de bicicletas de alta calidad, desde modelos urbanos y de monta\u00f1a hasta bicicletas de carretera de \u00faltima generaci\u00f3n. Con un servicio experto y accesorios especializados, estamos comprometidos a brindarte la mejor experiencia ciclista.\",\"publisher\":{\"@id\":\"https:\\\/\\\/veloaxe.com\\\/#organization\"},\"potentialAction\":[{\"@type\":\"SearchAction\",\"target\":{\"@type\":\"EntryPoint\",\"urlTemplate\":\"https:\\\/\\\/veloaxe.com\\\/?s={search_term_string}\"},\"query-input\":{\"@type\":\"PropertyValueSpecification\",\"valueRequired\":true,\"valueName\":\"search_term_string\"}}],\"inLanguage\":\"fr-FR\"},{\"@type\":\"Organization\",\"@id\":\"https:\\\/\\\/veloaxe.com\\\/#organization\",\"name\":\"Tienda de bicicletas | VELOAXE\",\"url\":\"https:\\\/\\\/veloaxe.com\\\/\",\"logo\":{\"@type\":\"ImageObject\",\"inLanguage\":\"fr-FR\",\"@id\":\"https:\\\/\\\/veloaxe.com\\\/#\\\/schema\\\/logo\\\/image\\\/\",\"url\":\"https:\\\/\\\/veloaxe.com\\\/wp-content\\\/uploads\\\/2026\\\/01\\\/cropped-logo-1.jpg\",\"contentUrl\":\"https:\\\/\\\/veloaxe.com\\\/wp-content\\\/uploads\\\/2026\\\/01\\\/cropped-logo-1.jpg\",\"width\":1273,\"height\":363,\"caption\":\"Tienda de bicicletas | VELOAXE\"},\"image\":{\"@id\":\"https:\\\/\\\/veloaxe.com\\\/#\\\/schema\\\/logo\\\/image\\\/\"},\"sameAs\":[\"https:\\\/\\\/www.facebook.com\\\/veloaxe\"]}]}<\/script>\n<!-- \/ Yoast SEO plugin. -->","yoast_head_json":{"title":"CALAS ROTO GRIS PARA PEDALES LOOK - VELOAXE.COM","description":"CALAS ROTO GRIS PARA PEDALES LOOK en VELOAXE.COM por so\u0301lo 6,99 \u20ac. Gastos de envi\u0301o GRATIS para compras superiores a 200\u20ac. Facilidad de pago disponible.","robots":{"index":"index","follow":"follow","max-snippet":"max-snippet:-1","max-image-preview":"max-image-preview:large","max-video-preview":"max-video-preview:-1"},"canonical":"https:\/\/veloaxe.com\/fr\/produit\/calas-roto-para-pedales-look-keo-gris-4-5-2\/","og_locale":"fr_FR","og_type":"article","og_title":"CALAS ROTO GRIS PARA PEDALES LOOK - VELOAXE.COM","og_description":"CALAS ROTO GRIS PARA PEDALES LOOK en VELOAXE.COM por so\u0301lo 6,99 \u20ac. Gastos de envi\u0301o GRATIS para compras superiores a 200\u20ac. Facilidad de pago disponible.","og_url":"https:\/\/veloaxe.com\/fr\/produit\/calas-roto-para-pedales-look-keo-gris-4-5-2\/","og_site_name":"Tienda de bicicletas | VELOAXE","article_publisher":"https:\/\/www.facebook.com\/veloaxe","article_modified_time":"2025-11-07T13:03:27+00:00","og_image":[{"width":450,"height":446,"url":"https:\/\/veloaxe.com\/wp-content\/uploads\/2022\/08\/1200_1500_50____1__cales-roto-pour-pedales-look-keo-grise_6568-e1667635619702.jpg","type":"image\/jpeg"}],"twitter_card":"summary_large_image","twitter_misc":{"Dur\u00e9e de lecture estim\u00e9e":"1 minute"},"schema":{"@context":"https:\/\/schema.org","@graph":[{"@type":"WebPage","@id":"https:\/\/veloaxe.com\/producto\/calas-roto-para-pedales-look-keo-gris-4-5-2\/","url":"https:\/\/veloaxe.com\/producto\/calas-roto-para-pedales-look-keo-gris-4-5-2\/","name":"CALAS ROTO GRIS PARA PEDALES LOOK - VELOAXE.COM","isPartOf":{"@id":"https:\/\/veloaxe.com\/#website"},"primaryImageOfPage":{"@id":"https:\/\/veloaxe.com\/producto\/calas-roto-para-pedales-look-keo-gris-4-5-2\/#primaryimage"},"image":{"@id":"https:\/\/veloaxe.com\/producto\/calas-roto-para-pedales-look-keo-gris-4-5-2\/#primaryimage"},"thumbnailUrl":"https:\/\/veloaxe.com\/wp-content\/uploads\/2022\/08\/1200_1500_50____1__cales-roto-pour-pedales-look-keo-grise_6568-e1667635619702.jpg","datePublished":"2022-08-25T17:28:55+00:00","dateModified":"2025-11-07T13:03:27+00:00","description":"CALAS ROTO GRIS PARA PEDALES LOOK en VELOAXE.COM por so\u0301lo 6,99 \u20ac. Gastos de envi\u0301o GRATIS para compras superiores a 200\u20ac. Facilidad de pago disponible.","breadcrumb":{"@id":"https:\/\/veloaxe.com\/producto\/calas-roto-para-pedales-look-keo-gris-4-5-2\/#breadcrumb"},"inLanguage":"fr-FR","potentialAction":[{"@type":"ReadAction","target":["https:\/\/veloaxe.com\/producto\/calas-roto-para-pedales-look-keo-gris-4-5-2\/"]}]},{"@type":"ImageObject","inLanguage":"fr-FR","@id":"https:\/\/veloaxe.com\/producto\/calas-roto-para-pedales-look-keo-gris-4-5-2\/#primaryimage","url":"https:\/\/veloaxe.com\/wp-content\/uploads\/2022\/08\/1200_1500_50____1__cales-roto-pour-pedales-look-keo-grise_6568-e1667635619702.jpg","contentUrl":"https:\/\/veloaxe.com\/wp-content\/uploads\/2022\/08\/1200_1500_50____1__cales-roto-pour-pedales-look-keo-grise_6568-e1667635619702.jpg","width":450,"height":446,"caption":"calas-gris-roto-para-pedales-look"},{"@type":"BreadcrumbList","@id":"https:\/\/veloaxe.com\/producto\/calas-roto-para-pedales-look-keo-gris-4-5-2\/#breadcrumb","itemListElement":[{"@type":"ListItem","position":1,"name":"Portada","item":"https:\/\/paleturquoise-herring-271034.hostingersite.com\/"},{"@type":"ListItem","position":2,"name":"Shop","item":"https:\/\/paleturquoise-herring-271034.hostingersite.com\/shop\/"},{"@type":"ListItem","position":3,"name":"CALAS ROTO PARA PEDALES LOOK KEO &#8211; Gris 4.5\u00b0"}]},{"@type":"WebSite","@id":"https:\/\/veloaxe.com\/#website","url":"https:\/\/veloaxe.com\/","name":"Boutique de v\u00e9lo en ligne | VELOAXE","description":"Descubre una amplia selecci\u00f3n de bicicletas de alta calidad, desde modelos urbanos y de monta\u00f1a hasta bicicletas de carretera de \u00faltima generaci\u00f3n. Con un servicio experto y accesorios especializados, estamos comprometidos a brindarte la mejor experiencia ciclista.","publisher":{"@id":"https:\/\/veloaxe.com\/#organization"},"potentialAction":[{"@type":"SearchAction","target":{"@type":"EntryPoint","urlTemplate":"https:\/\/veloaxe.com\/?s={search_term_string}"},"query-input":{"@type":"PropertyValueSpecification","valueRequired":true,"valueName":"search_term_string"}}],"inLanguage":"fr-FR"},{"@type":"Organization","@id":"https:\/\/veloaxe.com\/#organization","name":"Boutique de v\u00e9lo en ligne | VELOAXE","url":"https:\/\/veloaxe.com\/","logo":{"@type":"ImageObject","inLanguage":"fr-FR","@id":"https:\/\/veloaxe.com\/#\/schema\/logo\/image\/","url":"https:\/\/veloaxe.com\/wp-content\/uploads\/2026\/01\/cropped-logo-1.jpg","contentUrl":"https:\/\/veloaxe.com\/wp-content\/uploads\/2026\/01\/cropped-logo-1.jpg","width":1273,"height":363,"caption":"Tienda de bicicletas | VELOAXE"},"image":{"@id":"https:\/\/veloaxe.com\/#\/schema\/logo\/image\/"},"sameAs":["https:\/\/www.facebook.com\/veloaxe"]}]}},"_links":{"self":[{"href":"https:\/\/veloaxe.com\/fr\/wp-json\/wp\/v2\/product\/25","targetHints":{"allow":["GET"]}}],"collection":[{"href":"https:\/\/veloaxe.com\/fr\/wp-json\/wp\/v2\/product"}],"about":[{"href":"https:\/\/veloaxe.com\/fr\/wp-json\/wp\/v2\/types\/product"}],"replies":[{"embeddable":true,"href":"https:\/\/veloaxe.com\/fr\/wp-json\/wp\/v2\/comments?post=25"}],"wp:featuredmedia":[{"embeddable":true,"href":"https:\/\/veloaxe.com\/fr\/wp-json\/wp\/v2\/media\/64"}],"wp:attachment":[{"href":"https:\/\/veloaxe.com\/fr\/wp-json\/wp\/v2\/media?parent=25"}],"wp:term":[{"taxonomy":"product_brand","embeddable":true,"href":"https:\/\/veloaxe.com\/fr\/wp-json\/wp\/v2\/product_brand?post=25"},{"taxonomy":"product_cat","embeddable":true,"href":"https:\/\/veloaxe.com\/fr\/wp-json\/wp\/v2\/product_cat?post=25"},{"taxonomy":"product_tag","embeddable":true,"href":"https:\/\/veloaxe.com\/fr\/wp-json\/wp\/v2\/product_tag?post=25"}],"curies":[{"name":"wp","href":"https:\/\/api.w.org\/{rel}","templated":true}]}}