{"id":251,"date":"2022-08-25T17:30:00","date_gmt":"2022-08-25T17:30:00","guid":{"rendered":"https:\/\/veloaxe.com\/?post_type=product&#038;p=251"},"modified":"2025-11-06T09:28:31","modified_gmt":"2025-11-06T09:28:31","slug":"extensiones-deda-superzero","status":"publish","type":"product","link":"https:\/\/veloaxe.com\/fr\/producto\/extensiones-deda-superzero\/","title":{"rendered":"EXTENSIONES DEDA SUPERZERO &#8211; Negro"},"content":{"rendered":"<p><span style=\"color: #000000;\">Aqu\u00ed los extensores <strong>DEDA SUPERZERO<\/strong> son la mejor soluci\u00f3n para adaptar tu bicicleta de carretera para triatl\u00f3n o contrarreloj. Fabricado en <strong>ALUMINIUM<\/strong> ligero y resistente. Su forma en \u00e1ngulo (J) con una longitud de 200 mm ofrece un agarre ergon\u00f3mico y permite utilizar los brazos en la fase de empuje. Los reposabrazos est\u00e1n acolchados para mayor comodidad.<\/span><\/p>\n<p><span style=\"color: #000000;\">PESO: 330 gramos<\/span><\/p>\n<p><span style=\"color: #000000;\">FORMA en (J)<\/span><\/p>","protected":false},"excerpt":{"rendered":"<p>Aqu\u00ed los extensores DEDA SUPERZERO son la mejor soluci\u00f3n para adaptar tu bicicleta de carretera para triatl\u00f3n o contrarreloj. Fabricado en ALUMINIO ligero y resistente. Su forma en \u00e1ngulo (J) con una longitud de 200 mm ofrece un agarre ergon\u00f3mico y permite utilizar los brazos en la fase de empuje. Los reposabrazos est\u00e1n acolchados para [&hellip;]<\/p>\n","protected":false},"featured_media":197,"comment_status":"open","ping_status":"closed","template":"","meta":[],"product_brand":[],"product_cat":[16,19,24],"product_tag":[],"class_list":{"0":"post-251","1":"product","2":"type-product","3":"status-publish","4":"has-post-thumbnail","6":"product_cat-carretera-gravel-bicicletas","7":"product_cat-componentes-de-bicicletas","8":"product_cat-manillar-aero-extensiones","9":"product_shipping_class-no-bicicletas","11":"first","12":"instock","13":"sale","14":"shipping-taxable","15":"purchasable","16":"product-type-simple"},"yoast_head":"<!-- This site is optimized with the Yoast SEO plugin v27.6 - https:\/\/yoast.com\/product\/yoast-seo-wordpress\/ -->\n<title>EXTENSIONES DEDA SUPERZERO NEGRO | VELOAXE.COM<\/title>\n<meta name=\"description\" content=\"EXTENSIONES DEDA SUPERZERO NEGRO - Extensi\u00f3n de manillar DEDA para bicicletas de carretera o gravel. Disponible al mejor precio con pago f\u00e1cil.\" \/>\n<meta name=\"robots\" content=\"index, follow, max-snippet:-1, max-image-preview:large, max-video-preview:-1\" \/>\n<link rel=\"canonical\" href=\"https:\/\/veloaxe.com\/fr\/produit\/extensiones-deda-superzero\/\" \/>\n<meta property=\"og:locale\" content=\"fr_FR\" \/>\n<meta property=\"og:type\" content=\"article\" \/>\n<meta property=\"og:title\" content=\"EXTENSIONES DEDA SUPERZERO NEGRO | VELOAXE.COM\" \/>\n<meta property=\"og:description\" content=\"EXTENSIONES DEDA SUPERZERO NEGRO - Extensi\u00f3n de manillar DEDA para bicicletas de carretera o gravel. Disponible al mejor precio con pago f\u00e1cil.\" \/>\n<meta property=\"og:url\" content=\"https:\/\/veloaxe.com\/fr\/produit\/extensiones-deda-superzero\/\" \/>\n<meta property=\"og:site_name\" content=\"Tienda de bicicletas | VELOAXE\" \/>\n<meta property=\"article:publisher\" content=\"https:\/\/www.facebook.com\/veloaxe\" \/>\n<meta property=\"article:modified_time\" content=\"2025-11-06T09:28:31+00:00\" \/>\n<meta property=\"og:image\" content=\"https:\/\/veloaxe.com\/wp-content\/uploads\/2022\/08\/1200_1500_39____1__prolongateur-deda-superzero-noir_7435-e1667020962907.jpg\" \/>\n\t<meta property=\"og:image:width\" content=\"1012\" \/>\n\t<meta property=\"og:image:height\" content=\"753\" \/>\n\t<meta property=\"og:image:type\" content=\"image\/jpeg\" \/>\n<meta name=\"twitter:card\" content=\"summary_large_image\" \/>\n<meta name=\"twitter:label1\" content=\"Dur\u00e9e de lecture estim\u00e9e\" \/>\n\t<meta name=\"twitter:data1\" content=\"1 minute\" \/>\n<script type=\"application\/ld+json\" class=\"yoast-schema-graph\">{\"@context\":\"https:\\\/\\\/schema.org\",\"@graph\":[{\"@type\":\"WebPage\",\"@id\":\"https:\\\/\\\/veloaxe.com\\\/producto\\\/extensiones-deda-superzero\\\/\",\"url\":\"https:\\\/\\\/veloaxe.com\\\/producto\\\/extensiones-deda-superzero\\\/\",\"name\":\"EXTENSIONES DEDA SUPERZERO NEGRO | VELOAXE.COM\",\"isPartOf\":{\"@id\":\"https:\\\/\\\/veloaxe.com\\\/#website\"},\"primaryImageOfPage\":{\"@id\":\"https:\\\/\\\/veloaxe.com\\\/producto\\\/extensiones-deda-superzero\\\/#primaryimage\"},\"image\":{\"@id\":\"https:\\\/\\\/veloaxe.com\\\/producto\\\/extensiones-deda-superzero\\\/#primaryimage\"},\"thumbnailUrl\":\"https:\\\/\\\/veloaxe.com\\\/wp-content\\\/uploads\\\/2022\\\/08\\\/1200_1500_39____1__prolongateur-deda-superzero-noir_7435-e1667020962907.jpg\",\"datePublished\":\"2022-08-25T17:30:00+00:00\",\"dateModified\":\"2025-11-06T09:28:31+00:00\",\"description\":\"EXTENSIONES DEDA SUPERZERO NEGRO - Extensi\u00f3n de manillar DEDA para bicicletas de carretera o gravel. Disponible al mejor precio con pago f\u00e1cil.\",\"breadcrumb\":{\"@id\":\"https:\\\/\\\/veloaxe.com\\\/producto\\\/extensiones-deda-superzero\\\/#breadcrumb\"},\"inLanguage\":\"fr-FR\",\"potentialAction\":[{\"@type\":\"ReadAction\",\"target\":[\"https:\\\/\\\/veloaxe.com\\\/producto\\\/extensiones-deda-superzero\\\/\"]}]},{\"@type\":\"ImageObject\",\"inLanguage\":\"fr-FR\",\"@id\":\"https:\\\/\\\/veloaxe.com\\\/producto\\\/extensiones-deda-superzero\\\/#primaryimage\",\"url\":\"https:\\\/\\\/veloaxe.com\\\/wp-content\\\/uploads\\\/2022\\\/08\\\/1200_1500_39____1__prolongateur-deda-superzero-noir_7435-e1667020962907.jpg\",\"contentUrl\":\"https:\\\/\\\/veloaxe.com\\\/wp-content\\\/uploads\\\/2022\\\/08\\\/1200_1500_39____1__prolongateur-deda-superzero-noir_7435-e1667020962907.jpg\",\"width\":1012,\"height\":753,\"caption\":\"Extensiones DEDA SUPERZERO negro.\"},{\"@type\":\"BreadcrumbList\",\"@id\":\"https:\\\/\\\/veloaxe.com\\\/producto\\\/extensiones-deda-superzero\\\/#breadcrumb\",\"itemListElement\":[{\"@type\":\"ListItem\",\"position\":1,\"name\":\"Portada\",\"item\":\"https:\\\/\\\/veloaxe.com\\\/\"},{\"@type\":\"ListItem\",\"position\":2,\"name\":\"Shop\",\"item\":\"https:\\\/\\\/paleturquoise-herring-271034.hostingersite.com\\\/shop\\\/\"},{\"@type\":\"ListItem\",\"position\":3,\"name\":\"EXTENSIONES DEDA SUPERZERO &#8211; Negro\"}]},{\"@type\":\"WebSite\",\"@id\":\"https:\\\/\\\/veloaxe.com\\\/#website\",\"url\":\"https:\\\/\\\/veloaxe.com\\\/\",\"name\":\"Tienda de bicicletas | VELOAXE\",\"description\":\"Descubre una amplia selecci\u00f3n de bicicletas de alta calidad, desde modelos urbanos y de monta\u00f1a hasta bicicletas de carretera de \u00faltima generaci\u00f3n. Con un servicio experto y accesorios especializados, estamos comprometidos a brindarte la mejor experiencia ciclista.\",\"publisher\":{\"@id\":\"https:\\\/\\\/veloaxe.com\\\/#organization\"},\"potentialAction\":[{\"@type\":\"SearchAction\",\"target\":{\"@type\":\"EntryPoint\",\"urlTemplate\":\"https:\\\/\\\/veloaxe.com\\\/?s={search_term_string}\"},\"query-input\":{\"@type\":\"PropertyValueSpecification\",\"valueRequired\":true,\"valueName\":\"search_term_string\"}}],\"inLanguage\":\"fr-FR\"},{\"@type\":\"Organization\",\"@id\":\"https:\\\/\\\/veloaxe.com\\\/#organization\",\"name\":\"Tienda de bicicletas | VELOAXE\",\"url\":\"https:\\\/\\\/veloaxe.com\\\/\",\"logo\":{\"@type\":\"ImageObject\",\"inLanguage\":\"fr-FR\",\"@id\":\"https:\\\/\\\/veloaxe.com\\\/#\\\/schema\\\/logo\\\/image\\\/\",\"url\":\"https:\\\/\\\/veloaxe.com\\\/wp-content\\\/uploads\\\/2026\\\/01\\\/cropped-logo-1.jpg\",\"contentUrl\":\"https:\\\/\\\/veloaxe.com\\\/wp-content\\\/uploads\\\/2026\\\/01\\\/cropped-logo-1.jpg\",\"width\":1273,\"height\":363,\"caption\":\"Tienda de bicicletas | VELOAXE\"},\"image\":{\"@id\":\"https:\\\/\\\/veloaxe.com\\\/#\\\/schema\\\/logo\\\/image\\\/\"},\"sameAs\":[\"https:\\\/\\\/www.facebook.com\\\/veloaxe\"]}]}<\/script>\n<!-- \/ Yoast SEO plugin. -->","yoast_head_json":{"title":"EXTENSIONES DEDA SUPERZERO NEGRO | VELOAXE.COM","description":"EXTENSIONES DEDA SUPERZERO NEGRO - Extensi\u00f3n de manillar DEDA para bicicletas de carretera o gravel. Disponible al mejor precio con pago f\u00e1cil.","robots":{"index":"index","follow":"follow","max-snippet":"max-snippet:-1","max-image-preview":"max-image-preview:large","max-video-preview":"max-video-preview:-1"},"canonical":"https:\/\/veloaxe.com\/fr\/produit\/extensiones-deda-superzero\/","og_locale":"fr_FR","og_type":"article","og_title":"EXTENSIONES DEDA SUPERZERO NEGRO | VELOAXE.COM","og_description":"EXTENSIONES DEDA SUPERZERO NEGRO - Extensi\u00f3n de manillar DEDA para bicicletas de carretera o gravel. Disponible al mejor precio con pago f\u00e1cil.","og_url":"https:\/\/veloaxe.com\/fr\/produit\/extensiones-deda-superzero\/","og_site_name":"Tienda de bicicletas | VELOAXE","article_publisher":"https:\/\/www.facebook.com\/veloaxe","article_modified_time":"2025-11-06T09:28:31+00:00","og_image":[{"width":1012,"height":753,"url":"https:\/\/veloaxe.com\/wp-content\/uploads\/2022\/08\/1200_1500_39____1__prolongateur-deda-superzero-noir_7435-e1667020962907.jpg","type":"image\/jpeg"}],"twitter_card":"summary_large_image","twitter_misc":{"Dur\u00e9e de lecture estim\u00e9e":"1 minute"},"schema":{"@context":"https:\/\/schema.org","@graph":[{"@type":"WebPage","@id":"https:\/\/veloaxe.com\/producto\/extensiones-deda-superzero\/","url":"https:\/\/veloaxe.com\/producto\/extensiones-deda-superzero\/","name":"EXTENSIONES DEDA SUPERZERO NEGRO | VELOAXE.COM","isPartOf":{"@id":"https:\/\/veloaxe.com\/#website"},"primaryImageOfPage":{"@id":"https:\/\/veloaxe.com\/producto\/extensiones-deda-superzero\/#primaryimage"},"image":{"@id":"https:\/\/veloaxe.com\/producto\/extensiones-deda-superzero\/#primaryimage"},"thumbnailUrl":"https:\/\/veloaxe.com\/wp-content\/uploads\/2022\/08\/1200_1500_39____1__prolongateur-deda-superzero-noir_7435-e1667020962907.jpg","datePublished":"2022-08-25T17:30:00+00:00","dateModified":"2025-11-06T09:28:31+00:00","description":"EXTENSIONES DEDA SUPERZERO NEGRO - Extensi\u00f3n de manillar DEDA para bicicletas de carretera o gravel. Disponible al mejor precio con pago f\u00e1cil.","breadcrumb":{"@id":"https:\/\/veloaxe.com\/producto\/extensiones-deda-superzero\/#breadcrumb"},"inLanguage":"fr-FR","potentialAction":[{"@type":"ReadAction","target":["https:\/\/veloaxe.com\/producto\/extensiones-deda-superzero\/"]}]},{"@type":"ImageObject","inLanguage":"fr-FR","@id":"https:\/\/veloaxe.com\/producto\/extensiones-deda-superzero\/#primaryimage","url":"https:\/\/veloaxe.com\/wp-content\/uploads\/2022\/08\/1200_1500_39____1__prolongateur-deda-superzero-noir_7435-e1667020962907.jpg","contentUrl":"https:\/\/veloaxe.com\/wp-content\/uploads\/2022\/08\/1200_1500_39____1__prolongateur-deda-superzero-noir_7435-e1667020962907.jpg","width":1012,"height":753,"caption":"Extensiones DEDA SUPERZERO negro."},{"@type":"BreadcrumbList","@id":"https:\/\/veloaxe.com\/producto\/extensiones-deda-superzero\/#breadcrumb","itemListElement":[{"@type":"ListItem","position":1,"name":"Portada","item":"https:\/\/veloaxe.com\/"},{"@type":"ListItem","position":2,"name":"Shop","item":"https:\/\/paleturquoise-herring-271034.hostingersite.com\/shop\/"},{"@type":"ListItem","position":3,"name":"EXTENSIONES DEDA SUPERZERO &#8211; Negro"}]},{"@type":"WebSite","@id":"https:\/\/veloaxe.com\/#website","url":"https:\/\/veloaxe.com\/","name":"Boutique de v\u00e9lo en ligne | VELOAXE","description":"D\u00e9couvrez une large s\u00e9lection de v\u00e9los de haute qualit\u00e9, des mod\u00e8les urbains et de montagne aux v\u00e9los de route de pointe. Avec un service d'experts et des accessoires sp\u00e9cialis\u00e9s, nous nous engageons \u00e0 vous offrir la meilleure exp\u00e9rience de cyclisme.","publisher":{"@id":"https:\/\/veloaxe.com\/#organization"},"potentialAction":[{"@type":"SearchAction","target":{"@type":"EntryPoint","urlTemplate":"https:\/\/veloaxe.com\/?s={search_term_string}"},"query-input":{"@type":"PropertyValueSpecification","valueRequired":true,"valueName":"search_term_string"}}],"inLanguage":"fr-FR"},{"@type":"Organization","@id":"https:\/\/veloaxe.com\/#organization","name":"Boutique de v\u00e9lo en ligne | VELOAXE","url":"https:\/\/veloaxe.com\/","logo":{"@type":"ImageObject","inLanguage":"fr-FR","@id":"https:\/\/veloaxe.com\/#\/schema\/logo\/image\/","url":"https:\/\/veloaxe.com\/wp-content\/uploads\/2026\/01\/cropped-logo-1.jpg","contentUrl":"https:\/\/veloaxe.com\/wp-content\/uploads\/2026\/01\/cropped-logo-1.jpg","width":1273,"height":363,"caption":"Tienda de bicicletas | VELOAXE"},"image":{"@id":"https:\/\/veloaxe.com\/#\/schema\/logo\/image\/"},"sameAs":["https:\/\/www.facebook.com\/veloaxe"]}]}},"_links":{"self":[{"href":"https:\/\/veloaxe.com\/fr\/wp-json\/wp\/v2\/product\/251","targetHints":{"allow":["GET"]}}],"collection":[{"href":"https:\/\/veloaxe.com\/fr\/wp-json\/wp\/v2\/product"}],"about":[{"href":"https:\/\/veloaxe.com\/fr\/wp-json\/wp\/v2\/types\/product"}],"replies":[{"embeddable":true,"href":"https:\/\/veloaxe.com\/fr\/wp-json\/wp\/v2\/comments?post=251"}],"wp:featuredmedia":[{"embeddable":true,"href":"https:\/\/veloaxe.com\/fr\/wp-json\/wp\/v2\/media\/197"}],"wp:attachment":[{"href":"https:\/\/veloaxe.com\/fr\/wp-json\/wp\/v2\/media?parent=251"}],"wp:term":[{"taxonomy":"product_brand","embeddable":true,"href":"https:\/\/veloaxe.com\/fr\/wp-json\/wp\/v2\/product_brand?post=251"},{"taxonomy":"product_cat","embeddable":true,"href":"https:\/\/veloaxe.com\/fr\/wp-json\/wp\/v2\/product_cat?post=251"},{"taxonomy":"product_tag","embeddable":true,"href":"https:\/\/veloaxe.com\/fr\/wp-json\/wp\/v2\/product_tag?post=251"}],"curies":[{"name":"wp","href":"https:\/\/api.w.org\/{rel}","templated":true}]}}