{"id":262,"date":"2022-08-25T17:30:01","date_gmt":"2022-08-25T17:30:01","guid":{"rendered":"https:\/\/veloaxe.com\/?post_type=product&#038;p=262"},"modified":"2025-11-06T09:07:57","modified_gmt":"2025-11-06T09:07:57","slug":"extensiones-deda-carbono-blast-carbono-negro","status":"publish","type":"product","link":"https:\/\/veloaxe.com\/fr\/producto\/extensiones-deda-carbono-blast-carbono-negro\/","title":{"rendered":"EXTENSIONES DEDA BLAST CARBONO &#8211; Negro"},"content":{"rendered":"<p><span style=\"color: #000000;\">Las extensiones <strong>DEDA CARBON BLAST<\/strong> son 25 mm m\u00e1s largas que la versi\u00f3n anterior con nuevas coderas para una m\u00e1xima comodidad. Dise\u00f1adas en monocasco de <strong>CARBONO<\/strong>, las <strong>AERO BAR<\/strong> est\u00e1n especialmente dise\u00f1adas para triatl\u00f3n, sprint o distancia ol\u00edmpica. Cumple con el est\u00e1ndar UCI. Aqu\u00ed est\u00e1 el accesorio perfecto para cualquier carrera de bicicletas.<\/span><\/p>\n<p><span style=\"color: #000000;\">PESO: 226grs<\/span><\/p>","protected":false},"excerpt":{"rendered":"<p>Las extensiones DEDA CARBON BLAST son 25 mm m\u00e1s largas que la versi\u00f3n anterior con nuevas coderas para una m\u00e1xima comodidad. Dise\u00f1adas en monocasco de CARBONO, las AERO BAR est\u00e1n especialmente dise\u00f1adas para triatl\u00f3n, sprint o distancia ol\u00edmpica. Cumple con el est\u00e1ndar UCI. Aqu\u00ed est\u00e1 el accesorio perfecto para cualquier carrera de bicicletas. PESO: 226grs<\/p>","protected":false},"featured_media":196,"comment_status":"open","ping_status":"closed","template":"","meta":[],"product_brand":[],"product_cat":[16,19,24],"product_tag":[],"class_list":{"0":"post-262","1":"product","2":"type-product","3":"status-publish","4":"has-post-thumbnail","6":"product_cat-carretera-gravel-bicicletas","7":"product_cat-componentes-de-bicicletas","8":"product_cat-manillar-aero-extensiones","9":"product_shipping_class-no-bicicletas","11":"first","12":"instock","13":"sale","14":"shipping-taxable","15":"purchasable","16":"product-type-simple"},"yoast_head":"<!-- This site is optimized with the Yoast SEO plugin v27.6 - https:\/\/yoast.com\/product\/yoast-seo-wordpress\/ -->\n<title>EXTENSIONES DEDA BLAST CARBONO | VELOAXE.COM<\/title>\n<meta name=\"description\" content=\"EXTENSIONES DEDA BLAST CARBONO NEGRO - Extensor DEDA BLAST para manillares de bicicleta de carretera \/ gravel. Pago f\u00e1cil en 12x con tarjeta de cr\u00e9dito.\" \/>\n<meta name=\"robots\" content=\"index, follow, max-snippet:-1, max-image-preview:large, max-video-preview:-1\" \/>\n<link rel=\"canonical\" href=\"https:\/\/paleturquoise-herring-271034.hostingersite.com\/producto\/extensiones-deda-carbono-blast-carbono-negro\/\" \/>\n<meta property=\"og:locale\" content=\"fr_FR\" \/>\n<meta property=\"og:type\" content=\"article\" \/>\n<meta property=\"og:title\" content=\"EXTENSIONES DEDA BLAST CARBONO | VELOAXE.COM\" \/>\n<meta property=\"og:description\" content=\"EXTENSIONES DEDA BLAST CARBONO NEGRO - Extensor DEDA BLAST para manillares de bicicleta de carretera \/ gravel. Pago f\u00e1cil en 12x con tarjeta de cr\u00e9dito.\" \/>\n<meta property=\"og:url\" content=\"https:\/\/paleturquoise-herring-271034.hostingersite.com\/producto\/extensiones-deda-carbono-blast-carbono-negro\/\" \/>\n<meta property=\"og:site_name\" content=\"Tienda de bicicletas | VELOAXE\" \/>\n<meta property=\"article:publisher\" content=\"https:\/\/www.facebook.com\/veloaxe\" \/>\n<meta property=\"article:modified_time\" content=\"2025-11-06T09:07:57+00:00\" \/>\n<meta property=\"og:image\" content=\"https:\/\/paleturquoise-herring-271034.hostingersite.com\/wp-content\/uploads\/2022\/08\/1200_1500_37____1__bg_20131127-123920_3346-e1666934282145.jpg\" \/>\n\t<meta property=\"og:image:width\" content=\"630\" \/>\n\t<meta property=\"og:image:height\" content=\"558\" \/>\n\t<meta property=\"og:image:type\" content=\"image\/jpeg\" \/>\n<meta name=\"twitter:card\" content=\"summary_large_image\" \/>\n<meta name=\"twitter:label1\" content=\"Dur\u00e9e de lecture estim\u00e9e\" \/>\n\t<meta name=\"twitter:data1\" content=\"1 minute\" \/>\n<script type=\"application\/ld+json\" class=\"yoast-schema-graph\">{\"@context\":\"https:\\\/\\\/schema.org\",\"@graph\":[{\"@type\":\"WebPage\",\"@id\":\"https:\\\/\\\/paleturquoise-herring-271034.hostingersite.com\\\/producto\\\/extensiones-deda-carbono-blast-carbono-negro\\\/\",\"url\":\"https:\\\/\\\/paleturquoise-herring-271034.hostingersite.com\\\/producto\\\/extensiones-deda-carbono-blast-carbono-negro\\\/\",\"name\":\"EXTENSIONES DEDA BLAST CARBONO | VELOAXE.COM\",\"isPartOf\":{\"@id\":\"https:\\\/\\\/veloaxe.com\\\/#website\"},\"primaryImageOfPage\":{\"@id\":\"https:\\\/\\\/paleturquoise-herring-271034.hostingersite.com\\\/producto\\\/extensiones-deda-carbono-blast-carbono-negro\\\/#primaryimage\"},\"image\":{\"@id\":\"https:\\\/\\\/paleturquoise-herring-271034.hostingersite.com\\\/producto\\\/extensiones-deda-carbono-blast-carbono-negro\\\/#primaryimage\"},\"thumbnailUrl\":\"https:\\\/\\\/veloaxe.com\\\/wp-content\\\/uploads\\\/2022\\\/08\\\/1200_1500_37____1__bg_20131127-123920_3346-e1666934282145.jpg\",\"datePublished\":\"2022-08-25T17:30:01+00:00\",\"dateModified\":\"2025-11-06T09:07:57+00:00\",\"description\":\"EXTENSIONES DEDA BLAST CARBONO NEGRO - Extensor DEDA BLAST para manillares de bicicleta de carretera \\\/ gravel. Pago f\u00e1cil en 12x con tarjeta de cr\u00e9dito.\",\"breadcrumb\":{\"@id\":\"https:\\\/\\\/paleturquoise-herring-271034.hostingersite.com\\\/producto\\\/extensiones-deda-carbono-blast-carbono-negro\\\/#breadcrumb\"},\"inLanguage\":\"fr-FR\",\"potentialAction\":[{\"@type\":\"ReadAction\",\"target\":[\"https:\\\/\\\/paleturquoise-herring-271034.hostingersite.com\\\/producto\\\/extensiones-deda-carbono-blast-carbono-negro\\\/\"]}]},{\"@type\":\"ImageObject\",\"inLanguage\":\"fr-FR\",\"@id\":\"https:\\\/\\\/paleturquoise-herring-271034.hostingersite.com\\\/producto\\\/extensiones-deda-carbono-blast-carbono-negro\\\/#primaryimage\",\"url\":\"https:\\\/\\\/veloaxe.com\\\/wp-content\\\/uploads\\\/2022\\\/08\\\/1200_1500_37____1__bg_20131127-123920_3346-e1666934282145.jpg\",\"contentUrl\":\"https:\\\/\\\/veloaxe.com\\\/wp-content\\\/uploads\\\/2022\\\/08\\\/1200_1500_37____1__bg_20131127-123920_3346-e1666934282145.jpg\",\"width\":630,\"height\":558,\"caption\":\"Extensiones DEDA BLAST CARBONO negro.\"},{\"@type\":\"BreadcrumbList\",\"@id\":\"https:\\\/\\\/paleturquoise-herring-271034.hostingersite.com\\\/producto\\\/extensiones-deda-carbono-blast-carbono-negro\\\/#breadcrumb\",\"itemListElement\":[{\"@type\":\"ListItem\",\"position\":1,\"name\":\"Portada\",\"item\":\"https:\\\/\\\/veloaxe.com\\\/\"},{\"@type\":\"ListItem\",\"position\":2,\"name\":\"Shop\",\"item\":\"https:\\\/\\\/paleturquoise-herring-271034.hostingersite.com\\\/shop\\\/\"},{\"@type\":\"ListItem\",\"position\":3,\"name\":\"EXTENSIONES DEDA BLAST CARBONO &#8211; Negro\"}]},{\"@type\":\"WebSite\",\"@id\":\"https:\\\/\\\/veloaxe.com\\\/#website\",\"url\":\"https:\\\/\\\/veloaxe.com\\\/\",\"name\":\"Tienda de bicicletas | VELOAXE\",\"description\":\"Descubre una amplia selecci\u00f3n de bicicletas de alta calidad, desde modelos urbanos y de monta\u00f1a hasta bicicletas de carretera de \u00faltima generaci\u00f3n. Con un servicio experto y accesorios especializados, estamos comprometidos a brindarte la mejor experiencia ciclista.\",\"publisher\":{\"@id\":\"https:\\\/\\\/veloaxe.com\\\/#organization\"},\"potentialAction\":[{\"@type\":\"SearchAction\",\"target\":{\"@type\":\"EntryPoint\",\"urlTemplate\":\"https:\\\/\\\/veloaxe.com\\\/?s={search_term_string}\"},\"query-input\":{\"@type\":\"PropertyValueSpecification\",\"valueRequired\":true,\"valueName\":\"search_term_string\"}}],\"inLanguage\":\"fr-FR\"},{\"@type\":\"Organization\",\"@id\":\"https:\\\/\\\/veloaxe.com\\\/#organization\",\"name\":\"Tienda de bicicletas | VELOAXE\",\"url\":\"https:\\\/\\\/veloaxe.com\\\/\",\"logo\":{\"@type\":\"ImageObject\",\"inLanguage\":\"fr-FR\",\"@id\":\"https:\\\/\\\/veloaxe.com\\\/#\\\/schema\\\/logo\\\/image\\\/\",\"url\":\"https:\\\/\\\/veloaxe.com\\\/wp-content\\\/uploads\\\/2026\\\/01\\\/cropped-logo-1.jpg\",\"contentUrl\":\"https:\\\/\\\/veloaxe.com\\\/wp-content\\\/uploads\\\/2026\\\/01\\\/cropped-logo-1.jpg\",\"width\":1273,\"height\":363,\"caption\":\"Tienda de bicicletas | VELOAXE\"},\"image\":{\"@id\":\"https:\\\/\\\/veloaxe.com\\\/#\\\/schema\\\/logo\\\/image\\\/\"},\"sameAs\":[\"https:\\\/\\\/www.facebook.com\\\/veloaxe\"]}]}<\/script>\n<!-- \/ Yoast SEO plugin. -->","yoast_head_json":{"title":"EXTENSIONES DEDA BLAST CARBONO | VELOAXE.COM","description":"EXTENSIONES DEDA BLAST CARBONO NEGRO - Extensor DEDA BLAST para manillares de bicicleta de carretera \/ gravel. Pago f\u00e1cil en 12x con tarjeta de cr\u00e9dito.","robots":{"index":"index","follow":"follow","max-snippet":"max-snippet:-1","max-image-preview":"max-image-preview:large","max-video-preview":"max-video-preview:-1"},"canonical":"https:\/\/paleturquoise-herring-271034.hostingersite.com\/producto\/extensiones-deda-carbono-blast-carbono-negro\/","og_locale":"fr_FR","og_type":"article","og_title":"EXTENSIONES DEDA BLAST CARBONO | VELOAXE.COM","og_description":"EXTENSIONES DEDA BLAST CARBONO NEGRO - Extensor DEDA BLAST para manillares de bicicleta de carretera \/ gravel. Pago f\u00e1cil en 12x con tarjeta de cr\u00e9dito.","og_url":"https:\/\/paleturquoise-herring-271034.hostingersite.com\/producto\/extensiones-deda-carbono-blast-carbono-negro\/","og_site_name":"Tienda de bicicletas | VELOAXE","article_publisher":"https:\/\/www.facebook.com\/veloaxe","article_modified_time":"2025-11-06T09:07:57+00:00","og_image":[{"width":630,"height":558,"url":"https:\/\/paleturquoise-herring-271034.hostingersite.com\/wp-content\/uploads\/2022\/08\/1200_1500_37____1__bg_20131127-123920_3346-e1666934282145.jpg","type":"image\/jpeg"}],"twitter_card":"summary_large_image","twitter_misc":{"Dur\u00e9e de lecture estim\u00e9e":"1 minute"},"schema":{"@context":"https:\/\/schema.org","@graph":[{"@type":"WebPage","@id":"https:\/\/paleturquoise-herring-271034.hostingersite.com\/producto\/extensiones-deda-carbono-blast-carbono-negro\/","url":"https:\/\/paleturquoise-herring-271034.hostingersite.com\/producto\/extensiones-deda-carbono-blast-carbono-negro\/","name":"EXTENSIONES DEDA BLAST CARBONO | VELOAXE.COM","isPartOf":{"@id":"https:\/\/veloaxe.com\/#website"},"primaryImageOfPage":{"@id":"https:\/\/paleturquoise-herring-271034.hostingersite.com\/producto\/extensiones-deda-carbono-blast-carbono-negro\/#primaryimage"},"image":{"@id":"https:\/\/paleturquoise-herring-271034.hostingersite.com\/producto\/extensiones-deda-carbono-blast-carbono-negro\/#primaryimage"},"thumbnailUrl":"https:\/\/veloaxe.com\/wp-content\/uploads\/2022\/08\/1200_1500_37____1__bg_20131127-123920_3346-e1666934282145.jpg","datePublished":"2022-08-25T17:30:01+00:00","dateModified":"2025-11-06T09:07:57+00:00","description":"EXTENSIONES DEDA BLAST CARBONO NEGRO - Extensor DEDA BLAST para manillares de bicicleta de carretera \/ gravel. Pago f\u00e1cil en 12x con tarjeta de cr\u00e9dito.","breadcrumb":{"@id":"https:\/\/paleturquoise-herring-271034.hostingersite.com\/producto\/extensiones-deda-carbono-blast-carbono-negro\/#breadcrumb"},"inLanguage":"fr-FR","potentialAction":[{"@type":"ReadAction","target":["https:\/\/paleturquoise-herring-271034.hostingersite.com\/producto\/extensiones-deda-carbono-blast-carbono-negro\/"]}]},{"@type":"ImageObject","inLanguage":"fr-FR","@id":"https:\/\/paleturquoise-herring-271034.hostingersite.com\/producto\/extensiones-deda-carbono-blast-carbono-negro\/#primaryimage","url":"https:\/\/veloaxe.com\/wp-content\/uploads\/2022\/08\/1200_1500_37____1__bg_20131127-123920_3346-e1666934282145.jpg","contentUrl":"https:\/\/veloaxe.com\/wp-content\/uploads\/2022\/08\/1200_1500_37____1__bg_20131127-123920_3346-e1666934282145.jpg","width":630,"height":558,"caption":"Extensiones DEDA BLAST CARBONO negro."},{"@type":"BreadcrumbList","@id":"https:\/\/paleturquoise-herring-271034.hostingersite.com\/producto\/extensiones-deda-carbono-blast-carbono-negro\/#breadcrumb","itemListElement":[{"@type":"ListItem","position":1,"name":"Portada","item":"https:\/\/veloaxe.com\/"},{"@type":"ListItem","position":2,"name":"Shop","item":"https:\/\/paleturquoise-herring-271034.hostingersite.com\/shop\/"},{"@type":"ListItem","position":3,"name":"EXTENSIONES DEDA BLAST CARBONO &#8211; Negro"}]},{"@type":"WebSite","@id":"https:\/\/veloaxe.com\/#website","url":"https:\/\/veloaxe.com\/","name":"Boutique de v\u00e9lo en ligne | VELOAXE","description":"D\u00e9couvrez une large s\u00e9lection de v\u00e9los de haute qualit\u00e9, des mod\u00e8les urbains et de montagne aux v\u00e9los de route de pointe. Avec un service d'experts et des accessoires sp\u00e9cialis\u00e9s, nous nous engageons \u00e0 vous offrir la meilleure exp\u00e9rience de cyclisme.","publisher":{"@id":"https:\/\/veloaxe.com\/#organization"},"potentialAction":[{"@type":"SearchAction","target":{"@type":"EntryPoint","urlTemplate":"https:\/\/veloaxe.com\/?s={search_term_string}"},"query-input":{"@type":"PropertyValueSpecification","valueRequired":true,"valueName":"search_term_string"}}],"inLanguage":"fr-FR"},{"@type":"Organization","@id":"https:\/\/veloaxe.com\/#organization","name":"Boutique de v\u00e9lo en ligne | VELOAXE","url":"https:\/\/veloaxe.com\/","logo":{"@type":"ImageObject","inLanguage":"fr-FR","@id":"https:\/\/veloaxe.com\/#\/schema\/logo\/image\/","url":"https:\/\/veloaxe.com\/wp-content\/uploads\/2026\/01\/cropped-logo-1.jpg","contentUrl":"https:\/\/veloaxe.com\/wp-content\/uploads\/2026\/01\/cropped-logo-1.jpg","width":1273,"height":363,"caption":"Tienda de bicicletas | VELOAXE"},"image":{"@id":"https:\/\/veloaxe.com\/#\/schema\/logo\/image\/"},"sameAs":["https:\/\/www.facebook.com\/veloaxe"]}]}},"_links":{"self":[{"href":"https:\/\/veloaxe.com\/fr\/wp-json\/wp\/v2\/product\/262","targetHints":{"allow":["GET"]}}],"collection":[{"href":"https:\/\/veloaxe.com\/fr\/wp-json\/wp\/v2\/product"}],"about":[{"href":"https:\/\/veloaxe.com\/fr\/wp-json\/wp\/v2\/types\/product"}],"replies":[{"embeddable":true,"href":"https:\/\/veloaxe.com\/fr\/wp-json\/wp\/v2\/comments?post=262"}],"wp:featuredmedia":[{"embeddable":true,"href":"https:\/\/veloaxe.com\/fr\/wp-json\/wp\/v2\/media\/196"}],"wp:attachment":[{"href":"https:\/\/veloaxe.com\/fr\/wp-json\/wp\/v2\/media?parent=262"}],"wp:term":[{"taxonomy":"product_brand","embeddable":true,"href":"https:\/\/veloaxe.com\/fr\/wp-json\/wp\/v2\/product_brand?post=262"},{"taxonomy":"product_cat","embeddable":true,"href":"https:\/\/veloaxe.com\/fr\/wp-json\/wp\/v2\/product_cat?post=262"},{"taxonomy":"product_tag","embeddable":true,"href":"https:\/\/veloaxe.com\/fr\/wp-json\/wp\/v2\/product_tag?post=262"}],"curies":[{"name":"wp","href":"https:\/\/api.w.org\/{rel}","templated":true}]}}