{"id":264,"date":"2022-08-25T17:30:01","date_gmt":"2022-08-25T17:30:01","guid":{"rendered":"https:\/\/veloaxe.com\/?post_type=product&#038;p=264"},"modified":"2025-11-06T09:13:58","modified_gmt":"2025-11-06T09:13:58","slug":"manillar-zipp-vuka-bull-carbono-extensiones-zipp-vuka-carbono-negro","status":"publish","type":"product","link":"https:\/\/veloaxe.com\/fr\/producto\/manillar-zipp-vuka-bull-carbono-extensiones-zipp-vuka-carbono-negro\/","title":{"rendered":"MANILLAR ZIPP VUKA BULL CARBONO + EXTENSIONES ZIPP VUKA CARBONO &#8211; Negro"},"content":{"rendered":"<p><span style=\"color: #000000;\">El manillar <strong>ZIPP VUKA<\/strong> Carbon Aero proporciona el ajuste perfecto para los ciclistas que buscan <strong>AERODIN\u00c1MICA<\/strong> independientemente del tama\u00f1o o la posici\u00f3n del ciclista. La <strong>VUKA CARBON<\/strong> est\u00e1 hecha para corredores de triatl\u00f3n o corredores que quieren hacer una prueba de monta\u00f1a. La <strong>VUKA<\/strong> Race ofrece una posici\u00f3n de ciclista natural para optimizar la aerodin\u00e1mica y el rendimiento. Con la extensi\u00f3n <strong>CARBON<\/strong>, el conjunto manillar\/extensi\u00f3n es ligero para un m\u00e1ximo rendimiento.<\/span><\/p>\n<p><span style=\"color: #000000;\">Percha exterior medida 42 cm<\/span><\/p>","protected":false},"excerpt":{"rendered":"<p>El manillar ZIPP VUKA Carbon Aero proporciona el ajuste perfecto para los ciclistas que buscan AERODIN\u00c1MICA independientemente del tama\u00f1o o la posici\u00f3n del ciclista. La VUKA CARBON est\u00e1 hecha para corredores de triatl\u00f3n o corredores que quieren hacer una prueba de monta\u00f1a. La VUKA Race ofrece una posici\u00f3n de ciclista natural para optimizar la aerodin\u00e1mica [&hellip;]<\/p>\n","protected":false},"featured_media":142,"comment_status":"open","ping_status":"closed","template":"","meta":[],"product_brand":[],"product_cat":[16,19,24],"product_tag":[],"class_list":{"0":"post-264","1":"product","2":"type-product","3":"status-publish","4":"has-post-thumbnail","6":"product_cat-carretera-gravel-bicicletas","7":"product_cat-componentes-de-bicicletas","8":"product_cat-manillar-aero-extensiones","9":"product_shipping_class-no-bicicletas","11":"first","12":"instock","13":"sale","14":"shipping-taxable","15":"purchasable","16":"product-type-simple"},"yoast_head":"<!-- This site is optimized with the Yoast SEO plugin v27.6 - https:\/\/yoast.com\/product\/yoast-seo-wordpress\/ -->\n<title>MANILLAR ZIPP VUKA BULL CARBONO | VELOAXE.COM<\/title>\n<meta name=\"description\" content=\"MANILLAR ZIPP VUKA BULL CARBONO + EXTENSIONES ZIPP VUKA - Manillar aerodin\u00e1mico de carbono Zipp para bicicletas de crono o triatl\u00f3n.\" \/>\n<meta name=\"robots\" content=\"index, follow, max-snippet:-1, max-image-preview:large, max-video-preview:-1\" \/>\n<link rel=\"canonical\" href=\"https:\/\/veloaxe.com\/fr\/produit\/manillar-zipp-vuka-bull-carbono-extensiones-zipp-vuka-carbono-negro\/\" \/>\n<meta property=\"og:locale\" content=\"fr_FR\" \/>\n<meta property=\"og:type\" content=\"article\" \/>\n<meta property=\"og:title\" content=\"MANILLAR ZIPP VUKA BULL CARBONO | VELOAXE.COM\" \/>\n<meta property=\"og:description\" content=\"MANILLAR ZIPP VUKA BULL CARBONO + EXTENSIONES ZIPP VUKA - Manillar aerodin\u00e1mico de carbono Zipp para bicicletas de crono o triatl\u00f3n.\" \/>\n<meta property=\"og:url\" content=\"https:\/\/veloaxe.com\/fr\/produit\/manillar-zipp-vuka-bull-carbono-extensiones-zipp-vuka-carbono-negro\/\" \/>\n<meta property=\"og:site_name\" content=\"Tienda de bicicletas | VELOAXE\" \/>\n<meta property=\"article:publisher\" content=\"https:\/\/www.facebook.com\/veloaxe\" \/>\n<meta property=\"article:modified_time\" content=\"2025-11-06T09:13:58+00:00\" \/>\n<meta property=\"og:image\" content=\"https:\/\/veloaxe.com\/wp-content\/uploads\/2022\/08\/1200_1500_30____1__cintre-zipp-vuka-bull-carbone_7441-e1666934664331.jpg\" \/>\n\t<meta property=\"og:image:width\" content=\"626\" \/>\n\t<meta property=\"og:image:height\" content=\"401\" \/>\n\t<meta property=\"og:image:type\" content=\"image\/jpeg\" \/>\n<meta name=\"twitter:card\" content=\"summary_large_image\" \/>\n<meta name=\"twitter:label1\" content=\"Dur\u00e9e de lecture estim\u00e9e\" \/>\n\t<meta name=\"twitter:data1\" content=\"1 minute\" \/>\n<script type=\"application\/ld+json\" class=\"yoast-schema-graph\">{\"@context\":\"https:\\\/\\\/schema.org\",\"@graph\":[{\"@type\":\"WebPage\",\"@id\":\"https:\\\/\\\/veloaxe.com\\\/producto\\\/manillar-zipp-vuka-bull-carbono-extensiones-zipp-vuka-carbono-negro\\\/\",\"url\":\"https:\\\/\\\/veloaxe.com\\\/producto\\\/manillar-zipp-vuka-bull-carbono-extensiones-zipp-vuka-carbono-negro\\\/\",\"name\":\"MANILLAR ZIPP VUKA BULL CARBONO | VELOAXE.COM\",\"isPartOf\":{\"@id\":\"https:\\\/\\\/veloaxe.com\\\/#website\"},\"primaryImageOfPage\":{\"@id\":\"https:\\\/\\\/veloaxe.com\\\/producto\\\/manillar-zipp-vuka-bull-carbono-extensiones-zipp-vuka-carbono-negro\\\/#primaryimage\"},\"image\":{\"@id\":\"https:\\\/\\\/veloaxe.com\\\/producto\\\/manillar-zipp-vuka-bull-carbono-extensiones-zipp-vuka-carbono-negro\\\/#primaryimage\"},\"thumbnailUrl\":\"https:\\\/\\\/veloaxe.com\\\/wp-content\\\/uploads\\\/2022\\\/08\\\/1200_1500_30____1__cintre-zipp-vuka-bull-carbone_7441-e1666934664331.jpg\",\"datePublished\":\"2022-08-25T17:30:01+00:00\",\"dateModified\":\"2025-11-06T09:13:58+00:00\",\"description\":\"MANILLAR ZIPP VUKA BULL CARBONO + EXTENSIONES ZIPP VUKA - Manillar aerodin\u00e1mico de carbono Zipp para bicicletas de crono o triatl\u00f3n.\",\"breadcrumb\":{\"@id\":\"https:\\\/\\\/veloaxe.com\\\/producto\\\/manillar-zipp-vuka-bull-carbono-extensiones-zipp-vuka-carbono-negro\\\/#breadcrumb\"},\"inLanguage\":\"fr-FR\",\"potentialAction\":[{\"@type\":\"ReadAction\",\"target\":[\"https:\\\/\\\/veloaxe.com\\\/producto\\\/manillar-zipp-vuka-bull-carbono-extensiones-zipp-vuka-carbono-negro\\\/\"]}]},{\"@type\":\"ImageObject\",\"inLanguage\":\"fr-FR\",\"@id\":\"https:\\\/\\\/veloaxe.com\\\/producto\\\/manillar-zipp-vuka-bull-carbono-extensiones-zipp-vuka-carbono-negro\\\/#primaryimage\",\"url\":\"https:\\\/\\\/veloaxe.com\\\/wp-content\\\/uploads\\\/2022\\\/08\\\/1200_1500_30____1__cintre-zipp-vuka-bull-carbone_7441-e1666934664331.jpg\",\"contentUrl\":\"https:\\\/\\\/veloaxe.com\\\/wp-content\\\/uploads\\\/2022\\\/08\\\/1200_1500_30____1__cintre-zipp-vuka-bull-carbone_7441-e1666934664331.jpg\",\"width\":626,\"height\":401,\"caption\":\"Manillar ZIPP vuka bull carbono.\"},{\"@type\":\"BreadcrumbList\",\"@id\":\"https:\\\/\\\/veloaxe.com\\\/producto\\\/manillar-zipp-vuka-bull-carbono-extensiones-zipp-vuka-carbono-negro\\\/#breadcrumb\",\"itemListElement\":[{\"@type\":\"ListItem\",\"position\":1,\"name\":\"Portada\",\"item\":\"https:\\\/\\\/veloaxe.com\\\/\"},{\"@type\":\"ListItem\",\"position\":2,\"name\":\"Shop\",\"item\":\"https:\\\/\\\/paleturquoise-herring-271034.hostingersite.com\\\/shop\\\/\"},{\"@type\":\"ListItem\",\"position\":3,\"name\":\"MANILLAR ZIPP VUKA BULL CARBONO + EXTENSIONES ZIPP VUKA CARBONO &#8211; Negro\"}]},{\"@type\":\"WebSite\",\"@id\":\"https:\\\/\\\/veloaxe.com\\\/#website\",\"url\":\"https:\\\/\\\/veloaxe.com\\\/\",\"name\":\"Tienda de bicicletas | VELOAXE\",\"description\":\"Descubre una amplia selecci\u00f3n de bicicletas de alta calidad, desde modelos urbanos y de monta\u00f1a hasta bicicletas de carretera de \u00faltima generaci\u00f3n. Con un servicio experto y accesorios especializados, estamos comprometidos a brindarte la mejor experiencia ciclista.\",\"publisher\":{\"@id\":\"https:\\\/\\\/veloaxe.com\\\/#organization\"},\"potentialAction\":[{\"@type\":\"SearchAction\",\"target\":{\"@type\":\"EntryPoint\",\"urlTemplate\":\"https:\\\/\\\/veloaxe.com\\\/?s={search_term_string}\"},\"query-input\":{\"@type\":\"PropertyValueSpecification\",\"valueRequired\":true,\"valueName\":\"search_term_string\"}}],\"inLanguage\":\"fr-FR\"},{\"@type\":\"Organization\",\"@id\":\"https:\\\/\\\/veloaxe.com\\\/#organization\",\"name\":\"Tienda de bicicletas | VELOAXE\",\"url\":\"https:\\\/\\\/veloaxe.com\\\/\",\"logo\":{\"@type\":\"ImageObject\",\"inLanguage\":\"fr-FR\",\"@id\":\"https:\\\/\\\/veloaxe.com\\\/#\\\/schema\\\/logo\\\/image\\\/\",\"url\":\"https:\\\/\\\/veloaxe.com\\\/wp-content\\\/uploads\\\/2026\\\/01\\\/cropped-logo-1.jpg\",\"contentUrl\":\"https:\\\/\\\/veloaxe.com\\\/wp-content\\\/uploads\\\/2026\\\/01\\\/cropped-logo-1.jpg\",\"width\":1273,\"height\":363,\"caption\":\"Tienda de bicicletas | VELOAXE\"},\"image\":{\"@id\":\"https:\\\/\\\/veloaxe.com\\\/#\\\/schema\\\/logo\\\/image\\\/\"},\"sameAs\":[\"https:\\\/\\\/www.facebook.com\\\/veloaxe\"]}]}<\/script>\n<!-- \/ Yoast SEO plugin. -->","yoast_head_json":{"title":"MANILLAR ZIPP VUKA BULL CARBONO | VELOAXE.COM","description":"MANILLAR ZIPP VUKA BULL CARBONO + EXTENSIONES ZIPP VUKA - Manillar aerodin\u00e1mico de carbono Zipp para bicicletas de crono o triatl\u00f3n.","robots":{"index":"index","follow":"follow","max-snippet":"max-snippet:-1","max-image-preview":"max-image-preview:large","max-video-preview":"max-video-preview:-1"},"canonical":"https:\/\/veloaxe.com\/fr\/produit\/manillar-zipp-vuka-bull-carbono-extensiones-zipp-vuka-carbono-negro\/","og_locale":"fr_FR","og_type":"article","og_title":"MANILLAR ZIPP VUKA BULL CARBONO | VELOAXE.COM","og_description":"MANILLAR ZIPP VUKA BULL CARBONO + EXTENSIONES ZIPP VUKA - Manillar aerodin\u00e1mico de carbono Zipp para bicicletas de crono o triatl\u00f3n.","og_url":"https:\/\/veloaxe.com\/fr\/produit\/manillar-zipp-vuka-bull-carbono-extensiones-zipp-vuka-carbono-negro\/","og_site_name":"Tienda de bicicletas | VELOAXE","article_publisher":"https:\/\/www.facebook.com\/veloaxe","article_modified_time":"2025-11-06T09:13:58+00:00","og_image":[{"width":626,"height":401,"url":"https:\/\/veloaxe.com\/wp-content\/uploads\/2022\/08\/1200_1500_30____1__cintre-zipp-vuka-bull-carbone_7441-e1666934664331.jpg","type":"image\/jpeg"}],"twitter_card":"summary_large_image","twitter_misc":{"Dur\u00e9e de lecture estim\u00e9e":"1 minute"},"schema":{"@context":"https:\/\/schema.org","@graph":[{"@type":"WebPage","@id":"https:\/\/veloaxe.com\/producto\/manillar-zipp-vuka-bull-carbono-extensiones-zipp-vuka-carbono-negro\/","url":"https:\/\/veloaxe.com\/producto\/manillar-zipp-vuka-bull-carbono-extensiones-zipp-vuka-carbono-negro\/","name":"MANILLAR ZIPP VUKA BULL CARBONO | VELOAXE.COM","isPartOf":{"@id":"https:\/\/veloaxe.com\/#website"},"primaryImageOfPage":{"@id":"https:\/\/veloaxe.com\/producto\/manillar-zipp-vuka-bull-carbono-extensiones-zipp-vuka-carbono-negro\/#primaryimage"},"image":{"@id":"https:\/\/veloaxe.com\/producto\/manillar-zipp-vuka-bull-carbono-extensiones-zipp-vuka-carbono-negro\/#primaryimage"},"thumbnailUrl":"https:\/\/veloaxe.com\/wp-content\/uploads\/2022\/08\/1200_1500_30____1__cintre-zipp-vuka-bull-carbone_7441-e1666934664331.jpg","datePublished":"2022-08-25T17:30:01+00:00","dateModified":"2025-11-06T09:13:58+00:00","description":"MANILLAR ZIPP VUKA BULL CARBONO + EXTENSIONES ZIPP VUKA - Manillar aerodin\u00e1mico de carbono Zipp para bicicletas de crono o triatl\u00f3n.","breadcrumb":{"@id":"https:\/\/veloaxe.com\/producto\/manillar-zipp-vuka-bull-carbono-extensiones-zipp-vuka-carbono-negro\/#breadcrumb"},"inLanguage":"fr-FR","potentialAction":[{"@type":"ReadAction","target":["https:\/\/veloaxe.com\/producto\/manillar-zipp-vuka-bull-carbono-extensiones-zipp-vuka-carbono-negro\/"]}]},{"@type":"ImageObject","inLanguage":"fr-FR","@id":"https:\/\/veloaxe.com\/producto\/manillar-zipp-vuka-bull-carbono-extensiones-zipp-vuka-carbono-negro\/#primaryimage","url":"https:\/\/veloaxe.com\/wp-content\/uploads\/2022\/08\/1200_1500_30____1__cintre-zipp-vuka-bull-carbone_7441-e1666934664331.jpg","contentUrl":"https:\/\/veloaxe.com\/wp-content\/uploads\/2022\/08\/1200_1500_30____1__cintre-zipp-vuka-bull-carbone_7441-e1666934664331.jpg","width":626,"height":401,"caption":"Manillar ZIPP vuka bull carbono."},{"@type":"BreadcrumbList","@id":"https:\/\/veloaxe.com\/producto\/manillar-zipp-vuka-bull-carbono-extensiones-zipp-vuka-carbono-negro\/#breadcrumb","itemListElement":[{"@type":"ListItem","position":1,"name":"Portada","item":"https:\/\/veloaxe.com\/"},{"@type":"ListItem","position":2,"name":"Shop","item":"https:\/\/paleturquoise-herring-271034.hostingersite.com\/shop\/"},{"@type":"ListItem","position":3,"name":"MANILLAR ZIPP VUKA BULL CARBONO + EXTENSIONES ZIPP VUKA CARBONO &#8211; Negro"}]},{"@type":"WebSite","@id":"https:\/\/veloaxe.com\/#website","url":"https:\/\/veloaxe.com\/","name":"Boutique de v\u00e9lo en ligne | VELOAXE","description":"D\u00e9couvrez une large s\u00e9lection de v\u00e9los de haute qualit\u00e9, des mod\u00e8les urbains et de montagne aux v\u00e9los de route de pointe. Avec un service d'experts et des accessoires sp\u00e9cialis\u00e9s, nous nous engageons \u00e0 vous offrir la meilleure exp\u00e9rience de cyclisme.","publisher":{"@id":"https:\/\/veloaxe.com\/#organization"},"potentialAction":[{"@type":"SearchAction","target":{"@type":"EntryPoint","urlTemplate":"https:\/\/veloaxe.com\/?s={search_term_string}"},"query-input":{"@type":"PropertyValueSpecification","valueRequired":true,"valueName":"search_term_string"}}],"inLanguage":"fr-FR"},{"@type":"Organization","@id":"https:\/\/veloaxe.com\/#organization","name":"Boutique de v\u00e9lo en ligne | VELOAXE","url":"https:\/\/veloaxe.com\/","logo":{"@type":"ImageObject","inLanguage":"fr-FR","@id":"https:\/\/veloaxe.com\/#\/schema\/logo\/image\/","url":"https:\/\/veloaxe.com\/wp-content\/uploads\/2026\/01\/cropped-logo-1.jpg","contentUrl":"https:\/\/veloaxe.com\/wp-content\/uploads\/2026\/01\/cropped-logo-1.jpg","width":1273,"height":363,"caption":"Tienda de bicicletas | VELOAXE"},"image":{"@id":"https:\/\/veloaxe.com\/#\/schema\/logo\/image\/"},"sameAs":["https:\/\/www.facebook.com\/veloaxe"]}]}},"_links":{"self":[{"href":"https:\/\/veloaxe.com\/fr\/wp-json\/wp\/v2\/product\/264","targetHints":{"allow":["GET"]}}],"collection":[{"href":"https:\/\/veloaxe.com\/fr\/wp-json\/wp\/v2\/product"}],"about":[{"href":"https:\/\/veloaxe.com\/fr\/wp-json\/wp\/v2\/types\/product"}],"replies":[{"embeddable":true,"href":"https:\/\/veloaxe.com\/fr\/wp-json\/wp\/v2\/comments?post=264"}],"wp:featuredmedia":[{"embeddable":true,"href":"https:\/\/veloaxe.com\/fr\/wp-json\/wp\/v2\/media\/142"}],"wp:attachment":[{"href":"https:\/\/veloaxe.com\/fr\/wp-json\/wp\/v2\/media?parent=264"}],"wp:term":[{"taxonomy":"product_brand","embeddable":true,"href":"https:\/\/veloaxe.com\/fr\/wp-json\/wp\/v2\/product_brand?post=264"},{"taxonomy":"product_cat","embeddable":true,"href":"https:\/\/veloaxe.com\/fr\/wp-json\/wp\/v2\/product_cat?post=264"},{"taxonomy":"product_tag","embeddable":true,"href":"https:\/\/veloaxe.com\/fr\/wp-json\/wp\/v2\/product_tag?post=264"}],"curies":[{"name":"wp","href":"https:\/\/api.w.org\/{rel}","templated":true}]}}