{"id":2662,"date":"2022-08-25T17:41:03","date_gmt":"2022-08-25T17:41:03","guid":{"rendered":"https:\/\/veloaxe.com\/?post_type=product&#038;p=2662"},"modified":"2025-10-21T07:18:11","modified_gmt":"2025-10-21T07:18:11","slug":"casco-cratoni-c-bolt-azul","status":"publish","type":"product","link":"https:\/\/veloaxe.com\/fr\/produit\/casco-cratoni-c-bolt-azul\/","title":{"rendered":"CASCO CRATONI C-BOLT &#8211; AZUL"},"content":{"rendered":"<p>Con el nuevo casco C-BOLT, CRATONI va en busca de ligereza y ventilaci\u00f3n \u00d3PTIMA. Investigaci\u00f3n que logra su OBJETIVO. El casco C-BOLT CRATONI representa el mejor producto entre los cascos de bicicleta. Este casco cuenta con un sistema de ventilaci\u00f3n de alta tecnolog\u00eda, un minucioso sistema de ajuste y una badana CLEAN TEX de alta calidad. Aqu\u00ed tienes un casco de altas prestaciones con la mejor relaci\u00f3n CALIDAD\/PRECIO.<\/p>\n<p>&nbsp;<\/p>\n<p>TECNOLOG\u00cdA :<\/p>\n<p>&#8211; Casco ULTRA LIGERO 210grs<\/p>\n<p>&#8211; LFS &#8211; Sistema de ajuste ligero<\/p>\n<p>&#8211; Tecnolog\u00eda de canales de aire<\/p>\n<p>&#8211; Tecnolog\u00eda Inmold<\/p>\n<p>&#8211; Carcasa inferior<\/p>\n<p>&#8211; Ajuste de altura<\/p>\n<p>-NetPad<\/p>\n<p>&#8211; Ligero<\/p>\n<p>&#8211; Almohadillas Tex limpias<\/p>\n<p>&#8211; Hebilla de clip<\/p>\n<p>&#8211; Correa de la barbilla<\/p>\n<p>&nbsp;<\/p>\n<p>RASGO :<\/p>\n<p>&#8211; 21 ventilaciones<\/p>\n<p>&#8211; Sistema profundo para un ajuste \u00f3ptimo<\/p>\n<p>&#8211; Reflector<\/p>\n<p>&#8211; Correa de espuma<\/p>\n<p>&#8211; Cerradura Steplock con mentonera<\/p>","protected":false},"excerpt":{"rendered":"<p>Con el nuevo casco C-BOLT, CRATONI va en busca de ligereza y ventilaci\u00f3n \u00d3PTIMA. Investigaci\u00f3n que logra su OBJETIVO. El casco C-BOLT CRATONI representa el mejor producto entre los cascos de bicicleta. Este casco cuenta con un sistema de ventilaci\u00f3n de alta tecnolog\u00eda, un minucioso sistema de ajuste y una badana CLEAN TEX de alta [&hellip;]<\/p>\n","protected":false},"featured_media":2645,"comment_status":"open","ping_status":"closed","template":"","meta":[],"product_brand":[],"product_cat":[112,111,144],"product_tag":[],"class_list":{"0":"post-2662","1":"product","2":"type-product","3":"status-publish","4":"has-post-thumbnail","6":"product_cat-casco-de-bicicleta","7":"product_cat-casco-textil","8":"product_cat-casco-carretera","9":"product_shipping_class-no-bicicletas","11":"first","12":"instock","13":"sale","14":"shipping-taxable","15":"purchasable","16":"product-type-variable"},"yoast_head":"<!-- This site is optimized with the Yoast SEO plugin v27.6 - https:\/\/yoast.com\/product\/yoast-seo-wordpress\/ -->\n<title>CASCO CRATONI C-BOLT - AZUL - Tienda de bicicletas | VELOAXE<\/title>\n<meta name=\"description\" content=\"CASCO CARRETERA CRATONI C-BOLT AZUL en VELOAXE.COM por so\u0301lo 70 \u20ac. Env\u00edo desde 4,49 euros, facilidad de pago disponible hasta 12X.\" \/>\n<meta name=\"robots\" content=\"index, follow, max-snippet:-1, max-image-preview:large, max-video-preview:-1\" \/>\n<link rel=\"canonical\" href=\"https:\/\/paleturquoise-herring-271034.hostingersite.com\/producto\/casco-cratoni-c-bolt-azul\/\" \/>\n<meta property=\"og:locale\" content=\"fr_FR\" \/>\n<meta property=\"og:type\" content=\"article\" \/>\n<meta property=\"og:title\" content=\"CASCO CRATONI C-BOLT - AZUL - Tienda de bicicletas | VELOAXE\" \/>\n<meta property=\"og:description\" content=\"CASCO CARRETERA CRATONI C-BOLT AZUL en VELOAXE.COM por so\u0301lo 70 \u20ac. Env\u00edo desde 4,49 euros, facilidad de pago disponible hasta 12X.\" \/>\n<meta property=\"og:url\" content=\"https:\/\/paleturquoise-herring-271034.hostingersite.com\/producto\/casco-cratoni-c-bolt-azul\/\" \/>\n<meta property=\"og:site_name\" content=\"Tienda de bicicletas | VELOAXE\" \/>\n<meta property=\"article:publisher\" content=\"https:\/\/www.facebook.com\/veloaxe\" \/>\n<meta property=\"article:modified_time\" content=\"2025-10-21T07:18:11+00:00\" \/>\n<meta property=\"og:image\" content=\"https:\/\/paleturquoise-herring-271034.hostingersite.com\/wp-content\/uploads\/2022\/08\/1200_1500_27____1__casque-cratoni-bleu-c-bolt_6689-e1678822958920.jpg\" \/>\n\t<meta property=\"og:image:width\" content=\"1200\" \/>\n\t<meta property=\"og:image:height\" content=\"937\" \/>\n\t<meta property=\"og:image:type\" content=\"image\/jpeg\" \/>\n<meta name=\"twitter:card\" content=\"summary_large_image\" \/>\n<meta name=\"twitter:label1\" content=\"Dur\u00e9e de lecture estim\u00e9e\" \/>\n\t<meta name=\"twitter:data1\" content=\"1 minute\" \/>\n<script type=\"application\/ld+json\" class=\"yoast-schema-graph\">{\"@context\":\"https:\\\/\\\/schema.org\",\"@graph\":[{\"@type\":\"WebPage\",\"@id\":\"https:\\\/\\\/paleturquoise-herring-271034.hostingersite.com\\\/producto\\\/casco-cratoni-c-bolt-azul\\\/\",\"url\":\"https:\\\/\\\/paleturquoise-herring-271034.hostingersite.com\\\/producto\\\/casco-cratoni-c-bolt-azul\\\/\",\"name\":\"CASCO CRATONI C-BOLT - AZUL - Tienda de bicicletas | VELOAXE\",\"isPartOf\":{\"@id\":\"https:\\\/\\\/veloaxe.com\\\/#website\"},\"primaryImageOfPage\":{\"@id\":\"https:\\\/\\\/paleturquoise-herring-271034.hostingersite.com\\\/producto\\\/casco-cratoni-c-bolt-azul\\\/#primaryimage\"},\"image\":{\"@id\":\"https:\\\/\\\/paleturquoise-herring-271034.hostingersite.com\\\/producto\\\/casco-cratoni-c-bolt-azul\\\/#primaryimage\"},\"thumbnailUrl\":\"https:\\\/\\\/veloaxe.com\\\/wp-content\\\/uploads\\\/2022\\\/08\\\/1200_1500_27____1__casque-cratoni-bleu-c-bolt_6689-e1678822958920.jpg\",\"datePublished\":\"2022-08-25T17:41:03+00:00\",\"dateModified\":\"2025-10-21T07:18:11+00:00\",\"description\":\"CASCO CARRETERA CRATONI C-BOLT AZUL en VELOAXE.COM por so\u0301lo 70 \u20ac. Env\u00edo desde 4,49 euros, facilidad de pago disponible hasta 12X.\",\"breadcrumb\":{\"@id\":\"https:\\\/\\\/paleturquoise-herring-271034.hostingersite.com\\\/producto\\\/casco-cratoni-c-bolt-azul\\\/#breadcrumb\"},\"inLanguage\":\"fr-FR\",\"potentialAction\":[{\"@type\":\"ReadAction\",\"target\":[\"https:\\\/\\\/paleturquoise-herring-271034.hostingersite.com\\\/producto\\\/casco-cratoni-c-bolt-azul\\\/\"]}]},{\"@type\":\"ImageObject\",\"inLanguage\":\"fr-FR\",\"@id\":\"https:\\\/\\\/paleturquoise-herring-271034.hostingersite.com\\\/producto\\\/casco-cratoni-c-bolt-azul\\\/#primaryimage\",\"url\":\"https:\\\/\\\/veloaxe.com\\\/wp-content\\\/uploads\\\/2022\\\/08\\\/1200_1500_27____1__casque-cratoni-bleu-c-bolt_6689-e1678822958920.jpg\",\"contentUrl\":\"https:\\\/\\\/veloaxe.com\\\/wp-content\\\/uploads\\\/2022\\\/08\\\/1200_1500_27____1__casque-cratoni-bleu-c-bolt_6689-e1678822958920.jpg\",\"width\":1200,\"height\":937,\"caption\":\"casco-cratoni-c-bolt-azul\"},{\"@type\":\"BreadcrumbList\",\"@id\":\"https:\\\/\\\/paleturquoise-herring-271034.hostingersite.com\\\/producto\\\/casco-cratoni-c-bolt-azul\\\/#breadcrumb\",\"itemListElement\":[{\"@type\":\"ListItem\",\"position\":1,\"name\":\"Portada\",\"item\":\"https:\\\/\\\/paleturquoise-herring-271034.hostingersite.com\\\/\"},{\"@type\":\"ListItem\",\"position\":2,\"name\":\"Shop\",\"item\":\"https:\\\/\\\/paleturquoise-herring-271034.hostingersite.com\\\/shop\\\/\"},{\"@type\":\"ListItem\",\"position\":3,\"name\":\"CASCO CRATONI C-BOLT &#8211; AZUL\"}]},{\"@type\":\"WebSite\",\"@id\":\"https:\\\/\\\/veloaxe.com\\\/#website\",\"url\":\"https:\\\/\\\/veloaxe.com\\\/\",\"name\":\"Tienda de bicicletas | VELOAXE\",\"description\":\"Descubre una amplia selecci\u00f3n de bicicletas de alta calidad, desde modelos urbanos y de monta\u00f1a hasta bicicletas de carretera de \u00faltima generaci\u00f3n. Con un servicio experto y accesorios especializados, estamos comprometidos a brindarte la mejor experiencia ciclista.\",\"publisher\":{\"@id\":\"https:\\\/\\\/veloaxe.com\\\/#organization\"},\"potentialAction\":[{\"@type\":\"SearchAction\",\"target\":{\"@type\":\"EntryPoint\",\"urlTemplate\":\"https:\\\/\\\/veloaxe.com\\\/?s={search_term_string}\"},\"query-input\":{\"@type\":\"PropertyValueSpecification\",\"valueRequired\":true,\"valueName\":\"search_term_string\"}}],\"inLanguage\":\"fr-FR\"},{\"@type\":\"Organization\",\"@id\":\"https:\\\/\\\/veloaxe.com\\\/#organization\",\"name\":\"Tienda de bicicletas | VELOAXE\",\"url\":\"https:\\\/\\\/veloaxe.com\\\/\",\"logo\":{\"@type\":\"ImageObject\",\"inLanguage\":\"fr-FR\",\"@id\":\"https:\\\/\\\/veloaxe.com\\\/#\\\/schema\\\/logo\\\/image\\\/\",\"url\":\"https:\\\/\\\/veloaxe.com\\\/wp-content\\\/uploads\\\/2026\\\/01\\\/cropped-logo-1.jpg\",\"contentUrl\":\"https:\\\/\\\/veloaxe.com\\\/wp-content\\\/uploads\\\/2026\\\/01\\\/cropped-logo-1.jpg\",\"width\":1273,\"height\":363,\"caption\":\"Tienda de bicicletas | VELOAXE\"},\"image\":{\"@id\":\"https:\\\/\\\/veloaxe.com\\\/#\\\/schema\\\/logo\\\/image\\\/\"},\"sameAs\":[\"https:\\\/\\\/www.facebook.com\\\/veloaxe\"]}]}<\/script>\n<!-- \/ Yoast SEO plugin. -->","yoast_head_json":{"title":"CASCO CRATONI C-BOLT - AZUL - Tienda de bicicletas | VELOAXE","description":"CASCO CARRETERA CRATONI C-BOLT AZUL en VELOAXE.COM por so\u0301lo 70 \u20ac. Env\u00edo desde 4,49 euros, facilidad de pago disponible hasta 12X.","robots":{"index":"index","follow":"follow","max-snippet":"max-snippet:-1","max-image-preview":"max-image-preview:large","max-video-preview":"max-video-preview:-1"},"canonical":"https:\/\/paleturquoise-herring-271034.hostingersite.com\/producto\/casco-cratoni-c-bolt-azul\/","og_locale":"fr_FR","og_type":"article","og_title":"CASCO CRATONI C-BOLT - AZUL - Tienda de bicicletas | VELOAXE","og_description":"CASCO CARRETERA CRATONI C-BOLT AZUL en VELOAXE.COM por so\u0301lo 70 \u20ac. Env\u00edo desde 4,49 euros, facilidad de pago disponible hasta 12X.","og_url":"https:\/\/paleturquoise-herring-271034.hostingersite.com\/producto\/casco-cratoni-c-bolt-azul\/","og_site_name":"Tienda de bicicletas | VELOAXE","article_publisher":"https:\/\/www.facebook.com\/veloaxe","article_modified_time":"2025-10-21T07:18:11+00:00","og_image":[{"width":1200,"height":937,"url":"https:\/\/paleturquoise-herring-271034.hostingersite.com\/wp-content\/uploads\/2022\/08\/1200_1500_27____1__casque-cratoni-bleu-c-bolt_6689-e1678822958920.jpg","type":"image\/jpeg"}],"twitter_card":"summary_large_image","twitter_misc":{"Dur\u00e9e de lecture estim\u00e9e":"1 minute"},"schema":{"@context":"https:\/\/schema.org","@graph":[{"@type":"WebPage","@id":"https:\/\/paleturquoise-herring-271034.hostingersite.com\/producto\/casco-cratoni-c-bolt-azul\/","url":"https:\/\/paleturquoise-herring-271034.hostingersite.com\/producto\/casco-cratoni-c-bolt-azul\/","name":"CASCO CRATONI C-BOLT - AZUL - Tienda de bicicletas | VELOAXE","isPartOf":{"@id":"https:\/\/veloaxe.com\/#website"},"primaryImageOfPage":{"@id":"https:\/\/paleturquoise-herring-271034.hostingersite.com\/producto\/casco-cratoni-c-bolt-azul\/#primaryimage"},"image":{"@id":"https:\/\/paleturquoise-herring-271034.hostingersite.com\/producto\/casco-cratoni-c-bolt-azul\/#primaryimage"},"thumbnailUrl":"https:\/\/veloaxe.com\/wp-content\/uploads\/2022\/08\/1200_1500_27____1__casque-cratoni-bleu-c-bolt_6689-e1678822958920.jpg","datePublished":"2022-08-25T17:41:03+00:00","dateModified":"2025-10-21T07:18:11+00:00","description":"CASCO CARRETERA CRATONI C-BOLT AZUL en VELOAXE.COM por so\u0301lo 70 \u20ac. Env\u00edo desde 4,49 euros, facilidad de pago disponible hasta 12X.","breadcrumb":{"@id":"https:\/\/paleturquoise-herring-271034.hostingersite.com\/producto\/casco-cratoni-c-bolt-azul\/#breadcrumb"},"inLanguage":"fr-FR","potentialAction":[{"@type":"ReadAction","target":["https:\/\/paleturquoise-herring-271034.hostingersite.com\/producto\/casco-cratoni-c-bolt-azul\/"]}]},{"@type":"ImageObject","inLanguage":"fr-FR","@id":"https:\/\/paleturquoise-herring-271034.hostingersite.com\/producto\/casco-cratoni-c-bolt-azul\/#primaryimage","url":"https:\/\/veloaxe.com\/wp-content\/uploads\/2022\/08\/1200_1500_27____1__casque-cratoni-bleu-c-bolt_6689-e1678822958920.jpg","contentUrl":"https:\/\/veloaxe.com\/wp-content\/uploads\/2022\/08\/1200_1500_27____1__casque-cratoni-bleu-c-bolt_6689-e1678822958920.jpg","width":1200,"height":937,"caption":"casco-cratoni-c-bolt-azul"},{"@type":"BreadcrumbList","@id":"https:\/\/paleturquoise-herring-271034.hostingersite.com\/producto\/casco-cratoni-c-bolt-azul\/#breadcrumb","itemListElement":[{"@type":"ListItem","position":1,"name":"Portada","item":"https:\/\/paleturquoise-herring-271034.hostingersite.com\/"},{"@type":"ListItem","position":2,"name":"Shop","item":"https:\/\/paleturquoise-herring-271034.hostingersite.com\/shop\/"},{"@type":"ListItem","position":3,"name":"CASCO CRATONI C-BOLT &#8211; AZUL"}]},{"@type":"WebSite","@id":"https:\/\/veloaxe.com\/#website","url":"https:\/\/veloaxe.com\/","name":"Boutique de v\u00e9lo en ligne | VELOAXE","description":"Descubre una amplia selecci\u00f3n de bicicletas de alta calidad, desde modelos urbanos y de monta\u00f1a hasta bicicletas de carretera de \u00faltima generaci\u00f3n. Con un servicio experto y accesorios especializados, estamos comprometidos a brindarte la mejor experiencia ciclista.","publisher":{"@id":"https:\/\/veloaxe.com\/#organization"},"potentialAction":[{"@type":"SearchAction","target":{"@type":"EntryPoint","urlTemplate":"https:\/\/veloaxe.com\/?s={search_term_string}"},"query-input":{"@type":"PropertyValueSpecification","valueRequired":true,"valueName":"search_term_string"}}],"inLanguage":"fr-FR"},{"@type":"Organization","@id":"https:\/\/veloaxe.com\/#organization","name":"Boutique de v\u00e9lo en ligne | VELOAXE","url":"https:\/\/veloaxe.com\/","logo":{"@type":"ImageObject","inLanguage":"fr-FR","@id":"https:\/\/veloaxe.com\/#\/schema\/logo\/image\/","url":"https:\/\/veloaxe.com\/wp-content\/uploads\/2026\/01\/cropped-logo-1.jpg","contentUrl":"https:\/\/veloaxe.com\/wp-content\/uploads\/2026\/01\/cropped-logo-1.jpg","width":1273,"height":363,"caption":"Tienda de bicicletas | VELOAXE"},"image":{"@id":"https:\/\/veloaxe.com\/#\/schema\/logo\/image\/"},"sameAs":["https:\/\/www.facebook.com\/veloaxe"]}]}},"_links":{"self":[{"href":"https:\/\/veloaxe.com\/fr\/wp-json\/wp\/v2\/product\/2662","targetHints":{"allow":["GET"]}}],"collection":[{"href":"https:\/\/veloaxe.com\/fr\/wp-json\/wp\/v2\/product"}],"about":[{"href":"https:\/\/veloaxe.com\/fr\/wp-json\/wp\/v2\/types\/product"}],"replies":[{"embeddable":true,"href":"https:\/\/veloaxe.com\/fr\/wp-json\/wp\/v2\/comments?post=2662"}],"wp:featuredmedia":[{"embeddable":true,"href":"https:\/\/veloaxe.com\/fr\/wp-json\/wp\/v2\/media\/2645"}],"wp:attachment":[{"href":"https:\/\/veloaxe.com\/fr\/wp-json\/wp\/v2\/media?parent=2662"}],"wp:term":[{"taxonomy":"product_brand","embeddable":true,"href":"https:\/\/veloaxe.com\/fr\/wp-json\/wp\/v2\/product_brand?post=2662"},{"taxonomy":"product_cat","embeddable":true,"href":"https:\/\/veloaxe.com\/fr\/wp-json\/wp\/v2\/product_cat?post=2662"},{"taxonomy":"product_tag","embeddable":true,"href":"https:\/\/veloaxe.com\/fr\/wp-json\/wp\/v2\/product_tag?post=2662"}],"curies":[{"name":"wp","href":"https:\/\/api.w.org\/{rel}","templated":true}]}}