{"id":2708,"date":"2022-08-25T17:41:15","date_gmt":"2022-08-25T17:41:15","guid":{"rendered":"https:\/\/veloaxe.com\/?post_type=product&#038;p=2708"},"modified":"2025-10-21T06:53:02","modified_gmt":"2025-10-21T06:53:02","slug":"casque-suomy-gun-wind-team-lampre-merida","status":"publish","type":"product","link":"https:\/\/veloaxe.com\/fr\/produit\/casque-suomy-gun-wind-team-lampre-merida\/","title":{"rendered":"CASCO SUOMY GUN WIND Team LAMPRE MERIDA &#8211; Rosa Fluo"},"content":{"rendered":"<p><!-- DESCRIPTION --><\/p>\n<div id=\"description\" class=\"tab-pane fade in active\" style=\"background-color: #fff; padding: 10px;\" role=\"tabpanel\">\n<p>El casco<strong> SUOMY GUN WIND<\/strong> marca la entrada triunfal de SUOMY en el mundo del ciclismo. 100% MADE IN ITALY, toda la experiencia adquirida depositada en este producto ha generado un nuevo aire en el sector del ciclismo, especialmente con la colaboraci\u00f3n de los equipos UCI LAMPRE MERIDA y TEAM COFIDIS. T\u00e9cnicamente, con calota de resina termopl\u00e1stica compuesta, tiene la innovaci\u00f3n de crear una cavidad superventilada entre la cabeza y el casco. El casco SUOMY GUN WIND dispone de un nuevo sistema de ajuste para una sujeci\u00f3n \u00d3PTIMA en competici\u00f3n u ocio.<\/p>\n<p>&#8211; Casco ULTRA LIGERO 230grs<\/p>\n<p>&#8211; Tejido ANTIBACTERIANO<\/p>\n<p>&#8211; Espuma ANTI-OLOR<\/p>\n<p>&#8211; Ventilaci\u00f3n AERODIN\u00c1MICA<\/p>\n<p>&nbsp;<\/p>\n<\/div>","protected":false},"excerpt":{"rendered":"<p>El casco SUOMY GUN WIND marca la entrada triunfal de SUOMY en el mundo del ciclismo. 100% MADE IN ITALY, toda la experiencia adquirida depositada en este producto ha generado un nuevo aire en el sector del ciclismo, especialmente con la colaboraci\u00f3n de los equipos UCI LAMPRE MERIDA y TEAM COFIDIS. T\u00e9cnicamente, con calota de [&hellip;]<\/p>\n","protected":false},"featured_media":2646,"comment_status":"open","ping_status":"closed","template":"","meta":[],"product_brand":[],"product_cat":[112,111,144],"product_tag":[],"class_list":{"0":"post-2708","1":"product","2":"type-product","3":"status-publish","4":"has-post-thumbnail","6":"product_cat-casco-de-bicicleta","7":"product_cat-casco-textil","8":"product_cat-casco-carretera","9":"product_shipping_class-no-bicicletas","11":"first","12":"instock","13":"sale","14":"shipping-taxable","15":"purchasable","16":"product-type-variable"},"yoast_head":"<!-- This site is optimized with the Yoast SEO plugin v27.6 - https:\/\/yoast.com\/product\/yoast-seo-wordpress\/ -->\n<title>CASCO SUOMY GUN WIND LAMPRE MERIDA - VELOAXE.COM<\/title>\n<meta name=\"description\" content=\"CASCO SUOMY GUN WIND TEAM LAMPRE MERDIA en VELOAXE.COM por so\u0301lo 99 \u20ac. Env\u00edo desde 4,49 euros, facilidad de pago disponible hasta 12X.\" \/>\n<meta name=\"robots\" content=\"index, follow, max-snippet:-1, max-image-preview:large, max-video-preview:-1\" \/>\n<link rel=\"canonical\" href=\"https:\/\/veloaxe.com\/fr\/produit\/casque-suomy-gun-wind-team-lampre-merida\/\" \/>\n<meta property=\"og:locale\" content=\"fr_FR\" \/>\n<meta property=\"og:type\" content=\"article\" \/>\n<meta property=\"og:title\" content=\"CASCO SUOMY GUN WIND LAMPRE MERIDA - VELOAXE.COM\" \/>\n<meta property=\"og:description\" content=\"CASCO SUOMY GUN WIND TEAM LAMPRE MERDIA en VELOAXE.COM por so\u0301lo 99 \u20ac. Env\u00edo desde 4,49 euros, facilidad de pago disponible hasta 12X.\" \/>\n<meta property=\"og:url\" content=\"https:\/\/veloaxe.com\/fr\/produit\/casque-suomy-gun-wind-team-lampre-merida\/\" \/>\n<meta property=\"og:site_name\" content=\"Tienda de bicicletas | VELOAXE\" \/>\n<meta property=\"article:publisher\" content=\"https:\/\/www.facebook.com\/veloaxe\" \/>\n<meta property=\"article:modified_time\" content=\"2025-10-21T06:53:02+00:00\" \/>\n<meta property=\"og:image\" content=\"https:\/\/veloaxe.com\/wp-content\/uploads\/2022\/08\/1200_1500_50____1__casque-suomy-lampre-merida_5366-e1678819838653.jpg\" \/>\n\t<meta property=\"og:image:width\" content=\"1200\" \/>\n\t<meta property=\"og:image:height\" content=\"1207\" \/>\n\t<meta property=\"og:image:type\" content=\"image\/jpeg\" \/>\n<meta name=\"twitter:card\" content=\"summary_large_image\" \/>\n<meta name=\"twitter:label1\" content=\"Dur\u00e9e de lecture estim\u00e9e\" \/>\n\t<meta name=\"twitter:data1\" content=\"1 minute\" \/>\n<script type=\"application\/ld+json\" class=\"yoast-schema-graph\">{\"@context\":\"https:\\\/\\\/schema.org\",\"@graph\":[{\"@type\":\"WebPage\",\"@id\":\"https:\\\/\\\/veloaxe.com\\\/producto\\\/casque-suomy-gun-wind-team-lampre-merida\\\/\",\"url\":\"https:\\\/\\\/veloaxe.com\\\/producto\\\/casque-suomy-gun-wind-team-lampre-merida\\\/\",\"name\":\"CASCO SUOMY GUN WIND LAMPRE MERIDA - VELOAXE.COM\",\"isPartOf\":{\"@id\":\"https:\\\/\\\/veloaxe.com\\\/#website\"},\"primaryImageOfPage\":{\"@id\":\"https:\\\/\\\/veloaxe.com\\\/producto\\\/casque-suomy-gun-wind-team-lampre-merida\\\/#primaryimage\"},\"image\":{\"@id\":\"https:\\\/\\\/veloaxe.com\\\/producto\\\/casque-suomy-gun-wind-team-lampre-merida\\\/#primaryimage\"},\"thumbnailUrl\":\"https:\\\/\\\/veloaxe.com\\\/wp-content\\\/uploads\\\/2022\\\/08\\\/1200_1500_50____1__casque-suomy-lampre-merida_5366-e1678819838653.jpg\",\"datePublished\":\"2022-08-25T17:41:15+00:00\",\"dateModified\":\"2025-10-21T06:53:02+00:00\",\"description\":\"CASCO SUOMY GUN WIND TEAM LAMPRE MERDIA en VELOAXE.COM por so\u0301lo 99 \u20ac. Env\u00edo desde 4,49 euros, facilidad de pago disponible hasta 12X.\",\"breadcrumb\":{\"@id\":\"https:\\\/\\\/veloaxe.com\\\/producto\\\/casque-suomy-gun-wind-team-lampre-merida\\\/#breadcrumb\"},\"inLanguage\":\"fr-FR\",\"potentialAction\":[{\"@type\":\"ReadAction\",\"target\":[\"https:\\\/\\\/veloaxe.com\\\/producto\\\/casque-suomy-gun-wind-team-lampre-merida\\\/\"]}]},{\"@type\":\"ImageObject\",\"inLanguage\":\"fr-FR\",\"@id\":\"https:\\\/\\\/veloaxe.com\\\/producto\\\/casque-suomy-gun-wind-team-lampre-merida\\\/#primaryimage\",\"url\":\"https:\\\/\\\/veloaxe.com\\\/wp-content\\\/uploads\\\/2022\\\/08\\\/1200_1500_50____1__casque-suomy-lampre-merida_5366-e1678819838653.jpg\",\"contentUrl\":\"https:\\\/\\\/veloaxe.com\\\/wp-content\\\/uploads\\\/2022\\\/08\\\/1200_1500_50____1__casque-suomy-lampre-merida_5366-e1678819838653.jpg\",\"width\":1200,\"height\":1207,\"caption\":\"casco-suomy-gun-wind-lampre-merida\"},{\"@type\":\"BreadcrumbList\",\"@id\":\"https:\\\/\\\/veloaxe.com\\\/producto\\\/casque-suomy-gun-wind-team-lampre-merida\\\/#breadcrumb\",\"itemListElement\":[{\"@type\":\"ListItem\",\"position\":1,\"name\":\"Portada\",\"item\":\"https:\\\/\\\/paleturquoise-herring-271034.hostingersite.com\\\/\"},{\"@type\":\"ListItem\",\"position\":2,\"name\":\"Shop\",\"item\":\"https:\\\/\\\/paleturquoise-herring-271034.hostingersite.com\\\/shop\\\/\"},{\"@type\":\"ListItem\",\"position\":3,\"name\":\"CASCO SUOMY GUN WIND Team LAMPRE MERIDA &#8211; Rosa Fluo\"}]},{\"@type\":\"WebSite\",\"@id\":\"https:\\\/\\\/veloaxe.com\\\/#website\",\"url\":\"https:\\\/\\\/veloaxe.com\\\/\",\"name\":\"Tienda de bicicletas | VELOAXE\",\"description\":\"Descubre una amplia selecci\u00f3n de bicicletas de alta calidad, desde modelos urbanos y de monta\u00f1a hasta bicicletas de carretera de \u00faltima generaci\u00f3n. Con un servicio experto y accesorios especializados, estamos comprometidos a brindarte la mejor experiencia ciclista.\",\"publisher\":{\"@id\":\"https:\\\/\\\/veloaxe.com\\\/#organization\"},\"potentialAction\":[{\"@type\":\"SearchAction\",\"target\":{\"@type\":\"EntryPoint\",\"urlTemplate\":\"https:\\\/\\\/veloaxe.com\\\/?s={search_term_string}\"},\"query-input\":{\"@type\":\"PropertyValueSpecification\",\"valueRequired\":true,\"valueName\":\"search_term_string\"}}],\"inLanguage\":\"fr-FR\"},{\"@type\":\"Organization\",\"@id\":\"https:\\\/\\\/veloaxe.com\\\/#organization\",\"name\":\"Tienda de bicicletas | VELOAXE\",\"url\":\"https:\\\/\\\/veloaxe.com\\\/\",\"logo\":{\"@type\":\"ImageObject\",\"inLanguage\":\"fr-FR\",\"@id\":\"https:\\\/\\\/veloaxe.com\\\/#\\\/schema\\\/logo\\\/image\\\/\",\"url\":\"https:\\\/\\\/veloaxe.com\\\/wp-content\\\/uploads\\\/2026\\\/01\\\/cropped-logo-1.jpg\",\"contentUrl\":\"https:\\\/\\\/veloaxe.com\\\/wp-content\\\/uploads\\\/2026\\\/01\\\/cropped-logo-1.jpg\",\"width\":1273,\"height\":363,\"caption\":\"Tienda de bicicletas | VELOAXE\"},\"image\":{\"@id\":\"https:\\\/\\\/veloaxe.com\\\/#\\\/schema\\\/logo\\\/image\\\/\"},\"sameAs\":[\"https:\\\/\\\/www.facebook.com\\\/veloaxe\"]}]}<\/script>\n<!-- \/ Yoast SEO plugin. -->","yoast_head_json":{"title":"CASCO SUOMY GUN WIND LAMPRE MERIDA - VELOAXE.COM","description":"CASCO SUOMY GUN WIND TEAM LAMPRE MERDIA en VELOAXE.COM por so\u0301lo 99 \u20ac. Env\u00edo desde 4,49 euros, facilidad de pago disponible hasta 12X.","robots":{"index":"index","follow":"follow","max-snippet":"max-snippet:-1","max-image-preview":"max-image-preview:large","max-video-preview":"max-video-preview:-1"},"canonical":"https:\/\/veloaxe.com\/fr\/produit\/casque-suomy-gun-wind-team-lampre-merida\/","og_locale":"fr_FR","og_type":"article","og_title":"CASCO SUOMY GUN WIND LAMPRE MERIDA - VELOAXE.COM","og_description":"CASCO SUOMY GUN WIND TEAM LAMPRE MERDIA en VELOAXE.COM por so\u0301lo 99 \u20ac. Env\u00edo desde 4,49 euros, facilidad de pago disponible hasta 12X.","og_url":"https:\/\/veloaxe.com\/fr\/produit\/casque-suomy-gun-wind-team-lampre-merida\/","og_site_name":"Tienda de bicicletas | VELOAXE","article_publisher":"https:\/\/www.facebook.com\/veloaxe","article_modified_time":"2025-10-21T06:53:02+00:00","og_image":[{"width":1200,"height":1207,"url":"https:\/\/veloaxe.com\/wp-content\/uploads\/2022\/08\/1200_1500_50____1__casque-suomy-lampre-merida_5366-e1678819838653.jpg","type":"image\/jpeg"}],"twitter_card":"summary_large_image","twitter_misc":{"Dur\u00e9e de lecture estim\u00e9e":"1 minute"},"schema":{"@context":"https:\/\/schema.org","@graph":[{"@type":"WebPage","@id":"https:\/\/veloaxe.com\/producto\/casque-suomy-gun-wind-team-lampre-merida\/","url":"https:\/\/veloaxe.com\/producto\/casque-suomy-gun-wind-team-lampre-merida\/","name":"CASCO SUOMY GUN WIND LAMPRE MERIDA - VELOAXE.COM","isPartOf":{"@id":"https:\/\/veloaxe.com\/#website"},"primaryImageOfPage":{"@id":"https:\/\/veloaxe.com\/producto\/casque-suomy-gun-wind-team-lampre-merida\/#primaryimage"},"image":{"@id":"https:\/\/veloaxe.com\/producto\/casque-suomy-gun-wind-team-lampre-merida\/#primaryimage"},"thumbnailUrl":"https:\/\/veloaxe.com\/wp-content\/uploads\/2022\/08\/1200_1500_50____1__casque-suomy-lampre-merida_5366-e1678819838653.jpg","datePublished":"2022-08-25T17:41:15+00:00","dateModified":"2025-10-21T06:53:02+00:00","description":"CASCO SUOMY GUN WIND TEAM LAMPRE MERDIA en VELOAXE.COM por so\u0301lo 99 \u20ac. Env\u00edo desde 4,49 euros, facilidad de pago disponible hasta 12X.","breadcrumb":{"@id":"https:\/\/veloaxe.com\/producto\/casque-suomy-gun-wind-team-lampre-merida\/#breadcrumb"},"inLanguage":"fr-FR","potentialAction":[{"@type":"ReadAction","target":["https:\/\/veloaxe.com\/producto\/casque-suomy-gun-wind-team-lampre-merida\/"]}]},{"@type":"ImageObject","inLanguage":"fr-FR","@id":"https:\/\/veloaxe.com\/producto\/casque-suomy-gun-wind-team-lampre-merida\/#primaryimage","url":"https:\/\/veloaxe.com\/wp-content\/uploads\/2022\/08\/1200_1500_50____1__casque-suomy-lampre-merida_5366-e1678819838653.jpg","contentUrl":"https:\/\/veloaxe.com\/wp-content\/uploads\/2022\/08\/1200_1500_50____1__casque-suomy-lampre-merida_5366-e1678819838653.jpg","width":1200,"height":1207,"caption":"casco-suomy-gun-wind-lampre-merida"},{"@type":"BreadcrumbList","@id":"https:\/\/veloaxe.com\/producto\/casque-suomy-gun-wind-team-lampre-merida\/#breadcrumb","itemListElement":[{"@type":"ListItem","position":1,"name":"Portada","item":"https:\/\/paleturquoise-herring-271034.hostingersite.com\/"},{"@type":"ListItem","position":2,"name":"Shop","item":"https:\/\/paleturquoise-herring-271034.hostingersite.com\/shop\/"},{"@type":"ListItem","position":3,"name":"CASCO SUOMY GUN WIND Team LAMPRE MERIDA &#8211; Rosa Fluo"}]},{"@type":"WebSite","@id":"https:\/\/veloaxe.com\/#website","url":"https:\/\/veloaxe.com\/","name":"Boutique de v\u00e9lo en ligne | VELOAXE","description":"Descubre una amplia selecci\u00f3n de bicicletas de alta calidad, desde modelos urbanos y de monta\u00f1a hasta bicicletas de carretera de \u00faltima generaci\u00f3n. Con un servicio experto y accesorios especializados, estamos comprometidos a brindarte la mejor experiencia ciclista.","publisher":{"@id":"https:\/\/veloaxe.com\/#organization"},"potentialAction":[{"@type":"SearchAction","target":{"@type":"EntryPoint","urlTemplate":"https:\/\/veloaxe.com\/?s={search_term_string}"},"query-input":{"@type":"PropertyValueSpecification","valueRequired":true,"valueName":"search_term_string"}}],"inLanguage":"fr-FR"},{"@type":"Organization","@id":"https:\/\/veloaxe.com\/#organization","name":"Boutique de v\u00e9lo en ligne | VELOAXE","url":"https:\/\/veloaxe.com\/","logo":{"@type":"ImageObject","inLanguage":"fr-FR","@id":"https:\/\/veloaxe.com\/#\/schema\/logo\/image\/","url":"https:\/\/veloaxe.com\/wp-content\/uploads\/2026\/01\/cropped-logo-1.jpg","contentUrl":"https:\/\/veloaxe.com\/wp-content\/uploads\/2026\/01\/cropped-logo-1.jpg","width":1273,"height":363,"caption":"Tienda de bicicletas | VELOAXE"},"image":{"@id":"https:\/\/veloaxe.com\/#\/schema\/logo\/image\/"},"sameAs":["https:\/\/www.facebook.com\/veloaxe"]}]}},"_links":{"self":[{"href":"https:\/\/veloaxe.com\/fr\/wp-json\/wp\/v2\/product\/2708","targetHints":{"allow":["GET"]}}],"collection":[{"href":"https:\/\/veloaxe.com\/fr\/wp-json\/wp\/v2\/product"}],"about":[{"href":"https:\/\/veloaxe.com\/fr\/wp-json\/wp\/v2\/types\/product"}],"replies":[{"embeddable":true,"href":"https:\/\/veloaxe.com\/fr\/wp-json\/wp\/v2\/comments?post=2708"}],"wp:featuredmedia":[{"embeddable":true,"href":"https:\/\/veloaxe.com\/fr\/wp-json\/wp\/v2\/media\/2646"}],"wp:attachment":[{"href":"https:\/\/veloaxe.com\/fr\/wp-json\/wp\/v2\/media?parent=2708"}],"wp:term":[{"taxonomy":"product_brand","embeddable":true,"href":"https:\/\/veloaxe.com\/fr\/wp-json\/wp\/v2\/product_brand?post=2708"},{"taxonomy":"product_cat","embeddable":true,"href":"https:\/\/veloaxe.com\/fr\/wp-json\/wp\/v2\/product_cat?post=2708"},{"taxonomy":"product_tag","embeddable":true,"href":"https:\/\/veloaxe.com\/fr\/wp-json\/wp\/v2\/product_tag?post=2708"}],"curies":[{"name":"wp","href":"https:\/\/api.w.org\/{rel}","templated":true}]}}