{"id":3061,"date":"2022-08-25T17:42:43","date_gmt":"2022-08-25T17:42:43","guid":{"rendered":"https:\/\/veloaxe.com\/?post_type=product&#038;p=3061"},"modified":"2025-10-13T10:02:19","modified_gmt":"2025-10-13T10:02:19","slug":"ropa-tecnica-biotex-technotrans-warm-manga-corta-blanco","status":"publish","type":"product","link":"https:\/\/veloaxe.com\/fr\/produit\/ropa-tecnica-biotex-technotrans-warm-manga-corta-blanco\/","title":{"rendered":"Ropa Tecnica BIOTEX TECHNOTRANS WARM Manga Corta &#8211; blanco"},"content":{"rendered":"<p><!-- DESCRIPTION --><\/p>\n<div id=\"description\" class=\"tab-pane fade in active\" style=\"background-color: #fff; padding: 10px;\" role=\"tabpanel\">\n<p>El maillot <strong>BIOTEX TECHNOTRANS WARM<\/strong> es una camiseta T\u00c9RMICA en tejido<strong> BICOUCHE TECHNOTRANS ANTIBACTERIAL<\/strong>. La parte interior de polipropileno garantiza la evacuaci\u00f3n del sudor mientras que el exterior de algod\u00f3n retiene el calor. Esta tecnolog\u00eda particular permite hacer frente a condiciones muy desfavorables (HASTA +0\u00b0) manteniendo el cuerpo caliente. Adem\u00e1s, aporta CONFORT gracias a la suavidad del tejido. Esta prenda es adecuada para todos los deportes al aire libre o se puede usar en la vida cotidiana como ropa interior. El maillot BIOTEX TECHNOTRANS es ideal para una temperatura de +0\u00b0 a +25 grados.<\/p>\n<p>LA CAMISETA ES:<\/p>\n<p>&#8211; ERGON\u00d3MICO<\/p>\n<p>&#8211; SIN COSTURA<\/p>\n<p>&#8211; ROPA INTERIOR CALIENTE<\/p>\n<p>&#8211; ELIMINA LA TRANSPIRACI\u00d3N<\/p>\n<p>&#8211; RECHAZA LA HUMEDAD<\/p>\n<p>&nbsp;<\/p>\n<\/div>","protected":false},"excerpt":{"rendered":"<p>El maillot BIOTEX TECHNOTRANS WARM es una camiseta T\u00c9RMICA en tejido BICOUCHE TECHNOTRANS ANTIBACTERIAL. La parte interior de polipropileno garantiza la evacuaci\u00f3n del sudor mientras que el exterior de algod\u00f3n retiene el calor. Esta tecnolog\u00eda particular permite hacer frente a condiciones muy desfavorables (HASTA +0\u00b0) manteniendo el cuerpo caliente. Adem\u00e1s, aporta CONFORT gracias a la [&hellip;]<\/p>\n","protected":false},"featured_media":2989,"comment_status":"open","ping_status":"closed","template":"","meta":[],"product_brand":[],"product_cat":[111,114,152],"product_tag":[],"class_list":{"0":"post-3061","1":"product","2":"type-product","3":"status-publish","4":"has-post-thumbnail","6":"product_cat-casco-textil","7":"product_cat-ropa-de-ciclismo","8":"product_cat-ropa-tecnica-para-ciclista-biotex","9":"product_shipping_class-no-bicicletas","11":"first","12":"instock","13":"sale","14":"shipping-taxable","15":"purchasable","16":"product-type-variable"},"yoast_head":"<!-- This site is optimized with the Yoast SEO plugin v27.6 - https:\/\/yoast.com\/product\/yoast-seo-wordpress\/ -->\n<title>ROPA TECNICA BIOTEX TECHNOTRANS - VELOAXE.COM<\/title>\n<meta name=\"description\" content=\"ROPA TECNICA BIOTEX TECHNOTRANS WARM MANGA CORTA BLANCO en VELOAXE.COM por so\u0301lo 39,99 \u20ac. Env\u00edo desde 4,49 euros, facilidad de pago disponible hasta 12X.\" \/>\n<meta name=\"robots\" content=\"index, follow, max-snippet:-1, max-image-preview:large, max-video-preview:-1\" \/>\n<link rel=\"canonical\" href=\"https:\/\/veloaxe.com\/fr\/produit\/ropa-tecnica-biotex-technotrans-warm-manga-corta-blanco\/\" \/>\n<meta property=\"og:locale\" content=\"fr_FR\" \/>\n<meta property=\"og:type\" content=\"article\" \/>\n<meta property=\"og:title\" content=\"ROPA TECNICA BIOTEX TECHNOTRANS - VELOAXE.COM\" \/>\n<meta property=\"og:description\" content=\"ROPA TECNICA BIOTEX TECHNOTRANS WARM MANGA CORTA BLANCO en VELOAXE.COM por so\u0301lo 39,99 \u20ac. Env\u00edo desde 4,49 euros, facilidad de pago disponible hasta 12X.\" \/>\n<meta property=\"og:url\" content=\"https:\/\/veloaxe.com\/fr\/produit\/ropa-tecnica-biotex-technotrans-warm-manga-corta-blanco\/\" \/>\n<meta property=\"og:site_name\" content=\"Tienda de bicicletas | VELOAXE\" \/>\n<meta property=\"article:publisher\" content=\"https:\/\/www.facebook.com\/veloaxe\" \/>\n<meta property=\"article:modified_time\" content=\"2025-10-13T10:02:19+00:00\" \/>\n<meta property=\"og:image\" content=\"https:\/\/veloaxe.com\/wp-content\/uploads\/2022\/08\/1200_1500_27____1__biotex-bike_4543-e1678728397375.jpg\" \/>\n\t<meta property=\"og:image:width\" content=\"907\" \/>\n\t<meta property=\"og:image:height\" content=\"1222\" \/>\n\t<meta property=\"og:image:type\" content=\"image\/jpeg\" \/>\n<meta name=\"twitter:card\" content=\"summary_large_image\" \/>\n<meta name=\"twitter:label1\" content=\"Dur\u00e9e de lecture estim\u00e9e\" \/>\n\t<meta name=\"twitter:data1\" content=\"1 minute\" \/>\n<script type=\"application\/ld+json\" class=\"yoast-schema-graph\">{\"@context\":\"https:\\\/\\\/schema.org\",\"@graph\":[{\"@type\":\"WebPage\",\"@id\":\"https:\\\/\\\/veloaxe.com\\\/producto\\\/ropa-tecnica-biotex-technotrans-warm-manga-corta-blanco\\\/\",\"url\":\"https:\\\/\\\/veloaxe.com\\\/producto\\\/ropa-tecnica-biotex-technotrans-warm-manga-corta-blanco\\\/\",\"name\":\"ROPA TECNICA BIOTEX TECHNOTRANS - VELOAXE.COM\",\"isPartOf\":{\"@id\":\"https:\\\/\\\/veloaxe.com\\\/#website\"},\"primaryImageOfPage\":{\"@id\":\"https:\\\/\\\/veloaxe.com\\\/producto\\\/ropa-tecnica-biotex-technotrans-warm-manga-corta-blanco\\\/#primaryimage\"},\"image\":{\"@id\":\"https:\\\/\\\/veloaxe.com\\\/producto\\\/ropa-tecnica-biotex-technotrans-warm-manga-corta-blanco\\\/#primaryimage\"},\"thumbnailUrl\":\"https:\\\/\\\/veloaxe.com\\\/wp-content\\\/uploads\\\/2022\\\/08\\\/1200_1500_27____1__biotex-bike_4543-e1678728397375.jpg\",\"datePublished\":\"2022-08-25T17:42:43+00:00\",\"dateModified\":\"2025-10-13T10:02:19+00:00\",\"description\":\"ROPA TECNICA BIOTEX TECHNOTRANS WARM MANGA CORTA BLANCO en VELOAXE.COM por so\u0301lo 39,99 \u20ac. Env\u00edo desde 4,49 euros, facilidad de pago disponible hasta 12X.\",\"breadcrumb\":{\"@id\":\"https:\\\/\\\/veloaxe.com\\\/producto\\\/ropa-tecnica-biotex-technotrans-warm-manga-corta-blanco\\\/#breadcrumb\"},\"inLanguage\":\"fr-FR\",\"potentialAction\":[{\"@type\":\"ReadAction\",\"target\":[\"https:\\\/\\\/veloaxe.com\\\/producto\\\/ropa-tecnica-biotex-technotrans-warm-manga-corta-blanco\\\/\"]}]},{\"@type\":\"ImageObject\",\"inLanguage\":\"fr-FR\",\"@id\":\"https:\\\/\\\/veloaxe.com\\\/producto\\\/ropa-tecnica-biotex-technotrans-warm-manga-corta-blanco\\\/#primaryimage\",\"url\":\"https:\\\/\\\/veloaxe.com\\\/wp-content\\\/uploads\\\/2022\\\/08\\\/1200_1500_27____1__biotex-bike_4543-e1678728397375.jpg\",\"contentUrl\":\"https:\\\/\\\/veloaxe.com\\\/wp-content\\\/uploads\\\/2022\\\/08\\\/1200_1500_27____1__biotex-bike_4543-e1678728397375.jpg\",\"width\":907,\"height\":1222,\"caption\":\"ropa-tecnica-biotex-para-ciclista\"},{\"@type\":\"BreadcrumbList\",\"@id\":\"https:\\\/\\\/veloaxe.com\\\/producto\\\/ropa-tecnica-biotex-technotrans-warm-manga-corta-blanco\\\/#breadcrumb\",\"itemListElement\":[{\"@type\":\"ListItem\",\"position\":1,\"name\":\"Portada\",\"item\":\"https:\\\/\\\/paleturquoise-herring-271034.hostingersite.com\\\/\"},{\"@type\":\"ListItem\",\"position\":2,\"name\":\"Shop\",\"item\":\"https:\\\/\\\/paleturquoise-herring-271034.hostingersite.com\\\/shop\\\/\"},{\"@type\":\"ListItem\",\"position\":3,\"name\":\"Ropa Tecnica BIOTEX TECHNOTRANS WARM Manga Corta &#8211; blanco\"}]},{\"@type\":\"WebSite\",\"@id\":\"https:\\\/\\\/veloaxe.com\\\/#website\",\"url\":\"https:\\\/\\\/veloaxe.com\\\/\",\"name\":\"Tienda de bicicletas | VELOAXE\",\"description\":\"Descubre una amplia selecci\u00f3n de bicicletas de alta calidad, desde modelos urbanos y de monta\u00f1a hasta bicicletas de carretera de \u00faltima generaci\u00f3n. Con un servicio experto y accesorios especializados, estamos comprometidos a brindarte la mejor experiencia ciclista.\",\"publisher\":{\"@id\":\"https:\\\/\\\/veloaxe.com\\\/#organization\"},\"potentialAction\":[{\"@type\":\"SearchAction\",\"target\":{\"@type\":\"EntryPoint\",\"urlTemplate\":\"https:\\\/\\\/veloaxe.com\\\/?s={search_term_string}\"},\"query-input\":{\"@type\":\"PropertyValueSpecification\",\"valueRequired\":true,\"valueName\":\"search_term_string\"}}],\"inLanguage\":\"fr-FR\"},{\"@type\":\"Organization\",\"@id\":\"https:\\\/\\\/veloaxe.com\\\/#organization\",\"name\":\"Tienda de bicicletas | VELOAXE\",\"url\":\"https:\\\/\\\/veloaxe.com\\\/\",\"logo\":{\"@type\":\"ImageObject\",\"inLanguage\":\"fr-FR\",\"@id\":\"https:\\\/\\\/veloaxe.com\\\/#\\\/schema\\\/logo\\\/image\\\/\",\"url\":\"https:\\\/\\\/veloaxe.com\\\/wp-content\\\/uploads\\\/2026\\\/01\\\/cropped-logo-1.jpg\",\"contentUrl\":\"https:\\\/\\\/veloaxe.com\\\/wp-content\\\/uploads\\\/2026\\\/01\\\/cropped-logo-1.jpg\",\"width\":1273,\"height\":363,\"caption\":\"Tienda de bicicletas | VELOAXE\"},\"image\":{\"@id\":\"https:\\\/\\\/veloaxe.com\\\/#\\\/schema\\\/logo\\\/image\\\/\"},\"sameAs\":[\"https:\\\/\\\/www.facebook.com\\\/veloaxe\"]}]}<\/script>\n<!-- \/ Yoast SEO plugin. -->","yoast_head_json":{"title":"ROPA TECNICA BIOTEX TECHNOTRANS - VELOAXE.COM","description":"ROPA TECNICA BIOTEX TECHNOTRANS WARM MANGA CORTA BLANCO en VELOAXE.COM por so\u0301lo 39,99 \u20ac. Env\u00edo desde 4,49 euros, facilidad de pago disponible hasta 12X.","robots":{"index":"index","follow":"follow","max-snippet":"max-snippet:-1","max-image-preview":"max-image-preview:large","max-video-preview":"max-video-preview:-1"},"canonical":"https:\/\/veloaxe.com\/fr\/produit\/ropa-tecnica-biotex-technotrans-warm-manga-corta-blanco\/","og_locale":"fr_FR","og_type":"article","og_title":"ROPA TECNICA BIOTEX TECHNOTRANS - VELOAXE.COM","og_description":"ROPA TECNICA BIOTEX TECHNOTRANS WARM MANGA CORTA BLANCO en VELOAXE.COM por so\u0301lo 39,99 \u20ac. Env\u00edo desde 4,49 euros, facilidad de pago disponible hasta 12X.","og_url":"https:\/\/veloaxe.com\/fr\/produit\/ropa-tecnica-biotex-technotrans-warm-manga-corta-blanco\/","og_site_name":"Tienda de bicicletas | VELOAXE","article_publisher":"https:\/\/www.facebook.com\/veloaxe","article_modified_time":"2025-10-13T10:02:19+00:00","og_image":[{"width":907,"height":1222,"url":"https:\/\/veloaxe.com\/wp-content\/uploads\/2022\/08\/1200_1500_27____1__biotex-bike_4543-e1678728397375.jpg","type":"image\/jpeg"}],"twitter_card":"summary_large_image","twitter_misc":{"Dur\u00e9e de lecture estim\u00e9e":"1 minute"},"schema":{"@context":"https:\/\/schema.org","@graph":[{"@type":"WebPage","@id":"https:\/\/veloaxe.com\/producto\/ropa-tecnica-biotex-technotrans-warm-manga-corta-blanco\/","url":"https:\/\/veloaxe.com\/producto\/ropa-tecnica-biotex-technotrans-warm-manga-corta-blanco\/","name":"ROPA TECNICA BIOTEX TECHNOTRANS - VELOAXE.COM","isPartOf":{"@id":"https:\/\/veloaxe.com\/#website"},"primaryImageOfPage":{"@id":"https:\/\/veloaxe.com\/producto\/ropa-tecnica-biotex-technotrans-warm-manga-corta-blanco\/#primaryimage"},"image":{"@id":"https:\/\/veloaxe.com\/producto\/ropa-tecnica-biotex-technotrans-warm-manga-corta-blanco\/#primaryimage"},"thumbnailUrl":"https:\/\/veloaxe.com\/wp-content\/uploads\/2022\/08\/1200_1500_27____1__biotex-bike_4543-e1678728397375.jpg","datePublished":"2022-08-25T17:42:43+00:00","dateModified":"2025-10-13T10:02:19+00:00","description":"ROPA TECNICA BIOTEX TECHNOTRANS WARM MANGA CORTA BLANCO en VELOAXE.COM por so\u0301lo 39,99 \u20ac. Env\u00edo desde 4,49 euros, facilidad de pago disponible hasta 12X.","breadcrumb":{"@id":"https:\/\/veloaxe.com\/producto\/ropa-tecnica-biotex-technotrans-warm-manga-corta-blanco\/#breadcrumb"},"inLanguage":"fr-FR","potentialAction":[{"@type":"ReadAction","target":["https:\/\/veloaxe.com\/producto\/ropa-tecnica-biotex-technotrans-warm-manga-corta-blanco\/"]}]},{"@type":"ImageObject","inLanguage":"fr-FR","@id":"https:\/\/veloaxe.com\/producto\/ropa-tecnica-biotex-technotrans-warm-manga-corta-blanco\/#primaryimage","url":"https:\/\/veloaxe.com\/wp-content\/uploads\/2022\/08\/1200_1500_27____1__biotex-bike_4543-e1678728397375.jpg","contentUrl":"https:\/\/veloaxe.com\/wp-content\/uploads\/2022\/08\/1200_1500_27____1__biotex-bike_4543-e1678728397375.jpg","width":907,"height":1222,"caption":"ropa-tecnica-biotex-para-ciclista"},{"@type":"BreadcrumbList","@id":"https:\/\/veloaxe.com\/producto\/ropa-tecnica-biotex-technotrans-warm-manga-corta-blanco\/#breadcrumb","itemListElement":[{"@type":"ListItem","position":1,"name":"Portada","item":"https:\/\/paleturquoise-herring-271034.hostingersite.com\/"},{"@type":"ListItem","position":2,"name":"Shop","item":"https:\/\/paleturquoise-herring-271034.hostingersite.com\/shop\/"},{"@type":"ListItem","position":3,"name":"Ropa Tecnica BIOTEX TECHNOTRANS WARM Manga Corta &#8211; blanco"}]},{"@type":"WebSite","@id":"https:\/\/veloaxe.com\/#website","url":"https:\/\/veloaxe.com\/","name":"Boutique de v\u00e9lo en ligne | VELOAXE","description":"Descubre una amplia selecci\u00f3n de bicicletas de alta calidad, desde modelos urbanos y de monta\u00f1a hasta bicicletas de carretera de \u00faltima generaci\u00f3n. Con un servicio experto y accesorios especializados, estamos comprometidos a brindarte la mejor experiencia ciclista.","publisher":{"@id":"https:\/\/veloaxe.com\/#organization"},"potentialAction":[{"@type":"SearchAction","target":{"@type":"EntryPoint","urlTemplate":"https:\/\/veloaxe.com\/?s={search_term_string}"},"query-input":{"@type":"PropertyValueSpecification","valueRequired":true,"valueName":"search_term_string"}}],"inLanguage":"fr-FR"},{"@type":"Organization","@id":"https:\/\/veloaxe.com\/#organization","name":"Boutique de v\u00e9lo en ligne | VELOAXE","url":"https:\/\/veloaxe.com\/","logo":{"@type":"ImageObject","inLanguage":"fr-FR","@id":"https:\/\/veloaxe.com\/#\/schema\/logo\/image\/","url":"https:\/\/veloaxe.com\/wp-content\/uploads\/2026\/01\/cropped-logo-1.jpg","contentUrl":"https:\/\/veloaxe.com\/wp-content\/uploads\/2026\/01\/cropped-logo-1.jpg","width":1273,"height":363,"caption":"Tienda de bicicletas | VELOAXE"},"image":{"@id":"https:\/\/veloaxe.com\/#\/schema\/logo\/image\/"},"sameAs":["https:\/\/www.facebook.com\/veloaxe"]}]}},"_links":{"self":[{"href":"https:\/\/veloaxe.com\/fr\/wp-json\/wp\/v2\/product\/3061","targetHints":{"allow":["GET"]}}],"collection":[{"href":"https:\/\/veloaxe.com\/fr\/wp-json\/wp\/v2\/product"}],"about":[{"href":"https:\/\/veloaxe.com\/fr\/wp-json\/wp\/v2\/types\/product"}],"replies":[{"embeddable":true,"href":"https:\/\/veloaxe.com\/fr\/wp-json\/wp\/v2\/comments?post=3061"}],"wp:featuredmedia":[{"embeddable":true,"href":"https:\/\/veloaxe.com\/fr\/wp-json\/wp\/v2\/media\/2989"}],"wp:attachment":[{"href":"https:\/\/veloaxe.com\/fr\/wp-json\/wp\/v2\/media?parent=3061"}],"wp:term":[{"taxonomy":"product_brand","embeddable":true,"href":"https:\/\/veloaxe.com\/fr\/wp-json\/wp\/v2\/product_brand?post=3061"},{"taxonomy":"product_cat","embeddable":true,"href":"https:\/\/veloaxe.com\/fr\/wp-json\/wp\/v2\/product_cat?post=3061"},{"taxonomy":"product_tag","embeddable":true,"href":"https:\/\/veloaxe.com\/fr\/wp-json\/wp\/v2\/product_tag?post=3061"}],"curies":[{"name":"wp","href":"https:\/\/api.w.org\/{rel}","templated":true}]}}