{"id":36,"date":"2022-08-25T17:28:55","date_gmt":"2022-08-25T17:28:55","guid":{"rendered":"https:\/\/veloaxe.com\/?post_type=product&#038;p=36"},"modified":"2026-03-01T16:45:03","modified_gmt":"2026-03-01T16:45:03","slug":"proteccion-cuadro-zefal-skin-amor-m","status":"publish","type":"product","link":"https:\/\/veloaxe.com\/fr\/produit\/proteccion-cuadro-zefal-skin-amor-m\/","title":{"rendered":"PROTECCION CUADRO ZEFAL SKIN AMOR &#8211; M"},"content":{"rendered":"<p><span style=\"color: #000000;\">Protectores de marco autoadhesivos transparentes\u00a0<strong>ZEFAL<\/strong>. Las protecciones\u00a0<strong>ZEFAL<\/strong>\u00a0proteger\u00e1n tu cuadro durante tus salidas contra rozaduras de la funda y proyecci\u00f3n de piedras.<\/span><\/p>\n<p><span style=\"color: #000000;\">Alta resistencia: no se rasga, perfora ni pela.<\/span><\/p>\n<p><span style=\"color: #000000;\">Durabilidad: longevidad y durabilidad.<\/span><\/p>\n<p><span style=\"color: #000000;\">Impermeable: Resiste el agua.<\/span><\/p>\n<p><span style=\"color: #000000;\">Resistencia a los rayos UV: No amarillear\u00e1 con la luz del sol.<\/span><\/p>\n<p><span style=\"color: #000000;\">Resiste variaciones de temperatura: Protecci\u00f3n entre -30\u00b0 C y +100\u00b0 C.<\/span><\/p>\n<p><span style=\"color: #000000;\">Tecnolog\u00eda Glue Shield: Adhesivo de alta resistencia y f\u00e1cil aplicaci\u00f3n.<\/span><\/p>\n<p><span style=\"color: #000000;\">Invisible: transparente, se adapta a todos los cuadros de bicicleta.<\/span><\/p>\n<p><span style=\"color: #000000;\">Talla: S-M<\/span><\/p>","protected":false},"excerpt":{"rendered":"<p>Protectores de marco autoadhesivos transparentes\u00a0ZEFAL. Las protecciones\u00a0ZEFAL\u00a0proteger\u00e1n tu cuadro durante tus salidas contra rozaduras de la funda y proyecci\u00f3n de piedras. Alta resistencia: no se rasga, perfora ni pela. Durabilidad: longevidad y durabilidad. Impermeable: Resiste el agua. Resistencia a los rayos UV: No amarillear\u00e1 con la luz del sol. Resiste variaciones de temperatura: Protecci\u00f3n entre [&hellip;]<\/p>\n","protected":false},"featured_media":120,"comment_status":"open","ping_status":"closed","template":"","meta":[],"product_brand":[],"product_cat":[16,19,23],"product_tag":[],"class_list":{"0":"post-36","1":"product","2":"type-product","3":"status-publish","4":"has-post-thumbnail","6":"product_cat-carretera-gravel-bicicletas","7":"product_cat-componentes-de-bicicletas","8":"product_cat-proteccion-de-cuadro","10":"first","11":"instock","12":"sale","13":"shipping-taxable","14":"purchasable","15":"product-type-simple"},"yoast_head":"<!-- This site is optimized with the Yoast SEO plugin v27.6 - https:\/\/yoast.com\/product\/yoast-seo-wordpress\/ -->\n<title>PROTECCION DE CUADRO ZEFAL TALLA M - VELOAXE.COM<\/title>\n<meta name=\"description\" content=\"PROTECCION DE CUADRO ZEFAL SKIN AMOR M en VELOAXE.COM por so\u0301lo 16,95 \u20ac.gastos de env\u00edo desde 4,49 euros . Facilidad de pago disponible.\" \/>\n<meta name=\"robots\" content=\"index, follow, max-snippet:-1, max-image-preview:large, max-video-preview:-1\" \/>\n<link rel=\"canonical\" href=\"https:\/\/veloaxe.com\/fr\/produit\/proteccion-cuadro-zefal-skin-amor-m\/\" \/>\n<meta property=\"og:locale\" content=\"fr_FR\" \/>\n<meta property=\"og:type\" content=\"article\" \/>\n<meta property=\"og:title\" content=\"PROTECCION DE CUADRO ZEFAL TALLA M - VELOAXE.COM\" \/>\n<meta property=\"og:description\" content=\"PROTECCION DE CUADRO ZEFAL SKIN AMOR M en VELOAXE.COM por so\u0301lo 16,95 \u20ac.gastos de env\u00edo desde 4,49 euros . Facilidad de pago disponible.\" \/>\n<meta property=\"og:url\" content=\"https:\/\/veloaxe.com\/fr\/produit\/proteccion-cuadro-zefal-skin-amor-m\/\" \/>\n<meta property=\"og:site_name\" content=\"Tienda de bicicletas | VELOAXE\" \/>\n<meta property=\"article:publisher\" content=\"https:\/\/www.facebook.com\/veloaxe\" \/>\n<meta property=\"article:modified_time\" content=\"2026-03-01T16:45:03+00:00\" \/>\n<meta property=\"og:image\" content=\"https:\/\/veloaxe.com\/wp-content\/uploads\/2022\/08\/1200_1500_35____1__skin-armor-m_3409-e1667636226116.png\" \/>\n\t<meta property=\"og:image:width\" content=\"806\" \/>\n\t<meta property=\"og:image:height\" content=\"566\" \/>\n\t<meta property=\"og:image:type\" content=\"image\/png\" \/>\n<meta name=\"twitter:card\" content=\"summary_large_image\" \/>\n<meta name=\"twitter:label1\" content=\"Dur\u00e9e de lecture estim\u00e9e\" \/>\n\t<meta name=\"twitter:data1\" content=\"1 minute\" \/>\n<script type=\"application\/ld+json\" class=\"yoast-schema-graph\">{\"@context\":\"https:\\\/\\\/schema.org\",\"@graph\":[{\"@type\":\"WebPage\",\"@id\":\"https:\\\/\\\/veloaxe.com\\\/producto\\\/proteccion-cuadro-zefal-skin-amor-m\\\/\",\"url\":\"https:\\\/\\\/veloaxe.com\\\/producto\\\/proteccion-cuadro-zefal-skin-amor-m\\\/\",\"name\":\"PROTECCION DE CUADRO ZEFAL TALLA M - VELOAXE.COM\",\"isPartOf\":{\"@id\":\"https:\\\/\\\/veloaxe.com\\\/#website\"},\"primaryImageOfPage\":{\"@id\":\"https:\\\/\\\/veloaxe.com\\\/producto\\\/proteccion-cuadro-zefal-skin-amor-m\\\/#primaryimage\"},\"image\":{\"@id\":\"https:\\\/\\\/veloaxe.com\\\/producto\\\/proteccion-cuadro-zefal-skin-amor-m\\\/#primaryimage\"},\"thumbnailUrl\":\"https:\\\/\\\/veloaxe.com\\\/wp-content\\\/uploads\\\/2022\\\/08\\\/1200_1500_35____1__skin-armor-m_3409-e1667636226116.png\",\"datePublished\":\"2022-08-25T17:28:55+00:00\",\"dateModified\":\"2026-03-01T16:45:03+00:00\",\"description\":\"PROTECCION DE CUADRO ZEFAL SKIN AMOR M en VELOAXE.COM por so\u0301lo 16,95 \u20ac.gastos de env\u00edo desde 4,49 euros . Facilidad de pago disponible.\",\"breadcrumb\":{\"@id\":\"https:\\\/\\\/veloaxe.com\\\/producto\\\/proteccion-cuadro-zefal-skin-amor-m\\\/#breadcrumb\"},\"inLanguage\":\"fr-FR\",\"potentialAction\":[{\"@type\":\"ReadAction\",\"target\":[\"https:\\\/\\\/veloaxe.com\\\/producto\\\/proteccion-cuadro-zefal-skin-amor-m\\\/\"]}]},{\"@type\":\"ImageObject\",\"inLanguage\":\"fr-FR\",\"@id\":\"https:\\\/\\\/veloaxe.com\\\/producto\\\/proteccion-cuadro-zefal-skin-amor-m\\\/#primaryimage\",\"url\":\"https:\\\/\\\/veloaxe.com\\\/wp-content\\\/uploads\\\/2022\\\/08\\\/1200_1500_35____1__skin-armor-m_3409-e1667636226116.png\",\"contentUrl\":\"https:\\\/\\\/veloaxe.com\\\/wp-content\\\/uploads\\\/2022\\\/08\\\/1200_1500_35____1__skin-armor-m_3409-e1667636226116.png\",\"width\":806,\"height\":566,\"caption\":\"proteccion-de-cuadro-zefal-skin-amor\"},{\"@type\":\"BreadcrumbList\",\"@id\":\"https:\\\/\\\/veloaxe.com\\\/producto\\\/proteccion-cuadro-zefal-skin-amor-m\\\/#breadcrumb\",\"itemListElement\":[{\"@type\":\"ListItem\",\"position\":1,\"name\":\"Portada\",\"item\":\"https:\\\/\\\/paleturquoise-herring-271034.hostingersite.com\\\/\"},{\"@type\":\"ListItem\",\"position\":2,\"name\":\"Shop\",\"item\":\"https:\\\/\\\/paleturquoise-herring-271034.hostingersite.com\\\/shop\\\/\"},{\"@type\":\"ListItem\",\"position\":3,\"name\":\"PROTECCION CUADRO ZEFAL SKIN AMOR &#8211; M\"}]},{\"@type\":\"WebSite\",\"@id\":\"https:\\\/\\\/veloaxe.com\\\/#website\",\"url\":\"https:\\\/\\\/veloaxe.com\\\/\",\"name\":\"Tienda de bicicletas | VELOAXE\",\"description\":\"Descubre una amplia selecci\u00f3n de bicicletas de alta calidad, desde modelos urbanos y de monta\u00f1a hasta bicicletas de carretera de \u00faltima generaci\u00f3n. Con un servicio experto y accesorios especializados, estamos comprometidos a brindarte la mejor experiencia ciclista.\",\"publisher\":{\"@id\":\"https:\\\/\\\/veloaxe.com\\\/#organization\"},\"potentialAction\":[{\"@type\":\"SearchAction\",\"target\":{\"@type\":\"EntryPoint\",\"urlTemplate\":\"https:\\\/\\\/veloaxe.com\\\/?s={search_term_string}\"},\"query-input\":{\"@type\":\"PropertyValueSpecification\",\"valueRequired\":true,\"valueName\":\"search_term_string\"}}],\"inLanguage\":\"fr-FR\"},{\"@type\":\"Organization\",\"@id\":\"https:\\\/\\\/veloaxe.com\\\/#organization\",\"name\":\"Tienda de bicicletas | VELOAXE\",\"url\":\"https:\\\/\\\/veloaxe.com\\\/\",\"logo\":{\"@type\":\"ImageObject\",\"inLanguage\":\"fr-FR\",\"@id\":\"https:\\\/\\\/veloaxe.com\\\/#\\\/schema\\\/logo\\\/image\\\/\",\"url\":\"https:\\\/\\\/veloaxe.com\\\/wp-content\\\/uploads\\\/2026\\\/01\\\/cropped-logo-1.jpg\",\"contentUrl\":\"https:\\\/\\\/veloaxe.com\\\/wp-content\\\/uploads\\\/2026\\\/01\\\/cropped-logo-1.jpg\",\"width\":1273,\"height\":363,\"caption\":\"Tienda de bicicletas | VELOAXE\"},\"image\":{\"@id\":\"https:\\\/\\\/veloaxe.com\\\/#\\\/schema\\\/logo\\\/image\\\/\"},\"sameAs\":[\"https:\\\/\\\/www.facebook.com\\\/veloaxe\"]}]}<\/script>\n<!-- \/ Yoast SEO plugin. -->","yoast_head_json":{"title":"PROTECCION DE CUADRO ZEFAL TALLA M - VELOAXE.COM","description":"PROTECCION DE CUADRO ZEFAL SKIN AMOR M en VELOAXE.COM por so\u0301lo 16,95 \u20ac.gastos de env\u00edo desde 4,49 euros . Facilidad de pago disponible.","robots":{"index":"index","follow":"follow","max-snippet":"max-snippet:-1","max-image-preview":"max-image-preview:large","max-video-preview":"max-video-preview:-1"},"canonical":"https:\/\/veloaxe.com\/fr\/produit\/proteccion-cuadro-zefal-skin-amor-m\/","og_locale":"fr_FR","og_type":"article","og_title":"PROTECCION DE CUADRO ZEFAL TALLA M - VELOAXE.COM","og_description":"PROTECCION DE CUADRO ZEFAL SKIN AMOR M en VELOAXE.COM por so\u0301lo 16,95 \u20ac.gastos de env\u00edo desde 4,49 euros . Facilidad de pago disponible.","og_url":"https:\/\/veloaxe.com\/fr\/produit\/proteccion-cuadro-zefal-skin-amor-m\/","og_site_name":"Tienda de bicicletas | VELOAXE","article_publisher":"https:\/\/www.facebook.com\/veloaxe","article_modified_time":"2026-03-01T16:45:03+00:00","og_image":[{"width":806,"height":566,"url":"https:\/\/veloaxe.com\/wp-content\/uploads\/2022\/08\/1200_1500_35____1__skin-armor-m_3409-e1667636226116.png","type":"image\/png"}],"twitter_card":"summary_large_image","twitter_misc":{"Dur\u00e9e de lecture estim\u00e9e":"1 minute"},"schema":{"@context":"https:\/\/schema.org","@graph":[{"@type":"WebPage","@id":"https:\/\/veloaxe.com\/producto\/proteccion-cuadro-zefal-skin-amor-m\/","url":"https:\/\/veloaxe.com\/producto\/proteccion-cuadro-zefal-skin-amor-m\/","name":"PROTECCION DE CUADRO ZEFAL TALLA M - VELOAXE.COM","isPartOf":{"@id":"https:\/\/veloaxe.com\/#website"},"primaryImageOfPage":{"@id":"https:\/\/veloaxe.com\/producto\/proteccion-cuadro-zefal-skin-amor-m\/#primaryimage"},"image":{"@id":"https:\/\/veloaxe.com\/producto\/proteccion-cuadro-zefal-skin-amor-m\/#primaryimage"},"thumbnailUrl":"https:\/\/veloaxe.com\/wp-content\/uploads\/2022\/08\/1200_1500_35____1__skin-armor-m_3409-e1667636226116.png","datePublished":"2022-08-25T17:28:55+00:00","dateModified":"2026-03-01T16:45:03+00:00","description":"PROTECCION DE CUADRO ZEFAL SKIN AMOR M en VELOAXE.COM por so\u0301lo 16,95 \u20ac.gastos de env\u00edo desde 4,49 euros . Facilidad de pago disponible.","breadcrumb":{"@id":"https:\/\/veloaxe.com\/producto\/proteccion-cuadro-zefal-skin-amor-m\/#breadcrumb"},"inLanguage":"fr-FR","potentialAction":[{"@type":"ReadAction","target":["https:\/\/veloaxe.com\/producto\/proteccion-cuadro-zefal-skin-amor-m\/"]}]},{"@type":"ImageObject","inLanguage":"fr-FR","@id":"https:\/\/veloaxe.com\/producto\/proteccion-cuadro-zefal-skin-amor-m\/#primaryimage","url":"https:\/\/veloaxe.com\/wp-content\/uploads\/2022\/08\/1200_1500_35____1__skin-armor-m_3409-e1667636226116.png","contentUrl":"https:\/\/veloaxe.com\/wp-content\/uploads\/2022\/08\/1200_1500_35____1__skin-armor-m_3409-e1667636226116.png","width":806,"height":566,"caption":"proteccion-de-cuadro-zefal-skin-amor"},{"@type":"BreadcrumbList","@id":"https:\/\/veloaxe.com\/producto\/proteccion-cuadro-zefal-skin-amor-m\/#breadcrumb","itemListElement":[{"@type":"ListItem","position":1,"name":"Portada","item":"https:\/\/paleturquoise-herring-271034.hostingersite.com\/"},{"@type":"ListItem","position":2,"name":"Shop","item":"https:\/\/paleturquoise-herring-271034.hostingersite.com\/shop\/"},{"@type":"ListItem","position":3,"name":"PROTECCION CUADRO ZEFAL SKIN AMOR &#8211; M"}]},{"@type":"WebSite","@id":"https:\/\/veloaxe.com\/#website","url":"https:\/\/veloaxe.com\/","name":"Boutique de v\u00e9lo en ligne | VELOAXE","description":"Descubre una amplia selecci\u00f3n de bicicletas de alta calidad, desde modelos urbanos y de monta\u00f1a hasta bicicletas de carretera de \u00faltima generaci\u00f3n. Con un servicio experto y accesorios especializados, estamos comprometidos a brindarte la mejor experiencia ciclista.","publisher":{"@id":"https:\/\/veloaxe.com\/#organization"},"potentialAction":[{"@type":"SearchAction","target":{"@type":"EntryPoint","urlTemplate":"https:\/\/veloaxe.com\/?s={search_term_string}"},"query-input":{"@type":"PropertyValueSpecification","valueRequired":true,"valueName":"search_term_string"}}],"inLanguage":"fr-FR"},{"@type":"Organization","@id":"https:\/\/veloaxe.com\/#organization","name":"Boutique de v\u00e9lo en ligne | VELOAXE","url":"https:\/\/veloaxe.com\/","logo":{"@type":"ImageObject","inLanguage":"fr-FR","@id":"https:\/\/veloaxe.com\/#\/schema\/logo\/image\/","url":"https:\/\/veloaxe.com\/wp-content\/uploads\/2026\/01\/cropped-logo-1.jpg","contentUrl":"https:\/\/veloaxe.com\/wp-content\/uploads\/2026\/01\/cropped-logo-1.jpg","width":1273,"height":363,"caption":"Tienda de bicicletas | VELOAXE"},"image":{"@id":"https:\/\/veloaxe.com\/#\/schema\/logo\/image\/"},"sameAs":["https:\/\/www.facebook.com\/veloaxe"]}]}},"_links":{"self":[{"href":"https:\/\/veloaxe.com\/fr\/wp-json\/wp\/v2\/product\/36","targetHints":{"allow":["GET"]}}],"collection":[{"href":"https:\/\/veloaxe.com\/fr\/wp-json\/wp\/v2\/product"}],"about":[{"href":"https:\/\/veloaxe.com\/fr\/wp-json\/wp\/v2\/types\/product"}],"replies":[{"embeddable":true,"href":"https:\/\/veloaxe.com\/fr\/wp-json\/wp\/v2\/comments?post=36"}],"wp:featuredmedia":[{"embeddable":true,"href":"https:\/\/veloaxe.com\/fr\/wp-json\/wp\/v2\/media\/120"}],"wp:attachment":[{"href":"https:\/\/veloaxe.com\/fr\/wp-json\/wp\/v2\/media?parent=36"}],"wp:term":[{"taxonomy":"product_brand","embeddable":true,"href":"https:\/\/veloaxe.com\/fr\/wp-json\/wp\/v2\/product_brand?post=36"},{"taxonomy":"product_cat","embeddable":true,"href":"https:\/\/veloaxe.com\/fr\/wp-json\/wp\/v2\/product_cat?post=36"},{"taxonomy":"product_tag","embeddable":true,"href":"https:\/\/veloaxe.com\/fr\/wp-json\/wp\/v2\/product_tag?post=36"}],"curies":[{"name":"wp","href":"https:\/\/api.w.org\/{rel}","templated":true}]}}