{"id":38,"date":"2022-08-25T17:28:55","date_gmt":"2022-08-25T17:28:55","guid":{"rendered":"https:\/\/veloaxe.com\/?post_type=product&#038;p=38"},"modified":"2026-03-01T16:45:03","modified_gmt":"2026-03-01T16:45:03","slug":"cinta-manillar-sram-supercork-blanco","status":"publish","type":"product","link":"https:\/\/veloaxe.com\/fr\/produit\/cinta-manillar-sram-supercork-blanco\/","title":{"rendered":"CINTA MANILLAR SRAM SUPERCORK &#8211; Blanco"},"content":{"rendered":"<p><span style=\"color: #000000;\">La cinta de manillar <strong>SRAM SUPERCORK<\/strong> es una cinta de manillar de espuma para principiantes. No obstante, sigue siendo c\u00f3modo al tacto y resistente en el tiempo, al roce y la transpiraci\u00f3n. La cinta de manillar <strong>SRAM SUPERCORK<\/strong> te satisfar\u00e1 durante tus salidas.<\/span><\/p>","protected":false},"excerpt":{"rendered":"<p>La cinta de manillar SRAM SUPERCORK es una cinta de manillar de espuma para principiantes. No obstante, sigue siendo c\u00f3modo al tacto y resistente en el tiempo, al roce y la transpiraci\u00f3n. La cinta de manillar SRAM SUPERCORK te satisfar\u00e1 durante tus salidas.<\/p>","protected":false},"featured_media":5116,"comment_status":"open","ping_status":"closed","template":"","meta":[],"product_brand":[],"product_cat":[16,22,19],"product_tag":[],"class_list":{"0":"post-38","1":"product","2":"type-product","3":"status-publish","4":"has-post-thumbnail","6":"product_cat-carretera-gravel-bicicletas","7":"product_cat-cinta-manillar","8":"product_cat-componentes-de-bicicletas","9":"product_shipping_class-no-bicicletas","11":"first","12":"instock","13":"sale","14":"shipping-taxable","15":"purchasable","16":"product-type-simple"},"yoast_head":"<!-- This site is optimized with the Yoast SEO plugin v27.6 - https:\/\/yoast.com\/product\/yoast-seo-wordpress\/ -->\n<title>CINTA MANILLAR BLANCO SRAM - VELOAXE.COM<\/title>\n<meta name=\"description\" content=\"CINTA MANILLAR BLANCO SRAM SUPERCORK en VELOAXE.COM por so\u0301lo 14,95 \u20ac. Gastos de envi\u0301o GRATIS para compras superiores a 200\u20ac. Facilidad de pago disponible.\" \/>\n<meta name=\"robots\" content=\"index, follow, max-snippet:-1, max-image-preview:large, max-video-preview:-1\" \/>\n<link rel=\"canonical\" href=\"https:\/\/veloaxe.com\/fr\/produit\/cinta-manillar-sram-supercork-blanco\/\" \/>\n<meta property=\"og:locale\" content=\"fr_FR\" \/>\n<meta property=\"og:type\" content=\"article\" \/>\n<meta property=\"og:title\" content=\"CINTA MANILLAR BLANCO SRAM - VELOAXE.COM\" \/>\n<meta property=\"og:description\" content=\"CINTA MANILLAR BLANCO SRAM SUPERCORK en VELOAXE.COM por so\u0301lo 14,95 \u20ac. Gastos de envi\u0301o GRATIS para compras superiores a 200\u20ac. Facilidad de pago disponible.\" \/>\n<meta property=\"og:url\" content=\"https:\/\/veloaxe.com\/fr\/produit\/cinta-manillar-sram-supercork-blanco\/\" \/>\n<meta property=\"og:site_name\" content=\"Tienda de bicicletas | VELOAXE\" \/>\n<meta property=\"article:publisher\" content=\"https:\/\/www.facebook.com\/veloaxe\" \/>\n<meta property=\"article:modified_time\" content=\"2026-03-01T16:45:03+00:00\" \/>\n<meta property=\"og:image\" content=\"https:\/\/veloaxe.com\/wp-content\/uploads\/2022\/08\/guidoline_sram_blanche.jpg\" \/>\n\t<meta property=\"og:image:width\" content=\"800\" \/>\n\t<meta property=\"og:image:height\" content=\"800\" \/>\n\t<meta property=\"og:image:type\" content=\"image\/jpeg\" \/>\n<meta name=\"twitter:card\" content=\"summary_large_image\" \/>\n<meta name=\"twitter:label1\" content=\"Dur\u00e9e de lecture estim\u00e9e\" \/>\n\t<meta name=\"twitter:data1\" content=\"1 minute\" \/>\n<script type=\"application\/ld+json\" class=\"yoast-schema-graph\">{\"@context\":\"https:\\\/\\\/schema.org\",\"@graph\":[{\"@type\":\"WebPage\",\"@id\":\"https:\\\/\\\/veloaxe.com\\\/producto\\\/cinta-manillar-sram-supercork-blanco\\\/\",\"url\":\"https:\\\/\\\/veloaxe.com\\\/producto\\\/cinta-manillar-sram-supercork-blanco\\\/\",\"name\":\"CINTA MANILLAR BLANCO SRAM - VELOAXE.COM\",\"isPartOf\":{\"@id\":\"https:\\\/\\\/veloaxe.com\\\/#website\"},\"primaryImageOfPage\":{\"@id\":\"https:\\\/\\\/veloaxe.com\\\/producto\\\/cinta-manillar-sram-supercork-blanco\\\/#primaryimage\"},\"image\":{\"@id\":\"https:\\\/\\\/veloaxe.com\\\/producto\\\/cinta-manillar-sram-supercork-blanco\\\/#primaryimage\"},\"thumbnailUrl\":\"https:\\\/\\\/veloaxe.com\\\/wp-content\\\/uploads\\\/2022\\\/08\\\/guidoline_sram_blanche.jpg\",\"datePublished\":\"2022-08-25T17:28:55+00:00\",\"dateModified\":\"2026-03-01T16:45:03+00:00\",\"description\":\"CINTA MANILLAR BLANCO SRAM SUPERCORK en VELOAXE.COM por so\u0301lo 14,95 \u20ac. Gastos de envi\u0301o GRATIS para compras superiores a 200\u20ac. Facilidad de pago disponible.\",\"breadcrumb\":{\"@id\":\"https:\\\/\\\/veloaxe.com\\\/producto\\\/cinta-manillar-sram-supercork-blanco\\\/#breadcrumb\"},\"inLanguage\":\"fr-FR\",\"potentialAction\":[{\"@type\":\"ReadAction\",\"target\":[\"https:\\\/\\\/veloaxe.com\\\/producto\\\/cinta-manillar-sram-supercork-blanco\\\/\"]}]},{\"@type\":\"ImageObject\",\"inLanguage\":\"fr-FR\",\"@id\":\"https:\\\/\\\/veloaxe.com\\\/producto\\\/cinta-manillar-sram-supercork-blanco\\\/#primaryimage\",\"url\":\"https:\\\/\\\/veloaxe.com\\\/wp-content\\\/uploads\\\/2022\\\/08\\\/guidoline_sram_blanche.jpg\",\"contentUrl\":\"https:\\\/\\\/veloaxe.com\\\/wp-content\\\/uploads\\\/2022\\\/08\\\/guidoline_sram_blanche.jpg\",\"width\":800,\"height\":800,\"caption\":\"cinta-manillar-blanco-sram-supercork\"},{\"@type\":\"BreadcrumbList\",\"@id\":\"https:\\\/\\\/veloaxe.com\\\/producto\\\/cinta-manillar-sram-supercork-blanco\\\/#breadcrumb\",\"itemListElement\":[{\"@type\":\"ListItem\",\"position\":1,\"name\":\"Portada\",\"item\":\"https:\\\/\\\/paleturquoise-herring-271034.hostingersite.com\\\/\"},{\"@type\":\"ListItem\",\"position\":2,\"name\":\"Shop\",\"item\":\"https:\\\/\\\/paleturquoise-herring-271034.hostingersite.com\\\/shop\\\/\"},{\"@type\":\"ListItem\",\"position\":3,\"name\":\"CINTA MANILLAR SRAM SUPERCORK &#8211; Blanco\"}]},{\"@type\":\"WebSite\",\"@id\":\"https:\\\/\\\/veloaxe.com\\\/#website\",\"url\":\"https:\\\/\\\/veloaxe.com\\\/\",\"name\":\"Tienda de bicicletas | VELOAXE\",\"description\":\"Descubre una amplia selecci\u00f3n de bicicletas de alta calidad, desde modelos urbanos y de monta\u00f1a hasta bicicletas de carretera de \u00faltima generaci\u00f3n. Con un servicio experto y accesorios especializados, estamos comprometidos a brindarte la mejor experiencia ciclista.\",\"publisher\":{\"@id\":\"https:\\\/\\\/veloaxe.com\\\/#organization\"},\"potentialAction\":[{\"@type\":\"SearchAction\",\"target\":{\"@type\":\"EntryPoint\",\"urlTemplate\":\"https:\\\/\\\/veloaxe.com\\\/?s={search_term_string}\"},\"query-input\":{\"@type\":\"PropertyValueSpecification\",\"valueRequired\":true,\"valueName\":\"search_term_string\"}}],\"inLanguage\":\"fr-FR\"},{\"@type\":\"Organization\",\"@id\":\"https:\\\/\\\/veloaxe.com\\\/#organization\",\"name\":\"Tienda de bicicletas | VELOAXE\",\"url\":\"https:\\\/\\\/veloaxe.com\\\/\",\"logo\":{\"@type\":\"ImageObject\",\"inLanguage\":\"fr-FR\",\"@id\":\"https:\\\/\\\/veloaxe.com\\\/#\\\/schema\\\/logo\\\/image\\\/\",\"url\":\"https:\\\/\\\/veloaxe.com\\\/wp-content\\\/uploads\\\/2026\\\/01\\\/cropped-logo-1.jpg\",\"contentUrl\":\"https:\\\/\\\/veloaxe.com\\\/wp-content\\\/uploads\\\/2026\\\/01\\\/cropped-logo-1.jpg\",\"width\":1273,\"height\":363,\"caption\":\"Tienda de bicicletas | VELOAXE\"},\"image\":{\"@id\":\"https:\\\/\\\/veloaxe.com\\\/#\\\/schema\\\/logo\\\/image\\\/\"},\"sameAs\":[\"https:\\\/\\\/www.facebook.com\\\/veloaxe\"]}]}<\/script>\n<!-- \/ Yoast SEO plugin. -->","yoast_head_json":{"title":"CINTA MANILLAR BLANCO SRAM - VELOAXE.COM","description":"CINTA MANILLAR BLANCO SRAM SUPERCORK en VELOAXE.COM por so\u0301lo 14,95 \u20ac. Gastos de envi\u0301o GRATIS para compras superiores a 200\u20ac. Facilidad de pago disponible.","robots":{"index":"index","follow":"follow","max-snippet":"max-snippet:-1","max-image-preview":"max-image-preview:large","max-video-preview":"max-video-preview:-1"},"canonical":"https:\/\/veloaxe.com\/fr\/produit\/cinta-manillar-sram-supercork-blanco\/","og_locale":"fr_FR","og_type":"article","og_title":"CINTA MANILLAR BLANCO SRAM - VELOAXE.COM","og_description":"CINTA MANILLAR BLANCO SRAM SUPERCORK en VELOAXE.COM por so\u0301lo 14,95 \u20ac. Gastos de envi\u0301o GRATIS para compras superiores a 200\u20ac. Facilidad de pago disponible.","og_url":"https:\/\/veloaxe.com\/fr\/produit\/cinta-manillar-sram-supercork-blanco\/","og_site_name":"Tienda de bicicletas | VELOAXE","article_publisher":"https:\/\/www.facebook.com\/veloaxe","article_modified_time":"2026-03-01T16:45:03+00:00","og_image":[{"width":800,"height":800,"url":"https:\/\/veloaxe.com\/wp-content\/uploads\/2022\/08\/guidoline_sram_blanche.jpg","type":"image\/jpeg"}],"twitter_card":"summary_large_image","twitter_misc":{"Dur\u00e9e de lecture estim\u00e9e":"1 minute"},"schema":{"@context":"https:\/\/schema.org","@graph":[{"@type":"WebPage","@id":"https:\/\/veloaxe.com\/producto\/cinta-manillar-sram-supercork-blanco\/","url":"https:\/\/veloaxe.com\/producto\/cinta-manillar-sram-supercork-blanco\/","name":"CINTA MANILLAR BLANCO SRAM - VELOAXE.COM","isPartOf":{"@id":"https:\/\/veloaxe.com\/#website"},"primaryImageOfPage":{"@id":"https:\/\/veloaxe.com\/producto\/cinta-manillar-sram-supercork-blanco\/#primaryimage"},"image":{"@id":"https:\/\/veloaxe.com\/producto\/cinta-manillar-sram-supercork-blanco\/#primaryimage"},"thumbnailUrl":"https:\/\/veloaxe.com\/wp-content\/uploads\/2022\/08\/guidoline_sram_blanche.jpg","datePublished":"2022-08-25T17:28:55+00:00","dateModified":"2026-03-01T16:45:03+00:00","description":"CINTA MANILLAR BLANCO SRAM SUPERCORK en VELOAXE.COM por so\u0301lo 14,95 \u20ac. Gastos de envi\u0301o GRATIS para compras superiores a 200\u20ac. Facilidad de pago disponible.","breadcrumb":{"@id":"https:\/\/veloaxe.com\/producto\/cinta-manillar-sram-supercork-blanco\/#breadcrumb"},"inLanguage":"fr-FR","potentialAction":[{"@type":"ReadAction","target":["https:\/\/veloaxe.com\/producto\/cinta-manillar-sram-supercork-blanco\/"]}]},{"@type":"ImageObject","inLanguage":"fr-FR","@id":"https:\/\/veloaxe.com\/producto\/cinta-manillar-sram-supercork-blanco\/#primaryimage","url":"https:\/\/veloaxe.com\/wp-content\/uploads\/2022\/08\/guidoline_sram_blanche.jpg","contentUrl":"https:\/\/veloaxe.com\/wp-content\/uploads\/2022\/08\/guidoline_sram_blanche.jpg","width":800,"height":800,"caption":"cinta-manillar-blanco-sram-supercork"},{"@type":"BreadcrumbList","@id":"https:\/\/veloaxe.com\/producto\/cinta-manillar-sram-supercork-blanco\/#breadcrumb","itemListElement":[{"@type":"ListItem","position":1,"name":"Portada","item":"https:\/\/paleturquoise-herring-271034.hostingersite.com\/"},{"@type":"ListItem","position":2,"name":"Shop","item":"https:\/\/paleturquoise-herring-271034.hostingersite.com\/shop\/"},{"@type":"ListItem","position":3,"name":"CINTA MANILLAR SRAM SUPERCORK &#8211; Blanco"}]},{"@type":"WebSite","@id":"https:\/\/veloaxe.com\/#website","url":"https:\/\/veloaxe.com\/","name":"Boutique de v\u00e9lo en ligne | VELOAXE","description":"Descubre una amplia selecci\u00f3n de bicicletas de alta calidad, desde modelos urbanos y de monta\u00f1a hasta bicicletas de carretera de \u00faltima generaci\u00f3n. Con un servicio experto y accesorios especializados, estamos comprometidos a brindarte la mejor experiencia ciclista.","publisher":{"@id":"https:\/\/veloaxe.com\/#organization"},"potentialAction":[{"@type":"SearchAction","target":{"@type":"EntryPoint","urlTemplate":"https:\/\/veloaxe.com\/?s={search_term_string}"},"query-input":{"@type":"PropertyValueSpecification","valueRequired":true,"valueName":"search_term_string"}}],"inLanguage":"fr-FR"},{"@type":"Organization","@id":"https:\/\/veloaxe.com\/#organization","name":"Boutique de v\u00e9lo en ligne | VELOAXE","url":"https:\/\/veloaxe.com\/","logo":{"@type":"ImageObject","inLanguage":"fr-FR","@id":"https:\/\/veloaxe.com\/#\/schema\/logo\/image\/","url":"https:\/\/veloaxe.com\/wp-content\/uploads\/2026\/01\/cropped-logo-1.jpg","contentUrl":"https:\/\/veloaxe.com\/wp-content\/uploads\/2026\/01\/cropped-logo-1.jpg","width":1273,"height":363,"caption":"Tienda de bicicletas | VELOAXE"},"image":{"@id":"https:\/\/veloaxe.com\/#\/schema\/logo\/image\/"},"sameAs":["https:\/\/www.facebook.com\/veloaxe"]}]}},"_links":{"self":[{"href":"https:\/\/veloaxe.com\/fr\/wp-json\/wp\/v2\/product\/38","targetHints":{"allow":["GET"]}}],"collection":[{"href":"https:\/\/veloaxe.com\/fr\/wp-json\/wp\/v2\/product"}],"about":[{"href":"https:\/\/veloaxe.com\/fr\/wp-json\/wp\/v2\/types\/product"}],"replies":[{"embeddable":true,"href":"https:\/\/veloaxe.com\/fr\/wp-json\/wp\/v2\/comments?post=38"}],"wp:featuredmedia":[{"embeddable":true,"href":"https:\/\/veloaxe.com\/fr\/wp-json\/wp\/v2\/media\/5116"}],"wp:attachment":[{"href":"https:\/\/veloaxe.com\/fr\/wp-json\/wp\/v2\/media?parent=38"}],"wp:term":[{"taxonomy":"product_brand","embeddable":true,"href":"https:\/\/veloaxe.com\/fr\/wp-json\/wp\/v2\/product_brand?post=38"},{"taxonomy":"product_cat","embeddable":true,"href":"https:\/\/veloaxe.com\/fr\/wp-json\/wp\/v2\/product_cat?post=38"},{"taxonomy":"product_tag","embeddable":true,"href":"https:\/\/veloaxe.com\/fr\/wp-json\/wp\/v2\/product_tag?post=38"}],"curies":[{"name":"wp","href":"https:\/\/api.w.org\/{rel}","templated":true}]}}