{"id":383,"date":"2022-08-25T17:30:36","date_gmt":"2022-08-25T17:30:36","guid":{"rendered":"https:\/\/veloaxe.com\/?post_type=product&#038;p=383"},"modified":"2025-11-04T08:32:48","modified_gmt":"2025-11-04T08:32:48","slug":"cadenas-fsa-team-issue-10v","status":"publish","type":"product","link":"https:\/\/veloaxe.com\/fr\/produit\/cadenas-fsa-team-issue-10v\/","title":{"rendered":"CADENA FSA TEAM ISSUE 10v"},"content":{"rendered":"<p><span style=\"color: #000000;\">La cadena <strong>FSA Team Issue 10V<\/strong> es compatible con <strong>SHIMANO \/ SRAM \/ CAMPAGNOLO<\/strong>. El canal <strong>FSA TEAM ISSUE<\/strong> tiene conocimientos de<strong> FSA<\/strong>. La cadena est\u00e1 fabricada para que no pierda potencia al cambiar de marcha, sin ruidos de fricci\u00f3n. La cadena FSA es resistente al paso del tiempo para rodar el m\u00e1ximo n\u00famero de kil\u00f3metros. Ideal para ciclistas que practican recorridos largos.<\/span><\/p>\n<p><span style=\"color: #000000;\">PESO 261 gramos<\/span><\/p>\n<p><span style=\"color: #000000;\">116 ENLACES<\/span><\/p>\n<p><span style=\"color: #000000;\">CONEXI\u00d3N R\u00c1PIDA proporcionada<\/span><\/p>","protected":false},"excerpt":{"rendered":"<p>La cadena FSA Team Issue 10V es compatible con SHIMANO \/ SRAM \/ CAMPAGNOLO. El canal FSA TEAM ISSUE tiene conocimientos de FSA. La cadena est\u00e1 fabricada para que no pierda potencia al cambiar de marcha, sin ruidos de fricci\u00f3n. La cadena FSA es resistente al paso del tiempo para rodar el m\u00e1ximo n\u00famero de [&hellip;]<\/p>\n","protected":false},"featured_media":353,"comment_status":"open","ping_status":"closed","template":"","meta":[],"product_brand":[],"product_cat":[30,16,27],"product_tag":[],"class_list":{"0":"post-383","1":"product","2":"type-product","3":"status-publish","4":"has-post-thumbnail","6":"product_cat-cadenas-para-bicicleta","7":"product_cat-carretera-gravel-bicicletas","8":"product_cat-transmision-para-bicicleta","9":"product_shipping_class-no-bicicletas","11":"first","12":"instock","13":"sale","14":"shipping-taxable","15":"purchasable","16":"product-type-simple"},"yoast_head":"<!-- This site is optimized with the Yoast SEO plugin v27.6 - https:\/\/yoast.com\/product\/yoast-seo-wordpress\/ -->\n<title>CADENA FSA TEAM ISSUE 10v - Tienda de bicicletas | VELOAXE<\/title>\n<meta name=\"description\" content=\"CADENA FSA TEAM ISSUE 10v - Cadena FSA TEAM ISSUE de bicicleta de carretera o de monta\u00f1a para 10 velocidades. Disponible desde 38,95 euros.\" \/>\n<meta name=\"robots\" content=\"index, follow, max-snippet:-1, max-image-preview:large, max-video-preview:-1\" \/>\n<link rel=\"canonical\" href=\"https:\/\/veloaxe.com\/fr\/produit\/cadenas-fsa-team-issue-10v\/\" \/>\n<meta property=\"og:locale\" content=\"fr_FR\" \/>\n<meta property=\"og:type\" content=\"article\" \/>\n<meta property=\"og:title\" content=\"CADENA FSA TEAM ISSUE 10v - Tienda de bicicletas | VELOAXE\" \/>\n<meta property=\"og:description\" content=\"CADENA FSA TEAM ISSUE 10v - Cadena FSA TEAM ISSUE de bicicleta de carretera o de monta\u00f1a para 10 velocidades. Disponible desde 38,95 euros.\" \/>\n<meta property=\"og:url\" content=\"https:\/\/veloaxe.com\/fr\/produit\/cadenas-fsa-team-issue-10v\/\" \/>\n<meta property=\"og:site_name\" content=\"Tienda de bicicletas | VELOAXE\" \/>\n<meta property=\"article:publisher\" content=\"https:\/\/www.facebook.com\/veloaxe\" \/>\n<meta property=\"article:modified_time\" content=\"2025-11-04T08:32:48+00:00\" \/>\n<meta property=\"og:image\" content=\"https:\/\/veloaxe.com\/wp-content\/uploads\/2022\/08\/1200_1500_15____1__chaine-fsa-10v_3708-e1666851257764.png\" \/>\n\t<meta property=\"og:image:width\" content=\"1200\" \/>\n\t<meta property=\"og:image:height\" content=\"1046\" \/>\n\t<meta property=\"og:image:type\" content=\"image\/png\" \/>\n<meta name=\"twitter:card\" content=\"summary_large_image\" \/>\n<meta name=\"twitter:label1\" content=\"Dur\u00e9e de lecture estim\u00e9e\" \/>\n\t<meta name=\"twitter:data1\" content=\"1 minute\" \/>\n<script type=\"application\/ld+json\" class=\"yoast-schema-graph\">{\"@context\":\"https:\\\/\\\/schema.org\",\"@graph\":[{\"@type\":\"WebPage\",\"@id\":\"https:\\\/\\\/veloaxe.com\\\/producto\\\/cadenas-fsa-team-issue-10v\\\/\",\"url\":\"https:\\\/\\\/veloaxe.com\\\/producto\\\/cadenas-fsa-team-issue-10v\\\/\",\"name\":\"CADENA FSA TEAM ISSUE 10v - Tienda de bicicletas | VELOAXE\",\"isPartOf\":{\"@id\":\"https:\\\/\\\/veloaxe.com\\\/#website\"},\"primaryImageOfPage\":{\"@id\":\"https:\\\/\\\/veloaxe.com\\\/producto\\\/cadenas-fsa-team-issue-10v\\\/#primaryimage\"},\"image\":{\"@id\":\"https:\\\/\\\/veloaxe.com\\\/producto\\\/cadenas-fsa-team-issue-10v\\\/#primaryimage\"},\"thumbnailUrl\":\"https:\\\/\\\/veloaxe.com\\\/wp-content\\\/uploads\\\/2022\\\/08\\\/1200_1500_15____1__chaine-fsa-10v_3708-e1666851257764.png\",\"datePublished\":\"2022-08-25T17:30:36+00:00\",\"dateModified\":\"2025-11-04T08:32:48+00:00\",\"description\":\"CADENA FSA TEAM ISSUE 10v - Cadena FSA TEAM ISSUE de bicicleta de carretera o de monta\u00f1a para 10 velocidades. Disponible desde 38,95 euros.\",\"breadcrumb\":{\"@id\":\"https:\\\/\\\/veloaxe.com\\\/producto\\\/cadenas-fsa-team-issue-10v\\\/#breadcrumb\"},\"inLanguage\":\"fr-FR\",\"potentialAction\":[{\"@type\":\"ReadAction\",\"target\":[\"https:\\\/\\\/veloaxe.com\\\/producto\\\/cadenas-fsa-team-issue-10v\\\/\"]}]},{\"@type\":\"ImageObject\",\"inLanguage\":\"fr-FR\",\"@id\":\"https:\\\/\\\/veloaxe.com\\\/producto\\\/cadenas-fsa-team-issue-10v\\\/#primaryimage\",\"url\":\"https:\\\/\\\/veloaxe.com\\\/wp-content\\\/uploads\\\/2022\\\/08\\\/1200_1500_15____1__chaine-fsa-10v_3708-e1666851257764.png\",\"contentUrl\":\"https:\\\/\\\/veloaxe.com\\\/wp-content\\\/uploads\\\/2022\\\/08\\\/1200_1500_15____1__chaine-fsa-10v_3708-e1666851257764.png\",\"width\":1200,\"height\":1046,\"caption\":\"Cadena FSA team issue 10v.\"},{\"@type\":\"BreadcrumbList\",\"@id\":\"https:\\\/\\\/veloaxe.com\\\/producto\\\/cadenas-fsa-team-issue-10v\\\/#breadcrumb\",\"itemListElement\":[{\"@type\":\"ListItem\",\"position\":1,\"name\":\"Portada\",\"item\":\"https:\\\/\\\/paleturquoise-herring-271034.hostingersite.com\\\/\"},{\"@type\":\"ListItem\",\"position\":2,\"name\":\"Shop\",\"item\":\"https:\\\/\\\/paleturquoise-herring-271034.hostingersite.com\\\/shop\\\/\"},{\"@type\":\"ListItem\",\"position\":3,\"name\":\"CADENA FSA TEAM ISSUE 10v\"}]},{\"@type\":\"WebSite\",\"@id\":\"https:\\\/\\\/veloaxe.com\\\/#website\",\"url\":\"https:\\\/\\\/veloaxe.com\\\/\",\"name\":\"Tienda de bicicletas | VELOAXE\",\"description\":\"Descubre una amplia selecci\u00f3n de bicicletas de alta calidad, desde modelos urbanos y de monta\u00f1a hasta bicicletas de carretera de \u00faltima generaci\u00f3n. Con un servicio experto y accesorios especializados, estamos comprometidos a brindarte la mejor experiencia ciclista.\",\"publisher\":{\"@id\":\"https:\\\/\\\/veloaxe.com\\\/#organization\"},\"potentialAction\":[{\"@type\":\"SearchAction\",\"target\":{\"@type\":\"EntryPoint\",\"urlTemplate\":\"https:\\\/\\\/veloaxe.com\\\/?s={search_term_string}\"},\"query-input\":{\"@type\":\"PropertyValueSpecification\",\"valueRequired\":true,\"valueName\":\"search_term_string\"}}],\"inLanguage\":\"fr-FR\"},{\"@type\":\"Organization\",\"@id\":\"https:\\\/\\\/veloaxe.com\\\/#organization\",\"name\":\"Tienda de bicicletas | VELOAXE\",\"url\":\"https:\\\/\\\/veloaxe.com\\\/\",\"logo\":{\"@type\":\"ImageObject\",\"inLanguage\":\"fr-FR\",\"@id\":\"https:\\\/\\\/veloaxe.com\\\/#\\\/schema\\\/logo\\\/image\\\/\",\"url\":\"https:\\\/\\\/veloaxe.com\\\/wp-content\\\/uploads\\\/2026\\\/01\\\/cropped-logo-1.jpg\",\"contentUrl\":\"https:\\\/\\\/veloaxe.com\\\/wp-content\\\/uploads\\\/2026\\\/01\\\/cropped-logo-1.jpg\",\"width\":1273,\"height\":363,\"caption\":\"Tienda de bicicletas | VELOAXE\"},\"image\":{\"@id\":\"https:\\\/\\\/veloaxe.com\\\/#\\\/schema\\\/logo\\\/image\\\/\"},\"sameAs\":[\"https:\\\/\\\/www.facebook.com\\\/veloaxe\"]}]}<\/script>\n<!-- \/ Yoast SEO plugin. -->","yoast_head_json":{"title":"CADENA FSA TEAM ISSUE 10v - Tienda de bicicletas | VELOAXE","description":"CADENA FSA TEAM ISSUE 10v - Cadena FSA TEAM ISSUE de bicicleta de carretera o de monta\u00f1a para 10 velocidades. Disponible desde 38,95 euros.","robots":{"index":"index","follow":"follow","max-snippet":"max-snippet:-1","max-image-preview":"max-image-preview:large","max-video-preview":"max-video-preview:-1"},"canonical":"https:\/\/veloaxe.com\/fr\/produit\/cadenas-fsa-team-issue-10v\/","og_locale":"fr_FR","og_type":"article","og_title":"CADENA FSA TEAM ISSUE 10v - Tienda de bicicletas | VELOAXE","og_description":"CADENA FSA TEAM ISSUE 10v - Cadena FSA TEAM ISSUE de bicicleta de carretera o de monta\u00f1a para 10 velocidades. Disponible desde 38,95 euros.","og_url":"https:\/\/veloaxe.com\/fr\/produit\/cadenas-fsa-team-issue-10v\/","og_site_name":"Tienda de bicicletas | VELOAXE","article_publisher":"https:\/\/www.facebook.com\/veloaxe","article_modified_time":"2025-11-04T08:32:48+00:00","og_image":[{"width":1200,"height":1046,"url":"https:\/\/veloaxe.com\/wp-content\/uploads\/2022\/08\/1200_1500_15____1__chaine-fsa-10v_3708-e1666851257764.png","type":"image\/png"}],"twitter_card":"summary_large_image","twitter_misc":{"Dur\u00e9e de lecture estim\u00e9e":"1 minute"},"schema":{"@context":"https:\/\/schema.org","@graph":[{"@type":"WebPage","@id":"https:\/\/veloaxe.com\/producto\/cadenas-fsa-team-issue-10v\/","url":"https:\/\/veloaxe.com\/producto\/cadenas-fsa-team-issue-10v\/","name":"CADENA FSA TEAM ISSUE 10v - Tienda de bicicletas | VELOAXE","isPartOf":{"@id":"https:\/\/veloaxe.com\/#website"},"primaryImageOfPage":{"@id":"https:\/\/veloaxe.com\/producto\/cadenas-fsa-team-issue-10v\/#primaryimage"},"image":{"@id":"https:\/\/veloaxe.com\/producto\/cadenas-fsa-team-issue-10v\/#primaryimage"},"thumbnailUrl":"https:\/\/veloaxe.com\/wp-content\/uploads\/2022\/08\/1200_1500_15____1__chaine-fsa-10v_3708-e1666851257764.png","datePublished":"2022-08-25T17:30:36+00:00","dateModified":"2025-11-04T08:32:48+00:00","description":"CADENA FSA TEAM ISSUE 10v - Cadena FSA TEAM ISSUE de bicicleta de carretera o de monta\u00f1a para 10 velocidades. Disponible desde 38,95 euros.","breadcrumb":{"@id":"https:\/\/veloaxe.com\/producto\/cadenas-fsa-team-issue-10v\/#breadcrumb"},"inLanguage":"fr-FR","potentialAction":[{"@type":"ReadAction","target":["https:\/\/veloaxe.com\/producto\/cadenas-fsa-team-issue-10v\/"]}]},{"@type":"ImageObject","inLanguage":"fr-FR","@id":"https:\/\/veloaxe.com\/producto\/cadenas-fsa-team-issue-10v\/#primaryimage","url":"https:\/\/veloaxe.com\/wp-content\/uploads\/2022\/08\/1200_1500_15____1__chaine-fsa-10v_3708-e1666851257764.png","contentUrl":"https:\/\/veloaxe.com\/wp-content\/uploads\/2022\/08\/1200_1500_15____1__chaine-fsa-10v_3708-e1666851257764.png","width":1200,"height":1046,"caption":"Cadena FSA team issue 10v."},{"@type":"BreadcrumbList","@id":"https:\/\/veloaxe.com\/producto\/cadenas-fsa-team-issue-10v\/#breadcrumb","itemListElement":[{"@type":"ListItem","position":1,"name":"Portada","item":"https:\/\/paleturquoise-herring-271034.hostingersite.com\/"},{"@type":"ListItem","position":2,"name":"Shop","item":"https:\/\/paleturquoise-herring-271034.hostingersite.com\/shop\/"},{"@type":"ListItem","position":3,"name":"CADENA FSA TEAM ISSUE 10v"}]},{"@type":"WebSite","@id":"https:\/\/veloaxe.com\/#website","url":"https:\/\/veloaxe.com\/","name":"Boutique de v\u00e9lo en ligne | VELOAXE","description":"Descubre una amplia selecci\u00f3n de bicicletas de alta calidad, desde modelos urbanos y de monta\u00f1a hasta bicicletas de carretera de \u00faltima generaci\u00f3n. Con un servicio experto y accesorios especializados, estamos comprometidos a brindarte la mejor experiencia ciclista.","publisher":{"@id":"https:\/\/veloaxe.com\/#organization"},"potentialAction":[{"@type":"SearchAction","target":{"@type":"EntryPoint","urlTemplate":"https:\/\/veloaxe.com\/?s={search_term_string}"},"query-input":{"@type":"PropertyValueSpecification","valueRequired":true,"valueName":"search_term_string"}}],"inLanguage":"fr-FR"},{"@type":"Organization","@id":"https:\/\/veloaxe.com\/#organization","name":"Boutique de v\u00e9lo en ligne | VELOAXE","url":"https:\/\/veloaxe.com\/","logo":{"@type":"ImageObject","inLanguage":"fr-FR","@id":"https:\/\/veloaxe.com\/#\/schema\/logo\/image\/","url":"https:\/\/veloaxe.com\/wp-content\/uploads\/2026\/01\/cropped-logo-1.jpg","contentUrl":"https:\/\/veloaxe.com\/wp-content\/uploads\/2026\/01\/cropped-logo-1.jpg","width":1273,"height":363,"caption":"Tienda de bicicletas | VELOAXE"},"image":{"@id":"https:\/\/veloaxe.com\/#\/schema\/logo\/image\/"},"sameAs":["https:\/\/www.facebook.com\/veloaxe"]}]}},"_links":{"self":[{"href":"https:\/\/veloaxe.com\/fr\/wp-json\/wp\/v2\/product\/383","targetHints":{"allow":["GET"]}}],"collection":[{"href":"https:\/\/veloaxe.com\/fr\/wp-json\/wp\/v2\/product"}],"about":[{"href":"https:\/\/veloaxe.com\/fr\/wp-json\/wp\/v2\/types\/product"}],"replies":[{"embeddable":true,"href":"https:\/\/veloaxe.com\/fr\/wp-json\/wp\/v2\/comments?post=383"}],"wp:featuredmedia":[{"embeddable":true,"href":"https:\/\/veloaxe.com\/fr\/wp-json\/wp\/v2\/media\/353"}],"wp:attachment":[{"href":"https:\/\/veloaxe.com\/fr\/wp-json\/wp\/v2\/media?parent=383"}],"wp:term":[{"taxonomy":"product_brand","embeddable":true,"href":"https:\/\/veloaxe.com\/fr\/wp-json\/wp\/v2\/product_brand?post=383"},{"taxonomy":"product_cat","embeddable":true,"href":"https:\/\/veloaxe.com\/fr\/wp-json\/wp\/v2\/product_cat?post=383"},{"taxonomy":"product_tag","embeddable":true,"href":"https:\/\/veloaxe.com\/fr\/wp-json\/wp\/v2\/product_tag?post=383"}],"curies":[{"name":"wp","href":"https:\/\/api.w.org\/{rel}","templated":true}]}}