{"id":389,"date":"2022-08-25T17:30:36","date_gmt":"2022-08-25T17:30:36","guid":{"rendered":"https:\/\/veloaxe.com\/?post_type=product&#038;p=389"},"modified":"2025-11-05T16:36:47","modified_gmt":"2025-11-05T16:36:47","slug":"adaptator-sram-megaexo-pressfit-30-bsa","status":"publish","type":"product","link":"https:\/\/veloaxe.com\/fr\/producto\/adaptator-sram-megaexo-pressfit-30-bsa\/","title":{"rendered":"ADAPTATOR SRAM MEGAEXO BSA \/ Pressfit 30 (46mm)"},"content":{"rendered":"<p><span style=\"color: #000000;\">El adaptador <strong>SRAM<\/strong> est\u00e1 hecho para montar rodamientos atornillados (BSA) <strong>MEGAEXO<\/strong> (24 mm). Se adapta a cuadros con pedalier PressFit 30 (46 mm). El montaje de las cajas es muy sencillo y f\u00e1cil de realizar.<\/span><\/p>","protected":false},"excerpt":{"rendered":"<p>El adaptador SRAM est\u00e1 hecho para montar rodamientos atornillados (BSA) MEGAEXO (24 mm). Se adapta a cuadros con pedalier PressFit 30 (46 mm). El montaje de las cajas es muy sencillo y f\u00e1cil de realizar.<\/p>","protected":false},"featured_media":376,"comment_status":"open","ping_status":"closed","template":"","meta":[],"product_brand":[],"product_cat":[16,29,27],"product_tag":[],"class_list":{"0":"post-389","1":"product","2":"type-product","3":"status-publish","4":"has-post-thumbnail","6":"product_cat-carretera-gravel-bicicletas","7":"product_cat-cartucho-de-pedalier","8":"product_cat-transmision-para-bicicleta","9":"product_shipping_class-no-bicicletas","11":"first","12":"instock","13":"sale","14":"shipping-taxable","15":"purchasable","16":"product-type-simple"},"yoast_head":"<!-- This site is optimized with the Yoast SEO plugin v27.6 - https:\/\/yoast.com\/product\/yoast-seo-wordpress\/ -->\n<title>ADAPTATOR SRAM MEGAEXO \/ BB30 (46mm) | VELOAXE.COM<\/title>\n<meta name=\"description\" content=\"ADAPTATOR SRAM MEGAEXO \/ BB30 (46mm) - El adaptador SRAM permite montar rodamientos MEGAEXO en un cuadro BB30 de 46 mm. disponible al mejor precio.\" \/>\n<meta name=\"robots\" content=\"index, follow, max-snippet:-1, max-image-preview:large, max-video-preview:-1\" \/>\n<link rel=\"canonical\" href=\"https:\/\/veloaxe.com\/fr\/produit\/adaptator-sram-megaexo-pressfit-30-bsa\/\" \/>\n<meta property=\"og:locale\" content=\"fr_FR\" \/>\n<meta property=\"og:type\" content=\"article\" \/>\n<meta property=\"og:title\" content=\"ADAPTATOR SRAM MEGAEXO \/ BB30 (46mm) | VELOAXE.COM\" \/>\n<meta property=\"og:description\" content=\"ADAPTATOR SRAM MEGAEXO \/ BB30 (46mm) - El adaptador SRAM permite montar rodamientos MEGAEXO en un cuadro BB30 de 46 mm. disponible al mejor precio.\" \/>\n<meta property=\"og:url\" content=\"https:\/\/veloaxe.com\/fr\/produit\/adaptator-sram-megaexo-pressfit-30-bsa\/\" \/>\n<meta property=\"og:site_name\" content=\"Tienda de bicicletas | VELOAXE\" \/>\n<meta property=\"article:publisher\" content=\"https:\/\/www.facebook.com\/veloaxe\" \/>\n<meta property=\"article:modified_time\" content=\"2025-11-05T16:36:47+00:00\" \/>\n<meta property=\"og:image\" content=\"https:\/\/veloaxe.com\/wp-content\/uploads\/2022\/08\/1200_1500_20____1__adaptateur-sram_4737-e1666867844208.png\" \/>\n\t<meta property=\"og:image:width\" content=\"903\" \/>\n\t<meta property=\"og:image:height\" content=\"742\" \/>\n\t<meta property=\"og:image:type\" content=\"image\/png\" \/>\n<meta name=\"twitter:card\" content=\"summary_large_image\" \/>\n<meta name=\"twitter:label1\" content=\"Dur\u00e9e de lecture estim\u00e9e\" \/>\n\t<meta name=\"twitter:data1\" content=\"1 minute\" \/>\n<script type=\"application\/ld+json\" class=\"yoast-schema-graph\">{\"@context\":\"https:\\\/\\\/schema.org\",\"@graph\":[{\"@type\":\"WebPage\",\"@id\":\"https:\\\/\\\/veloaxe.com\\\/producto\\\/adaptator-sram-megaexo-pressfit-30-bsa\\\/\",\"url\":\"https:\\\/\\\/veloaxe.com\\\/producto\\\/adaptator-sram-megaexo-pressfit-30-bsa\\\/\",\"name\":\"ADAPTATOR SRAM MEGAEXO \\\/ BB30 (46mm) | VELOAXE.COM\",\"isPartOf\":{\"@id\":\"https:\\\/\\\/veloaxe.com\\\/#website\"},\"primaryImageOfPage\":{\"@id\":\"https:\\\/\\\/veloaxe.com\\\/producto\\\/adaptator-sram-megaexo-pressfit-30-bsa\\\/#primaryimage\"},\"image\":{\"@id\":\"https:\\\/\\\/veloaxe.com\\\/producto\\\/adaptator-sram-megaexo-pressfit-30-bsa\\\/#primaryimage\"},\"thumbnailUrl\":\"https:\\\/\\\/veloaxe.com\\\/wp-content\\\/uploads\\\/2022\\\/08\\\/1200_1500_20____1__adaptateur-sram_4737-e1666867844208.png\",\"datePublished\":\"2022-08-25T17:30:36+00:00\",\"dateModified\":\"2025-11-05T16:36:47+00:00\",\"description\":\"ADAPTATOR SRAM MEGAEXO \\\/ BB30 (46mm) - El adaptador SRAM permite montar rodamientos MEGAEXO en un cuadro BB30 de 46 mm. disponible al mejor precio.\",\"breadcrumb\":{\"@id\":\"https:\\\/\\\/veloaxe.com\\\/producto\\\/adaptator-sram-megaexo-pressfit-30-bsa\\\/#breadcrumb\"},\"inLanguage\":\"fr-FR\",\"potentialAction\":[{\"@type\":\"ReadAction\",\"target\":[\"https:\\\/\\\/veloaxe.com\\\/producto\\\/adaptator-sram-megaexo-pressfit-30-bsa\\\/\"]}]},{\"@type\":\"ImageObject\",\"inLanguage\":\"fr-FR\",\"@id\":\"https:\\\/\\\/veloaxe.com\\\/producto\\\/adaptator-sram-megaexo-pressfit-30-bsa\\\/#primaryimage\",\"url\":\"https:\\\/\\\/veloaxe.com\\\/wp-content\\\/uploads\\\/2022\\\/08\\\/1200_1500_20____1__adaptateur-sram_4737-e1666867844208.png\",\"contentUrl\":\"https:\\\/\\\/veloaxe.com\\\/wp-content\\\/uploads\\\/2022\\\/08\\\/1200_1500_20____1__adaptateur-sram_4737-e1666867844208.png\",\"width\":903,\"height\":742,\"caption\":\"Adaptator SRAM megaexo para cuadro BB30 46mm.\"},{\"@type\":\"BreadcrumbList\",\"@id\":\"https:\\\/\\\/veloaxe.com\\\/producto\\\/adaptator-sram-megaexo-pressfit-30-bsa\\\/#breadcrumb\",\"itemListElement\":[{\"@type\":\"ListItem\",\"position\":1,\"name\":\"Portada\",\"item\":\"https:\\\/\\\/veloaxe.com\\\/\"},{\"@type\":\"ListItem\",\"position\":2,\"name\":\"Shop\",\"item\":\"https:\\\/\\\/paleturquoise-herring-271034.hostingersite.com\\\/shop\\\/\"},{\"@type\":\"ListItem\",\"position\":3,\"name\":\"ADAPTATOR SRAM MEGAEXO BSA \\\/ Pressfit 30 (46mm)\"}]},{\"@type\":\"WebSite\",\"@id\":\"https:\\\/\\\/veloaxe.com\\\/#website\",\"url\":\"https:\\\/\\\/veloaxe.com\\\/\",\"name\":\"Tienda de bicicletas | VELOAXE\",\"description\":\"Descubre una amplia selecci\u00f3n de bicicletas de alta calidad, desde modelos urbanos y de monta\u00f1a hasta bicicletas de carretera de \u00faltima generaci\u00f3n. Con un servicio experto y accesorios especializados, estamos comprometidos a brindarte la mejor experiencia ciclista.\",\"publisher\":{\"@id\":\"https:\\\/\\\/veloaxe.com\\\/#organization\"},\"potentialAction\":[{\"@type\":\"SearchAction\",\"target\":{\"@type\":\"EntryPoint\",\"urlTemplate\":\"https:\\\/\\\/veloaxe.com\\\/?s={search_term_string}\"},\"query-input\":{\"@type\":\"PropertyValueSpecification\",\"valueRequired\":true,\"valueName\":\"search_term_string\"}}],\"inLanguage\":\"fr-FR\"},{\"@type\":\"Organization\",\"@id\":\"https:\\\/\\\/veloaxe.com\\\/#organization\",\"name\":\"Tienda de bicicletas | VELOAXE\",\"url\":\"https:\\\/\\\/veloaxe.com\\\/\",\"logo\":{\"@type\":\"ImageObject\",\"inLanguage\":\"fr-FR\",\"@id\":\"https:\\\/\\\/veloaxe.com\\\/#\\\/schema\\\/logo\\\/image\\\/\",\"url\":\"https:\\\/\\\/veloaxe.com\\\/wp-content\\\/uploads\\\/2026\\\/01\\\/cropped-logo-1.jpg\",\"contentUrl\":\"https:\\\/\\\/veloaxe.com\\\/wp-content\\\/uploads\\\/2026\\\/01\\\/cropped-logo-1.jpg\",\"width\":1273,\"height\":363,\"caption\":\"Tienda de bicicletas | VELOAXE\"},\"image\":{\"@id\":\"https:\\\/\\\/veloaxe.com\\\/#\\\/schema\\\/logo\\\/image\\\/\"},\"sameAs\":[\"https:\\\/\\\/www.facebook.com\\\/veloaxe\"]}]}<\/script>\n<!-- \/ Yoast SEO plugin. -->","yoast_head_json":{"title":"ADAPTATOR SRAM MEGAEXO \/ BB30 (46mm) | VELOAXE.COM","description":"ADAPTATOR SRAM MEGAEXO \/ BB30 (46mm) - El adaptador SRAM permite montar rodamientos MEGAEXO en un cuadro BB30 de 46 mm. disponible al mejor precio.","robots":{"index":"index","follow":"follow","max-snippet":"max-snippet:-1","max-image-preview":"max-image-preview:large","max-video-preview":"max-video-preview:-1"},"canonical":"https:\/\/veloaxe.com\/fr\/produit\/adaptator-sram-megaexo-pressfit-30-bsa\/","og_locale":"fr_FR","og_type":"article","og_title":"ADAPTATOR SRAM MEGAEXO \/ BB30 (46mm) | VELOAXE.COM","og_description":"ADAPTATOR SRAM MEGAEXO \/ BB30 (46mm) - El adaptador SRAM permite montar rodamientos MEGAEXO en un cuadro BB30 de 46 mm. disponible al mejor precio.","og_url":"https:\/\/veloaxe.com\/fr\/produit\/adaptator-sram-megaexo-pressfit-30-bsa\/","og_site_name":"Tienda de bicicletas | VELOAXE","article_publisher":"https:\/\/www.facebook.com\/veloaxe","article_modified_time":"2025-11-05T16:36:47+00:00","og_image":[{"width":903,"height":742,"url":"https:\/\/veloaxe.com\/wp-content\/uploads\/2022\/08\/1200_1500_20____1__adaptateur-sram_4737-e1666867844208.png","type":"image\/png"}],"twitter_card":"summary_large_image","twitter_misc":{"Dur\u00e9e de lecture estim\u00e9e":"1 minute"},"schema":{"@context":"https:\/\/schema.org","@graph":[{"@type":"WebPage","@id":"https:\/\/veloaxe.com\/producto\/adaptator-sram-megaexo-pressfit-30-bsa\/","url":"https:\/\/veloaxe.com\/producto\/adaptator-sram-megaexo-pressfit-30-bsa\/","name":"ADAPTATOR SRAM MEGAEXO \/ BB30 (46mm) | VELOAXE.COM","isPartOf":{"@id":"https:\/\/veloaxe.com\/#website"},"primaryImageOfPage":{"@id":"https:\/\/veloaxe.com\/producto\/adaptator-sram-megaexo-pressfit-30-bsa\/#primaryimage"},"image":{"@id":"https:\/\/veloaxe.com\/producto\/adaptator-sram-megaexo-pressfit-30-bsa\/#primaryimage"},"thumbnailUrl":"https:\/\/veloaxe.com\/wp-content\/uploads\/2022\/08\/1200_1500_20____1__adaptateur-sram_4737-e1666867844208.png","datePublished":"2022-08-25T17:30:36+00:00","dateModified":"2025-11-05T16:36:47+00:00","description":"ADAPTATOR SRAM MEGAEXO \/ BB30 (46mm) - El adaptador SRAM permite montar rodamientos MEGAEXO en un cuadro BB30 de 46 mm. disponible al mejor precio.","breadcrumb":{"@id":"https:\/\/veloaxe.com\/producto\/adaptator-sram-megaexo-pressfit-30-bsa\/#breadcrumb"},"inLanguage":"fr-FR","potentialAction":[{"@type":"ReadAction","target":["https:\/\/veloaxe.com\/producto\/adaptator-sram-megaexo-pressfit-30-bsa\/"]}]},{"@type":"ImageObject","inLanguage":"fr-FR","@id":"https:\/\/veloaxe.com\/producto\/adaptator-sram-megaexo-pressfit-30-bsa\/#primaryimage","url":"https:\/\/veloaxe.com\/wp-content\/uploads\/2022\/08\/1200_1500_20____1__adaptateur-sram_4737-e1666867844208.png","contentUrl":"https:\/\/veloaxe.com\/wp-content\/uploads\/2022\/08\/1200_1500_20____1__adaptateur-sram_4737-e1666867844208.png","width":903,"height":742,"caption":"Adaptator SRAM megaexo para cuadro BB30 46mm."},{"@type":"BreadcrumbList","@id":"https:\/\/veloaxe.com\/producto\/adaptator-sram-megaexo-pressfit-30-bsa\/#breadcrumb","itemListElement":[{"@type":"ListItem","position":1,"name":"Portada","item":"https:\/\/veloaxe.com\/"},{"@type":"ListItem","position":2,"name":"Shop","item":"https:\/\/paleturquoise-herring-271034.hostingersite.com\/shop\/"},{"@type":"ListItem","position":3,"name":"ADAPTATOR SRAM MEGAEXO BSA \/ Pressfit 30 (46mm)"}]},{"@type":"WebSite","@id":"https:\/\/veloaxe.com\/#website","url":"https:\/\/veloaxe.com\/","name":"Boutique de v\u00e9lo en ligne | VELOAXE","description":"Descubre una amplia selecci\u00f3n de bicicletas de alta calidad, desde modelos urbanos y de monta\u00f1a hasta bicicletas de carretera de \u00faltima generaci\u00f3n. Con un servicio experto y accesorios especializados, estamos comprometidos a brindarte la mejor experiencia ciclista.","publisher":{"@id":"https:\/\/veloaxe.com\/#organization"},"potentialAction":[{"@type":"SearchAction","target":{"@type":"EntryPoint","urlTemplate":"https:\/\/veloaxe.com\/?s={search_term_string}"},"query-input":{"@type":"PropertyValueSpecification","valueRequired":true,"valueName":"search_term_string"}}],"inLanguage":"fr-FR"},{"@type":"Organization","@id":"https:\/\/veloaxe.com\/#organization","name":"Boutique de v\u00e9lo en ligne | VELOAXE","url":"https:\/\/veloaxe.com\/","logo":{"@type":"ImageObject","inLanguage":"fr-FR","@id":"https:\/\/veloaxe.com\/#\/schema\/logo\/image\/","url":"https:\/\/veloaxe.com\/wp-content\/uploads\/2026\/01\/cropped-logo-1.jpg","contentUrl":"https:\/\/veloaxe.com\/wp-content\/uploads\/2026\/01\/cropped-logo-1.jpg","width":1273,"height":363,"caption":"Tienda de bicicletas | VELOAXE"},"image":{"@id":"https:\/\/veloaxe.com\/#\/schema\/logo\/image\/"},"sameAs":["https:\/\/www.facebook.com\/veloaxe"]}]}},"_links":{"self":[{"href":"https:\/\/veloaxe.com\/fr\/wp-json\/wp\/v2\/product\/389","targetHints":{"allow":["GET"]}}],"collection":[{"href":"https:\/\/veloaxe.com\/fr\/wp-json\/wp\/v2\/product"}],"about":[{"href":"https:\/\/veloaxe.com\/fr\/wp-json\/wp\/v2\/types\/product"}],"replies":[{"embeddable":true,"href":"https:\/\/veloaxe.com\/fr\/wp-json\/wp\/v2\/comments?post=389"}],"wp:featuredmedia":[{"embeddable":true,"href":"https:\/\/veloaxe.com\/fr\/wp-json\/wp\/v2\/media\/376"}],"wp:attachment":[{"href":"https:\/\/veloaxe.com\/fr\/wp-json\/wp\/v2\/media?parent=389"}],"wp:term":[{"taxonomy":"product_brand","embeddable":true,"href":"https:\/\/veloaxe.com\/fr\/wp-json\/wp\/v2\/product_brand?post=389"},{"taxonomy":"product_cat","embeddable":true,"href":"https:\/\/veloaxe.com\/fr\/wp-json\/wp\/v2\/product_cat?post=389"},{"taxonomy":"product_tag","embeddable":true,"href":"https:\/\/veloaxe.com\/fr\/wp-json\/wp\/v2\/product_tag?post=389"}],"curies":[{"name":"wp","href":"https:\/\/api.w.org\/{rel}","templated":true}]}}