{"id":405,"date":"2022-08-25T17:30:37","date_gmt":"2022-08-25T17:30:37","guid":{"rendered":"https:\/\/veloaxe.com\/?post_type=product&#038;p=405"},"modified":"2025-11-03T11:28:55","modified_gmt":"2025-11-03T11:28:55","slug":"pastillas-de-freno-swiss-stop-flash-aluminio-negro","status":"publish","type":"product","link":"https:\/\/veloaxe.com\/fr\/producto\/pastillas-de-freno-swiss-stop-flash-aluminio-negro\/","title":{"rendered":"PASTILLAS DE FRENO SWISS-STOP FLASH ALUMINIO &#8211; Negro"},"content":{"rendered":"<p><span style=\"color: #000000;\">Los <strong>PATINES NEGROS SWISS-STOP FLASH<\/strong> son para ruedas <strong>ALU<\/strong>. Las almohadillas Swiss-stop brindan una potencia de frenado absoluta en climas <strong>HUMEDOS Y SECOS<\/strong> con precisi\u00f3n de sincronizaci\u00f3n en llantas <strong>ALU<\/strong>. Sin ruido durante el frenado y desgaste reducido. Su sensaci\u00f3n al frenar es superior, aqu\u00ed est\u00e1n las pastillas que usan los buenos pilotos que buscan una frenada <strong>POTENTE<\/strong>.<\/span><\/p>\n<p><span style=\"color: #000000;\">Entregado por 4 almohadillas<\/span><\/p>\n<p><span style=\"color: #000000;\"><strong>COMPATIBLES SHIMANO \/ SRAM \/ CAMPAGNOLO<\/strong><\/span><\/p>","protected":false},"excerpt":{"rendered":"<p>Los PATINES NEGROS SWISS-STOP FLASH son para ruedas ALU. Las almohadillas Swiss-stop brindan una potencia de frenado absoluta en climas HUMEDOS Y SECOS con precisi\u00f3n de sincronizaci\u00f3n en llantas ALU. Sin ruido durante el frenado y desgaste reducido. Su sensaci\u00f3n al frenar es superior, aqu\u00ed est\u00e1n las pastillas que usan los buenos pilotos que buscan [&hellip;]<\/p>\n","protected":false},"featured_media":419,"comment_status":"open","ping_status":"closed","template":"","meta":[],"product_brand":[],"product_cat":[16,33,35],"product_tag":[],"class_list":{"0":"post-405","1":"product","2":"type-product","3":"status-publish","4":"has-post-thumbnail","6":"product_cat-carretera-gravel-bicicletas","7":"product_cat-frenado-para-bicicleta-de-carretera","8":"product_cat-pastillas-de-freno","9":"product_shipping_class-no-bicicletas","11":"first","12":"instock","13":"sale","14":"shipping-taxable","15":"purchasable","16":"product-type-simple"},"yoast_head":"<!-- This site is optimized with the Yoast SEO plugin v27.6 - https:\/\/yoast.com\/product\/yoast-seo-wordpress\/ -->\n<title>PASTILLAS DE FRENO SWISSSTOP FLASH | VELOAXE.COM<\/title>\n<meta name=\"description\" content=\"PASTILLAS DE FRENO SWISSSTOP FLASH NEGRO - Las pastillas de freno SWISSSTOP FLASH est\u00e1n hechas para obtener un mejor frenado en ruedas de aluminio.\" \/>\n<meta name=\"robots\" content=\"index, follow, max-snippet:-1, max-image-preview:large, max-video-preview:-1\" \/>\n<link rel=\"canonical\" href=\"https:\/\/veloaxe.com\/fr\/produit\/pastillas-de-freno-swiss-stop-flash-aluminio-negro\/\" \/>\n<meta property=\"og:locale\" content=\"fr_FR\" \/>\n<meta property=\"og:type\" content=\"article\" \/>\n<meta property=\"og:title\" content=\"PASTILLAS DE FRENO SWISSSTOP FLASH | VELOAXE.COM\" \/>\n<meta property=\"og:description\" content=\"PASTILLAS DE FRENO SWISSSTOP FLASH NEGRO - Las pastillas de freno SWISSSTOP FLASH est\u00e1n hechas para obtener un mejor frenado en ruedas de aluminio.\" \/>\n<meta property=\"og:url\" content=\"https:\/\/veloaxe.com\/fr\/produit\/pastillas-de-freno-swiss-stop-flash-aluminio-negro\/\" \/>\n<meta property=\"og:site_name\" content=\"Tienda de bicicletas | VELOAXE\" \/>\n<meta property=\"article:publisher\" content=\"https:\/\/www.facebook.com\/veloaxe\" \/>\n<meta property=\"article:modified_time\" content=\"2025-11-03T11:28:55+00:00\" \/>\n<meta property=\"og:image\" content=\"https:\/\/veloaxe.com\/wp-content\/uploads\/2022\/08\/1200_1500_31____1__patin-swissstop-alu_4612-e1666848426655.png\" \/>\n\t<meta property=\"og:image:width\" content=\"967\" \/>\n\t<meta property=\"og:image:height\" content=\"787\" \/>\n\t<meta property=\"og:image:type\" content=\"image\/png\" \/>\n<meta name=\"twitter:card\" content=\"summary_large_image\" \/>\n<meta name=\"twitter:label1\" content=\"Dur\u00e9e de lecture estim\u00e9e\" \/>\n\t<meta name=\"twitter:data1\" content=\"1 minute\" \/>\n<script type=\"application\/ld+json\" class=\"yoast-schema-graph\">{\"@context\":\"https:\\\/\\\/schema.org\",\"@graph\":[{\"@type\":\"WebPage\",\"@id\":\"https:\\\/\\\/veloaxe.com\\\/producto\\\/pastillas-de-freno-swiss-stop-flash-aluminio-negro\\\/\",\"url\":\"https:\\\/\\\/veloaxe.com\\\/producto\\\/pastillas-de-freno-swiss-stop-flash-aluminio-negro\\\/\",\"name\":\"PASTILLAS DE FRENO SWISSSTOP FLASH | VELOAXE.COM\",\"isPartOf\":{\"@id\":\"https:\\\/\\\/veloaxe.com\\\/#website\"},\"primaryImageOfPage\":{\"@id\":\"https:\\\/\\\/veloaxe.com\\\/producto\\\/pastillas-de-freno-swiss-stop-flash-aluminio-negro\\\/#primaryimage\"},\"image\":{\"@id\":\"https:\\\/\\\/veloaxe.com\\\/producto\\\/pastillas-de-freno-swiss-stop-flash-aluminio-negro\\\/#primaryimage\"},\"thumbnailUrl\":\"https:\\\/\\\/veloaxe.com\\\/wp-content\\\/uploads\\\/2022\\\/08\\\/1200_1500_31____1__patin-swissstop-alu_4612-e1666848426655.png\",\"datePublished\":\"2022-08-25T17:30:37+00:00\",\"dateModified\":\"2025-11-03T11:28:55+00:00\",\"description\":\"PASTILLAS DE FRENO SWISSSTOP FLASH NEGRO - Las pastillas de freno SWISSSTOP FLASH est\u00e1n hechas para obtener un mejor frenado en ruedas de aluminio.\",\"breadcrumb\":{\"@id\":\"https:\\\/\\\/veloaxe.com\\\/producto\\\/pastillas-de-freno-swiss-stop-flash-aluminio-negro\\\/#breadcrumb\"},\"inLanguage\":\"fr-FR\",\"potentialAction\":[{\"@type\":\"ReadAction\",\"target\":[\"https:\\\/\\\/veloaxe.com\\\/producto\\\/pastillas-de-freno-swiss-stop-flash-aluminio-negro\\\/\"]}]},{\"@type\":\"ImageObject\",\"inLanguage\":\"fr-FR\",\"@id\":\"https:\\\/\\\/veloaxe.com\\\/producto\\\/pastillas-de-freno-swiss-stop-flash-aluminio-negro\\\/#primaryimage\",\"url\":\"https:\\\/\\\/veloaxe.com\\\/wp-content\\\/uploads\\\/2022\\\/08\\\/1200_1500_31____1__patin-swissstop-alu_4612-e1666848426655.png\",\"contentUrl\":\"https:\\\/\\\/veloaxe.com\\\/wp-content\\\/uploads\\\/2022\\\/08\\\/1200_1500_31____1__patin-swissstop-alu_4612-e1666848426655.png\",\"width\":967,\"height\":787,\"caption\":\"Pastillas de freno swissstop flash para llantas aluminio.\"},{\"@type\":\"BreadcrumbList\",\"@id\":\"https:\\\/\\\/veloaxe.com\\\/producto\\\/pastillas-de-freno-swiss-stop-flash-aluminio-negro\\\/#breadcrumb\",\"itemListElement\":[{\"@type\":\"ListItem\",\"position\":1,\"name\":\"Portada\",\"item\":\"https:\\\/\\\/veloaxe.com\\\/\"},{\"@type\":\"ListItem\",\"position\":2,\"name\":\"Shop\",\"item\":\"https:\\\/\\\/paleturquoise-herring-271034.hostingersite.com\\\/shop\\\/\"},{\"@type\":\"ListItem\",\"position\":3,\"name\":\"PASTILLAS DE FRENO SWISS-STOP FLASH ALUMINIO &#8211; Negro\"}]},{\"@type\":\"WebSite\",\"@id\":\"https:\\\/\\\/veloaxe.com\\\/#website\",\"url\":\"https:\\\/\\\/veloaxe.com\\\/\",\"name\":\"Tienda de bicicletas | VELOAXE\",\"description\":\"Descubre una amplia selecci\u00f3n de bicicletas de alta calidad, desde modelos urbanos y de monta\u00f1a hasta bicicletas de carretera de \u00faltima generaci\u00f3n. Con un servicio experto y accesorios especializados, estamos comprometidos a brindarte la mejor experiencia ciclista.\",\"publisher\":{\"@id\":\"https:\\\/\\\/veloaxe.com\\\/#organization\"},\"potentialAction\":[{\"@type\":\"SearchAction\",\"target\":{\"@type\":\"EntryPoint\",\"urlTemplate\":\"https:\\\/\\\/veloaxe.com\\\/?s={search_term_string}\"},\"query-input\":{\"@type\":\"PropertyValueSpecification\",\"valueRequired\":true,\"valueName\":\"search_term_string\"}}],\"inLanguage\":\"fr-FR\"},{\"@type\":\"Organization\",\"@id\":\"https:\\\/\\\/veloaxe.com\\\/#organization\",\"name\":\"Tienda de bicicletas | VELOAXE\",\"url\":\"https:\\\/\\\/veloaxe.com\\\/\",\"logo\":{\"@type\":\"ImageObject\",\"inLanguage\":\"fr-FR\",\"@id\":\"https:\\\/\\\/veloaxe.com\\\/#\\\/schema\\\/logo\\\/image\\\/\",\"url\":\"https:\\\/\\\/veloaxe.com\\\/wp-content\\\/uploads\\\/2026\\\/01\\\/cropped-logo-1.jpg\",\"contentUrl\":\"https:\\\/\\\/veloaxe.com\\\/wp-content\\\/uploads\\\/2026\\\/01\\\/cropped-logo-1.jpg\",\"width\":1273,\"height\":363,\"caption\":\"Tienda de bicicletas | VELOAXE\"},\"image\":{\"@id\":\"https:\\\/\\\/veloaxe.com\\\/#\\\/schema\\\/logo\\\/image\\\/\"},\"sameAs\":[\"https:\\\/\\\/www.facebook.com\\\/veloaxe\"]}]}<\/script>\n<!-- \/ Yoast SEO plugin. -->","yoast_head_json":{"title":"PASTILLAS DE FRENO SWISSSTOP FLASH | VELOAXE.COM","description":"PASTILLAS DE FRENO SWISSSTOP FLASH NEGRO - Las pastillas de freno SWISSSTOP FLASH est\u00e1n hechas para obtener un mejor frenado en ruedas de aluminio.","robots":{"index":"index","follow":"follow","max-snippet":"max-snippet:-1","max-image-preview":"max-image-preview:large","max-video-preview":"max-video-preview:-1"},"canonical":"https:\/\/veloaxe.com\/fr\/produit\/pastillas-de-freno-swiss-stop-flash-aluminio-negro\/","og_locale":"fr_FR","og_type":"article","og_title":"PASTILLAS DE FRENO SWISSSTOP FLASH | VELOAXE.COM","og_description":"PASTILLAS DE FRENO SWISSSTOP FLASH NEGRO - Las pastillas de freno SWISSSTOP FLASH est\u00e1n hechas para obtener un mejor frenado en ruedas de aluminio.","og_url":"https:\/\/veloaxe.com\/fr\/produit\/pastillas-de-freno-swiss-stop-flash-aluminio-negro\/","og_site_name":"Tienda de bicicletas | VELOAXE","article_publisher":"https:\/\/www.facebook.com\/veloaxe","article_modified_time":"2025-11-03T11:28:55+00:00","og_image":[{"width":967,"height":787,"url":"https:\/\/veloaxe.com\/wp-content\/uploads\/2022\/08\/1200_1500_31____1__patin-swissstop-alu_4612-e1666848426655.png","type":"image\/png"}],"twitter_card":"summary_large_image","twitter_misc":{"Dur\u00e9e de lecture estim\u00e9e":"1 minute"},"schema":{"@context":"https:\/\/schema.org","@graph":[{"@type":"WebPage","@id":"https:\/\/veloaxe.com\/producto\/pastillas-de-freno-swiss-stop-flash-aluminio-negro\/","url":"https:\/\/veloaxe.com\/producto\/pastillas-de-freno-swiss-stop-flash-aluminio-negro\/","name":"PASTILLAS DE FRENO SWISSSTOP FLASH | VELOAXE.COM","isPartOf":{"@id":"https:\/\/veloaxe.com\/#website"},"primaryImageOfPage":{"@id":"https:\/\/veloaxe.com\/producto\/pastillas-de-freno-swiss-stop-flash-aluminio-negro\/#primaryimage"},"image":{"@id":"https:\/\/veloaxe.com\/producto\/pastillas-de-freno-swiss-stop-flash-aluminio-negro\/#primaryimage"},"thumbnailUrl":"https:\/\/veloaxe.com\/wp-content\/uploads\/2022\/08\/1200_1500_31____1__patin-swissstop-alu_4612-e1666848426655.png","datePublished":"2022-08-25T17:30:37+00:00","dateModified":"2025-11-03T11:28:55+00:00","description":"PASTILLAS DE FRENO SWISSSTOP FLASH NEGRO - Las pastillas de freno SWISSSTOP FLASH est\u00e1n hechas para obtener un mejor frenado en ruedas de aluminio.","breadcrumb":{"@id":"https:\/\/veloaxe.com\/producto\/pastillas-de-freno-swiss-stop-flash-aluminio-negro\/#breadcrumb"},"inLanguage":"fr-FR","potentialAction":[{"@type":"ReadAction","target":["https:\/\/veloaxe.com\/producto\/pastillas-de-freno-swiss-stop-flash-aluminio-negro\/"]}]},{"@type":"ImageObject","inLanguage":"fr-FR","@id":"https:\/\/veloaxe.com\/producto\/pastillas-de-freno-swiss-stop-flash-aluminio-negro\/#primaryimage","url":"https:\/\/veloaxe.com\/wp-content\/uploads\/2022\/08\/1200_1500_31____1__patin-swissstop-alu_4612-e1666848426655.png","contentUrl":"https:\/\/veloaxe.com\/wp-content\/uploads\/2022\/08\/1200_1500_31____1__patin-swissstop-alu_4612-e1666848426655.png","width":967,"height":787,"caption":"Pastillas de freno swissstop flash para llantas aluminio."},{"@type":"BreadcrumbList","@id":"https:\/\/veloaxe.com\/producto\/pastillas-de-freno-swiss-stop-flash-aluminio-negro\/#breadcrumb","itemListElement":[{"@type":"ListItem","position":1,"name":"Portada","item":"https:\/\/veloaxe.com\/"},{"@type":"ListItem","position":2,"name":"Shop","item":"https:\/\/paleturquoise-herring-271034.hostingersite.com\/shop\/"},{"@type":"ListItem","position":3,"name":"PASTILLAS DE FRENO SWISS-STOP FLASH ALUMINIO &#8211; Negro"}]},{"@type":"WebSite","@id":"https:\/\/veloaxe.com\/#website","url":"https:\/\/veloaxe.com\/","name":"Boutique de v\u00e9lo en ligne | VELOAXE","description":"D\u00e9couvrez une large s\u00e9lection de v\u00e9los de haute qualit\u00e9, des mod\u00e8les urbains et de montagne aux v\u00e9los de route de pointe. Avec un service d'experts et des accessoires sp\u00e9cialis\u00e9s, nous nous engageons \u00e0 vous offrir la meilleure exp\u00e9rience de cyclisme.","publisher":{"@id":"https:\/\/veloaxe.com\/#organization"},"potentialAction":[{"@type":"SearchAction","target":{"@type":"EntryPoint","urlTemplate":"https:\/\/veloaxe.com\/?s={search_term_string}"},"query-input":{"@type":"PropertyValueSpecification","valueRequired":true,"valueName":"search_term_string"}}],"inLanguage":"fr-FR"},{"@type":"Organization","@id":"https:\/\/veloaxe.com\/#organization","name":"Boutique de v\u00e9lo en ligne | VELOAXE","url":"https:\/\/veloaxe.com\/","logo":{"@type":"ImageObject","inLanguage":"fr-FR","@id":"https:\/\/veloaxe.com\/#\/schema\/logo\/image\/","url":"https:\/\/veloaxe.com\/wp-content\/uploads\/2026\/01\/cropped-logo-1.jpg","contentUrl":"https:\/\/veloaxe.com\/wp-content\/uploads\/2026\/01\/cropped-logo-1.jpg","width":1273,"height":363,"caption":"Tienda de bicicletas | VELOAXE"},"image":{"@id":"https:\/\/veloaxe.com\/#\/schema\/logo\/image\/"},"sameAs":["https:\/\/www.facebook.com\/veloaxe"]}]}},"_links":{"self":[{"href":"https:\/\/veloaxe.com\/fr\/wp-json\/wp\/v2\/product\/405","targetHints":{"allow":["GET"]}}],"collection":[{"href":"https:\/\/veloaxe.com\/fr\/wp-json\/wp\/v2\/product"}],"about":[{"href":"https:\/\/veloaxe.com\/fr\/wp-json\/wp\/v2\/types\/product"}],"replies":[{"embeddable":true,"href":"https:\/\/veloaxe.com\/fr\/wp-json\/wp\/v2\/comments?post=405"}],"wp:featuredmedia":[{"embeddable":true,"href":"https:\/\/veloaxe.com\/fr\/wp-json\/wp\/v2\/media\/419"}],"wp:attachment":[{"href":"https:\/\/veloaxe.com\/fr\/wp-json\/wp\/v2\/media?parent=405"}],"wp:term":[{"taxonomy":"product_brand","embeddable":true,"href":"https:\/\/veloaxe.com\/fr\/wp-json\/wp\/v2\/product_brand?post=405"},{"taxonomy":"product_cat","embeddable":true,"href":"https:\/\/veloaxe.com\/fr\/wp-json\/wp\/v2\/product_cat?post=405"},{"taxonomy":"product_tag","embeddable":true,"href":"https:\/\/veloaxe.com\/fr\/wp-json\/wp\/v2\/product_tag?post=405"}],"curies":[{"name":"wp","href":"https:\/\/api.w.org\/{rel}","templated":true}]}}