{"id":434,"date":"2022-08-25T17:30:51","date_gmt":"2022-08-25T17:30:51","guid":{"rendered":"https:\/\/veloaxe.com\/?post_type=product&#038;p=434"},"modified":"2026-03-01T16:35:33","modified_gmt":"2026-03-01T16:35:33","slug":"disco-shimano-ultegra-rt-mt800-160-mm","status":"publish","type":"product","link":"https:\/\/veloaxe.com\/fr\/producto\/disco-shimano-ultegra-rt-mt800-160-mm\/","title":{"rendered":"DISCO SHIMANO ULTEGRA RT-MT800 \/ 160 mm"},"content":{"rendered":"<p><span style=\"color: #000000;\">El disco <strong>SHIMANO ULTEGRA RT-MT800<\/strong> incorpora la tecnolog\u00eda <strong>SHIMANO ICE TECH FREEZA<\/strong> que permite una reducci\u00f3n del calor del 50% lo que permite garantizar una mayor durabilidad de las pastillas. La tecnolog\u00eda <strong>ICE TECH FREEZA<\/strong> tambi\u00e9n permite obtener una mejor frenada en un +20% gracias al dise\u00f1o del disco de 3 capas que facilita la evacuaci\u00f3n de las altas temperaturas durante la frenada.<\/span><\/p>\n<p><span style=\"color: #000000;\">FIJACI\u00d3N: BLOQUEO CENTRAL<\/span><\/p>\n<p><span style=\"color: #000000;\">DIAM\u00c8TRE : 160 mm<\/span><\/p>","protected":false},"excerpt":{"rendered":"<p>El disco SHIMANO ULTEGRA RT-MT800 incorpora la tecnolog\u00eda SHIMANO ICE TECH FREEZA que permite una reducci\u00f3n del calor del 50% lo que permite garantizar una mayor durabilidad de las pastillas. La tecnolog\u00eda ICE TECH FREEZA tambi\u00e9n permite obtener una mejor frenada en un +20% gracias al dise\u00f1o del disco de 3 capas que facilita la [&hellip;]<\/p>\n","protected":false},"featured_media":5571,"comment_status":"open","ping_status":"closed","template":"","meta":[],"product_brand":[],"product_cat":[16,36,33],"product_tag":[],"class_list":{"0":"post-434","1":"product","2":"type-product","3":"status-publish","4":"has-post-thumbnail","6":"product_cat-carretera-gravel-bicicletas","7":"product_cat-disco-para-bicicleta-de-carretera","8":"product_cat-frenado-para-bicicleta-de-carretera","9":"product_shipping_class-no-bicicletas","11":"first","12":"instock","13":"sale","14":"shipping-taxable","15":"purchasable","16":"product-type-simple"},"yoast_head":"<!-- This site is optimized with the Yoast SEO plugin v27.6 - https:\/\/yoast.com\/product\/yoast-seo-wordpress\/ -->\n<title>DISCO SHIMANO ULTEGRA RT-MT800 | VELOAXE.COM<\/title>\n<meta name=\"description\" content=\"DISCO SHIMANO ULTEGRA RT-MT800 160mm - El disco SHIMANO ULTEGRA garantiza un frenado preciso en todas las condiciones clim\u00e1ticas.\" \/>\n<meta name=\"robots\" content=\"index, follow, max-snippet:-1, max-image-preview:large, max-video-preview:-1\" \/>\n<link rel=\"canonical\" href=\"https:\/\/veloaxe.com\/fr\/produit\/disco-shimano-ultegra-rt-mt800-160-mm\/\" \/>\n<meta property=\"og:locale\" content=\"fr_FR\" \/>\n<meta property=\"og:type\" content=\"article\" \/>\n<meta property=\"og:title\" content=\"DISCO SHIMANO ULTEGRA RT-MT800 | VELOAXE.COM\" \/>\n<meta property=\"og:description\" content=\"DISCO SHIMANO ULTEGRA RT-MT800 160mm - El disco SHIMANO ULTEGRA garantiza un frenado preciso en todas las condiciones clim\u00e1ticas.\" \/>\n<meta property=\"og:url\" content=\"https:\/\/veloaxe.com\/fr\/produit\/disco-shimano-ultegra-rt-mt800-160-mm\/\" \/>\n<meta property=\"og:site_name\" content=\"Tienda de bicicletas | VELOAXE\" \/>\n<meta property=\"article:publisher\" content=\"https:\/\/www.facebook.com\/veloaxe\" \/>\n<meta property=\"article:modified_time\" content=\"2026-03-01T16:35:33+00:00\" \/>\n<meta property=\"og:image\" content=\"https:\/\/veloaxe.com\/wp-content\/uploads\/2022\/08\/disco-shimano-rt-mt-800.jpg\" \/>\n\t<meta property=\"og:image:width\" content=\"800\" \/>\n\t<meta property=\"og:image:height\" content=\"800\" \/>\n\t<meta property=\"og:image:type\" content=\"image\/jpeg\" \/>\n<meta name=\"twitter:card\" content=\"summary_large_image\" \/>\n<meta name=\"twitter:label1\" content=\"Dur\u00e9e de lecture estim\u00e9e\" \/>\n\t<meta name=\"twitter:data1\" content=\"1 minute\" \/>\n<script type=\"application\/ld+json\" class=\"yoast-schema-graph\">{\"@context\":\"https:\\\/\\\/schema.org\",\"@graph\":[{\"@type\":\"WebPage\",\"@id\":\"https:\\\/\\\/veloaxe.com\\\/producto\\\/disco-shimano-ultegra-rt-mt800-160-mm\\\/\",\"url\":\"https:\\\/\\\/veloaxe.com\\\/producto\\\/disco-shimano-ultegra-rt-mt800-160-mm\\\/\",\"name\":\"DISCO SHIMANO ULTEGRA RT-MT800 | VELOAXE.COM\",\"isPartOf\":{\"@id\":\"https:\\\/\\\/veloaxe.com\\\/#website\"},\"primaryImageOfPage\":{\"@id\":\"https:\\\/\\\/veloaxe.com\\\/producto\\\/disco-shimano-ultegra-rt-mt800-160-mm\\\/#primaryimage\"},\"image\":{\"@id\":\"https:\\\/\\\/veloaxe.com\\\/producto\\\/disco-shimano-ultegra-rt-mt800-160-mm\\\/#primaryimage\"},\"thumbnailUrl\":\"https:\\\/\\\/veloaxe.com\\\/wp-content\\\/uploads\\\/2022\\\/08\\\/disco-shimano-rt-mt-800.jpg\",\"datePublished\":\"2022-08-25T17:30:51+00:00\",\"dateModified\":\"2026-03-01T16:35:33+00:00\",\"description\":\"DISCO SHIMANO ULTEGRA RT-MT800 160mm - El disco SHIMANO ULTEGRA garantiza un frenado preciso en todas las condiciones clim\u00e1ticas.\",\"breadcrumb\":{\"@id\":\"https:\\\/\\\/veloaxe.com\\\/producto\\\/disco-shimano-ultegra-rt-mt800-160-mm\\\/#breadcrumb\"},\"inLanguage\":\"fr-FR\",\"potentialAction\":[{\"@type\":\"ReadAction\",\"target\":[\"https:\\\/\\\/veloaxe.com\\\/producto\\\/disco-shimano-ultegra-rt-mt800-160-mm\\\/\"]}]},{\"@type\":\"ImageObject\",\"inLanguage\":\"fr-FR\",\"@id\":\"https:\\\/\\\/veloaxe.com\\\/producto\\\/disco-shimano-ultegra-rt-mt800-160-mm\\\/#primaryimage\",\"url\":\"https:\\\/\\\/veloaxe.com\\\/wp-content\\\/uploads\\\/2022\\\/08\\\/disco-shimano-rt-mt-800.jpg\",\"contentUrl\":\"https:\\\/\\\/veloaxe.com\\\/wp-content\\\/uploads\\\/2022\\\/08\\\/disco-shimano-rt-mt-800.jpg\",\"width\":800,\"height\":800,\"caption\":\"Disco shimano ultegra rt-mt800 para bicicleta.\"},{\"@type\":\"BreadcrumbList\",\"@id\":\"https:\\\/\\\/veloaxe.com\\\/producto\\\/disco-shimano-ultegra-rt-mt800-160-mm\\\/#breadcrumb\",\"itemListElement\":[{\"@type\":\"ListItem\",\"position\":1,\"name\":\"Portada\",\"item\":\"https:\\\/\\\/veloaxe.com\\\/\"},{\"@type\":\"ListItem\",\"position\":2,\"name\":\"Shop\",\"item\":\"https:\\\/\\\/paleturquoise-herring-271034.hostingersite.com\\\/shop\\\/\"},{\"@type\":\"ListItem\",\"position\":3,\"name\":\"DISCO SHIMANO ULTEGRA RT-MT800 \\\/ 160 mm\"}]},{\"@type\":\"WebSite\",\"@id\":\"https:\\\/\\\/veloaxe.com\\\/#website\",\"url\":\"https:\\\/\\\/veloaxe.com\\\/\",\"name\":\"Tienda de bicicletas | VELOAXE\",\"description\":\"Descubre una amplia selecci\u00f3n de bicicletas de alta calidad, desde modelos urbanos y de monta\u00f1a hasta bicicletas de carretera de \u00faltima generaci\u00f3n. Con un servicio experto y accesorios especializados, estamos comprometidos a brindarte la mejor experiencia ciclista.\",\"publisher\":{\"@id\":\"https:\\\/\\\/veloaxe.com\\\/#organization\"},\"potentialAction\":[{\"@type\":\"SearchAction\",\"target\":{\"@type\":\"EntryPoint\",\"urlTemplate\":\"https:\\\/\\\/veloaxe.com\\\/?s={search_term_string}\"},\"query-input\":{\"@type\":\"PropertyValueSpecification\",\"valueRequired\":true,\"valueName\":\"search_term_string\"}}],\"inLanguage\":\"fr-FR\"},{\"@type\":\"Organization\",\"@id\":\"https:\\\/\\\/veloaxe.com\\\/#organization\",\"name\":\"Tienda de bicicletas | VELOAXE\",\"url\":\"https:\\\/\\\/veloaxe.com\\\/\",\"logo\":{\"@type\":\"ImageObject\",\"inLanguage\":\"fr-FR\",\"@id\":\"https:\\\/\\\/veloaxe.com\\\/#\\\/schema\\\/logo\\\/image\\\/\",\"url\":\"https:\\\/\\\/veloaxe.com\\\/wp-content\\\/uploads\\\/2026\\\/01\\\/cropped-logo-1.jpg\",\"contentUrl\":\"https:\\\/\\\/veloaxe.com\\\/wp-content\\\/uploads\\\/2026\\\/01\\\/cropped-logo-1.jpg\",\"width\":1273,\"height\":363,\"caption\":\"Tienda de bicicletas | VELOAXE\"},\"image\":{\"@id\":\"https:\\\/\\\/veloaxe.com\\\/#\\\/schema\\\/logo\\\/image\\\/\"},\"sameAs\":[\"https:\\\/\\\/www.facebook.com\\\/veloaxe\"]}]}<\/script>\n<!-- \/ Yoast SEO plugin. -->","yoast_head_json":{"title":"DISCO SHIMANO ULTEGRA RT-MT800 | VELOAXE.COM","description":"DISCO SHIMANO ULTEGRA RT-MT800 160mm - El disco SHIMANO ULTEGRA garantiza un frenado preciso en todas las condiciones clim\u00e1ticas.","robots":{"index":"index","follow":"follow","max-snippet":"max-snippet:-1","max-image-preview":"max-image-preview:large","max-video-preview":"max-video-preview:-1"},"canonical":"https:\/\/veloaxe.com\/fr\/produit\/disco-shimano-ultegra-rt-mt800-160-mm\/","og_locale":"fr_FR","og_type":"article","og_title":"DISCO SHIMANO ULTEGRA RT-MT800 | VELOAXE.COM","og_description":"DISCO SHIMANO ULTEGRA RT-MT800 160mm - El disco SHIMANO ULTEGRA garantiza un frenado preciso en todas las condiciones clim\u00e1ticas.","og_url":"https:\/\/veloaxe.com\/fr\/produit\/disco-shimano-ultegra-rt-mt800-160-mm\/","og_site_name":"Tienda de bicicletas | VELOAXE","article_publisher":"https:\/\/www.facebook.com\/veloaxe","article_modified_time":"2026-03-01T16:35:33+00:00","og_image":[{"width":800,"height":800,"url":"https:\/\/veloaxe.com\/wp-content\/uploads\/2022\/08\/disco-shimano-rt-mt-800.jpg","type":"image\/jpeg"}],"twitter_card":"summary_large_image","twitter_misc":{"Dur\u00e9e de lecture estim\u00e9e":"1 minute"},"schema":{"@context":"https:\/\/schema.org","@graph":[{"@type":"WebPage","@id":"https:\/\/veloaxe.com\/producto\/disco-shimano-ultegra-rt-mt800-160-mm\/","url":"https:\/\/veloaxe.com\/producto\/disco-shimano-ultegra-rt-mt800-160-mm\/","name":"DISCO SHIMANO ULTEGRA RT-MT800 | VELOAXE.COM","isPartOf":{"@id":"https:\/\/veloaxe.com\/#website"},"primaryImageOfPage":{"@id":"https:\/\/veloaxe.com\/producto\/disco-shimano-ultegra-rt-mt800-160-mm\/#primaryimage"},"image":{"@id":"https:\/\/veloaxe.com\/producto\/disco-shimano-ultegra-rt-mt800-160-mm\/#primaryimage"},"thumbnailUrl":"https:\/\/veloaxe.com\/wp-content\/uploads\/2022\/08\/disco-shimano-rt-mt-800.jpg","datePublished":"2022-08-25T17:30:51+00:00","dateModified":"2026-03-01T16:35:33+00:00","description":"DISCO SHIMANO ULTEGRA RT-MT800 160mm - El disco SHIMANO ULTEGRA garantiza un frenado preciso en todas las condiciones clim\u00e1ticas.","breadcrumb":{"@id":"https:\/\/veloaxe.com\/producto\/disco-shimano-ultegra-rt-mt800-160-mm\/#breadcrumb"},"inLanguage":"fr-FR","potentialAction":[{"@type":"ReadAction","target":["https:\/\/veloaxe.com\/producto\/disco-shimano-ultegra-rt-mt800-160-mm\/"]}]},{"@type":"ImageObject","inLanguage":"fr-FR","@id":"https:\/\/veloaxe.com\/producto\/disco-shimano-ultegra-rt-mt800-160-mm\/#primaryimage","url":"https:\/\/veloaxe.com\/wp-content\/uploads\/2022\/08\/disco-shimano-rt-mt-800.jpg","contentUrl":"https:\/\/veloaxe.com\/wp-content\/uploads\/2022\/08\/disco-shimano-rt-mt-800.jpg","width":800,"height":800,"caption":"Disco shimano ultegra rt-mt800 para bicicleta."},{"@type":"BreadcrumbList","@id":"https:\/\/veloaxe.com\/producto\/disco-shimano-ultegra-rt-mt800-160-mm\/#breadcrumb","itemListElement":[{"@type":"ListItem","position":1,"name":"Portada","item":"https:\/\/veloaxe.com\/"},{"@type":"ListItem","position":2,"name":"Shop","item":"https:\/\/paleturquoise-herring-271034.hostingersite.com\/shop\/"},{"@type":"ListItem","position":3,"name":"DISCO SHIMANO ULTEGRA RT-MT800 \/ 160 mm"}]},{"@type":"WebSite","@id":"https:\/\/veloaxe.com\/#website","url":"https:\/\/veloaxe.com\/","name":"Boutique de v\u00e9lo en ligne | VELOAXE","description":"D\u00e9couvrez une large s\u00e9lection de v\u00e9los de haute qualit\u00e9, des mod\u00e8les urbains et de montagne aux v\u00e9los de route de pointe. Avec un service d'experts et des accessoires sp\u00e9cialis\u00e9s, nous nous engageons \u00e0 vous offrir la meilleure exp\u00e9rience de cyclisme.","publisher":{"@id":"https:\/\/veloaxe.com\/#organization"},"potentialAction":[{"@type":"SearchAction","target":{"@type":"EntryPoint","urlTemplate":"https:\/\/veloaxe.com\/?s={search_term_string}"},"query-input":{"@type":"PropertyValueSpecification","valueRequired":true,"valueName":"search_term_string"}}],"inLanguage":"fr-FR"},{"@type":"Organization","@id":"https:\/\/veloaxe.com\/#organization","name":"Boutique de v\u00e9lo en ligne | VELOAXE","url":"https:\/\/veloaxe.com\/","logo":{"@type":"ImageObject","inLanguage":"fr-FR","@id":"https:\/\/veloaxe.com\/#\/schema\/logo\/image\/","url":"https:\/\/veloaxe.com\/wp-content\/uploads\/2026\/01\/cropped-logo-1.jpg","contentUrl":"https:\/\/veloaxe.com\/wp-content\/uploads\/2026\/01\/cropped-logo-1.jpg","width":1273,"height":363,"caption":"Tienda de bicicletas | VELOAXE"},"image":{"@id":"https:\/\/veloaxe.com\/#\/schema\/logo\/image\/"},"sameAs":["https:\/\/www.facebook.com\/veloaxe"]}]}},"_links":{"self":[{"href":"https:\/\/veloaxe.com\/fr\/wp-json\/wp\/v2\/product\/434","targetHints":{"allow":["GET"]}}],"collection":[{"href":"https:\/\/veloaxe.com\/fr\/wp-json\/wp\/v2\/product"}],"about":[{"href":"https:\/\/veloaxe.com\/fr\/wp-json\/wp\/v2\/types\/product"}],"replies":[{"embeddable":true,"href":"https:\/\/veloaxe.com\/fr\/wp-json\/wp\/v2\/comments?post=434"}],"wp:featuredmedia":[{"embeddable":true,"href":"https:\/\/veloaxe.com\/fr\/wp-json\/wp\/v2\/media\/5571"}],"wp:attachment":[{"href":"https:\/\/veloaxe.com\/fr\/wp-json\/wp\/v2\/media?parent=434"}],"wp:term":[{"taxonomy":"product_brand","embeddable":true,"href":"https:\/\/veloaxe.com\/fr\/wp-json\/wp\/v2\/product_brand?post=434"},{"taxonomy":"product_cat","embeddable":true,"href":"https:\/\/veloaxe.com\/fr\/wp-json\/wp\/v2\/product_cat?post=434"},{"taxonomy":"product_tag","embeddable":true,"href":"https:\/\/veloaxe.com\/fr\/wp-json\/wp\/v2\/product_tag?post=434"}],"curies":[{"name":"wp","href":"https:\/\/api.w.org\/{rel}","templated":true}]}}