{"id":487,"date":"2022-08-25T17:31:05","date_gmt":"2022-08-25T17:31:05","guid":{"rendered":"https:\/\/veloaxe.com\/?post_type=product&#038;p=487"},"modified":"2025-11-02T18:24:52","modified_gmt":"2025-11-02T18:24:52","slug":"camara-de-aire-michelin-latex-70018-23-presta-42mm","status":"publish","type":"product","link":"https:\/\/veloaxe.com\/fr\/produit\/camara-de-aire-michelin-latex-70018-23-presta-42mm\/","title":{"rendered":"CAMARA DE AIRE MICHELIN LATEX 700*18-23 presta 42mm"},"content":{"rendered":"<p><span style=\"color: #000000;\">C\u00e1mara de aire <strong>MICHELIN LATEX<\/strong> para ruedas de 700&#8243; con un ancho de neum\u00e1tico de 18 a 23. Su v\u00e1lvula <strong>PRESTA<\/strong> de 42 mm se adapta a todas las llantas. La c\u00e1mara <strong>MICHELIN<\/strong> retiene la presi\u00f3n del aire con un rendimiento \u00f3ptimo contra pinchazos Aqu\u00ed hay una c\u00e1mara de aire LATEX que ofrece una calidad de conducci\u00f3n y rendimiento claramente superior a la c\u00e1mara de aire <strong>CLASSIC.<\/strong><\/span><\/p>\n<p><span style=\"color: #000000;\"><strong>foto no contractual<\/strong><\/span><\/p>","protected":false},"excerpt":{"rendered":"<p>C\u00e1mara de aire MICHELIN LATEX para ruedas de 700&#8243; con un ancho de neum\u00e1tico de 18 a 23. Su v\u00e1lvula PRESTA de 42 mm se adapta a todas las llantas. La c\u00e1mara MICHELIN retiene la presi\u00f3n del aire con un rendimiento \u00f3ptimo contra pinchazos Aqu\u00ed hay una c\u00e1mara de aire LATEX que ofrece una calidad [&hellip;]<\/p>\n","protected":false},"featured_media":4980,"comment_status":"open","ping_status":"closed","template":"","meta":[],"product_brand":[],"product_cat":[40,16,38],"product_tag":[],"class_list":{"0":"post-487","1":"product","2":"type-product","3":"status-publish","4":"has-post-thumbnail","6":"product_cat-camaras-de-aire","7":"product_cat-carretera-gravel-bicicletas","8":"product_cat-ruedas-neumatico-tubular","9":"product_shipping_class-no-bicicletas","11":"first","12":"instock","13":"shipping-taxable","14":"purchasable","15":"product-type-simple"},"yoast_head":"<!-- This site is optimized with the Yoast SEO plugin v27.6 - https:\/\/yoast.com\/product\/yoast-seo-wordpress\/ -->\n<title>CAMARA DE AIRE MICHELIN LATEX | VELOAXE.COM<\/title>\n<meta name=\"description\" content=\"CAMARA DE AIRE MICHELIN LATEX - Amplia variedad de c\u00e1maras de aire disponibles al mejor precio. Muchas marcas disponibles, env\u00edo r\u00e1pido.\" \/>\n<meta name=\"robots\" content=\"index, follow, max-snippet:-1, max-image-preview:large, max-video-preview:-1\" \/>\n<link rel=\"canonical\" href=\"https:\/\/paleturquoise-herring-271034.hostingersite.com\/producto\/camara-de-aire-michelin-latex-70018-23-presta-42mm\/\" \/>\n<meta property=\"og:locale\" content=\"fr_FR\" \/>\n<meta property=\"og:type\" content=\"article\" \/>\n<meta property=\"og:title\" content=\"CAMARA DE AIRE MICHELIN LATEX | VELOAXE.COM\" \/>\n<meta property=\"og:description\" content=\"CAMARA DE AIRE MICHELIN LATEX - Amplia variedad de c\u00e1maras de aire disponibles al mejor precio. Muchas marcas disponibles, env\u00edo r\u00e1pido.\" \/>\n<meta property=\"og:url\" content=\"https:\/\/paleturquoise-herring-271034.hostingersite.com\/producto\/camara-de-aire-michelin-latex-70018-23-presta-42mm\/\" \/>\n<meta property=\"og:site_name\" content=\"Tienda de bicicletas | VELOAXE\" \/>\n<meta property=\"article:publisher\" content=\"https:\/\/www.facebook.com\/veloaxe\" \/>\n<meta property=\"article:modified_time\" content=\"2025-11-02T18:24:52+00:00\" \/>\n<meta property=\"og:image\" content=\"https:\/\/paleturquoise-herring-271034.hostingersite.com\/wp-content\/uploads\/2022\/08\/camara_de_aire_michelin.jpg\" \/>\n\t<meta property=\"og:image:width\" content=\"800\" \/>\n\t<meta property=\"og:image:height\" content=\"800\" \/>\n\t<meta property=\"og:image:type\" content=\"image\/jpeg\" \/>\n<meta name=\"twitter:card\" content=\"summary_large_image\" \/>\n<meta name=\"twitter:label1\" content=\"Dur\u00e9e de lecture estim\u00e9e\" \/>\n\t<meta name=\"twitter:data1\" content=\"1 minute\" \/>\n<script type=\"application\/ld+json\" class=\"yoast-schema-graph\">{\"@context\":\"https:\\\/\\\/schema.org\",\"@graph\":[{\"@type\":\"WebPage\",\"@id\":\"https:\\\/\\\/paleturquoise-herring-271034.hostingersite.com\\\/producto\\\/camara-de-aire-michelin-latex-70018-23-presta-42mm\\\/\",\"url\":\"https:\\\/\\\/paleturquoise-herring-271034.hostingersite.com\\\/producto\\\/camara-de-aire-michelin-latex-70018-23-presta-42mm\\\/\",\"name\":\"CAMARA DE AIRE MICHELIN LATEX | VELOAXE.COM\",\"isPartOf\":{\"@id\":\"https:\\\/\\\/veloaxe.com\\\/#website\"},\"primaryImageOfPage\":{\"@id\":\"https:\\\/\\\/paleturquoise-herring-271034.hostingersite.com\\\/producto\\\/camara-de-aire-michelin-latex-70018-23-presta-42mm\\\/#primaryimage\"},\"image\":{\"@id\":\"https:\\\/\\\/paleturquoise-herring-271034.hostingersite.com\\\/producto\\\/camara-de-aire-michelin-latex-70018-23-presta-42mm\\\/#primaryimage\"},\"thumbnailUrl\":\"https:\\\/\\\/veloaxe.com\\\/wp-content\\\/uploads\\\/2022\\\/08\\\/camara_de_aire_michelin.jpg\",\"datePublished\":\"2022-08-25T17:31:05+00:00\",\"dateModified\":\"2025-11-02T18:24:52+00:00\",\"description\":\"CAMARA DE AIRE MICHELIN LATEX - Amplia variedad de c\u00e1maras de aire disponibles al mejor precio. Muchas marcas disponibles, env\u00edo r\u00e1pido.\",\"breadcrumb\":{\"@id\":\"https:\\\/\\\/paleturquoise-herring-271034.hostingersite.com\\\/producto\\\/camara-de-aire-michelin-latex-70018-23-presta-42mm\\\/#breadcrumb\"},\"inLanguage\":\"fr-FR\",\"potentialAction\":[{\"@type\":\"ReadAction\",\"target\":[\"https:\\\/\\\/paleturquoise-herring-271034.hostingersite.com\\\/producto\\\/camara-de-aire-michelin-latex-70018-23-presta-42mm\\\/\"]}]},{\"@type\":\"ImageObject\",\"inLanguage\":\"fr-FR\",\"@id\":\"https:\\\/\\\/paleturquoise-herring-271034.hostingersite.com\\\/producto\\\/camara-de-aire-michelin-latex-70018-23-presta-42mm\\\/#primaryimage\",\"url\":\"https:\\\/\\\/veloaxe.com\\\/wp-content\\\/uploads\\\/2022\\\/08\\\/camara_de_aire_michelin.jpg\",\"contentUrl\":\"https:\\\/\\\/veloaxe.com\\\/wp-content\\\/uploads\\\/2022\\\/08\\\/camara_de_aire_michelin.jpg\",\"width\":800,\"height\":800,\"caption\":\"Camara de aire michelin latex para bicileta.\"},{\"@type\":\"BreadcrumbList\",\"@id\":\"https:\\\/\\\/paleturquoise-herring-271034.hostingersite.com\\\/producto\\\/camara-de-aire-michelin-latex-70018-23-presta-42mm\\\/#breadcrumb\",\"itemListElement\":[{\"@type\":\"ListItem\",\"position\":1,\"name\":\"Portada\",\"item\":\"https:\\\/\\\/paleturquoise-herring-271034.hostingersite.com\\\/\"},{\"@type\":\"ListItem\",\"position\":2,\"name\":\"Shop\",\"item\":\"https:\\\/\\\/paleturquoise-herring-271034.hostingersite.com\\\/shop\\\/\"},{\"@type\":\"ListItem\",\"position\":3,\"name\":\"CAMARA DE AIRE MICHELIN LATEX 700*18-23 presta 42mm\"}]},{\"@type\":\"WebSite\",\"@id\":\"https:\\\/\\\/veloaxe.com\\\/#website\",\"url\":\"https:\\\/\\\/veloaxe.com\\\/\",\"name\":\"Tienda de bicicletas | VELOAXE\",\"description\":\"Descubre una amplia selecci\u00f3n de bicicletas de alta calidad, desde modelos urbanos y de monta\u00f1a hasta bicicletas de carretera de \u00faltima generaci\u00f3n. Con un servicio experto y accesorios especializados, estamos comprometidos a brindarte la mejor experiencia ciclista.\",\"publisher\":{\"@id\":\"https:\\\/\\\/veloaxe.com\\\/#organization\"},\"potentialAction\":[{\"@type\":\"SearchAction\",\"target\":{\"@type\":\"EntryPoint\",\"urlTemplate\":\"https:\\\/\\\/veloaxe.com\\\/?s={search_term_string}\"},\"query-input\":{\"@type\":\"PropertyValueSpecification\",\"valueRequired\":true,\"valueName\":\"search_term_string\"}}],\"inLanguage\":\"fr-FR\"},{\"@type\":\"Organization\",\"@id\":\"https:\\\/\\\/veloaxe.com\\\/#organization\",\"name\":\"Tienda de bicicletas | VELOAXE\",\"url\":\"https:\\\/\\\/veloaxe.com\\\/\",\"logo\":{\"@type\":\"ImageObject\",\"inLanguage\":\"fr-FR\",\"@id\":\"https:\\\/\\\/veloaxe.com\\\/#\\\/schema\\\/logo\\\/image\\\/\",\"url\":\"https:\\\/\\\/veloaxe.com\\\/wp-content\\\/uploads\\\/2026\\\/01\\\/cropped-logo-1.jpg\",\"contentUrl\":\"https:\\\/\\\/veloaxe.com\\\/wp-content\\\/uploads\\\/2026\\\/01\\\/cropped-logo-1.jpg\",\"width\":1273,\"height\":363,\"caption\":\"Tienda de bicicletas | VELOAXE\"},\"image\":{\"@id\":\"https:\\\/\\\/veloaxe.com\\\/#\\\/schema\\\/logo\\\/image\\\/\"},\"sameAs\":[\"https:\\\/\\\/www.facebook.com\\\/veloaxe\"]}]}<\/script>\n<!-- \/ Yoast SEO plugin. -->","yoast_head_json":{"title":"CAMARA DE AIRE MICHELIN LATEX | VELOAXE.COM","description":"CAMARA DE AIRE MICHELIN LATEX - Amplia variedad de c\u00e1maras de aire disponibles al mejor precio. Muchas marcas disponibles, env\u00edo r\u00e1pido.","robots":{"index":"index","follow":"follow","max-snippet":"max-snippet:-1","max-image-preview":"max-image-preview:large","max-video-preview":"max-video-preview:-1"},"canonical":"https:\/\/paleturquoise-herring-271034.hostingersite.com\/producto\/camara-de-aire-michelin-latex-70018-23-presta-42mm\/","og_locale":"fr_FR","og_type":"article","og_title":"CAMARA DE AIRE MICHELIN LATEX | VELOAXE.COM","og_description":"CAMARA DE AIRE MICHELIN LATEX - Amplia variedad de c\u00e1maras de aire disponibles al mejor precio. Muchas marcas disponibles, env\u00edo r\u00e1pido.","og_url":"https:\/\/paleturquoise-herring-271034.hostingersite.com\/producto\/camara-de-aire-michelin-latex-70018-23-presta-42mm\/","og_site_name":"Tienda de bicicletas | VELOAXE","article_publisher":"https:\/\/www.facebook.com\/veloaxe","article_modified_time":"2025-11-02T18:24:52+00:00","og_image":[{"width":800,"height":800,"url":"https:\/\/paleturquoise-herring-271034.hostingersite.com\/wp-content\/uploads\/2022\/08\/camara_de_aire_michelin.jpg","type":"image\/jpeg"}],"twitter_card":"summary_large_image","twitter_misc":{"Dur\u00e9e de lecture estim\u00e9e":"1 minute"},"schema":{"@context":"https:\/\/schema.org","@graph":[{"@type":"WebPage","@id":"https:\/\/paleturquoise-herring-271034.hostingersite.com\/producto\/camara-de-aire-michelin-latex-70018-23-presta-42mm\/","url":"https:\/\/paleturquoise-herring-271034.hostingersite.com\/producto\/camara-de-aire-michelin-latex-70018-23-presta-42mm\/","name":"CAMARA DE AIRE MICHELIN LATEX | VELOAXE.COM","isPartOf":{"@id":"https:\/\/veloaxe.com\/#website"},"primaryImageOfPage":{"@id":"https:\/\/paleturquoise-herring-271034.hostingersite.com\/producto\/camara-de-aire-michelin-latex-70018-23-presta-42mm\/#primaryimage"},"image":{"@id":"https:\/\/paleturquoise-herring-271034.hostingersite.com\/producto\/camara-de-aire-michelin-latex-70018-23-presta-42mm\/#primaryimage"},"thumbnailUrl":"https:\/\/veloaxe.com\/wp-content\/uploads\/2022\/08\/camara_de_aire_michelin.jpg","datePublished":"2022-08-25T17:31:05+00:00","dateModified":"2025-11-02T18:24:52+00:00","description":"CAMARA DE AIRE MICHELIN LATEX - Amplia variedad de c\u00e1maras de aire disponibles al mejor precio. Muchas marcas disponibles, env\u00edo r\u00e1pido.","breadcrumb":{"@id":"https:\/\/paleturquoise-herring-271034.hostingersite.com\/producto\/camara-de-aire-michelin-latex-70018-23-presta-42mm\/#breadcrumb"},"inLanguage":"fr-FR","potentialAction":[{"@type":"ReadAction","target":["https:\/\/paleturquoise-herring-271034.hostingersite.com\/producto\/camara-de-aire-michelin-latex-70018-23-presta-42mm\/"]}]},{"@type":"ImageObject","inLanguage":"fr-FR","@id":"https:\/\/paleturquoise-herring-271034.hostingersite.com\/producto\/camara-de-aire-michelin-latex-70018-23-presta-42mm\/#primaryimage","url":"https:\/\/veloaxe.com\/wp-content\/uploads\/2022\/08\/camara_de_aire_michelin.jpg","contentUrl":"https:\/\/veloaxe.com\/wp-content\/uploads\/2022\/08\/camara_de_aire_michelin.jpg","width":800,"height":800,"caption":"Camara de aire michelin latex para bicileta."},{"@type":"BreadcrumbList","@id":"https:\/\/paleturquoise-herring-271034.hostingersite.com\/producto\/camara-de-aire-michelin-latex-70018-23-presta-42mm\/#breadcrumb","itemListElement":[{"@type":"ListItem","position":1,"name":"Portada","item":"https:\/\/paleturquoise-herring-271034.hostingersite.com\/"},{"@type":"ListItem","position":2,"name":"Shop","item":"https:\/\/paleturquoise-herring-271034.hostingersite.com\/shop\/"},{"@type":"ListItem","position":3,"name":"CAMARA DE AIRE MICHELIN LATEX 700*18-23 presta 42mm"}]},{"@type":"WebSite","@id":"https:\/\/veloaxe.com\/#website","url":"https:\/\/veloaxe.com\/","name":"Boutique de v\u00e9lo en ligne | VELOAXE","description":"Descubre una amplia selecci\u00f3n de bicicletas de alta calidad, desde modelos urbanos y de monta\u00f1a hasta bicicletas de carretera de \u00faltima generaci\u00f3n. Con un servicio experto y accesorios especializados, estamos comprometidos a brindarte la mejor experiencia ciclista.","publisher":{"@id":"https:\/\/veloaxe.com\/#organization"},"potentialAction":[{"@type":"SearchAction","target":{"@type":"EntryPoint","urlTemplate":"https:\/\/veloaxe.com\/?s={search_term_string}"},"query-input":{"@type":"PropertyValueSpecification","valueRequired":true,"valueName":"search_term_string"}}],"inLanguage":"fr-FR"},{"@type":"Organization","@id":"https:\/\/veloaxe.com\/#organization","name":"Boutique de v\u00e9lo en ligne | VELOAXE","url":"https:\/\/veloaxe.com\/","logo":{"@type":"ImageObject","inLanguage":"fr-FR","@id":"https:\/\/veloaxe.com\/#\/schema\/logo\/image\/","url":"https:\/\/veloaxe.com\/wp-content\/uploads\/2026\/01\/cropped-logo-1.jpg","contentUrl":"https:\/\/veloaxe.com\/wp-content\/uploads\/2026\/01\/cropped-logo-1.jpg","width":1273,"height":363,"caption":"Tienda de bicicletas | VELOAXE"},"image":{"@id":"https:\/\/veloaxe.com\/#\/schema\/logo\/image\/"},"sameAs":["https:\/\/www.facebook.com\/veloaxe"]}]}},"_links":{"self":[{"href":"https:\/\/veloaxe.com\/fr\/wp-json\/wp\/v2\/product\/487","targetHints":{"allow":["GET"]}}],"collection":[{"href":"https:\/\/veloaxe.com\/fr\/wp-json\/wp\/v2\/product"}],"about":[{"href":"https:\/\/veloaxe.com\/fr\/wp-json\/wp\/v2\/types\/product"}],"replies":[{"embeddable":true,"href":"https:\/\/veloaxe.com\/fr\/wp-json\/wp\/v2\/comments?post=487"}],"wp:featuredmedia":[{"embeddable":true,"href":"https:\/\/veloaxe.com\/fr\/wp-json\/wp\/v2\/media\/4980"}],"wp:attachment":[{"href":"https:\/\/veloaxe.com\/fr\/wp-json\/wp\/v2\/media?parent=487"}],"wp:term":[{"taxonomy":"product_brand","embeddable":true,"href":"https:\/\/veloaxe.com\/fr\/wp-json\/wp\/v2\/product_brand?post=487"},{"taxonomy":"product_cat","embeddable":true,"href":"https:\/\/veloaxe.com\/fr\/wp-json\/wp\/v2\/product_cat?post=487"},{"taxonomy":"product_tag","embeddable":true,"href":"https:\/\/veloaxe.com\/fr\/wp-json\/wp\/v2\/product_tag?post=487"}],"curies":[{"name":"wp","href":"https:\/\/api.w.org\/{rel}","templated":true}]}}