{"id":508,"date":"2022-08-25T17:31:06","date_gmt":"2022-08-25T17:31:06","guid":{"rendered":"https:\/\/veloaxe.com\/?post_type=product&#038;p=508"},"modified":"2025-11-02T17:28:45","modified_gmt":"2025-11-02T17:28:45","slug":"punos-mtb-sram-negro","status":"publish","type":"product","link":"https:\/\/veloaxe.com\/fr\/produit\/punos-mtb-sram-negro\/","title":{"rendered":"PU\u00d1OS MTB SRAM &#8211; NEGRO"},"content":{"rendered":"<p><span style=\"color: #000000;\">Pu\u00f1os <strong>SRAM<\/strong> con abrazadera, est\u00e1 dise\u00f1ado para tener un excelente agarre en tus manos durante tus paseos en bicicleta de monta\u00f1a. Ideal para todas las disciplinas desde XC hasta DH. Estos son pu\u00f1os C\u00d3MODOS con muy buen AGARRE y ABSORCI\u00d3N DE IMPACTOS.<\/span><\/p>\n<p><span style=\"color: #000000;\">PESO: 50 GRAMOS<\/span><\/p>","protected":false},"excerpt":{"rendered":"<p>Pu\u00f1os SRAM con abrazadera, est\u00e1 dise\u00f1ado para tener un excelente agarre en tus manos durante tus paseos en bicicleta de monta\u00f1a. Ideal para todas las disciplinas desde XC hasta DH. Estos son pu\u00f1os C\u00d3MODOS con muy buen AGARRE y ABSORCI\u00d3N DE IMPACTOS. PESO: 50 GRAMOS<\/p>","protected":false},"featured_media":547,"comment_status":"open","ping_status":"closed","template":"","meta":[],"product_brand":[],"product_cat":[46,47,49],"product_tag":[],"class_list":{"0":"post-508","1":"product","2":"type-product","3":"status-publish","4":"has-post-thumbnail","6":"product_cat-btt-bicicleta-de-montana","7":"product_cat-componentes-para-btt","8":"product_cat-juego-de-punos-para-bicicleta","9":"product_shipping_class-no-bicicletas","11":"first","12":"instock","13":"sale","14":"shipping-taxable","15":"purchasable","16":"product-type-simple"},"yoast_head":"<!-- This site is optimized with the Yoast SEO plugin v27.6 - https:\/\/yoast.com\/product\/yoast-seo-wordpress\/ -->\n<title>PU\u00d1OS MTB SRAM - NEGRO - Tienda de bicicletas | VELOAXE<\/title>\n<meta name=\"description\" content=\"PU\u00d1OS MTB SRAM NEGRO en VELOAXE.COM por so\u0301lo 21,95 \u20ac. Env\u00edo desde 4,49 euros, facilidad de pago disponible hasta 12X. Oferta especial.\" \/>\n<meta name=\"robots\" content=\"index, follow, max-snippet:-1, max-image-preview:large, max-video-preview:-1\" \/>\n<link rel=\"canonical\" href=\"https:\/\/veloaxe.com\/fr\/produit\/punos-mtb-sram-negro\/\" \/>\n<meta property=\"og:locale\" content=\"fr_FR\" \/>\n<meta property=\"og:type\" content=\"article\" \/>\n<meta property=\"og:title\" content=\"PU\u00d1OS MTB SRAM - NEGRO - Tienda de bicicletas | VELOAXE\" \/>\n<meta property=\"og:description\" content=\"PU\u00d1OS MTB SRAM NEGRO en VELOAXE.COM por so\u0301lo 21,95 \u20ac. Env\u00edo desde 4,49 euros, facilidad de pago disponible hasta 12X. Oferta especial.\" \/>\n<meta property=\"og:url\" content=\"https:\/\/veloaxe.com\/fr\/produit\/punos-mtb-sram-negro\/\" \/>\n<meta property=\"og:site_name\" content=\"Tienda de bicicletas | VELOAXE\" \/>\n<meta property=\"article:publisher\" content=\"https:\/\/www.facebook.com\/veloaxe\" \/>\n<meta property=\"article:modified_time\" content=\"2025-11-02T17:28:45+00:00\" \/>\n<meta property=\"og:image\" content=\"https:\/\/veloaxe.com\/wp-content\/uploads\/2022\/08\/1200_1500_33____1__poignees-noir-vtt-sram_4843-e1666777192153.png\" \/>\n\t<meta property=\"og:image:width\" content=\"862\" \/>\n\t<meta property=\"og:image:height\" content=\"825\" \/>\n\t<meta property=\"og:image:type\" content=\"image\/png\" \/>\n<meta name=\"twitter:card\" content=\"summary_large_image\" \/>\n<meta name=\"twitter:label1\" content=\"Dur\u00e9e de lecture estim\u00e9e\" \/>\n\t<meta name=\"twitter:data1\" content=\"1 minute\" \/>\n<script type=\"application\/ld+json\" class=\"yoast-schema-graph\">{\"@context\":\"https:\\\/\\\/schema.org\",\"@graph\":[{\"@type\":\"WebPage\",\"@id\":\"https:\\\/\\\/veloaxe.com\\\/producto\\\/punos-mtb-sram-negro\\\/\",\"url\":\"https:\\\/\\\/veloaxe.com\\\/producto\\\/punos-mtb-sram-negro\\\/\",\"name\":\"PU\u00d1OS MTB SRAM - NEGRO - Tienda de bicicletas | VELOAXE\",\"isPartOf\":{\"@id\":\"https:\\\/\\\/veloaxe.com\\\/#website\"},\"primaryImageOfPage\":{\"@id\":\"https:\\\/\\\/veloaxe.com\\\/producto\\\/punos-mtb-sram-negro\\\/#primaryimage\"},\"image\":{\"@id\":\"https:\\\/\\\/veloaxe.com\\\/producto\\\/punos-mtb-sram-negro\\\/#primaryimage\"},\"thumbnailUrl\":\"https:\\\/\\\/veloaxe.com\\\/wp-content\\\/uploads\\\/2022\\\/08\\\/1200_1500_33____1__poignees-noir-vtt-sram_4843-e1666777192153.png\",\"datePublished\":\"2022-08-25T17:31:06+00:00\",\"dateModified\":\"2025-11-02T17:28:45+00:00\",\"description\":\"PU\u00d1OS MTB SRAM NEGRO en VELOAXE.COM por so\u0301lo 21,95 \u20ac. Env\u00edo desde 4,49 euros, facilidad de pago disponible hasta 12X. Oferta especial.\",\"breadcrumb\":{\"@id\":\"https:\\\/\\\/veloaxe.com\\\/producto\\\/punos-mtb-sram-negro\\\/#breadcrumb\"},\"inLanguage\":\"fr-FR\",\"potentialAction\":[{\"@type\":\"ReadAction\",\"target\":[\"https:\\\/\\\/veloaxe.com\\\/producto\\\/punos-mtb-sram-negro\\\/\"]}]},{\"@type\":\"ImageObject\",\"inLanguage\":\"fr-FR\",\"@id\":\"https:\\\/\\\/veloaxe.com\\\/producto\\\/punos-mtb-sram-negro\\\/#primaryimage\",\"url\":\"https:\\\/\\\/veloaxe.com\\\/wp-content\\\/uploads\\\/2022\\\/08\\\/1200_1500_33____1__poignees-noir-vtt-sram_4843-e1666777192153.png\",\"contentUrl\":\"https:\\\/\\\/veloaxe.com\\\/wp-content\\\/uploads\\\/2022\\\/08\\\/1200_1500_33____1__poignees-noir-vtt-sram_4843-e1666777192153.png\",\"width\":862,\"height\":825,\"caption\":\"pu\u00f1os-mtb-sram-negro\"},{\"@type\":\"BreadcrumbList\",\"@id\":\"https:\\\/\\\/veloaxe.com\\\/producto\\\/punos-mtb-sram-negro\\\/#breadcrumb\",\"itemListElement\":[{\"@type\":\"ListItem\",\"position\":1,\"name\":\"Portada\",\"item\":\"https:\\\/\\\/paleturquoise-herring-271034.hostingersite.com\\\/\"},{\"@type\":\"ListItem\",\"position\":2,\"name\":\"Shop\",\"item\":\"https:\\\/\\\/paleturquoise-herring-271034.hostingersite.com\\\/shop\\\/\"},{\"@type\":\"ListItem\",\"position\":3,\"name\":\"PU\u00d1OS MTB SRAM &#8211; NEGRO\"}]},{\"@type\":\"WebSite\",\"@id\":\"https:\\\/\\\/veloaxe.com\\\/#website\",\"url\":\"https:\\\/\\\/veloaxe.com\\\/\",\"name\":\"Tienda de bicicletas | VELOAXE\",\"description\":\"Descubre una amplia selecci\u00f3n de bicicletas de alta calidad, desde modelos urbanos y de monta\u00f1a hasta bicicletas de carretera de \u00faltima generaci\u00f3n. Con un servicio experto y accesorios especializados, estamos comprometidos a brindarte la mejor experiencia ciclista.\",\"publisher\":{\"@id\":\"https:\\\/\\\/veloaxe.com\\\/#organization\"},\"potentialAction\":[{\"@type\":\"SearchAction\",\"target\":{\"@type\":\"EntryPoint\",\"urlTemplate\":\"https:\\\/\\\/veloaxe.com\\\/?s={search_term_string}\"},\"query-input\":{\"@type\":\"PropertyValueSpecification\",\"valueRequired\":true,\"valueName\":\"search_term_string\"}}],\"inLanguage\":\"fr-FR\"},{\"@type\":\"Organization\",\"@id\":\"https:\\\/\\\/veloaxe.com\\\/#organization\",\"name\":\"Tienda de bicicletas | VELOAXE\",\"url\":\"https:\\\/\\\/veloaxe.com\\\/\",\"logo\":{\"@type\":\"ImageObject\",\"inLanguage\":\"fr-FR\",\"@id\":\"https:\\\/\\\/veloaxe.com\\\/#\\\/schema\\\/logo\\\/image\\\/\",\"url\":\"https:\\\/\\\/veloaxe.com\\\/wp-content\\\/uploads\\\/2026\\\/01\\\/cropped-logo-1.jpg\",\"contentUrl\":\"https:\\\/\\\/veloaxe.com\\\/wp-content\\\/uploads\\\/2026\\\/01\\\/cropped-logo-1.jpg\",\"width\":1273,\"height\":363,\"caption\":\"Tienda de bicicletas | VELOAXE\"},\"image\":{\"@id\":\"https:\\\/\\\/veloaxe.com\\\/#\\\/schema\\\/logo\\\/image\\\/\"},\"sameAs\":[\"https:\\\/\\\/www.facebook.com\\\/veloaxe\"]}]}<\/script>\n<!-- \/ Yoast SEO plugin. -->","yoast_head_json":{"title":"PU\u00d1OS MTB SRAM - NEGRO - Tienda de bicicletas | VELOAXE","description":"PU\u00d1OS MTB SRAM NEGRO en VELOAXE.COM por so\u0301lo 21,95 \u20ac. Env\u00edo desde 4,49 euros, facilidad de pago disponible hasta 12X. Oferta especial.","robots":{"index":"index","follow":"follow","max-snippet":"max-snippet:-1","max-image-preview":"max-image-preview:large","max-video-preview":"max-video-preview:-1"},"canonical":"https:\/\/veloaxe.com\/fr\/produit\/punos-mtb-sram-negro\/","og_locale":"fr_FR","og_type":"article","og_title":"PU\u00d1OS MTB SRAM - NEGRO - Tienda de bicicletas | VELOAXE","og_description":"PU\u00d1OS MTB SRAM NEGRO en VELOAXE.COM por so\u0301lo 21,95 \u20ac. Env\u00edo desde 4,49 euros, facilidad de pago disponible hasta 12X. Oferta especial.","og_url":"https:\/\/veloaxe.com\/fr\/produit\/punos-mtb-sram-negro\/","og_site_name":"Tienda de bicicletas | VELOAXE","article_publisher":"https:\/\/www.facebook.com\/veloaxe","article_modified_time":"2025-11-02T17:28:45+00:00","og_image":[{"width":862,"height":825,"url":"https:\/\/veloaxe.com\/wp-content\/uploads\/2022\/08\/1200_1500_33____1__poignees-noir-vtt-sram_4843-e1666777192153.png","type":"image\/png"}],"twitter_card":"summary_large_image","twitter_misc":{"Dur\u00e9e de lecture estim\u00e9e":"1 minute"},"schema":{"@context":"https:\/\/schema.org","@graph":[{"@type":"WebPage","@id":"https:\/\/veloaxe.com\/producto\/punos-mtb-sram-negro\/","url":"https:\/\/veloaxe.com\/producto\/punos-mtb-sram-negro\/","name":"PU\u00d1OS MTB SRAM - NEGRO - Tienda de bicicletas | VELOAXE","isPartOf":{"@id":"https:\/\/veloaxe.com\/#website"},"primaryImageOfPage":{"@id":"https:\/\/veloaxe.com\/producto\/punos-mtb-sram-negro\/#primaryimage"},"image":{"@id":"https:\/\/veloaxe.com\/producto\/punos-mtb-sram-negro\/#primaryimage"},"thumbnailUrl":"https:\/\/veloaxe.com\/wp-content\/uploads\/2022\/08\/1200_1500_33____1__poignees-noir-vtt-sram_4843-e1666777192153.png","datePublished":"2022-08-25T17:31:06+00:00","dateModified":"2025-11-02T17:28:45+00:00","description":"PU\u00d1OS MTB SRAM NEGRO en VELOAXE.COM por so\u0301lo 21,95 \u20ac. Env\u00edo desde 4,49 euros, facilidad de pago disponible hasta 12X. Oferta especial.","breadcrumb":{"@id":"https:\/\/veloaxe.com\/producto\/punos-mtb-sram-negro\/#breadcrumb"},"inLanguage":"fr-FR","potentialAction":[{"@type":"ReadAction","target":["https:\/\/veloaxe.com\/producto\/punos-mtb-sram-negro\/"]}]},{"@type":"ImageObject","inLanguage":"fr-FR","@id":"https:\/\/veloaxe.com\/producto\/punos-mtb-sram-negro\/#primaryimage","url":"https:\/\/veloaxe.com\/wp-content\/uploads\/2022\/08\/1200_1500_33____1__poignees-noir-vtt-sram_4843-e1666777192153.png","contentUrl":"https:\/\/veloaxe.com\/wp-content\/uploads\/2022\/08\/1200_1500_33____1__poignees-noir-vtt-sram_4843-e1666777192153.png","width":862,"height":825,"caption":"pu\u00f1os-mtb-sram-negro"},{"@type":"BreadcrumbList","@id":"https:\/\/veloaxe.com\/producto\/punos-mtb-sram-negro\/#breadcrumb","itemListElement":[{"@type":"ListItem","position":1,"name":"Portada","item":"https:\/\/paleturquoise-herring-271034.hostingersite.com\/"},{"@type":"ListItem","position":2,"name":"Shop","item":"https:\/\/paleturquoise-herring-271034.hostingersite.com\/shop\/"},{"@type":"ListItem","position":3,"name":"PU\u00d1OS MTB SRAM &#8211; NEGRO"}]},{"@type":"WebSite","@id":"https:\/\/veloaxe.com\/#website","url":"https:\/\/veloaxe.com\/","name":"Boutique de v\u00e9lo en ligne | VELOAXE","description":"Descubre una amplia selecci\u00f3n de bicicletas de alta calidad, desde modelos urbanos y de monta\u00f1a hasta bicicletas de carretera de \u00faltima generaci\u00f3n. Con un servicio experto y accesorios especializados, estamos comprometidos a brindarte la mejor experiencia ciclista.","publisher":{"@id":"https:\/\/veloaxe.com\/#organization"},"potentialAction":[{"@type":"SearchAction","target":{"@type":"EntryPoint","urlTemplate":"https:\/\/veloaxe.com\/?s={search_term_string}"},"query-input":{"@type":"PropertyValueSpecification","valueRequired":true,"valueName":"search_term_string"}}],"inLanguage":"fr-FR"},{"@type":"Organization","@id":"https:\/\/veloaxe.com\/#organization","name":"Boutique de v\u00e9lo en ligne | VELOAXE","url":"https:\/\/veloaxe.com\/","logo":{"@type":"ImageObject","inLanguage":"fr-FR","@id":"https:\/\/veloaxe.com\/#\/schema\/logo\/image\/","url":"https:\/\/veloaxe.com\/wp-content\/uploads\/2026\/01\/cropped-logo-1.jpg","contentUrl":"https:\/\/veloaxe.com\/wp-content\/uploads\/2026\/01\/cropped-logo-1.jpg","width":1273,"height":363,"caption":"Tienda de bicicletas | VELOAXE"},"image":{"@id":"https:\/\/veloaxe.com\/#\/schema\/logo\/image\/"},"sameAs":["https:\/\/www.facebook.com\/veloaxe"]}]}},"_links":{"self":[{"href":"https:\/\/veloaxe.com\/fr\/wp-json\/wp\/v2\/product\/508","targetHints":{"allow":["GET"]}}],"collection":[{"href":"https:\/\/veloaxe.com\/fr\/wp-json\/wp\/v2\/product"}],"about":[{"href":"https:\/\/veloaxe.com\/fr\/wp-json\/wp\/v2\/types\/product"}],"replies":[{"embeddable":true,"href":"https:\/\/veloaxe.com\/fr\/wp-json\/wp\/v2\/comments?post=508"}],"wp:featuredmedia":[{"embeddable":true,"href":"https:\/\/veloaxe.com\/fr\/wp-json\/wp\/v2\/media\/547"}],"wp:attachment":[{"href":"https:\/\/veloaxe.com\/fr\/wp-json\/wp\/v2\/media?parent=508"}],"wp:term":[{"taxonomy":"product_brand","embeddable":true,"href":"https:\/\/veloaxe.com\/fr\/wp-json\/wp\/v2\/product_brand?post=508"},{"taxonomy":"product_cat","embeddable":true,"href":"https:\/\/veloaxe.com\/fr\/wp-json\/wp\/v2\/product_cat?post=508"},{"taxonomy":"product_tag","embeddable":true,"href":"https:\/\/veloaxe.com\/fr\/wp-json\/wp\/v2\/product_tag?post=508"}],"curies":[{"name":"wp","href":"https:\/\/api.w.org\/{rel}","templated":true}]}}