{"id":563,"date":"2022-08-25T17:31:26","date_gmt":"2022-08-25T17:31:26","guid":{"rendered":"https:\/\/veloaxe.com\/?post_type=product&#038;p=563"},"modified":"2025-11-02T16:25:09","modified_gmt":"2025-11-02T16:25:09","slug":"potencia-deda-zero-1-negro-2","status":"publish","type":"product","link":"https:\/\/veloaxe.com\/fr\/produit\/potencia-deda-zero-1-negro-2\/","title":{"rendered":"POTENCIA DEDA ZERO 1 &#8211; NEGRO"},"content":{"rendered":"<p><span style=\"color: #000000;\">La potencia <strong>DEDA ZERO 1<\/strong> se beneficia de un nuevo dise\u00f1o. La potencia <strong>DEDA Zero 1<\/strong> es un modelo elegante, r\u00edgido y de alto rendimiento. Fabricado en aluminio forjado 6061 y equipado con herrajes de acero cromado.<\/span><\/p>\n<p><span style=\"color: #000000;\">Ofrece una inclinaci\u00f3n de 6\u00b0<\/span><\/p>\n<p><span style=\"color: #000000;\">Di\u00e1metro del manillar 31,8mm<\/span><\/p>","protected":false},"excerpt":{"rendered":"<p>La potencia DEDA ZERO 1 se beneficia de un nuevo dise\u00f1o. La potencia DEDA Zero 1 es un modelo elegante, r\u00edgido y de alto rendimiento. Fabricado en aluminio forjado 6061 y equipado con herrajes de acero cromado. Ofrece una inclinaci\u00f3n de 6\u00b0 Di\u00e1metro del manillar 31,8mm<\/p>","protected":false},"featured_media":4305,"comment_status":"open","ping_status":"closed","template":"","meta":[],"product_brand":[],"product_cat":[46,47,51],"product_tag":[],"class_list":{"0":"post-563","1":"product","2":"type-product","3":"status-publish","4":"has-post-thumbnail","6":"product_cat-btt-bicicleta-de-montana","7":"product_cat-componentes-para-btt","8":"product_cat-potencia-para-bicicleta-de-montana","9":"product_shipping_class-no-bicicletas","11":"first","12":"instock","13":"sale","14":"shipping-taxable","15":"purchasable","16":"product-type-variable"},"yoast_head":"<!-- This site is optimized with the Yoast SEO plugin v27.6 - https:\/\/yoast.com\/product\/yoast-seo-wordpress\/ -->\n<title>POTENCIA DEDA ZERO 1 - NEGRO - Tienda de bicicletas | VELOAXE<\/title>\n<meta name=\"description\" content=\"POTENCIA DEDA ZERO 1 NEGRO en VELOAXE.COM por so\u0301lo 40,00 \u20ac. Env\u00edo desde 4,49 euros, facilidad de pago disponible hasta 12X\" \/>\n<meta name=\"robots\" content=\"index, follow, max-snippet:-1, max-image-preview:large, max-video-preview:-1\" \/>\n<link rel=\"canonical\" href=\"https:\/\/veloaxe.com\/fr\/produit\/potencia-deda-zero-1-negro-2\/\" \/>\n<meta property=\"og:locale\" content=\"fr_FR\" \/>\n<meta property=\"og:type\" content=\"article\" \/>\n<meta property=\"og:title\" content=\"POTENCIA DEDA ZERO 1 - NEGRO - Tienda de bicicletas | VELOAXE\" \/>\n<meta property=\"og:description\" content=\"POTENCIA DEDA ZERO 1 NEGRO en VELOAXE.COM por so\u0301lo 40,00 \u20ac. Env\u00edo desde 4,49 euros, facilidad de pago disponible hasta 12X\" \/>\n<meta property=\"og:url\" content=\"https:\/\/veloaxe.com\/fr\/produit\/potencia-deda-zero-1-negro-2\/\" \/>\n<meta property=\"og:site_name\" content=\"Tienda de bicicletas | VELOAXE\" \/>\n<meta property=\"article:publisher\" content=\"https:\/\/www.facebook.com\/veloaxe\" \/>\n<meta property=\"article:modified_time\" content=\"2025-11-02T16:25:09+00:00\" \/>\n<meta property=\"og:image\" content=\"https:\/\/veloaxe.com\/wp-content\/uploads\/2022\/08\/potence-deda-zero-1.jpg\" \/>\n\t<meta property=\"og:image:width\" content=\"800\" \/>\n\t<meta property=\"og:image:height\" content=\"600\" \/>\n\t<meta property=\"og:image:type\" content=\"image\/jpeg\" \/>\n<meta name=\"twitter:card\" content=\"summary_large_image\" \/>\n<meta name=\"twitter:label1\" content=\"Dur\u00e9e de lecture estim\u00e9e\" \/>\n\t<meta name=\"twitter:data1\" content=\"1 minute\" \/>\n<script type=\"application\/ld+json\" class=\"yoast-schema-graph\">{\"@context\":\"https:\\\/\\\/schema.org\",\"@graph\":[{\"@type\":\"WebPage\",\"@id\":\"https:\\\/\\\/veloaxe.com\\\/producto\\\/potencia-deda-zero-1-negro-2\\\/\",\"url\":\"https:\\\/\\\/veloaxe.com\\\/producto\\\/potencia-deda-zero-1-negro-2\\\/\",\"name\":\"POTENCIA DEDA ZERO 1 - NEGRO - Tienda de bicicletas | VELOAXE\",\"isPartOf\":{\"@id\":\"https:\\\/\\\/veloaxe.com\\\/#website\"},\"primaryImageOfPage\":{\"@id\":\"https:\\\/\\\/veloaxe.com\\\/producto\\\/potencia-deda-zero-1-negro-2\\\/#primaryimage\"},\"image\":{\"@id\":\"https:\\\/\\\/veloaxe.com\\\/producto\\\/potencia-deda-zero-1-negro-2\\\/#primaryimage\"},\"thumbnailUrl\":\"https:\\\/\\\/veloaxe.com\\\/wp-content\\\/uploads\\\/2022\\\/08\\\/potence-deda-zero-1.jpg\",\"datePublished\":\"2022-08-25T17:31:26+00:00\",\"dateModified\":\"2025-11-02T16:25:09+00:00\",\"description\":\"POTENCIA DEDA ZERO 1 NEGRO en VELOAXE.COM por so\u0301lo 40,00 \u20ac. Env\u00edo desde 4,49 euros, facilidad de pago disponible hasta 12X\",\"breadcrumb\":{\"@id\":\"https:\\\/\\\/veloaxe.com\\\/producto\\\/potencia-deda-zero-1-negro-2\\\/#breadcrumb\"},\"inLanguage\":\"fr-FR\",\"potentialAction\":[{\"@type\":\"ReadAction\",\"target\":[\"https:\\\/\\\/veloaxe.com\\\/producto\\\/potencia-deda-zero-1-negro-2\\\/\"]}]},{\"@type\":\"ImageObject\",\"inLanguage\":\"fr-FR\",\"@id\":\"https:\\\/\\\/veloaxe.com\\\/producto\\\/potencia-deda-zero-1-negro-2\\\/#primaryimage\",\"url\":\"https:\\\/\\\/veloaxe.com\\\/wp-content\\\/uploads\\\/2022\\\/08\\\/potence-deda-zero-1.jpg\",\"contentUrl\":\"https:\\\/\\\/veloaxe.com\\\/wp-content\\\/uploads\\\/2022\\\/08\\\/potence-deda-zero-1.jpg\",\"width\":800,\"height\":600,\"caption\":\"Potencia deda zero 1 para bicicleta.\"},{\"@type\":\"BreadcrumbList\",\"@id\":\"https:\\\/\\\/veloaxe.com\\\/producto\\\/potencia-deda-zero-1-negro-2\\\/#breadcrumb\",\"itemListElement\":[{\"@type\":\"ListItem\",\"position\":1,\"name\":\"Portada\",\"item\":\"https:\\\/\\\/paleturquoise-herring-271034.hostingersite.com\\\/\"},{\"@type\":\"ListItem\",\"position\":2,\"name\":\"Shop\",\"item\":\"https:\\\/\\\/paleturquoise-herring-271034.hostingersite.com\\\/shop\\\/\"},{\"@type\":\"ListItem\",\"position\":3,\"name\":\"POTENCIA DEDA ZERO 1 &#8211; NEGRO\"}]},{\"@type\":\"WebSite\",\"@id\":\"https:\\\/\\\/veloaxe.com\\\/#website\",\"url\":\"https:\\\/\\\/veloaxe.com\\\/\",\"name\":\"Tienda de bicicletas | VELOAXE\",\"description\":\"Descubre una amplia selecci\u00f3n de bicicletas de alta calidad, desde modelos urbanos y de monta\u00f1a hasta bicicletas de carretera de \u00faltima generaci\u00f3n. Con un servicio experto y accesorios especializados, estamos comprometidos a brindarte la mejor experiencia ciclista.\",\"publisher\":{\"@id\":\"https:\\\/\\\/veloaxe.com\\\/#organization\"},\"potentialAction\":[{\"@type\":\"SearchAction\",\"target\":{\"@type\":\"EntryPoint\",\"urlTemplate\":\"https:\\\/\\\/veloaxe.com\\\/?s={search_term_string}\"},\"query-input\":{\"@type\":\"PropertyValueSpecification\",\"valueRequired\":true,\"valueName\":\"search_term_string\"}}],\"inLanguage\":\"fr-FR\"},{\"@type\":\"Organization\",\"@id\":\"https:\\\/\\\/veloaxe.com\\\/#organization\",\"name\":\"Tienda de bicicletas | VELOAXE\",\"url\":\"https:\\\/\\\/veloaxe.com\\\/\",\"logo\":{\"@type\":\"ImageObject\",\"inLanguage\":\"fr-FR\",\"@id\":\"https:\\\/\\\/veloaxe.com\\\/#\\\/schema\\\/logo\\\/image\\\/\",\"url\":\"https:\\\/\\\/veloaxe.com\\\/wp-content\\\/uploads\\\/2026\\\/01\\\/cropped-logo-1.jpg\",\"contentUrl\":\"https:\\\/\\\/veloaxe.com\\\/wp-content\\\/uploads\\\/2026\\\/01\\\/cropped-logo-1.jpg\",\"width\":1273,\"height\":363,\"caption\":\"Tienda de bicicletas | VELOAXE\"},\"image\":{\"@id\":\"https:\\\/\\\/veloaxe.com\\\/#\\\/schema\\\/logo\\\/image\\\/\"},\"sameAs\":[\"https:\\\/\\\/www.facebook.com\\\/veloaxe\"]}]}<\/script>\n<!-- \/ Yoast SEO plugin. -->","yoast_head_json":{"title":"POTENCIA DEDA ZERO 1 - NEGRO - Tienda de bicicletas | VELOAXE","description":"POTENCIA DEDA ZERO 1 NEGRO en VELOAXE.COM por so\u0301lo 40,00 \u20ac. Env\u00edo desde 4,49 euros, facilidad de pago disponible hasta 12X","robots":{"index":"index","follow":"follow","max-snippet":"max-snippet:-1","max-image-preview":"max-image-preview:large","max-video-preview":"max-video-preview:-1"},"canonical":"https:\/\/veloaxe.com\/fr\/produit\/potencia-deda-zero-1-negro-2\/","og_locale":"fr_FR","og_type":"article","og_title":"POTENCIA DEDA ZERO 1 - NEGRO - Tienda de bicicletas | VELOAXE","og_description":"POTENCIA DEDA ZERO 1 NEGRO en VELOAXE.COM por so\u0301lo 40,00 \u20ac. Env\u00edo desde 4,49 euros, facilidad de pago disponible hasta 12X","og_url":"https:\/\/veloaxe.com\/fr\/produit\/potencia-deda-zero-1-negro-2\/","og_site_name":"Tienda de bicicletas | VELOAXE","article_publisher":"https:\/\/www.facebook.com\/veloaxe","article_modified_time":"2025-11-02T16:25:09+00:00","og_image":[{"width":800,"height":600,"url":"https:\/\/veloaxe.com\/wp-content\/uploads\/2022\/08\/potence-deda-zero-1.jpg","type":"image\/jpeg"}],"twitter_card":"summary_large_image","twitter_misc":{"Dur\u00e9e de lecture estim\u00e9e":"1 minute"},"schema":{"@context":"https:\/\/schema.org","@graph":[{"@type":"WebPage","@id":"https:\/\/veloaxe.com\/producto\/potencia-deda-zero-1-negro-2\/","url":"https:\/\/veloaxe.com\/producto\/potencia-deda-zero-1-negro-2\/","name":"POTENCIA DEDA ZERO 1 - NEGRO - Tienda de bicicletas | VELOAXE","isPartOf":{"@id":"https:\/\/veloaxe.com\/#website"},"primaryImageOfPage":{"@id":"https:\/\/veloaxe.com\/producto\/potencia-deda-zero-1-negro-2\/#primaryimage"},"image":{"@id":"https:\/\/veloaxe.com\/producto\/potencia-deda-zero-1-negro-2\/#primaryimage"},"thumbnailUrl":"https:\/\/veloaxe.com\/wp-content\/uploads\/2022\/08\/potence-deda-zero-1.jpg","datePublished":"2022-08-25T17:31:26+00:00","dateModified":"2025-11-02T16:25:09+00:00","description":"POTENCIA DEDA ZERO 1 NEGRO en VELOAXE.COM por so\u0301lo 40,00 \u20ac. Env\u00edo desde 4,49 euros, facilidad de pago disponible hasta 12X","breadcrumb":{"@id":"https:\/\/veloaxe.com\/producto\/potencia-deda-zero-1-negro-2\/#breadcrumb"},"inLanguage":"fr-FR","potentialAction":[{"@type":"ReadAction","target":["https:\/\/veloaxe.com\/producto\/potencia-deda-zero-1-negro-2\/"]}]},{"@type":"ImageObject","inLanguage":"fr-FR","@id":"https:\/\/veloaxe.com\/producto\/potencia-deda-zero-1-negro-2\/#primaryimage","url":"https:\/\/veloaxe.com\/wp-content\/uploads\/2022\/08\/potence-deda-zero-1.jpg","contentUrl":"https:\/\/veloaxe.com\/wp-content\/uploads\/2022\/08\/potence-deda-zero-1.jpg","width":800,"height":600,"caption":"Potencia deda zero 1 para bicicleta."},{"@type":"BreadcrumbList","@id":"https:\/\/veloaxe.com\/producto\/potencia-deda-zero-1-negro-2\/#breadcrumb","itemListElement":[{"@type":"ListItem","position":1,"name":"Portada","item":"https:\/\/paleturquoise-herring-271034.hostingersite.com\/"},{"@type":"ListItem","position":2,"name":"Shop","item":"https:\/\/paleturquoise-herring-271034.hostingersite.com\/shop\/"},{"@type":"ListItem","position":3,"name":"POTENCIA DEDA ZERO 1 &#8211; NEGRO"}]},{"@type":"WebSite","@id":"https:\/\/veloaxe.com\/#website","url":"https:\/\/veloaxe.com\/","name":"Boutique de v\u00e9lo en ligne | VELOAXE","description":"Descubre una amplia selecci\u00f3n de bicicletas de alta calidad, desde modelos urbanos y de monta\u00f1a hasta bicicletas de carretera de \u00faltima generaci\u00f3n. Con un servicio experto y accesorios especializados, estamos comprometidos a brindarte la mejor experiencia ciclista.","publisher":{"@id":"https:\/\/veloaxe.com\/#organization"},"potentialAction":[{"@type":"SearchAction","target":{"@type":"EntryPoint","urlTemplate":"https:\/\/veloaxe.com\/?s={search_term_string}"},"query-input":{"@type":"PropertyValueSpecification","valueRequired":true,"valueName":"search_term_string"}}],"inLanguage":"fr-FR"},{"@type":"Organization","@id":"https:\/\/veloaxe.com\/#organization","name":"Boutique de v\u00e9lo en ligne | VELOAXE","url":"https:\/\/veloaxe.com\/","logo":{"@type":"ImageObject","inLanguage":"fr-FR","@id":"https:\/\/veloaxe.com\/#\/schema\/logo\/image\/","url":"https:\/\/veloaxe.com\/wp-content\/uploads\/2026\/01\/cropped-logo-1.jpg","contentUrl":"https:\/\/veloaxe.com\/wp-content\/uploads\/2026\/01\/cropped-logo-1.jpg","width":1273,"height":363,"caption":"Tienda de bicicletas | VELOAXE"},"image":{"@id":"https:\/\/veloaxe.com\/#\/schema\/logo\/image\/"},"sameAs":["https:\/\/www.facebook.com\/veloaxe"]}]}},"_links":{"self":[{"href":"https:\/\/veloaxe.com\/fr\/wp-json\/wp\/v2\/product\/563","targetHints":{"allow":["GET"]}}],"collection":[{"href":"https:\/\/veloaxe.com\/fr\/wp-json\/wp\/v2\/product"}],"about":[{"href":"https:\/\/veloaxe.com\/fr\/wp-json\/wp\/v2\/types\/product"}],"replies":[{"embeddable":true,"href":"https:\/\/veloaxe.com\/fr\/wp-json\/wp\/v2\/comments?post=563"}],"wp:featuredmedia":[{"embeddable":true,"href":"https:\/\/veloaxe.com\/fr\/wp-json\/wp\/v2\/media\/4305"}],"wp:attachment":[{"href":"https:\/\/veloaxe.com\/fr\/wp-json\/wp\/v2\/media?parent=563"}],"wp:term":[{"taxonomy":"product_brand","embeddable":true,"href":"https:\/\/veloaxe.com\/fr\/wp-json\/wp\/v2\/product_brand?post=563"},{"taxonomy":"product_cat","embeddable":true,"href":"https:\/\/veloaxe.com\/fr\/wp-json\/wp\/v2\/product_cat?post=563"},{"taxonomy":"product_tag","embeddable":true,"href":"https:\/\/veloaxe.com\/fr\/wp-json\/wp\/v2\/product_tag?post=563"}],"curies":[{"name":"wp","href":"https:\/\/api.w.org\/{rel}","templated":true}]}}