{"id":580,"date":"2022-08-25T17:31:27","date_gmt":"2022-08-25T17:31:27","guid":{"rendered":"https:\/\/veloaxe.com\/?post_type=product&#038;p=580"},"modified":"2025-11-02T16:17:40","modified_gmt":"2025-11-02T16:17:40","slug":"pedales-look-x-track-race","status":"publish","type":"product","link":"https:\/\/veloaxe.com\/fr\/produit\/pedales-look-x-track-race\/","title":{"rendered":"PEDALES LOOK X-TRACK RACE"},"content":{"rendered":"<p><span style=\"color: #000000;\">Los nuevos pedales de carrera <strong>LOOK X-TRACK<\/strong> est\u00e1n dise\u00f1ados en torno a un mecanismo <strong>ROBUSTO, RESISTENTE<\/strong> a los m\u00faltiples golpes posibles durante tus salidas en <strong>VTT<\/strong> (Ra\u00edces &#8211; Rocas &#8211; Barro, etc.) para un rendimiento constante que no se altera con el tiempo. Los pedales <strong>LOOK X-TRACK RACE<\/strong> est\u00e1n hechos de una l\u00ednea de ejes con doble sellado mejorado para soportar las peores condiciones que puedas encontrar durante tus salidas.<\/span><\/p>\n<p><span style=\"color: #000000;\">Uso: Competici\u00f3n XC &#8211; Ocio<\/span><\/p>\n<p><span style=\"color: #000000;\">Peso: 360 gramos por par<\/span><\/p>\n<p><span style=\"color: #000000;\">Ajuste de tensi\u00f3n: S\u00ed<\/span><\/p>","protected":false},"excerpt":{"rendered":"<p>Los nuevos pedales de carrera LOOK X-TRACK est\u00e1n dise\u00f1ados en torno a un mecanismo ROBUSTO, RESISTENTE a los m\u00faltiples golpes posibles durante tus salidas en MTB (Ra\u00edces &#8211; Rocas &#8211; Barro, etc.) para un rendimiento constante que no se altera con el tiempo. Los pedales LOOK X-TRACK RACE est\u00e1n hechos de una l\u00ednea de ejes [&hellip;]<\/p>\n","protected":false},"featured_media":627,"comment_status":"open","ping_status":"closed","template":"","meta":[],"product_brand":[],"product_cat":[46,47,54],"product_tag":[],"class_list":{"0":"post-580","1":"product","2":"type-product","3":"status-publish","4":"has-post-thumbnail","6":"product_cat-btt-bicicleta-de-montana","7":"product_cat-componentes-para-btt","8":"product_cat-pedales-planos-o-automaticos-para-btt","9":"product_shipping_class-no-bicicletas","11":"first","12":"instock","13":"sale","14":"shipping-taxable","15":"purchasable","16":"product-type-simple"},"yoast_head":"<!-- This site is optimized with the Yoast SEO plugin v27.6 - https:\/\/yoast.com\/product\/yoast-seo-wordpress\/ -->\n<title>PEDALES LOOK X-TRACK RACE - Tienda de bicicletas | VELOAXE<\/title>\n<meta name=\"description\" content=\"PEDALES MTB LOOK X-TRACK RACE en VELOAXE.COM por so\u0301lo 72,95 \u20ac. Env\u00edo desde 4,49 euros, facilidad de pago disponible hasta 12X\" \/>\n<meta name=\"robots\" content=\"index, follow, max-snippet:-1, max-image-preview:large, max-video-preview:-1\" \/>\n<link rel=\"canonical\" href=\"https:\/\/veloaxe.com\/fr\/produit\/pedales-look-x-track-race\/\" \/>\n<meta property=\"og:locale\" content=\"fr_FR\" \/>\n<meta property=\"og:type\" content=\"article\" \/>\n<meta property=\"og:title\" content=\"PEDALES LOOK X-TRACK RACE - Tienda de bicicletas | VELOAXE\" \/>\n<meta property=\"og:description\" content=\"PEDALES MTB LOOK X-TRACK RACE en VELOAXE.COM por so\u0301lo 72,95 \u20ac. Env\u00edo desde 4,49 euros, facilidad de pago disponible hasta 12X\" \/>\n<meta property=\"og:url\" content=\"https:\/\/veloaxe.com\/fr\/produit\/pedales-look-x-track-race\/\" \/>\n<meta property=\"og:site_name\" content=\"Tienda de bicicletas | VELOAXE\" \/>\n<meta property=\"article:publisher\" content=\"https:\/\/www.facebook.com\/veloaxe\" \/>\n<meta property=\"article:modified_time\" content=\"2025-11-02T16:17:40+00:00\" \/>\n<meta property=\"og:image\" content=\"https:\/\/veloaxe.com\/wp-content\/uploads\/2022\/08\/1200_1500_14____1__pedale-look-vtt_4846-e1666683767832.jpg\" \/>\n\t<meta property=\"og:image:width\" content=\"795\" \/>\n\t<meta property=\"og:image:height\" content=\"840\" \/>\n\t<meta property=\"og:image:type\" content=\"image\/jpeg\" \/>\n<meta name=\"twitter:card\" content=\"summary_large_image\" \/>\n<meta name=\"twitter:label1\" content=\"Dur\u00e9e de lecture estim\u00e9e\" \/>\n\t<meta name=\"twitter:data1\" content=\"1 minute\" \/>\n<script type=\"application\/ld+json\" class=\"yoast-schema-graph\">{\"@context\":\"https:\\\/\\\/schema.org\",\"@graph\":[{\"@type\":\"WebPage\",\"@id\":\"https:\\\/\\\/veloaxe.com\\\/producto\\\/pedales-look-x-track-race\\\/\",\"url\":\"https:\\\/\\\/veloaxe.com\\\/producto\\\/pedales-look-x-track-race\\\/\",\"name\":\"PEDALES LOOK X-TRACK RACE - Tienda de bicicletas | VELOAXE\",\"isPartOf\":{\"@id\":\"https:\\\/\\\/veloaxe.com\\\/#website\"},\"primaryImageOfPage\":{\"@id\":\"https:\\\/\\\/veloaxe.com\\\/producto\\\/pedales-look-x-track-race\\\/#primaryimage\"},\"image\":{\"@id\":\"https:\\\/\\\/veloaxe.com\\\/producto\\\/pedales-look-x-track-race\\\/#primaryimage\"},\"thumbnailUrl\":\"https:\\\/\\\/veloaxe.com\\\/wp-content\\\/uploads\\\/2022\\\/08\\\/1200_1500_14____1__pedale-look-vtt_4846-e1666683767832.jpg\",\"datePublished\":\"2022-08-25T17:31:27+00:00\",\"dateModified\":\"2025-11-02T16:17:40+00:00\",\"description\":\"PEDALES MTB LOOK X-TRACK RACE en VELOAXE.COM por so\u0301lo 72,95 \u20ac. Env\u00edo desde 4,49 euros, facilidad de pago disponible hasta 12X\",\"breadcrumb\":{\"@id\":\"https:\\\/\\\/veloaxe.com\\\/producto\\\/pedales-look-x-track-race\\\/#breadcrumb\"},\"inLanguage\":\"fr-FR\",\"potentialAction\":[{\"@type\":\"ReadAction\",\"target\":[\"https:\\\/\\\/veloaxe.com\\\/producto\\\/pedales-look-x-track-race\\\/\"]}]},{\"@type\":\"ImageObject\",\"inLanguage\":\"fr-FR\",\"@id\":\"https:\\\/\\\/veloaxe.com\\\/producto\\\/pedales-look-x-track-race\\\/#primaryimage\",\"url\":\"https:\\\/\\\/veloaxe.com\\\/wp-content\\\/uploads\\\/2022\\\/08\\\/1200_1500_14____1__pedale-look-vtt_4846-e1666683767832.jpg\",\"contentUrl\":\"https:\\\/\\\/veloaxe.com\\\/wp-content\\\/uploads\\\/2022\\\/08\\\/1200_1500_14____1__pedale-look-vtt_4846-e1666683767832.jpg\",\"width\":795,\"height\":840,\"caption\":\"pedales-look-x-track-race\"},{\"@type\":\"BreadcrumbList\",\"@id\":\"https:\\\/\\\/veloaxe.com\\\/producto\\\/pedales-look-x-track-race\\\/#breadcrumb\",\"itemListElement\":[{\"@type\":\"ListItem\",\"position\":1,\"name\":\"Portada\",\"item\":\"https:\\\/\\\/paleturquoise-herring-271034.hostingersite.com\\\/\"},{\"@type\":\"ListItem\",\"position\":2,\"name\":\"Shop\",\"item\":\"https:\\\/\\\/paleturquoise-herring-271034.hostingersite.com\\\/shop\\\/\"},{\"@type\":\"ListItem\",\"position\":3,\"name\":\"PEDALES LOOK X-TRACK RACE\"}]},{\"@type\":\"WebSite\",\"@id\":\"https:\\\/\\\/veloaxe.com\\\/#website\",\"url\":\"https:\\\/\\\/veloaxe.com\\\/\",\"name\":\"Tienda de bicicletas | VELOAXE\",\"description\":\"Descubre una amplia selecci\u00f3n de bicicletas de alta calidad, desde modelos urbanos y de monta\u00f1a hasta bicicletas de carretera de \u00faltima generaci\u00f3n. Con un servicio experto y accesorios especializados, estamos comprometidos a brindarte la mejor experiencia ciclista.\",\"publisher\":{\"@id\":\"https:\\\/\\\/veloaxe.com\\\/#organization\"},\"potentialAction\":[{\"@type\":\"SearchAction\",\"target\":{\"@type\":\"EntryPoint\",\"urlTemplate\":\"https:\\\/\\\/veloaxe.com\\\/?s={search_term_string}\"},\"query-input\":{\"@type\":\"PropertyValueSpecification\",\"valueRequired\":true,\"valueName\":\"search_term_string\"}}],\"inLanguage\":\"fr-FR\"},{\"@type\":\"Organization\",\"@id\":\"https:\\\/\\\/veloaxe.com\\\/#organization\",\"name\":\"Tienda de bicicletas | VELOAXE\",\"url\":\"https:\\\/\\\/veloaxe.com\\\/\",\"logo\":{\"@type\":\"ImageObject\",\"inLanguage\":\"fr-FR\",\"@id\":\"https:\\\/\\\/veloaxe.com\\\/#\\\/schema\\\/logo\\\/image\\\/\",\"url\":\"https:\\\/\\\/veloaxe.com\\\/wp-content\\\/uploads\\\/2026\\\/01\\\/cropped-logo-1.jpg\",\"contentUrl\":\"https:\\\/\\\/veloaxe.com\\\/wp-content\\\/uploads\\\/2026\\\/01\\\/cropped-logo-1.jpg\",\"width\":1273,\"height\":363,\"caption\":\"Tienda de bicicletas | VELOAXE\"},\"image\":{\"@id\":\"https:\\\/\\\/veloaxe.com\\\/#\\\/schema\\\/logo\\\/image\\\/\"},\"sameAs\":[\"https:\\\/\\\/www.facebook.com\\\/veloaxe\"]}]}<\/script>\n<!-- \/ Yoast SEO plugin. -->","yoast_head_json":{"title":"PEDALES LOOK X-TRACK RACE - Tienda de bicicletas | VELOAXE","description":"PEDALES MTB LOOK X-TRACK RACE en VELOAXE.COM por so\u0301lo 72,95 \u20ac. Env\u00edo desde 4,49 euros, facilidad de pago disponible hasta 12X","robots":{"index":"index","follow":"follow","max-snippet":"max-snippet:-1","max-image-preview":"max-image-preview:large","max-video-preview":"max-video-preview:-1"},"canonical":"https:\/\/veloaxe.com\/fr\/produit\/pedales-look-x-track-race\/","og_locale":"fr_FR","og_type":"article","og_title":"PEDALES LOOK X-TRACK RACE - Tienda de bicicletas | VELOAXE","og_description":"PEDALES MTB LOOK X-TRACK RACE en VELOAXE.COM por so\u0301lo 72,95 \u20ac. Env\u00edo desde 4,49 euros, facilidad de pago disponible hasta 12X","og_url":"https:\/\/veloaxe.com\/fr\/produit\/pedales-look-x-track-race\/","og_site_name":"Tienda de bicicletas | VELOAXE","article_publisher":"https:\/\/www.facebook.com\/veloaxe","article_modified_time":"2025-11-02T16:17:40+00:00","og_image":[{"width":795,"height":840,"url":"https:\/\/veloaxe.com\/wp-content\/uploads\/2022\/08\/1200_1500_14____1__pedale-look-vtt_4846-e1666683767832.jpg","type":"image\/jpeg"}],"twitter_card":"summary_large_image","twitter_misc":{"Dur\u00e9e de lecture estim\u00e9e":"1 minute"},"schema":{"@context":"https:\/\/schema.org","@graph":[{"@type":"WebPage","@id":"https:\/\/veloaxe.com\/producto\/pedales-look-x-track-race\/","url":"https:\/\/veloaxe.com\/producto\/pedales-look-x-track-race\/","name":"PEDALES LOOK X-TRACK RACE - Tienda de bicicletas | VELOAXE","isPartOf":{"@id":"https:\/\/veloaxe.com\/#website"},"primaryImageOfPage":{"@id":"https:\/\/veloaxe.com\/producto\/pedales-look-x-track-race\/#primaryimage"},"image":{"@id":"https:\/\/veloaxe.com\/producto\/pedales-look-x-track-race\/#primaryimage"},"thumbnailUrl":"https:\/\/veloaxe.com\/wp-content\/uploads\/2022\/08\/1200_1500_14____1__pedale-look-vtt_4846-e1666683767832.jpg","datePublished":"2022-08-25T17:31:27+00:00","dateModified":"2025-11-02T16:17:40+00:00","description":"PEDALES MTB LOOK X-TRACK RACE en VELOAXE.COM por so\u0301lo 72,95 \u20ac. Env\u00edo desde 4,49 euros, facilidad de pago disponible hasta 12X","breadcrumb":{"@id":"https:\/\/veloaxe.com\/producto\/pedales-look-x-track-race\/#breadcrumb"},"inLanguage":"fr-FR","potentialAction":[{"@type":"ReadAction","target":["https:\/\/veloaxe.com\/producto\/pedales-look-x-track-race\/"]}]},{"@type":"ImageObject","inLanguage":"fr-FR","@id":"https:\/\/veloaxe.com\/producto\/pedales-look-x-track-race\/#primaryimage","url":"https:\/\/veloaxe.com\/wp-content\/uploads\/2022\/08\/1200_1500_14____1__pedale-look-vtt_4846-e1666683767832.jpg","contentUrl":"https:\/\/veloaxe.com\/wp-content\/uploads\/2022\/08\/1200_1500_14____1__pedale-look-vtt_4846-e1666683767832.jpg","width":795,"height":840,"caption":"pedales-look-x-track-race"},{"@type":"BreadcrumbList","@id":"https:\/\/veloaxe.com\/producto\/pedales-look-x-track-race\/#breadcrumb","itemListElement":[{"@type":"ListItem","position":1,"name":"Portada","item":"https:\/\/paleturquoise-herring-271034.hostingersite.com\/"},{"@type":"ListItem","position":2,"name":"Shop","item":"https:\/\/paleturquoise-herring-271034.hostingersite.com\/shop\/"},{"@type":"ListItem","position":3,"name":"PEDALES LOOK X-TRACK RACE"}]},{"@type":"WebSite","@id":"https:\/\/veloaxe.com\/#website","url":"https:\/\/veloaxe.com\/","name":"Boutique de v\u00e9lo en ligne | VELOAXE","description":"Descubre una amplia selecci\u00f3n de bicicletas de alta calidad, desde modelos urbanos y de monta\u00f1a hasta bicicletas de carretera de \u00faltima generaci\u00f3n. Con un servicio experto y accesorios especializados, estamos comprometidos a brindarte la mejor experiencia ciclista.","publisher":{"@id":"https:\/\/veloaxe.com\/#organization"},"potentialAction":[{"@type":"SearchAction","target":{"@type":"EntryPoint","urlTemplate":"https:\/\/veloaxe.com\/?s={search_term_string}"},"query-input":{"@type":"PropertyValueSpecification","valueRequired":true,"valueName":"search_term_string"}}],"inLanguage":"fr-FR"},{"@type":"Organization","@id":"https:\/\/veloaxe.com\/#organization","name":"Boutique de v\u00e9lo en ligne | VELOAXE","url":"https:\/\/veloaxe.com\/","logo":{"@type":"ImageObject","inLanguage":"fr-FR","@id":"https:\/\/veloaxe.com\/#\/schema\/logo\/image\/","url":"https:\/\/veloaxe.com\/wp-content\/uploads\/2026\/01\/cropped-logo-1.jpg","contentUrl":"https:\/\/veloaxe.com\/wp-content\/uploads\/2026\/01\/cropped-logo-1.jpg","width":1273,"height":363,"caption":"Tienda de bicicletas | VELOAXE"},"image":{"@id":"https:\/\/veloaxe.com\/#\/schema\/logo\/image\/"},"sameAs":["https:\/\/www.facebook.com\/veloaxe"]}]}},"_links":{"self":[{"href":"https:\/\/veloaxe.com\/fr\/wp-json\/wp\/v2\/product\/580","targetHints":{"allow":["GET"]}}],"collection":[{"href":"https:\/\/veloaxe.com\/fr\/wp-json\/wp\/v2\/product"}],"about":[{"href":"https:\/\/veloaxe.com\/fr\/wp-json\/wp\/v2\/types\/product"}],"replies":[{"embeddable":true,"href":"https:\/\/veloaxe.com\/fr\/wp-json\/wp\/v2\/comments?post=580"}],"wp:featuredmedia":[{"embeddable":true,"href":"https:\/\/veloaxe.com\/fr\/wp-json\/wp\/v2\/media\/627"}],"wp:attachment":[{"href":"https:\/\/veloaxe.com\/fr\/wp-json\/wp\/v2\/media?parent=580"}],"wp:term":[{"taxonomy":"product_brand","embeddable":true,"href":"https:\/\/veloaxe.com\/fr\/wp-json\/wp\/v2\/product_brand?post=580"},{"taxonomy":"product_cat","embeddable":true,"href":"https:\/\/veloaxe.com\/fr\/wp-json\/wp\/v2\/product_cat?post=580"},{"taxonomy":"product_tag","embeddable":true,"href":"https:\/\/veloaxe.com\/fr\/wp-json\/wp\/v2\/product_tag?post=580"}],"curies":[{"name":"wp","href":"https:\/\/api.w.org\/{rel}","templated":true}]}}