{"id":6633,"date":"2023-01-21T15:13:31","date_gmt":"2023-01-21T15:13:31","guid":{"rendered":"https:\/\/veloaxe.com\/?post_type=product&#038;p=6633"},"modified":"2025-10-07T13:20:03","modified_gmt":"2025-10-07T13:20:03","slug":"conor-maui-e-folding-gris-azulado","status":"publish","type":"product","link":"https:\/\/veloaxe.com\/fr\/produit\/conor-maui-e-folding-gris-azulado\/","title":{"rendered":"CONOR MAUI E-FOLDING &#8211; GRIS AZULADO"},"content":{"rendered":"<p><span style=\"color: #000000;\">La bicicleta el\u00e9ctrica plegable <strong>CONOR MAUI E-FOLDING<\/strong> es la bicicleta ideal para moverse sin esfuerzo por la ciudad y el campo. Aprovecha la bicicleta el\u00e9ctrica para llegar a tu lugar de trabajo o simplemente toma un poco de aire fresco durante un paseo en bicicleta. La bicicleta el\u00e9ctrica <strong>CONOR MAUI E-FOLDING<\/strong> tiene un motor <strong>BAFANG<\/strong> en el buje trasero, brindar\u00e1 una asistencia precisa y eficiente en todas las circunstancias, ya sea que su ruta sea plana o monta\u00f1osa. Equipado con una horquilla de suspensi\u00f3n, absorber\u00e1 las irregularidades del camino y se mantendr\u00e1 c\u00f3modo en los caminos. <\/span><\/p>\n<p><span style=\"color: #000000;\">Su freno de disco hidr\u00e1ulico garantiza un frenado potente con total seguridad. Su gran autonom\u00eda te permitir\u00e1 rodar durante mucho tiempo y su sistema de recarga r\u00e1pida har\u00e1 de la <strong>MAUI E-FOLDING<\/strong>\u00a0una gran herramienta para disfrutar del placer de la bicicleta sin agotarte. Su portaequipajes, potencia y manillar regulable te permitir\u00e1n encontrar una postura c\u00f3moda. Su sill\u00edn muy c\u00f3modo te garantizar\u00e1 un buen asiento sea cual sea tu vestimenta. Puedes elegir f\u00e1cilmente el nivel de asistencia gracias al mando a distancia en el manillar y a su pantalla <strong>LCD<\/strong> en la que tambi\u00e9n se mostrar\u00e1 el nivel de carga de la bater\u00eda, la distancia recorrida y la velocidad.<\/span><\/p>\n<p>&nbsp;<\/p>\n<p><span style=\"color: #000000;\">CUADRO : CONOR ALUMINIO 6061, Bateria integrada, tuberia hidroformada 20&#8243;<\/span><\/p>\n<p><span style=\"color: #000000;\">HORQUILLA : CONOR ALUMINIO Disc<\/span><\/p>\n<p><span style=\"color: #000000;\">MANILLAR : UNO ALUMINIO<\/span><\/p>\n<p><span style=\"color: #000000;\">POTENCIA : TDS ALUMINIO PLEGABLE<\/span><\/p>\n<p><span style=\"color: #000000;\">TIJA DE SILLIN : UNO ALUMINIO<\/span><\/p>\n<p><span style=\"color: #000000;\">FRENOS :\u00a0 CLARKS HIDRAULICO E-CLOUT<\/span><\/p>\n<p><span style=\"color: #000000;\">MANETAS : SHIAMNO REVOSHIFT 6V<\/span><\/p>\n<p><span style=\"color: #000000;\">CAMBIO : SHIMANO TY21 6V<\/span><\/p>\n<p><span style=\"color: #000000;\">CASSETTE : SHIMANO 6V 14&#215;28<\/span><\/p>\n<p><span style=\"color: #000000;\">BIELA : MIRANDAN ALUMINIO 52D<\/span><\/p>\n<p><span style=\"color: #000000;\">SILLIN : CONOR MAUI CONFORT<\/span><\/p>\n<p><span style=\"color: #000000;\">CUBIERTA : CST 20&#215;1.95<\/span><\/p>\n<p><span style=\"color: #000000;\">RUEDAS : SHIMANO ALUMINIO 20&#8243; DOBLE PARED<\/span><\/p>\n<p><span style=\"color: #000000;\">BATERIA : SINLION 378 wh \/36V &#8211; 10,5 A<\/span><\/p>\n<p><span style=\"color: #000000;\">MOTOR : BAFANG RM 250w \/ 32Nm<\/span><\/p>\n<p><span style=\"color: #000000;\">CYLCE COMPUTER : BAFANG LCD DP C15<\/span><\/p>\n<p><span style=\"color: #000000;\">CARGADOR : SINLION ID-1-PRO 36v \/ 2AH<\/span><\/p>","protected":false},"excerpt":{"rendered":"<p>La bicicleta el\u00e9ctrica plegable CONOR MAUI E-FOLDING es la bicicleta ideal para moverse sin esfuerzo por la ciudad y el campo. Aprovecha la bicicleta el\u00e9ctrica para llegar a tu lugar de trabajo o simplemente toma un poco de aire fresco durante un paseo en bicicleta. La bicicleta el\u00e9ctrica CONOR MAUI E-FOLDING tiene un motor BAFANG [&hellip;]<\/p>\n","protected":false},"featured_media":20841,"comment_status":"closed","ping_status":"closed","template":"","meta":[],"product_brand":[],"product_cat":[15],"product_tag":[],"class_list":{"0":"post-6633","1":"product","2":"type-product","3":"status-publish","4":"has-post-thumbnail","6":"product_cat-bicicleta-electrica","7":"product_shipping_class-bicicletas","9":"first","10":"instock","11":"shipping-taxable","12":"purchasable","13":"product-type-variable"},"yoast_head":"<!-- This site is optimized with the Yoast SEO plugin v27.6 - https:\/\/yoast.com\/product\/yoast-seo-wordpress\/ -->\n<title>CONOR MAUI E-FOLDING - AZUL - VELOAXE.COM<\/title>\n<meta name=\"description\" content=\"CONOR MAUI E-FOLDING - Aprovecha nuestra amplia gama de bicicletas el\u00e9ctricas al mejor precio. Al mejor precio con facilidad de pago hasta 12x.\" \/>\n<meta name=\"robots\" content=\"index, follow, max-snippet:-1, max-image-preview:large, max-video-preview:-1\" \/>\n<link rel=\"canonical\" href=\"https:\/\/veloaxe.com\/fr\/produit\/conor-maui-e-folding-gris-azulado\/\" \/>\n<meta property=\"og:locale\" content=\"fr_FR\" \/>\n<meta property=\"og:type\" content=\"article\" \/>\n<meta property=\"og:title\" content=\"CONOR MAUI E-FOLDING - AZUL - VELOAXE.COM\" \/>\n<meta property=\"og:description\" content=\"CONOR MAUI E-FOLDING - Aprovecha nuestra amplia gama de bicicletas el\u00e9ctricas al mejor precio. Al mejor precio con facilidad de pago hasta 12x.\" \/>\n<meta property=\"og:url\" content=\"https:\/\/veloaxe.com\/fr\/produit\/conor-maui-e-folding-gris-azulado\/\" \/>\n<meta property=\"og:site_name\" content=\"Tienda de bicicletas | VELOAXE\" \/>\n<meta property=\"article:publisher\" content=\"https:\/\/www.facebook.com\/veloaxe\" \/>\n<meta property=\"article:modified_time\" content=\"2025-10-07T13:20:03+00:00\" \/>\n<meta property=\"og:image\" content=\"https:\/\/veloaxe.com\/wp-content\/uploads\/2023\/01\/maui-e-folding-20-6s.jpg\" \/>\n\t<meta property=\"og:image:width\" content=\"1300\" \/>\n\t<meta property=\"og:image:height\" content=\"850\" \/>\n\t<meta property=\"og:image:type\" content=\"image\/jpeg\" \/>\n<meta name=\"twitter:card\" content=\"summary_large_image\" \/>\n<meta name=\"twitter:label1\" content=\"Dur\u00e9e de lecture estim\u00e9e\" \/>\n\t<meta name=\"twitter:data1\" content=\"2 minutes\" \/>\n<script type=\"application\/ld+json\" class=\"yoast-schema-graph\">{\"@context\":\"https:\\\/\\\/schema.org\",\"@graph\":[{\"@type\":\"WebPage\",\"@id\":\"https:\\\/\\\/veloaxe.com\\\/producto\\\/conor-maui-e-folding-gris-azulado\\\/\",\"url\":\"https:\\\/\\\/veloaxe.com\\\/producto\\\/conor-maui-e-folding-gris-azulado\\\/\",\"name\":\"CONOR MAUI E-FOLDING - AZUL - VELOAXE.COM\",\"isPartOf\":{\"@id\":\"https:\\\/\\\/veloaxe.com\\\/#website\"},\"primaryImageOfPage\":{\"@id\":\"https:\\\/\\\/veloaxe.com\\\/producto\\\/conor-maui-e-folding-gris-azulado\\\/#primaryimage\"},\"image\":{\"@id\":\"https:\\\/\\\/veloaxe.com\\\/producto\\\/conor-maui-e-folding-gris-azulado\\\/#primaryimage\"},\"thumbnailUrl\":\"https:\\\/\\\/veloaxe.com\\\/wp-content\\\/uploads\\\/2023\\\/01\\\/maui-e-folding-20-6s.jpg\",\"datePublished\":\"2023-01-21T15:13:31+00:00\",\"dateModified\":\"2025-10-07T13:20:03+00:00\",\"description\":\"CONOR MAUI E-FOLDING - Aprovecha nuestra amplia gama de bicicletas el\u00e9ctricas al mejor precio. Al mejor precio con facilidad de pago hasta 12x.\",\"breadcrumb\":{\"@id\":\"https:\\\/\\\/veloaxe.com\\\/producto\\\/conor-maui-e-folding-gris-azulado\\\/#breadcrumb\"},\"inLanguage\":\"fr-FR\",\"potentialAction\":[{\"@type\":\"ReadAction\",\"target\":[\"https:\\\/\\\/veloaxe.com\\\/producto\\\/conor-maui-e-folding-gris-azulado\\\/\"]}]},{\"@type\":\"ImageObject\",\"inLanguage\":\"fr-FR\",\"@id\":\"https:\\\/\\\/veloaxe.com\\\/producto\\\/conor-maui-e-folding-gris-azulado\\\/#primaryimage\",\"url\":\"https:\\\/\\\/veloaxe.com\\\/wp-content\\\/uploads\\\/2023\\\/01\\\/maui-e-folding-20-6s.jpg\",\"contentUrl\":\"https:\\\/\\\/veloaxe.com\\\/wp-content\\\/uploads\\\/2023\\\/01\\\/maui-e-folding-20-6s.jpg\",\"width\":1300,\"height\":850,\"caption\":\"bicicleta-conor-maui-e-folding\"},{\"@type\":\"BreadcrumbList\",\"@id\":\"https:\\\/\\\/veloaxe.com\\\/producto\\\/conor-maui-e-folding-gris-azulado\\\/#breadcrumb\",\"itemListElement\":[{\"@type\":\"ListItem\",\"position\":1,\"name\":\"Portada\",\"item\":\"https:\\\/\\\/paleturquoise-herring-271034.hostingersite.com\\\/\"},{\"@type\":\"ListItem\",\"position\":2,\"name\":\"Shop\",\"item\":\"https:\\\/\\\/paleturquoise-herring-271034.hostingersite.com\\\/shop\\\/\"},{\"@type\":\"ListItem\",\"position\":3,\"name\":\"CONOR MAUI E-FOLDING &#8211; GRIS AZULADO\"}]},{\"@type\":\"WebSite\",\"@id\":\"https:\\\/\\\/veloaxe.com\\\/#website\",\"url\":\"https:\\\/\\\/veloaxe.com\\\/\",\"name\":\"Tienda de bicicletas | VELOAXE\",\"description\":\"Descubre una amplia selecci\u00f3n de bicicletas de alta calidad, desde modelos urbanos y de monta\u00f1a hasta bicicletas de carretera de \u00faltima generaci\u00f3n. Con un servicio experto y accesorios especializados, estamos comprometidos a brindarte la mejor experiencia ciclista.\",\"publisher\":{\"@id\":\"https:\\\/\\\/veloaxe.com\\\/#organization\"},\"potentialAction\":[{\"@type\":\"SearchAction\",\"target\":{\"@type\":\"EntryPoint\",\"urlTemplate\":\"https:\\\/\\\/veloaxe.com\\\/?s={search_term_string}\"},\"query-input\":{\"@type\":\"PropertyValueSpecification\",\"valueRequired\":true,\"valueName\":\"search_term_string\"}}],\"inLanguage\":\"fr-FR\"},{\"@type\":\"Organization\",\"@id\":\"https:\\\/\\\/veloaxe.com\\\/#organization\",\"name\":\"Tienda de bicicletas | VELOAXE\",\"url\":\"https:\\\/\\\/veloaxe.com\\\/\",\"logo\":{\"@type\":\"ImageObject\",\"inLanguage\":\"fr-FR\",\"@id\":\"https:\\\/\\\/veloaxe.com\\\/#\\\/schema\\\/logo\\\/image\\\/\",\"url\":\"https:\\\/\\\/veloaxe.com\\\/wp-content\\\/uploads\\\/2026\\\/01\\\/cropped-logo-1.jpg\",\"contentUrl\":\"https:\\\/\\\/veloaxe.com\\\/wp-content\\\/uploads\\\/2026\\\/01\\\/cropped-logo-1.jpg\",\"width\":1273,\"height\":363,\"caption\":\"Tienda de bicicletas | VELOAXE\"},\"image\":{\"@id\":\"https:\\\/\\\/veloaxe.com\\\/#\\\/schema\\\/logo\\\/image\\\/\"},\"sameAs\":[\"https:\\\/\\\/www.facebook.com\\\/veloaxe\"]}]}<\/script>\n<!-- \/ Yoast SEO plugin. -->","yoast_head_json":{"title":"CONOR MAUI E-FOLDING - AZUL - VELOAXE.COM","description":"CONOR MAUI E-FOLDING - Aprovecha nuestra amplia gama de bicicletas el\u00e9ctricas al mejor precio. Al mejor precio con facilidad de pago hasta 12x.","robots":{"index":"index","follow":"follow","max-snippet":"max-snippet:-1","max-image-preview":"max-image-preview:large","max-video-preview":"max-video-preview:-1"},"canonical":"https:\/\/veloaxe.com\/fr\/produit\/conor-maui-e-folding-gris-azulado\/","og_locale":"fr_FR","og_type":"article","og_title":"CONOR MAUI E-FOLDING - AZUL - VELOAXE.COM","og_description":"CONOR MAUI E-FOLDING - Aprovecha nuestra amplia gama de bicicletas el\u00e9ctricas al mejor precio. Al mejor precio con facilidad de pago hasta 12x.","og_url":"https:\/\/veloaxe.com\/fr\/produit\/conor-maui-e-folding-gris-azulado\/","og_site_name":"Tienda de bicicletas | VELOAXE","article_publisher":"https:\/\/www.facebook.com\/veloaxe","article_modified_time":"2025-10-07T13:20:03+00:00","og_image":[{"width":1300,"height":850,"url":"https:\/\/veloaxe.com\/wp-content\/uploads\/2023\/01\/maui-e-folding-20-6s.jpg","type":"image\/jpeg"}],"twitter_card":"summary_large_image","twitter_misc":{"Dur\u00e9e de lecture estim\u00e9e":"2 minutes"},"schema":{"@context":"https:\/\/schema.org","@graph":[{"@type":"WebPage","@id":"https:\/\/veloaxe.com\/producto\/conor-maui-e-folding-gris-azulado\/","url":"https:\/\/veloaxe.com\/producto\/conor-maui-e-folding-gris-azulado\/","name":"CONOR MAUI E-FOLDING - AZUL - VELOAXE.COM","isPartOf":{"@id":"https:\/\/veloaxe.com\/#website"},"primaryImageOfPage":{"@id":"https:\/\/veloaxe.com\/producto\/conor-maui-e-folding-gris-azulado\/#primaryimage"},"image":{"@id":"https:\/\/veloaxe.com\/producto\/conor-maui-e-folding-gris-azulado\/#primaryimage"},"thumbnailUrl":"https:\/\/veloaxe.com\/wp-content\/uploads\/2023\/01\/maui-e-folding-20-6s.jpg","datePublished":"2023-01-21T15:13:31+00:00","dateModified":"2025-10-07T13:20:03+00:00","description":"CONOR MAUI E-FOLDING - Aprovecha nuestra amplia gama de bicicletas el\u00e9ctricas al mejor precio. Al mejor precio con facilidad de pago hasta 12x.","breadcrumb":{"@id":"https:\/\/veloaxe.com\/producto\/conor-maui-e-folding-gris-azulado\/#breadcrumb"},"inLanguage":"fr-FR","potentialAction":[{"@type":"ReadAction","target":["https:\/\/veloaxe.com\/producto\/conor-maui-e-folding-gris-azulado\/"]}]},{"@type":"ImageObject","inLanguage":"fr-FR","@id":"https:\/\/veloaxe.com\/producto\/conor-maui-e-folding-gris-azulado\/#primaryimage","url":"https:\/\/veloaxe.com\/wp-content\/uploads\/2023\/01\/maui-e-folding-20-6s.jpg","contentUrl":"https:\/\/veloaxe.com\/wp-content\/uploads\/2023\/01\/maui-e-folding-20-6s.jpg","width":1300,"height":850,"caption":"bicicleta-conor-maui-e-folding"},{"@type":"BreadcrumbList","@id":"https:\/\/veloaxe.com\/producto\/conor-maui-e-folding-gris-azulado\/#breadcrumb","itemListElement":[{"@type":"ListItem","position":1,"name":"Portada","item":"https:\/\/paleturquoise-herring-271034.hostingersite.com\/"},{"@type":"ListItem","position":2,"name":"Shop","item":"https:\/\/paleturquoise-herring-271034.hostingersite.com\/shop\/"},{"@type":"ListItem","position":3,"name":"CONOR MAUI E-FOLDING &#8211; GRIS AZULADO"}]},{"@type":"WebSite","@id":"https:\/\/veloaxe.com\/#website","url":"https:\/\/veloaxe.com\/","name":"Boutique de v\u00e9lo en ligne | VELOAXE","description":"Descubre una amplia selecci\u00f3n de bicicletas de alta calidad, desde modelos urbanos y de monta\u00f1a hasta bicicletas de carretera de \u00faltima generaci\u00f3n. Con un servicio experto y accesorios especializados, estamos comprometidos a brindarte la mejor experiencia ciclista.","publisher":{"@id":"https:\/\/veloaxe.com\/#organization"},"potentialAction":[{"@type":"SearchAction","target":{"@type":"EntryPoint","urlTemplate":"https:\/\/veloaxe.com\/?s={search_term_string}"},"query-input":{"@type":"PropertyValueSpecification","valueRequired":true,"valueName":"search_term_string"}}],"inLanguage":"fr-FR"},{"@type":"Organization","@id":"https:\/\/veloaxe.com\/#organization","name":"Boutique de v\u00e9lo en ligne | VELOAXE","url":"https:\/\/veloaxe.com\/","logo":{"@type":"ImageObject","inLanguage":"fr-FR","@id":"https:\/\/veloaxe.com\/#\/schema\/logo\/image\/","url":"https:\/\/veloaxe.com\/wp-content\/uploads\/2026\/01\/cropped-logo-1.jpg","contentUrl":"https:\/\/veloaxe.com\/wp-content\/uploads\/2026\/01\/cropped-logo-1.jpg","width":1273,"height":363,"caption":"Tienda de bicicletas | VELOAXE"},"image":{"@id":"https:\/\/veloaxe.com\/#\/schema\/logo\/image\/"},"sameAs":["https:\/\/www.facebook.com\/veloaxe"]}]}},"_links":{"self":[{"href":"https:\/\/veloaxe.com\/fr\/wp-json\/wp\/v2\/product\/6633","targetHints":{"allow":["GET"]}}],"collection":[{"href":"https:\/\/veloaxe.com\/fr\/wp-json\/wp\/v2\/product"}],"about":[{"href":"https:\/\/veloaxe.com\/fr\/wp-json\/wp\/v2\/types\/product"}],"replies":[{"embeddable":true,"href":"https:\/\/veloaxe.com\/fr\/wp-json\/wp\/v2\/comments?post=6633"}],"wp:featuredmedia":[{"embeddable":true,"href":"https:\/\/veloaxe.com\/fr\/wp-json\/wp\/v2\/media\/20841"}],"wp:attachment":[{"href":"https:\/\/veloaxe.com\/fr\/wp-json\/wp\/v2\/media?parent=6633"}],"wp:term":[{"taxonomy":"product_brand","embeddable":true,"href":"https:\/\/veloaxe.com\/fr\/wp-json\/wp\/v2\/product_brand?post=6633"},{"taxonomy":"product_cat","embeddable":true,"href":"https:\/\/veloaxe.com\/fr\/wp-json\/wp\/v2\/product_cat?post=6633"},{"taxonomy":"product_tag","embeddable":true,"href":"https:\/\/veloaxe.com\/fr\/wp-json\/wp\/v2\/product_tag?post=6633"}],"curies":[{"name":"wp","href":"https:\/\/api.w.org\/{rel}","templated":true}]}}