{"id":7023,"date":"2023-01-26T16:06:33","date_gmt":"2023-01-26T16:06:33","guid":{"rendered":"https:\/\/veloaxe.com\/?post_type=product&#038;p=7023"},"modified":"2025-10-07T08:24:18","modified_gmt":"2025-10-07T08:24:18","slug":"coluer-poison-sl-4-5-sram-gx-mixte-12-v","status":"publish","type":"product","link":"https:\/\/veloaxe.com\/fr\/produit\/coluer-poison-sl-4-5-sram-gx-mixte-12-v\/","title":{"rendered":"COLUER POISON SL 4.5 &#8211; SRAM GX MIXTE 12v"},"content":{"rendered":"<p><!-- DESCRIPTION --><\/p>\n<div id=\"description\" class=\"tab-pane fade in active\" style=\"background-color: #fff; padding: 10px;\" role=\"tabpanel\">\n<p>La bicicleta de monta\u00f1a <strong>COLUER POISON SL 4.5<\/strong> fue creada despu\u00e9s de a\u00f1os de competir en las carreras m\u00e1s dif\u00edciles como la <strong>COPA DEL MUNDO<\/strong> y varios campeonatos NACIONALES. Con la ayuda de los mejores ciclistas, hemos realizado mejoras y actualizado peque\u00f1os detalles para convertirla en una bicicleta de monta\u00f1a competitiva. La investigaci\u00f3n y el desarrollo del cuadro ha dado como resultado una bicicleta equilibrada, c\u00f3moda, estable, r\u00e1pida y f\u00e1cil de manejar. Su comportamiento en el suelo es increible, Reactivo, Preciso con excelente Motricidad. Te llevar\u00e1 por tus senderos favoritos a una velocidad inimaginable. Cuesta abajo su estabilidad te garantiza mucha Confianza y Seguridad. La bicicleta de monta\u00f1a <strong>COLUER POISON SL 4.5<\/strong> es ligera y eficiente, es ideal para salidas en bicicleta de monta\u00f1a.<\/p>\n<p>CUADRO : COLUER CARBONO T700\/T800 HMC &#8211; GEOMETRIA XC RACE<\/p>\n<p>HORQUILLA : ROCKSHOX RECON SILVER RL 100mm BOOST<\/p>\n<p>MANILLAR : ICON SUPERNOVA<\/p>\n<p>POTENCIA : ICON SUPER NOVA<\/p>\n<p>TIJA DE SILLIN : ICON SUPER NOVA<\/p>\n<p>SILLIN : ITALIA X<\/p>\n<p>FRENOS : SRAM LEVEL<\/p>\n<p>MANETAS : SRAM GX 12v<\/p>\n<p>CAMBIO : SRAM GX 12v<\/p>\n<p>BIELAS : SRAM X1<\/p>\n<p>CASSETTE : SRAM SX 11&#215;50<\/p>\n<p>RUEDAS : FULCRUM RED ZONE 7<\/p>\n<p>CUBIERTAS : VITTORIA BARZO 29&#215;2.25<\/p>\n<p>Las ruedas y el grupo de la foto, pueden no ser contractuales.<\/p>\n<\/div>","protected":false},"excerpt":{"rendered":"<p>La bicicleta de monta\u00f1a COLUER POISON SL 4.5 fue creada despu\u00e9s de a\u00f1os de competir en las carreras m\u00e1s dif\u00edciles como la COPA DEL MUNDO y varios campeonatos NACIONALES. Con la ayuda de los mejores ciclistas, hemos realizado mejoras y actualizado peque\u00f1os detalles para convertirla en una bicicleta de monta\u00f1a competitiva. La investigaci\u00f3n y el [&hellip;]<\/p>\n","protected":false},"featured_media":7042,"comment_status":"open","ping_status":"closed","template":"","meta":[],"product_brand":[],"product_cat":[136,134,46],"product_tag":[],"class_list":{"0":"post-7023","1":"product","2":"type-product","3":"status-publish","4":"has-post-thumbnail","6":"product_cat-bicicletas-carbono-completa","7":"product_cat-bicicletas-de-montana-completas","8":"product_cat-btt-bicicleta-de-montana","9":"product_shipping_class-bicicletas","11":"first","12":"instock","13":"sale","14":"shipping-taxable","15":"purchasable","16":"product-type-variable"},"yoast_head":"<!-- This site is optimized with the Yoast SEO plugin v27.6 - https:\/\/yoast.com\/product\/yoast-seo-wordpress\/ -->\n<title>COLUER POISON SL 4.5 - SRAM GX MIXTE 12v | VELOAXE<\/title>\n<meta name=\"description\" content=\"COLUER POISON SL 4.5 - SRAM GX MIXTE 12v - Todas las bicicletas de monta\u00f1a coluer est\u00e1n en nuestro sitio al mejor precio. Facilidad de pago hasta 12x.\" \/>\n<meta name=\"robots\" content=\"index, follow, max-snippet:-1, max-image-preview:large, max-video-preview:-1\" \/>\n<link rel=\"canonical\" href=\"https:\/\/veloaxe.com\/fr\/produit\/coluer-poison-sl-4-5-sram-gx-mixte-12-v\/\" \/>\n<meta property=\"og:locale\" content=\"fr_FR\" \/>\n<meta property=\"og:type\" content=\"article\" \/>\n<meta property=\"og:title\" content=\"COLUER POISON SL 4.5 - SRAM GX MIXTE 12v | VELOAXE\" \/>\n<meta property=\"og:description\" content=\"COLUER POISON SL 4.5 - SRAM GX MIXTE 12v - Todas las bicicletas de monta\u00f1a coluer est\u00e1n en nuestro sitio al mejor precio. Facilidad de pago hasta 12x.\" \/>\n<meta property=\"og:url\" content=\"https:\/\/veloaxe.com\/fr\/produit\/coluer-poison-sl-4-5-sram-gx-mixte-12-v\/\" \/>\n<meta property=\"og:site_name\" content=\"Tienda de bicicletas | VELOAXE\" \/>\n<meta property=\"article:publisher\" content=\"https:\/\/www.facebook.com\/veloaxe\" \/>\n<meta property=\"article:modified_time\" content=\"2025-10-07T08:24:18+00:00\" \/>\n<meta property=\"og:image\" content=\"https:\/\/veloaxe.com\/wp-content\/uploads\/2023\/01\/bicicleta-mtb-Coluer-Poison_SL_sram-gx.jpg\" \/>\n\t<meta property=\"og:image:width\" content=\"2000\" \/>\n\t<meta property=\"og:image:height\" content=\"1200\" \/>\n\t<meta property=\"og:image:type\" content=\"image\/jpeg\" \/>\n<meta name=\"twitter:card\" content=\"summary_large_image\" \/>\n<meta name=\"twitter:label1\" content=\"Dur\u00e9e de lecture estim\u00e9e\" \/>\n\t<meta name=\"twitter:data1\" content=\"2 minutes\" \/>\n<script type=\"application\/ld+json\" class=\"yoast-schema-graph\">{\"@context\":\"https:\\\/\\\/schema.org\",\"@graph\":[{\"@type\":\"WebPage\",\"@id\":\"https:\\\/\\\/veloaxe.com\\\/producto\\\/coluer-poison-sl-4-5-sram-gx-mixte-12-v\\\/\",\"url\":\"https:\\\/\\\/veloaxe.com\\\/producto\\\/coluer-poison-sl-4-5-sram-gx-mixte-12-v\\\/\",\"name\":\"COLUER POISON SL 4.5 - SRAM GX MIXTE 12v | VELOAXE\",\"isPartOf\":{\"@id\":\"https:\\\/\\\/veloaxe.com\\\/#website\"},\"primaryImageOfPage\":{\"@id\":\"https:\\\/\\\/veloaxe.com\\\/producto\\\/coluer-poison-sl-4-5-sram-gx-mixte-12-v\\\/#primaryimage\"},\"image\":{\"@id\":\"https:\\\/\\\/veloaxe.com\\\/producto\\\/coluer-poison-sl-4-5-sram-gx-mixte-12-v\\\/#primaryimage\"},\"thumbnailUrl\":\"https:\\\/\\\/veloaxe.com\\\/wp-content\\\/uploads\\\/2023\\\/01\\\/bicicleta-mtb-Coluer-Poison_SL_sram-gx.jpg\",\"datePublished\":\"2023-01-26T16:06:33+00:00\",\"dateModified\":\"2025-10-07T08:24:18+00:00\",\"description\":\"COLUER POISON SL 4.5 - SRAM GX MIXTE 12v - Todas las bicicletas de monta\u00f1a coluer est\u00e1n en nuestro sitio al mejor precio. Facilidad de pago hasta 12x.\",\"breadcrumb\":{\"@id\":\"https:\\\/\\\/veloaxe.com\\\/producto\\\/coluer-poison-sl-4-5-sram-gx-mixte-12-v\\\/#breadcrumb\"},\"inLanguage\":\"fr-FR\",\"potentialAction\":[{\"@type\":\"ReadAction\",\"target\":[\"https:\\\/\\\/veloaxe.com\\\/producto\\\/coluer-poison-sl-4-5-sram-gx-mixte-12-v\\\/\"]}]},{\"@type\":\"ImageObject\",\"inLanguage\":\"fr-FR\",\"@id\":\"https:\\\/\\\/veloaxe.com\\\/producto\\\/coluer-poison-sl-4-5-sram-gx-mixte-12-v\\\/#primaryimage\",\"url\":\"https:\\\/\\\/veloaxe.com\\\/wp-content\\\/uploads\\\/2023\\\/01\\\/bicicleta-mtb-Coluer-Poison_SL_sram-gx.jpg\",\"contentUrl\":\"https:\\\/\\\/veloaxe.com\\\/wp-content\\\/uploads\\\/2023\\\/01\\\/bicicleta-mtb-Coluer-Poison_SL_sram-gx.jpg\",\"width\":2000,\"height\":1200,\"caption\":\"coluer-poison-sl\"},{\"@type\":\"BreadcrumbList\",\"@id\":\"https:\\\/\\\/veloaxe.com\\\/producto\\\/coluer-poison-sl-4-5-sram-gx-mixte-12-v\\\/#breadcrumb\",\"itemListElement\":[{\"@type\":\"ListItem\",\"position\":1,\"name\":\"Portada\",\"item\":\"https:\\\/\\\/paleturquoise-herring-271034.hostingersite.com\\\/\"},{\"@type\":\"ListItem\",\"position\":2,\"name\":\"Shop\",\"item\":\"https:\\\/\\\/paleturquoise-herring-271034.hostingersite.com\\\/shop\\\/\"},{\"@type\":\"ListItem\",\"position\":3,\"name\":\"COLUER POISON SL 4.5 &#8211; SRAM GX MIXTE 12v\"}]},{\"@type\":\"WebSite\",\"@id\":\"https:\\\/\\\/veloaxe.com\\\/#website\",\"url\":\"https:\\\/\\\/veloaxe.com\\\/\",\"name\":\"Tienda de bicicletas | VELOAXE\",\"description\":\"Descubre una amplia selecci\u00f3n de bicicletas de alta calidad, desde modelos urbanos y de monta\u00f1a hasta bicicletas de carretera de \u00faltima generaci\u00f3n. Con un servicio experto y accesorios especializados, estamos comprometidos a brindarte la mejor experiencia ciclista.\",\"publisher\":{\"@id\":\"https:\\\/\\\/veloaxe.com\\\/#organization\"},\"potentialAction\":[{\"@type\":\"SearchAction\",\"target\":{\"@type\":\"EntryPoint\",\"urlTemplate\":\"https:\\\/\\\/veloaxe.com\\\/?s={search_term_string}\"},\"query-input\":{\"@type\":\"PropertyValueSpecification\",\"valueRequired\":true,\"valueName\":\"search_term_string\"}}],\"inLanguage\":\"fr-FR\"},{\"@type\":\"Organization\",\"@id\":\"https:\\\/\\\/veloaxe.com\\\/#organization\",\"name\":\"Tienda de bicicletas | VELOAXE\",\"url\":\"https:\\\/\\\/veloaxe.com\\\/\",\"logo\":{\"@type\":\"ImageObject\",\"inLanguage\":\"fr-FR\",\"@id\":\"https:\\\/\\\/veloaxe.com\\\/#\\\/schema\\\/logo\\\/image\\\/\",\"url\":\"https:\\\/\\\/veloaxe.com\\\/wp-content\\\/uploads\\\/2026\\\/01\\\/cropped-logo-1.jpg\",\"contentUrl\":\"https:\\\/\\\/veloaxe.com\\\/wp-content\\\/uploads\\\/2026\\\/01\\\/cropped-logo-1.jpg\",\"width\":1273,\"height\":363,\"caption\":\"Tienda de bicicletas | VELOAXE\"},\"image\":{\"@id\":\"https:\\\/\\\/veloaxe.com\\\/#\\\/schema\\\/logo\\\/image\\\/\"},\"sameAs\":[\"https:\\\/\\\/www.facebook.com\\\/veloaxe\"]}]}<\/script>\n<!-- \/ Yoast SEO plugin. -->","yoast_head_json":{"title":"COLUER POISON SL 4.5 - SRAM GX MIXTE 12v | VELOAXE","description":"COLUER POISON SL 4.5 - SRAM GX MIXTE 12v - Todas las bicicletas de monta\u00f1a coluer est\u00e1n en nuestro sitio al mejor precio. Facilidad de pago hasta 12x.","robots":{"index":"index","follow":"follow","max-snippet":"max-snippet:-1","max-image-preview":"max-image-preview:large","max-video-preview":"max-video-preview:-1"},"canonical":"https:\/\/veloaxe.com\/fr\/produit\/coluer-poison-sl-4-5-sram-gx-mixte-12-v\/","og_locale":"fr_FR","og_type":"article","og_title":"COLUER POISON SL 4.5 - SRAM GX MIXTE 12v | VELOAXE","og_description":"COLUER POISON SL 4.5 - SRAM GX MIXTE 12v - Todas las bicicletas de monta\u00f1a coluer est\u00e1n en nuestro sitio al mejor precio. Facilidad de pago hasta 12x.","og_url":"https:\/\/veloaxe.com\/fr\/produit\/coluer-poison-sl-4-5-sram-gx-mixte-12-v\/","og_site_name":"Tienda de bicicletas | VELOAXE","article_publisher":"https:\/\/www.facebook.com\/veloaxe","article_modified_time":"2025-10-07T08:24:18+00:00","og_image":[{"width":2000,"height":1200,"url":"https:\/\/veloaxe.com\/wp-content\/uploads\/2023\/01\/bicicleta-mtb-Coluer-Poison_SL_sram-gx.jpg","type":"image\/jpeg"}],"twitter_card":"summary_large_image","twitter_misc":{"Dur\u00e9e de lecture estim\u00e9e":"2 minutes"},"schema":{"@context":"https:\/\/schema.org","@graph":[{"@type":"WebPage","@id":"https:\/\/veloaxe.com\/producto\/coluer-poison-sl-4-5-sram-gx-mixte-12-v\/","url":"https:\/\/veloaxe.com\/producto\/coluer-poison-sl-4-5-sram-gx-mixte-12-v\/","name":"COLUER POISON SL 4.5 - SRAM GX MIXTE 12v | VELOAXE","isPartOf":{"@id":"https:\/\/veloaxe.com\/#website"},"primaryImageOfPage":{"@id":"https:\/\/veloaxe.com\/producto\/coluer-poison-sl-4-5-sram-gx-mixte-12-v\/#primaryimage"},"image":{"@id":"https:\/\/veloaxe.com\/producto\/coluer-poison-sl-4-5-sram-gx-mixte-12-v\/#primaryimage"},"thumbnailUrl":"https:\/\/veloaxe.com\/wp-content\/uploads\/2023\/01\/bicicleta-mtb-Coluer-Poison_SL_sram-gx.jpg","datePublished":"2023-01-26T16:06:33+00:00","dateModified":"2025-10-07T08:24:18+00:00","description":"COLUER POISON SL 4.5 - SRAM GX MIXTE 12v - Todas las bicicletas de monta\u00f1a coluer est\u00e1n en nuestro sitio al mejor precio. Facilidad de pago hasta 12x.","breadcrumb":{"@id":"https:\/\/veloaxe.com\/producto\/coluer-poison-sl-4-5-sram-gx-mixte-12-v\/#breadcrumb"},"inLanguage":"fr-FR","potentialAction":[{"@type":"ReadAction","target":["https:\/\/veloaxe.com\/producto\/coluer-poison-sl-4-5-sram-gx-mixte-12-v\/"]}]},{"@type":"ImageObject","inLanguage":"fr-FR","@id":"https:\/\/veloaxe.com\/producto\/coluer-poison-sl-4-5-sram-gx-mixte-12-v\/#primaryimage","url":"https:\/\/veloaxe.com\/wp-content\/uploads\/2023\/01\/bicicleta-mtb-Coluer-Poison_SL_sram-gx.jpg","contentUrl":"https:\/\/veloaxe.com\/wp-content\/uploads\/2023\/01\/bicicleta-mtb-Coluer-Poison_SL_sram-gx.jpg","width":2000,"height":1200,"caption":"coluer-poison-sl"},{"@type":"BreadcrumbList","@id":"https:\/\/veloaxe.com\/producto\/coluer-poison-sl-4-5-sram-gx-mixte-12-v\/#breadcrumb","itemListElement":[{"@type":"ListItem","position":1,"name":"Portada","item":"https:\/\/paleturquoise-herring-271034.hostingersite.com\/"},{"@type":"ListItem","position":2,"name":"Shop","item":"https:\/\/paleturquoise-herring-271034.hostingersite.com\/shop\/"},{"@type":"ListItem","position":3,"name":"COLUER POISON SL 4.5 &#8211; SRAM GX MIXTE 12v"}]},{"@type":"WebSite","@id":"https:\/\/veloaxe.com\/#website","url":"https:\/\/veloaxe.com\/","name":"Boutique de v\u00e9lo en ligne | VELOAXE","description":"Descubre una amplia selecci\u00f3n de bicicletas de alta calidad, desde modelos urbanos y de monta\u00f1a hasta bicicletas de carretera de \u00faltima generaci\u00f3n. Con un servicio experto y accesorios especializados, estamos comprometidos a brindarte la mejor experiencia ciclista.","publisher":{"@id":"https:\/\/veloaxe.com\/#organization"},"potentialAction":[{"@type":"SearchAction","target":{"@type":"EntryPoint","urlTemplate":"https:\/\/veloaxe.com\/?s={search_term_string}"},"query-input":{"@type":"PropertyValueSpecification","valueRequired":true,"valueName":"search_term_string"}}],"inLanguage":"fr-FR"},{"@type":"Organization","@id":"https:\/\/veloaxe.com\/#organization","name":"Boutique de v\u00e9lo en ligne | VELOAXE","url":"https:\/\/veloaxe.com\/","logo":{"@type":"ImageObject","inLanguage":"fr-FR","@id":"https:\/\/veloaxe.com\/#\/schema\/logo\/image\/","url":"https:\/\/veloaxe.com\/wp-content\/uploads\/2026\/01\/cropped-logo-1.jpg","contentUrl":"https:\/\/veloaxe.com\/wp-content\/uploads\/2026\/01\/cropped-logo-1.jpg","width":1273,"height":363,"caption":"Tienda de bicicletas | VELOAXE"},"image":{"@id":"https:\/\/veloaxe.com\/#\/schema\/logo\/image\/"},"sameAs":["https:\/\/www.facebook.com\/veloaxe"]}]}},"_links":{"self":[{"href":"https:\/\/veloaxe.com\/fr\/wp-json\/wp\/v2\/product\/7023","targetHints":{"allow":["GET"]}}],"collection":[{"href":"https:\/\/veloaxe.com\/fr\/wp-json\/wp\/v2\/product"}],"about":[{"href":"https:\/\/veloaxe.com\/fr\/wp-json\/wp\/v2\/types\/product"}],"replies":[{"embeddable":true,"href":"https:\/\/veloaxe.com\/fr\/wp-json\/wp\/v2\/comments?post=7023"}],"wp:featuredmedia":[{"embeddable":true,"href":"https:\/\/veloaxe.com\/fr\/wp-json\/wp\/v2\/media\/7042"}],"wp:attachment":[{"href":"https:\/\/veloaxe.com\/fr\/wp-json\/wp\/v2\/media?parent=7023"}],"wp:term":[{"taxonomy":"product_brand","embeddable":true,"href":"https:\/\/veloaxe.com\/fr\/wp-json\/wp\/v2\/product_brand?post=7023"},{"taxonomy":"product_cat","embeddable":true,"href":"https:\/\/veloaxe.com\/fr\/wp-json\/wp\/v2\/product_cat?post=7023"},{"taxonomy":"product_tag","embeddable":true,"href":"https:\/\/veloaxe.com\/fr\/wp-json\/wp\/v2\/product_tag?post=7023"}],"curies":[{"name":"wp","href":"https:\/\/api.w.org\/{rel}","templated":true}]}}