{"id":7280,"date":"2023-01-28T07:15:50","date_gmt":"2023-01-28T07:15:50","guid":{"rendered":"https:\/\/veloaxe.com\/?post_type=product&#038;p=7280"},"modified":"2025-10-07T07:21:16","modified_gmt":"2025-10-07T07:21:16","slug":"coluer-stake-cr-6-3-shimano-xt-12v","status":"publish","type":"product","link":"https:\/\/veloaxe.com\/fr\/producto\/coluer-stake-cr-6-3-shimano-xt-12v\/","title":{"rendered":"COLUER STAKE CR 6.3 &#8211; SHIMANO XT 12v"},"content":{"rendered":"<p><!-- DESCRIPTION --><\/p>\n<div id=\"description\" class=\"tab-pane fade in active\" style=\"background-color: #fff; padding: 10px;\" role=\"tabpanel\">\n<p><span style=\"color: #000000;\">La bicicleta de monta\u00f1a <strong>COLUER STAKE CR 6.3<\/strong>, est\u00e1 hecha para que cada uno de los atletas que participen en carreras, ya sean de alta competici\u00f3n o carreras de XC o senderismo, puedan elegir la mejor bicicleta que corresponda a su preferencia de uso, sin limitar las ventajas y desventajas de una doble. bicicleta de suspensi\u00f3n o hardtail. Hemos logrado nuestro objetivo. <\/span><\/p>\n<p><span style=\"color: #000000;\">El comportamiento y la eficiencia de la nueva <strong>COLUER STAKE CR<\/strong> <strong>6.3<\/strong> es id\u00e9ntico al de una bicicleta de monta\u00f1a r\u00edgida. Gracias a la composici\u00f3n de diferentes tipos de fibra de carbono de alta resistencia y al proceso de fabricaci\u00f3n monocasco, hemos obtenido un cuadro con una incre\u00edble relaci\u00f3n PESO\/RESISTENCIA, con un peso de tan solo 1,7 kg. <\/span><\/p>\n<p><span style=\"color: #000000;\">Su nuevo sistema de suspensi\u00f3n HORST LINK, la BTT <strong>COLUER STAKE CR<\/strong> se mantiene R\u00cdGIDA en las subidas, no hay interferencias en el pedaleo y te permite mantener una tracci\u00f3n TOTAL. <\/span><\/p>\n<p>&nbsp;<\/p>\n<p><span style=\"color: #000000;\">CUADRO : Carbono T-700\/800 HMC con Bieleta en Carbono Monopivot de 4-Puntos, Recorrido 100mm, Geometr\u00eda XC Race, Vainas tipo Monopieza Anti-flexi\u00f3n, Sistema de Cableado Interno preparado para Tija Telesc\u00f3pica, Caja Pedalier BB92, Direcci\u00f3n C\u00f3nica 1-1\/8 &#8211; 1.5 y Sistema BOOST 12&#215;148<\/span><\/p>\n<p><span style=\"color: #000000;\">HORQUILLA : ROCKSHOX SID SELECT SL 100mm BOOST<\/span><\/p>\n<p>AMORTIGUADOR : ROCKSHOX LUX ULTIMATE<\/p>\n<p><span style=\"color: #000000;\">MANILLAR : ICON SUPERNOVA<\/span><\/p>\n<p><span style=\"color: #000000;\">POTENCIA : ICON SUPER NOVA<\/span><\/p>\n<p><span style=\"color: #000000;\">TIJA DE SILLIN : ICON CARBONO<\/span><\/p>\n<p><span style=\"color: #000000;\">SILLIN : ITALIA X<\/span><\/p>\n<p><span style=\"color: #000000;\">FRENOS : SRAM LEVEL<\/span><\/p>\n<p><span style=\"color: #000000;\">MANETAS : SHIMANO XT 12v<\/span><\/p>\n<p><span style=\"color: #000000;\">CAMBIO : SHIMANO XT 12v<\/span><\/p>\n<p><span style=\"color: #000000;\">BIELAS : SHIMANO MT510<\/span><\/p>\n<p><span style=\"color: #000000;\">CASSETTE : SHIMANO 10&#215;51<\/span><\/p>\n<p><span style=\"color: #000000;\">RUEDAS : FULCRUM RED ZONE 7<\/span><\/p>\n<p><span style=\"color: #000000;\">CUBIERTAS : VITTORIA MEZCAL 3 XC TBL 29&#215;2.35<\/span><\/p>\n<p><span style=\"color: #000000;\">Las ruedas y el grupo de la foto, pueden no ser contractuales.<\/span><\/p>\n<\/div>","protected":false},"excerpt":{"rendered":"<p>La bicicleta de monta\u00f1a COLUER STAKE CR 6.3, est\u00e1 hecha para que cada uno de los atletas que participen en carreras, ya sean de alta competici\u00f3n o carreras de XC o senderismo, puedan elegir la mejor bicicleta que corresponda a su preferencia de uso, sin limitar las ventajas y desventajas de una doble. bicicleta de [&hellip;]<\/p>\n","protected":false},"featured_media":7306,"comment_status":"open","ping_status":"closed","template":"","meta":[],"product_brand":[],"product_cat":[136,134,46],"product_tag":[],"class_list":{"0":"post-7280","1":"product","2":"type-product","3":"status-publish","4":"has-post-thumbnail","6":"product_cat-bicicletas-carbono-completa","7":"product_cat-bicicletas-de-montana-completas","8":"product_cat-btt-bicicleta-de-montana","9":"product_shipping_class-bicicletas","11":"first","12":"instock","13":"sale","14":"shipping-taxable","15":"purchasable","16":"product-type-variable"},"yoast_head":"<!-- This site is optimized with the Yoast SEO plugin v27.6 - https:\/\/yoast.com\/product\/yoast-seo-wordpress\/ -->\n<title>COLUER STAKE CR 6.3 - SHIMANO XT 12v | VELOAXE.COM<\/title>\n<meta name=\"description\" content=\"COLUER STAKE CR 6.3 - SHIMANO XT 12v - Todas las bicicletas de monta\u00f1a coluer est\u00e1n en nuestro sitio al mejor precio. Facilidad de pago hasta 12x.\" \/>\n<meta name=\"robots\" content=\"index, follow, max-snippet:-1, max-image-preview:large, max-video-preview:-1\" \/>\n<link rel=\"canonical\" href=\"https:\/\/veloaxe.com\/fr\/produit\/coluer-stake-cr-6-3-shimano-xt-12v\/\" \/>\n<meta property=\"og:locale\" content=\"fr_FR\" \/>\n<meta property=\"og:type\" content=\"article\" \/>\n<meta property=\"og:title\" content=\"COLUER STAKE CR 6.3 - SHIMANO XT 12v | VELOAXE.COM\" \/>\n<meta property=\"og:description\" content=\"COLUER STAKE CR 6.3 - SHIMANO XT 12v - Todas las bicicletas de monta\u00f1a coluer est\u00e1n en nuestro sitio al mejor precio. Facilidad de pago hasta 12x.\" \/>\n<meta property=\"og:url\" content=\"https:\/\/veloaxe.com\/fr\/produit\/coluer-stake-cr-6-3-shimano-xt-12v\/\" \/>\n<meta property=\"og:site_name\" content=\"Tienda de bicicletas | VELOAXE\" \/>\n<meta property=\"article:publisher\" content=\"https:\/\/www.facebook.com\/veloaxe\" \/>\n<meta property=\"article:modified_time\" content=\"2025-10-07T07:21:16+00:00\" \/>\n<meta property=\"og:image\" content=\"https:\/\/veloaxe.com\/wp-content\/uploads\/2023\/01\/bicicleta-Coluer-Stake_CR.jpg\" \/>\n\t<meta property=\"og:image:width\" content=\"2000\" \/>\n\t<meta property=\"og:image:height\" content=\"1200\" \/>\n\t<meta property=\"og:image:type\" content=\"image\/jpeg\" \/>\n<meta name=\"twitter:card\" content=\"summary_large_image\" \/>\n<meta name=\"twitter:label1\" content=\"Dur\u00e9e de lecture estim\u00e9e\" \/>\n\t<meta name=\"twitter:data1\" content=\"2 minutes\" \/>\n<script type=\"application\/ld+json\" class=\"yoast-schema-graph\">{\"@context\":\"https:\\\/\\\/schema.org\",\"@graph\":[{\"@type\":\"WebPage\",\"@id\":\"https:\\\/\\\/veloaxe.com\\\/producto\\\/coluer-stake-cr-6-3-shimano-xt-12v\\\/\",\"url\":\"https:\\\/\\\/veloaxe.com\\\/producto\\\/coluer-stake-cr-6-3-shimano-xt-12v\\\/\",\"name\":\"COLUER STAKE CR 6.3 - SHIMANO XT 12v | VELOAXE.COM\",\"isPartOf\":{\"@id\":\"https:\\\/\\\/veloaxe.com\\\/#website\"},\"primaryImageOfPage\":{\"@id\":\"https:\\\/\\\/veloaxe.com\\\/producto\\\/coluer-stake-cr-6-3-shimano-xt-12v\\\/#primaryimage\"},\"image\":{\"@id\":\"https:\\\/\\\/veloaxe.com\\\/producto\\\/coluer-stake-cr-6-3-shimano-xt-12v\\\/#primaryimage\"},\"thumbnailUrl\":\"https:\\\/\\\/veloaxe.com\\\/wp-content\\\/uploads\\\/2023\\\/01\\\/bicicleta-Coluer-Stake_CR.jpg\",\"datePublished\":\"2023-01-28T07:15:50+00:00\",\"dateModified\":\"2025-10-07T07:21:16+00:00\",\"description\":\"COLUER STAKE CR 6.3 - SHIMANO XT 12v - Todas las bicicletas de monta\u00f1a coluer est\u00e1n en nuestro sitio al mejor precio. Facilidad de pago hasta 12x.\",\"breadcrumb\":{\"@id\":\"https:\\\/\\\/veloaxe.com\\\/producto\\\/coluer-stake-cr-6-3-shimano-xt-12v\\\/#breadcrumb\"},\"inLanguage\":\"fr-FR\",\"potentialAction\":[{\"@type\":\"ReadAction\",\"target\":[\"https:\\\/\\\/veloaxe.com\\\/producto\\\/coluer-stake-cr-6-3-shimano-xt-12v\\\/\"]}]},{\"@type\":\"ImageObject\",\"inLanguage\":\"fr-FR\",\"@id\":\"https:\\\/\\\/veloaxe.com\\\/producto\\\/coluer-stake-cr-6-3-shimano-xt-12v\\\/#primaryimage\",\"url\":\"https:\\\/\\\/veloaxe.com\\\/wp-content\\\/uploads\\\/2023\\\/01\\\/bicicleta-Coluer-Stake_CR.jpg\",\"contentUrl\":\"https:\\\/\\\/veloaxe.com\\\/wp-content\\\/uploads\\\/2023\\\/01\\\/bicicleta-Coluer-Stake_CR.jpg\",\"width\":2000,\"height\":1200},{\"@type\":\"BreadcrumbList\",\"@id\":\"https:\\\/\\\/veloaxe.com\\\/producto\\\/coluer-stake-cr-6-3-shimano-xt-12v\\\/#breadcrumb\",\"itemListElement\":[{\"@type\":\"ListItem\",\"position\":1,\"name\":\"Portada\",\"item\":\"https:\\\/\\\/veloaxe.com\\\/\"},{\"@type\":\"ListItem\",\"position\":2,\"name\":\"Shop\",\"item\":\"https:\\\/\\\/paleturquoise-herring-271034.hostingersite.com\\\/shop\\\/\"},{\"@type\":\"ListItem\",\"position\":3,\"name\":\"COLUER STAKE CR 6.3 &#8211; SHIMANO XT 12v\"}]},{\"@type\":\"WebSite\",\"@id\":\"https:\\\/\\\/veloaxe.com\\\/#website\",\"url\":\"https:\\\/\\\/veloaxe.com\\\/\",\"name\":\"Tienda de bicicletas | VELOAXE\",\"description\":\"Descubre una amplia selecci\u00f3n de bicicletas de alta calidad, desde modelos urbanos y de monta\u00f1a hasta bicicletas de carretera de \u00faltima generaci\u00f3n. Con un servicio experto y accesorios especializados, estamos comprometidos a brindarte la mejor experiencia ciclista.\",\"publisher\":{\"@id\":\"https:\\\/\\\/veloaxe.com\\\/#organization\"},\"potentialAction\":[{\"@type\":\"SearchAction\",\"target\":{\"@type\":\"EntryPoint\",\"urlTemplate\":\"https:\\\/\\\/veloaxe.com\\\/?s={search_term_string}\"},\"query-input\":{\"@type\":\"PropertyValueSpecification\",\"valueRequired\":true,\"valueName\":\"search_term_string\"}}],\"inLanguage\":\"fr-FR\"},{\"@type\":\"Organization\",\"@id\":\"https:\\\/\\\/veloaxe.com\\\/#organization\",\"name\":\"Tienda de bicicletas | VELOAXE\",\"url\":\"https:\\\/\\\/veloaxe.com\\\/\",\"logo\":{\"@type\":\"ImageObject\",\"inLanguage\":\"fr-FR\",\"@id\":\"https:\\\/\\\/veloaxe.com\\\/#\\\/schema\\\/logo\\\/image\\\/\",\"url\":\"https:\\\/\\\/veloaxe.com\\\/wp-content\\\/uploads\\\/2026\\\/01\\\/cropped-logo-1.jpg\",\"contentUrl\":\"https:\\\/\\\/veloaxe.com\\\/wp-content\\\/uploads\\\/2026\\\/01\\\/cropped-logo-1.jpg\",\"width\":1273,\"height\":363,\"caption\":\"Tienda de bicicletas | VELOAXE\"},\"image\":{\"@id\":\"https:\\\/\\\/veloaxe.com\\\/#\\\/schema\\\/logo\\\/image\\\/\"},\"sameAs\":[\"https:\\\/\\\/www.facebook.com\\\/veloaxe\"]}]}<\/script>\n<!-- \/ Yoast SEO plugin. -->","yoast_head_json":{"title":"COLUER STAKE CR 6.3 - SHIMANO XT 12v | VELOAXE.COM","description":"COLUER STAKE CR 6.3 - SHIMANO XT 12v - Todas las bicicletas de monta\u00f1a coluer est\u00e1n en nuestro sitio al mejor precio. Facilidad de pago hasta 12x.","robots":{"index":"index","follow":"follow","max-snippet":"max-snippet:-1","max-image-preview":"max-image-preview:large","max-video-preview":"max-video-preview:-1"},"canonical":"https:\/\/veloaxe.com\/fr\/produit\/coluer-stake-cr-6-3-shimano-xt-12v\/","og_locale":"fr_FR","og_type":"article","og_title":"COLUER STAKE CR 6.3 - SHIMANO XT 12v | VELOAXE.COM","og_description":"COLUER STAKE CR 6.3 - SHIMANO XT 12v - Todas las bicicletas de monta\u00f1a coluer est\u00e1n en nuestro sitio al mejor precio. Facilidad de pago hasta 12x.","og_url":"https:\/\/veloaxe.com\/fr\/produit\/coluer-stake-cr-6-3-shimano-xt-12v\/","og_site_name":"Tienda de bicicletas | VELOAXE","article_publisher":"https:\/\/www.facebook.com\/veloaxe","article_modified_time":"2025-10-07T07:21:16+00:00","og_image":[{"width":2000,"height":1200,"url":"https:\/\/veloaxe.com\/wp-content\/uploads\/2023\/01\/bicicleta-Coluer-Stake_CR.jpg","type":"image\/jpeg"}],"twitter_card":"summary_large_image","twitter_misc":{"Dur\u00e9e de lecture estim\u00e9e":"2 minutes"},"schema":{"@context":"https:\/\/schema.org","@graph":[{"@type":"WebPage","@id":"https:\/\/veloaxe.com\/producto\/coluer-stake-cr-6-3-shimano-xt-12v\/","url":"https:\/\/veloaxe.com\/producto\/coluer-stake-cr-6-3-shimano-xt-12v\/","name":"COLUER STAKE CR 6.3 - SHIMANO XT 12v | VELOAXE.COM","isPartOf":{"@id":"https:\/\/veloaxe.com\/#website"},"primaryImageOfPage":{"@id":"https:\/\/veloaxe.com\/producto\/coluer-stake-cr-6-3-shimano-xt-12v\/#primaryimage"},"image":{"@id":"https:\/\/veloaxe.com\/producto\/coluer-stake-cr-6-3-shimano-xt-12v\/#primaryimage"},"thumbnailUrl":"https:\/\/veloaxe.com\/wp-content\/uploads\/2023\/01\/bicicleta-Coluer-Stake_CR.jpg","datePublished":"2023-01-28T07:15:50+00:00","dateModified":"2025-10-07T07:21:16+00:00","description":"COLUER STAKE CR 6.3 - SHIMANO XT 12v - Todas las bicicletas de monta\u00f1a coluer est\u00e1n en nuestro sitio al mejor precio. Facilidad de pago hasta 12x.","breadcrumb":{"@id":"https:\/\/veloaxe.com\/producto\/coluer-stake-cr-6-3-shimano-xt-12v\/#breadcrumb"},"inLanguage":"fr-FR","potentialAction":[{"@type":"ReadAction","target":["https:\/\/veloaxe.com\/producto\/coluer-stake-cr-6-3-shimano-xt-12v\/"]}]},{"@type":"ImageObject","inLanguage":"fr-FR","@id":"https:\/\/veloaxe.com\/producto\/coluer-stake-cr-6-3-shimano-xt-12v\/#primaryimage","url":"https:\/\/veloaxe.com\/wp-content\/uploads\/2023\/01\/bicicleta-Coluer-Stake_CR.jpg","contentUrl":"https:\/\/veloaxe.com\/wp-content\/uploads\/2023\/01\/bicicleta-Coluer-Stake_CR.jpg","width":2000,"height":1200},{"@type":"BreadcrumbList","@id":"https:\/\/veloaxe.com\/producto\/coluer-stake-cr-6-3-shimano-xt-12v\/#breadcrumb","itemListElement":[{"@type":"ListItem","position":1,"name":"Portada","item":"https:\/\/veloaxe.com\/"},{"@type":"ListItem","position":2,"name":"Shop","item":"https:\/\/paleturquoise-herring-271034.hostingersite.com\/shop\/"},{"@type":"ListItem","position":3,"name":"COLUER STAKE CR 6.3 &#8211; SHIMANO XT 12v"}]},{"@type":"WebSite","@id":"https:\/\/veloaxe.com\/#website","url":"https:\/\/veloaxe.com\/","name":"Boutique de v\u00e9lo en ligne | VELOAXE","description":"Descubre una amplia selecci\u00f3n de bicicletas de alta calidad, desde modelos urbanos y de monta\u00f1a hasta bicicletas de carretera de \u00faltima generaci\u00f3n. Con un servicio experto y accesorios especializados, estamos comprometidos a brindarte la mejor experiencia ciclista.","publisher":{"@id":"https:\/\/veloaxe.com\/#organization"},"potentialAction":[{"@type":"SearchAction","target":{"@type":"EntryPoint","urlTemplate":"https:\/\/veloaxe.com\/?s={search_term_string}"},"query-input":{"@type":"PropertyValueSpecification","valueRequired":true,"valueName":"search_term_string"}}],"inLanguage":"fr-FR"},{"@type":"Organization","@id":"https:\/\/veloaxe.com\/#organization","name":"Boutique de v\u00e9lo en ligne | VELOAXE","url":"https:\/\/veloaxe.com\/","logo":{"@type":"ImageObject","inLanguage":"fr-FR","@id":"https:\/\/veloaxe.com\/#\/schema\/logo\/image\/","url":"https:\/\/veloaxe.com\/wp-content\/uploads\/2026\/01\/cropped-logo-1.jpg","contentUrl":"https:\/\/veloaxe.com\/wp-content\/uploads\/2026\/01\/cropped-logo-1.jpg","width":1273,"height":363,"caption":"Tienda de bicicletas | VELOAXE"},"image":{"@id":"https:\/\/veloaxe.com\/#\/schema\/logo\/image\/"},"sameAs":["https:\/\/www.facebook.com\/veloaxe"]}]}},"_links":{"self":[{"href":"https:\/\/veloaxe.com\/fr\/wp-json\/wp\/v2\/product\/7280","targetHints":{"allow":["GET"]}}],"collection":[{"href":"https:\/\/veloaxe.com\/fr\/wp-json\/wp\/v2\/product"}],"about":[{"href":"https:\/\/veloaxe.com\/fr\/wp-json\/wp\/v2\/types\/product"}],"replies":[{"embeddable":true,"href":"https:\/\/veloaxe.com\/fr\/wp-json\/wp\/v2\/comments?post=7280"}],"wp:featuredmedia":[{"embeddable":true,"href":"https:\/\/veloaxe.com\/fr\/wp-json\/wp\/v2\/media\/7306"}],"wp:attachment":[{"href":"https:\/\/veloaxe.com\/fr\/wp-json\/wp\/v2\/media?parent=7280"}],"wp:term":[{"taxonomy":"product_brand","embeddable":true,"href":"https:\/\/veloaxe.com\/fr\/wp-json\/wp\/v2\/product_brand?post=7280"},{"taxonomy":"product_cat","embeddable":true,"href":"https:\/\/veloaxe.com\/fr\/wp-json\/wp\/v2\/product_cat?post=7280"},{"taxonomy":"product_tag","embeddable":true,"href":"https:\/\/veloaxe.com\/fr\/wp-json\/wp\/v2\/product_tag?post=7280"}],"curies":[{"name":"wp","href":"https:\/\/api.w.org\/{rel}","templated":true}]}}