{"id":7754,"date":"2023-02-08T14:04:54","date_gmt":"2023-02-08T14:04:54","guid":{"rendered":"https:\/\/veloaxe.com\/?post_type=product&#038;p=7754"},"modified":"2025-09-01T08:24:17","modified_gmt":"2025-09-01T08:24:17","slug":"coluer-ascent-295-shimano-altus-2x9v","status":"publish","type":"product","link":"https:\/\/veloaxe.com\/fr\/producto\/coluer-ascent-295-shimano-altus-2x9v\/","title":{"rendered":"COLUER ASCENT 295 &#8211; SHIMANO ALTUS 2x9v"},"content":{"rendered":"<p><!-- DESCRIPTION --><\/p>\n<div id=\"description\" class=\"tab-pane fade in active\" style=\"background-color: #fff; padding: 10px;\" role=\"tabpanel\">\n<p><span style=\"color: #000000;\">Il <strong>MTB COLUER ASCENT 295<\/strong> ha sido dise\u00f1ada para personas que quieren una bicicleta Vers\u00e1til, Reactiva. Su cuadro de <strong>ALUMINIO<\/strong> asegura Ligereza, Eficiencia y Rigidez de la bicicleta al pedalear. Su geometr\u00eda y las ruedas 29er aseguran una posici\u00f3n C\u00f3moda y Estable sobre la bicicleta durante las subidas y bajadas. El<strong> MTB COLUER ASCENT 295<\/strong> es ideal para <strong>PERSONAS<\/strong> que quieren una bicicleta de monta\u00f1a de <strong>ALUMINIO<\/strong> con una posici\u00f3n <strong>C\u00d3MODA<\/strong>.<\/span><\/p>\n<p><span style=\"color: #000000;\">CUADRO : Aluminio 6061, Geometr\u00eda Recreo, Direcci\u00f3n Semi Integrada 1-1\/8-1-1\/8, Puntera de Aluminio Reemplazable, cable integrada.<\/span><\/p>\n<p><span style=\"color: #000000;\">HORQUILLA : SUNTOUR XCM 100 mm<\/span><\/p>\n<p><span style=\"color: #000000;\">MANILLAR : ICON SUPERNOVA<\/span><\/p>\n<p><span style=\"color: #000000;\">POTENCIA : ICON SUPERNOVA<\/span><\/p>\n<p><span style=\"color: #000000;\">TIJA DE SILLIN : ICON SUPERNOVA<\/span><\/p>\n<p><span style=\"color: #000000;\">SILLIN : SELLE ROYAL<\/span><\/p>\n<p><span style=\"color: #000000;\">FRENOS : SHIMANO MT200<\/span><\/p>\n<p><span style=\"color: #000000;\">MANETAS : SHIMANO ALTUS 2*9<\/span><\/p>\n<p><span style=\"color: #000000;\">CAMBIO : SHIMANO ALTUS 9v<\/span><\/p>\n<p>DESVIADOR DELANTERO : SHIMANO ALTUS 2v<\/p>\n<p><span style=\"color: #000000;\">BIELAS : SHIMANO M101<\/span><\/p>\n<p><span style=\"color: #000000;\">CASSETTE : SHIMANO ALTUS 11&#215;34<\/span><\/p>\n<p><span style=\"color: #000000;\">RUEDAS : ICON METEOR 29<\/span><\/p>\n<p><span style=\"color: #000000;\">CUBIERTAS : MITAS OCELOT 29&#215;2.10<\/span><\/p>\n<p><span style=\"color: #000000;\">Las ruedas y el grupo de la foto, pueden no ser contractuales.<\/span><\/p>\n<\/div>","protected":false},"excerpt":{"rendered":"<p>El MTB COLUER ASCENT 295 ha sido dise\u00f1ada para personas que quieren una bicicleta Vers\u00e1til, Reactiva. Su cuadro de ALUMINIO asegura Ligereza, Eficiencia y Rigidez de la bicicleta al pedalear. Su geometr\u00eda y las ruedas 29er aseguran una posici\u00f3n C\u00f3moda y Estable sobre la bicicleta durante las subidas y bajadas. El MTB COLUER ASCENT 295 [&hellip;]<\/p>\n","protected":false},"featured_media":7761,"comment_status":"open","ping_status":"closed","template":"","meta":[],"product_brand":[],"product_cat":[135,134,46],"product_tag":[],"class_list":{"0":"post-7754","1":"product","2":"type-product","3":"status-publish","4":"has-post-thumbnail","6":"product_cat-bicicletas-alumino-completa","7":"product_cat-bicicletas-de-montana-completas","8":"product_cat-btt-bicicleta-de-montana","9":"product_shipping_class-bicicletas","11":"first","12":"instock","13":"sale","14":"shipping-taxable","15":"purchasable","16":"product-type-variable"},"yoast_head":"<!-- This site is optimized with the Yoast SEO plugin v27.6 - https:\/\/yoast.com\/product\/yoast-seo-wordpress\/ -->\n<title>COLUER ASCENT 295 - SHIMANO ALTUS 9v | VELOAXE.COM<\/title>\n<meta name=\"description\" content=\"COLUER ASCENT 295 SHIMANO ALTUS 9v - Compra Bicicleta MTB COLUER ascent 295 en veloaxe.com por so\u0301lo 679 \u20ac. Facilidad de pago con tarjeta.\" \/>\n<meta name=\"robots\" content=\"index, follow, max-snippet:-1, max-image-preview:large, max-video-preview:-1\" \/>\n<link rel=\"canonical\" href=\"https:\/\/veloaxe.com\/fr\/produit\/coluer-ascent-295-shimano-altus-2x9v\/\" \/>\n<meta property=\"og:locale\" content=\"fr_FR\" \/>\n<meta property=\"og:type\" content=\"article\" \/>\n<meta property=\"og:title\" content=\"COLUER ASCENT 295 - SHIMANO ALTUS 9v | VELOAXE.COM\" \/>\n<meta property=\"og:description\" content=\"COLUER ASCENT 295 SHIMANO ALTUS 9v - Compra Bicicleta MTB COLUER ascent 295 en veloaxe.com por so\u0301lo 679 \u20ac. Facilidad de pago con tarjeta.\" \/>\n<meta property=\"og:url\" content=\"https:\/\/veloaxe.com\/fr\/produit\/coluer-ascent-295-shimano-altus-2x9v\/\" \/>\n<meta property=\"og:site_name\" content=\"Tienda de bicicletas | VELOAXE\" \/>\n<meta property=\"article:publisher\" content=\"https:\/\/www.facebook.com\/veloaxe\" \/>\n<meta property=\"article:modified_time\" content=\"2025-09-01T08:24:17+00:00\" \/>\n<meta property=\"og:image\" content=\"https:\/\/veloaxe.com\/wp-content\/uploads\/2023\/02\/bicicleta-coluer-Ascent-295-blanco.jpg\" \/>\n\t<meta property=\"og:image:width\" content=\"2000\" \/>\n\t<meta property=\"og:image:height\" content=\"1200\" \/>\n\t<meta property=\"og:image:type\" content=\"image\/jpeg\" \/>\n<meta name=\"twitter:card\" content=\"summary_large_image\" \/>\n<meta name=\"twitter:label1\" content=\"Dur\u00e9e de lecture estim\u00e9e\" \/>\n\t<meta name=\"twitter:data1\" content=\"1 minute\" \/>\n<script type=\"application\/ld+json\" class=\"yoast-schema-graph\">{\"@context\":\"https:\\\/\\\/schema.org\",\"@graph\":[{\"@type\":\"WebPage\",\"@id\":\"https:\\\/\\\/veloaxe.com\\\/producto\\\/coluer-ascent-295-shimano-altus-2x9v\\\/\",\"url\":\"https:\\\/\\\/veloaxe.com\\\/producto\\\/coluer-ascent-295-shimano-altus-2x9v\\\/\",\"name\":\"COLUER ASCENT 295 - SHIMANO ALTUS 9v | VELOAXE.COM\",\"isPartOf\":{\"@id\":\"https:\\\/\\\/veloaxe.com\\\/#website\"},\"primaryImageOfPage\":{\"@id\":\"https:\\\/\\\/veloaxe.com\\\/producto\\\/coluer-ascent-295-shimano-altus-2x9v\\\/#primaryimage\"},\"image\":{\"@id\":\"https:\\\/\\\/veloaxe.com\\\/producto\\\/coluer-ascent-295-shimano-altus-2x9v\\\/#primaryimage\"},\"thumbnailUrl\":\"https:\\\/\\\/veloaxe.com\\\/wp-content\\\/uploads\\\/2023\\\/02\\\/bicicleta-coluer-Ascent-295-blanco.jpg\",\"datePublished\":\"2023-02-08T14:04:54+00:00\",\"dateModified\":\"2025-09-01T08:24:17+00:00\",\"description\":\"COLUER ASCENT 295 SHIMANO ALTUS 9v - Compra Bicicleta MTB COLUER ascent 295 en veloaxe.com por so\u0301lo 679 \u20ac. Facilidad de pago con tarjeta.\",\"breadcrumb\":{\"@id\":\"https:\\\/\\\/veloaxe.com\\\/producto\\\/coluer-ascent-295-shimano-altus-2x9v\\\/#breadcrumb\"},\"inLanguage\":\"fr-FR\",\"potentialAction\":[{\"@type\":\"ReadAction\",\"target\":[\"https:\\\/\\\/veloaxe.com\\\/producto\\\/coluer-ascent-295-shimano-altus-2x9v\\\/\"]}]},{\"@type\":\"ImageObject\",\"inLanguage\":\"fr-FR\",\"@id\":\"https:\\\/\\\/veloaxe.com\\\/producto\\\/coluer-ascent-295-shimano-altus-2x9v\\\/#primaryimage\",\"url\":\"https:\\\/\\\/veloaxe.com\\\/wp-content\\\/uploads\\\/2023\\\/02\\\/bicicleta-coluer-Ascent-295-blanco.jpg\",\"contentUrl\":\"https:\\\/\\\/veloaxe.com\\\/wp-content\\\/uploads\\\/2023\\\/02\\\/bicicleta-coluer-Ascent-295-blanco.jpg\",\"width\":2000,\"height\":1200,\"caption\":\"coluer-ascent-295\"},{\"@type\":\"BreadcrumbList\",\"@id\":\"https:\\\/\\\/veloaxe.com\\\/producto\\\/coluer-ascent-295-shimano-altus-2x9v\\\/#breadcrumb\",\"itemListElement\":[{\"@type\":\"ListItem\",\"position\":1,\"name\":\"Portada\",\"item\":\"https:\\\/\\\/veloaxe.com\\\/\"},{\"@type\":\"ListItem\",\"position\":2,\"name\":\"Shop\",\"item\":\"https:\\\/\\\/paleturquoise-herring-271034.hostingersite.com\\\/shop\\\/\"},{\"@type\":\"ListItem\",\"position\":3,\"name\":\"COLUER ASCENT 295 &#8211; SHIMANO ALTUS 2x9v\"}]},{\"@type\":\"WebSite\",\"@id\":\"https:\\\/\\\/veloaxe.com\\\/#website\",\"url\":\"https:\\\/\\\/veloaxe.com\\\/\",\"name\":\"Tienda de bicicletas | VELOAXE\",\"description\":\"Descubre una amplia selecci\u00f3n de bicicletas de alta calidad, desde modelos urbanos y de monta\u00f1a hasta bicicletas de carretera de \u00faltima generaci\u00f3n. Con un servicio experto y accesorios especializados, estamos comprometidos a brindarte la mejor experiencia ciclista.\",\"publisher\":{\"@id\":\"https:\\\/\\\/veloaxe.com\\\/#organization\"},\"potentialAction\":[{\"@type\":\"SearchAction\",\"target\":{\"@type\":\"EntryPoint\",\"urlTemplate\":\"https:\\\/\\\/veloaxe.com\\\/?s={search_term_string}\"},\"query-input\":{\"@type\":\"PropertyValueSpecification\",\"valueRequired\":true,\"valueName\":\"search_term_string\"}}],\"inLanguage\":\"fr-FR\"},{\"@type\":\"Organization\",\"@id\":\"https:\\\/\\\/veloaxe.com\\\/#organization\",\"name\":\"Tienda de bicicletas | VELOAXE\",\"url\":\"https:\\\/\\\/veloaxe.com\\\/\",\"logo\":{\"@type\":\"ImageObject\",\"inLanguage\":\"fr-FR\",\"@id\":\"https:\\\/\\\/veloaxe.com\\\/#\\\/schema\\\/logo\\\/image\\\/\",\"url\":\"https:\\\/\\\/veloaxe.com\\\/wp-content\\\/uploads\\\/2026\\\/01\\\/cropped-logo-1.jpg\",\"contentUrl\":\"https:\\\/\\\/veloaxe.com\\\/wp-content\\\/uploads\\\/2026\\\/01\\\/cropped-logo-1.jpg\",\"width\":1273,\"height\":363,\"caption\":\"Tienda de bicicletas | VELOAXE\"},\"image\":{\"@id\":\"https:\\\/\\\/veloaxe.com\\\/#\\\/schema\\\/logo\\\/image\\\/\"},\"sameAs\":[\"https:\\\/\\\/www.facebook.com\\\/veloaxe\"]}]}<\/script>\n<!-- \/ Yoast SEO plugin. -->","yoast_head_json":{"title":"COLUER ASCENT 295 - SHIMANO ALTUS 9v | VELOAXE.COM","description":"COLUER ASCENT 295 SHIMANO ALTUS 9v - Compra Bicicleta MTB COLUER ascent 295 en veloaxe.com por so\u0301lo 679 \u20ac. Facilidad de pago con tarjeta.","robots":{"index":"index","follow":"follow","max-snippet":"max-snippet:-1","max-image-preview":"max-image-preview:large","max-video-preview":"max-video-preview:-1"},"canonical":"https:\/\/veloaxe.com\/fr\/produit\/coluer-ascent-295-shimano-altus-2x9v\/","og_locale":"fr_FR","og_type":"article","og_title":"COLUER ASCENT 295 - SHIMANO ALTUS 9v | VELOAXE.COM","og_description":"COLUER ASCENT 295 SHIMANO ALTUS 9v - Compra Bicicleta MTB COLUER ascent 295 en veloaxe.com por so\u0301lo 679 \u20ac. Facilidad de pago con tarjeta.","og_url":"https:\/\/veloaxe.com\/fr\/produit\/coluer-ascent-295-shimano-altus-2x9v\/","og_site_name":"Tienda de bicicletas | VELOAXE","article_publisher":"https:\/\/www.facebook.com\/veloaxe","article_modified_time":"2025-09-01T08:24:17+00:00","og_image":[{"width":2000,"height":1200,"url":"https:\/\/veloaxe.com\/wp-content\/uploads\/2023\/02\/bicicleta-coluer-Ascent-295-blanco.jpg","type":"image\/jpeg"}],"twitter_card":"summary_large_image","twitter_misc":{"Dur\u00e9e de lecture estim\u00e9e":"1 minute"},"schema":{"@context":"https:\/\/schema.org","@graph":[{"@type":"WebPage","@id":"https:\/\/veloaxe.com\/producto\/coluer-ascent-295-shimano-altus-2x9v\/","url":"https:\/\/veloaxe.com\/producto\/coluer-ascent-295-shimano-altus-2x9v\/","name":"COLUER ASCENT 295 - SHIMANO ALTUS 9v | VELOAXE.COM","isPartOf":{"@id":"https:\/\/veloaxe.com\/#website"},"primaryImageOfPage":{"@id":"https:\/\/veloaxe.com\/producto\/coluer-ascent-295-shimano-altus-2x9v\/#primaryimage"},"image":{"@id":"https:\/\/veloaxe.com\/producto\/coluer-ascent-295-shimano-altus-2x9v\/#primaryimage"},"thumbnailUrl":"https:\/\/veloaxe.com\/wp-content\/uploads\/2023\/02\/bicicleta-coluer-Ascent-295-blanco.jpg","datePublished":"2023-02-08T14:04:54+00:00","dateModified":"2025-09-01T08:24:17+00:00","description":"COLUER ASCENT 295 SHIMANO ALTUS 9v - Compra Bicicleta MTB COLUER ascent 295 en veloaxe.com por so\u0301lo 679 \u20ac. Facilidad de pago con tarjeta.","breadcrumb":{"@id":"https:\/\/veloaxe.com\/producto\/coluer-ascent-295-shimano-altus-2x9v\/#breadcrumb"},"inLanguage":"fr-FR","potentialAction":[{"@type":"ReadAction","target":["https:\/\/veloaxe.com\/producto\/coluer-ascent-295-shimano-altus-2x9v\/"]}]},{"@type":"ImageObject","inLanguage":"fr-FR","@id":"https:\/\/veloaxe.com\/producto\/coluer-ascent-295-shimano-altus-2x9v\/#primaryimage","url":"https:\/\/veloaxe.com\/wp-content\/uploads\/2023\/02\/bicicleta-coluer-Ascent-295-blanco.jpg","contentUrl":"https:\/\/veloaxe.com\/wp-content\/uploads\/2023\/02\/bicicleta-coluer-Ascent-295-blanco.jpg","width":2000,"height":1200,"caption":"coluer-ascent-295"},{"@type":"BreadcrumbList","@id":"https:\/\/veloaxe.com\/producto\/coluer-ascent-295-shimano-altus-2x9v\/#breadcrumb","itemListElement":[{"@type":"ListItem","position":1,"name":"Portada","item":"https:\/\/veloaxe.com\/"},{"@type":"ListItem","position":2,"name":"Shop","item":"https:\/\/paleturquoise-herring-271034.hostingersite.com\/shop\/"},{"@type":"ListItem","position":3,"name":"COLUER ASCENT 295 &#8211; SHIMANO ALTUS 2x9v"}]},{"@type":"WebSite","@id":"https:\/\/veloaxe.com\/#website","url":"https:\/\/veloaxe.com\/","name":"Boutique de v\u00e9lo en ligne | VELOAXE","description":"D\u00e9couvrez une large s\u00e9lection de v\u00e9los de haute qualit\u00e9, des mod\u00e8les urbains et de montagne aux v\u00e9los de route de pointe. Avec un service d'experts et des accessoires sp\u00e9cialis\u00e9s, nous nous engageons \u00e0 vous offrir la meilleure exp\u00e9rience de cyclisme.","publisher":{"@id":"https:\/\/veloaxe.com\/#organization"},"potentialAction":[{"@type":"SearchAction","target":{"@type":"EntryPoint","urlTemplate":"https:\/\/veloaxe.com\/?s={search_term_string}"},"query-input":{"@type":"PropertyValueSpecification","valueRequired":true,"valueName":"search_term_string"}}],"inLanguage":"fr-FR"},{"@type":"Organization","@id":"https:\/\/veloaxe.com\/#organization","name":"Boutique de v\u00e9lo en ligne | VELOAXE","url":"https:\/\/veloaxe.com\/","logo":{"@type":"ImageObject","inLanguage":"fr-FR","@id":"https:\/\/veloaxe.com\/#\/schema\/logo\/image\/","url":"https:\/\/veloaxe.com\/wp-content\/uploads\/2026\/01\/cropped-logo-1.jpg","contentUrl":"https:\/\/veloaxe.com\/wp-content\/uploads\/2026\/01\/cropped-logo-1.jpg","width":1273,"height":363,"caption":"Tienda de bicicletas | VELOAXE"},"image":{"@id":"https:\/\/veloaxe.com\/#\/schema\/logo\/image\/"},"sameAs":["https:\/\/www.facebook.com\/veloaxe"]}]}},"_links":{"self":[{"href":"https:\/\/veloaxe.com\/fr\/wp-json\/wp\/v2\/product\/7754","targetHints":{"allow":["GET"]}}],"collection":[{"href":"https:\/\/veloaxe.com\/fr\/wp-json\/wp\/v2\/product"}],"about":[{"href":"https:\/\/veloaxe.com\/fr\/wp-json\/wp\/v2\/types\/product"}],"replies":[{"embeddable":true,"href":"https:\/\/veloaxe.com\/fr\/wp-json\/wp\/v2\/comments?post=7754"}],"wp:featuredmedia":[{"embeddable":true,"href":"https:\/\/veloaxe.com\/fr\/wp-json\/wp\/v2\/media\/7761"}],"wp:attachment":[{"href":"https:\/\/veloaxe.com\/fr\/wp-json\/wp\/v2\/media?parent=7754"}],"wp:term":[{"taxonomy":"product_brand","embeddable":true,"href":"https:\/\/veloaxe.com\/fr\/wp-json\/wp\/v2\/product_brand?post=7754"},{"taxonomy":"product_cat","embeddable":true,"href":"https:\/\/veloaxe.com\/fr\/wp-json\/wp\/v2\/product_cat?post=7754"},{"taxonomy":"product_tag","embeddable":true,"href":"https:\/\/veloaxe.com\/fr\/wp-json\/wp\/v2\/product_tag?post=7754"}],"curies":[{"name":"wp","href":"https:\/\/api.w.org\/{rel}","templated":true}]}}