{"id":8006,"date":"2023-02-17T06:20:06","date_gmt":"2023-02-17T06:20:06","guid":{"rendered":"https:\/\/veloaxe.com\/?post_type=product&#038;p=8006"},"modified":"2025-08-31T10:48:03","modified_gmt":"2025-08-31T10:48:03","slug":"conor-city-24-mixta-negro","status":"publish","type":"product","link":"https:\/\/veloaxe.com\/fr\/producto\/conor-city-24-mixta-negro\/","title":{"rendered":"CONOR CITY 24 MIXTA &#8211; NEGRO"},"content":{"rendered":"<p><span style=\"color: #000000;\">El<strong> CONOR CITY 24 <\/strong>es una bicicleta urbana estudiada en <strong>ESPA\u00d1A<\/strong> con <strong>CUADRO ALU<\/strong> y horquilla <strong>RST<\/strong> para un peso de 14,8 kg. El <strong>CONOR CITY 24<\/strong> liviana es adecuada para personas que necesitan viajar largas distancias, es una ventaja en entornos <strong>URBANOS<\/strong> monta\u00f1osos. La bicicleta est\u00e1 equipada con guardabarros, candado, luces DELANTERAS y TRASERAS, portabotellas doble (no suministrado), portaequipajes. \u00a1Los frenos de zapatas aseguran que frene en todas las condiciones clim\u00e1ticas con total seguridad! Su transmisi\u00f3n SHIMANO tourney asegura un excelente cambio de marchas.<\/span><\/p>\n<p>CUADRO : Alu 6061 Hydroforme<\/p>\n<p>HORQUILLA : RST Alloy<\/p>\n<p>MANILLAR : UNO Aluminio<\/p>\n<p>POTENCIA : Satori Ajustable Oversize<\/p>\n<p>TIJA DE SILLIN : UNO CITY aluminio<\/p>\n<p>SILLIN : CONOR CITY CONFORT<\/p>\n<p>MANETAS : SHIMANO 3&#215;8<\/p>\n<p>DESVIADOR DELANTERO : SHIMANO TOURNEY<\/p>\n<p>CAMBIO : SHIMANO TOURNEY<\/p>\n<p>BIELA : SHIMANO 3v<\/p>\n<p>FRENOS : V-BRAKE Aluminio<\/p>\n<p>RUEDAS : WRC SHIMANO<\/p>\n<p>CUBIERTAS : CHOAYANG TREKKING 700&#215;37<\/p>","protected":false},"excerpt":{"rendered":"<p>El CONOR CITY 24 es una bicicleta urbana estudiada en ESPA\u00d1A con CUADRO ALU y horquilla RST para un peso de 14,8 kg. El CONOR CITY 24 liviana es adecuada para personas que necesitan viajar largas distancias, es una ventaja en entornos URBANOS monta\u00f1osos. La bicicleta est\u00e1 equipada con guardabarros, candado, luces DELANTERAS y TRASERAS, [&hellip;]<\/p>\n","protected":false},"featured_media":16074,"comment_status":"closed","ping_status":"closed","template":"","meta":[],"product_brand":[],"product_cat":[142,140,141,73],"product_tag":[],"class_list":{"0":"post-8006","1":"product","2":"type-product","3":"status-publish","4":"has-post-thumbnail","6":"product_cat-bicicleta-de-urbana-hombre","7":"product_cat-bicicleta-de-urbanas","8":"product_cat-bicicleta-urbana-mujer","9":"product_cat-bicicleta-de-urbana","10":"product_shipping_class-bicicletas","12":"first","13":"instock","14":"sale","15":"shipping-taxable","16":"purchasable","17":"product-type-variable"},"yoast_head":"<!-- This site is optimized with the Yoast SEO plugin v27.6 - https:\/\/yoast.com\/product\/yoast-seo-wordpress\/ -->\n<title>CONOR CITY 24 MIXTA NEGRO | VELOAXE.COM<\/title>\n<meta name=\"description\" content=\"CONOR CITY 24 MIXTA NEGRO- La CONOR CITY 24 MIXTA es una bicicleta urbana estudiada en ESPA\u00d1A. Facilidad de pago en 3x \/ 9x \/ 12x.\" \/>\n<meta name=\"robots\" content=\"index, follow, max-snippet:-1, max-image-preview:large, max-video-preview:-1\" \/>\n<link rel=\"canonical\" href=\"https:\/\/veloaxe.com\/fr\/produit\/conor-city-24-mixta-negro\/\" \/>\n<meta property=\"og:locale\" content=\"fr_FR\" \/>\n<meta property=\"og:type\" content=\"article\" \/>\n<meta property=\"og:title\" content=\"CONOR CITY 24 MIXTA NEGRO | VELOAXE.COM\" \/>\n<meta property=\"og:description\" content=\"CONOR CITY 24 MIXTA NEGRO- La CONOR CITY 24 MIXTA es una bicicleta urbana estudiada en ESPA\u00d1A. Facilidad de pago en 3x \/ 9x \/ 12x.\" \/>\n<meta property=\"og:url\" content=\"https:\/\/veloaxe.com\/fr\/produit\/conor-city-24-mixta-negro\/\" \/>\n<meta property=\"og:site_name\" content=\"Tienda de bicicletas | VELOAXE\" \/>\n<meta property=\"article:publisher\" content=\"https:\/\/www.facebook.com\/veloaxe\" \/>\n<meta property=\"article:modified_time\" content=\"2025-08-31T10:48:03+00:00\" \/>\n<meta property=\"og:image\" content=\"https:\/\/veloaxe.com\/wp-content\/uploads\/2023\/02\/conor-city-woman.jpg\" \/>\n\t<meta property=\"og:image:width\" content=\"1300\" \/>\n\t<meta property=\"og:image:height\" content=\"850\" \/>\n\t<meta property=\"og:image:type\" content=\"image\/jpeg\" \/>\n<meta name=\"twitter:card\" content=\"summary_large_image\" \/>\n<meta name=\"twitter:label1\" content=\"Dur\u00e9e de lecture estim\u00e9e\" \/>\n\t<meta name=\"twitter:data1\" content=\"1 minute\" \/>\n<script type=\"application\/ld+json\" class=\"yoast-schema-graph\">{\"@context\":\"https:\\\/\\\/schema.org\",\"@graph\":[{\"@type\":\"WebPage\",\"@id\":\"https:\\\/\\\/veloaxe.com\\\/producto\\\/conor-city-24-mixta-negro\\\/\",\"url\":\"https:\\\/\\\/veloaxe.com\\\/producto\\\/conor-city-24-mixta-negro\\\/\",\"name\":\"CONOR CITY 24 MIXTA NEGRO | VELOAXE.COM\",\"isPartOf\":{\"@id\":\"https:\\\/\\\/veloaxe.com\\\/#website\"},\"primaryImageOfPage\":{\"@id\":\"https:\\\/\\\/veloaxe.com\\\/producto\\\/conor-city-24-mixta-negro\\\/#primaryimage\"},\"image\":{\"@id\":\"https:\\\/\\\/veloaxe.com\\\/producto\\\/conor-city-24-mixta-negro\\\/#primaryimage\"},\"thumbnailUrl\":\"https:\\\/\\\/veloaxe.com\\\/wp-content\\\/uploads\\\/2023\\\/02\\\/conor-city-woman.jpg\",\"datePublished\":\"2023-02-17T06:20:06+00:00\",\"dateModified\":\"2025-08-31T10:48:03+00:00\",\"description\":\"CONOR CITY 24 MIXTA NEGRO- La CONOR CITY 24 MIXTA es una bicicleta urbana estudiada en ESPA\u00d1A. Facilidad de pago en 3x \\\/ 9x \\\/ 12x.\",\"breadcrumb\":{\"@id\":\"https:\\\/\\\/veloaxe.com\\\/producto\\\/conor-city-24-mixta-negro\\\/#breadcrumb\"},\"inLanguage\":\"fr-FR\",\"potentialAction\":[{\"@type\":\"ReadAction\",\"target\":[\"https:\\\/\\\/veloaxe.com\\\/producto\\\/conor-city-24-mixta-negro\\\/\"]}]},{\"@type\":\"ImageObject\",\"inLanguage\":\"fr-FR\",\"@id\":\"https:\\\/\\\/veloaxe.com\\\/producto\\\/conor-city-24-mixta-negro\\\/#primaryimage\",\"url\":\"https:\\\/\\\/veloaxe.com\\\/wp-content\\\/uploads\\\/2023\\\/02\\\/conor-city-woman.jpg\",\"contentUrl\":\"https:\\\/\\\/veloaxe.com\\\/wp-content\\\/uploads\\\/2023\\\/02\\\/conor-city-woman.jpg\",\"width\":1300,\"height\":850,\"caption\":\"conor-city-woman\"},{\"@type\":\"BreadcrumbList\",\"@id\":\"https:\\\/\\\/veloaxe.com\\\/producto\\\/conor-city-24-mixta-negro\\\/#breadcrumb\",\"itemListElement\":[{\"@type\":\"ListItem\",\"position\":1,\"name\":\"Portada\",\"item\":\"https:\\\/\\\/veloaxe.com\\\/\"},{\"@type\":\"ListItem\",\"position\":2,\"name\":\"Shop\",\"item\":\"https:\\\/\\\/paleturquoise-herring-271034.hostingersite.com\\\/shop\\\/\"},{\"@type\":\"ListItem\",\"position\":3,\"name\":\"CONOR CITY 24 MIXTA &#8211; NEGRO\"}]},{\"@type\":\"WebSite\",\"@id\":\"https:\\\/\\\/veloaxe.com\\\/#website\",\"url\":\"https:\\\/\\\/veloaxe.com\\\/\",\"name\":\"Tienda de bicicletas | VELOAXE\",\"description\":\"Descubre una amplia selecci\u00f3n de bicicletas de alta calidad, desde modelos urbanos y de monta\u00f1a hasta bicicletas de carretera de \u00faltima generaci\u00f3n. Con un servicio experto y accesorios especializados, estamos comprometidos a brindarte la mejor experiencia ciclista.\",\"publisher\":{\"@id\":\"https:\\\/\\\/veloaxe.com\\\/#organization\"},\"potentialAction\":[{\"@type\":\"SearchAction\",\"target\":{\"@type\":\"EntryPoint\",\"urlTemplate\":\"https:\\\/\\\/veloaxe.com\\\/?s={search_term_string}\"},\"query-input\":{\"@type\":\"PropertyValueSpecification\",\"valueRequired\":true,\"valueName\":\"search_term_string\"}}],\"inLanguage\":\"fr-FR\"},{\"@type\":\"Organization\",\"@id\":\"https:\\\/\\\/veloaxe.com\\\/#organization\",\"name\":\"Tienda de bicicletas | VELOAXE\",\"url\":\"https:\\\/\\\/veloaxe.com\\\/\",\"logo\":{\"@type\":\"ImageObject\",\"inLanguage\":\"fr-FR\",\"@id\":\"https:\\\/\\\/veloaxe.com\\\/#\\\/schema\\\/logo\\\/image\\\/\",\"url\":\"https:\\\/\\\/veloaxe.com\\\/wp-content\\\/uploads\\\/2026\\\/01\\\/cropped-logo-1.jpg\",\"contentUrl\":\"https:\\\/\\\/veloaxe.com\\\/wp-content\\\/uploads\\\/2026\\\/01\\\/cropped-logo-1.jpg\",\"width\":1273,\"height\":363,\"caption\":\"Tienda de bicicletas | VELOAXE\"},\"image\":{\"@id\":\"https:\\\/\\\/veloaxe.com\\\/#\\\/schema\\\/logo\\\/image\\\/\"},\"sameAs\":[\"https:\\\/\\\/www.facebook.com\\\/veloaxe\"]}]}<\/script>\n<!-- \/ Yoast SEO plugin. -->","yoast_head_json":{"title":"CONOR CITY 24 MIXTA NEGRO | VELOAXE.COM","description":"CONOR CITY 24 MIXTA NEGRO- La CONOR CITY 24 MIXTA es una bicicleta urbana estudiada en ESPA\u00d1A. Facilidad de pago en 3x \/ 9x \/ 12x.","robots":{"index":"index","follow":"follow","max-snippet":"max-snippet:-1","max-image-preview":"max-image-preview:large","max-video-preview":"max-video-preview:-1"},"canonical":"https:\/\/veloaxe.com\/fr\/produit\/conor-city-24-mixta-negro\/","og_locale":"fr_FR","og_type":"article","og_title":"CONOR CITY 24 MIXTA NEGRO | VELOAXE.COM","og_description":"CONOR CITY 24 MIXTA NEGRO- La CONOR CITY 24 MIXTA es una bicicleta urbana estudiada en ESPA\u00d1A. Facilidad de pago en 3x \/ 9x \/ 12x.","og_url":"https:\/\/veloaxe.com\/fr\/produit\/conor-city-24-mixta-negro\/","og_site_name":"Tienda de bicicletas | VELOAXE","article_publisher":"https:\/\/www.facebook.com\/veloaxe","article_modified_time":"2025-08-31T10:48:03+00:00","og_image":[{"width":1300,"height":850,"url":"https:\/\/veloaxe.com\/wp-content\/uploads\/2023\/02\/conor-city-woman.jpg","type":"image\/jpeg"}],"twitter_card":"summary_large_image","twitter_misc":{"Dur\u00e9e de lecture estim\u00e9e":"1 minute"},"schema":{"@context":"https:\/\/schema.org","@graph":[{"@type":"WebPage","@id":"https:\/\/veloaxe.com\/producto\/conor-city-24-mixta-negro\/","url":"https:\/\/veloaxe.com\/producto\/conor-city-24-mixta-negro\/","name":"CONOR CITY 24 MIXTA NEGRO | VELOAXE.COM","isPartOf":{"@id":"https:\/\/veloaxe.com\/#website"},"primaryImageOfPage":{"@id":"https:\/\/veloaxe.com\/producto\/conor-city-24-mixta-negro\/#primaryimage"},"image":{"@id":"https:\/\/veloaxe.com\/producto\/conor-city-24-mixta-negro\/#primaryimage"},"thumbnailUrl":"https:\/\/veloaxe.com\/wp-content\/uploads\/2023\/02\/conor-city-woman.jpg","datePublished":"2023-02-17T06:20:06+00:00","dateModified":"2025-08-31T10:48:03+00:00","description":"CONOR CITY 24 MIXTA NEGRO- La CONOR CITY 24 MIXTA es una bicicleta urbana estudiada en ESPA\u00d1A. Facilidad de pago en 3x \/ 9x \/ 12x.","breadcrumb":{"@id":"https:\/\/veloaxe.com\/producto\/conor-city-24-mixta-negro\/#breadcrumb"},"inLanguage":"fr-FR","potentialAction":[{"@type":"ReadAction","target":["https:\/\/veloaxe.com\/producto\/conor-city-24-mixta-negro\/"]}]},{"@type":"ImageObject","inLanguage":"fr-FR","@id":"https:\/\/veloaxe.com\/producto\/conor-city-24-mixta-negro\/#primaryimage","url":"https:\/\/veloaxe.com\/wp-content\/uploads\/2023\/02\/conor-city-woman.jpg","contentUrl":"https:\/\/veloaxe.com\/wp-content\/uploads\/2023\/02\/conor-city-woman.jpg","width":1300,"height":850,"caption":"conor-city-woman"},{"@type":"BreadcrumbList","@id":"https:\/\/veloaxe.com\/producto\/conor-city-24-mixta-negro\/#breadcrumb","itemListElement":[{"@type":"ListItem","position":1,"name":"Portada","item":"https:\/\/veloaxe.com\/"},{"@type":"ListItem","position":2,"name":"Shop","item":"https:\/\/paleturquoise-herring-271034.hostingersite.com\/shop\/"},{"@type":"ListItem","position":3,"name":"CONOR CITY 24 MIXTA &#8211; NEGRO"}]},{"@type":"WebSite","@id":"https:\/\/veloaxe.com\/#website","url":"https:\/\/veloaxe.com\/","name":"Boutique de v\u00e9lo en ligne | VELOAXE","description":"Descubre una amplia selecci\u00f3n de bicicletas de alta calidad, desde modelos urbanos y de monta\u00f1a hasta bicicletas de carretera de \u00faltima generaci\u00f3n. Con un servicio experto y accesorios especializados, estamos comprometidos a brindarte la mejor experiencia ciclista.","publisher":{"@id":"https:\/\/veloaxe.com\/#organization"},"potentialAction":[{"@type":"SearchAction","target":{"@type":"EntryPoint","urlTemplate":"https:\/\/veloaxe.com\/?s={search_term_string}"},"query-input":{"@type":"PropertyValueSpecification","valueRequired":true,"valueName":"search_term_string"}}],"inLanguage":"fr-FR"},{"@type":"Organization","@id":"https:\/\/veloaxe.com\/#organization","name":"Boutique de v\u00e9lo en ligne | VELOAXE","url":"https:\/\/veloaxe.com\/","logo":{"@type":"ImageObject","inLanguage":"fr-FR","@id":"https:\/\/veloaxe.com\/#\/schema\/logo\/image\/","url":"https:\/\/veloaxe.com\/wp-content\/uploads\/2026\/01\/cropped-logo-1.jpg","contentUrl":"https:\/\/veloaxe.com\/wp-content\/uploads\/2026\/01\/cropped-logo-1.jpg","width":1273,"height":363,"caption":"Tienda de bicicletas | VELOAXE"},"image":{"@id":"https:\/\/veloaxe.com\/#\/schema\/logo\/image\/"},"sameAs":["https:\/\/www.facebook.com\/veloaxe"]}]}},"_links":{"self":[{"href":"https:\/\/veloaxe.com\/fr\/wp-json\/wp\/v2\/product\/8006","targetHints":{"allow":["GET"]}}],"collection":[{"href":"https:\/\/veloaxe.com\/fr\/wp-json\/wp\/v2\/product"}],"about":[{"href":"https:\/\/veloaxe.com\/fr\/wp-json\/wp\/v2\/types\/product"}],"replies":[{"embeddable":true,"href":"https:\/\/veloaxe.com\/fr\/wp-json\/wp\/v2\/comments?post=8006"}],"wp:featuredmedia":[{"embeddable":true,"href":"https:\/\/veloaxe.com\/fr\/wp-json\/wp\/v2\/media\/16074"}],"wp:attachment":[{"href":"https:\/\/veloaxe.com\/fr\/wp-json\/wp\/v2\/media?parent=8006"}],"wp:term":[{"taxonomy":"product_brand","embeddable":true,"href":"https:\/\/veloaxe.com\/fr\/wp-json\/wp\/v2\/product_brand?post=8006"},{"taxonomy":"product_cat","embeddable":true,"href":"https:\/\/veloaxe.com\/fr\/wp-json\/wp\/v2\/product_cat?post=8006"},{"taxonomy":"product_tag","embeddable":true,"href":"https:\/\/veloaxe.com\/fr\/wp-json\/wp\/v2\/product_tag?post=8006"}],"curies":[{"name":"wp","href":"https:\/\/api.w.org\/{rel}","templated":true}]}}