{"id":834,"date":"2022-08-25T17:33:06","date_gmt":"2022-08-25T17:33:06","guid":{"rendered":"https:\/\/veloaxe.com\/?post_type=product&#038;p=834"},"modified":"2025-10-31T08:04:24","modified_gmt":"2025-10-31T08:04:24","slug":"pastilla-de-freno-avid-code-code-5-organica","status":"publish","type":"product","link":"https:\/\/veloaxe.com\/fr\/produit\/pastilla-de-freno-avid-code-code-5-organica\/","title":{"rendered":"PASTILLA DE FRENO AVID CODE \/ CODE 5 &#8211; ORGANICA"},"content":{"rendered":"<p><span style=\"color: #000000;\">Par de pastilla org\u00e1nicas, para <strong>AVID CODE \/ CODE 5,<\/strong> con embellecedor Signature (propiedad de <strong>ELVEDES<\/strong>), de desarrollo propio de la marca. Est\u00e1n fabricados con una combinaci\u00f3n inteligente de resina y Kevlar para ofrecer un frenado de alta calidad en clima seco, con un agarre excelente y un riesgo limitado de formaci\u00f3n de hielo\/desvanecimiento, sin vibraciones, sin ruidos y respeto por el <strong>DISQUES DE FREIN V\u00c9LO<\/strong>.<\/span><\/p>\n<p><span style=\"color: #000000;\">Prelapeadas, estas almohadillas ofrecen alta resistencia al calor con poco desgaste. Son perfectos para uso <strong>XC \/ ALL MOUNTAIN<\/strong>.<\/span><\/p>\n<p><span style=\"color: #000000;\">La referencia calidad\/precio Made in Holland.<\/span><\/p>\n<p><span style=\"color: #000000;\"><strong>ELVEDES<\/strong> cuenta con una excelente experiencia y un gran saber hacer desde 1965 y se ha especializado en la producci\u00f3n de bicicletas en Europa.<\/span><\/p>","protected":false},"excerpt":{"rendered":"<p>Par de pastilla org\u00e1nicas, para AVID CODE \/ CODE 5, con embellecedor Signature (propiedad de ELVEDES), de desarrollo propio de la marca. Est\u00e1n fabricados con una combinaci\u00f3n inteligente de resina y Kevlar para ofrecer un frenado de alta calidad en clima seco, con un agarre excelente y un riesgo limitado de formaci\u00f3n de hielo\/desvanecimiento, sin [&hellip;]<\/p>\n","protected":false},"featured_media":772,"comment_status":"open","ping_status":"closed","template":"","meta":[],"product_brand":[],"product_cat":[46,60,63],"product_tag":[],"class_list":{"0":"post-834","1":"product","2":"type-product","3":"status-publish","4":"has-post-thumbnail","6":"product_cat-btt-bicicleta-de-montana","7":"product_cat-frenado-para-btt","8":"product_cat-pastillas-de-frenos-organica","9":"product_shipping_class-no-bicicletas","11":"first","12":"instock","13":"sale","14":"shipping-taxable","15":"purchasable","16":"product-type-simple"},"yoast_head":"<!-- This site is optimized with the Yoast SEO plugin v27.6 - https:\/\/yoast.com\/product\/yoast-seo-wordpress\/ -->\n<title>PASTILLA DE FRENO AVID CODE \/ CODE 5 - VELOAXE.COM<\/title>\n<meta name=\"description\" content=\"PASTILLA DE FRENO AVID CODE \/ CODE 5 ORGANICA en VELOAXE.COM por so\u0301lo 12,95 \u20ac. Gastos de envi\u0301o GRATIS para compras superiores a 200\u20ac.\" \/>\n<meta name=\"robots\" content=\"index, follow, max-snippet:-1, max-image-preview:large, max-video-preview:-1\" \/>\n<link rel=\"canonical\" href=\"https:\/\/veloaxe.com\/fr\/produit\/pastilla-de-freno-avid-code-code-5-organica\/\" \/>\n<meta property=\"og:locale\" content=\"fr_FR\" \/>\n<meta property=\"og:type\" content=\"article\" \/>\n<meta property=\"og:title\" content=\"PASTILLA DE FRENO AVID CODE \/ CODE 5 - VELOAXE.COM\" \/>\n<meta property=\"og:description\" content=\"PASTILLA DE FRENO AVID CODE \/ CODE 5 ORGANICA en VELOAXE.COM por so\u0301lo 12,95 \u20ac. Gastos de envi\u0301o GRATIS para compras superiores a 200\u20ac.\" \/>\n<meta property=\"og:url\" content=\"https:\/\/veloaxe.com\/fr\/produit\/pastilla-de-freno-avid-code-code-5-organica\/\" \/>\n<meta property=\"og:site_name\" content=\"Tienda de bicicletas | VELOAXE\" \/>\n<meta property=\"article:publisher\" content=\"https:\/\/www.facebook.com\/veloaxe\" \/>\n<meta property=\"article:modified_time\" content=\"2025-10-31T08:04:24+00:00\" \/>\n<meta property=\"og:image\" content=\"https:\/\/veloaxe.com\/wp-content\/uploads\/2022\/08\/1200_1500_35____1__plaquette-de-frein-avid-code-5_5296-e1666590444842.png\" \/>\n\t<meta property=\"og:image:width\" content=\"1200\" \/>\n\t<meta property=\"og:image:height\" content=\"997\" \/>\n\t<meta property=\"og:image:type\" content=\"image\/png\" \/>\n<meta name=\"twitter:card\" content=\"summary_large_image\" \/>\n<meta name=\"twitter:label1\" content=\"Dur\u00e9e de lecture estim\u00e9e\" \/>\n\t<meta name=\"twitter:data1\" content=\"1 minute\" \/>\n<script type=\"application\/ld+json\" class=\"yoast-schema-graph\">{\"@context\":\"https:\\\/\\\/schema.org\",\"@graph\":[{\"@type\":\"WebPage\",\"@id\":\"https:\\\/\\\/veloaxe.com\\\/producto\\\/pastilla-de-freno-avid-code-code-5-organica\\\/\",\"url\":\"https:\\\/\\\/veloaxe.com\\\/producto\\\/pastilla-de-freno-avid-code-code-5-organica\\\/\",\"name\":\"PASTILLA DE FRENO AVID CODE \\\/ CODE 5 - VELOAXE.COM\",\"isPartOf\":{\"@id\":\"https:\\\/\\\/veloaxe.com\\\/#website\"},\"primaryImageOfPage\":{\"@id\":\"https:\\\/\\\/veloaxe.com\\\/producto\\\/pastilla-de-freno-avid-code-code-5-organica\\\/#primaryimage\"},\"image\":{\"@id\":\"https:\\\/\\\/veloaxe.com\\\/producto\\\/pastilla-de-freno-avid-code-code-5-organica\\\/#primaryimage\"},\"thumbnailUrl\":\"https:\\\/\\\/veloaxe.com\\\/wp-content\\\/uploads\\\/2022\\\/08\\\/1200_1500_35____1__plaquette-de-frein-avid-code-5_5296-e1666590444842.png\",\"datePublished\":\"2022-08-25T17:33:06+00:00\",\"dateModified\":\"2025-10-31T08:04:24+00:00\",\"description\":\"PASTILLA DE FRENO AVID CODE \\\/ CODE 5 ORGANICA en VELOAXE.COM por so\u0301lo 12,95 \u20ac. Gastos de envi\u0301o GRATIS para compras superiores a 200\u20ac.\",\"breadcrumb\":{\"@id\":\"https:\\\/\\\/veloaxe.com\\\/producto\\\/pastilla-de-freno-avid-code-code-5-organica\\\/#breadcrumb\"},\"inLanguage\":\"fr-FR\",\"potentialAction\":[{\"@type\":\"ReadAction\",\"target\":[\"https:\\\/\\\/veloaxe.com\\\/producto\\\/pastilla-de-freno-avid-code-code-5-organica\\\/\"]}]},{\"@type\":\"ImageObject\",\"inLanguage\":\"fr-FR\",\"@id\":\"https:\\\/\\\/veloaxe.com\\\/producto\\\/pastilla-de-freno-avid-code-code-5-organica\\\/#primaryimage\",\"url\":\"https:\\\/\\\/veloaxe.com\\\/wp-content\\\/uploads\\\/2022\\\/08\\\/1200_1500_35____1__plaquette-de-frein-avid-code-5_5296-e1666590444842.png\",\"contentUrl\":\"https:\\\/\\\/veloaxe.com\\\/wp-content\\\/uploads\\\/2022\\\/08\\\/1200_1500_35____1__plaquette-de-frein-avid-code-5_5296-e1666590444842.png\",\"width\":1200,\"height\":997,\"caption\":\"pastilla-de-freno-avid-code-code-5-organica\"},{\"@type\":\"BreadcrumbList\",\"@id\":\"https:\\\/\\\/veloaxe.com\\\/producto\\\/pastilla-de-freno-avid-code-code-5-organica\\\/#breadcrumb\",\"itemListElement\":[{\"@type\":\"ListItem\",\"position\":1,\"name\":\"Portada\",\"item\":\"https:\\\/\\\/paleturquoise-herring-271034.hostingersite.com\\\/\"},{\"@type\":\"ListItem\",\"position\":2,\"name\":\"Shop\",\"item\":\"https:\\\/\\\/paleturquoise-herring-271034.hostingersite.com\\\/shop\\\/\"},{\"@type\":\"ListItem\",\"position\":3,\"name\":\"PASTILLA DE FRENO AVID CODE \\\/ CODE 5 &#8211; ORGANICA\"}]},{\"@type\":\"WebSite\",\"@id\":\"https:\\\/\\\/veloaxe.com\\\/#website\",\"url\":\"https:\\\/\\\/veloaxe.com\\\/\",\"name\":\"Tienda de bicicletas | VELOAXE\",\"description\":\"Descubre una amplia selecci\u00f3n de bicicletas de alta calidad, desde modelos urbanos y de monta\u00f1a hasta bicicletas de carretera de \u00faltima generaci\u00f3n. Con un servicio experto y accesorios especializados, estamos comprometidos a brindarte la mejor experiencia ciclista.\",\"publisher\":{\"@id\":\"https:\\\/\\\/veloaxe.com\\\/#organization\"},\"potentialAction\":[{\"@type\":\"SearchAction\",\"target\":{\"@type\":\"EntryPoint\",\"urlTemplate\":\"https:\\\/\\\/veloaxe.com\\\/?s={search_term_string}\"},\"query-input\":{\"@type\":\"PropertyValueSpecification\",\"valueRequired\":true,\"valueName\":\"search_term_string\"}}],\"inLanguage\":\"fr-FR\"},{\"@type\":\"Organization\",\"@id\":\"https:\\\/\\\/veloaxe.com\\\/#organization\",\"name\":\"Tienda de bicicletas | VELOAXE\",\"url\":\"https:\\\/\\\/veloaxe.com\\\/\",\"logo\":{\"@type\":\"ImageObject\",\"inLanguage\":\"fr-FR\",\"@id\":\"https:\\\/\\\/veloaxe.com\\\/#\\\/schema\\\/logo\\\/image\\\/\",\"url\":\"https:\\\/\\\/veloaxe.com\\\/wp-content\\\/uploads\\\/2026\\\/01\\\/cropped-logo-1.jpg\",\"contentUrl\":\"https:\\\/\\\/veloaxe.com\\\/wp-content\\\/uploads\\\/2026\\\/01\\\/cropped-logo-1.jpg\",\"width\":1273,\"height\":363,\"caption\":\"Tienda de bicicletas | VELOAXE\"},\"image\":{\"@id\":\"https:\\\/\\\/veloaxe.com\\\/#\\\/schema\\\/logo\\\/image\\\/\"},\"sameAs\":[\"https:\\\/\\\/www.facebook.com\\\/veloaxe\"]}]}<\/script>\n<!-- \/ Yoast SEO plugin. -->","yoast_head_json":{"title":"PASTILLA DE FRENO AVID CODE \/ CODE 5 - VELOAXE.COM","description":"PASTILLA DE FRENO AVID CODE \/ CODE 5 ORGANICA en VELOAXE.COM por so\u0301lo 12,95 \u20ac. Gastos de envi\u0301o GRATIS para compras superiores a 200\u20ac.","robots":{"index":"index","follow":"follow","max-snippet":"max-snippet:-1","max-image-preview":"max-image-preview:large","max-video-preview":"max-video-preview:-1"},"canonical":"https:\/\/veloaxe.com\/fr\/produit\/pastilla-de-freno-avid-code-code-5-organica\/","og_locale":"fr_FR","og_type":"article","og_title":"PASTILLA DE FRENO AVID CODE \/ CODE 5 - VELOAXE.COM","og_description":"PASTILLA DE FRENO AVID CODE \/ CODE 5 ORGANICA en VELOAXE.COM por so\u0301lo 12,95 \u20ac. Gastos de envi\u0301o GRATIS para compras superiores a 200\u20ac.","og_url":"https:\/\/veloaxe.com\/fr\/produit\/pastilla-de-freno-avid-code-code-5-organica\/","og_site_name":"Tienda de bicicletas | VELOAXE","article_publisher":"https:\/\/www.facebook.com\/veloaxe","article_modified_time":"2025-10-31T08:04:24+00:00","og_image":[{"width":1200,"height":997,"url":"https:\/\/veloaxe.com\/wp-content\/uploads\/2022\/08\/1200_1500_35____1__plaquette-de-frein-avid-code-5_5296-e1666590444842.png","type":"image\/png"}],"twitter_card":"summary_large_image","twitter_misc":{"Dur\u00e9e de lecture estim\u00e9e":"1 minute"},"schema":{"@context":"https:\/\/schema.org","@graph":[{"@type":"WebPage","@id":"https:\/\/veloaxe.com\/producto\/pastilla-de-freno-avid-code-code-5-organica\/","url":"https:\/\/veloaxe.com\/producto\/pastilla-de-freno-avid-code-code-5-organica\/","name":"PASTILLA DE FRENO AVID CODE \/ CODE 5 - VELOAXE.COM","isPartOf":{"@id":"https:\/\/veloaxe.com\/#website"},"primaryImageOfPage":{"@id":"https:\/\/veloaxe.com\/producto\/pastilla-de-freno-avid-code-code-5-organica\/#primaryimage"},"image":{"@id":"https:\/\/veloaxe.com\/producto\/pastilla-de-freno-avid-code-code-5-organica\/#primaryimage"},"thumbnailUrl":"https:\/\/veloaxe.com\/wp-content\/uploads\/2022\/08\/1200_1500_35____1__plaquette-de-frein-avid-code-5_5296-e1666590444842.png","datePublished":"2022-08-25T17:33:06+00:00","dateModified":"2025-10-31T08:04:24+00:00","description":"PASTILLA DE FRENO AVID CODE \/ CODE 5 ORGANICA en VELOAXE.COM por so\u0301lo 12,95 \u20ac. Gastos de envi\u0301o GRATIS para compras superiores a 200\u20ac.","breadcrumb":{"@id":"https:\/\/veloaxe.com\/producto\/pastilla-de-freno-avid-code-code-5-organica\/#breadcrumb"},"inLanguage":"fr-FR","potentialAction":[{"@type":"ReadAction","target":["https:\/\/veloaxe.com\/producto\/pastilla-de-freno-avid-code-code-5-organica\/"]}]},{"@type":"ImageObject","inLanguage":"fr-FR","@id":"https:\/\/veloaxe.com\/producto\/pastilla-de-freno-avid-code-code-5-organica\/#primaryimage","url":"https:\/\/veloaxe.com\/wp-content\/uploads\/2022\/08\/1200_1500_35____1__plaquette-de-frein-avid-code-5_5296-e1666590444842.png","contentUrl":"https:\/\/veloaxe.com\/wp-content\/uploads\/2022\/08\/1200_1500_35____1__plaquette-de-frein-avid-code-5_5296-e1666590444842.png","width":1200,"height":997,"caption":"pastilla-de-freno-avid-code-code-5-organica"},{"@type":"BreadcrumbList","@id":"https:\/\/veloaxe.com\/producto\/pastilla-de-freno-avid-code-code-5-organica\/#breadcrumb","itemListElement":[{"@type":"ListItem","position":1,"name":"Portada","item":"https:\/\/paleturquoise-herring-271034.hostingersite.com\/"},{"@type":"ListItem","position":2,"name":"Shop","item":"https:\/\/paleturquoise-herring-271034.hostingersite.com\/shop\/"},{"@type":"ListItem","position":3,"name":"PASTILLA DE FRENO AVID CODE \/ CODE 5 &#8211; ORGANICA"}]},{"@type":"WebSite","@id":"https:\/\/veloaxe.com\/#website","url":"https:\/\/veloaxe.com\/","name":"Boutique de v\u00e9lo en ligne | VELOAXE","description":"Descubre una amplia selecci\u00f3n de bicicletas de alta calidad, desde modelos urbanos y de monta\u00f1a hasta bicicletas de carretera de \u00faltima generaci\u00f3n. Con un servicio experto y accesorios especializados, estamos comprometidos a brindarte la mejor experiencia ciclista.","publisher":{"@id":"https:\/\/veloaxe.com\/#organization"},"potentialAction":[{"@type":"SearchAction","target":{"@type":"EntryPoint","urlTemplate":"https:\/\/veloaxe.com\/?s={search_term_string}"},"query-input":{"@type":"PropertyValueSpecification","valueRequired":true,"valueName":"search_term_string"}}],"inLanguage":"fr-FR"},{"@type":"Organization","@id":"https:\/\/veloaxe.com\/#organization","name":"Boutique de v\u00e9lo en ligne | VELOAXE","url":"https:\/\/veloaxe.com\/","logo":{"@type":"ImageObject","inLanguage":"fr-FR","@id":"https:\/\/veloaxe.com\/#\/schema\/logo\/image\/","url":"https:\/\/veloaxe.com\/wp-content\/uploads\/2026\/01\/cropped-logo-1.jpg","contentUrl":"https:\/\/veloaxe.com\/wp-content\/uploads\/2026\/01\/cropped-logo-1.jpg","width":1273,"height":363,"caption":"Tienda de bicicletas | VELOAXE"},"image":{"@id":"https:\/\/veloaxe.com\/#\/schema\/logo\/image\/"},"sameAs":["https:\/\/www.facebook.com\/veloaxe"]}]}},"_links":{"self":[{"href":"https:\/\/veloaxe.com\/fr\/wp-json\/wp\/v2\/product\/834","targetHints":{"allow":["GET"]}}],"collection":[{"href":"https:\/\/veloaxe.com\/fr\/wp-json\/wp\/v2\/product"}],"about":[{"href":"https:\/\/veloaxe.com\/fr\/wp-json\/wp\/v2\/types\/product"}],"replies":[{"embeddable":true,"href":"https:\/\/veloaxe.com\/fr\/wp-json\/wp\/v2\/comments?post=834"}],"wp:featuredmedia":[{"embeddable":true,"href":"https:\/\/veloaxe.com\/fr\/wp-json\/wp\/v2\/media\/772"}],"wp:attachment":[{"href":"https:\/\/veloaxe.com\/fr\/wp-json\/wp\/v2\/media?parent=834"}],"wp:term":[{"taxonomy":"product_brand","embeddable":true,"href":"https:\/\/veloaxe.com\/fr\/wp-json\/wp\/v2\/product_brand?post=834"},{"taxonomy":"product_cat","embeddable":true,"href":"https:\/\/veloaxe.com\/fr\/wp-json\/wp\/v2\/product_cat?post=834"},{"taxonomy":"product_tag","embeddable":true,"href":"https:\/\/veloaxe.com\/fr\/wp-json\/wp\/v2\/product_tag?post=834"}],"curies":[{"name":"wp","href":"https:\/\/api.w.org\/{rel}","templated":true}]}}