{"id":8829,"date":"2023-04-07T06:31:04","date_gmt":"2023-04-07T06:31:04","guid":{"rendered":"https:\/\/veloaxe.com\/?post_type=product&#038;p=8829"},"modified":"2026-05-11T07:10:38","modified_gmt":"2026-05-11T07:10:38","slug":"plato-ovalado-fsa-4-brazos-absoluteblack-2","status":"publish","type":"product","link":"https:\/\/veloaxe.com\/fr\/producto\/plato-ovalado-fsa-4-brazos-absoluteblack-2\/","title":{"rendered":"PLATO OVALADO FSA 4 BRAZOS &#8211; ABSOLUTEBLACK"},"content":{"rendered":"<p>Platos ovalados de primera calidad absoluteBLACK para bielas FSA ABS (espaciado asim\u00e9trico de pernos) como Gossamer, SL-K. Este modelo se adapta a bielas FSA de dise\u00f1o de 4\u00a0 pernos. Las bielas de 4 pernos son id\u00e9nticas excepto por el perno oculto detr\u00e1s del brazo de la biela en el dise\u00f1o de 5 pernos que no es necesario. Estos son los mejores platos compatibles con FSA del mercado en t\u00e9rminos de cambios, rigidez, suavidad de pedaleo y calidad de fabricaci\u00f3n. Compatible con 10\/11 velocidades. Compatible con Di2. Fabricado en la UE.<\/p>\n<p>Talla : (masa +\/-1g): 34T (32g), 36T (33g), 38T (38g), 39T (41g), 50T (115g), 52T (132g), 53T (134g)<br \/>\nColor : Negro solamente<br \/>\nCompatibilidad\u00a0 : con bielas FSA ABS (espaciado asim\u00e9trico de pernos) como Gossamer, SL-K. Ambas versiones de 4 y 5 pernos. Un modelo se ajusta a todos. Compatible con Di2. Compatible con 10\/11 velocidades. Solo bielas ABS.<br \/>\nPERNOS Para Gossamer: use pernos y espaciadores originales de FSA Para SL-K: use cubiertas de pernos y pernos originales de FSA<br \/>\nMaterial y acabado : CNC mecanizado 7075 Txxx Aluminio. Construcci\u00f3n duradera. Anodizado tipo II<br \/>\nOvalidad : Optimizada para cada talla por separado. 34T- 3,5%; 36T, 38T, 39T &#8211; 11,4 %, 50\/52\/53T &#8211; 10-11,2 %; Sincronizaci\u00f3n de 108 -110,5\u00b0 despu\u00e9s del PMS (punto muerto superior) &#8211; Ideal para escalada en carretera. Patente pendiente<\/p>","protected":false},"excerpt":{"rendered":"<p>Platos ovalados de primera calidad absoluteBLACK para bielas FSA ABS (espaciado asim\u00e9trico de pernos) como Gossamer, SL-K. Este modelo se adapta a bielas FSA de dise\u00f1o de 4\u00a0 pernos. Las bielas de 4 pernos son id\u00e9nticas excepto por el perno oculto detr\u00e1s del brazo de la biela en el dise\u00f1o de 5 pernos que no [&hellip;]<\/p>\n","protected":false},"featured_media":8834,"comment_status":"closed","ping_status":"closed","template":"","meta":[],"product_brand":[],"product_cat":[16,190,27],"product_tag":[],"class_list":{"0":"post-8829","1":"product","2":"type-product","3":"status-publish","4":"has-post-thumbnail","6":"product_cat-carretera-gravel-bicicletas","7":"product_cat-plato-carretera-gravel","8":"product_cat-transmision-para-bicicleta","9":"product_shipping_class-no-bicicletas","11":"first","12":"outofstock","13":"sale","14":"shipping-taxable","15":"purchasable","16":"product-type-variable"},"yoast_head":"<!-- This site is optimized with the Yoast SEO plugin v27.6 - https:\/\/yoast.com\/product\/yoast-seo-wordpress\/ -->\n<title>PLATO OVALADO FSA 4 BRAZOS - VELOAXE.COM<\/title>\n<meta name=\"description\" content=\"PLATO OVALADO FSA 4 BRAZOS - ABSOLUTEBLACK en VELOAXE.COM por so\u0301lo 109,95 \u20ac. Env\u00edo desde 4,49 euros, facilidad de pago disponible.\" \/>\n<meta name=\"robots\" content=\"index, follow, max-snippet:-1, max-image-preview:large, max-video-preview:-1\" \/>\n<link rel=\"canonical\" href=\"https:\/\/veloaxe.com\/fr\/produit\/plato-ovalado-fsa-4-brazos-absoluteblack-2\/\" \/>\n<meta property=\"og:locale\" content=\"fr_FR\" \/>\n<meta property=\"og:type\" content=\"article\" \/>\n<meta property=\"og:title\" content=\"PLATO OVALADO FSA 4 BRAZOS - VELOAXE.COM\" \/>\n<meta property=\"og:description\" content=\"PLATO OVALADO FSA 4 BRAZOS - ABSOLUTEBLACK en VELOAXE.COM por so\u0301lo 109,95 \u20ac. Env\u00edo desde 4,49 euros, facilidad de pago disponible.\" \/>\n<meta property=\"og:url\" content=\"https:\/\/veloaxe.com\/fr\/produit\/plato-ovalado-fsa-4-brazos-absoluteblack-2\/\" \/>\n<meta property=\"og:site_name\" content=\"Tienda de bicicletas | VELOAXE\" \/>\n<meta property=\"article:publisher\" content=\"https:\/\/www.facebook.com\/veloaxe\" \/>\n<meta property=\"article:modified_time\" content=\"2026-05-11T07:10:38+00:00\" \/>\n<meta property=\"og:image\" content=\"https:\/\/veloaxe.com\/wp-content\/uploads\/2023\/04\/plato-fsa-ovalado-negro-absoluteblack.jpg\" \/>\n\t<meta property=\"og:image:width\" content=\"800\" \/>\n\t<meta property=\"og:image:height\" content=\"800\" \/>\n\t<meta property=\"og:image:type\" content=\"image\/jpeg\" \/>\n<meta name=\"twitter:card\" content=\"summary_large_image\" \/>\n<meta name=\"twitter:label1\" content=\"Dur\u00e9e de lecture estim\u00e9e\" \/>\n\t<meta name=\"twitter:data1\" content=\"2 minutes\" \/>\n<script type=\"application\/ld+json\" class=\"yoast-schema-graph\">{\"@context\":\"https:\\\/\\\/schema.org\",\"@graph\":[{\"@type\":\"WebPage\",\"@id\":\"https:\\\/\\\/veloaxe.com\\\/producto\\\/plato-ovalado-fsa-4-brazos-absoluteblack-2\\\/\",\"url\":\"https:\\\/\\\/veloaxe.com\\\/producto\\\/plato-ovalado-fsa-4-brazos-absoluteblack-2\\\/\",\"name\":\"PLATO OVALADO FSA 4 BRAZOS - VELOAXE.COM\",\"isPartOf\":{\"@id\":\"https:\\\/\\\/veloaxe.com\\\/#website\"},\"primaryImageOfPage\":{\"@id\":\"https:\\\/\\\/veloaxe.com\\\/producto\\\/plato-ovalado-fsa-4-brazos-absoluteblack-2\\\/#primaryimage\"},\"image\":{\"@id\":\"https:\\\/\\\/veloaxe.com\\\/producto\\\/plato-ovalado-fsa-4-brazos-absoluteblack-2\\\/#primaryimage\"},\"thumbnailUrl\":\"https:\\\/\\\/veloaxe.com\\\/wp-content\\\/uploads\\\/2023\\\/04\\\/plato-fsa-ovalado-negro-absoluteblack.jpg\",\"datePublished\":\"2023-04-07T06:31:04+00:00\",\"dateModified\":\"2026-05-11T07:10:38+00:00\",\"description\":\"PLATO OVALADO FSA 4 BRAZOS - ABSOLUTEBLACK en VELOAXE.COM por so\u0301lo 109,95 \u20ac. Env\u00edo desde 4,49 euros, facilidad de pago disponible.\",\"breadcrumb\":{\"@id\":\"https:\\\/\\\/veloaxe.com\\\/producto\\\/plato-ovalado-fsa-4-brazos-absoluteblack-2\\\/#breadcrumb\"},\"inLanguage\":\"fr-FR\",\"potentialAction\":[{\"@type\":\"ReadAction\",\"target\":[\"https:\\\/\\\/veloaxe.com\\\/producto\\\/plato-ovalado-fsa-4-brazos-absoluteblack-2\\\/\"]}]},{\"@type\":\"ImageObject\",\"inLanguage\":\"fr-FR\",\"@id\":\"https:\\\/\\\/veloaxe.com\\\/producto\\\/plato-ovalado-fsa-4-brazos-absoluteblack-2\\\/#primaryimage\",\"url\":\"https:\\\/\\\/veloaxe.com\\\/wp-content\\\/uploads\\\/2023\\\/04\\\/plato-fsa-ovalado-negro-absoluteblack.jpg\",\"contentUrl\":\"https:\\\/\\\/veloaxe.com\\\/wp-content\\\/uploads\\\/2023\\\/04\\\/plato-fsa-ovalado-negro-absoluteblack.jpg\",\"width\":800,\"height\":800,\"caption\":\"plato-ovalado-fsa-ablsoluteblack-negro\"},{\"@type\":\"BreadcrumbList\",\"@id\":\"https:\\\/\\\/veloaxe.com\\\/producto\\\/plato-ovalado-fsa-4-brazos-absoluteblack-2\\\/#breadcrumb\",\"itemListElement\":[{\"@type\":\"ListItem\",\"position\":1,\"name\":\"Portada\",\"item\":\"https:\\\/\\\/veloaxe.com\\\/\"},{\"@type\":\"ListItem\",\"position\":2,\"name\":\"Shop\",\"item\":\"https:\\\/\\\/paleturquoise-herring-271034.hostingersite.com\\\/shop\\\/\"},{\"@type\":\"ListItem\",\"position\":3,\"name\":\"PLATO OVALADO FSA 4 BRAZOS &#8211; ABSOLUTEBLACK\"}]},{\"@type\":\"WebSite\",\"@id\":\"https:\\\/\\\/veloaxe.com\\\/#website\",\"url\":\"https:\\\/\\\/veloaxe.com\\\/\",\"name\":\"Tienda de bicicletas | VELOAXE\",\"description\":\"Descubre una amplia selecci\u00f3n de bicicletas de alta calidad, desde modelos urbanos y de monta\u00f1a hasta bicicletas de carretera de \u00faltima generaci\u00f3n. Con un servicio experto y accesorios especializados, estamos comprometidos a brindarte la mejor experiencia ciclista.\",\"publisher\":{\"@id\":\"https:\\\/\\\/veloaxe.com\\\/#organization\"},\"potentialAction\":[{\"@type\":\"SearchAction\",\"target\":{\"@type\":\"EntryPoint\",\"urlTemplate\":\"https:\\\/\\\/veloaxe.com\\\/?s={search_term_string}\"},\"query-input\":{\"@type\":\"PropertyValueSpecification\",\"valueRequired\":true,\"valueName\":\"search_term_string\"}}],\"inLanguage\":\"fr-FR\"},{\"@type\":\"Organization\",\"@id\":\"https:\\\/\\\/veloaxe.com\\\/#organization\",\"name\":\"Tienda de bicicletas | VELOAXE\",\"url\":\"https:\\\/\\\/veloaxe.com\\\/\",\"logo\":{\"@type\":\"ImageObject\",\"inLanguage\":\"fr-FR\",\"@id\":\"https:\\\/\\\/veloaxe.com\\\/#\\\/schema\\\/logo\\\/image\\\/\",\"url\":\"https:\\\/\\\/veloaxe.com\\\/wp-content\\\/uploads\\\/2026\\\/01\\\/cropped-logo-1.jpg\",\"contentUrl\":\"https:\\\/\\\/veloaxe.com\\\/wp-content\\\/uploads\\\/2026\\\/01\\\/cropped-logo-1.jpg\",\"width\":1273,\"height\":363,\"caption\":\"Tienda de bicicletas | VELOAXE\"},\"image\":{\"@id\":\"https:\\\/\\\/veloaxe.com\\\/#\\\/schema\\\/logo\\\/image\\\/\"},\"sameAs\":[\"https:\\\/\\\/www.facebook.com\\\/veloaxe\"]}]}<\/script>\n<!-- \/ Yoast SEO plugin. -->","yoast_head_json":{"title":"PLATO OVALADO FSA 4 BRAZOS - VELOAXE.COM","description":"PLATO OVALADO FSA 4 BRAZOS - ABSOLUTEBLACK en VELOAXE.COM por so\u0301lo 109,95 \u20ac. Env\u00edo desde 4,49 euros, facilidad de pago disponible.","robots":{"index":"index","follow":"follow","max-snippet":"max-snippet:-1","max-image-preview":"max-image-preview:large","max-video-preview":"max-video-preview:-1"},"canonical":"https:\/\/veloaxe.com\/fr\/produit\/plato-ovalado-fsa-4-brazos-absoluteblack-2\/","og_locale":"fr_FR","og_type":"article","og_title":"PLATO OVALADO FSA 4 BRAZOS - VELOAXE.COM","og_description":"PLATO OVALADO FSA 4 BRAZOS - ABSOLUTEBLACK en VELOAXE.COM por so\u0301lo 109,95 \u20ac. Env\u00edo desde 4,49 euros, facilidad de pago disponible.","og_url":"https:\/\/veloaxe.com\/fr\/produit\/plato-ovalado-fsa-4-brazos-absoluteblack-2\/","og_site_name":"Tienda de bicicletas | VELOAXE","article_publisher":"https:\/\/www.facebook.com\/veloaxe","article_modified_time":"2026-05-11T07:10:38+00:00","og_image":[{"width":800,"height":800,"url":"https:\/\/veloaxe.com\/wp-content\/uploads\/2023\/04\/plato-fsa-ovalado-negro-absoluteblack.jpg","type":"image\/jpeg"}],"twitter_card":"summary_large_image","twitter_misc":{"Dur\u00e9e de lecture estim\u00e9e":"2 minutes"},"schema":{"@context":"https:\/\/schema.org","@graph":[{"@type":"WebPage","@id":"https:\/\/veloaxe.com\/producto\/plato-ovalado-fsa-4-brazos-absoluteblack-2\/","url":"https:\/\/veloaxe.com\/producto\/plato-ovalado-fsa-4-brazos-absoluteblack-2\/","name":"PLATO OVALADO FSA 4 BRAZOS - VELOAXE.COM","isPartOf":{"@id":"https:\/\/veloaxe.com\/#website"},"primaryImageOfPage":{"@id":"https:\/\/veloaxe.com\/producto\/plato-ovalado-fsa-4-brazos-absoluteblack-2\/#primaryimage"},"image":{"@id":"https:\/\/veloaxe.com\/producto\/plato-ovalado-fsa-4-brazos-absoluteblack-2\/#primaryimage"},"thumbnailUrl":"https:\/\/veloaxe.com\/wp-content\/uploads\/2023\/04\/plato-fsa-ovalado-negro-absoluteblack.jpg","datePublished":"2023-04-07T06:31:04+00:00","dateModified":"2026-05-11T07:10:38+00:00","description":"PLATO OVALADO FSA 4 BRAZOS - ABSOLUTEBLACK en VELOAXE.COM por so\u0301lo 109,95 \u20ac. Env\u00edo desde 4,49 euros, facilidad de pago disponible.","breadcrumb":{"@id":"https:\/\/veloaxe.com\/producto\/plato-ovalado-fsa-4-brazos-absoluteblack-2\/#breadcrumb"},"inLanguage":"fr-FR","potentialAction":[{"@type":"ReadAction","target":["https:\/\/veloaxe.com\/producto\/plato-ovalado-fsa-4-brazos-absoluteblack-2\/"]}]},{"@type":"ImageObject","inLanguage":"fr-FR","@id":"https:\/\/veloaxe.com\/producto\/plato-ovalado-fsa-4-brazos-absoluteblack-2\/#primaryimage","url":"https:\/\/veloaxe.com\/wp-content\/uploads\/2023\/04\/plato-fsa-ovalado-negro-absoluteblack.jpg","contentUrl":"https:\/\/veloaxe.com\/wp-content\/uploads\/2023\/04\/plato-fsa-ovalado-negro-absoluteblack.jpg","width":800,"height":800,"caption":"plato-ovalado-fsa-ablsoluteblack-negro"},{"@type":"BreadcrumbList","@id":"https:\/\/veloaxe.com\/producto\/plato-ovalado-fsa-4-brazos-absoluteblack-2\/#breadcrumb","itemListElement":[{"@type":"ListItem","position":1,"name":"Portada","item":"https:\/\/veloaxe.com\/"},{"@type":"ListItem","position":2,"name":"Shop","item":"https:\/\/paleturquoise-herring-271034.hostingersite.com\/shop\/"},{"@type":"ListItem","position":3,"name":"PLATO OVALADO FSA 4 BRAZOS &#8211; ABSOLUTEBLACK"}]},{"@type":"WebSite","@id":"https:\/\/veloaxe.com\/#website","url":"https:\/\/veloaxe.com\/","name":"Boutique de v\u00e9lo en ligne | VELOAXE","description":"Descubre una amplia selecci\u00f3n de bicicletas de alta calidad, desde modelos urbanos y de monta\u00f1a hasta bicicletas de carretera de \u00faltima generaci\u00f3n. Con un servicio experto y accesorios especializados, estamos comprometidos a brindarte la mejor experiencia ciclista.","publisher":{"@id":"https:\/\/veloaxe.com\/#organization"},"potentialAction":[{"@type":"SearchAction","target":{"@type":"EntryPoint","urlTemplate":"https:\/\/veloaxe.com\/?s={search_term_string}"},"query-input":{"@type":"PropertyValueSpecification","valueRequired":true,"valueName":"search_term_string"}}],"inLanguage":"fr-FR"},{"@type":"Organization","@id":"https:\/\/veloaxe.com\/#organization","name":"Boutique de v\u00e9lo en ligne | VELOAXE","url":"https:\/\/veloaxe.com\/","logo":{"@type":"ImageObject","inLanguage":"fr-FR","@id":"https:\/\/veloaxe.com\/#\/schema\/logo\/image\/","url":"https:\/\/veloaxe.com\/wp-content\/uploads\/2026\/01\/cropped-logo-1.jpg","contentUrl":"https:\/\/veloaxe.com\/wp-content\/uploads\/2026\/01\/cropped-logo-1.jpg","width":1273,"height":363,"caption":"Tienda de bicicletas | VELOAXE"},"image":{"@id":"https:\/\/veloaxe.com\/#\/schema\/logo\/image\/"},"sameAs":["https:\/\/www.facebook.com\/veloaxe"]}]}},"_links":{"self":[{"href":"https:\/\/veloaxe.com\/fr\/wp-json\/wp\/v2\/product\/8829","targetHints":{"allow":["GET"]}}],"collection":[{"href":"https:\/\/veloaxe.com\/fr\/wp-json\/wp\/v2\/product"}],"about":[{"href":"https:\/\/veloaxe.com\/fr\/wp-json\/wp\/v2\/types\/product"}],"replies":[{"embeddable":true,"href":"https:\/\/veloaxe.com\/fr\/wp-json\/wp\/v2\/comments?post=8829"}],"wp:featuredmedia":[{"embeddable":true,"href":"https:\/\/veloaxe.com\/fr\/wp-json\/wp\/v2\/media\/8834"}],"wp:attachment":[{"href":"https:\/\/veloaxe.com\/fr\/wp-json\/wp\/v2\/media?parent=8829"}],"wp:term":[{"taxonomy":"product_brand","embeddable":true,"href":"https:\/\/veloaxe.com\/fr\/wp-json\/wp\/v2\/product_brand?post=8829"},{"taxonomy":"product_cat","embeddable":true,"href":"https:\/\/veloaxe.com\/fr\/wp-json\/wp\/v2\/product_cat?post=8829"},{"taxonomy":"product_tag","embeddable":true,"href":"https:\/\/veloaxe.com\/fr\/wp-json\/wp\/v2\/product_tag?post=8829"}],"curies":[{"name":"wp","href":"https:\/\/api.w.org\/{rel}","templated":true}]}}