{"id":894,"date":"2022-08-25T17:33:22","date_gmt":"2022-08-25T17:33:22","guid":{"rendered":"https:\/\/veloaxe.com\/?post_type=product&#038;p=894"},"modified":"2025-10-30T15:46:05","modified_gmt":"2025-10-30T15:46:05","slug":"disco-de-freno-sx20-203mm-elvedes","status":"publish","type":"product","link":"https:\/\/veloaxe.com\/fr\/producto\/disco-de-freno-sx20-203mm-elvedes\/","title":{"rendered":"DISCO DE FRENO SX20 203mm &#8211; ELVEDES"},"content":{"rendered":"<p><span style=\"color: #000000;\">El disco de freno <strong>ELVEDES SX 20<\/strong> de 6 orificios es efectivo para un frenado preciso en todas las condiciones clim\u00e1ticas l\u00f3gicas. Su peso <strong>ULTRALIGERO<\/strong> de 188 grs permite que la moto sea m\u00e1s ligera con una frenada potente y progresiva. Se adapta a todas las bicicletas de monta\u00f1a de <strong>26\/27,5\/29<\/strong> pulgadas.<\/span><\/p>\n<p><span style=\"color: #000000;\">DI\u00c1METRO: 203mm<\/span><\/p>\n<p><span style=\"color: #000000;\">TORNILLOS SUMINISTRADOS<\/span><\/p>\n<p><span style=\"color: #000000;\">FIJACI\u00d3N DE 6 AGUJEROS<\/span><\/p>","protected":false},"excerpt":{"rendered":"<p>El disco de freno ELVEDES SX 20 de 6 orificios es efectivo para un frenado preciso en todas las condiciones clim\u00e1ticas l\u00f3gicas. Su peso ULTRALIGERO de 188 grs permite que la moto sea m\u00e1s ligera con una frenada potente y progresiva. Se adapta a todas las bicicletas de monta\u00f1a de 26\/27,5\/29 pulgadas. DI\u00c1METRO: 203mm TORNILLOS [&hellip;]<\/p>\n","protected":false},"featured_media":737,"comment_status":"open","ping_status":"closed","template":"","meta":[],"product_brand":[],"product_cat":[46,60,62],"product_tag":[],"class_list":{"0":"post-894","1":"product","2":"type-product","3":"status-publish","4":"has-post-thumbnail","6":"product_cat-btt-bicicleta-de-montana","7":"product_cat-frenado-para-btt","8":"product_cat-frenos-hidraulicos-para-bicicleta","9":"product_shipping_class-no-bicicletas","11":"first","12":"instock","13":"sale","14":"shipping-taxable","15":"purchasable","16":"product-type-simple"},"yoast_head":"<!-- This site is optimized with the Yoast SEO plugin v27.6 - https:\/\/yoast.com\/product\/yoast-seo-wordpress\/ -->\n<title>DISCO DE FRENO SX20 203mm - ELVEDES - Tienda de bicicletas | VELOAXE<\/title>\n<meta name=\"description\" content=\"DISCO DE FRENO SX20 ELVEDES 203mm en VELOAXE.COM por so\u0301lo 19,95 \u20ac. Gastos de envi\u0301o GRATIS para compras superiores a 200\u20ac. Facilidad de pago disponible.\" \/>\n<meta name=\"robots\" content=\"index, follow, max-snippet:-1, max-image-preview:large, max-video-preview:-1\" \/>\n<link rel=\"canonical\" href=\"https:\/\/veloaxe.com\/fr\/produit\/disco-de-freno-sx20-203mm-elvedes\/\" \/>\n<meta property=\"og:locale\" content=\"fr_FR\" \/>\n<meta property=\"og:type\" content=\"article\" \/>\n<meta property=\"og:title\" content=\"DISCO DE FRENO SX20 203mm - ELVEDES - Tienda de bicicletas | VELOAXE\" \/>\n<meta property=\"og:description\" content=\"DISCO DE FRENO SX20 ELVEDES 203mm en VELOAXE.COM por so\u0301lo 19,95 \u20ac. Gastos de envi\u0301o GRATIS para compras superiores a 200\u20ac. Facilidad de pago disponible.\" \/>\n<meta property=\"og:url\" content=\"https:\/\/veloaxe.com\/fr\/produit\/disco-de-freno-sx20-203mm-elvedes\/\" \/>\n<meta property=\"og:site_name\" content=\"Tienda de bicicletas | VELOAXE\" \/>\n<meta property=\"article:publisher\" content=\"https:\/\/www.facebook.com\/veloaxe\" \/>\n<meta property=\"article:modified_time\" content=\"2025-10-30T15:46:05+00:00\" \/>\n<meta property=\"og:image\" content=\"https:\/\/veloaxe.com\/wp-content\/uploads\/2022\/08\/1200_1500_33____1__disuqe-vtt-203mm_5216-e1666502613453.png\" \/>\n\t<meta property=\"og:image:width\" content=\"1200\" \/>\n\t<meta property=\"og:image:height\" content=\"1241\" \/>\n\t<meta property=\"og:image:type\" content=\"image\/png\" \/>\n<meta name=\"twitter:card\" content=\"summary_large_image\" \/>\n<meta name=\"twitter:label1\" content=\"Dur\u00e9e de lecture estim\u00e9e\" \/>\n\t<meta name=\"twitter:data1\" content=\"1 minute\" \/>\n<script type=\"application\/ld+json\" class=\"yoast-schema-graph\">{\"@context\":\"https:\\\/\\\/schema.org\",\"@graph\":[{\"@type\":\"WebPage\",\"@id\":\"https:\\\/\\\/veloaxe.com\\\/producto\\\/disco-de-freno-sx20-203mm-elvedes\\\/\",\"url\":\"https:\\\/\\\/veloaxe.com\\\/producto\\\/disco-de-freno-sx20-203mm-elvedes\\\/\",\"name\":\"DISCO DE FRENO SX20 203mm - ELVEDES - Tienda de bicicletas | VELOAXE\",\"isPartOf\":{\"@id\":\"https:\\\/\\\/veloaxe.com\\\/#website\"},\"primaryImageOfPage\":{\"@id\":\"https:\\\/\\\/veloaxe.com\\\/producto\\\/disco-de-freno-sx20-203mm-elvedes\\\/#primaryimage\"},\"image\":{\"@id\":\"https:\\\/\\\/veloaxe.com\\\/producto\\\/disco-de-freno-sx20-203mm-elvedes\\\/#primaryimage\"},\"thumbnailUrl\":\"https:\\\/\\\/veloaxe.com\\\/wp-content\\\/uploads\\\/2022\\\/08\\\/1200_1500_33____1__disuqe-vtt-203mm_5216-e1666502613453.png\",\"datePublished\":\"2022-08-25T17:33:22+00:00\",\"dateModified\":\"2025-10-30T15:46:05+00:00\",\"description\":\"DISCO DE FRENO SX20 ELVEDES 203mm en VELOAXE.COM por so\u0301lo 19,95 \u20ac. Gastos de envi\u0301o GRATIS para compras superiores a 200\u20ac. Facilidad de pago disponible.\",\"breadcrumb\":{\"@id\":\"https:\\\/\\\/veloaxe.com\\\/producto\\\/disco-de-freno-sx20-203mm-elvedes\\\/#breadcrumb\"},\"inLanguage\":\"fr-FR\",\"potentialAction\":[{\"@type\":\"ReadAction\",\"target\":[\"https:\\\/\\\/veloaxe.com\\\/producto\\\/disco-de-freno-sx20-203mm-elvedes\\\/\"]}]},{\"@type\":\"ImageObject\",\"inLanguage\":\"fr-FR\",\"@id\":\"https:\\\/\\\/veloaxe.com\\\/producto\\\/disco-de-freno-sx20-203mm-elvedes\\\/#primaryimage\",\"url\":\"https:\\\/\\\/veloaxe.com\\\/wp-content\\\/uploads\\\/2022\\\/08\\\/1200_1500_33____1__disuqe-vtt-203mm_5216-e1666502613453.png\",\"contentUrl\":\"https:\\\/\\\/veloaxe.com\\\/wp-content\\\/uploads\\\/2022\\\/08\\\/1200_1500_33____1__disuqe-vtt-203mm_5216-e1666502613453.png\",\"width\":1200,\"height\":1241,\"caption\":\"disco-mtb-elvedes-203mm\"},{\"@type\":\"BreadcrumbList\",\"@id\":\"https:\\\/\\\/veloaxe.com\\\/producto\\\/disco-de-freno-sx20-203mm-elvedes\\\/#breadcrumb\",\"itemListElement\":[{\"@type\":\"ListItem\",\"position\":1,\"name\":\"Portada\",\"item\":\"https:\\\/\\\/veloaxe.com\\\/\"},{\"@type\":\"ListItem\",\"position\":2,\"name\":\"Shop\",\"item\":\"https:\\\/\\\/paleturquoise-herring-271034.hostingersite.com\\\/shop\\\/\"},{\"@type\":\"ListItem\",\"position\":3,\"name\":\"DISCO DE FRENO SX20 203mm &#8211; ELVEDES\"}]},{\"@type\":\"WebSite\",\"@id\":\"https:\\\/\\\/veloaxe.com\\\/#website\",\"url\":\"https:\\\/\\\/veloaxe.com\\\/\",\"name\":\"Tienda de bicicletas | VELOAXE\",\"description\":\"Descubre una amplia selecci\u00f3n de bicicletas de alta calidad, desde modelos urbanos y de monta\u00f1a hasta bicicletas de carretera de \u00faltima generaci\u00f3n. Con un servicio experto y accesorios especializados, estamos comprometidos a brindarte la mejor experiencia ciclista.\",\"publisher\":{\"@id\":\"https:\\\/\\\/veloaxe.com\\\/#organization\"},\"potentialAction\":[{\"@type\":\"SearchAction\",\"target\":{\"@type\":\"EntryPoint\",\"urlTemplate\":\"https:\\\/\\\/veloaxe.com\\\/?s={search_term_string}\"},\"query-input\":{\"@type\":\"PropertyValueSpecification\",\"valueRequired\":true,\"valueName\":\"search_term_string\"}}],\"inLanguage\":\"fr-FR\"},{\"@type\":\"Organization\",\"@id\":\"https:\\\/\\\/veloaxe.com\\\/#organization\",\"name\":\"Tienda de bicicletas | VELOAXE\",\"url\":\"https:\\\/\\\/veloaxe.com\\\/\",\"logo\":{\"@type\":\"ImageObject\",\"inLanguage\":\"fr-FR\",\"@id\":\"https:\\\/\\\/veloaxe.com\\\/#\\\/schema\\\/logo\\\/image\\\/\",\"url\":\"https:\\\/\\\/veloaxe.com\\\/wp-content\\\/uploads\\\/2026\\\/01\\\/cropped-logo-1.jpg\",\"contentUrl\":\"https:\\\/\\\/veloaxe.com\\\/wp-content\\\/uploads\\\/2026\\\/01\\\/cropped-logo-1.jpg\",\"width\":1273,\"height\":363,\"caption\":\"Tienda de bicicletas | VELOAXE\"},\"image\":{\"@id\":\"https:\\\/\\\/veloaxe.com\\\/#\\\/schema\\\/logo\\\/image\\\/\"},\"sameAs\":[\"https:\\\/\\\/www.facebook.com\\\/veloaxe\"]}]}<\/script>\n<!-- \/ Yoast SEO plugin. -->","yoast_head_json":{"title":"DISCO DE FRENO SX20 203mm - ELVEDES - Tienda de bicicletas | VELOAXE","description":"DISCO DE FRENO SX20 ELVEDES 203mm en VELOAXE.COM por so\u0301lo 19,95 \u20ac. Gastos de envi\u0301o GRATIS para compras superiores a 200\u20ac. Facilidad de pago disponible.","robots":{"index":"index","follow":"follow","max-snippet":"max-snippet:-1","max-image-preview":"max-image-preview:large","max-video-preview":"max-video-preview:-1"},"canonical":"https:\/\/veloaxe.com\/fr\/produit\/disco-de-freno-sx20-203mm-elvedes\/","og_locale":"fr_FR","og_type":"article","og_title":"DISCO DE FRENO SX20 203mm - ELVEDES - Tienda de bicicletas | VELOAXE","og_description":"DISCO DE FRENO SX20 ELVEDES 203mm en VELOAXE.COM por so\u0301lo 19,95 \u20ac. Gastos de envi\u0301o GRATIS para compras superiores a 200\u20ac. Facilidad de pago disponible.","og_url":"https:\/\/veloaxe.com\/fr\/produit\/disco-de-freno-sx20-203mm-elvedes\/","og_site_name":"Tienda de bicicletas | VELOAXE","article_publisher":"https:\/\/www.facebook.com\/veloaxe","article_modified_time":"2025-10-30T15:46:05+00:00","og_image":[{"width":1200,"height":1241,"url":"https:\/\/veloaxe.com\/wp-content\/uploads\/2022\/08\/1200_1500_33____1__disuqe-vtt-203mm_5216-e1666502613453.png","type":"image\/png"}],"twitter_card":"summary_large_image","twitter_misc":{"Dur\u00e9e de lecture estim\u00e9e":"1 minute"},"schema":{"@context":"https:\/\/schema.org","@graph":[{"@type":"WebPage","@id":"https:\/\/veloaxe.com\/producto\/disco-de-freno-sx20-203mm-elvedes\/","url":"https:\/\/veloaxe.com\/producto\/disco-de-freno-sx20-203mm-elvedes\/","name":"DISCO DE FRENO SX20 203mm - ELVEDES - Tienda de bicicletas | VELOAXE","isPartOf":{"@id":"https:\/\/veloaxe.com\/#website"},"primaryImageOfPage":{"@id":"https:\/\/veloaxe.com\/producto\/disco-de-freno-sx20-203mm-elvedes\/#primaryimage"},"image":{"@id":"https:\/\/veloaxe.com\/producto\/disco-de-freno-sx20-203mm-elvedes\/#primaryimage"},"thumbnailUrl":"https:\/\/veloaxe.com\/wp-content\/uploads\/2022\/08\/1200_1500_33____1__disuqe-vtt-203mm_5216-e1666502613453.png","datePublished":"2022-08-25T17:33:22+00:00","dateModified":"2025-10-30T15:46:05+00:00","description":"DISCO DE FRENO SX20 ELVEDES 203mm en VELOAXE.COM por so\u0301lo 19,95 \u20ac. Gastos de envi\u0301o GRATIS para compras superiores a 200\u20ac. Facilidad de pago disponible.","breadcrumb":{"@id":"https:\/\/veloaxe.com\/producto\/disco-de-freno-sx20-203mm-elvedes\/#breadcrumb"},"inLanguage":"fr-FR","potentialAction":[{"@type":"ReadAction","target":["https:\/\/veloaxe.com\/producto\/disco-de-freno-sx20-203mm-elvedes\/"]}]},{"@type":"ImageObject","inLanguage":"fr-FR","@id":"https:\/\/veloaxe.com\/producto\/disco-de-freno-sx20-203mm-elvedes\/#primaryimage","url":"https:\/\/veloaxe.com\/wp-content\/uploads\/2022\/08\/1200_1500_33____1__disuqe-vtt-203mm_5216-e1666502613453.png","contentUrl":"https:\/\/veloaxe.com\/wp-content\/uploads\/2022\/08\/1200_1500_33____1__disuqe-vtt-203mm_5216-e1666502613453.png","width":1200,"height":1241,"caption":"disco-mtb-elvedes-203mm"},{"@type":"BreadcrumbList","@id":"https:\/\/veloaxe.com\/producto\/disco-de-freno-sx20-203mm-elvedes\/#breadcrumb","itemListElement":[{"@type":"ListItem","position":1,"name":"Portada","item":"https:\/\/veloaxe.com\/"},{"@type":"ListItem","position":2,"name":"Shop","item":"https:\/\/paleturquoise-herring-271034.hostingersite.com\/shop\/"},{"@type":"ListItem","position":3,"name":"DISCO DE FRENO SX20 203mm &#8211; ELVEDES"}]},{"@type":"WebSite","@id":"https:\/\/veloaxe.com\/#website","url":"https:\/\/veloaxe.com\/","name":"Boutique de v\u00e9lo en ligne | VELOAXE","description":"Descubre una amplia selecci\u00f3n de bicicletas de alta calidad, desde modelos urbanos y de monta\u00f1a hasta bicicletas de carretera de \u00faltima generaci\u00f3n. Con un servicio experto y accesorios especializados, estamos comprometidos a brindarte la mejor experiencia ciclista.","publisher":{"@id":"https:\/\/veloaxe.com\/#organization"},"potentialAction":[{"@type":"SearchAction","target":{"@type":"EntryPoint","urlTemplate":"https:\/\/veloaxe.com\/?s={search_term_string}"},"query-input":{"@type":"PropertyValueSpecification","valueRequired":true,"valueName":"search_term_string"}}],"inLanguage":"fr-FR"},{"@type":"Organization","@id":"https:\/\/veloaxe.com\/#organization","name":"Boutique de v\u00e9lo en ligne | VELOAXE","url":"https:\/\/veloaxe.com\/","logo":{"@type":"ImageObject","inLanguage":"fr-FR","@id":"https:\/\/veloaxe.com\/#\/schema\/logo\/image\/","url":"https:\/\/veloaxe.com\/wp-content\/uploads\/2026\/01\/cropped-logo-1.jpg","contentUrl":"https:\/\/veloaxe.com\/wp-content\/uploads\/2026\/01\/cropped-logo-1.jpg","width":1273,"height":363,"caption":"Tienda de bicicletas | VELOAXE"},"image":{"@id":"https:\/\/veloaxe.com\/#\/schema\/logo\/image\/"},"sameAs":["https:\/\/www.facebook.com\/veloaxe"]}]}},"_links":{"self":[{"href":"https:\/\/veloaxe.com\/fr\/wp-json\/wp\/v2\/product\/894","targetHints":{"allow":["GET"]}}],"collection":[{"href":"https:\/\/veloaxe.com\/fr\/wp-json\/wp\/v2\/product"}],"about":[{"href":"https:\/\/veloaxe.com\/fr\/wp-json\/wp\/v2\/types\/product"}],"replies":[{"embeddable":true,"href":"https:\/\/veloaxe.com\/fr\/wp-json\/wp\/v2\/comments?post=894"}],"wp:featuredmedia":[{"embeddable":true,"href":"https:\/\/veloaxe.com\/fr\/wp-json\/wp\/v2\/media\/737"}],"wp:attachment":[{"href":"https:\/\/veloaxe.com\/fr\/wp-json\/wp\/v2\/media?parent=894"}],"wp:term":[{"taxonomy":"product_brand","embeddable":true,"href":"https:\/\/veloaxe.com\/fr\/wp-json\/wp\/v2\/product_brand?post=894"},{"taxonomy":"product_cat","embeddable":true,"href":"https:\/\/veloaxe.com\/fr\/wp-json\/wp\/v2\/product_cat?post=894"},{"taxonomy":"product_tag","embeddable":true,"href":"https:\/\/veloaxe.com\/fr\/wp-json\/wp\/v2\/product_tag?post=894"}],"curies":[{"name":"wp","href":"https:\/\/api.w.org\/{rel}","templated":true}]}}