{"id":95,"date":"2022-08-25T17:29:19","date_gmt":"2022-08-25T17:29:19","guid":{"rendered":"https:\/\/veloaxe.com\/?post_type=product&#038;p=95"},"modified":"2025-11-07T08:27:41","modified_gmt":"2025-11-07T08:27:41","slug":"calas-time-iclic-xpresso","status":"publish","type":"product","link":"https:\/\/veloaxe.com\/fr\/produit\/calas-time-iclic-xpresso\/","title":{"rendered":"CALAS TIME ICLIC \/ XPRESSO"},"content":{"rendered":"<p><span style=\"color: #000000;\">Las calas <strong>TIME ICLIC \/ XPRESSO<\/strong> est\u00e1n desarrolladas para respetar los movimientos del cuerpo durante el pedaleo. Las cu\u00f1as est\u00e1n dedicadas a los corredores que buscan un rendimiento \u00f3ptimo, con libertad de movimiento lateral y angular. El <strong>Q-FACTOR<\/strong> se puede ajustar, lo que mejora el rendimiento, la seguridad y la eficiencia del corredor. Fabricada en <strong>BI-MATERIAL<\/strong>, lo que maximiza su durabilidad, especialmente cuando el corredor camina con ella.<\/span><\/p>","protected":false},"excerpt":{"rendered":"<p>Las calas TIME ICLIC \/ XPRESSO est\u00e1n desarrolladas para respetar los movimientos del cuerpo durante el pedaleo. Las cu\u00f1as est\u00e1n dedicadas a los corredores que buscan un rendimiento \u00f3ptimo, con libertad de movimiento lateral y angular. El Q-FACTOR se puede ajustar, lo que mejora el rendimiento, la seguridad y la eficiencia del corredor. Fabricada en [&hellip;]<\/p>\n","protected":false},"featured_media":79,"comment_status":"open","ping_status":"closed","template":"","meta":[],"product_brand":[],"product_cat":[16,19,21],"product_tag":[],"class_list":{"0":"post-95","1":"product","2":"type-product","3":"status-publish","4":"has-post-thumbnail","6":"product_cat-carretera-gravel-bicicletas","7":"product_cat-componentes-de-bicicletas","8":"product_cat-pedales-automatico","9":"product_shipping_class-no-bicicletas","11":"first","12":"instock","13":"shipping-taxable","14":"purchasable","15":"product-type-simple"},"yoast_head":"<!-- This site is optimized with the Yoast SEO plugin v27.6 - https:\/\/yoast.com\/product\/yoast-seo-wordpress\/ -->\n<title>CALAS TIME ICLIC \/ XPRESSO - Tienda de bicicletas | VELOAXE<\/title>\n<meta name=\"description\" content=\"CALAS TIME ICLIC \/ XPRESSO en VELOAXE.COM por so\u0301lo 19,99 \u20ac. Gastos de envi\u0301o GRATIS para compras superiores a 200\u20ac. Facilidad de pago disponible.\" \/>\n<meta name=\"robots\" content=\"index, follow, max-snippet:-1, max-image-preview:large, max-video-preview:-1\" \/>\n<link rel=\"canonical\" href=\"https:\/\/paleturquoise-herring-271034.hostingersite.com\/producto\/calas-time-iclic-xpresso\/\" \/>\n<meta property=\"og:locale\" content=\"fr_FR\" \/>\n<meta property=\"og:type\" content=\"article\" \/>\n<meta property=\"og:title\" content=\"CALAS TIME ICLIC \/ XPRESSO - Tienda de bicicletas | VELOAXE\" \/>\n<meta property=\"og:description\" content=\"CALAS TIME ICLIC \/ XPRESSO en VELOAXE.COM por so\u0301lo 19,99 \u20ac. Gastos de envi\u0301o GRATIS para compras superiores a 200\u20ac. Facilidad de pago disponible.\" \/>\n<meta property=\"og:url\" content=\"https:\/\/paleturquoise-herring-271034.hostingersite.com\/producto\/calas-time-iclic-xpresso\/\" \/>\n<meta property=\"og:site_name\" content=\"Tienda de bicicletas | VELOAXE\" \/>\n<meta property=\"article:publisher\" content=\"https:\/\/www.facebook.com\/veloaxe\" \/>\n<meta property=\"article:modified_time\" content=\"2025-11-07T08:27:41+00:00\" \/>\n<meta property=\"og:image\" content=\"https:\/\/paleturquoise-herring-271034.hostingersite.com\/wp-content\/uploads\/2022\/08\/1200_1500_15____1__jeu-de-cale-time-iclic-xpresso_7433-e1667633260638.jpg\" \/>\n\t<meta property=\"og:image:width\" content=\"630\" \/>\n\t<meta property=\"og:image:height\" content=\"855\" \/>\n\t<meta property=\"og:image:type\" content=\"image\/jpeg\" \/>\n<meta name=\"twitter:card\" content=\"summary_large_image\" \/>\n<meta name=\"twitter:label1\" content=\"Dur\u00e9e de lecture estim\u00e9e\" \/>\n\t<meta name=\"twitter:data1\" content=\"1 minute\" \/>\n<script type=\"application\/ld+json\" class=\"yoast-schema-graph\">{\"@context\":\"https:\\\/\\\/schema.org\",\"@graph\":[{\"@type\":\"WebPage\",\"@id\":\"https:\\\/\\\/paleturquoise-herring-271034.hostingersite.com\\\/producto\\\/calas-time-iclic-xpresso\\\/\",\"url\":\"https:\\\/\\\/paleturquoise-herring-271034.hostingersite.com\\\/producto\\\/calas-time-iclic-xpresso\\\/\",\"name\":\"CALAS TIME ICLIC \\\/ XPRESSO - Tienda de bicicletas | VELOAXE\",\"isPartOf\":{\"@id\":\"https:\\\/\\\/veloaxe.com\\\/#website\"},\"primaryImageOfPage\":{\"@id\":\"https:\\\/\\\/paleturquoise-herring-271034.hostingersite.com\\\/producto\\\/calas-time-iclic-xpresso\\\/#primaryimage\"},\"image\":{\"@id\":\"https:\\\/\\\/paleturquoise-herring-271034.hostingersite.com\\\/producto\\\/calas-time-iclic-xpresso\\\/#primaryimage\"},\"thumbnailUrl\":\"https:\\\/\\\/veloaxe.com\\\/wp-content\\\/uploads\\\/2022\\\/08\\\/1200_1500_15____1__jeu-de-cale-time-iclic-xpresso_7433-e1667633260638.jpg\",\"datePublished\":\"2022-08-25T17:29:19+00:00\",\"dateModified\":\"2025-11-07T08:27:41+00:00\",\"description\":\"CALAS TIME ICLIC \\\/ XPRESSO en VELOAXE.COM por so\u0301lo 19,99 \u20ac. Gastos de envi\u0301o GRATIS para compras superiores a 200\u20ac. Facilidad de pago disponible.\",\"breadcrumb\":{\"@id\":\"https:\\\/\\\/paleturquoise-herring-271034.hostingersite.com\\\/producto\\\/calas-time-iclic-xpresso\\\/#breadcrumb\"},\"inLanguage\":\"fr-FR\",\"potentialAction\":[{\"@type\":\"ReadAction\",\"target\":[\"https:\\\/\\\/paleturquoise-herring-271034.hostingersite.com\\\/producto\\\/calas-time-iclic-xpresso\\\/\"]}]},{\"@type\":\"ImageObject\",\"inLanguage\":\"fr-FR\",\"@id\":\"https:\\\/\\\/paleturquoise-herring-271034.hostingersite.com\\\/producto\\\/calas-time-iclic-xpresso\\\/#primaryimage\",\"url\":\"https:\\\/\\\/veloaxe.com\\\/wp-content\\\/uploads\\\/2022\\\/08\\\/1200_1500_15____1__jeu-de-cale-time-iclic-xpresso_7433-e1667633260638.jpg\",\"contentUrl\":\"https:\\\/\\\/veloaxe.com\\\/wp-content\\\/uploads\\\/2022\\\/08\\\/1200_1500_15____1__jeu-de-cale-time-iclic-xpresso_7433-e1667633260638.jpg\",\"width\":630,\"height\":855,\"caption\":\"calas-time-iclic-xpresso\"},{\"@type\":\"BreadcrumbList\",\"@id\":\"https:\\\/\\\/paleturquoise-herring-271034.hostingersite.com\\\/producto\\\/calas-time-iclic-xpresso\\\/#breadcrumb\",\"itemListElement\":[{\"@type\":\"ListItem\",\"position\":1,\"name\":\"Portada\",\"item\":\"https:\\\/\\\/paleturquoise-herring-271034.hostingersite.com\\\/\"},{\"@type\":\"ListItem\",\"position\":2,\"name\":\"Shop\",\"item\":\"https:\\\/\\\/paleturquoise-herring-271034.hostingersite.com\\\/shop\\\/\"},{\"@type\":\"ListItem\",\"position\":3,\"name\":\"CALAS TIME ICLIC \\\/ XPRESSO\"}]},{\"@type\":\"WebSite\",\"@id\":\"https:\\\/\\\/veloaxe.com\\\/#website\",\"url\":\"https:\\\/\\\/veloaxe.com\\\/\",\"name\":\"Tienda de bicicletas | VELOAXE\",\"description\":\"Descubre una amplia selecci\u00f3n de bicicletas de alta calidad, desde modelos urbanos y de monta\u00f1a hasta bicicletas de carretera de \u00faltima generaci\u00f3n. Con un servicio experto y accesorios especializados, estamos comprometidos a brindarte la mejor experiencia ciclista.\",\"publisher\":{\"@id\":\"https:\\\/\\\/veloaxe.com\\\/#organization\"},\"potentialAction\":[{\"@type\":\"SearchAction\",\"target\":{\"@type\":\"EntryPoint\",\"urlTemplate\":\"https:\\\/\\\/veloaxe.com\\\/?s={search_term_string}\"},\"query-input\":{\"@type\":\"PropertyValueSpecification\",\"valueRequired\":true,\"valueName\":\"search_term_string\"}}],\"inLanguage\":\"fr-FR\"},{\"@type\":\"Organization\",\"@id\":\"https:\\\/\\\/veloaxe.com\\\/#organization\",\"name\":\"Tienda de bicicletas | VELOAXE\",\"url\":\"https:\\\/\\\/veloaxe.com\\\/\",\"logo\":{\"@type\":\"ImageObject\",\"inLanguage\":\"fr-FR\",\"@id\":\"https:\\\/\\\/veloaxe.com\\\/#\\\/schema\\\/logo\\\/image\\\/\",\"url\":\"https:\\\/\\\/veloaxe.com\\\/wp-content\\\/uploads\\\/2026\\\/01\\\/cropped-logo-1.jpg\",\"contentUrl\":\"https:\\\/\\\/veloaxe.com\\\/wp-content\\\/uploads\\\/2026\\\/01\\\/cropped-logo-1.jpg\",\"width\":1273,\"height\":363,\"caption\":\"Tienda de bicicletas | VELOAXE\"},\"image\":{\"@id\":\"https:\\\/\\\/veloaxe.com\\\/#\\\/schema\\\/logo\\\/image\\\/\"},\"sameAs\":[\"https:\\\/\\\/www.facebook.com\\\/veloaxe\"]}]}<\/script>\n<!-- \/ Yoast SEO plugin. -->","yoast_head_json":{"title":"CALAS TIME ICLIC \/ XPRESSO - Tienda de bicicletas | VELOAXE","description":"CALAS TIME ICLIC \/ XPRESSO en VELOAXE.COM por so\u0301lo 19,99 \u20ac. Gastos de envi\u0301o GRATIS para compras superiores a 200\u20ac. Facilidad de pago disponible.","robots":{"index":"index","follow":"follow","max-snippet":"max-snippet:-1","max-image-preview":"max-image-preview:large","max-video-preview":"max-video-preview:-1"},"canonical":"https:\/\/paleturquoise-herring-271034.hostingersite.com\/producto\/calas-time-iclic-xpresso\/","og_locale":"fr_FR","og_type":"article","og_title":"CALAS TIME ICLIC \/ XPRESSO - Tienda de bicicletas | VELOAXE","og_description":"CALAS TIME ICLIC \/ XPRESSO en VELOAXE.COM por so\u0301lo 19,99 \u20ac. Gastos de envi\u0301o GRATIS para compras superiores a 200\u20ac. Facilidad de pago disponible.","og_url":"https:\/\/paleturquoise-herring-271034.hostingersite.com\/producto\/calas-time-iclic-xpresso\/","og_site_name":"Tienda de bicicletas | VELOAXE","article_publisher":"https:\/\/www.facebook.com\/veloaxe","article_modified_time":"2025-11-07T08:27:41+00:00","og_image":[{"width":630,"height":855,"url":"https:\/\/paleturquoise-herring-271034.hostingersite.com\/wp-content\/uploads\/2022\/08\/1200_1500_15____1__jeu-de-cale-time-iclic-xpresso_7433-e1667633260638.jpg","type":"image\/jpeg"}],"twitter_card":"summary_large_image","twitter_misc":{"Dur\u00e9e de lecture estim\u00e9e":"1 minute"},"schema":{"@context":"https:\/\/schema.org","@graph":[{"@type":"WebPage","@id":"https:\/\/paleturquoise-herring-271034.hostingersite.com\/producto\/calas-time-iclic-xpresso\/","url":"https:\/\/paleturquoise-herring-271034.hostingersite.com\/producto\/calas-time-iclic-xpresso\/","name":"CALAS TIME ICLIC \/ XPRESSO - Tienda de bicicletas | VELOAXE","isPartOf":{"@id":"https:\/\/veloaxe.com\/#website"},"primaryImageOfPage":{"@id":"https:\/\/paleturquoise-herring-271034.hostingersite.com\/producto\/calas-time-iclic-xpresso\/#primaryimage"},"image":{"@id":"https:\/\/paleturquoise-herring-271034.hostingersite.com\/producto\/calas-time-iclic-xpresso\/#primaryimage"},"thumbnailUrl":"https:\/\/veloaxe.com\/wp-content\/uploads\/2022\/08\/1200_1500_15____1__jeu-de-cale-time-iclic-xpresso_7433-e1667633260638.jpg","datePublished":"2022-08-25T17:29:19+00:00","dateModified":"2025-11-07T08:27:41+00:00","description":"CALAS TIME ICLIC \/ XPRESSO en VELOAXE.COM por so\u0301lo 19,99 \u20ac. Gastos de envi\u0301o GRATIS para compras superiores a 200\u20ac. Facilidad de pago disponible.","breadcrumb":{"@id":"https:\/\/paleturquoise-herring-271034.hostingersite.com\/producto\/calas-time-iclic-xpresso\/#breadcrumb"},"inLanguage":"fr-FR","potentialAction":[{"@type":"ReadAction","target":["https:\/\/paleturquoise-herring-271034.hostingersite.com\/producto\/calas-time-iclic-xpresso\/"]}]},{"@type":"ImageObject","inLanguage":"fr-FR","@id":"https:\/\/paleturquoise-herring-271034.hostingersite.com\/producto\/calas-time-iclic-xpresso\/#primaryimage","url":"https:\/\/veloaxe.com\/wp-content\/uploads\/2022\/08\/1200_1500_15____1__jeu-de-cale-time-iclic-xpresso_7433-e1667633260638.jpg","contentUrl":"https:\/\/veloaxe.com\/wp-content\/uploads\/2022\/08\/1200_1500_15____1__jeu-de-cale-time-iclic-xpresso_7433-e1667633260638.jpg","width":630,"height":855,"caption":"calas-time-iclic-xpresso"},{"@type":"BreadcrumbList","@id":"https:\/\/paleturquoise-herring-271034.hostingersite.com\/producto\/calas-time-iclic-xpresso\/#breadcrumb","itemListElement":[{"@type":"ListItem","position":1,"name":"Portada","item":"https:\/\/paleturquoise-herring-271034.hostingersite.com\/"},{"@type":"ListItem","position":2,"name":"Shop","item":"https:\/\/paleturquoise-herring-271034.hostingersite.com\/shop\/"},{"@type":"ListItem","position":3,"name":"CALAS TIME ICLIC \/ XPRESSO"}]},{"@type":"WebSite","@id":"https:\/\/veloaxe.com\/#website","url":"https:\/\/veloaxe.com\/","name":"Boutique de v\u00e9lo en ligne | VELOAXE","description":"Descubre una amplia selecci\u00f3n de bicicletas de alta calidad, desde modelos urbanos y de monta\u00f1a hasta bicicletas de carretera de \u00faltima generaci\u00f3n. Con un servicio experto y accesorios especializados, estamos comprometidos a brindarte la mejor experiencia ciclista.","publisher":{"@id":"https:\/\/veloaxe.com\/#organization"},"potentialAction":[{"@type":"SearchAction","target":{"@type":"EntryPoint","urlTemplate":"https:\/\/veloaxe.com\/?s={search_term_string}"},"query-input":{"@type":"PropertyValueSpecification","valueRequired":true,"valueName":"search_term_string"}}],"inLanguage":"fr-FR"},{"@type":"Organization","@id":"https:\/\/veloaxe.com\/#organization","name":"Boutique de v\u00e9lo en ligne | VELOAXE","url":"https:\/\/veloaxe.com\/","logo":{"@type":"ImageObject","inLanguage":"fr-FR","@id":"https:\/\/veloaxe.com\/#\/schema\/logo\/image\/","url":"https:\/\/veloaxe.com\/wp-content\/uploads\/2026\/01\/cropped-logo-1.jpg","contentUrl":"https:\/\/veloaxe.com\/wp-content\/uploads\/2026\/01\/cropped-logo-1.jpg","width":1273,"height":363,"caption":"Tienda de bicicletas | VELOAXE"},"image":{"@id":"https:\/\/veloaxe.com\/#\/schema\/logo\/image\/"},"sameAs":["https:\/\/www.facebook.com\/veloaxe"]}]}},"_links":{"self":[{"href":"https:\/\/veloaxe.com\/fr\/wp-json\/wp\/v2\/product\/95","targetHints":{"allow":["GET"]}}],"collection":[{"href":"https:\/\/veloaxe.com\/fr\/wp-json\/wp\/v2\/product"}],"about":[{"href":"https:\/\/veloaxe.com\/fr\/wp-json\/wp\/v2\/types\/product"}],"replies":[{"embeddable":true,"href":"https:\/\/veloaxe.com\/fr\/wp-json\/wp\/v2\/comments?post=95"}],"wp:featuredmedia":[{"embeddable":true,"href":"https:\/\/veloaxe.com\/fr\/wp-json\/wp\/v2\/media\/79"}],"wp:attachment":[{"href":"https:\/\/veloaxe.com\/fr\/wp-json\/wp\/v2\/media?parent=95"}],"wp:term":[{"taxonomy":"product_brand","embeddable":true,"href":"https:\/\/veloaxe.com\/fr\/wp-json\/wp\/v2\/product_brand?post=95"},{"taxonomy":"product_cat","embeddable":true,"href":"https:\/\/veloaxe.com\/fr\/wp-json\/wp\/v2\/product_cat?post=95"},{"taxonomy":"product_tag","embeddable":true,"href":"https:\/\/veloaxe.com\/fr\/wp-json\/wp\/v2\/product_tag?post=95"}],"curies":[{"name":"wp","href":"https:\/\/api.w.org\/{rel}","templated":true}]}}